{"id":1022377,"date":"2015-12-13T15:41:09","date_gmt":"2015-12-13T13:41:09","guid":{"rendered":"http:\/\/www.ssaki.eu\/?page_id=1022377"},"modified":"2016-01-13T00:24:18","modified_gmt":"2016-01-12T22:24:18","slug":"zo-zapisnice-z-12-12-2015","status":"publish","type":"page","link":"https:\/\/www.ssaki.eu\/?page_id=1022377","title":{"rendered":"Zo z\u00e1pisnice z 12.12.2015"},"content":{"rendered":"<h1><strong><span style=\"color: #000000; font-family: Calibri;\">Z\u00e1pisnica zo zasadnutia v\u00fdboru a\u00a0poradn\u00e9ho zboru SSAKI zo d\u0148a <\/span><span style=\"color: #000000; font-family: Calibri;\">10 -12.12.2015 v Jasenskej<\/span><span style=\"color: #000000; font-family: Calibri; font-size: x-large;\">\u00a0 <\/span><span style=\"color: #000000; font-family: Calibri;\">doline<\/span><\/strong><\/h1>\n<p><span style=\"color: #000000; font-family: Calibri; font-size: medium;\">Pr\u00edtomn\u00ed: Pru\u017einec, Vrl\u00edk, Petriskov\u00e1, Mikler ,Lap\u0161ansk\u00e1, Kov\u00e1\u010dov\u00e1, Barlov\u00e1, Schvalbov\u00e1, Dzurillov\u00e1, <\/span><span style=\"color: #000000; font-family: Calibri; font-size: medium;\">Ko\u0161turiak, Hochmuth, Koss\u00e1rov\u00e1,<\/span><\/p>\n<p><span style=\"color: #000000; font-family: Calibri; font-size: medium;\">Ospravedlnen\u00ed: Hrubi\u0161ko, \u010ci\u017en\u00e1r. <\/span><span style=\"color: #000000; font-family: Calibri; font-size: medium;\">Hostia: Michali\u010dkov\u00e1, Keleov\u00e1, Timov\u00e1, Dzurilla, vedenie firmy ALK Slovakia<\/span><\/p>\n<p><span style=\"color: #000000; font-family: Calibri; font-size: medium;\">Program:<\/span><\/p>\n<ol>\n<li><span style=\"font-family: Calibri; font-size: medium;\">Predstavenie novej firmy ALK Slovakia<\/span><span style=\"font-family: Calibri; font-size: medium;\">\u00a0 <\/span><span style=\"font-family: Calibri; font-size: medium;\">a\u00a0rie\u0161enie ak\u00fatnej situ\u00e1cie z\u00e1sobenia slovensk\u00e9ho trhu s diagnostick\u00fdmi a\u00a0lie\u010debn\u00fdmi<\/span><span style=\"font-family: Calibri; font-size: medium;\">\u00a0 <\/span><span style=\"font-family: Calibri; font-size: medium;\">alerg\u00e9nmi<\/span><\/li>\n<li><span style=\"font-family: Calibri; font-size: medium;\">Vyhodnotenie kongresu SSAKI a\u00a0\u010cSAKI v\u00a0\u017diline &#8211; Pru\u017einec.<\/span><span style=\"font-family: Calibri; font-size: medium;\">\u00a0 <\/span><span style=\"font-family: Calibri; font-size: medium;\">Kongres bol zhodnoten\u00fd po odbornej a\u00a0spolo\u010denskej str\u00e1nke oboma v\u00fdbormi<\/span><span style=\"font-family: Calibri; font-size: medium;\">\u00a0 <\/span><span style=\"font-family: Calibri; font-size: medium;\">ako aj kolegami za jeden z\u00a0najlep\u0161\u00edch. <\/span><span style=\"font-family: Calibri; font-size: medium;\">Pl\u00e1novan\u00e9 miesto \u010fal\u0161ieho kongresu v\u00a0roku 2017 Poprad -Tatry ev. Ko\u0161ice, Pre\u0161ov. <\/span><span style=\"font-family: Calibri; font-size: medium;\">Lap\u0161ansk\u00e1, Schvalbov\u00e1<\/span><span style=\"font-family: Calibri; font-size: medium;\">\u00a0 <\/span><span style=\"font-family: Calibri; font-size: medium;\">\u2013 sa bud\u00fa informova\u0165 <\/span><span style=\"font-family: Calibri; font-size: medium;\">\u00a0<\/span><span style=\"font-family: Calibri; font-size: medium;\">o\u00a0ubytovac\u00edch kapacit\u00e1ch,<\/span><span style=\"font-family: Calibri; font-size: medium;\">\u00a0 <\/span><span style=\"font-family: Calibri; font-size: medium;\">ako aj o\u00a0po\u010dte miest v\u00a0kongresov\u00fdch s\u00e1lach<\/span><\/li>\n<li><span style=\"font-family: Calibri; font-size: medium;\">V\u00a0r\u00e1mci novelizovanej legislat\u00edvy<\/span><span style=\"font-family: Calibri; font-size: medium;\">\u00a0 <\/span><span style=\"font-family: Calibri; font-size: medium;\">vznikaj\u00fa probl\u00e9my pri <\/span><span style=\"font-family: Calibri; font-size: medium;\">\u00a0\u00a0<\/span><span style=\"font-family: Calibri; font-size: medium;\">financovan\u00ed \u010fal\u0161ieho vzdel\u00e1vania lek\u00e1rov<\/span><span style=\"font-family: Calibri; font-size: medium;\">\u00a0 <\/span><span style=\"font-family: Calibri; font-size: medium;\">formou kongresov, semin\u00e1rov a\u00a0symp\u00f3zi\u00ed. \u010eal\u0161ie vzdel\u00e1vanie <\/span><span style=\"font-family: Calibri; font-size: medium;\">\u00a0<\/span><span style=\"font-family: Calibri; font-size: medium;\">klinick\u00fdch imunol\u00f3gov je ohrozen\u00e9. <\/span><span style=\"font-family: Calibri; font-size: medium;\">Je potrebn\u00e9 presk\u00fama\u0165 \u00a0mo\u017enosti rie\u0161enia v\u00a0s\u00falade s\u00a0platnou legislat\u00edvou. \u00dalohou je<\/span><span style=\"font-family: Calibri; font-size: medium;\">\u00a0 <\/span><span style=\"font-family: Calibri; font-size: medium;\">poveren\u00e1 Koss\u00e1rov\u00e1 .<\/span><\/li>\n<li><span style=\"font-family: Calibri; font-size: medium;\">Mim.prof. Pru\u017einec informoval o\u00a0existencii<\/span><span style=\"font-family: Calibri; font-size: medium;\">\u00a0 <\/span><span style=\"font-family: Calibri; font-size: medium;\">katedry Klinickej imunol\u00f3gie a\u00a0alergiol\u00f3gie v\u00a0Martine na Jeseniovej<\/span><span style=\"font-family: Calibri; font-size: medium;\">\u00a0 <\/span><span style=\"font-family: Calibri; font-size: medium;\">LF, kde u\u017e prebieha \u010fal\u0161ie vzdel\u00e1vanie za pomoci na\u0161ich kolegov. V\u00fdbor SSAKI a\u00a0hlavn\u00fd odborn\u00edk MZ SR pre KIA<\/span><span style=\"font-family: Calibri; font-size: medium;\">nebol informovan\u00fd<\/span><span style=\"font-family: Calibri; font-size: medium;\">\u00a0 <\/span><span style=\"font-family: Calibri; font-size: medium;\">o\u00a0zalo\u017een\u00ed a\u00a0existencii <\/span><span style=\"font-family: Calibri; font-size: medium;\">katedry. Vznik katedry nerie\u0161i probl\u00e9m vzdel\u00e1vania pediatrov, nako\u013eko v s\u00falade s teraj\u0161ou legislat\u00edvou zost\u00e1va jeho s\u00fa\u010das\u0165 absolvovanie internistick\u00e9ho kme\u0148a. <\/span><\/li>\n<li><span style=\"font-family: Calibri; font-size: medium;\">Znenie upresn\u00edme<\/span><\/li>\n<li><span style=\"font-family: Calibri; font-size: medium;\">Pripomienky k\u00a0MPK \u2013medzirezortn\u00e9mu pripomienkov\u00e9mu konaniu k\u00a0ur\u010duj\u00facim znakom zdravotn\u00edckych zariaden\u00ed priprav\u00ed Dzurillov\u00e1 do 21.12.2015<\/span><\/li>\n<li><span style=\"font-family: Calibri; font-size: medium;\">\u00a0<\/span><span style=\"font-family: Calibri; font-size: medium;\">Ko\u0161turiak informoval o\u00a0\u00fadajoch z\u00edskan\u00fdch od kolegov z\u00a0web str\u00e1nky oh\u013eadom z\u00e1sobenia jednotliv\u00fdch ambulanci\u00ed na Slovensku s\u00a0diagnostick\u00fdmi alerg\u00e9nmi.\u00a0\u00a0\u00a0\u00a0\u00a0\u00a0\u00a0\u00a0\u00a0\u00a0\u00a0\u00a0\u00a0 <\/span><span style=\"font-family: Calibri; font-size: medium;\">a,<\/span><span style=\"font-family: Calibri; font-size: medium;\">\u00a0 <\/span><span style=\"font-family: Calibri; font-size: medium;\">V\u00fdbor rokoval <\/span><span style=\"font-family: Calibri; font-size: medium;\">\u00a0<\/span><span style=\"font-family: Calibri; font-size: medium;\">so z\u00e1stupcami ALK Slovakia o\u00a0ur\u00fdchlen\u00fdch dod\u00e1vkach diagnost\u00edk<\/span><span style=\"font-family: Calibri; font-size: medium;\">\u00a0 <\/span><span style=\"font-family: Calibri; font-size: medium;\">vo zv\u00fd\u0161en\u00fdch objemoch a\u00a0stretol sa s\u00a0\u00fastretov\u00fdm postojom vedenia firmy.<\/span><span style=\"font-family: Calibri; font-size: medium;\">\u00a0\u00a0\u00a0\u00a0\u00a0\u00a0\u00a0\u00a0\u00a0\u00a0\u00a0\u00a0\u00a0\u00a0\u00a0\u00a0\u00a0\u00a0\u00a0\u00a0\u00a0\u00a0\u00a0 <\/span><span style=\"font-family: Calibri; font-size: medium;\">b, Hlavn\u00fd odborn\u00edk MZ SR, Prof. Pru\u017einec vykonal pr\u00edslu\u0161n\u00e9 kroky na mimoriadny dovoz a registr\u00e1ciu\u00a0diagnostick\u00e9ho materi\u00e1lu inou firmou <\/span><span style=\"font-family: Calibri; font-size: medium;\">pre slovensk\u00fd trh\u00a0\u00a0\u00a0\u00a0\u00a0\u00a0\u00a0\u00a0\u00a0\u00a0\u00a0\u00a0\u00a0\u00a0\u00a0 c, V\u00fdbor kon\u0161tatuje dostupnos\u0165 diagnost\u00edk Sevapharma<\/span><\/li>\n<li><span style=\"font-family: Calibri; font-size: medium;\">\u00a0<\/span><span style=\"font-family: Calibri; font-size: medium;\">Petriskov\u00e1 informovala o\u00a0po\u017eiadavke doc. Ben\u010data z\u00a0\u00fastavu patol\u00f3gie oh\u013eadom zru\u0161enia limitov pre laborat\u00f3ria zo strany pois\u0165ovni.<\/span><\/li>\n<li><span style=\"font-family: Calibri; font-size: medium;\">Zaplati\u0165 \u010dlenstvo do EAACI pre v\u00fdbor \u2013 Ko\u0161turiak<\/span><\/li>\n<li><span style=\"font-family: Calibri; font-size: medium;\">\u010eal\u0161\u00ed v\u00fdbor 4-5.febru\u00e1ra 2016<\/span><\/li>\n<li><span style=\"font-family: Calibri;\">Jubilanti v\u00a0roku 2016 a\u00a0ich odme\u0148ovanie \u2013 Schvalbov\u00e1<\/span><\/li>\n<li><span style=\"font-family: Calibri; font-size: medium;\">Kalend\u00e1r odborn\u00fdch programov:<\/span><\/li>\n<\/ol>\n<p><span style=\"font-family: Calibri; font-size: medium;\">18- 19.marec Gh\u00farov\u00e9 dni<\/span><\/p>\n<p><span style=\"font-family: Calibri; font-size: medium;\">13-15.apr\u00edl MDI<\/span><\/p>\n<p><span style=\"font-family: Calibri; font-size: medium;\">4-6. m\u00e1j<\/span><span style=\"font-family: Calibri; font-size: medium;\">\u00a0 <\/span><span style=\"font-family: Calibri; font-size: medium;\">Bardejovsk\u00fd kongres pneumol\u00f3gov<\/span><\/p>\n<p><span style=\"font-family: Calibri; font-size: medium;\">13.5.<\/span><span style=\"font-family: Calibri; font-size: medium;\">\u00a0 <\/span><span style=\"font-family: Calibri; font-size: medium;\">Lytomy\u0161l <\/span><\/p>\n<p style=\"text-align: left;\"><span style=\"font-family: Calibri; font-size: medium;\">20. m\u00e1j<\/span><span style=\"font-family: Calibri; font-size: medium;\">\u00a0 <\/span><span style=\"font-family: Calibri; font-size: medium;\">V\u00fdbor Pre\u0161ov<\/span><\/p>\n<p><span style=\"font-family: Calibri; font-size: medium;\">27-28. m\u00e1j Alergia 2016<\/span><\/p>\n<p>3-6.j\u00fan Burza Imunodeficienci\u00ed, Martin<\/p>\n<p><span style=\"font-family: Calibri; font-size: medium;\">11-15. j\u00fan Viede\u0148 kongres EAACI<\/span><\/p>\n<p><span style=\"font-family: Calibri; font-size: medium;\">12-13. august Letn\u00e1 \u0161kola imunol\u00f3gie \u2013 Anafylaxia<\/span><\/p>\n<p style=\"text-align: center;\"><span style=\"color: #ff6600; font-family: Calibri; font-size: medium;\"><strong>V\u00fdbor a\u00a0poradn\u00fd zbor SSAKI \u017eel\u00e1 v\u0161etk\u00fdm \u010dlenom \u0161\u0165astn\u00e9 a\u00a0pokojn\u00e9 Vianoce a\u00a0v\u00a0Novom roku 2016 ve\u013ea pracovn\u00fdch a\u00a0osobn\u00fdch \u00faspechov ako aj pevn\u00e9 zdravie .<\/strong><\/span><\/p>\n<p><span style=\"color: #000000;\">Zap\u00edsala MUDr. Kl\u00e1ra Koss\u00e1rov\u00e1<\/span><span style=\"color: #000000; font-family: Calibri; font-size: medium;\">\u00a0 <\/span><span style=\"color: #000000;\">d\u0148a 12.12.2015<\/span><\/p>\n","protected":false},"excerpt":{"rendered":"<p>Z\u00e1pisnica zo zasadnutia v\u00fdboru a\u00a0poradn\u00e9ho zboru SSAKI zo d\u0148a 10 -12.12.2015 v Jasenskej\u00a0 doline Pr\u00edtomn\u00ed: Pru\u017einec, Vrl\u00edk, Petriskov\u00e1, Mikler ,Lap\u0161ansk\u00e1, Kov\u00e1\u010dov\u00e1, Barlov\u00e1, Schvalbov\u00e1, Dzurillov\u00e1, Ko\u0161turiak, Hochmuth, Koss\u00e1rov\u00e1, Ospravedlnen\u00ed: Hrubi\u0161ko, \u010ci\u017en\u00e1r. Hostia: Michali\u010dkov\u00e1, Keleov\u00e1, Timov\u00e1,&#46;&#46;&#46;<\/p>\n","protected":false},"author":1,"featured_media":0,"parent":19,"menu_order":0,"comment_status":"closed","ping_status":"closed","template":"","meta":{"footnotes":""},"class_list":["post-1022377","page","type-page","status-publish","hentry"],"yoast_head":"<!-- This site is optimized with the Yoast SEO plugin v27.4 - https:\/\/yoast.com\/product\/yoast-seo-wordpress\/ -->\n<title>Zo z\u00e1pisnice z 12.12.2015 - Slovensk\u00e1 spolo\u010dnos\u0165 alergol\u00f3gie a klinickej imunol\u00f3gie<\/title>\n<meta name=\"description\" content=\"Sme odborn\u00e1 splo\u010dnos\u0165, ktor\u00e1 zdru\u017euje klinick\u00fdch imunol\u00f3gov a alergol\u00f3gov, ako aj in\u00fdch odborn\u00edkov so z\u00e1ujmom o tento odbor. Na\u0161a spolo\u010dnos\u0165 je hlavn\u00fdm organiz\u00e1torom kontunu\u00e1lneho vzdel\u00e1vania v tomto odbore na Slovensku.\" \/>\n<meta name=\"robots\" content=\"index, follow, max-snippet:-1, max-image-preview:large, max-video-preview:-1\" \/>\n<link rel=\"canonical\" href=\"https:\/\/www.ssaki.eu\/?page_id=1022377\" \/>\n<meta property=\"og:locale\" content=\"sk_SK\" \/>\n<meta property=\"og:type\" content=\"article\" \/>\n<meta property=\"og:title\" content=\"Zo z\u00e1pisnice z 12.12.2015 - Slovensk\u00e1 spolo\u010dnos\u0165 alergol\u00f3gie a klinickej imunol\u00f3gie\" \/>\n<meta property=\"og:description\" content=\"Sme odborn\u00e1 splo\u010dnos\u0165, ktor\u00e1 zdru\u017euje klinick\u00fdch imunol\u00f3gov a alergol\u00f3gov, ako aj in\u00fdch odborn\u00edkov so z\u00e1ujmom o tento odbor. Na\u0161a spolo\u010dnos\u0165 je hlavn\u00fdm organiz\u00e1torom kontunu\u00e1lneho vzdel\u00e1vania v tomto odbore na Slovensku.\" \/>\n<meta property=\"og:url\" content=\"https:\/\/www.ssaki.eu\/?page_id=1022377\" \/>\n<meta property=\"og:site_name\" content=\"Slovensk\u00e1 spolo\u010dnos\u0165 alergol\u00f3gie a klinickej imunol\u00f3gie\" \/>\n<meta property=\"article:publisher\" content=\"https:\/\/www.facebook.com\/alergologoviaimunologoviaSK\" \/>\n<meta property=\"article:modified_time\" content=\"2016-01-12T22:24:18+00:00\" \/>\n<meta property=\"og:image\" content=\"https:\/\/www.ssaki.eu\/wp-content\/uploads\/2021\/01\/STOP_COVID_SSAKI-e1609772027682.png\" \/>\n\t<meta property=\"og:image:width\" content=\"640\" \/>\n\t<meta property=\"og:image:height\" content=\"360\" \/>\n\t<meta property=\"og:image:type\" content=\"image\/png\" \/>\n<meta name=\"twitter:card\" content=\"summary_large_image\" \/>\n<meta name=\"twitter:label1\" content=\"Predpokladan\u00fd \u010das \u010d\u00edtania\" \/>\n\t<meta name=\"twitter:data1\" content=\"3 min\u00faty\" \/>\n<script type=\"application\/ld+json\" class=\"yoast-schema-graph\">{\"@context\":\"https:\\\/\\\/schema.org\",\"@graph\":[{\"@type\":[\"WebPage\",\"MedicalWebPage\"],\"@id\":\"https:\\\/\\\/www.ssaki.eu\\\/?page_id=1022377\",\"url\":\"https:\\\/\\\/www.ssaki.eu\\\/?page_id=1022377\",\"name\":\"Zo z\u00e1pisnice z 12.12.2015 - Slovensk\u00e1 spolo\u010dnos\u0165 alergol\u00f3gie a klinickej imunol\u00f3gie\",\"isPartOf\":{\"@id\":\"https:\\\/\\\/www.ssaki.eu\\\/#website\"},\"datePublished\":\"2015-12-13T13:41:09+00:00\",\"dateModified\":\"2016-01-12T22:24:18+00:00\",\"description\":\"Sme odborn\u00e1 splo\u010dnos\u0165, ktor\u00e1 zdru\u017euje klinick\u00fdch imunol\u00f3gov a alergol\u00f3gov, ako aj in\u00fdch odborn\u00edkov so z\u00e1ujmom o tento odbor. Na\u0161a spolo\u010dnos\u0165 je hlavn\u00fdm organiz\u00e1torom kontunu\u00e1lneho vzdel\u00e1vania v tomto odbore na Slovensku.\",\"breadcrumb\":{\"@id\":\"https:\\\/\\\/www.ssaki.eu\\\/?page_id=1022377#breadcrumb\"},\"inLanguage\":\"sk-SK\",\"potentialAction\":[{\"@type\":\"ReadAction\",\"target\":[\"https:\\\/\\\/www.ssaki.eu\\\/?page_id=1022377\"]}]},{\"@type\":\"BreadcrumbList\",\"@id\":\"https:\\\/\\\/www.ssaki.eu\\\/?page_id=1022377#breadcrumb\",\"itemListElement\":[{\"@type\":\"ListItem\",\"position\":1,\"name\":\"Domovsk\u00e1 str\u00e1nka\",\"item\":\"https:\\\/\\\/www.ssaki.eu\\\/\"},{\"@type\":\"ListItem\",\"position\":2,\"name\":\"V\u00fdbor spolo\u010dnosti\",\"item\":\"https:\\\/\\\/www.ssaki.eu\\\/?page_id=11\"},{\"@type\":\"ListItem\",\"position\":3,\"name\":\"Zo z\u00e1pisn\u00edc\",\"item\":\"https:\\\/\\\/www.ssaki.eu\\\/?page_id=19\"},{\"@type\":\"ListItem\",\"position\":4,\"name\":\"Zo z\u00e1pisnice z 12.12.2015\"}]},{\"@type\":\"WebSite\",\"@id\":\"https:\\\/\\\/www.ssaki.eu\\\/#website\",\"url\":\"https:\\\/\\\/www.ssaki.eu\\\/\",\"name\":\"Slovensk\u00e1 spolo\u010dnos\u0165 alergol\u00f3gie a klinickej imunol\u00f3gie\",\"description\":\"\",\"publisher\":{\"@id\":\"https:\\\/\\\/www.ssaki.eu\\\/#organization\"},\"potentialAction\":[{\"@type\":\"SearchAction\",\"target\":{\"@type\":\"EntryPoint\",\"urlTemplate\":\"https:\\\/\\\/www.ssaki.eu\\\/?s={search_term_string}\"},\"query-input\":{\"@type\":\"PropertyValueSpecification\",\"valueRequired\":true,\"valueName\":\"search_term_string\"}}],\"inLanguage\":\"sk-SK\"},{\"@type\":\"Organization\",\"@id\":\"https:\\\/\\\/www.ssaki.eu\\\/#organization\",\"name\":\"Slovensk\u00e1 spolo\u010dnos\u0165 alergol\u00f3gie a klinickej imunol\u00f3gie\",\"url\":\"https:\\\/\\\/www.ssaki.eu\\\/\",\"logo\":{\"@type\":\"ImageObject\",\"inLanguage\":\"sk-SK\",\"@id\":\"https:\\\/\\\/www.ssaki.eu\\\/#\\\/schema\\\/logo\\\/image\\\/\",\"url\":\"https:\\\/\\\/www.ssaki.eu\\\/wp-content\\\/uploads\\\/2021\\\/01\\\/LOGO-1.png\",\"contentUrl\":\"https:\\\/\\\/www.ssaki.eu\\\/wp-content\\\/uploads\\\/2021\\\/01\\\/LOGO-1.png\",\"width\":1280,\"height\":720,\"caption\":\"Slovensk\u00e1 spolo\u010dnos\u0165 alergol\u00f3gie a klinickej imunol\u00f3gie\"},\"image\":{\"@id\":\"https:\\\/\\\/www.ssaki.eu\\\/#\\\/schema\\\/logo\\\/image\\\/\"},\"sameAs\":[\"https:\\\/\\\/www.facebook.com\\\/alergologoviaimunologoviaSK\"]}]}<\/script>\n<!-- \/ Yoast SEO plugin. -->","yoast_head_json":{"title":"Zo z\u00e1pisnice z 12.12.2015 - Slovensk\u00e1 spolo\u010dnos\u0165 alergol\u00f3gie a klinickej imunol\u00f3gie","description":"Sme odborn\u00e1 splo\u010dnos\u0165, ktor\u00e1 zdru\u017euje klinick\u00fdch imunol\u00f3gov a alergol\u00f3gov, ako aj in\u00fdch odborn\u00edkov so z\u00e1ujmom o tento odbor. Na\u0161a spolo\u010dnos\u0165 je hlavn\u00fdm organiz\u00e1torom kontunu\u00e1lneho vzdel\u00e1vania v tomto odbore na Slovensku.","robots":{"index":"index","follow":"follow","max-snippet":"max-snippet:-1","max-image-preview":"max-image-preview:large","max-video-preview":"max-video-preview:-1"},"canonical":"https:\/\/www.ssaki.eu\/?page_id=1022377","og_locale":"sk_SK","og_type":"article","og_title":"Zo z\u00e1pisnice z 12.12.2015 - Slovensk\u00e1 spolo\u010dnos\u0165 alergol\u00f3gie a klinickej imunol\u00f3gie","og_description":"Sme odborn\u00e1 splo\u010dnos\u0165, ktor\u00e1 zdru\u017euje klinick\u00fdch imunol\u00f3gov a alergol\u00f3gov, ako aj in\u00fdch odborn\u00edkov so z\u00e1ujmom o tento odbor. Na\u0161a spolo\u010dnos\u0165 je hlavn\u00fdm organiz\u00e1torom kontunu\u00e1lneho vzdel\u00e1vania v tomto odbore na Slovensku.","og_url":"https:\/\/www.ssaki.eu\/?page_id=1022377","og_site_name":"Slovensk\u00e1 spolo\u010dnos\u0165 alergol\u00f3gie a klinickej imunol\u00f3gie","article_publisher":"https:\/\/www.facebook.com\/alergologoviaimunologoviaSK","article_modified_time":"2016-01-12T22:24:18+00:00","og_image":[{"width":640,"height":360,"url":"https:\/\/www.ssaki.eu\/wp-content\/uploads\/2021\/01\/STOP_COVID_SSAKI-e1609772027682.png","type":"image\/png"}],"twitter_card":"summary_large_image","twitter_misc":{"Predpokladan\u00fd \u010das \u010d\u00edtania":"3 min\u00faty"},"schema":{"@context":"https:\/\/schema.org","@graph":[{"@type":["WebPage","MedicalWebPage"],"@id":"https:\/\/www.ssaki.eu\/?page_id=1022377","url":"https:\/\/www.ssaki.eu\/?page_id=1022377","name":"Zo z\u00e1pisnice z 12.12.2015 - Slovensk\u00e1 spolo\u010dnos\u0165 alergol\u00f3gie a klinickej imunol\u00f3gie","isPartOf":{"@id":"https:\/\/www.ssaki.eu\/#website"},"datePublished":"2015-12-13T13:41:09+00:00","dateModified":"2016-01-12T22:24:18+00:00","description":"Sme odborn\u00e1 splo\u010dnos\u0165, ktor\u00e1 zdru\u017euje klinick\u00fdch imunol\u00f3gov a alergol\u00f3gov, ako aj in\u00fdch odborn\u00edkov so z\u00e1ujmom o tento odbor. Na\u0161a spolo\u010dnos\u0165 je hlavn\u00fdm organiz\u00e1torom kontunu\u00e1lneho vzdel\u00e1vania v tomto odbore na Slovensku.","breadcrumb":{"@id":"https:\/\/www.ssaki.eu\/?page_id=1022377#breadcrumb"},"inLanguage":"sk-SK","potentialAction":[{"@type":"ReadAction","target":["https:\/\/www.ssaki.eu\/?page_id=1022377"]}]},{"@type":"BreadcrumbList","@id":"https:\/\/www.ssaki.eu\/?page_id=1022377#breadcrumb","itemListElement":[{"@type":"ListItem","position":1,"name":"Domovsk\u00e1 str\u00e1nka","item":"https:\/\/www.ssaki.eu\/"},{"@type":"ListItem","position":2,"name":"V\u00fdbor spolo\u010dnosti","item":"https:\/\/www.ssaki.eu\/?page_id=11"},{"@type":"ListItem","position":3,"name":"Zo z\u00e1pisn\u00edc","item":"https:\/\/www.ssaki.eu\/?page_id=19"},{"@type":"ListItem","position":4,"name":"Zo z\u00e1pisnice z 12.12.2015"}]},{"@type":"WebSite","@id":"https:\/\/www.ssaki.eu\/#website","url":"https:\/\/www.ssaki.eu\/","name":"Slovensk\u00e1 spolo\u010dnos\u0165 alergol\u00f3gie a klinickej imunol\u00f3gie","description":"","publisher":{"@id":"https:\/\/www.ssaki.eu\/#organization"},"potentialAction":[{"@type":"SearchAction","target":{"@type":"EntryPoint","urlTemplate":"https:\/\/www.ssaki.eu\/?s={search_term_string}"},"query-input":{"@type":"PropertyValueSpecification","valueRequired":true,"valueName":"search_term_string"}}],"inLanguage":"sk-SK"},{"@type":"Organization","@id":"https:\/\/www.ssaki.eu\/#organization","name":"Slovensk\u00e1 spolo\u010dnos\u0165 alergol\u00f3gie a klinickej imunol\u00f3gie","url":"https:\/\/www.ssaki.eu\/","logo":{"@type":"ImageObject","inLanguage":"sk-SK","@id":"https:\/\/www.ssaki.eu\/#\/schema\/logo\/image\/","url":"https:\/\/www.ssaki.eu\/wp-content\/uploads\/2021\/01\/LOGO-1.png","contentUrl":"https:\/\/www.ssaki.eu\/wp-content\/uploads\/2021\/01\/LOGO-1.png","width":1280,"height":720,"caption":"Slovensk\u00e1 spolo\u010dnos\u0165 alergol\u00f3gie a klinickej imunol\u00f3gie"},"image":{"@id":"https:\/\/www.ssaki.eu\/#\/schema\/logo\/image\/"},"sameAs":["https:\/\/www.facebook.com\/alergologoviaimunologoviaSK"]}]}},"_links":{"self":[{"href":"https:\/\/www.ssaki.eu\/index.php?rest_route=\/wp\/v2\/pages\/1022377","targetHints":{"allow":["GET"]}}],"collection":[{"href":"https:\/\/www.ssaki.eu\/index.php?rest_route=\/wp\/v2\/pages"}],"about":[{"href":"https:\/\/www.ssaki.eu\/index.php?rest_route=\/wp\/v2\/types\/page"}],"author":[{"embeddable":true,"href":"https:\/\/www.ssaki.eu\/index.php?rest_route=\/wp\/v2\/users\/1"}],"replies":[{"embeddable":true,"href":"https:\/\/www.ssaki.eu\/index.php?rest_route=%2Fwp%2Fv2%2Fcomments&post=1022377"}],"version-history":[{"count":10,"href":"https:\/\/www.ssaki.eu\/index.php?rest_route=\/wp\/v2\/pages\/1022377\/revisions"}],"predecessor-version":[{"id":1022478,"href":"https:\/\/www.ssaki.eu\/index.php?rest_route=\/wp\/v2\/pages\/1022377\/revisions\/1022478"}],"up":[{"embeddable":true,"href":"https:\/\/www.ssaki.eu\/index.php?rest_route=\/wp\/v2\/pages\/19"}],"wp:attachment":[{"href":"https:\/\/www.ssaki.eu\/index.php?rest_route=%2Fwp%2Fv2%2Fmedia&parent=1022377"}],"curies":[{"name":"wp","href":"https:\/\/api.w.org\/{rel}","templated":true}]}}