{"id":1029,"date":"2013-12-25T09:28:41","date_gmt":"2013-12-25T07:28:41","guid":{"rendered":"http:\/\/www.ssaki.eu\/?page_id=1029"},"modified":"2013-12-25T09:28:42","modified_gmt":"2013-12-25T07:28:42","slug":"zo-zapisnice-z-13-12-2013","status":"publish","type":"page","link":"https:\/\/www.ssaki.eu\/?page_id=1029","title":{"rendered":"Zo z\u00e1pisnice z 13.12.2013"},"content":{"rendered":"<p><b>Z\u00e1pisnica zo zasadnutia v\u00fdboru SSAKI a\u00a0poradn\u00e9ho zboru d\u0148a 13-14.decembra 2013<\/b><\/p>\n<p>Pr\u00edtomn\u00ed:<\/p>\n<p>Pru\u017einec, Vrl\u00edk, Petriskov\u00e1,Koss\u00e1rov\u00e1,Kov\u00e1\u010dov\u00e1,Lap\u0161ansk\u00e1,Ko\u0161turiak,Hochm\u00fath,\u010ci\u017en\u00e1r,Barlov\u00e1,Schvalbov\u00e1,Mikler, Dzurillov\u00e1,Hrubi\u0161ko<\/p>\n<p>Program:<\/p>\n<p>1.\/Prejednanie n\u00e1vrhu zmien v\u00a0z\u00e1kone \u010d.578\/2004 o\u00a0poskytovate\u013eov zdravotnej \u00a0starostlivosti ,zdravotn\u00edckych pracovn\u00edkov, stavovsk\u00fdch organiz\u00e1ci\u00e1ch v\u00a0zdravotn\u00edctve &#8211;\u00a0zmeny a\u00a0doplnenia<\/p>\n<ul>\n<li>Doplnky a\u00a0opravy \u2013ka\u017ed\u00fd \u010dlen v\u00fdboru odo\u0161le predsedovi Vrl\u00edkovi<\/li>\n<li>Chyby v\u00a0kapitole :\u010fal\u0161ie vzdel\u00e1vanie- nepr\u00edpustn\u00e9 pripusti\u0165 k\u00a0atesta\u010dnej sk\u00fa\u0161ke probanda bez praxe v\u00a0odbore<\/li>\n<li>Vzdel\u00e1va\u0165 m\u00f4\u017eu \u2013zamestn\u00e1vate\u013e, SLK, SLSP, vzdel\u00e1vacie ustanovizne<\/li>\n<li>Sk\u00fa\u0161ka odbornej sp\u00f4sobilosti vykonanan\u00e1 v\u00a0EU-tzv. Europsk\u00e1 sk\u00fa\u0161ka nie je platn\u00e1 zatia\u013e v\u00a0na\u0161ej krajine<\/li>\n<\/ul>\n<p>2.\/Iniciat\u00edvu vyhl\u00e1si\u0165 alergick\u00e9 ochorenia za civiliza\u010dn\u00e9 choroby,\u00a0\u00a0 podpor\u00edme\u00a0\u00a0 cez\u00a0 13 EU poslancov SR .<\/p>\n<p>3.\/ \u017diados\u0165 o\u00a0\u00fa\u010das\u0165 \u010dlenov SSAKI na medzin\u00e1rodn\u00fdch kongresoch, ktor\u00e9 bud\u00fa hraden\u00e9 cez SLSP a\u00a0f. firmy ,bude potrebn\u00e9 hl\u00e1si\u0165 vopred v\u00fdboru SSAKI\u00a0 a\u00a0odborn\u00fa spr\u00e1vu z\u00a0kongresu\u00a0 pod\u00e1 \u00fa\u010dastn\u00edk verejnou formou .(\u00a0poznatky sprostredkuje cez odborn\u00fd \u010dasopis alebo na\u00a0 verejn\u00fdch odborn\u00fdch\u00a0 podujatiach.)<\/p>\n<p>4.\/ V\u00fdbor schv\u00e1lil preplatenie fakt\u00fary pre firmu Medimpro s.r.o. za vytvorenie a spr\u00e1vu webovej str\u00e1nky, vr\u00e1tane elektronick\u00fdch slu\u017eieb pri organiz\u00e1cii kongresu SSAKI a CSAKI&#8220;.<\/p>\n<p>5.\/\u010clenom v\u00fdboru uhrad\u00ed \u010dlensk\u00fd pr\u00edspevok v EAACI\u00a0 na rok 2014 Dr.Ko\u0161turiak . \u010clenovia\u00a0 musia pre posla\u0165 identifika\u010dn\u00e9 \u010d\u00edsla na jeho adresu.<\/p>\n<p>6.\/Dr.Kov\u00e1\u010dov\u00e1 zariadi preklad dotazn\u00edka z\u00a0 ICON konsenzu o\u00a0liekovej alergii , ev. tla\u010divo by sa dal zaradi\u0165 do \u0160EFT- ov\u00fdch tla\u010d\u00edv (DR.Koss\u00e1rov\u00e1) V\u00fdbor ods\u00fahlasil pr\u00edspevok Dr. Kov\u00e1\u010dovej\u00a0 k\u00a0\u00fa\u010dasti na medzin\u00e1rodnom pracovnom stretnut\u00ed o\u00a0liekovej alergii a\u00a0hypersenzitivite v\u00a0Berne 9.-12.apr\u00edla 2014<\/p>\n<p>7.\/Doc.Hrubi\u0161ko,Mikler,Koss\u00e1rov\u00e1\u00a0 vypracuj\u00fa\u00a0 metodick\u00fd postup pre lie\u010dbu\u00a0 HAE.\u00a0Pod\u00e1vanie Fyrazyru pri ak\u00fatnej atake a\u00a0postup pre pacienta ako aj pre RLZP. Metodick\u00fd postup bude dostupn\u00fd\u00a0 aj na web str\u00e1nke spolo\u010dnosti.<\/p>\n<p>8.\/ Pru\u017einec, Petriskov\u00e1, Vrl\u00edk boli v\u00fdborom menovan\u00fd ako deleg\u00e1cia na oslavy 70.naroden\u00edn Doc.V\u00edta Petru\u00a0 do Prahy v\u00a0febru\u00e1ri 2014.<\/p>\n<p>9.\/Doc.Hrubi\u0161ko,Dr. Koss\u00e1rov\u00e1 vypracuj\u00fa metodick\u00fd pokyn pre indik\u00e1ciu komponentovej diagnostiky pre pois\u0165ovne<\/p>\n<ul>\n<li>Indika\u010dn\u00e9 krit\u00e9ria<\/li>\n<li>Neobmedzen\u00fd po\u010det<\/li>\n<li>Doteraz vy\u0161etruj\u00face imunologick\u00e9 laborat\u00f3ria bud\u00fa vy\u0161etrova\u0165<\/li>\n<li>Odborn\u00e1 indik\u00e1cia zabezpe\u010d\u00ed lep\u0161iu a\u00a0cielen\u00fa diagnostiku ako aj lie\u010dbu<\/li>\n<\/ul>\n<p>10.\/ Rovnak\u00e9 metodick\u00e9 pokyny sa vypracuj\u00fa aj pre prietokov\u00fa cytometriu , a\u00a0PCR diagnostiku<\/p>\n<p>11.\/ V\u00fdbor poskytne priestor na kongrese MDI pre vysvetlenie stanov\u00edsk t\u00fdkaj\u00facich sa spr\u00e1vnej indik\u00e1cie laborat\u00f3rnej diagnostiky pre \u00a0Dr.Gurtlera a\u00a0Dr.Janotu.<\/p>\n<p>12.\/Hlavn\u00fd odborn\u00edk, Dr.Dzurillova a\u00a0Dr.Koss\u00e1rov\u00e1 vypracuj\u00fa odborn\u00e9 stanovisko v\u00fdboru SSAKI oh\u013eadom obsolentnej diagnosticky \u0161pecifickej IgG a\u00a0IgA na\u00a0 alergiu a\u00a0intoleranciu potrav\u00edn, ktor\u00e9 pois\u0165ovne prepl\u00e1caj\u00fa laborat\u00f3riam\u00a0\u00a0 s\u00a0cie\u013eom u\u0161etri\u0165 zdroje\u00a0 pre exaktn\u00e9 nov\u00e9 techniky.<\/p>\n<p>13.\/ Hlavn\u00fd odborn\u00edk\u00a0 bude rie\u0161i\u0165 dlhodob\u00fd probl\u00e9m s \u00a0Dr.\u010eurovskou (neurologi\u010dka) , ktor\u00e1 dlhodobo nekompetentne zasahuje\u00a0 do pr\u00e1ce na\u0161ej odbornosti ,\u00a0predra\u017euje diagnostiku a\u00a0lie\u010dbu tzv. chronick\u00fdch bor\u00e9liov\u00fdch infekci\u00ed u\u00a0pacientov s\u00a0artritick\u00fdmi \u0165a\u017ekos\u0165ami. N\u00e1vrh na rie\u0161enie sa d\u00e1va na vedomie neurologickej spolo\u010dnosti, \u00daZD, MZSR, pois\u0165ovniam a\u00a0infektologickej spolo\u010dnosti.<\/p>\n<p>14.\/Pre\u0161etri\u0165 nov\u00fa z\u00e1konn\u00fa povinnos\u0165 ,ktor\u00e1 prich\u00e1dza do platnosti v\u00a0roku 2014 o\u00a0nariaden\u00ed\u00a0 vy\u0161etrovania zdravotnej sp\u00f4sobilosti lek\u00e1rov\u00a0 komisiou a\u00a0lek\u00e1rom V\u00daC .(Definova\u0165\u00a0 org\u00e1n, komisiu, kriteria sp\u00f4sobilosti, &#8230;)<\/p>\n<p>15.\/Dr. Mikler je poveren\u00fd s\u00a0pokra\u010dovan\u00ed resuscita\u010dn\u00fdch kurzov na \u00farovni jednotliv\u00fdch krajov( ako u\u017e prebehlo v\u00a0Bratislave pod veden\u00edm Dr.Koss\u00e1rovej a\u00a0je pl\u00e1novan\u00fd \u010fal\u0161\u00ed\u00a0 kurz\u00a0 za\u010diatkom roka)\u00a0 Kurzy bud\u00fa organizovan\u00e9 na \u00farovni krajsk\u00fdch semin\u00e1rov\u00a0 a\u00a0na platforme \u010fal\u0161ieho vzdel\u00e1vania lek\u00e1rov<\/p>\n<p>16.\/Odborn\u00e9 podujatia v\u00a0rok 2014<\/p>\n<ul>\n<li>14-15.febr. Akad\u00e9mia astmy\u00a0 -v\u00fdchod<\/li>\n<li>14-15.marec &#8211; Akad\u00e9mia astmy \u2013 z\u00e1pad<\/li>\n<li>9-11.4 MDI<\/li>\n<li>9-12.4.Bern Liekov\u00e1 hypersenzitivita<\/li>\n<li>25.4.PID DFN Bratislava<\/li>\n<li>29.3-1.4.XXI.W.of astma \u2013Mexico<\/li>\n<li>7-11.6.Copenhagen EEACI<\/li>\n<li>15-18.10.ESPID Praha<\/li>\n<li>6-9.12WISC-Rio de Janeiro<\/li>\n<\/ul>\n<p>17.\/Vyznamenania v\u00a0roku 2014<\/p>\n<p>Zap\u00edsali : Dr.Koss\u00e1rov\u00e1 ,Dr.Schvalbov\u00e1<\/p>\n","protected":false},"excerpt":{"rendered":"<p>Z\u00e1pisnica zo zasadnutia v\u00fdboru SSAKI a\u00a0poradn\u00e9ho zboru d\u0148a 13-14.decembra 2013 Pr\u00edtomn\u00ed: Pru\u017einec, Vrl\u00edk, Petriskov\u00e1,Koss\u00e1rov\u00e1,Kov\u00e1\u010dov\u00e1,Lap\u0161ansk\u00e1,Ko\u0161turiak,Hochm\u00fath,\u010ci\u017en\u00e1r,Barlov\u00e1,Schvalbov\u00e1,Mikler, Dzurillov\u00e1,Hrubi\u0161ko Program: 1.\/Prejednanie n\u00e1vrhu zmien v\u00a0z\u00e1kone \u010d.578\/2004 o\u00a0poskytovate\u013eov zdravotnej \u00a0starostlivosti ,zdravotn\u00edckych pracovn\u00edkov, stavovsk\u00fdch organiz\u00e1ci\u00e1ch v\u00a0zdravotn\u00edctve &#8211;\u00a0zmeny a\u00a0doplnenia Doplnky a\u00a0opravy \u2013ka\u017ed\u00fd&#46;&#46;&#46;<\/p>\n","protected":false},"author":1,"featured_media":0,"parent":19,"menu_order":0,"comment_status":"closed","ping_status":"closed","template":"","meta":{"footnotes":""},"class_list":["post-1029","page","type-page","status-publish","hentry"],"yoast_head":"<!-- This site is optimized with the Yoast SEO plugin v27.3 - https:\/\/yoast.com\/product\/yoast-seo-wordpress\/ -->\n<title>Zo z\u00e1pisnice z 13.12.2013 - Slovensk\u00e1 spolo\u010dnos\u0165 alergol\u00f3gie a klinickej imunol\u00f3gie<\/title>\n<meta name=\"description\" content=\"Sme odborn\u00e1 splo\u010dnos\u0165, ktor\u00e1 zdru\u017euje klinick\u00fdch imunol\u00f3gov a alergol\u00f3gov, ako aj in\u00fdch odborn\u00edkov so z\u00e1ujmom o tento odbor. Na\u0161a spolo\u010dnos\u0165 je hlavn\u00fdm organiz\u00e1torom kontunu\u00e1lneho vzdel\u00e1vania v tomto odbore na Slovensku.\" \/>\n<meta name=\"robots\" content=\"index, follow, max-snippet:-1, max-image-preview:large, max-video-preview:-1\" \/>\n<link rel=\"canonical\" href=\"https:\/\/www.ssaki.eu\/?page_id=1029\" \/>\n<meta property=\"og:locale\" content=\"sk_SK\" \/>\n<meta property=\"og:type\" content=\"article\" \/>\n<meta property=\"og:title\" content=\"Zo z\u00e1pisnice z 13.12.2013 - Slovensk\u00e1 spolo\u010dnos\u0165 alergol\u00f3gie a klinickej imunol\u00f3gie\" \/>\n<meta property=\"og:description\" content=\"Sme odborn\u00e1 splo\u010dnos\u0165, ktor\u00e1 zdru\u017euje klinick\u00fdch imunol\u00f3gov a alergol\u00f3gov, ako aj in\u00fdch odborn\u00edkov so z\u00e1ujmom o tento odbor. Na\u0161a spolo\u010dnos\u0165 je hlavn\u00fdm organiz\u00e1torom kontunu\u00e1lneho vzdel\u00e1vania v tomto odbore na Slovensku.\" \/>\n<meta property=\"og:url\" content=\"https:\/\/www.ssaki.eu\/?page_id=1029\" \/>\n<meta property=\"og:site_name\" content=\"Slovensk\u00e1 spolo\u010dnos\u0165 alergol\u00f3gie a klinickej imunol\u00f3gie\" \/>\n<meta property=\"article:publisher\" content=\"https:\/\/www.facebook.com\/alergologoviaimunologoviaSK\" \/>\n<meta property=\"article:modified_time\" content=\"2013-12-25T07:28:42+00:00\" \/>\n<meta property=\"og:image\" content=\"https:\/\/www.ssaki.eu\/wp-content\/uploads\/2021\/01\/STOP_COVID_SSAKI-e1609772027682.png\" \/>\n\t<meta property=\"og:image:width\" content=\"640\" \/>\n\t<meta property=\"og:image:height\" content=\"360\" \/>\n\t<meta property=\"og:image:type\" content=\"image\/png\" \/>\n<meta name=\"twitter:card\" content=\"summary_large_image\" \/>\n<meta name=\"twitter:label1\" content=\"Predpokladan\u00fd \u010das \u010d\u00edtania\" \/>\n\t<meta name=\"twitter:data1\" content=\"4 min\u00faty\" \/>\n<script type=\"application\/ld+json\" class=\"yoast-schema-graph\">{\"@context\":\"https:\\\/\\\/schema.org\",\"@graph\":[{\"@type\":[\"WebPage\",\"MedicalWebPage\"],\"@id\":\"https:\\\/\\\/www.ssaki.eu\\\/?page_id=1029\",\"url\":\"https:\\\/\\\/www.ssaki.eu\\\/?page_id=1029\",\"name\":\"Zo z\u00e1pisnice z 13.12.2013 - Slovensk\u00e1 spolo\u010dnos\u0165 alergol\u00f3gie a klinickej imunol\u00f3gie\",\"isPartOf\":{\"@id\":\"https:\\\/\\\/www.ssaki.eu\\\/#website\"},\"datePublished\":\"2013-12-25T07:28:41+00:00\",\"dateModified\":\"2013-12-25T07:28:42+00:00\",\"description\":\"Sme odborn\u00e1 splo\u010dnos\u0165, ktor\u00e1 zdru\u017euje klinick\u00fdch imunol\u00f3gov a alergol\u00f3gov, ako aj in\u00fdch odborn\u00edkov so z\u00e1ujmom o tento odbor. Na\u0161a spolo\u010dnos\u0165 je hlavn\u00fdm organiz\u00e1torom kontunu\u00e1lneho vzdel\u00e1vania v tomto odbore na Slovensku.\",\"breadcrumb\":{\"@id\":\"https:\\\/\\\/www.ssaki.eu\\\/?page_id=1029#breadcrumb\"},\"inLanguage\":\"sk-SK\",\"potentialAction\":[{\"@type\":\"ReadAction\",\"target\":[\"https:\\\/\\\/www.ssaki.eu\\\/?page_id=1029\"]}]},{\"@type\":\"BreadcrumbList\",\"@id\":\"https:\\\/\\\/www.ssaki.eu\\\/?page_id=1029#breadcrumb\",\"itemListElement\":[{\"@type\":\"ListItem\",\"position\":1,\"name\":\"Domovsk\u00e1 str\u00e1nka\",\"item\":\"https:\\\/\\\/www.ssaki.eu\\\/\"},{\"@type\":\"ListItem\",\"position\":2,\"name\":\"V\u00fdbor spolo\u010dnosti\",\"item\":\"https:\\\/\\\/www.ssaki.eu\\\/?page_id=11\"},{\"@type\":\"ListItem\",\"position\":3,\"name\":\"Zo z\u00e1pisn\u00edc\",\"item\":\"https:\\\/\\\/www.ssaki.eu\\\/?page_id=19\"},{\"@type\":\"ListItem\",\"position\":4,\"name\":\"Zo z\u00e1pisnice z 13.12.2013\"}]},{\"@type\":\"WebSite\",\"@id\":\"https:\\\/\\\/www.ssaki.eu\\\/#website\",\"url\":\"https:\\\/\\\/www.ssaki.eu\\\/\",\"name\":\"Slovensk\u00e1 spolo\u010dnos\u0165 alergol\u00f3gie a klinickej imunol\u00f3gie\",\"description\":\"\",\"publisher\":{\"@id\":\"https:\\\/\\\/www.ssaki.eu\\\/#organization\"},\"potentialAction\":[{\"@type\":\"SearchAction\",\"target\":{\"@type\":\"EntryPoint\",\"urlTemplate\":\"https:\\\/\\\/www.ssaki.eu\\\/?s={search_term_string}\"},\"query-input\":{\"@type\":\"PropertyValueSpecification\",\"valueRequired\":true,\"valueName\":\"search_term_string\"}}],\"inLanguage\":\"sk-SK\"},{\"@type\":\"Organization\",\"@id\":\"https:\\\/\\\/www.ssaki.eu\\\/#organization\",\"name\":\"Slovensk\u00e1 spolo\u010dnos\u0165 alergol\u00f3gie a klinickej imunol\u00f3gie\",\"url\":\"https:\\\/\\\/www.ssaki.eu\\\/\",\"logo\":{\"@type\":\"ImageObject\",\"inLanguage\":\"sk-SK\",\"@id\":\"https:\\\/\\\/www.ssaki.eu\\\/#\\\/schema\\\/logo\\\/image\\\/\",\"url\":\"https:\\\/\\\/www.ssaki.eu\\\/wp-content\\\/uploads\\\/2021\\\/01\\\/LOGO-1.png\",\"contentUrl\":\"https:\\\/\\\/www.ssaki.eu\\\/wp-content\\\/uploads\\\/2021\\\/01\\\/LOGO-1.png\",\"width\":1280,\"height\":720,\"caption\":\"Slovensk\u00e1 spolo\u010dnos\u0165 alergol\u00f3gie a klinickej imunol\u00f3gie\"},\"image\":{\"@id\":\"https:\\\/\\\/www.ssaki.eu\\\/#\\\/schema\\\/logo\\\/image\\\/\"},\"sameAs\":[\"https:\\\/\\\/www.facebook.com\\\/alergologoviaimunologoviaSK\"]}]}<\/script>\n<!-- \/ Yoast SEO plugin. -->","yoast_head_json":{"title":"Zo z\u00e1pisnice z 13.12.2013 - Slovensk\u00e1 spolo\u010dnos\u0165 alergol\u00f3gie a klinickej imunol\u00f3gie","description":"Sme odborn\u00e1 splo\u010dnos\u0165, ktor\u00e1 zdru\u017euje klinick\u00fdch imunol\u00f3gov a alergol\u00f3gov, ako aj in\u00fdch odborn\u00edkov so z\u00e1ujmom o tento odbor. Na\u0161a spolo\u010dnos\u0165 je hlavn\u00fdm organiz\u00e1torom kontunu\u00e1lneho vzdel\u00e1vania v tomto odbore na Slovensku.","robots":{"index":"index","follow":"follow","max-snippet":"max-snippet:-1","max-image-preview":"max-image-preview:large","max-video-preview":"max-video-preview:-1"},"canonical":"https:\/\/www.ssaki.eu\/?page_id=1029","og_locale":"sk_SK","og_type":"article","og_title":"Zo z\u00e1pisnice z 13.12.2013 - Slovensk\u00e1 spolo\u010dnos\u0165 alergol\u00f3gie a klinickej imunol\u00f3gie","og_description":"Sme odborn\u00e1 splo\u010dnos\u0165, ktor\u00e1 zdru\u017euje klinick\u00fdch imunol\u00f3gov a alergol\u00f3gov, ako aj in\u00fdch odborn\u00edkov so z\u00e1ujmom o tento odbor. Na\u0161a spolo\u010dnos\u0165 je hlavn\u00fdm organiz\u00e1torom kontunu\u00e1lneho vzdel\u00e1vania v tomto odbore na Slovensku.","og_url":"https:\/\/www.ssaki.eu\/?page_id=1029","og_site_name":"Slovensk\u00e1 spolo\u010dnos\u0165 alergol\u00f3gie a klinickej imunol\u00f3gie","article_publisher":"https:\/\/www.facebook.com\/alergologoviaimunologoviaSK","article_modified_time":"2013-12-25T07:28:42+00:00","og_image":[{"width":640,"height":360,"url":"https:\/\/www.ssaki.eu\/wp-content\/uploads\/2021\/01\/STOP_COVID_SSAKI-e1609772027682.png","type":"image\/png"}],"twitter_card":"summary_large_image","twitter_misc":{"Predpokladan\u00fd \u010das \u010d\u00edtania":"4 min\u00faty"},"schema":{"@context":"https:\/\/schema.org","@graph":[{"@type":["WebPage","MedicalWebPage"],"@id":"https:\/\/www.ssaki.eu\/?page_id=1029","url":"https:\/\/www.ssaki.eu\/?page_id=1029","name":"Zo z\u00e1pisnice z 13.12.2013 - Slovensk\u00e1 spolo\u010dnos\u0165 alergol\u00f3gie a klinickej imunol\u00f3gie","isPartOf":{"@id":"https:\/\/www.ssaki.eu\/#website"},"datePublished":"2013-12-25T07:28:41+00:00","dateModified":"2013-12-25T07:28:42+00:00","description":"Sme odborn\u00e1 splo\u010dnos\u0165, ktor\u00e1 zdru\u017euje klinick\u00fdch imunol\u00f3gov a alergol\u00f3gov, ako aj in\u00fdch odborn\u00edkov so z\u00e1ujmom o tento odbor. Na\u0161a spolo\u010dnos\u0165 je hlavn\u00fdm organiz\u00e1torom kontunu\u00e1lneho vzdel\u00e1vania v tomto odbore na Slovensku.","breadcrumb":{"@id":"https:\/\/www.ssaki.eu\/?page_id=1029#breadcrumb"},"inLanguage":"sk-SK","potentialAction":[{"@type":"ReadAction","target":["https:\/\/www.ssaki.eu\/?page_id=1029"]}]},{"@type":"BreadcrumbList","@id":"https:\/\/www.ssaki.eu\/?page_id=1029#breadcrumb","itemListElement":[{"@type":"ListItem","position":1,"name":"Domovsk\u00e1 str\u00e1nka","item":"https:\/\/www.ssaki.eu\/"},{"@type":"ListItem","position":2,"name":"V\u00fdbor spolo\u010dnosti","item":"https:\/\/www.ssaki.eu\/?page_id=11"},{"@type":"ListItem","position":3,"name":"Zo z\u00e1pisn\u00edc","item":"https:\/\/www.ssaki.eu\/?page_id=19"},{"@type":"ListItem","position":4,"name":"Zo z\u00e1pisnice z 13.12.2013"}]},{"@type":"WebSite","@id":"https:\/\/www.ssaki.eu\/#website","url":"https:\/\/www.ssaki.eu\/","name":"Slovensk\u00e1 spolo\u010dnos\u0165 alergol\u00f3gie a klinickej imunol\u00f3gie","description":"","publisher":{"@id":"https:\/\/www.ssaki.eu\/#organization"},"potentialAction":[{"@type":"SearchAction","target":{"@type":"EntryPoint","urlTemplate":"https:\/\/www.ssaki.eu\/?s={search_term_string}"},"query-input":{"@type":"PropertyValueSpecification","valueRequired":true,"valueName":"search_term_string"}}],"inLanguage":"sk-SK"},{"@type":"Organization","@id":"https:\/\/www.ssaki.eu\/#organization","name":"Slovensk\u00e1 spolo\u010dnos\u0165 alergol\u00f3gie a klinickej imunol\u00f3gie","url":"https:\/\/www.ssaki.eu\/","logo":{"@type":"ImageObject","inLanguage":"sk-SK","@id":"https:\/\/www.ssaki.eu\/#\/schema\/logo\/image\/","url":"https:\/\/www.ssaki.eu\/wp-content\/uploads\/2021\/01\/LOGO-1.png","contentUrl":"https:\/\/www.ssaki.eu\/wp-content\/uploads\/2021\/01\/LOGO-1.png","width":1280,"height":720,"caption":"Slovensk\u00e1 spolo\u010dnos\u0165 alergol\u00f3gie a klinickej imunol\u00f3gie"},"image":{"@id":"https:\/\/www.ssaki.eu\/#\/schema\/logo\/image\/"},"sameAs":["https:\/\/www.facebook.com\/alergologoviaimunologoviaSK"]}]}},"_links":{"self":[{"href":"https:\/\/www.ssaki.eu\/index.php?rest_route=\/wp\/v2\/pages\/1029","targetHints":{"allow":["GET"]}}],"collection":[{"href":"https:\/\/www.ssaki.eu\/index.php?rest_route=\/wp\/v2\/pages"}],"about":[{"href":"https:\/\/www.ssaki.eu\/index.php?rest_route=\/wp\/v2\/types\/page"}],"author":[{"embeddable":true,"href":"https:\/\/www.ssaki.eu\/index.php?rest_route=\/wp\/v2\/users\/1"}],"replies":[{"embeddable":true,"href":"https:\/\/www.ssaki.eu\/index.php?rest_route=%2Fwp%2Fv2%2Fcomments&post=1029"}],"version-history":[{"count":2,"href":"https:\/\/www.ssaki.eu\/index.php?rest_route=\/wp\/v2\/pages\/1029\/revisions"}],"predecessor-version":[{"id":1031,"href":"https:\/\/www.ssaki.eu\/index.php?rest_route=\/wp\/v2\/pages\/1029\/revisions\/1031"}],"up":[{"embeddable":true,"href":"https:\/\/www.ssaki.eu\/index.php?rest_route=\/wp\/v2\/pages\/19"}],"wp:attachment":[{"href":"https:\/\/www.ssaki.eu\/index.php?rest_route=%2Fwp%2Fv2%2Fmedia&parent=1029"}],"curies":[{"name":"wp","href":"https:\/\/api.w.org\/{rel}","templated":true}]}}