{"id":1180139,"date":"2016-02-24T21:33:59","date_gmt":"2016-02-24T19:33:59","guid":{"rendered":"http:\/\/www.ssaki.eu\/?page_id=1180139"},"modified":"2016-03-06T17:24:57","modified_gmt":"2016-03-06T15:24:57","slug":"zo-zapisnice-z-5-2-2016","status":"publish","type":"page","link":"https:\/\/www.ssaki.eu\/?page_id=1180139","title":{"rendered":"Zo z\u00e1pisnice z 5.2.2016"},"content":{"rendered":"<p>Z\u00e1pisnica zo zasadnutia v\u00fdboru SSAKI 4-6. 2. 2016 v \u017diline<\/p>\n<p><span style=\"font-weight: 300;\">Pr\u00edtomn\u00ed:\u00a0<\/span>Hrubi\u0161ko, Lap\u0161ansk\u00e1, Ko\u0161turiak, Mikler, Hochmuth, \u010ci\u017en\u00e1r, Dzurillov\u00e1, Barlov\u00e1, Kov\u00e1\u010dov\u00e1, Schvalbov\u00e1, Petriskov\u00e1, Pru\u017einec, Koss\u00e1rov\u00e1, Vrl\u00edk (ospravedlnen\u00fd za me\u0161kanie)<\/p>\n<p><span style=\"font-weight: 300;\">Program :<\/span><\/p>\n<p><span style=\"font-weight: 300;\">Na \u00favod zasadnutia si v\u0161etci pr\u00edtomn\u00ed uctili pamiatku zosnul\u00e9ho prof. MUDr. Ivana Hru\u0161kovi\u010da, CSc., min\u00fatou ticha.<\/span><\/p>\n<p><span style=\"font-weight: 300;\">1. Ekonomick\u00e9 z\u00e1very kongresu SSAKI v roku 2015 v \u017diline (Pru\u017einec)<\/span><\/p>\n<p>2. SLK rie\u0161i zdanenie nepe\u0148a\u017en\u00fdch pr\u00edjmov, informoval Pru\u017einec<\/p>\n<p><span style=\"font-weight: 300;\">3. Odpove\u010f na n\u00e1\u0161 list 26.1.2016 od Ministerstva \u0161kolstva: Dr. Koss\u00e1rovej a Dr. Miklerovi o spolupr\u00e1ci pri v\u00fdu\u010dbe laick\u00e9ho person\u00e1lu v \u0161kolsk\u00fdch a pred\u0161kolsk\u00fdch zariadeniach o pou\u017eit\u00ed adrenal\u00ednov\u00e9ho autoinjektora (Epipen, Jext,). Kontaktova\u0165 Dr .Tomkov\u00fa<\/span><\/p>\n<p>Pozn\u00e1mky: pr\u00edstupn\u00e9 je mono aj dvojbalenie (Epipen), na ktor\u00e9 sa nedopl\u00e1ca, je potrebn\u00e9 dodr\u017ea\u0165 preskrip\u010dn\u00e9 podmienky a medzin\u00e1rodn\u00e9 odpor\u00fa\u010dania postupu pri anafylaxii (anamn\u00e9za predch\u00e1dzaj\u00facich reakci\u00ed, hmotnos\u0165&#8230;).<\/p>\n<p>4. Do\u0161kolovanie &#8211; pregradu\u00e1l \/ postgradu\u00e1l (Pru\u017einec, Hrubi\u0161ko)<\/p>\n<p>Probl\u00e9m \u010d. 1: akredit\u00e1cia pracov\u00edsk a ved\u00faceho katedry.\u00a0Navrhovan\u00fd je Doc. \u010ci\u017en\u00e1r (docentom menovan\u00fd na lek\u00e1rskej fakulte), ktor\u00fd preto dostal na katedre KIA pracovn\u00fd \u00fav\u00e4zok 0,1.<\/p>\n<p>Atest\u00e1cie s\u00fa zatia\u013e pozastaven\u00e9.<\/p>\n<p>\u010d. 2: Zmluvy pre akreditovan\u00e9 pracovisk\u00e1 z odboru KIA bud\u00fa odoslan\u00e9 z rektor\u00e1tu.<\/p>\n<p>\u010d. 3: N\u00e1vrh Doc. \u010ci\u017en\u00e1ra: stanovi\u0165 pre konzult\u00e1cie pred atest\u00e1ciou navy\u0161e aj t\u00fatorov (\u0161kolite\u013eov), ktor\u00ed bud\u00fa vies\u0165 atestantov v predatesta\u010dnej pr\u00edprave.<\/p>\n<p>\u010d. 4: Nov\u00fd probl\u00e9m pre- a postgradu\u00e1lneho vzdel\u00e1vania v Bratislave: jedno pracovisko (O\u00daSA) si \u017eiada platby za \u0161tudentov na klinike, (hodinov\u00fa sadzbu 9 Eur na \u0161tudenta). Rie\u0161i\u0165 urgentne!<\/p>\n<p><span style=\"font-weight: 300;\">5. MDI: 13-15. apr\u00edl 2016 predn\u00e1\u0161ky hl\u00e1sen\u00e9 &#8211; Doc.Hrubi\u0161ko: Sekund\u00e1rne imunodeficiencie,\u00a0<\/span>Buc, Petru, \u010ci\u017en\u00e1r, Schvalbov\u00e1<\/p>\n<p><span style=\"font-weight: 300;\">&#8211; Prehodnotenie zmluvy o organiz\u00e1cii akcie so SLS (Petriskov\u00e1)<\/span><\/p>\n<p>&#8211; Schv\u00e1lenie rozpo\u010dtu kongresu cel\u00fdm v\u00fdborom: jednohlasne schva\u013eujeme rozpo\u010det<\/p>\n<p><span style=\"font-weight: 300;\">6. V septembri 2015 podp\u00edsal Prof.Kri\u0161t\u00fafek Memorandum za SACCME bez vedomia ostatn\u00fdch \u010dlenov spr\u00e1vnej rady a ich s\u00fahlasu \/ SZU, Asoci\u00e1cia lek\u00e1rskych fak\u00falt, ASL SR\/. T\u00fdmto svojvo\u013en\u00fdm krokom de facto zanikol kolekt\u00edvny org\u00e1n, ktor\u00fd bol akceptovan\u00fd aj na medzin\u00e1rodnom f\u00f3re. SLK a SLS vytvorili spolo\u010dn\u00fa akredita\u010dn\u00fa radu, ktor\u00e1 bude zodpovedn\u00e1 za pride\u013eovanie kreditov. SLK sa st\u00e1va v r\u00e1mci akredita\u010dnej rady jedin\u00fdm subjektom, ktor\u00fd bude rozhodova\u0165 o pride\u013eovan\u00ed, evidovan\u00ed a uzn\u00e1van\u00ed kreditov.<\/span><\/p>\n<p>Nov\u00e9 s\u00fastavn\u00e9 vzdel\u00e1vanie ur\u010duje: akcie musia by\u0165 na internete, odpor\u00fa\u010dame zap\u00edsa\u0165 aj MDI<\/p>\n<p><span style=\"font-weight: 300;\">7. Zalo\u017eenie neziskovej organiz\u00e1cie pre granty na s\u00fastavn\u00e9 vzdel\u00e1vanie (s pr\u00e1vnymi \u00fakonmi pom\u00f4\u017ee Advok\u00e1tska firma \u017delezn\u00fd)<\/span><\/p>\n<p>&#8211; Schvalbov\u00e1 informovala o mo\u017enostiach ob\u010dianskeho zdru\u017eenia v tejto problematike;<\/p>\n<p>&#8211; Navrhnut\u00fd n\u00e1zov: Slovensk\u00e1 spolo\u010dnos\u0165 alergol\u00f3gie a klinickej imunol\u00f3gie SSAKI, o.z.<\/p>\n<p>&#8211; Odhlasovan\u00e9 &#8211; v\u0161etci pr\u00edtomn\u00ed: 13 HLASOV PRE<\/p>\n<p>&#8211; S\u00eddlo: SZU, Katedra KIA LF-SZU, Bratislava, Limbov\u00e1 6<\/p>\n<p>&#8211; Ciele: Podpora vzdel\u00e1vania v odbore KIA, k\u00fapa-predaj???<\/p>\n<p>&#8211; Org\u00e1ny: Valn\u00e9 zhroma\u017edenie, predseda, spr\u00e1vna rada, kontroln\u00fd v\u00fdbor<\/p>\n<p>&#8211; Opr\u00e1vnenie: pozri na nete pod\u013ea Spolo\u010dnosti v\u0161eobecn\u00fdch lek\u00e1rov Slovenska, o.z.<\/p>\n<p>&#8211; Zalo\u017ei\u0165 \u00fa\u010det a po\u0161tov\u00fa schr\u00e1nku, ohl\u00e1si\u0165 na rektor\u00e1te SZU (Pru\u017einec)<\/p>\n<p>8. Podklady zo \u017eivotopisu Prof. Hru\u0161kovi\u010da od Hanky Kayserovej z\u00edska Koss\u00e1rov\u00e1, fotku &#8211; Erika Barlov\u00e1, nekrol\u00f3g nap\u00ed\u0161u Doc. Hrubi\u0161ko, Pru\u017einec<\/p>\n<p>9. 30 ks \u010dasopisu KIA posla\u0165 Hochmuthovi do centier pe\u013eovej slu\u017eby (Pru\u017einec)<\/p>\n<p>10. Ocenenia: na MDI- zlat\u00e1 mediala SLS, srieborn\u00e1 medaila SLS, \u010destn\u00e9 \u010dl. bronzov\u00e1 medaila &#8211; men\u00e1 nezverej\u0148ujeme<\/p>\n<p>11. Akcie: &#8211; Dr. Ku\u017emov\u00e1 20. m\u00e1ja organizuje sl\u00e1vnostn\u00fa oslavu 20 rokov pracoviska Analyticko &#8211; &#8211; -diagnostick\u00e9 laborat\u00f3rium a ambulancie AdLa s.r.o. Pre\u0161ov<\/p>\n<p>&#8211; 27. apr\u00edla v stredu 9-16hod. PID \u2013 predn\u00e1\u0161aj\u00faci hostia: \u0160ediv\u00e1, 2x Praha, 1x Ma\u010farsko,<\/p>\n<p>12. Inform\u00e1cie a mo\u017enostiach \u010fal\u0161ieho kongresu informovali<\/p>\n<p>Schvalbov\u00e1 &#8211; v Pre\u0161ove nie je dostatok ubytovac\u00edch kapac\u00edt, predn\u00e1\u0161kov\u00e9 miestnosti by boli vhodn\u00e9;\u00a0Lap\u0161ansk\u00e1 &#8211; Vysok\u00e9 Tatry, Aqua City \u2013 tie\u017e ch\u00fdbaj\u00fa ubytovacie kapacity a nie je k dispoz\u00edcii dostato\u010dne ve\u013ek\u00e1 predn\u00e1\u0161kov\u00e1 s\u00e1la s paraleln\u00fdmi s\u00e1lami<\/p>\n<p>13. Na list prezidenta Doc. Panznera, ako nominova\u0165 slovensk\u00fdch odborn\u00edkov do predsedn\u00edctiev a organiza\u010dn\u00fdch v\u00fdborov na kongres do Plzne, odpor\u00fa\u010dame vyzva\u0165 jednotliv\u00fdch na\u0161ich odborn\u00edkov priamo organiza\u010dn\u00fdm v\u00fdborom, t.j. vybran\u00fdmi predsedami sekci\u00ed zo strany \u010desk\u00fdch kolegov<\/p>\n<p>14. Vrl\u00edk informoval o \u017eiadosti Imuna Pharm a.s. o stanovisko k zrovnopr\u00e1vneniu podmienok predpisovania lieku Immodin<\/p>\n<p>V\u00fdbor zast\u00e1va n\u00e1zor, aby lieky zaraden\u00e9 do tej istej liekovej skupiny, mali obdobn\u00e9 indika\u010dn\u00e9 a preskrip\u010dn\u00e9 obmedzenia (samozrejme za podmienky podr\u017eania SPC).<\/p>\n<p>15. N\u00e1vrh: Dr .Kov\u00e1\u010dov\u00e1 navrhuje pou\u017e\u00edvanie k\u00f3du 60e: observ\u00e1cia pacienta na expekta\u010dnom l\u00f4\u017eku minim. 1 hod. max. 4 hodiny\/600 bodov. S n\u00e1vrhom v\u00fdbor s\u00fahlasil , odovzd\u00e1 ho hlavn\u00fd odborn\u00edk na pois\u0165ov\u0148ach a na MZSR.<\/p>\n<p>\u201e&#8230;medic\u00ednske situ\u00e1cie rie\u0161en\u00e9 v ambulancii KIA vy\u017eaduj\u00face si minim\u00e1lne hodinov\u00fa diagnostiku \/ lie\u010dbu \/ expekt\u00e1ciu:<\/p>\n<p>&#8211; Anafylaktick\u00e1 reakcia<\/p>\n<p>&#8211; Astmatick\u00fd z\u00e1chvat<\/p>\n<p>&#8211; Z\u00e1va\u017en\u00e1 ak\u00fatna alergick\u00e1 reakcia<\/p>\n<p>&#8211; Pod\u00e1vanie intraven\u00f3znych imunoglobul\u00ednov a subkut\u00e1nnych imunoglobul\u00ednov<\/p>\n<p>&#8211; Klustrov\u00e1 alerg\u00e9nov\u00e1 imunoterapia (napr. v\u010dela, osa)<\/p>\n<p>&#8211; Testovanie liekovej alergie<\/p>\n<p>&#8211; Expozi\u010dn\u00e9 testy syst\u00e9movou expoz\u00edciou potrav\u00edn pod\u013ea \u0161tandardn\u00e9ho protokolu potravinovej alergie<\/p>\n<p>Upozor\u0148ujeme, \u017ee pr\u00edpadn\u00e9 \u010fal\u0161ie in vivo diagnostick\u00e9 testy sa vykazuj\u00fa zvl\u00e1\u0161\u0165 (prick testy, intrakut\u00e1nne testy, epikut\u00e1nne testy&#8230;)<\/p>\n<p>Od\u00f4vodnenie: tieto ambulantne vykonan\u00e9 vy\u0161etrenia lek\u00e1rovi a sestre re\u00e1lne zaber\u00fa nieko\u013eko hod\u00edn pr\u00e1ce, ale v\u00fdznamne \u0161etria n\u00e1klady na hospitaliz\u00e1ciu (alternat\u00edvnym rie\u0161en\u00edm dan\u00fdch pr\u00edpadov je toti\u017e iba prijatie pacienta na l\u00f4\u017ekov\u00e9 oddelenie).<\/p>\n<p>16. Vo\u013eby do v\u00fdboru SSAKI marec- apr\u00edl 2016<\/p>\n<p>Na vlastn\u00fa \u017eiados\u0165 sa o \u010dlenstvo v bud\u00facom v\u00fdbore nebud\u00fa uch\u00e1dza\u0165 Dr. Kov\u00e1\u010dov\u00e1 a Dr. Barlov\u00e1<\/p>\n<p>Navrhujeme 3 nov\u00fdch kandid\u00e1tov na volebn\u00fa listinu: Smie\u0161kov\u00e1, Hlinka, Jese\u0148\u00e1k.<\/p>\n<p>Odhlasovan\u00e9 zo 14 z\u00fa\u010dastnen\u00fdch 13 pre a 1 sa zdr\u017eal<\/p>\n<p>17. Informoval Vrl\u00edk: poslali sme logo SSAKI do Budape\u0161ti prezidentovi MAKIT, pre potreby kongresu Alp &#8211; Adria- Stredn\u00e1 Europa, o 4 roky putovn\u00fd kongres by mal by\u0165 na Slovensku.<\/p>\n<p>18. Pois\u0165ovne: Rie\u0161enie ch\u00fdbaj\u00facich diagnost\u00edk pre prick testy s\u013e\u00fabil z ALK Ing. Oravec, vybav\u00ed toleranciu pois\u0165ovn\u00ed o preklenut\u00ed v\u00fdpadu diagnost\u00edk z trhu a \u00fahradu pois\u0165ov\u0148ou.<\/p>\n<p>Pru\u017einec, Koss\u00e1rov\u00e1, Hochmuth, Hrubi\u0161ko: Chronick\u00e1 urtik\u00e1ria \u2013 individu\u00e1lne je nutn\u00e1 kontinu\u00e1lna lie\u010dba (Hl\u00f4\u0161ka- MZSR) &#8211; \u017eiados\u0165 na v\u0161etky pois\u0165ovne.<\/p>\n<p>19. Dzurillov\u00e1 informovala o zasadan\u00ed pr\u00edpravnej pracovnej skupiny, ktor\u00e1 zasadala v Prahe pre vypracovanie guidelinov pre reproduk\u010dn\u00fa imunol\u00f3giu: diagnostika, terapia. Po\u017eiadala o schv\u00e1lenie materi\u00e1lov, ktor\u00e9 bud\u00fa po kompletiz\u00e1cii poslan\u00e9 \u010dlenom v\u00fdboru mailom. A\u017e po ich schv\u00e1len\u00ed v\u00fdborom bude mo\u017en\u00e9 ofici\u00e1lne za\u010da\u0165 rokova\u0165 so zdravotn\u00fdmi pois\u0165ov\u0148ami.<\/p>\n<p>Doc. Hrubi\u0161ko informoval o netradi\u010dnom postupe pracoviska v BA (&#8222;Centrum reproduk\u010dnej imunologie&#8220;) a pod\u00e1van\u00ed parenter\u00e1lnych liekov nie pod\u013ea SPC- v\u00fdbor berie na vedomie, zodpovedn\u00fd je pod\u00e1vaj\u00faci lek\u00e1r<\/p>\n<p>20. V\u00fdbor schv\u00e1li preplatenie fakt\u00fary spolo\u010dnosti MEDIMPRO s.r.o. za administr\u00e1ciu webovej str\u00e1nky a zabezpe\u010denie kongresovej str\u00e1nky<\/p>\n<p>21. Kalend\u00e1r odborn\u00fdch akci\u00ed:<\/p>\n<p>18-19.3 . Gh\u00farove dni<\/p>\n<p>13-15.4. MDI<\/p>\n<p>27.4. PID Bratislava, Hotel Austria<\/p>\n<p>29.4. Vysok\u00e9 Tatry zasadnutie v\u00fdboru<\/p>\n<p>4-6.5. Bardejovsk\u00e9 dni \u2013 Hotel Alexander<\/p>\n<p>13-14.5. Litomy\u0161l<\/p>\n<p>20.5. Dr.Ku\u017emov\u00e1 stretnutie pri pr\u00edle\u017eitosti 20. v\u00fdro\u010dia zalo\u017eenia pracoviska AdLa s.r.o. Pre\u0161ov<\/p>\n<p>27-28.5. Alergia 2016<\/p>\n<p>3-4.6. Burza imunodeficienci\u00ed (Baxter) &#8211; Vig\u013ea\u0161<\/p>\n<p>11-15.6. EAACI Viede\u0148<\/p>\n<p>12-14.8. Letn\u00e1 \u0161kola imunol\u00f3gie<\/p>\n<p>12-15.10. \u010cSAKI-SSAKI kongres Plze\u0148<\/p>\n<p>Zap\u00edsala Dr.Koss\u00e1rov\u00e1<\/p>\n","protected":false},"excerpt":{"rendered":"<p>Z\u00e1pisnica zo zasadnutia v\u00fdboru SSAKI 4-6. 2. 2016 v \u017diline Pr\u00edtomn\u00ed:\u00a0Hrubi\u0161ko, Lap\u0161ansk\u00e1, Ko\u0161turiak, Mikler, Hochmuth, \u010ci\u017en\u00e1r, Dzurillov\u00e1, Barlov\u00e1, Kov\u00e1\u010dov\u00e1, Schvalbov\u00e1, Petriskov\u00e1, Pru\u017einec, Koss\u00e1rov\u00e1, Vrl\u00edk (ospravedlnen\u00fd za me\u0161kanie) Program : Na \u00favod zasadnutia si v\u0161etci&#46;&#46;&#46;<\/p>\n","protected":false},"author":1,"featured_media":0,"parent":19,"menu_order":0,"comment_status":"closed","ping_status":"closed","template":"","meta":{"footnotes":""},"class_list":["post-1180139","page","type-page","status-publish","hentry"],"yoast_head":"<!-- This site is optimized with the Yoast SEO plugin v27.4 - https:\/\/yoast.com\/product\/yoast-seo-wordpress\/ -->\n<title>Zo z\u00e1pisnice z 5.2.2016 - Slovensk\u00e1 spolo\u010dnos\u0165 alergol\u00f3gie a klinickej imunol\u00f3gie<\/title>\n<meta name=\"description\" content=\"Sme odborn\u00e1 splo\u010dnos\u0165, ktor\u00e1 zdru\u017euje klinick\u00fdch imunol\u00f3gov a alergol\u00f3gov, ako aj in\u00fdch odborn\u00edkov so z\u00e1ujmom o tento odbor. Na\u0161a spolo\u010dnos\u0165 je hlavn\u00fdm organiz\u00e1torom kontunu\u00e1lneho vzdel\u00e1vania v tomto odbore na Slovensku.\" \/>\n<meta name=\"robots\" content=\"index, follow, max-snippet:-1, max-image-preview:large, max-video-preview:-1\" \/>\n<link rel=\"canonical\" href=\"https:\/\/www.ssaki.eu\/?page_id=1180139\" \/>\n<meta property=\"og:locale\" content=\"sk_SK\" \/>\n<meta property=\"og:type\" content=\"article\" \/>\n<meta property=\"og:title\" content=\"Zo z\u00e1pisnice z 5.2.2016 - Slovensk\u00e1 spolo\u010dnos\u0165 alergol\u00f3gie a klinickej imunol\u00f3gie\" \/>\n<meta property=\"og:description\" content=\"Sme odborn\u00e1 splo\u010dnos\u0165, ktor\u00e1 zdru\u017euje klinick\u00fdch imunol\u00f3gov a alergol\u00f3gov, ako aj in\u00fdch odborn\u00edkov so z\u00e1ujmom o tento odbor. Na\u0161a spolo\u010dnos\u0165 je hlavn\u00fdm organiz\u00e1torom kontunu\u00e1lneho vzdel\u00e1vania v tomto odbore na Slovensku.\" \/>\n<meta property=\"og:url\" content=\"https:\/\/www.ssaki.eu\/?page_id=1180139\" \/>\n<meta property=\"og:site_name\" content=\"Slovensk\u00e1 spolo\u010dnos\u0165 alergol\u00f3gie a klinickej imunol\u00f3gie\" \/>\n<meta property=\"article:publisher\" content=\"https:\/\/www.facebook.com\/alergologoviaimunologoviaSK\" \/>\n<meta property=\"article:modified_time\" content=\"2016-03-06T15:24:57+00:00\" \/>\n<meta property=\"og:image\" content=\"https:\/\/www.ssaki.eu\/wp-content\/uploads\/2021\/01\/STOP_COVID_SSAKI-e1609772027682.png\" \/>\n\t<meta property=\"og:image:width\" content=\"640\" \/>\n\t<meta property=\"og:image:height\" content=\"360\" \/>\n\t<meta property=\"og:image:type\" content=\"image\/png\" \/>\n<meta name=\"twitter:card\" content=\"summary_large_image\" \/>\n<meta name=\"twitter:label1\" content=\"Predpokladan\u00fd \u010das \u010d\u00edtania\" \/>\n\t<meta name=\"twitter:data1\" content=\"7 min\u00fat\" \/>\n<script type=\"application\/ld+json\" class=\"yoast-schema-graph\">{\"@context\":\"https:\\\/\\\/schema.org\",\"@graph\":[{\"@type\":[\"WebPage\",\"MedicalWebPage\"],\"@id\":\"https:\\\/\\\/www.ssaki.eu\\\/?page_id=1180139\",\"url\":\"https:\\\/\\\/www.ssaki.eu\\\/?page_id=1180139\",\"name\":\"Zo z\u00e1pisnice z 5.2.2016 - Slovensk\u00e1 spolo\u010dnos\u0165 alergol\u00f3gie a klinickej imunol\u00f3gie\",\"isPartOf\":{\"@id\":\"https:\\\/\\\/www.ssaki.eu\\\/#website\"},\"datePublished\":\"2016-02-24T19:33:59+00:00\",\"dateModified\":\"2016-03-06T15:24:57+00:00\",\"description\":\"Sme odborn\u00e1 splo\u010dnos\u0165, ktor\u00e1 zdru\u017euje klinick\u00fdch imunol\u00f3gov a alergol\u00f3gov, ako aj in\u00fdch odborn\u00edkov so z\u00e1ujmom o tento odbor. Na\u0161a spolo\u010dnos\u0165 je hlavn\u00fdm organiz\u00e1torom kontunu\u00e1lneho vzdel\u00e1vania v tomto odbore na Slovensku.\",\"breadcrumb\":{\"@id\":\"https:\\\/\\\/www.ssaki.eu\\\/?page_id=1180139#breadcrumb\"},\"inLanguage\":\"sk-SK\",\"potentialAction\":[{\"@type\":\"ReadAction\",\"target\":[\"https:\\\/\\\/www.ssaki.eu\\\/?page_id=1180139\"]}]},{\"@type\":\"BreadcrumbList\",\"@id\":\"https:\\\/\\\/www.ssaki.eu\\\/?page_id=1180139#breadcrumb\",\"itemListElement\":[{\"@type\":\"ListItem\",\"position\":1,\"name\":\"Domovsk\u00e1 str\u00e1nka\",\"item\":\"https:\\\/\\\/www.ssaki.eu\\\/\"},{\"@type\":\"ListItem\",\"position\":2,\"name\":\"V\u00fdbor spolo\u010dnosti\",\"item\":\"https:\\\/\\\/www.ssaki.eu\\\/?page_id=11\"},{\"@type\":\"ListItem\",\"position\":3,\"name\":\"Zo z\u00e1pisn\u00edc\",\"item\":\"https:\\\/\\\/www.ssaki.eu\\\/?page_id=19\"},{\"@type\":\"ListItem\",\"position\":4,\"name\":\"Zo z\u00e1pisnice z 5.2.2016\"}]},{\"@type\":\"WebSite\",\"@id\":\"https:\\\/\\\/www.ssaki.eu\\\/#website\",\"url\":\"https:\\\/\\\/www.ssaki.eu\\\/\",\"name\":\"Slovensk\u00e1 spolo\u010dnos\u0165 alergol\u00f3gie a klinickej imunol\u00f3gie\",\"description\":\"\",\"publisher\":{\"@id\":\"https:\\\/\\\/www.ssaki.eu\\\/#organization\"},\"potentialAction\":[{\"@type\":\"SearchAction\",\"target\":{\"@type\":\"EntryPoint\",\"urlTemplate\":\"https:\\\/\\\/www.ssaki.eu\\\/?s={search_term_string}\"},\"query-input\":{\"@type\":\"PropertyValueSpecification\",\"valueRequired\":true,\"valueName\":\"search_term_string\"}}],\"inLanguage\":\"sk-SK\"},{\"@type\":\"Organization\",\"@id\":\"https:\\\/\\\/www.ssaki.eu\\\/#organization\",\"name\":\"Slovensk\u00e1 spolo\u010dnos\u0165 alergol\u00f3gie a klinickej imunol\u00f3gie\",\"url\":\"https:\\\/\\\/www.ssaki.eu\\\/\",\"logo\":{\"@type\":\"ImageObject\",\"inLanguage\":\"sk-SK\",\"@id\":\"https:\\\/\\\/www.ssaki.eu\\\/#\\\/schema\\\/logo\\\/image\\\/\",\"url\":\"https:\\\/\\\/www.ssaki.eu\\\/wp-content\\\/uploads\\\/2021\\\/01\\\/LOGO-1.png\",\"contentUrl\":\"https:\\\/\\\/www.ssaki.eu\\\/wp-content\\\/uploads\\\/2021\\\/01\\\/LOGO-1.png\",\"width\":1280,\"height\":720,\"caption\":\"Slovensk\u00e1 spolo\u010dnos\u0165 alergol\u00f3gie a klinickej imunol\u00f3gie\"},\"image\":{\"@id\":\"https:\\\/\\\/www.ssaki.eu\\\/#\\\/schema\\\/logo\\\/image\\\/\"},\"sameAs\":[\"https:\\\/\\\/www.facebook.com\\\/alergologoviaimunologoviaSK\"]}]}<\/script>\n<!-- \/ Yoast SEO plugin. -->","yoast_head_json":{"title":"Zo z\u00e1pisnice z 5.2.2016 - Slovensk\u00e1 spolo\u010dnos\u0165 alergol\u00f3gie a klinickej imunol\u00f3gie","description":"Sme odborn\u00e1 splo\u010dnos\u0165, ktor\u00e1 zdru\u017euje klinick\u00fdch imunol\u00f3gov a alergol\u00f3gov, ako aj in\u00fdch odborn\u00edkov so z\u00e1ujmom o tento odbor. Na\u0161a spolo\u010dnos\u0165 je hlavn\u00fdm organiz\u00e1torom kontunu\u00e1lneho vzdel\u00e1vania v tomto odbore na Slovensku.","robots":{"index":"index","follow":"follow","max-snippet":"max-snippet:-1","max-image-preview":"max-image-preview:large","max-video-preview":"max-video-preview:-1"},"canonical":"https:\/\/www.ssaki.eu\/?page_id=1180139","og_locale":"sk_SK","og_type":"article","og_title":"Zo z\u00e1pisnice z 5.2.2016 - Slovensk\u00e1 spolo\u010dnos\u0165 alergol\u00f3gie a klinickej imunol\u00f3gie","og_description":"Sme odborn\u00e1 splo\u010dnos\u0165, ktor\u00e1 zdru\u017euje klinick\u00fdch imunol\u00f3gov a alergol\u00f3gov, ako aj in\u00fdch odborn\u00edkov so z\u00e1ujmom o tento odbor. Na\u0161a spolo\u010dnos\u0165 je hlavn\u00fdm organiz\u00e1torom kontunu\u00e1lneho vzdel\u00e1vania v tomto odbore na Slovensku.","og_url":"https:\/\/www.ssaki.eu\/?page_id=1180139","og_site_name":"Slovensk\u00e1 spolo\u010dnos\u0165 alergol\u00f3gie a klinickej imunol\u00f3gie","article_publisher":"https:\/\/www.facebook.com\/alergologoviaimunologoviaSK","article_modified_time":"2016-03-06T15:24:57+00:00","og_image":[{"width":640,"height":360,"url":"https:\/\/www.ssaki.eu\/wp-content\/uploads\/2021\/01\/STOP_COVID_SSAKI-e1609772027682.png","type":"image\/png"}],"twitter_card":"summary_large_image","twitter_misc":{"Predpokladan\u00fd \u010das \u010d\u00edtania":"7 min\u00fat"},"schema":{"@context":"https:\/\/schema.org","@graph":[{"@type":["WebPage","MedicalWebPage"],"@id":"https:\/\/www.ssaki.eu\/?page_id=1180139","url":"https:\/\/www.ssaki.eu\/?page_id=1180139","name":"Zo z\u00e1pisnice z 5.2.2016 - Slovensk\u00e1 spolo\u010dnos\u0165 alergol\u00f3gie a klinickej imunol\u00f3gie","isPartOf":{"@id":"https:\/\/www.ssaki.eu\/#website"},"datePublished":"2016-02-24T19:33:59+00:00","dateModified":"2016-03-06T15:24:57+00:00","description":"Sme odborn\u00e1 splo\u010dnos\u0165, ktor\u00e1 zdru\u017euje klinick\u00fdch imunol\u00f3gov a alergol\u00f3gov, ako aj in\u00fdch odborn\u00edkov so z\u00e1ujmom o tento odbor. Na\u0161a spolo\u010dnos\u0165 je hlavn\u00fdm organiz\u00e1torom kontunu\u00e1lneho vzdel\u00e1vania v tomto odbore na Slovensku.","breadcrumb":{"@id":"https:\/\/www.ssaki.eu\/?page_id=1180139#breadcrumb"},"inLanguage":"sk-SK","potentialAction":[{"@type":"ReadAction","target":["https:\/\/www.ssaki.eu\/?page_id=1180139"]}]},{"@type":"BreadcrumbList","@id":"https:\/\/www.ssaki.eu\/?page_id=1180139#breadcrumb","itemListElement":[{"@type":"ListItem","position":1,"name":"Domovsk\u00e1 str\u00e1nka","item":"https:\/\/www.ssaki.eu\/"},{"@type":"ListItem","position":2,"name":"V\u00fdbor spolo\u010dnosti","item":"https:\/\/www.ssaki.eu\/?page_id=11"},{"@type":"ListItem","position":3,"name":"Zo z\u00e1pisn\u00edc","item":"https:\/\/www.ssaki.eu\/?page_id=19"},{"@type":"ListItem","position":4,"name":"Zo z\u00e1pisnice z 5.2.2016"}]},{"@type":"WebSite","@id":"https:\/\/www.ssaki.eu\/#website","url":"https:\/\/www.ssaki.eu\/","name":"Slovensk\u00e1 spolo\u010dnos\u0165 alergol\u00f3gie a klinickej imunol\u00f3gie","description":"","publisher":{"@id":"https:\/\/www.ssaki.eu\/#organization"},"potentialAction":[{"@type":"SearchAction","target":{"@type":"EntryPoint","urlTemplate":"https:\/\/www.ssaki.eu\/?s={search_term_string}"},"query-input":{"@type":"PropertyValueSpecification","valueRequired":true,"valueName":"search_term_string"}}],"inLanguage":"sk-SK"},{"@type":"Organization","@id":"https:\/\/www.ssaki.eu\/#organization","name":"Slovensk\u00e1 spolo\u010dnos\u0165 alergol\u00f3gie a klinickej imunol\u00f3gie","url":"https:\/\/www.ssaki.eu\/","logo":{"@type":"ImageObject","inLanguage":"sk-SK","@id":"https:\/\/www.ssaki.eu\/#\/schema\/logo\/image\/","url":"https:\/\/www.ssaki.eu\/wp-content\/uploads\/2021\/01\/LOGO-1.png","contentUrl":"https:\/\/www.ssaki.eu\/wp-content\/uploads\/2021\/01\/LOGO-1.png","width":1280,"height":720,"caption":"Slovensk\u00e1 spolo\u010dnos\u0165 alergol\u00f3gie a klinickej imunol\u00f3gie"},"image":{"@id":"https:\/\/www.ssaki.eu\/#\/schema\/logo\/image\/"},"sameAs":["https:\/\/www.facebook.com\/alergologoviaimunologoviaSK"]}]}},"_links":{"self":[{"href":"https:\/\/www.ssaki.eu\/index.php?rest_route=\/wp\/v2\/pages\/1180139","targetHints":{"allow":["GET"]}}],"collection":[{"href":"https:\/\/www.ssaki.eu\/index.php?rest_route=\/wp\/v2\/pages"}],"about":[{"href":"https:\/\/www.ssaki.eu\/index.php?rest_route=\/wp\/v2\/types\/page"}],"author":[{"embeddable":true,"href":"https:\/\/www.ssaki.eu\/index.php?rest_route=\/wp\/v2\/users\/1"}],"replies":[{"embeddable":true,"href":"https:\/\/www.ssaki.eu\/index.php?rest_route=%2Fwp%2Fv2%2Fcomments&post=1180139"}],"version-history":[{"count":4,"href":"https:\/\/www.ssaki.eu\/index.php?rest_route=\/wp\/v2\/pages\/1180139\/revisions"}],"predecessor-version":[{"id":1203006,"href":"https:\/\/www.ssaki.eu\/index.php?rest_route=\/wp\/v2\/pages\/1180139\/revisions\/1203006"}],"up":[{"embeddable":true,"href":"https:\/\/www.ssaki.eu\/index.php?rest_route=\/wp\/v2\/pages\/19"}],"wp:attachment":[{"href":"https:\/\/www.ssaki.eu\/index.php?rest_route=%2Fwp%2Fv2%2Fmedia&parent=1180139"}],"curies":[{"name":"wp","href":"https:\/\/api.w.org\/{rel}","templated":true}]}}