{"id":1409262,"date":"2016-06-17T07:21:41","date_gmt":"2016-06-17T05:21:41","guid":{"rendered":"http:\/\/www.ssaki.eu\/?page_id=1409262"},"modified":"2016-06-17T07:21:41","modified_gmt":"2016-06-17T05:21:41","slug":"list-profesorovi-novakovi-a-vyboru-sims-o-mieste-konania-kongresu-v-roku-2017","status":"publish","type":"page","link":"https:\/\/www.ssaki.eu\/?page_id=1409262","title":{"rendered":"List profesorovi Nov\u00e1kovi a V\u00fdboru SIMS o mieste konania kongresu v roku 2017"},"content":{"rendered":"<p>V\u00e1\u017een\u00fd p\u00e1n profesor, v\u00e1\u017een\u00ed \u010dlenovia v\u00fdboru SIMS.<\/p>\n<p>Je n\u00e1m ve\u013emi \u013e\u00fato, \u017ee na dlh\u0161ie uva\u017eovanie, pr\u00edpadne spolo\u010dn\u00e9 stretnutie a spolo\u010dn\u00fa n\u00e1v\u0161tevu oboch destin\u00e1ci\u00ed neost\u00e1va \u010das, o va\u0161om n\u00e1vrhu sme sa dozvedeli neskoro. Napriek tomu sa \u010dlenovia v\u00fdboru SSAKI v\u00e1\u017ene va\u0161im n\u00e1vrhom oh\u013eadom miesta konania kongresu SSAKI\/\u010cSAKI a SIMS\/\u010cIS, ktor\u00fd sa na z\u00e1klade zau\u017e\u00edvanej periodicity bude v r. 2017 kona\u0165 na Slovensku, zaoberali.<\/p>\n<p>N\u00e1\u0161 vedeck\u00fd sekret\u00e1r sa navy\u0161e seri\u00f3zne zaoberal finan\u010dnou kalkul\u00e1ciou, ktor\u00e1 okrem pon\u00faknutej sympatickej ceny za pren\u00e1jom hlavnej s\u00e1ly zah\u0155\u0148a mnoho \u010fal\u0161\u00edch a nie nepodstatn\u00fdch polo\u017eiek &#8211; tie najd\u00f4le\u017eitej\u0161ie vymenujem: n\u00e1klady na ubytovanie pozvan\u00fdch host\u00ed (toto tradi\u010dne hrad\u00ed SSAKI, mimochodom opakovane a v\u017edy hradila aj pozvan\u00fdm predn\u00e1\u0161aj\u00facim za SIMS!), n\u00e1klady vystavuj\u00facich firiem za prenajat\u00fa plochu, resp. st\u00e1nky (od t\u00fdchto n\u00e1kladov z\u00e1vis\u00ed, ko\u013eko firiem pr\u00edde), n\u00e1klady za 2 rauty (uv\u00edtac\u00ed ve\u010der, nasleduj\u00faci spolo\u010densk\u00fd ve\u010der), n\u00e1klady na pren\u00e1jom premietacej techniky, zabezpe\u010denie premieta\u010dov&#8230; &#8211; a potom u\u017e v\u00f4bec n\u00e1klady na kongres konan\u00fd v \u0160amor\u00edne nevych\u00e1dzaj\u00fa lacno, resp. vych\u00e1dzaj\u00fa drah\u0161ie, ako toto v\u0161etko v hoteli Bellevue (vi\u010f. pr\u00edlohu na konci e-mailu).<\/p>\n<p>Ja tu navy\u0161e \u010fal\u0161\u00ed a pre n\u00e1s nie nepodstatn\u00fd argument &#8211; tak ako je zau\u017e\u00edvan\u00e1 Slovensko &#8211; \u010cesk\u00e1 periodicita, je aj v r\u00e1mci na\u0161ich kongresov konan\u00fdch na Slovensku tie\u017e zau\u017e\u00edvan\u00e1 periodicita &#8211; striedame z\u00e1pad &#8211; stred &#8211; v\u00fdchod, a ke\u010f\u017ee ostatn\u00e9 2 kongresy boli v Bratislave, resp. v \u017diline, poradie teraz vych\u00e1dza na v\u00fdchod &#8211; \u010do je \u010fal\u0161\u00ed argument pre Vysok\u00e9 Tatry.<\/p>\n<p>No a na z\u00e1ver, ale nie v neposlednom rade, ke\u010f sme s \u010desk\u00fdmi kolegami na ostatn\u00fdch kongresoch v \u017diline, a potom v Martine, preberali kam by radi pri\u0161li, naj\u010dastej\u0161ie odpovedali &#8222;a co takhle do Tater&#8220;.<\/p>\n<p>Tak\u017ee, na z\u00e1klade zrelej \u00favahy v\u00fdbor SSAKI dospel k jednozna\u010dnej vo\u013ebe &#8211; kongres budeme organizova\u0165 v okt\u00f3bri 2017 vo vysok\u00fdch Tatr\u00e1ch v hoteli Bellevue. Radi priv\u00edtame ako spoluorganiz\u00e1tora Slovensk\u00fa imunologick\u00fa spolo\u010dnos\u0165 &#8211; SIMS. Zo strany SSAKI pon\u00fakame SIMS priestor na odborn\u00e9 predn\u00e1\u0161ky &#8211; \u010dasov\u00fd, priestory (s\u00e1lu), techniku a premieta\u010dov (n\u00e1klady, ktor\u00e9 SIMS u\u0161etr\u00edme).<\/p>\n<p>Za v\u00fdbor SSAKI, 15.6.2016,<\/p>\n<p>Doc. MUDr. Martin Hrubi\u0161ko, PhD., mim. profesor, predseda v\u00fdboru SSAKI.<\/p>\n","protected":false},"excerpt":{"rendered":"<p>V\u00e1\u017een\u00fd p\u00e1n profesor, v\u00e1\u017een\u00ed \u010dlenovia v\u00fdboru SIMS. Je n\u00e1m ve\u013emi \u013e\u00fato, \u017ee na dlh\u0161ie uva\u017eovanie, pr\u00edpadne spolo\u010dn\u00e9 stretnutie a spolo\u010dn\u00fa n\u00e1v\u0161tevu oboch destin\u00e1ci\u00ed neost\u00e1va \u010das, o va\u0161om n\u00e1vrhu sme sa dozvedeli neskoro. Napriek tomu&#46;&#46;&#46;<\/p>\n","protected":false},"author":1,"featured_media":0,"parent":0,"menu_order":0,"comment_status":"closed","ping_status":"closed","template":"","meta":{"footnotes":""},"class_list":["post-1409262","page","type-page","status-publish","hentry"],"yoast_head":"<!-- This site is optimized with the Yoast SEO plugin v27.4 - https:\/\/yoast.com\/product\/yoast-seo-wordpress\/ -->\n<title>List profesorovi Nov\u00e1kovi a V\u00fdboru SIMS o mieste konania kongresu v roku 2017 - Slovensk\u00e1 spolo\u010dnos\u0165 alergol\u00f3gie a klinickej imunol\u00f3gie<\/title>\n<meta name=\"description\" content=\"Sme odborn\u00e1 splo\u010dnos\u0165, ktor\u00e1 zdru\u017euje klinick\u00fdch imunol\u00f3gov a alergol\u00f3gov, ako aj in\u00fdch odborn\u00edkov so z\u00e1ujmom o tento odbor. Na\u0161a spolo\u010dnos\u0165 je hlavn\u00fdm organiz\u00e1torom kontunu\u00e1lneho vzdel\u00e1vania v tomto odbore na Slovensku.\" \/>\n<meta name=\"robots\" content=\"index, follow, max-snippet:-1, max-image-preview:large, max-video-preview:-1\" \/>\n<link rel=\"canonical\" href=\"https:\/\/www.ssaki.eu\/?page_id=1409262\" \/>\n<meta property=\"og:locale\" content=\"sk_SK\" \/>\n<meta property=\"og:type\" content=\"article\" \/>\n<meta property=\"og:title\" content=\"List profesorovi Nov\u00e1kovi a V\u00fdboru SIMS o mieste konania kongresu v roku 2017 - Slovensk\u00e1 spolo\u010dnos\u0165 alergol\u00f3gie a klinickej imunol\u00f3gie\" \/>\n<meta property=\"og:description\" content=\"Sme odborn\u00e1 splo\u010dnos\u0165, ktor\u00e1 zdru\u017euje klinick\u00fdch imunol\u00f3gov a alergol\u00f3gov, ako aj in\u00fdch odborn\u00edkov so z\u00e1ujmom o tento odbor. Na\u0161a spolo\u010dnos\u0165 je hlavn\u00fdm organiz\u00e1torom kontunu\u00e1lneho vzdel\u00e1vania v tomto odbore na Slovensku.\" \/>\n<meta property=\"og:url\" content=\"https:\/\/www.ssaki.eu\/?page_id=1409262\" \/>\n<meta property=\"og:site_name\" content=\"Slovensk\u00e1 spolo\u010dnos\u0165 alergol\u00f3gie a klinickej imunol\u00f3gie\" \/>\n<meta property=\"article:publisher\" content=\"https:\/\/www.facebook.com\/alergologoviaimunologoviaSK\" \/>\n<meta property=\"og:image\" content=\"https:\/\/www.ssaki.eu\/wp-content\/uploads\/2021\/01\/STOP_COVID_SSAKI-e1609772027682.png\" \/>\n\t<meta property=\"og:image:width\" content=\"640\" \/>\n\t<meta property=\"og:image:height\" content=\"360\" \/>\n\t<meta property=\"og:image:type\" content=\"image\/png\" \/>\n<meta name=\"twitter:card\" content=\"summary_large_image\" \/>\n<meta name=\"twitter:label1\" content=\"Predpokladan\u00fd \u010das \u010d\u00edtania\" \/>\n\t<meta name=\"twitter:data1\" content=\"2 min\u00faty\" \/>\n<script type=\"application\/ld+json\" class=\"yoast-schema-graph\">{\"@context\":\"https:\\\/\\\/schema.org\",\"@graph\":[{\"@type\":[\"WebPage\",\"MedicalWebPage\"],\"@id\":\"https:\\\/\\\/www.ssaki.eu\\\/?page_id=1409262\",\"url\":\"https:\\\/\\\/www.ssaki.eu\\\/?page_id=1409262\",\"name\":\"List profesorovi Nov\u00e1kovi a V\u00fdboru SIMS o mieste konania kongresu v roku 2017 - Slovensk\u00e1 spolo\u010dnos\u0165 alergol\u00f3gie a klinickej imunol\u00f3gie\",\"isPartOf\":{\"@id\":\"https:\\\/\\\/www.ssaki.eu\\\/#website\"},\"datePublished\":\"2016-06-17T05:21:41+00:00\",\"description\":\"Sme odborn\u00e1 splo\u010dnos\u0165, ktor\u00e1 zdru\u017euje klinick\u00fdch imunol\u00f3gov a alergol\u00f3gov, ako aj in\u00fdch odborn\u00edkov so z\u00e1ujmom o tento odbor. Na\u0161a spolo\u010dnos\u0165 je hlavn\u00fdm organiz\u00e1torom kontunu\u00e1lneho vzdel\u00e1vania v tomto odbore na Slovensku.\",\"breadcrumb\":{\"@id\":\"https:\\\/\\\/www.ssaki.eu\\\/?page_id=1409262#breadcrumb\"},\"inLanguage\":\"sk-SK\",\"potentialAction\":[{\"@type\":\"ReadAction\",\"target\":[\"https:\\\/\\\/www.ssaki.eu\\\/?page_id=1409262\"]}]},{\"@type\":\"BreadcrumbList\",\"@id\":\"https:\\\/\\\/www.ssaki.eu\\\/?page_id=1409262#breadcrumb\",\"itemListElement\":[{\"@type\":\"ListItem\",\"position\":1,\"name\":\"Domovsk\u00e1 str\u00e1nka\",\"item\":\"https:\\\/\\\/www.ssaki.eu\\\/\"},{\"@type\":\"ListItem\",\"position\":2,\"name\":\"List profesorovi Nov\u00e1kovi a V\u00fdboru SIMS o mieste konania kongresu v roku 2017\"}]},{\"@type\":\"WebSite\",\"@id\":\"https:\\\/\\\/www.ssaki.eu\\\/#website\",\"url\":\"https:\\\/\\\/www.ssaki.eu\\\/\",\"name\":\"Slovensk\u00e1 spolo\u010dnos\u0165 alergol\u00f3gie a klinickej imunol\u00f3gie\",\"description\":\"\",\"publisher\":{\"@id\":\"https:\\\/\\\/www.ssaki.eu\\\/#organization\"},\"potentialAction\":[{\"@type\":\"SearchAction\",\"target\":{\"@type\":\"EntryPoint\",\"urlTemplate\":\"https:\\\/\\\/www.ssaki.eu\\\/?s={search_term_string}\"},\"query-input\":{\"@type\":\"PropertyValueSpecification\",\"valueRequired\":true,\"valueName\":\"search_term_string\"}}],\"inLanguage\":\"sk-SK\"},{\"@type\":\"Organization\",\"@id\":\"https:\\\/\\\/www.ssaki.eu\\\/#organization\",\"name\":\"Slovensk\u00e1 spolo\u010dnos\u0165 alergol\u00f3gie a klinickej imunol\u00f3gie\",\"url\":\"https:\\\/\\\/www.ssaki.eu\\\/\",\"logo\":{\"@type\":\"ImageObject\",\"inLanguage\":\"sk-SK\",\"@id\":\"https:\\\/\\\/www.ssaki.eu\\\/#\\\/schema\\\/logo\\\/image\\\/\",\"url\":\"https:\\\/\\\/www.ssaki.eu\\\/wp-content\\\/uploads\\\/2021\\\/01\\\/LOGO-1.png\",\"contentUrl\":\"https:\\\/\\\/www.ssaki.eu\\\/wp-content\\\/uploads\\\/2021\\\/01\\\/LOGO-1.png\",\"width\":1280,\"height\":720,\"caption\":\"Slovensk\u00e1 spolo\u010dnos\u0165 alergol\u00f3gie a klinickej imunol\u00f3gie\"},\"image\":{\"@id\":\"https:\\\/\\\/www.ssaki.eu\\\/#\\\/schema\\\/logo\\\/image\\\/\"},\"sameAs\":[\"https:\\\/\\\/www.facebook.com\\\/alergologoviaimunologoviaSK\"]}]}<\/script>\n<!-- \/ Yoast SEO plugin. -->","yoast_head_json":{"title":"List profesorovi Nov\u00e1kovi a V\u00fdboru SIMS o mieste konania kongresu v roku 2017 - Slovensk\u00e1 spolo\u010dnos\u0165 alergol\u00f3gie a klinickej imunol\u00f3gie","description":"Sme odborn\u00e1 splo\u010dnos\u0165, ktor\u00e1 zdru\u017euje klinick\u00fdch imunol\u00f3gov a alergol\u00f3gov, ako aj in\u00fdch odborn\u00edkov so z\u00e1ujmom o tento odbor. Na\u0161a spolo\u010dnos\u0165 je hlavn\u00fdm organiz\u00e1torom kontunu\u00e1lneho vzdel\u00e1vania v tomto odbore na Slovensku.","robots":{"index":"index","follow":"follow","max-snippet":"max-snippet:-1","max-image-preview":"max-image-preview:large","max-video-preview":"max-video-preview:-1"},"canonical":"https:\/\/www.ssaki.eu\/?page_id=1409262","og_locale":"sk_SK","og_type":"article","og_title":"List profesorovi Nov\u00e1kovi a V\u00fdboru SIMS o mieste konania kongresu v roku 2017 - Slovensk\u00e1 spolo\u010dnos\u0165 alergol\u00f3gie a klinickej imunol\u00f3gie","og_description":"Sme odborn\u00e1 splo\u010dnos\u0165, ktor\u00e1 zdru\u017euje klinick\u00fdch imunol\u00f3gov a alergol\u00f3gov, ako aj in\u00fdch odborn\u00edkov so z\u00e1ujmom o tento odbor. Na\u0161a spolo\u010dnos\u0165 je hlavn\u00fdm organiz\u00e1torom kontunu\u00e1lneho vzdel\u00e1vania v tomto odbore na Slovensku.","og_url":"https:\/\/www.ssaki.eu\/?page_id=1409262","og_site_name":"Slovensk\u00e1 spolo\u010dnos\u0165 alergol\u00f3gie a klinickej imunol\u00f3gie","article_publisher":"https:\/\/www.facebook.com\/alergologoviaimunologoviaSK","og_image":[{"width":640,"height":360,"url":"https:\/\/www.ssaki.eu\/wp-content\/uploads\/2021\/01\/STOP_COVID_SSAKI-e1609772027682.png","type":"image\/png"}],"twitter_card":"summary_large_image","twitter_misc":{"Predpokladan\u00fd \u010das \u010d\u00edtania":"2 min\u00faty"},"schema":{"@context":"https:\/\/schema.org","@graph":[{"@type":["WebPage","MedicalWebPage"],"@id":"https:\/\/www.ssaki.eu\/?page_id=1409262","url":"https:\/\/www.ssaki.eu\/?page_id=1409262","name":"List profesorovi Nov\u00e1kovi a V\u00fdboru SIMS o mieste konania kongresu v roku 2017 - Slovensk\u00e1 spolo\u010dnos\u0165 alergol\u00f3gie a klinickej imunol\u00f3gie","isPartOf":{"@id":"https:\/\/www.ssaki.eu\/#website"},"datePublished":"2016-06-17T05:21:41+00:00","description":"Sme odborn\u00e1 splo\u010dnos\u0165, ktor\u00e1 zdru\u017euje klinick\u00fdch imunol\u00f3gov a alergol\u00f3gov, ako aj in\u00fdch odborn\u00edkov so z\u00e1ujmom o tento odbor. Na\u0161a spolo\u010dnos\u0165 je hlavn\u00fdm organiz\u00e1torom kontunu\u00e1lneho vzdel\u00e1vania v tomto odbore na Slovensku.","breadcrumb":{"@id":"https:\/\/www.ssaki.eu\/?page_id=1409262#breadcrumb"},"inLanguage":"sk-SK","potentialAction":[{"@type":"ReadAction","target":["https:\/\/www.ssaki.eu\/?page_id=1409262"]}]},{"@type":"BreadcrumbList","@id":"https:\/\/www.ssaki.eu\/?page_id=1409262#breadcrumb","itemListElement":[{"@type":"ListItem","position":1,"name":"Domovsk\u00e1 str\u00e1nka","item":"https:\/\/www.ssaki.eu\/"},{"@type":"ListItem","position":2,"name":"List profesorovi Nov\u00e1kovi a V\u00fdboru SIMS o mieste konania kongresu v roku 2017"}]},{"@type":"WebSite","@id":"https:\/\/www.ssaki.eu\/#website","url":"https:\/\/www.ssaki.eu\/","name":"Slovensk\u00e1 spolo\u010dnos\u0165 alergol\u00f3gie a klinickej imunol\u00f3gie","description":"","publisher":{"@id":"https:\/\/www.ssaki.eu\/#organization"},"potentialAction":[{"@type":"SearchAction","target":{"@type":"EntryPoint","urlTemplate":"https:\/\/www.ssaki.eu\/?s={search_term_string}"},"query-input":{"@type":"PropertyValueSpecification","valueRequired":true,"valueName":"search_term_string"}}],"inLanguage":"sk-SK"},{"@type":"Organization","@id":"https:\/\/www.ssaki.eu\/#organization","name":"Slovensk\u00e1 spolo\u010dnos\u0165 alergol\u00f3gie a klinickej imunol\u00f3gie","url":"https:\/\/www.ssaki.eu\/","logo":{"@type":"ImageObject","inLanguage":"sk-SK","@id":"https:\/\/www.ssaki.eu\/#\/schema\/logo\/image\/","url":"https:\/\/www.ssaki.eu\/wp-content\/uploads\/2021\/01\/LOGO-1.png","contentUrl":"https:\/\/www.ssaki.eu\/wp-content\/uploads\/2021\/01\/LOGO-1.png","width":1280,"height":720,"caption":"Slovensk\u00e1 spolo\u010dnos\u0165 alergol\u00f3gie a klinickej imunol\u00f3gie"},"image":{"@id":"https:\/\/www.ssaki.eu\/#\/schema\/logo\/image\/"},"sameAs":["https:\/\/www.facebook.com\/alergologoviaimunologoviaSK"]}]}},"_links":{"self":[{"href":"https:\/\/www.ssaki.eu\/index.php?rest_route=\/wp\/v2\/pages\/1409262","targetHints":{"allow":["GET"]}}],"collection":[{"href":"https:\/\/www.ssaki.eu\/index.php?rest_route=\/wp\/v2\/pages"}],"about":[{"href":"https:\/\/www.ssaki.eu\/index.php?rest_route=\/wp\/v2\/types\/page"}],"author":[{"embeddable":true,"href":"https:\/\/www.ssaki.eu\/index.php?rest_route=\/wp\/v2\/users\/1"}],"replies":[{"embeddable":true,"href":"https:\/\/www.ssaki.eu\/index.php?rest_route=%2Fwp%2Fv2%2Fcomments&post=1409262"}],"version-history":[{"count":1,"href":"https:\/\/www.ssaki.eu\/index.php?rest_route=\/wp\/v2\/pages\/1409262\/revisions"}],"predecessor-version":[{"id":1409352,"href":"https:\/\/www.ssaki.eu\/index.php?rest_route=\/wp\/v2\/pages\/1409262\/revisions\/1409352"}],"wp:attachment":[{"href":"https:\/\/www.ssaki.eu\/index.php?rest_route=%2Fwp%2Fv2%2Fmedia&parent=1409262"}],"curies":[{"name":"wp","href":"https:\/\/api.w.org\/{rel}","templated":true}]}}