{"id":1409447,"date":"2016-06-17T08:32:31","date_gmt":"2016-06-17T06:32:31","guid":{"rendered":"http:\/\/www.ssaki.eu\/?page_id=1409447"},"modified":"2016-06-17T08:32:31","modified_gmt":"2016-06-17T06:32:31","slug":"zo-zapisnice-z-9-6-2016","status":"publish","type":"page","link":"https:\/\/www.ssaki.eu\/?page_id=1409447","title":{"rendered":"Zo z\u00e1pisnice z 9.6.2016"},"content":{"rendered":"<p dir=\"ltr\">Z\u00e1pisnica \u00a0zo zasadnutia V\u00fdboru SSAKI d\u0148a 9.6.2016.<\/p>\n<p dir=\"ltr\">Pr\u00edtomn\u00ed: M. Hrubi\u0161ko, P. Pru\u017einec, R. Ko\u0161turiak, M. Vrl\u00edk, J. Petriskov\u00e1, L. Hochmuth, J. Mikler, K. Koss\u00e1rov\u00e1, M. Schvalbov\u00e1, E. Dzurillov\u00e1, M. Jese\u0148\u00e1k, Z. Kov\u00e1\u010dov\u00e1, I. Hlinka, A. Smie\u0161kov\u00e1, E. Lap\u0161ansk\u00e1<\/p>\n<p dir=\"ltr\">Ospravedlnen\u00fd: P. \u010ci\u017en\u00e1r, E. Barlov\u00e1<\/p>\n<p dir=\"ltr\">Program:<\/p>\n<ol>\n<li dir=\"ltr\">\n<p dir=\"ltr\">Spr\u00e1va predsedn\u00ed\u010dky volebnej komisie &#8211; MUDr. J. Michali\u010dkovej &#8211; o\u00a0v\u00fdsledku volieb 2016 do v\u00fdboru SSAKI: na z\u00e1klade hlasovania bolo zvolen\u00fdch do V\u00fdboru SSAKI 11 \u010dlenov: M. Hrubi\u0161ko, P. Pru\u017einec, M. Jese\u0148\u00e1k, P. \u010ci\u017en\u00e1r, R. Ko\u0161turiak, L. Hochmuth, I. Hlinka, K. Koss\u00e1rov\u00e1, J. Petriskov\u00e1, M. Schvalbov\u00e1, E. Lap\u0161ansk\u00e1.\u00a0Do Dozornej rady boli zvolen\u00ed 4 \u010dlenovia: E. Dzurillov\u00e1, J. Mikler, A. Smie\u0161kov\u00e1. a\u00a0M. Vrl\u00edk. (vi\u010f z\u00e1pisnica)<\/p>\n<\/li>\n<\/ol>\n<ol start=\"2\">\n<li dir=\"ltr\">\n<p dir=\"ltr\">MUDr. M. Vrl\u00edk, CSc. sa\u00a0vzdal funkcie \u010dlenstva v\u00a0dozornej rade v\u00a0prospech MUDr. A. Smie\u0161kovej, s\u00a0ktorou mal rovnak\u00fd po\u010det hlasov.<\/p>\n<\/li>\n<li dir=\"ltr\">\n<p dir=\"ltr\">Tajn\u00fdm hlasovan\u00edm bol do funkcie predsedu v\u00fdboru zvolen\u00fd: m. prof. MUDr. Martin Hrubi\u0161ko, PhD.,<\/p>\n<\/li>\n<li dir=\"ltr\">\n<p dir=\"ltr\">Tajn\u00fdm hlasovan\u00edm bol do funkcie vedeck\u00e9ho sekret\u00e1ra zvolen\u00fd: m. prof. MUDr. Peter Pru\u017einec, CSc.<\/p>\n<\/li>\n<li dir=\"ltr\">\n<p dir=\"ltr\">Tajn\u00fdm hlasovan\u00edm bola do funkcie predsedn\u00ed\u010dky DR zvolen\u00e1: MUDr. Eva Dzurillov\u00e1.<\/p>\n<\/li>\n<li dir=\"ltr\">\n<p dir=\"ltr\">Reakciu na list doc. MUDr. N. Lukana, PhD. o \u201eNapadnut\u00ed volieb\u201c\u2013 priprav\u00ed na z\u00e1klade pripomienok v\u00fdboru m.prof. MUDr. P. Pru\u017einec, CSc.<\/p>\n<\/li>\n<li dir=\"ltr\">\n<p dir=\"ltr\">Diagnostika imunologick\u00fdch pr\u00ed\u010din neplodnosti \u2013 n\u00e1vrh na Guidelines &#8211; pripomienky do konca pr\u00e1zdnin.<\/p>\n<\/li>\n<li dir=\"ltr\">\n<p dir=\"ltr\">Lie\u010dba imunoglobul\u00ednmi: Metodick\u00fd list treba pripravi\u0165 nez\u00e1visle na farmaceutick\u00fdch firm\u00e1ch ako v\u0161eobecn\u00fd materi\u00e1l hodnotiaci overen\u00e9 a \u010fal\u0161ie potenci\u00e1lne indik\u00e1cie pre intraven\u00edozne a subkut\u00e1nne pod\u00e1vanie imunoglobul\u00ednov v r\u00e1mci substitu\u010dnej a \u00a0\/ alebo imunomodula\u010dnej lie\u010dby. Potrebn\u00e9 tie\u017e vypracova\u0165 stanovisko k hodnotenie preskripcie IVIG \/ \u00a0SCIG zo strany pois\u0165ovn\u00ed (porovn\u00e1vanie lek\u00e1ra so slovensk\u00fdm priemerom je pre centr\u00e1 pod\u00e1vaj\u00face imunoglobul\u00edny neprijate\u013en\u00e9).<\/p>\n<\/li>\n<li dir=\"ltr\">\n<p dir=\"ltr\">Letn\u00e1 \u0161kola imunol\u00f3gie sa bude kona\u0165 s podporou ALK, \u010domu sa prisp\u00f4sob\u00ed program &#8211; ktor\u00fd bude tento rok venovan\u00fd alerg\u00e9nom a alerg\u00e9novej imunoterapii; term\u00edn: 12.-14.8.2016 &#8211; do 16.6.2016 nahl\u00e1si\u0165 z\u00e1ujem o \u00fa\u010das\u0165 Prof.P. Pru\u017eincovi,CSc.<\/p>\n<\/li>\n<li dir=\"ltr\">\n<p dir=\"ltr\">Kongres \u010cSSAKI okt.2017: Horn\u00fd Smokovec- hotel Bellevue, 660 miest kino sedenie, vyhovuj\u00face podmienky + ubytovacie kapacity, predelenie s\u00e1ly na 2 paraleln\u00e9 s\u00e1ly a\u00a0pod.<\/p>\n<\/li>\n<li dir=\"ltr\">\n<p dir=\"ltr\">SIMS-\u010dlenovia v\u00fdboru M. Hrubi\u0161ko, M. Vrl\u00edk, ot\u00e1zka financovania priestoru a\u00a0techniky \u00a0v\u00a0pr\u00edpade \u00fa\u010dasti \u010cIS a SIMS<\/p>\n<\/li>\n<li dir=\"ltr\">\n<p dir=\"ltr\">Prezident Kongresu \u010cSAKI 2017: m.prof MUDr.M.Hrubi\u0161ko, PhD.<\/p>\n<\/li>\n<li dir=\"ltr\">\n<p dir=\"ltr\">Organiz\u00e1ciou kongresu SSAKI a \u010cSAKI 2017 bola poveren\u00e1 Agent\u00fara Bonus . Na kongres do Plzne priprav\u00ed a\u00a0d\u00e1 na distrib\u00faciu 2:500 ks &#8211; nult\u00fa inform\u00e1ciu o\u00a0kongrese v\u00a0Tatr\u00e1ch. Ubytovanie zabezpe\u010duje CA Cesta.<\/p>\n<\/li>\n<li dir=\"ltr\">\n<p dir=\"ltr\">V\u00fdbor ods\u00fahlasil \u00a0k\u00fapu nov\u00e9ho laptopu pre vedeck\u00e9ho sekret\u00e1ra. Jeho laptop sa odovzd\u00e1va nov\u00e9mu predsedovi v\u00fdboru. Oba s\u00fa k\u00a0pou\u017eitu na odborn\u00e9 akcie ktor\u00e9muko\u013evek \u010dlenovi v\u00fdboru.<\/p>\n<\/li>\n<li dir=\"ltr\">\n<p dir=\"ltr\">Cestovn\u00e9 n\u00e1klady &#8211; rie\u0161en\u00e9 preplatky.<\/p>\n<\/li>\n<li dir=\"ltr\">\n<p dir=\"ltr\">Prezident kongresu &#8211; M. Hrubi\u0161ko &#8211; si priprav\u00ed do Plzne pozvanie na Kongres 2017.<\/p>\n<\/li>\n<li dir=\"ltr\">\n<p dir=\"ltr\">Ob\u010dianske zdru\u017eenie \u2013 probl\u00e9m platieb kongresov, krajsk\u00fdch semin\u00e1rov, at\u010f&#8230;Jesenn\u00e1 akad\u00e9mia astmy-pneumol\u00f3govia u\u017e OZ zalo\u017eili, vykryj\u00fa to aj imunoalergol\u00f3gom\/poz\u00fdvaj\u00fa pneumol\u00f3govia: \u201eMedif\u00f3rum\u201c za\u010d.dec.- predbe\u017ene 2. dec. 2016.<\/p>\n<\/li>\n<li dir=\"ltr\">\n<p dir=\"ltr\">Na Zasadnut\u00ed \u00a0v\u00fdboru, d\u0148a 9.6. 2016, sa v\u00fdbor rozhodol zalo\u017ei\u0165 Ob\u010dianske zdru\u017eenie. \u00a0Administrat\u00edvno-pr\u00e1vne n\u00e1le\u017eitosti zrealizuje overen\u00e1 pr\u00e1vnicka kancel\u00e1ria. Jeho \u00fa\u010delom je zabezpe\u010denie nekomer\u010dn\u00e9ho univerz\u00e1lneho vzdel\u00e1vania, vyd\u00e1vanie propaga\u010dn\u00fdch materi\u00e1lov a \u00a0odbornej literat\u00fary.<\/p>\n<\/li>\n<li dir=\"ltr\">\n<p dir=\"ltr\">Najbli\u017e\u0161ie zasadnutie v\u00fdboru: \u00a0jese\u0148 2016 a 15.-16.-17.dec.2016<\/p>\n<\/li>\n<li dir=\"ltr\">\n<p dir=\"ltr\">SZ\u00da \u2013 znovu sa robia akredit\u00e1cie fak\u00falt, na z\u00e1klade ktor\u00fdch za zmenili podmienky odborn\u00e9ho garanta. \u00a0Doc. M. Jese\u0148\u00e1k po\u0161le upraven\u00e9 minim\u00e1lne \u0161tandardy pre odbor KIA s \u00fapravou umo\u017e\u0148uj\u00facou atest\u00e1cie aj pre pediatrov.<\/p>\n<\/li>\n<li dir=\"ltr\">\n<p dir=\"ltr\">Reexport liekov je na Slovensku povolen\u00fd. Vzh\u013eadom na nedostupnos\u0165 vit\u00e1lne d\u00f4le\u017eit\u00fdch liekov, V\u00fdbor KIA odmieta nies\u0165 zodpovednos\u0165 za vzniknut\u00fd stav a upozor\u0148uje, \u017ee lek\u00e1rne s\u00fa z\u00e1rove\u0148 poskytovate\u013emi zdravotnej (lek\u00e1rnickej) starostlivosti. List ministrovi priprav\u00ed MUDr. Eva Dzurillov\u00e1.<\/p>\n<\/li>\n<\/ol>\n<p>&nbsp;<\/p>\n<p dir=\"ltr\">V\u00a0D. Smokovci, 9.6.2016 \u00a0 \u00a0 \u00a0 \u00a0 \u00a0 \u00a0 \u00a0 \u00a0 \u00a0 \u00a0 \u00a0 \u00a0 \u00a0 \u00a0 \u00a0 \u00a0 \u00a0 \u00a0 \u00a0 \u00a0 \u00a0 \u00a0 \u00a0 \u00a0 \u00a0 \u00a0 \u00a0Zap\u00edsala: Eva Lap\u0161ansk\u00e1<\/p>\n<p dir=\"ltr\">Opravila Schvalbov\u00e1<\/p>\n<div><\/div>\n","protected":false},"excerpt":{"rendered":"<p>Z\u00e1pisnica \u00a0zo zasadnutia V\u00fdboru SSAKI d\u0148a 9.6.2016. Pr\u00edtomn\u00ed: M. Hrubi\u0161ko, P. Pru\u017einec, R. Ko\u0161turiak, M. Vrl\u00edk, J. Petriskov\u00e1, L. Hochmuth, J. Mikler, K. Koss\u00e1rov\u00e1, M. Schvalbov\u00e1, E. Dzurillov\u00e1, M. Jese\u0148\u00e1k, Z. Kov\u00e1\u010dov\u00e1, I. Hlinka,&#46;&#46;&#46;<\/p>\n","protected":false},"author":1,"featured_media":0,"parent":19,"menu_order":0,"comment_status":"closed","ping_status":"closed","template":"","meta":{"footnotes":""},"class_list":["post-1409447","page","type-page","status-publish","hentry"],"yoast_head":"<!-- This site is optimized with the Yoast SEO plugin v27.4 - https:\/\/yoast.com\/product\/yoast-seo-wordpress\/ -->\n<title>Zo z\u00e1pisnice z 9.6.2016 - Slovensk\u00e1 spolo\u010dnos\u0165 alergol\u00f3gie a klinickej imunol\u00f3gie<\/title>\n<meta name=\"description\" content=\"Sme odborn\u00e1 splo\u010dnos\u0165, ktor\u00e1 zdru\u017euje klinick\u00fdch imunol\u00f3gov a alergol\u00f3gov, ako aj in\u00fdch odborn\u00edkov so z\u00e1ujmom o tento odbor. Na\u0161a spolo\u010dnos\u0165 je hlavn\u00fdm organiz\u00e1torom kontunu\u00e1lneho vzdel\u00e1vania v tomto odbore na Slovensku.\" \/>\n<meta name=\"robots\" content=\"index, follow, max-snippet:-1, max-image-preview:large, max-video-preview:-1\" \/>\n<link rel=\"canonical\" href=\"https:\/\/www.ssaki.eu\/?page_id=1409447\" \/>\n<meta property=\"og:locale\" content=\"sk_SK\" \/>\n<meta property=\"og:type\" content=\"article\" \/>\n<meta property=\"og:title\" content=\"Zo z\u00e1pisnice z 9.6.2016 - Slovensk\u00e1 spolo\u010dnos\u0165 alergol\u00f3gie a klinickej imunol\u00f3gie\" \/>\n<meta property=\"og:description\" content=\"Sme odborn\u00e1 splo\u010dnos\u0165, ktor\u00e1 zdru\u017euje klinick\u00fdch imunol\u00f3gov a alergol\u00f3gov, ako aj in\u00fdch odborn\u00edkov so z\u00e1ujmom o tento odbor. Na\u0161a spolo\u010dnos\u0165 je hlavn\u00fdm organiz\u00e1torom kontunu\u00e1lneho vzdel\u00e1vania v tomto odbore na Slovensku.\" \/>\n<meta property=\"og:url\" content=\"https:\/\/www.ssaki.eu\/?page_id=1409447\" \/>\n<meta property=\"og:site_name\" content=\"Slovensk\u00e1 spolo\u010dnos\u0165 alergol\u00f3gie a klinickej imunol\u00f3gie\" \/>\n<meta property=\"article:publisher\" content=\"https:\/\/www.facebook.com\/alergologoviaimunologoviaSK\" \/>\n<meta property=\"og:image\" content=\"https:\/\/www.ssaki.eu\/wp-content\/uploads\/2021\/01\/STOP_COVID_SSAKI-e1609772027682.png\" \/>\n\t<meta property=\"og:image:width\" content=\"640\" \/>\n\t<meta property=\"og:image:height\" content=\"360\" \/>\n\t<meta property=\"og:image:type\" content=\"image\/png\" \/>\n<meta name=\"twitter:card\" content=\"summary_large_image\" \/>\n<meta name=\"twitter:label1\" content=\"Predpokladan\u00fd \u010das \u010d\u00edtania\" \/>\n\t<meta name=\"twitter:data1\" content=\"4 min\u00faty\" \/>\n<script type=\"application\/ld+json\" class=\"yoast-schema-graph\">{\"@context\":\"https:\\\/\\\/schema.org\",\"@graph\":[{\"@type\":[\"WebPage\",\"MedicalWebPage\"],\"@id\":\"https:\\\/\\\/www.ssaki.eu\\\/?page_id=1409447\",\"url\":\"https:\\\/\\\/www.ssaki.eu\\\/?page_id=1409447\",\"name\":\"Zo z\u00e1pisnice z 9.6.2016 - Slovensk\u00e1 spolo\u010dnos\u0165 alergol\u00f3gie a klinickej imunol\u00f3gie\",\"isPartOf\":{\"@id\":\"https:\\\/\\\/www.ssaki.eu\\\/#website\"},\"datePublished\":\"2016-06-17T06:32:31+00:00\",\"description\":\"Sme odborn\u00e1 splo\u010dnos\u0165, ktor\u00e1 zdru\u017euje klinick\u00fdch imunol\u00f3gov a alergol\u00f3gov, ako aj in\u00fdch odborn\u00edkov so z\u00e1ujmom o tento odbor. Na\u0161a spolo\u010dnos\u0165 je hlavn\u00fdm organiz\u00e1torom kontunu\u00e1lneho vzdel\u00e1vania v tomto odbore na Slovensku.\",\"breadcrumb\":{\"@id\":\"https:\\\/\\\/www.ssaki.eu\\\/?page_id=1409447#breadcrumb\"},\"inLanguage\":\"sk-SK\",\"potentialAction\":[{\"@type\":\"ReadAction\",\"target\":[\"https:\\\/\\\/www.ssaki.eu\\\/?page_id=1409447\"]}]},{\"@type\":\"BreadcrumbList\",\"@id\":\"https:\\\/\\\/www.ssaki.eu\\\/?page_id=1409447#breadcrumb\",\"itemListElement\":[{\"@type\":\"ListItem\",\"position\":1,\"name\":\"Domovsk\u00e1 str\u00e1nka\",\"item\":\"https:\\\/\\\/www.ssaki.eu\\\/\"},{\"@type\":\"ListItem\",\"position\":2,\"name\":\"V\u00fdbor spolo\u010dnosti\",\"item\":\"https:\\\/\\\/www.ssaki.eu\\\/?page_id=11\"},{\"@type\":\"ListItem\",\"position\":3,\"name\":\"Zo z\u00e1pisn\u00edc\",\"item\":\"https:\\\/\\\/www.ssaki.eu\\\/?page_id=19\"},{\"@type\":\"ListItem\",\"position\":4,\"name\":\"Zo z\u00e1pisnice z 9.6.2016\"}]},{\"@type\":\"WebSite\",\"@id\":\"https:\\\/\\\/www.ssaki.eu\\\/#website\",\"url\":\"https:\\\/\\\/www.ssaki.eu\\\/\",\"name\":\"Slovensk\u00e1 spolo\u010dnos\u0165 alergol\u00f3gie a klinickej imunol\u00f3gie\",\"description\":\"\",\"publisher\":{\"@id\":\"https:\\\/\\\/www.ssaki.eu\\\/#organization\"},\"potentialAction\":[{\"@type\":\"SearchAction\",\"target\":{\"@type\":\"EntryPoint\",\"urlTemplate\":\"https:\\\/\\\/www.ssaki.eu\\\/?s={search_term_string}\"},\"query-input\":{\"@type\":\"PropertyValueSpecification\",\"valueRequired\":true,\"valueName\":\"search_term_string\"}}],\"inLanguage\":\"sk-SK\"},{\"@type\":\"Organization\",\"@id\":\"https:\\\/\\\/www.ssaki.eu\\\/#organization\",\"name\":\"Slovensk\u00e1 spolo\u010dnos\u0165 alergol\u00f3gie a klinickej imunol\u00f3gie\",\"url\":\"https:\\\/\\\/www.ssaki.eu\\\/\",\"logo\":{\"@type\":\"ImageObject\",\"inLanguage\":\"sk-SK\",\"@id\":\"https:\\\/\\\/www.ssaki.eu\\\/#\\\/schema\\\/logo\\\/image\\\/\",\"url\":\"https:\\\/\\\/www.ssaki.eu\\\/wp-content\\\/uploads\\\/2021\\\/01\\\/LOGO-1.png\",\"contentUrl\":\"https:\\\/\\\/www.ssaki.eu\\\/wp-content\\\/uploads\\\/2021\\\/01\\\/LOGO-1.png\",\"width\":1280,\"height\":720,\"caption\":\"Slovensk\u00e1 spolo\u010dnos\u0165 alergol\u00f3gie a klinickej imunol\u00f3gie\"},\"image\":{\"@id\":\"https:\\\/\\\/www.ssaki.eu\\\/#\\\/schema\\\/logo\\\/image\\\/\"},\"sameAs\":[\"https:\\\/\\\/www.facebook.com\\\/alergologoviaimunologoviaSK\"]}]}<\/script>\n<!-- \/ Yoast SEO plugin. -->","yoast_head_json":{"title":"Zo z\u00e1pisnice z 9.6.2016 - Slovensk\u00e1 spolo\u010dnos\u0165 alergol\u00f3gie a klinickej imunol\u00f3gie","description":"Sme odborn\u00e1 splo\u010dnos\u0165, ktor\u00e1 zdru\u017euje klinick\u00fdch imunol\u00f3gov a alergol\u00f3gov, ako aj in\u00fdch odborn\u00edkov so z\u00e1ujmom o tento odbor. Na\u0161a spolo\u010dnos\u0165 je hlavn\u00fdm organiz\u00e1torom kontunu\u00e1lneho vzdel\u00e1vania v tomto odbore na Slovensku.","robots":{"index":"index","follow":"follow","max-snippet":"max-snippet:-1","max-image-preview":"max-image-preview:large","max-video-preview":"max-video-preview:-1"},"canonical":"https:\/\/www.ssaki.eu\/?page_id=1409447","og_locale":"sk_SK","og_type":"article","og_title":"Zo z\u00e1pisnice z 9.6.2016 - Slovensk\u00e1 spolo\u010dnos\u0165 alergol\u00f3gie a klinickej imunol\u00f3gie","og_description":"Sme odborn\u00e1 splo\u010dnos\u0165, ktor\u00e1 zdru\u017euje klinick\u00fdch imunol\u00f3gov a alergol\u00f3gov, ako aj in\u00fdch odborn\u00edkov so z\u00e1ujmom o tento odbor. Na\u0161a spolo\u010dnos\u0165 je hlavn\u00fdm organiz\u00e1torom kontunu\u00e1lneho vzdel\u00e1vania v tomto odbore na Slovensku.","og_url":"https:\/\/www.ssaki.eu\/?page_id=1409447","og_site_name":"Slovensk\u00e1 spolo\u010dnos\u0165 alergol\u00f3gie a klinickej imunol\u00f3gie","article_publisher":"https:\/\/www.facebook.com\/alergologoviaimunologoviaSK","og_image":[{"width":640,"height":360,"url":"https:\/\/www.ssaki.eu\/wp-content\/uploads\/2021\/01\/STOP_COVID_SSAKI-e1609772027682.png","type":"image\/png"}],"twitter_card":"summary_large_image","twitter_misc":{"Predpokladan\u00fd \u010das \u010d\u00edtania":"4 min\u00faty"},"schema":{"@context":"https:\/\/schema.org","@graph":[{"@type":["WebPage","MedicalWebPage"],"@id":"https:\/\/www.ssaki.eu\/?page_id=1409447","url":"https:\/\/www.ssaki.eu\/?page_id=1409447","name":"Zo z\u00e1pisnice z 9.6.2016 - Slovensk\u00e1 spolo\u010dnos\u0165 alergol\u00f3gie a klinickej imunol\u00f3gie","isPartOf":{"@id":"https:\/\/www.ssaki.eu\/#website"},"datePublished":"2016-06-17T06:32:31+00:00","description":"Sme odborn\u00e1 splo\u010dnos\u0165, ktor\u00e1 zdru\u017euje klinick\u00fdch imunol\u00f3gov a alergol\u00f3gov, ako aj in\u00fdch odborn\u00edkov so z\u00e1ujmom o tento odbor. Na\u0161a spolo\u010dnos\u0165 je hlavn\u00fdm organiz\u00e1torom kontunu\u00e1lneho vzdel\u00e1vania v tomto odbore na Slovensku.","breadcrumb":{"@id":"https:\/\/www.ssaki.eu\/?page_id=1409447#breadcrumb"},"inLanguage":"sk-SK","potentialAction":[{"@type":"ReadAction","target":["https:\/\/www.ssaki.eu\/?page_id=1409447"]}]},{"@type":"BreadcrumbList","@id":"https:\/\/www.ssaki.eu\/?page_id=1409447#breadcrumb","itemListElement":[{"@type":"ListItem","position":1,"name":"Domovsk\u00e1 str\u00e1nka","item":"https:\/\/www.ssaki.eu\/"},{"@type":"ListItem","position":2,"name":"V\u00fdbor spolo\u010dnosti","item":"https:\/\/www.ssaki.eu\/?page_id=11"},{"@type":"ListItem","position":3,"name":"Zo z\u00e1pisn\u00edc","item":"https:\/\/www.ssaki.eu\/?page_id=19"},{"@type":"ListItem","position":4,"name":"Zo z\u00e1pisnice z 9.6.2016"}]},{"@type":"WebSite","@id":"https:\/\/www.ssaki.eu\/#website","url":"https:\/\/www.ssaki.eu\/","name":"Slovensk\u00e1 spolo\u010dnos\u0165 alergol\u00f3gie a klinickej imunol\u00f3gie","description":"","publisher":{"@id":"https:\/\/www.ssaki.eu\/#organization"},"potentialAction":[{"@type":"SearchAction","target":{"@type":"EntryPoint","urlTemplate":"https:\/\/www.ssaki.eu\/?s={search_term_string}"},"query-input":{"@type":"PropertyValueSpecification","valueRequired":true,"valueName":"search_term_string"}}],"inLanguage":"sk-SK"},{"@type":"Organization","@id":"https:\/\/www.ssaki.eu\/#organization","name":"Slovensk\u00e1 spolo\u010dnos\u0165 alergol\u00f3gie a klinickej imunol\u00f3gie","url":"https:\/\/www.ssaki.eu\/","logo":{"@type":"ImageObject","inLanguage":"sk-SK","@id":"https:\/\/www.ssaki.eu\/#\/schema\/logo\/image\/","url":"https:\/\/www.ssaki.eu\/wp-content\/uploads\/2021\/01\/LOGO-1.png","contentUrl":"https:\/\/www.ssaki.eu\/wp-content\/uploads\/2021\/01\/LOGO-1.png","width":1280,"height":720,"caption":"Slovensk\u00e1 spolo\u010dnos\u0165 alergol\u00f3gie a klinickej imunol\u00f3gie"},"image":{"@id":"https:\/\/www.ssaki.eu\/#\/schema\/logo\/image\/"},"sameAs":["https:\/\/www.facebook.com\/alergologoviaimunologoviaSK"]}]}},"_links":{"self":[{"href":"https:\/\/www.ssaki.eu\/index.php?rest_route=\/wp\/v2\/pages\/1409447","targetHints":{"allow":["GET"]}}],"collection":[{"href":"https:\/\/www.ssaki.eu\/index.php?rest_route=\/wp\/v2\/pages"}],"about":[{"href":"https:\/\/www.ssaki.eu\/index.php?rest_route=\/wp\/v2\/types\/page"}],"author":[{"embeddable":true,"href":"https:\/\/www.ssaki.eu\/index.php?rest_route=\/wp\/v2\/users\/1"}],"replies":[{"embeddable":true,"href":"https:\/\/www.ssaki.eu\/index.php?rest_route=%2Fwp%2Fv2%2Fcomments&post=1409447"}],"version-history":[{"count":2,"href":"https:\/\/www.ssaki.eu\/index.php?rest_route=\/wp\/v2\/pages\/1409447\/revisions"}],"predecessor-version":[{"id":1409449,"href":"https:\/\/www.ssaki.eu\/index.php?rest_route=\/wp\/v2\/pages\/1409447\/revisions\/1409449"}],"up":[{"embeddable":true,"href":"https:\/\/www.ssaki.eu\/index.php?rest_route=\/wp\/v2\/pages\/19"}],"wp:attachment":[{"href":"https:\/\/www.ssaki.eu\/index.php?rest_route=%2Fwp%2Fv2%2Fmedia&parent=1409447"}],"curies":[{"name":"wp","href":"https:\/\/api.w.org\/{rel}","templated":true}]}}