{"id":1786795,"date":"2016-12-12T17:47:54","date_gmt":"2016-12-12T15:47:54","guid":{"rendered":"http:\/\/www.ssaki.eu\/?page_id=1786795"},"modified":"2016-12-14T20:41:12","modified_gmt":"2016-12-14T18:41:12","slug":"zo-zapisnice-z-9-12-2016","status":"publish","type":"page","link":"https:\/\/www.ssaki.eu\/?page_id=1786795","title":{"rendered":"Zo z\u00e1pisnice z 9.12.2016"},"content":{"rendered":"<p><strong>Z\u00e1pisnica zo zasadania v\u00fdboru a poradn\u00e9ho zboru SSAKI\u00a0zo d\u0148a 09. 12. 2016<\/strong><\/p>\n<p><i>Pr\u00edtomn\u00ed<\/i>: Hrubi\u0161ko, Pru\u017einec, \u010ci\u017en\u00e1r, Hochmuth, Koss\u00e1rov\u00e1, Lap\u0161ansk\u00e1, Schwalbov\u00e1, Petriskov\u00e1, Mikler, Jese\u0148\u00e1k, Ko\u0161turiak, Hlinka,<\/p>\n<p><i>Nepr\u00edtomn\u00ed, ospravedlnen\u00ed<\/i>: Dzurillov\u00e1,Smie\u0161kov\u00e1,<\/p>\n<p><i>Hos\u0165<\/i>: Michali\u010dkov\u00e1<\/p>\n<p><i>Program:<\/i><\/p>\n<p>1. \u00a0Inform\u00e1cie o organiza\u010dnej pr\u00edprave kongresu SSAKI a \u010cSAKI<\/p>\n<p>2. \u00a0Pozvanie na vyzvan\u00e9 predn\u00e1\u0161ky zatia\u013e prijali pozvanie prof. Jar\u010du\u0161ka, Oltmann, Hlava\u010dkov\u00e1. Spolo\u010densk\u00fd ve\u010der 3. d\u0148a bude usporiadan\u00fd v hoteli Grand v Starom Smokovci. V\u00fdborov\u00fd ve\u010dierok pre 50 \u013eud\u00ed v Kolibe pl\u00e1nujeme v Starej Lesnej, vybavuje Hlinka.<\/p>\n<p>3. Jubilanti &#8211; vybavuje Schvalbov\u00e1. N\u00e1vrhy na \u010fakovn\u00e9 listy a medaile (nezverej\u0148ujeme :D)<\/p>\n<p>4. \u00a0Atest\u00e1cie po novom: atestanti vyraden\u00ed zo SZU (z d\u00f4vodu neakredit\u00e1cie) prest\u00fapia na Jesseniovu lek\u00e1rsku fakultu UK v Martine. Rok 2016 sa nebude zapo\u010d\u00edtava\u0165, z d\u00f4vodu\u00a0 zru\u0161enia vzdel\u00e1vania na katedre v Bratislave. Zaraden\u00fdch je 9 lek\u00e1rov u\u017e predt\u00fdm prihl\u00e1sen\u00fdch v Martine, prest\u00fapilo 11 z Bratislavy, ost\u00e1va e\u0161te cca 5 adeptov, ktor\u00ed s\u00fa v\u00a0rie\u0161en\u00ed. . Doc Jese\u0148\u00e1k v\u00a0spolupr\u00e1ci s\u00a0doc. Hrubi\u0161kom a\u00a0doc. Pru\u017eincom vypracovali nov\u00fd n\u00e1vrh atesta\u010dnej n\u00e1plne \/ povinnej cirkul\u00e1cie (tzv. minim\u00e1lne \u0161tandardy pre odbor), v\u00a0ktorom do\u0161lo aj k\u00a0zrovnopr\u00e1vneniu pediatrov a\u00a0t\u00fdch \u010do maj\u00fa internistick\u00fd kme\u0148) (\u201einternisti\u201c bud\u00fa musie\u0165 st\u00e1\u017eova\u0165 vymedzen\u00fd \u010das na pediatrii, pediatri rovnak\u00fd \u010das na internej klinike), na z\u00e1klade \u010doho by kone\u010dne mal padn\u00fa\u0165 probl\u00e9m s\u00a0atestovan\u00edm pediatrov, nov\u00e1 n\u00e1pl\u0148 odboru v\u0161ak vyjde a\u017e v\u00a0zborn\u00edku ofici\u00e1lnych \u0161tandardov MZSR, kde bud\u00fa v\u0161etky odbory inovovan\u00e9 &#8211; MZ pl\u00e1nuje vyda\u0165 a\u017e v\u00a03. kvart\u00e1li roku 2017. Internistick\u00fd kme\u0148 bude aj na\u010falej &#8211; pok\u00fdm nevyjde nov\u00fd vestn\u00edk MZ SR &#8211; pod\u013ea p\u00f4vodn\u00e9ho \u0161tudijn\u00e9ho pl\u00e1nu = 2 roky aj pre pediatrov. JLF UK v Martine bude roz\u0161irova\u0165 po\u010det akreditovan\u00fdch klinick\u00fdch, ambulantn\u00fdch ako aj laborat\u00f3rnych pracov\u00edsk.<\/p>\n<p>5. Pru\u017einec a Hrubi\u0161ko informovali o z\u00e1ujme o spolupr\u00e1cu LFUK BA &#8211; Mikrobiologickej katedry &#8211; v oblasti v\u00fduky klinickej imunol\u00f3gie.<\/p>\n<p>6. Ko\u0161turiak zaplat\u00ed \u010dlensk\u00e9 pr\u00edspevky v EAACI za rok 2017 pre \u010dlenov v\u00fdboru.<\/p>\n<p>7. Jese\u0148\u00e1k informoval o probl\u00e9moch v hraden\u00ed lie\u010dby HAE. Dot\u00fdka\u00a0sa to registrovan\u00fdch nekategorizovan\u00fdch liekov (napr. icatibant), kde pois\u0165ovne s\u00fa ochotn\u00e9 hradi\u0165 len 50% ceny lieku. Bol poveren\u00fd v\u00fdborom urgentne vypracova\u0165 odborn\u00fa spr\u00e1vu pois\u0165ovniam o probl\u00e9me.<\/p>\n<p>8. \u00a0Na MZSR sa zakladaj\u00fa nov\u00e9 pracovn\u00e9 komisie pre \u0161tandardn\u00e9 diagnostick\u00e9 a terapeutick\u00e9 postupy. \u010clenov komisi\u00ed by mali menova\u0165 hlavn\u00fd odborn\u00edk Pru\u017einec a predseda SSAKI Hrubi\u0161ko.<\/p>\n<p>9. \u00a0V\u00fdbor schv\u00e1lil odmeny za vypracovanie nov\u00fdch katal\u00f3gov v\u00fdkonov pre Dzurillov\u00fa, Petriskov\u00fa a za vedenie webstr\u00e1nky SSAKI firme Medimpro, s.r.o.<\/p>\n<p>10.\u00a0\u00a0\u010cizn\u00e1r bol poveren\u00fd z\u00edska\u0165 inform\u00e1cie z predsedn\u00edctva SIS, v akom \u0161t\u00e1diu je organiz\u00e1cia kongresu Alp-Adria\u00a0\u00a0na Slovensku v roku 2019.<\/p>\n<p>11. V<b>\u00fdbor SSAKI po prerokovan\u00ed rozhodol, \u017ee sa nebude podie\u013ea\u0165 na organiz\u00e1cii Kongresu imunologick\u00fdch spolo\u010dnost\u00ed stredoeur\u00f3pskych kraj\u00edn (tzv. AlpeAdria kongres, organizuj\u00face krajiny sa striedaj\u00fa, na rok 2019 by ho malo organizova\u0165 Slovensko), preto\u017ee ide o podujatie s vedecko-v\u00fdskumn\u00fdm, nie klinick\u00fdm zameran\u00edm, a preto prenech\u00e1va jeho pr\u00edpadn\u00fa organiz\u00e1ciu SIMS, o \u010dom bola t\u00e1to aj informovan\u00e1 prezidentom SSAKI<\/b><\/p>\n<p><strong>12.\u00a0 Kalend\u00e1r podujat\u00ed v roku 2017 :<\/strong><\/p>\n<p>19-20. janu\u00e1r V\u00fdbor V. Tatry, D.Smokovec rezervuje Hlinka, Lap\u0161ansk\u00e1 &#8211; prv\u00e1 programov\u00e1 pr\u00edprava Kongeresu 2017<\/p>\n<p>3 &#8211; 6. marec kongres AAAI<\/p>\n<p>24-25. marec Ghurove dni<\/p>\n<p>24-25. marec 5. burza prim\u00e1rnych imunodeficitov (Jese\u0148\u00e1k) v\u00a0Banskej \u0160tiavnici<\/p>\n<p>5 &#8211; 8. apr\u00edla MDI<\/p>\n<p>3.m\u00e1ja &#8211; 7.symp\u00f3zium o PID Bratislava (\u010ci\u017en\u00e1r)<\/p>\n<p>4 &#8211; 6. m\u00e1ja &#8211; Bardejovsk\u00e9 dni pneumologie<\/p>\n<p>12-13. m\u00e1j &#8211; Litomy\u0161l<\/p>\n<p>26-27. m\u00e1j &#8211; Alergia 2017 Bratislava (Pru\u017einec)<\/p>\n<p>17-21.- j\u00fan kongres EEACI<\/p>\n<p>18-21. okt\u00f3ber Kongres SSAKI a \u010cSAKI Vysok\u00e9 Tatry Hotel Bellevue<\/p>\n<div><\/div>\n","protected":false},"excerpt":{"rendered":"<p>Z\u00e1pisnica zo zasadania v\u00fdboru a poradn\u00e9ho zboru SSAKI\u00a0zo d\u0148a 09. 12. 2016 Pr\u00edtomn\u00ed: Hrubi\u0161ko, Pru\u017einec, \u010ci\u017en\u00e1r, Hochmuth, Koss\u00e1rov\u00e1, Lap\u0161ansk\u00e1, Schwalbov\u00e1, Petriskov\u00e1, Mikler, Jese\u0148\u00e1k, Ko\u0161turiak, Hlinka, Nepr\u00edtomn\u00ed, ospravedlnen\u00ed: Dzurillov\u00e1,Smie\u0161kov\u00e1, Hos\u0165: Michali\u010dkov\u00e1 Program: 1. \u00a0Inform\u00e1cie o&#46;&#46;&#46;<\/p>\n","protected":false},"author":1,"featured_media":0,"parent":19,"menu_order":0,"comment_status":"closed","ping_status":"closed","template":"","meta":{"footnotes":""},"class_list":["post-1786795","page","type-page","status-publish","hentry"],"yoast_head":"<!-- This site is optimized with the Yoast SEO plugin v27.4 - https:\/\/yoast.com\/product\/yoast-seo-wordpress\/ -->\n<title>Zo z\u00e1pisnice z 9.12.2016 - Slovensk\u00e1 spolo\u010dnos\u0165 alergol\u00f3gie a klinickej imunol\u00f3gie<\/title>\n<meta name=\"description\" content=\"Sme odborn\u00e1 splo\u010dnos\u0165, ktor\u00e1 zdru\u017euje klinick\u00fdch imunol\u00f3gov a alergol\u00f3gov, ako aj in\u00fdch odborn\u00edkov so z\u00e1ujmom o tento odbor. Na\u0161a spolo\u010dnos\u0165 je hlavn\u00fdm organiz\u00e1torom kontunu\u00e1lneho vzdel\u00e1vania v tomto odbore na Slovensku.\" \/>\n<meta name=\"robots\" content=\"index, follow, max-snippet:-1, max-image-preview:large, max-video-preview:-1\" \/>\n<link rel=\"canonical\" href=\"https:\/\/www.ssaki.eu\/?page_id=1786795\" \/>\n<meta property=\"og:locale\" content=\"sk_SK\" \/>\n<meta property=\"og:type\" content=\"article\" \/>\n<meta property=\"og:title\" content=\"Zo z\u00e1pisnice z 9.12.2016 - Slovensk\u00e1 spolo\u010dnos\u0165 alergol\u00f3gie a klinickej imunol\u00f3gie\" \/>\n<meta property=\"og:description\" content=\"Sme odborn\u00e1 splo\u010dnos\u0165, ktor\u00e1 zdru\u017euje klinick\u00fdch imunol\u00f3gov a alergol\u00f3gov, ako aj in\u00fdch odborn\u00edkov so z\u00e1ujmom o tento odbor. Na\u0161a spolo\u010dnos\u0165 je hlavn\u00fdm organiz\u00e1torom kontunu\u00e1lneho vzdel\u00e1vania v tomto odbore na Slovensku.\" \/>\n<meta property=\"og:url\" content=\"https:\/\/www.ssaki.eu\/?page_id=1786795\" \/>\n<meta property=\"og:site_name\" content=\"Slovensk\u00e1 spolo\u010dnos\u0165 alergol\u00f3gie a klinickej imunol\u00f3gie\" \/>\n<meta property=\"article:publisher\" content=\"https:\/\/www.facebook.com\/alergologoviaimunologoviaSK\" \/>\n<meta property=\"article:modified_time\" content=\"2016-12-14T18:41:12+00:00\" \/>\n<meta property=\"og:image\" content=\"https:\/\/www.ssaki.eu\/wp-content\/uploads\/2021\/01\/STOP_COVID_SSAKI-e1609772027682.png\" \/>\n\t<meta property=\"og:image:width\" content=\"640\" \/>\n\t<meta property=\"og:image:height\" content=\"360\" \/>\n\t<meta property=\"og:image:type\" content=\"image\/png\" \/>\n<meta name=\"twitter:card\" content=\"summary_large_image\" \/>\n<meta name=\"twitter:label1\" content=\"Predpokladan\u00fd \u010das \u010d\u00edtania\" \/>\n\t<meta name=\"twitter:data1\" content=\"3 min\u00faty\" \/>\n<script type=\"application\/ld+json\" class=\"yoast-schema-graph\">{\"@context\":\"https:\\\/\\\/schema.org\",\"@graph\":[{\"@type\":[\"WebPage\",\"MedicalWebPage\"],\"@id\":\"https:\\\/\\\/www.ssaki.eu\\\/?page_id=1786795\",\"url\":\"https:\\\/\\\/www.ssaki.eu\\\/?page_id=1786795\",\"name\":\"Zo z\u00e1pisnice z 9.12.2016 - Slovensk\u00e1 spolo\u010dnos\u0165 alergol\u00f3gie a klinickej imunol\u00f3gie\",\"isPartOf\":{\"@id\":\"https:\\\/\\\/www.ssaki.eu\\\/#website\"},\"datePublished\":\"2016-12-12T15:47:54+00:00\",\"dateModified\":\"2016-12-14T18:41:12+00:00\",\"description\":\"Sme odborn\u00e1 splo\u010dnos\u0165, ktor\u00e1 zdru\u017euje klinick\u00fdch imunol\u00f3gov a alergol\u00f3gov, ako aj in\u00fdch odborn\u00edkov so z\u00e1ujmom o tento odbor. Na\u0161a spolo\u010dnos\u0165 je hlavn\u00fdm organiz\u00e1torom kontunu\u00e1lneho vzdel\u00e1vania v tomto odbore na Slovensku.\",\"breadcrumb\":{\"@id\":\"https:\\\/\\\/www.ssaki.eu\\\/?page_id=1786795#breadcrumb\"},\"inLanguage\":\"sk-SK\",\"potentialAction\":[{\"@type\":\"ReadAction\",\"target\":[\"https:\\\/\\\/www.ssaki.eu\\\/?page_id=1786795\"]}]},{\"@type\":\"BreadcrumbList\",\"@id\":\"https:\\\/\\\/www.ssaki.eu\\\/?page_id=1786795#breadcrumb\",\"itemListElement\":[{\"@type\":\"ListItem\",\"position\":1,\"name\":\"Domovsk\u00e1 str\u00e1nka\",\"item\":\"https:\\\/\\\/www.ssaki.eu\\\/\"},{\"@type\":\"ListItem\",\"position\":2,\"name\":\"V\u00fdbor spolo\u010dnosti\",\"item\":\"https:\\\/\\\/www.ssaki.eu\\\/?page_id=11\"},{\"@type\":\"ListItem\",\"position\":3,\"name\":\"Zo z\u00e1pisn\u00edc\",\"item\":\"https:\\\/\\\/www.ssaki.eu\\\/?page_id=19\"},{\"@type\":\"ListItem\",\"position\":4,\"name\":\"Zo z\u00e1pisnice z 9.12.2016\"}]},{\"@type\":\"WebSite\",\"@id\":\"https:\\\/\\\/www.ssaki.eu\\\/#website\",\"url\":\"https:\\\/\\\/www.ssaki.eu\\\/\",\"name\":\"Slovensk\u00e1 spolo\u010dnos\u0165 alergol\u00f3gie a klinickej imunol\u00f3gie\",\"description\":\"\",\"publisher\":{\"@id\":\"https:\\\/\\\/www.ssaki.eu\\\/#organization\"},\"potentialAction\":[{\"@type\":\"SearchAction\",\"target\":{\"@type\":\"EntryPoint\",\"urlTemplate\":\"https:\\\/\\\/www.ssaki.eu\\\/?s={search_term_string}\"},\"query-input\":{\"@type\":\"PropertyValueSpecification\",\"valueRequired\":true,\"valueName\":\"search_term_string\"}}],\"inLanguage\":\"sk-SK\"},{\"@type\":\"Organization\",\"@id\":\"https:\\\/\\\/www.ssaki.eu\\\/#organization\",\"name\":\"Slovensk\u00e1 spolo\u010dnos\u0165 alergol\u00f3gie a klinickej imunol\u00f3gie\",\"url\":\"https:\\\/\\\/www.ssaki.eu\\\/\",\"logo\":{\"@type\":\"ImageObject\",\"inLanguage\":\"sk-SK\",\"@id\":\"https:\\\/\\\/www.ssaki.eu\\\/#\\\/schema\\\/logo\\\/image\\\/\",\"url\":\"https:\\\/\\\/www.ssaki.eu\\\/wp-content\\\/uploads\\\/2021\\\/01\\\/LOGO-1.png\",\"contentUrl\":\"https:\\\/\\\/www.ssaki.eu\\\/wp-content\\\/uploads\\\/2021\\\/01\\\/LOGO-1.png\",\"width\":1280,\"height\":720,\"caption\":\"Slovensk\u00e1 spolo\u010dnos\u0165 alergol\u00f3gie a klinickej imunol\u00f3gie\"},\"image\":{\"@id\":\"https:\\\/\\\/www.ssaki.eu\\\/#\\\/schema\\\/logo\\\/image\\\/\"},\"sameAs\":[\"https:\\\/\\\/www.facebook.com\\\/alergologoviaimunologoviaSK\"]}]}<\/script>\n<!-- \/ Yoast SEO plugin. -->","yoast_head_json":{"title":"Zo z\u00e1pisnice z 9.12.2016 - Slovensk\u00e1 spolo\u010dnos\u0165 alergol\u00f3gie a klinickej imunol\u00f3gie","description":"Sme odborn\u00e1 splo\u010dnos\u0165, ktor\u00e1 zdru\u017euje klinick\u00fdch imunol\u00f3gov a alergol\u00f3gov, ako aj in\u00fdch odborn\u00edkov so z\u00e1ujmom o tento odbor. Na\u0161a spolo\u010dnos\u0165 je hlavn\u00fdm organiz\u00e1torom kontunu\u00e1lneho vzdel\u00e1vania v tomto odbore na Slovensku.","robots":{"index":"index","follow":"follow","max-snippet":"max-snippet:-1","max-image-preview":"max-image-preview:large","max-video-preview":"max-video-preview:-1"},"canonical":"https:\/\/www.ssaki.eu\/?page_id=1786795","og_locale":"sk_SK","og_type":"article","og_title":"Zo z\u00e1pisnice z 9.12.2016 - Slovensk\u00e1 spolo\u010dnos\u0165 alergol\u00f3gie a klinickej imunol\u00f3gie","og_description":"Sme odborn\u00e1 splo\u010dnos\u0165, ktor\u00e1 zdru\u017euje klinick\u00fdch imunol\u00f3gov a alergol\u00f3gov, ako aj in\u00fdch odborn\u00edkov so z\u00e1ujmom o tento odbor. Na\u0161a spolo\u010dnos\u0165 je hlavn\u00fdm organiz\u00e1torom kontunu\u00e1lneho vzdel\u00e1vania v tomto odbore na Slovensku.","og_url":"https:\/\/www.ssaki.eu\/?page_id=1786795","og_site_name":"Slovensk\u00e1 spolo\u010dnos\u0165 alergol\u00f3gie a klinickej imunol\u00f3gie","article_publisher":"https:\/\/www.facebook.com\/alergologoviaimunologoviaSK","article_modified_time":"2016-12-14T18:41:12+00:00","og_image":[{"width":640,"height":360,"url":"https:\/\/www.ssaki.eu\/wp-content\/uploads\/2021\/01\/STOP_COVID_SSAKI-e1609772027682.png","type":"image\/png"}],"twitter_card":"summary_large_image","twitter_misc":{"Predpokladan\u00fd \u010das \u010d\u00edtania":"3 min\u00faty"},"schema":{"@context":"https:\/\/schema.org","@graph":[{"@type":["WebPage","MedicalWebPage"],"@id":"https:\/\/www.ssaki.eu\/?page_id=1786795","url":"https:\/\/www.ssaki.eu\/?page_id=1786795","name":"Zo z\u00e1pisnice z 9.12.2016 - Slovensk\u00e1 spolo\u010dnos\u0165 alergol\u00f3gie a klinickej imunol\u00f3gie","isPartOf":{"@id":"https:\/\/www.ssaki.eu\/#website"},"datePublished":"2016-12-12T15:47:54+00:00","dateModified":"2016-12-14T18:41:12+00:00","description":"Sme odborn\u00e1 splo\u010dnos\u0165, ktor\u00e1 zdru\u017euje klinick\u00fdch imunol\u00f3gov a alergol\u00f3gov, ako aj in\u00fdch odborn\u00edkov so z\u00e1ujmom o tento odbor. Na\u0161a spolo\u010dnos\u0165 je hlavn\u00fdm organiz\u00e1torom kontunu\u00e1lneho vzdel\u00e1vania v tomto odbore na Slovensku.","breadcrumb":{"@id":"https:\/\/www.ssaki.eu\/?page_id=1786795#breadcrumb"},"inLanguage":"sk-SK","potentialAction":[{"@type":"ReadAction","target":["https:\/\/www.ssaki.eu\/?page_id=1786795"]}]},{"@type":"BreadcrumbList","@id":"https:\/\/www.ssaki.eu\/?page_id=1786795#breadcrumb","itemListElement":[{"@type":"ListItem","position":1,"name":"Domovsk\u00e1 str\u00e1nka","item":"https:\/\/www.ssaki.eu\/"},{"@type":"ListItem","position":2,"name":"V\u00fdbor spolo\u010dnosti","item":"https:\/\/www.ssaki.eu\/?page_id=11"},{"@type":"ListItem","position":3,"name":"Zo z\u00e1pisn\u00edc","item":"https:\/\/www.ssaki.eu\/?page_id=19"},{"@type":"ListItem","position":4,"name":"Zo z\u00e1pisnice z 9.12.2016"}]},{"@type":"WebSite","@id":"https:\/\/www.ssaki.eu\/#website","url":"https:\/\/www.ssaki.eu\/","name":"Slovensk\u00e1 spolo\u010dnos\u0165 alergol\u00f3gie a klinickej imunol\u00f3gie","description":"","publisher":{"@id":"https:\/\/www.ssaki.eu\/#organization"},"potentialAction":[{"@type":"SearchAction","target":{"@type":"EntryPoint","urlTemplate":"https:\/\/www.ssaki.eu\/?s={search_term_string}"},"query-input":{"@type":"PropertyValueSpecification","valueRequired":true,"valueName":"search_term_string"}}],"inLanguage":"sk-SK"},{"@type":"Organization","@id":"https:\/\/www.ssaki.eu\/#organization","name":"Slovensk\u00e1 spolo\u010dnos\u0165 alergol\u00f3gie a klinickej imunol\u00f3gie","url":"https:\/\/www.ssaki.eu\/","logo":{"@type":"ImageObject","inLanguage":"sk-SK","@id":"https:\/\/www.ssaki.eu\/#\/schema\/logo\/image\/","url":"https:\/\/www.ssaki.eu\/wp-content\/uploads\/2021\/01\/LOGO-1.png","contentUrl":"https:\/\/www.ssaki.eu\/wp-content\/uploads\/2021\/01\/LOGO-1.png","width":1280,"height":720,"caption":"Slovensk\u00e1 spolo\u010dnos\u0165 alergol\u00f3gie a klinickej imunol\u00f3gie"},"image":{"@id":"https:\/\/www.ssaki.eu\/#\/schema\/logo\/image\/"},"sameAs":["https:\/\/www.facebook.com\/alergologoviaimunologoviaSK"]}]}},"_links":{"self":[{"href":"https:\/\/www.ssaki.eu\/index.php?rest_route=\/wp\/v2\/pages\/1786795","targetHints":{"allow":["GET"]}}],"collection":[{"href":"https:\/\/www.ssaki.eu\/index.php?rest_route=\/wp\/v2\/pages"}],"about":[{"href":"https:\/\/www.ssaki.eu\/index.php?rest_route=\/wp\/v2\/types\/page"}],"author":[{"embeddable":true,"href":"https:\/\/www.ssaki.eu\/index.php?rest_route=\/wp\/v2\/users\/1"}],"replies":[{"embeddable":true,"href":"https:\/\/www.ssaki.eu\/index.php?rest_route=%2Fwp%2Fv2%2Fcomments&post=1786795"}],"version-history":[{"count":7,"href":"https:\/\/www.ssaki.eu\/index.php?rest_route=\/wp\/v2\/pages\/1786795\/revisions"}],"predecessor-version":[{"id":1791868,"href":"https:\/\/www.ssaki.eu\/index.php?rest_route=\/wp\/v2\/pages\/1786795\/revisions\/1791868"}],"up":[{"embeddable":true,"href":"https:\/\/www.ssaki.eu\/index.php?rest_route=\/wp\/v2\/pages\/19"}],"wp:attachment":[{"href":"https:\/\/www.ssaki.eu\/index.php?rest_route=%2Fwp%2Fv2%2Fmedia&parent=1786795"}],"curies":[{"name":"wp","href":"https:\/\/api.w.org\/{rel}","templated":true}]}}