{"id":2300891,"date":"2017-08-15T20:26:04","date_gmt":"2017-08-15T18:26:04","guid":{"rendered":"http:\/\/www.ssaki.eu\/?page_id=2300891"},"modified":"2017-08-15T20:26:04","modified_gmt":"2017-08-15T18:26:04","slug":"zo-zapisnice-z-11-8-2017","status":"publish","type":"page","link":"https:\/\/www.ssaki.eu\/?page_id=2300891","title":{"rendered":"Zo z\u00e1pisnice z 11.8.2017"},"content":{"rendered":"<p>Z\u00e1pisnica zo zasadnutia v\u00fdboru SSAKI a poradn\u00e9ho zboru hlavn\u00e9ho odborn\u00edka MZ SR 11.8.2017 v Malat\u00ednach<\/p>\n<p>Pr\u00edtomn\u00ed: \u010ci\u017en\u00e1r, Dzurillov\u00e1, Jese\u0148\u00e1k, Hlinka, Hochmuth, Hrubi\u0161ko, Ko\u0161turiak, Lap\u0161ansk\u00e1, Petriskov\u00e1, Pru\u017einec, Schvalbov\u00e1<\/p>\n<p>Ospravedlnen\u00ed: Koss\u00e1rov\u00e1, Mikler, Smie\u0161kov\u00e1<\/p>\n<p>1. V\u00fdbor navrhol a ods\u00fahlasil na z\u00e1klade \u017eiadosti \u00daradu pre doh\u013ead nad zdravotnou starostlivos\u0165ou zaslanej predsedovi v\u00fdboru SSAKI M. Hrubi\u0161kovi troch kandid\u00e1tov\u00a0 konzultantov \u00faradu v\u00a0\u0161pecializ\u00e1cii Klinick\u00e1 imunol\u00f3gia a\u00a0alergol\u00f3gia:<\/p>\n<p>&#8211;\u00a0\u00a0\u00a0\u00a0\u00a0\u00a0\u00a0\u00a0\u00a0 Doc. MUDr. Martin Hrubi\u0161ko, PhD., mimoriadny profesor (O\u00daSA a\u00a0SZU Bratislava)<\/p>\n<p>&#8211;\u00a0\u00a0\u00a0\u00a0\u00a0\u00a0\u00a0\u00a0\u00a0 MUDr. Lud\u011bk Hochmuth (II. intern\u00e1 klinika SZ\u00da, FNsP F.D. Roosevelta, Bansk\u00e1 Bystrica.)<\/p>\n<p>&#8211;\u00a0\u00a0\u00a0\u00a0\u00a0\u00a0\u00a0\u00a0\u00a0 Doc. MUDr. Peter \u010ci\u017en\u00e1r, PhD. (Detsk\u00e1 fakultn\u00e1 nemocnica Bratislava)<\/p>\n<p>2. Predseda v\u00fdboru M. Hrubi\u0161ko podal na MZSR p\u00edsomn\u00e9 stanovisko k epidemiologick\u00fdm \u00fadajom o v\u00fdskyte heredit\u00e1rn\u00e9ho angioed\u00e9mu na Slovensku k odhadu mo\u017en\u00e9ho po\u010dtu pacientov lie\u010den\u00fdch liekom Berinert, ako aj ostat\u00fdch farm\u00e1k pou\u017e\u00edvan\u00fdch v\u00a0indik\u00e1cii heredit\u00e1rny angioed\u00e9m, ako aj k\u00a0potrebe ich kategoriz\u00e1cie.<\/p>\n<p>3. V\u00fdbor prerokoval problematiku mo\u017en\u00fdch rie\u0161en\u00ed \u00fahrady biologickej a \u010fal\u0161ej finan\u010dne n\u00e1ro\u010dnej lie\u010dby a bude h\u013eada\u0165 optim\u00e1lny model vr\u00e1tane mo\u017enosti vytvorenia centier pre biologick\u00fa, resp. finan\u010dne zvl\u00e1\u0161\u0165 n\u00e1kladn\u00fa lie\u010dbu.<\/p>\n<p>4. Na z\u00e1klade schv\u00e1lenia na predo\u0161lom zasadnut\u00ed v\u00fdboru a\u00a0po doru\u010den\u00e1 origin\u00e1lnej verzie realizovan\u00fd odborn\u00fd preklad ARIA (zabezpe\u010dila M. Schvabov\u00e1), n\u00e1sledne recenzia prekladu (M. Hrubi\u0161ko, M.Schvalbov\u00e1) a pl\u00e1novan\u00e9 jeho uverejnenie v 3.\u010d\u00edsle \u010dasopisu Klinick\u00e1 imunologia a\u00a0alergol\u00f3gia (zabezpe\u010d\u00ed Pru\u017einec) a na webovej str\u00e1nke SSAKI (zabezpe\u010d\u00ed Ko\u0161turiak). Cena prekladu bola 300 EUR (certifikovan\u00e9mu prekladate\u013eovi). Za n\u00e1rodn\u00fdch koordin\u00e1torov\u00a0 ARIA na Slovensku navrhnut\u00ed v\u0161etci \u010dlenovia v\u00fdboru SSAKI, za odborn\u00fdch garantov Hrubi\u0161ko a\u00a0Schvalbov\u00e1.<\/p>\n<p>5. R. Ko\u0161turiak v\u00a0spolupr\u00e1ci s\u00a0A. Smie\u0161kovou prelo\u017e\u00ed dotazn\u00edk o liekovej alergii a uverejn\u00ed na webe za \u00fa\u010delom mo\u017en\u00e9ho vo\u013en\u00e9ho stiahnutia.<\/p>\n<p>6. V\u00fdbor schv\u00e1lil pr\u00edspevok na vydanie knihy Jese\u0148ak, Urban\u010d\u00edkov\u00e1 a kol.: O\u010dkovanie v \u0161peci\u00e1lnych situ\u00e1ci\u00e1ch vo v\u00fd\u0161ke 3000 EUR.<\/p>\n<p>7. E. Dzurillov\u00e1 informovala o\u00a0pokra\u010dovan\u00ed pr\u00e1ce na Zozname zdravotn\u00fdch v\u00fdkonov. V\u00fdbor schv\u00e1lil zoznam zdravotn\u00fdch v\u00fdkonov pre odbor klinick\u00e1 imunol\u00f3gia a alergol\u00f3gia &#8211; ambulantn\u00fa aj laborat\u00f3rnu \u010das\u0165<\/p>\n<p>8. E. Dzurillov\u00e1 informovala o pr\u00edprave registra\u010dn\u00fdch listov pracovnou skupinou v zlo\u017een\u00ed Eva Dzurillov\u00e1, Mojm\u00edr Vrl\u00edk, Norbert Sz\u00e1rasz, Martin Hrubi\u0161ko, Andrej Zlato\u0161.<\/p>\n<p>9. V\u00fdbor sa pozastavil nad neuhr\u00e1dzan\u00edm z\u00e1kladn\u00fdch z\u00e1palov\u00fdch parametrov &#8211; FW, CRP na z\u00e1kladn\u00e9 alergologick\u00e9 diagn\u00f3zy ako napr\u00edklad J30, J45 pois\u0165ov\u0148ou D\u00f4vera a z\u00e1rove\u0148 poveruje predsedu M.Hrubi\u0161ku na komunik\u00e1ciou s pois\u0165ov\u0148ou.<\/p>\n<p>Zap\u00edsala M. Schvalbov\u00e1 11.8.2017, revidival M. Hrubi\u0161ko 11.8.2017<\/p>\n","protected":false},"excerpt":{"rendered":"<p>Z\u00e1pisnica zo zasadnutia v\u00fdboru SSAKI a poradn\u00e9ho zboru hlavn\u00e9ho odborn\u00edka MZ SR 11.8.2017 v Malat\u00ednach Pr\u00edtomn\u00ed: \u010ci\u017en\u00e1r, Dzurillov\u00e1, Jese\u0148\u00e1k, Hlinka, Hochmuth, Hrubi\u0161ko, Ko\u0161turiak, Lap\u0161ansk\u00e1, Petriskov\u00e1, Pru\u017einec, Schvalbov\u00e1 Ospravedlnen\u00ed: Koss\u00e1rov\u00e1, Mikler, Smie\u0161kov\u00e1 1. V\u00fdbor navrhol&#46;&#46;&#46;<\/p>\n","protected":false},"author":1,"featured_media":0,"parent":19,"menu_order":0,"comment_status":"closed","ping_status":"closed","template":"","meta":{"footnotes":""},"class_list":["post-2300891","page","type-page","status-publish","hentry"],"yoast_head":"<!-- This site is optimized with the Yoast SEO plugin v27.3 - https:\/\/yoast.com\/product\/yoast-seo-wordpress\/ -->\n<title>Zo z\u00e1pisnice z 11.8.2017 - Slovensk\u00e1 spolo\u010dnos\u0165 alergol\u00f3gie a klinickej imunol\u00f3gie<\/title>\n<meta name=\"description\" content=\"Sme odborn\u00e1 splo\u010dnos\u0165, ktor\u00e1 zdru\u017euje klinick\u00fdch imunol\u00f3gov a alergol\u00f3gov, ako aj in\u00fdch odborn\u00edkov so z\u00e1ujmom o tento odbor. Na\u0161a spolo\u010dnos\u0165 je hlavn\u00fdm organiz\u00e1torom kontunu\u00e1lneho vzdel\u00e1vania v tomto odbore na Slovensku.\" \/>\n<meta name=\"robots\" content=\"index, follow, max-snippet:-1, max-image-preview:large, max-video-preview:-1\" \/>\n<link rel=\"canonical\" href=\"https:\/\/www.ssaki.eu\/?page_id=2300891\" \/>\n<meta property=\"og:locale\" content=\"sk_SK\" \/>\n<meta property=\"og:type\" content=\"article\" \/>\n<meta property=\"og:title\" content=\"Zo z\u00e1pisnice z 11.8.2017 - Slovensk\u00e1 spolo\u010dnos\u0165 alergol\u00f3gie a klinickej imunol\u00f3gie\" \/>\n<meta property=\"og:description\" content=\"Sme odborn\u00e1 splo\u010dnos\u0165, ktor\u00e1 zdru\u017euje klinick\u00fdch imunol\u00f3gov a alergol\u00f3gov, ako aj in\u00fdch odborn\u00edkov so z\u00e1ujmom o tento odbor. Na\u0161a spolo\u010dnos\u0165 je hlavn\u00fdm organiz\u00e1torom kontunu\u00e1lneho vzdel\u00e1vania v tomto odbore na Slovensku.\" \/>\n<meta property=\"og:url\" content=\"https:\/\/www.ssaki.eu\/?page_id=2300891\" \/>\n<meta property=\"og:site_name\" content=\"Slovensk\u00e1 spolo\u010dnos\u0165 alergol\u00f3gie a klinickej imunol\u00f3gie\" \/>\n<meta property=\"article:publisher\" content=\"https:\/\/www.facebook.com\/alergologoviaimunologoviaSK\" \/>\n<meta property=\"og:image\" content=\"https:\/\/www.ssaki.eu\/wp-content\/uploads\/2021\/01\/STOP_COVID_SSAKI-e1609772027682.png\" \/>\n\t<meta property=\"og:image:width\" content=\"640\" \/>\n\t<meta property=\"og:image:height\" content=\"360\" \/>\n\t<meta property=\"og:image:type\" content=\"image\/png\" \/>\n<meta name=\"twitter:card\" content=\"summary_large_image\" \/>\n<meta name=\"twitter:label1\" content=\"Predpokladan\u00fd \u010das \u010d\u00edtania\" \/>\n\t<meta name=\"twitter:data1\" content=\"3 min\u00faty\" \/>\n<script type=\"application\/ld+json\" class=\"yoast-schema-graph\">{\"@context\":\"https:\\\/\\\/schema.org\",\"@graph\":[{\"@type\":[\"WebPage\",\"MedicalWebPage\"],\"@id\":\"https:\\\/\\\/www.ssaki.eu\\\/?page_id=2300891\",\"url\":\"https:\\\/\\\/www.ssaki.eu\\\/?page_id=2300891\",\"name\":\"Zo z\u00e1pisnice z 11.8.2017 - Slovensk\u00e1 spolo\u010dnos\u0165 alergol\u00f3gie a klinickej imunol\u00f3gie\",\"isPartOf\":{\"@id\":\"https:\\\/\\\/www.ssaki.eu\\\/#website\"},\"datePublished\":\"2017-08-15T18:26:04+00:00\",\"description\":\"Sme odborn\u00e1 splo\u010dnos\u0165, ktor\u00e1 zdru\u017euje klinick\u00fdch imunol\u00f3gov a alergol\u00f3gov, ako aj in\u00fdch odborn\u00edkov so z\u00e1ujmom o tento odbor. Na\u0161a spolo\u010dnos\u0165 je hlavn\u00fdm organiz\u00e1torom kontunu\u00e1lneho vzdel\u00e1vania v tomto odbore na Slovensku.\",\"breadcrumb\":{\"@id\":\"https:\\\/\\\/www.ssaki.eu\\\/?page_id=2300891#breadcrumb\"},\"inLanguage\":\"sk-SK\",\"potentialAction\":[{\"@type\":\"ReadAction\",\"target\":[\"https:\\\/\\\/www.ssaki.eu\\\/?page_id=2300891\"]}]},{\"@type\":\"BreadcrumbList\",\"@id\":\"https:\\\/\\\/www.ssaki.eu\\\/?page_id=2300891#breadcrumb\",\"itemListElement\":[{\"@type\":\"ListItem\",\"position\":1,\"name\":\"Domovsk\u00e1 str\u00e1nka\",\"item\":\"https:\\\/\\\/www.ssaki.eu\\\/\"},{\"@type\":\"ListItem\",\"position\":2,\"name\":\"V\u00fdbor spolo\u010dnosti\",\"item\":\"https:\\\/\\\/www.ssaki.eu\\\/?page_id=11\"},{\"@type\":\"ListItem\",\"position\":3,\"name\":\"Zo z\u00e1pisn\u00edc\",\"item\":\"https:\\\/\\\/www.ssaki.eu\\\/?page_id=19\"},{\"@type\":\"ListItem\",\"position\":4,\"name\":\"Zo z\u00e1pisnice z 11.8.2017\"}]},{\"@type\":\"WebSite\",\"@id\":\"https:\\\/\\\/www.ssaki.eu\\\/#website\",\"url\":\"https:\\\/\\\/www.ssaki.eu\\\/\",\"name\":\"Slovensk\u00e1 spolo\u010dnos\u0165 alergol\u00f3gie a klinickej imunol\u00f3gie\",\"description\":\"\",\"publisher\":{\"@id\":\"https:\\\/\\\/www.ssaki.eu\\\/#organization\"},\"potentialAction\":[{\"@type\":\"SearchAction\",\"target\":{\"@type\":\"EntryPoint\",\"urlTemplate\":\"https:\\\/\\\/www.ssaki.eu\\\/?s={search_term_string}\"},\"query-input\":{\"@type\":\"PropertyValueSpecification\",\"valueRequired\":true,\"valueName\":\"search_term_string\"}}],\"inLanguage\":\"sk-SK\"},{\"@type\":\"Organization\",\"@id\":\"https:\\\/\\\/www.ssaki.eu\\\/#organization\",\"name\":\"Slovensk\u00e1 spolo\u010dnos\u0165 alergol\u00f3gie a klinickej imunol\u00f3gie\",\"url\":\"https:\\\/\\\/www.ssaki.eu\\\/\",\"logo\":{\"@type\":\"ImageObject\",\"inLanguage\":\"sk-SK\",\"@id\":\"https:\\\/\\\/www.ssaki.eu\\\/#\\\/schema\\\/logo\\\/image\\\/\",\"url\":\"https:\\\/\\\/www.ssaki.eu\\\/wp-content\\\/uploads\\\/2021\\\/01\\\/LOGO-1.png\",\"contentUrl\":\"https:\\\/\\\/www.ssaki.eu\\\/wp-content\\\/uploads\\\/2021\\\/01\\\/LOGO-1.png\",\"width\":1280,\"height\":720,\"caption\":\"Slovensk\u00e1 spolo\u010dnos\u0165 alergol\u00f3gie a klinickej imunol\u00f3gie\"},\"image\":{\"@id\":\"https:\\\/\\\/www.ssaki.eu\\\/#\\\/schema\\\/logo\\\/image\\\/\"},\"sameAs\":[\"https:\\\/\\\/www.facebook.com\\\/alergologoviaimunologoviaSK\"]}]}<\/script>\n<!-- \/ Yoast SEO plugin. -->","yoast_head_json":{"title":"Zo z\u00e1pisnice z 11.8.2017 - Slovensk\u00e1 spolo\u010dnos\u0165 alergol\u00f3gie a klinickej imunol\u00f3gie","description":"Sme odborn\u00e1 splo\u010dnos\u0165, ktor\u00e1 zdru\u017euje klinick\u00fdch imunol\u00f3gov a alergol\u00f3gov, ako aj in\u00fdch odborn\u00edkov so z\u00e1ujmom o tento odbor. Na\u0161a spolo\u010dnos\u0165 je hlavn\u00fdm organiz\u00e1torom kontunu\u00e1lneho vzdel\u00e1vania v tomto odbore na Slovensku.","robots":{"index":"index","follow":"follow","max-snippet":"max-snippet:-1","max-image-preview":"max-image-preview:large","max-video-preview":"max-video-preview:-1"},"canonical":"https:\/\/www.ssaki.eu\/?page_id=2300891","og_locale":"sk_SK","og_type":"article","og_title":"Zo z\u00e1pisnice z 11.8.2017 - Slovensk\u00e1 spolo\u010dnos\u0165 alergol\u00f3gie a klinickej imunol\u00f3gie","og_description":"Sme odborn\u00e1 splo\u010dnos\u0165, ktor\u00e1 zdru\u017euje klinick\u00fdch imunol\u00f3gov a alergol\u00f3gov, ako aj in\u00fdch odborn\u00edkov so z\u00e1ujmom o tento odbor. Na\u0161a spolo\u010dnos\u0165 je hlavn\u00fdm organiz\u00e1torom kontunu\u00e1lneho vzdel\u00e1vania v tomto odbore na Slovensku.","og_url":"https:\/\/www.ssaki.eu\/?page_id=2300891","og_site_name":"Slovensk\u00e1 spolo\u010dnos\u0165 alergol\u00f3gie a klinickej imunol\u00f3gie","article_publisher":"https:\/\/www.facebook.com\/alergologoviaimunologoviaSK","og_image":[{"width":640,"height":360,"url":"https:\/\/www.ssaki.eu\/wp-content\/uploads\/2021\/01\/STOP_COVID_SSAKI-e1609772027682.png","type":"image\/png"}],"twitter_card":"summary_large_image","twitter_misc":{"Predpokladan\u00fd \u010das \u010d\u00edtania":"3 min\u00faty"},"schema":{"@context":"https:\/\/schema.org","@graph":[{"@type":["WebPage","MedicalWebPage"],"@id":"https:\/\/www.ssaki.eu\/?page_id=2300891","url":"https:\/\/www.ssaki.eu\/?page_id=2300891","name":"Zo z\u00e1pisnice z 11.8.2017 - Slovensk\u00e1 spolo\u010dnos\u0165 alergol\u00f3gie a klinickej imunol\u00f3gie","isPartOf":{"@id":"https:\/\/www.ssaki.eu\/#website"},"datePublished":"2017-08-15T18:26:04+00:00","description":"Sme odborn\u00e1 splo\u010dnos\u0165, ktor\u00e1 zdru\u017euje klinick\u00fdch imunol\u00f3gov a alergol\u00f3gov, ako aj in\u00fdch odborn\u00edkov so z\u00e1ujmom o tento odbor. Na\u0161a spolo\u010dnos\u0165 je hlavn\u00fdm organiz\u00e1torom kontunu\u00e1lneho vzdel\u00e1vania v tomto odbore na Slovensku.","breadcrumb":{"@id":"https:\/\/www.ssaki.eu\/?page_id=2300891#breadcrumb"},"inLanguage":"sk-SK","potentialAction":[{"@type":"ReadAction","target":["https:\/\/www.ssaki.eu\/?page_id=2300891"]}]},{"@type":"BreadcrumbList","@id":"https:\/\/www.ssaki.eu\/?page_id=2300891#breadcrumb","itemListElement":[{"@type":"ListItem","position":1,"name":"Domovsk\u00e1 str\u00e1nka","item":"https:\/\/www.ssaki.eu\/"},{"@type":"ListItem","position":2,"name":"V\u00fdbor spolo\u010dnosti","item":"https:\/\/www.ssaki.eu\/?page_id=11"},{"@type":"ListItem","position":3,"name":"Zo z\u00e1pisn\u00edc","item":"https:\/\/www.ssaki.eu\/?page_id=19"},{"@type":"ListItem","position":4,"name":"Zo z\u00e1pisnice z 11.8.2017"}]},{"@type":"WebSite","@id":"https:\/\/www.ssaki.eu\/#website","url":"https:\/\/www.ssaki.eu\/","name":"Slovensk\u00e1 spolo\u010dnos\u0165 alergol\u00f3gie a klinickej imunol\u00f3gie","description":"","publisher":{"@id":"https:\/\/www.ssaki.eu\/#organization"},"potentialAction":[{"@type":"SearchAction","target":{"@type":"EntryPoint","urlTemplate":"https:\/\/www.ssaki.eu\/?s={search_term_string}"},"query-input":{"@type":"PropertyValueSpecification","valueRequired":true,"valueName":"search_term_string"}}],"inLanguage":"sk-SK"},{"@type":"Organization","@id":"https:\/\/www.ssaki.eu\/#organization","name":"Slovensk\u00e1 spolo\u010dnos\u0165 alergol\u00f3gie a klinickej imunol\u00f3gie","url":"https:\/\/www.ssaki.eu\/","logo":{"@type":"ImageObject","inLanguage":"sk-SK","@id":"https:\/\/www.ssaki.eu\/#\/schema\/logo\/image\/","url":"https:\/\/www.ssaki.eu\/wp-content\/uploads\/2021\/01\/LOGO-1.png","contentUrl":"https:\/\/www.ssaki.eu\/wp-content\/uploads\/2021\/01\/LOGO-1.png","width":1280,"height":720,"caption":"Slovensk\u00e1 spolo\u010dnos\u0165 alergol\u00f3gie a klinickej imunol\u00f3gie"},"image":{"@id":"https:\/\/www.ssaki.eu\/#\/schema\/logo\/image\/"},"sameAs":["https:\/\/www.facebook.com\/alergologoviaimunologoviaSK"]}]}},"_links":{"self":[{"href":"https:\/\/www.ssaki.eu\/index.php?rest_route=\/wp\/v2\/pages\/2300891","targetHints":{"allow":["GET"]}}],"collection":[{"href":"https:\/\/www.ssaki.eu\/index.php?rest_route=\/wp\/v2\/pages"}],"about":[{"href":"https:\/\/www.ssaki.eu\/index.php?rest_route=\/wp\/v2\/types\/page"}],"author":[{"embeddable":true,"href":"https:\/\/www.ssaki.eu\/index.php?rest_route=\/wp\/v2\/users\/1"}],"replies":[{"embeddable":true,"href":"https:\/\/www.ssaki.eu\/index.php?rest_route=%2Fwp%2Fv2%2Fcomments&post=2300891"}],"version-history":[{"count":1,"href":"https:\/\/www.ssaki.eu\/index.php?rest_route=\/wp\/v2\/pages\/2300891\/revisions"}],"predecessor-version":[{"id":2300892,"href":"https:\/\/www.ssaki.eu\/index.php?rest_route=\/wp\/v2\/pages\/2300891\/revisions\/2300892"}],"up":[{"embeddable":true,"href":"https:\/\/www.ssaki.eu\/index.php?rest_route=\/wp\/v2\/pages\/19"}],"wp:attachment":[{"href":"https:\/\/www.ssaki.eu\/index.php?rest_route=%2Fwp%2Fv2%2Fmedia&parent=2300891"}],"curies":[{"name":"wp","href":"https:\/\/api.w.org\/{rel}","templated":true}]}}