{"id":2399739,"date":"2017-10-06T22:32:30","date_gmt":"2017-10-06T20:32:30","guid":{"rendered":"http:\/\/www.ssaki.eu\/?page_id=2399739"},"modified":"2017-10-06T22:32:30","modified_gmt":"2017-10-06T20:32:30","slug":"zo-zapisnice-z-21-9-2017","status":"publish","type":"page","link":"https:\/\/www.ssaki.eu\/?page_id=2399739","title":{"rendered":"Zo z\u00e1pisnice z 21.9.2017"},"content":{"rendered":"<h1>Z\u00e1pisnica zo zasadania v\u00fdboru a poradn\u00e9ho zboru SSAKI<\/h1>\n<p>21-22.9.2017 Martin<\/p>\n<p>Pr\u00edtomn\u00ed: Hrubi\u0161ko, Pru\u017einec, \u010ci\u017en\u00e1r, Jese\u0148\u00e1k, Ko\u0161turiak, Hochmuth, Hlinka, Petriskov\u00e1, Dzurillov\u00e1, Lap\u0161ansk\u00e1, Smie\u0161kov\u00e1, Koss\u00e1rov\u00e1.<\/p>\n<p>Ospravedlnen\u00ed: Schvalbov\u00e1, Mikler<\/p>\n<h1>Program:<\/h1>\n<h2>Organiz\u00e1cia kongresu SSAKI-\u010cSAKI-SIMS-\u010cIS ,Vysok\u00e9 Tatry, Hotel Bellevue<\/h2>\n<ul>\n<li>Hlavn\u00fd odborn\u00edk referoval o finan\u010dn\u00fdch podmienkach kongresu, prihl\u00e1sen\u00fdch je zatia\u013e 600 a po\u010d\u00edtame plus 200 os\u00f4b (v\u00fdbory, prv\u00ed pren\u00e1\u0161atelia, firmy). Ing. Petriskov\u00e1 zist\u00ed ko\u013ek\u00ed nie s\u00fa prihl\u00e1sen\u00ed na prv\u00fd a na posledn\u00fd ve\u010der, rozpo\u010det vych\u00e1dza z t\u00fdchto \u00fadajov.<\/li>\n<li>Ubytovanie je zabezpe\u010den\u00e9 pre \u010dlenov v\u00fdborov, kongresov\u00fd poplatok neplatia prv\u00ed autori.<\/li>\n<li>Spolo\u010densk\u00fd ve\u010der prv\u00fd (streda), Hotel Bellevue, schv\u00e1len\u00fd poplatok 20EUR, program hudobn\u00e1 skupina Fragile, za\u010diatok predstavenia 19,30 hod, r\u00e1ta sa s\u00a0plnohodnotn\u00fdm koncertom \u2013 treba zabezpe\u010di\u0165 kvietok pre ka\u017ed\u00e9ho vystupuj\u00faceho (Ivan Hlinka).<\/li>\n<li>Druh\u00fd spolo\u010densk\u00fd ve\u010der (piatok) Hotel Grandhotel Smokovec, poplatok 10 EUR, hudba-\u017eiv\u00e1 &#8211; ev. diskot\u00e9ka (e\u0161te sa rie\u0161i), \u0161v\u00e9dske stoly, v\u00edno a\u00a0pivomno\u017estvo primeran\u00e9 na 1 osobu je zahrnut\u00e9, ostatn\u00fd alkohol si hrad\u00ed ka\u017ed\u00fd s\u00e1m, na obe podujatia bud\u00fa pripraven\u00e9 n\u00e1ramky pre identifik\u00e1ciu.<\/li>\n<li>Registr\u00e1cia pri pri vstupe do hotela vpravo, pri dvoch pultoch &#8211; pas\u00edvni \u00fa\u010dastn\u00edci a pri druhom akt\u00edvni prv\u00ed autori, \u010dlenovia v\u00fdborov), pri registr\u00e1cii sa bude da\u0165 zak\u00fapi\u0165 stravn\u00e9 l\u00edstky na obedy, visa\u010dky s\u00fa zabezpe\u010den\u00e9 cez f. Chiesi, kongresov\u00e1 ta\u0161ku cez Ewofarmu, z\u00e1pisn\u00edky f. Biogema, pri vstupe, pri br\u00e1ne, event. na zast\u00e1vkach bude plag\u00e1t \/ banner (zabezpe\u010d\u00ed Pru\u017einec, ktor\u00fd tie\u017e zavol\u00e1 miestnemu policajn\u00e9mu zboru a ozn\u00e1mi podujatie a\u00a0pok\u00fasi sa vybavi\u0165 vybav\u00ed zhovievavos\u0165 pri probl\u00e9moch s\u00a0parkovan\u00edm); hostesky zabezpe\u010d\u00ed Lap\u0161ansk\u00e1, pr\u00edchod o 11.hod. v stredu, prv\u00fd de\u0148 bud\u00fa do 19 hod. st\u00e1le pri registr\u00e1cii, ostatn\u00e9 dni od 7,00 do 19,00 hod. rozdelen\u00e9 pri registr\u00e1cii a v predn\u00e1\u0161kov\u00fdch miestnostiach s\u00a0mirkof\u00f3nmi;<\/li>\n<li>Postre pod\u013ea udan\u00e9ho vzoru od TAJPAN-u (ppt) na jednu stranu v\u0161etky obr\u00e1zky z\u00a0powerpointu;<\/li>\n<li>Postgradu\u00e1l bude v pdf form\u00e1te na webe;<\/li>\n<li>Zasielanie abstraktov ukon\u010di\u0165 do 25.9.2017;<\/li>\n<li>Pred otvoren\u00edm kongresu ful HD verzia 12\u00b4 video o\u00a0Tatr\u00e1ch &#8211; zabezpe\u010d\u00ed Ivan Hlinka<\/li>\n<li>Otv\u00e1ra Prezident kongresu Hrubi\u0161ko, poz\u00fdva p\u00edsomne do predsedn\u00edctva ministra Drukera, prim\u00e1tora Tatier, predsedov spolo\u010dnost\u00ed, ktor\u00ed bud\u00fa ma\u0165 kr\u00e1tky pr\u00edhovor (minister, prim\u00e1tor, predsedovia 4 odborn\u00fdch spolo\u010dnost\u00ed), nasledova\u0165 bude odovzd\u00e1vanie vyznamenan\u00ed osl\u00e1vencom v\u0161etk\u00fdch spolo\u010dnost\u00ed -zist\u00ed Pru\u017einec, vybav\u00ed Schvalbov\u00e1, kvety zabezpe\u010d\u00ed Lap\u0161ansk\u00e1 a\u00a0Hlinka;<\/li>\n<li>Bez prest\u00e1vky nasleduje \u00favodn\u00fd blok, trvanie predn\u00e1\u0161ok 20-30 min\u00fat, bez diskusie, ukon\u010di\u0165 do 18.hod, po prest\u00e1vke o 19,30 kult\u00farny program, potom ve\u010dera<\/li>\n<li>V\u00fdbor spolo\u010dne skontroloval a opravil cel\u00fd odborn\u00fd program \u2013 zadelenie do blokov, \u010dasov\u00fd rozvrh, predn\u00e1\u0161aj\u00faci, predsedaj\u00faci.<\/li>\n<li>V\u00fdbor prerokoval person\u00e1lne obsadenie hlavn\u00e9ho odborn\u00edka pre \u010fal\u0161ie funk\u010dn\u00e9 obdobie \u2013 jednohlasne navrhuje za hlavn\u00e9ho odborn\u00edka KIA prof. Petra Pru\u017einca;<\/li>\n<li>Prijala sa spr\u00e1va o n\u00e1vrhu expertov pre KIA pre \u00darad doh\u013eadu nad zdravotnou starostlivos\u0165ou z\u00a0predo\u0161l\u00e9ho v\u00fdboru \u2013 na z\u00e1klade \u010doho sa u\u017e odoslali pracovn\u00e9 \u017eivotopisy a\u00a0ostatn\u00e9 potrebn\u00e9 \u00fadaje navrhnut\u00fdch odborn\u00edkov (Hrubi\u0161ko, Hochmuth, \u010ci\u017en\u00e1r);<\/li>\n<li>Dzurillov\u00e1, Hrubi\u0161ko vypracuj\u00fa pre zdravotn\u00e9 pois\u0165ovne odborn\u00e9 stanovisko SSAKI oh\u013eadom zmien rev\u00edznych postupov pre laborat\u00f3rne v\u00fdkony ktor\u00e9 jednotliv\u00e9 pois\u0165ovne bez prediskutovania so odbornou spolo\u010dnos\u0165ou nateraz skracuj\u00fa, aby po sp\u00e4tn\u00fdch kontrol\u00e1ch nedo\u0161lo k postihu poskytovate\u013eov a\u00a0laborat\u00f3ri\u00ed \u2013 v\u00a0tejto s\u00favislosti ka\u017ed\u00fd \u010dlen v\u00fdboru po\u0161le Hrubi\u0161kovi konkr\u00e9tne negat\u00edvne sk\u00fasenosti z\u00a0jednotliv\u00fdch regi\u00f3nov \u2013 \u010do sa neprepl\u00e1ca, resp. r\u00f4znym sp\u00f4sobom (v\u00e4zbou na diagn\u00f3zu) skracuje;<\/li>\n<li>Prijali sme pozvanie na tzv. <i>Advisory board<\/i> firmy GSK, na ktorom n\u00e1s z\u00e1stupkyne medic\u00ednskeho oddelenia GSK informovali o\u00a0nov\u00fdch mo\u017enostiach spolupr\u00e1ce pri organiz\u00e1cii odborn\u00fdch podujat\u00ed, o\u00a0mo\u017enostiach \u010derpania grantov a\u00a0o\u00a0pl\u00e1novan\u00fdch eduka\u010dn\u00fdch aktivit\u00e1ch firmy.<\/li>\n<\/ul>\n<h2>R\u00f4zne:<\/h2>\n<p>V\u00a0Martine, d\u0148a 22.9.2017, zap\u00edsali Koss\u00e1rov\u00e1, Hrubi\u0161ko.<\/p>\n","protected":false},"excerpt":{"rendered":"<p>Z\u00e1pisnica zo zasadania v\u00fdboru a poradn\u00e9ho zboru SSAKI 21-22.9.2017 Martin Pr\u00edtomn\u00ed: Hrubi\u0161ko, Pru\u017einec, \u010ci\u017en\u00e1r, Jese\u0148\u00e1k, Ko\u0161turiak, Hochmuth, Hlinka, Petriskov\u00e1, Dzurillov\u00e1, Lap\u0161ansk\u00e1, Smie\u0161kov\u00e1, Koss\u00e1rov\u00e1. Ospravedlnen\u00ed: Schvalbov\u00e1, Mikler Program: Organiz\u00e1cia kongresu SSAKI-\u010cSAKI-SIMS-\u010cIS ,Vysok\u00e9 Tatry, Hotel Bellevue&#46;&#46;&#46;<\/p>\n","protected":false},"author":1,"featured_media":0,"parent":19,"menu_order":0,"comment_status":"closed","ping_status":"closed","template":"","meta":{"footnotes":""},"class_list":["post-2399739","page","type-page","status-publish","hentry"],"yoast_head":"<!-- This site is optimized with the Yoast SEO plugin v27.4 - https:\/\/yoast.com\/product\/yoast-seo-wordpress\/ -->\n<title>Zo z\u00e1pisnice z 21.9.2017 - Slovensk\u00e1 spolo\u010dnos\u0165 alergol\u00f3gie a klinickej imunol\u00f3gie<\/title>\n<meta name=\"description\" content=\"Sme odborn\u00e1 splo\u010dnos\u0165, ktor\u00e1 zdru\u017euje klinick\u00fdch imunol\u00f3gov a alergol\u00f3gov, ako aj in\u00fdch odborn\u00edkov so z\u00e1ujmom o tento odbor. Na\u0161a spolo\u010dnos\u0165 je hlavn\u00fdm organiz\u00e1torom kontunu\u00e1lneho vzdel\u00e1vania v tomto odbore na Slovensku.\" \/>\n<meta name=\"robots\" content=\"index, follow, max-snippet:-1, max-image-preview:large, max-video-preview:-1\" \/>\n<link rel=\"canonical\" href=\"https:\/\/www.ssaki.eu\/?page_id=2399739\" \/>\n<meta property=\"og:locale\" content=\"sk_SK\" \/>\n<meta property=\"og:type\" content=\"article\" \/>\n<meta property=\"og:title\" content=\"Zo z\u00e1pisnice z 21.9.2017 - Slovensk\u00e1 spolo\u010dnos\u0165 alergol\u00f3gie a klinickej imunol\u00f3gie\" \/>\n<meta property=\"og:description\" content=\"Sme odborn\u00e1 splo\u010dnos\u0165, ktor\u00e1 zdru\u017euje klinick\u00fdch imunol\u00f3gov a alergol\u00f3gov, ako aj in\u00fdch odborn\u00edkov so z\u00e1ujmom o tento odbor. Na\u0161a spolo\u010dnos\u0165 je hlavn\u00fdm organiz\u00e1torom kontunu\u00e1lneho vzdel\u00e1vania v tomto odbore na Slovensku.\" \/>\n<meta property=\"og:url\" content=\"https:\/\/www.ssaki.eu\/?page_id=2399739\" \/>\n<meta property=\"og:site_name\" content=\"Slovensk\u00e1 spolo\u010dnos\u0165 alergol\u00f3gie a klinickej imunol\u00f3gie\" \/>\n<meta property=\"article:publisher\" content=\"https:\/\/www.facebook.com\/alergologoviaimunologoviaSK\" \/>\n<meta property=\"og:image\" content=\"https:\/\/www.ssaki.eu\/wp-content\/uploads\/2021\/01\/STOP_COVID_SSAKI-e1609772027682.png\" \/>\n\t<meta property=\"og:image:width\" content=\"640\" \/>\n\t<meta property=\"og:image:height\" content=\"360\" \/>\n\t<meta property=\"og:image:type\" content=\"image\/png\" \/>\n<meta name=\"twitter:card\" content=\"summary_large_image\" \/>\n<meta name=\"twitter:label1\" content=\"Predpokladan\u00fd \u010das \u010d\u00edtania\" \/>\n\t<meta name=\"twitter:data1\" content=\"4 min\u00faty\" \/>\n<script type=\"application\/ld+json\" class=\"yoast-schema-graph\">{\"@context\":\"https:\\\/\\\/schema.org\",\"@graph\":[{\"@type\":[\"WebPage\",\"MedicalWebPage\"],\"@id\":\"https:\\\/\\\/www.ssaki.eu\\\/?page_id=2399739\",\"url\":\"https:\\\/\\\/www.ssaki.eu\\\/?page_id=2399739\",\"name\":\"Zo z\u00e1pisnice z 21.9.2017 - Slovensk\u00e1 spolo\u010dnos\u0165 alergol\u00f3gie a klinickej imunol\u00f3gie\",\"isPartOf\":{\"@id\":\"https:\\\/\\\/www.ssaki.eu\\\/#website\"},\"datePublished\":\"2017-10-06T20:32:30+00:00\",\"description\":\"Sme odborn\u00e1 splo\u010dnos\u0165, ktor\u00e1 zdru\u017euje klinick\u00fdch imunol\u00f3gov a alergol\u00f3gov, ako aj in\u00fdch odborn\u00edkov so z\u00e1ujmom o tento odbor. Na\u0161a spolo\u010dnos\u0165 je hlavn\u00fdm organiz\u00e1torom kontunu\u00e1lneho vzdel\u00e1vania v tomto odbore na Slovensku.\",\"breadcrumb\":{\"@id\":\"https:\\\/\\\/www.ssaki.eu\\\/?page_id=2399739#breadcrumb\"},\"inLanguage\":\"sk-SK\",\"potentialAction\":[{\"@type\":\"ReadAction\",\"target\":[\"https:\\\/\\\/www.ssaki.eu\\\/?page_id=2399739\"]}]},{\"@type\":\"BreadcrumbList\",\"@id\":\"https:\\\/\\\/www.ssaki.eu\\\/?page_id=2399739#breadcrumb\",\"itemListElement\":[{\"@type\":\"ListItem\",\"position\":1,\"name\":\"Domovsk\u00e1 str\u00e1nka\",\"item\":\"https:\\\/\\\/www.ssaki.eu\\\/\"},{\"@type\":\"ListItem\",\"position\":2,\"name\":\"V\u00fdbor spolo\u010dnosti\",\"item\":\"https:\\\/\\\/www.ssaki.eu\\\/?page_id=11\"},{\"@type\":\"ListItem\",\"position\":3,\"name\":\"Zo z\u00e1pisn\u00edc\",\"item\":\"https:\\\/\\\/www.ssaki.eu\\\/?page_id=19\"},{\"@type\":\"ListItem\",\"position\":4,\"name\":\"Zo z\u00e1pisnice z 21.9.2017\"}]},{\"@type\":\"WebSite\",\"@id\":\"https:\\\/\\\/www.ssaki.eu\\\/#website\",\"url\":\"https:\\\/\\\/www.ssaki.eu\\\/\",\"name\":\"Slovensk\u00e1 spolo\u010dnos\u0165 alergol\u00f3gie a klinickej imunol\u00f3gie\",\"description\":\"\",\"publisher\":{\"@id\":\"https:\\\/\\\/www.ssaki.eu\\\/#organization\"},\"potentialAction\":[{\"@type\":\"SearchAction\",\"target\":{\"@type\":\"EntryPoint\",\"urlTemplate\":\"https:\\\/\\\/www.ssaki.eu\\\/?s={search_term_string}\"},\"query-input\":{\"@type\":\"PropertyValueSpecification\",\"valueRequired\":true,\"valueName\":\"search_term_string\"}}],\"inLanguage\":\"sk-SK\"},{\"@type\":\"Organization\",\"@id\":\"https:\\\/\\\/www.ssaki.eu\\\/#organization\",\"name\":\"Slovensk\u00e1 spolo\u010dnos\u0165 alergol\u00f3gie a klinickej imunol\u00f3gie\",\"url\":\"https:\\\/\\\/www.ssaki.eu\\\/\",\"logo\":{\"@type\":\"ImageObject\",\"inLanguage\":\"sk-SK\",\"@id\":\"https:\\\/\\\/www.ssaki.eu\\\/#\\\/schema\\\/logo\\\/image\\\/\",\"url\":\"https:\\\/\\\/www.ssaki.eu\\\/wp-content\\\/uploads\\\/2021\\\/01\\\/LOGO-1.png\",\"contentUrl\":\"https:\\\/\\\/www.ssaki.eu\\\/wp-content\\\/uploads\\\/2021\\\/01\\\/LOGO-1.png\",\"width\":1280,\"height\":720,\"caption\":\"Slovensk\u00e1 spolo\u010dnos\u0165 alergol\u00f3gie a klinickej imunol\u00f3gie\"},\"image\":{\"@id\":\"https:\\\/\\\/www.ssaki.eu\\\/#\\\/schema\\\/logo\\\/image\\\/\"},\"sameAs\":[\"https:\\\/\\\/www.facebook.com\\\/alergologoviaimunologoviaSK\"]}]}<\/script>\n<!-- \/ Yoast SEO plugin. -->","yoast_head_json":{"title":"Zo z\u00e1pisnice z 21.9.2017 - Slovensk\u00e1 spolo\u010dnos\u0165 alergol\u00f3gie a klinickej imunol\u00f3gie","description":"Sme odborn\u00e1 splo\u010dnos\u0165, ktor\u00e1 zdru\u017euje klinick\u00fdch imunol\u00f3gov a alergol\u00f3gov, ako aj in\u00fdch odborn\u00edkov so z\u00e1ujmom o tento odbor. Na\u0161a spolo\u010dnos\u0165 je hlavn\u00fdm organiz\u00e1torom kontunu\u00e1lneho vzdel\u00e1vania v tomto odbore na Slovensku.","robots":{"index":"index","follow":"follow","max-snippet":"max-snippet:-1","max-image-preview":"max-image-preview:large","max-video-preview":"max-video-preview:-1"},"canonical":"https:\/\/www.ssaki.eu\/?page_id=2399739","og_locale":"sk_SK","og_type":"article","og_title":"Zo z\u00e1pisnice z 21.9.2017 - Slovensk\u00e1 spolo\u010dnos\u0165 alergol\u00f3gie a klinickej imunol\u00f3gie","og_description":"Sme odborn\u00e1 splo\u010dnos\u0165, ktor\u00e1 zdru\u017euje klinick\u00fdch imunol\u00f3gov a alergol\u00f3gov, ako aj in\u00fdch odborn\u00edkov so z\u00e1ujmom o tento odbor. Na\u0161a spolo\u010dnos\u0165 je hlavn\u00fdm organiz\u00e1torom kontunu\u00e1lneho vzdel\u00e1vania v tomto odbore na Slovensku.","og_url":"https:\/\/www.ssaki.eu\/?page_id=2399739","og_site_name":"Slovensk\u00e1 spolo\u010dnos\u0165 alergol\u00f3gie a klinickej imunol\u00f3gie","article_publisher":"https:\/\/www.facebook.com\/alergologoviaimunologoviaSK","og_image":[{"width":640,"height":360,"url":"https:\/\/www.ssaki.eu\/wp-content\/uploads\/2021\/01\/STOP_COVID_SSAKI-e1609772027682.png","type":"image\/png"}],"twitter_card":"summary_large_image","twitter_misc":{"Predpokladan\u00fd \u010das \u010d\u00edtania":"4 min\u00faty"},"schema":{"@context":"https:\/\/schema.org","@graph":[{"@type":["WebPage","MedicalWebPage"],"@id":"https:\/\/www.ssaki.eu\/?page_id=2399739","url":"https:\/\/www.ssaki.eu\/?page_id=2399739","name":"Zo z\u00e1pisnice z 21.9.2017 - Slovensk\u00e1 spolo\u010dnos\u0165 alergol\u00f3gie a klinickej imunol\u00f3gie","isPartOf":{"@id":"https:\/\/www.ssaki.eu\/#website"},"datePublished":"2017-10-06T20:32:30+00:00","description":"Sme odborn\u00e1 splo\u010dnos\u0165, ktor\u00e1 zdru\u017euje klinick\u00fdch imunol\u00f3gov a alergol\u00f3gov, ako aj in\u00fdch odborn\u00edkov so z\u00e1ujmom o tento odbor. Na\u0161a spolo\u010dnos\u0165 je hlavn\u00fdm organiz\u00e1torom kontunu\u00e1lneho vzdel\u00e1vania v tomto odbore na Slovensku.","breadcrumb":{"@id":"https:\/\/www.ssaki.eu\/?page_id=2399739#breadcrumb"},"inLanguage":"sk-SK","potentialAction":[{"@type":"ReadAction","target":["https:\/\/www.ssaki.eu\/?page_id=2399739"]}]},{"@type":"BreadcrumbList","@id":"https:\/\/www.ssaki.eu\/?page_id=2399739#breadcrumb","itemListElement":[{"@type":"ListItem","position":1,"name":"Domovsk\u00e1 str\u00e1nka","item":"https:\/\/www.ssaki.eu\/"},{"@type":"ListItem","position":2,"name":"V\u00fdbor spolo\u010dnosti","item":"https:\/\/www.ssaki.eu\/?page_id=11"},{"@type":"ListItem","position":3,"name":"Zo z\u00e1pisn\u00edc","item":"https:\/\/www.ssaki.eu\/?page_id=19"},{"@type":"ListItem","position":4,"name":"Zo z\u00e1pisnice z 21.9.2017"}]},{"@type":"WebSite","@id":"https:\/\/www.ssaki.eu\/#website","url":"https:\/\/www.ssaki.eu\/","name":"Slovensk\u00e1 spolo\u010dnos\u0165 alergol\u00f3gie a klinickej imunol\u00f3gie","description":"","publisher":{"@id":"https:\/\/www.ssaki.eu\/#organization"},"potentialAction":[{"@type":"SearchAction","target":{"@type":"EntryPoint","urlTemplate":"https:\/\/www.ssaki.eu\/?s={search_term_string}"},"query-input":{"@type":"PropertyValueSpecification","valueRequired":true,"valueName":"search_term_string"}}],"inLanguage":"sk-SK"},{"@type":"Organization","@id":"https:\/\/www.ssaki.eu\/#organization","name":"Slovensk\u00e1 spolo\u010dnos\u0165 alergol\u00f3gie a klinickej imunol\u00f3gie","url":"https:\/\/www.ssaki.eu\/","logo":{"@type":"ImageObject","inLanguage":"sk-SK","@id":"https:\/\/www.ssaki.eu\/#\/schema\/logo\/image\/","url":"https:\/\/www.ssaki.eu\/wp-content\/uploads\/2021\/01\/LOGO-1.png","contentUrl":"https:\/\/www.ssaki.eu\/wp-content\/uploads\/2021\/01\/LOGO-1.png","width":1280,"height":720,"caption":"Slovensk\u00e1 spolo\u010dnos\u0165 alergol\u00f3gie a klinickej imunol\u00f3gie"},"image":{"@id":"https:\/\/www.ssaki.eu\/#\/schema\/logo\/image\/"},"sameAs":["https:\/\/www.facebook.com\/alergologoviaimunologoviaSK"]}]}},"_links":{"self":[{"href":"https:\/\/www.ssaki.eu\/index.php?rest_route=\/wp\/v2\/pages\/2399739","targetHints":{"allow":["GET"]}}],"collection":[{"href":"https:\/\/www.ssaki.eu\/index.php?rest_route=\/wp\/v2\/pages"}],"about":[{"href":"https:\/\/www.ssaki.eu\/index.php?rest_route=\/wp\/v2\/types\/page"}],"author":[{"embeddable":true,"href":"https:\/\/www.ssaki.eu\/index.php?rest_route=\/wp\/v2\/users\/1"}],"replies":[{"embeddable":true,"href":"https:\/\/www.ssaki.eu\/index.php?rest_route=%2Fwp%2Fv2%2Fcomments&post=2399739"}],"version-history":[{"count":2,"href":"https:\/\/www.ssaki.eu\/index.php?rest_route=\/wp\/v2\/pages\/2399739\/revisions"}],"predecessor-version":[{"id":2399741,"href":"https:\/\/www.ssaki.eu\/index.php?rest_route=\/wp\/v2\/pages\/2399739\/revisions\/2399741"}],"up":[{"embeddable":true,"href":"https:\/\/www.ssaki.eu\/index.php?rest_route=\/wp\/v2\/pages\/19"}],"wp:attachment":[{"href":"https:\/\/www.ssaki.eu\/index.php?rest_route=%2Fwp%2Fv2%2Fmedia&parent=2399739"}],"curies":[{"name":"wp","href":"https:\/\/api.w.org\/{rel}","templated":true}]}}