{"id":2497706,"date":"2017-12-18T23:48:16","date_gmt":"2017-12-18T21:48:16","guid":{"rendered":"http:\/\/www.ssaki.eu\/?page_id=2497706"},"modified":"2019-08-15T17:53:28","modified_gmt":"2019-08-15T15:53:28","slug":"zo-zapisnice-z-8-12-2017","status":"publish","type":"page","link":"https:\/\/www.ssaki.eu\/?page_id=2497706","title":{"rendered":"Zo z\u00e1pisnice z 8.12.2017"},"content":{"rendered":"<p><strong>Z\u00e1pisnica zo zasadania v\u00fdboru SSAKI a\u00a0poradn\u00e9ho zboru hlavn\u00e9ho odborn\u00edka pre klinick\u00fa imunol\u00f3giu a alergol\u00f3giu MZ SR\u00a0<\/strong><strong>7. &#8211; 9. decembra 2017 v\u00a0 Jasenskej doline<\/strong><\/p>\n<p>Pr\u00edtomn\u00ed : Pru\u017einec, Hrubi\u0161ko, \u010ci\u017en\u00e1r, Jese\u0148\u00e1k, Petriskov\u00e1, Hochmuth, Dzurillov\u00e1, Ko\u0161turiak, Petriskov\u00e1, Mikler, Lap\u0161ansk\u00e1, Schvalbov\u00e1, Smie\u0161kov\u00e1, Koss\u00e1rov\u00e1, Michali\u010dkov\u00e1<\/p>\n<p>Ospravedlnen\u00ed: Hlinka<\/p>\n<p>Hostia: Kov\u00e1\u010dov\u00e1, Barlov\u00e1, Keleov\u00e1<\/p>\n<p>Program:<\/p>\n<p>1.\/ Vyhodnotenie kongresu &#8211; hlavn\u00fd odborn\u00edk skon\u0161tatoval pod\u013ea osobn\u00fdch a\u00a0p\u00edsomn\u00fdch vyjadren\u00ed \u00fa\u010dastn\u00edkov, \u017ee odborn\u00fd program ako aj soci\u00e1lny program, bol vysoko pozit\u00edvne hodnoten\u00fd dom\u00e1cimi ako aj zahrani\u010dn\u00fdmi \u00fa\u010dastn\u00edkmi<\/p>\n<p>N\u00e1vrh v\u00fdboru: Zv\u00e1\u017ei\u0165 zalo\u017eenie novej trad\u00edcie, organizova\u0165 \u010fal\u0161ie kongresy, vzh\u013eadom na tohtoro\u010dn\u00fd \u00faspech a atraktivitu miesta,\u00a0 opakovane vo Vysok\u00fdch Tatr\u00e1ch.<\/p>\n<p>Pl\u00e1novan\u00fd term\u00edn \u010fal\u0161ieho kongresu\u00a0 9.-12.okt\u00f3ber 2019<\/p>\n<p>Organiz\u00e1ciou kongresu je poveren\u00e1 agent\u00fara\u00a0BONUS C.C.S., spol. s r.o.<\/p>\n<p>2.\/ V\u00fdro\u010dia a\u00a0jubile\u00e1 (vybavuje Schvalbov\u00e1) rozposla\u0165 \u010fakovn\u00e9 listy\u00a0 a\u00a0vyznamenania SLS<\/p>\n<p>3.\/ Zaplatenie \u010dlensk\u00fdch pr\u00edspevkov pre \u010dlenov EAACI (Ko\u0161turiak)<\/p>\n<p>4.\/ Dzurilov\u00e1 referovala\u00a0 o\u00a0pr\u00e1ci pracovnej skupiny\u00a0 &#8211; Hrubi\u0161ko, Zlato\u0161, v akom stave vypracovania s\u00fa \u0161tandardn\u00e9 pracovn\u00e9 v\u00fdkony pre na\u0161u odbornos\u0165<\/p>\n<p>Registra\u010dn\u00e9 listy v\u00fdkonov\u00a0 pod\u013ea vzoru MZSR\u00a0 -m\u00e1me z\u00e1kladn\u00e9\u00a0 a\u00a030 \u0161pecifick\u00fdch, ur\u010den\u00fdch pre odbor SSAKI,\u00a09 z\u00a0nich u\u017e bolo odovzdan\u00fdch na ministerstvo<\/p>\n<p>5.\/ Petriskov\u00e1 referovala o\u00a0pr\u00e1ci pracovnej skupiny pre laborat\u00f3rne v\u00fdkony, registra\u010dn\u00e9 listy bud\u00fa pre 300 laborat\u00f3rnych v\u00fdkonov<\/p>\n<p>Petriskov\u00e1 listom pre pois\u0165ov\u0148u D\u00f4vera\u00a0 ozn\u00e1mi nes\u00fahlas V\u00fdboru a poradn\u00e9ho zboru so zamedzen\u00edm indik\u00e1cie genetick\u00fdch vy\u0161etren\u00ed pre imunol\u00f3gov (genetick\u00e9 vy\u0161etrenie celiakie, HLA-B27, intolerancia lakt\u00f3zy, &#8230;)<\/p>\n<p>6.\/ V\u00fdbor s\u00fahlasil s \u00fahradou fakt\u00fary za administr\u00e1ciu web str\u00e1nku firme MEDIMPRO, s.r.o.<\/p>\n<p>7.\/ Hrubi\u0161ko vytvor\u00ed\u00a0 a\u00a0odo\u0161le list s n\u00e1vrhom v\u00fdboru a\u00a0poradn\u00e9ho zboru odborn\u00edkov na MZSR\u00a0 pre znovuzvolenie prof. Pru\u017einca do funkcie hlavn\u00e9ho odborn\u00edka pre KIA<\/p>\n<p>8.\/ \u0160tandardn\u00e9 diagnostick\u00e9 a\u00a0terapeutick\u00e9 postupy bud\u00fa v\u00a0bud\u00facnosti s\u00a0poveren\u00edm hlavn\u00e9ho odborn\u00edka vypracovan\u00e9 \u010dlenmi poradn\u00e9ho zboru ako aj asoci\u00e1ciou s\u00fakromn\u00fdch lek\u00e1rov (Pru\u017einec, Zlato\u0161)<\/p>\n<p>9.\/ Hochmuth \u2013 inform\u00e1cia o\u00a0vakcin\u00e1cii: MUDr. Hochmuth v regi\u00f3ne zaregistroval limit\u00e1cie vakcin\u00e1cie proti respira\u010dn\u00fdm infekci\u00e1m (pneumokok, chr\u00edpka) vykon\u00e1vanej imunoalergol\u00f3gmi zo strany rev\u00edzneho lek\u00e1ra V\u0161ZP u imunokompromitovan\u00fdch pacientov. Over\u00ed a spracuje problematiku.<\/p>\n<p><span style=\"font-weight: 300;\">10.\/ <\/span><b>Kalend\u00e1r odborn\u00fdch podujat\u00ed na rok 2018<\/b><\/p>\n<ul>\n<li>1.-3.03.2018\u00a0 &#8211;\u00a0\u00a0 V\u00fdbor Bansk\u00e1 Bystrica<\/li>\n<li>16.-17.03.2018 &#8211; Burza imunodeficienci\u00ed 2018 \u2013 Bojnice<\/li>\n<li>\u00a023.-24.03.2018 \u2013 Guhrov\u00e9 dni<\/li>\n<li>11.-13.04.2018 &#8211; Martinsk\u00e9 dni imunol\u00f3gie<\/li>\n<li>25.04.2018 &#8211; PID Day &#8211; Bratislava &#8211; Pe\u0165o \u010ci\u017en\u00e1r<\/li>\n<li>26.-28.04.2018 &#8211; Slovensk\u00fd vakcinologick\u00fd kongres &#8211; Vysok\u00e9 Tatry<\/li>\n<li>27.-28.04.2018 \u2013 Konferencia Mylan<\/li>\n<li>04.-05.05.2018 \u2013 Bardejovsk\u00e9 dni pneumol\u00f3gie<\/li>\n<li>11.-12.05.2018 &#8211; Stretnutie klinick\u00fdch imunol\u00f3gov Litomy\u0161l<\/li>\n<li>18.-19.05.2018 \u2013 Alergia\u00a0 2018<\/li>\n<li>26.-30.05.2018 &#8211; EAACI Mn\u00edchov<\/li>\n<li>08.-09.06.2018 \u2013Pneumoalergo f\u00f3rum<\/li>\n<li>22.-23.06.2018 &#8211; Imunoglukan &#8211; Meeting pre imunoalergol\u00f3gov<\/li>\n<li>22.-23.06.2018 \u2013 Sl\u00e1vnostn\u00e1 konferencia Snin\u00e1 ?(Buday)<\/li>\n<li>10.-11.08. 2018 &#8211; Letn\u00e1 \u0161kola imunol\u00f3gie Malatiny,Liptovsk\u00e1 Mara<\/li>\n<li>15.-19.09.2018 &#8211; ERS Par\u00ed\u017e<\/li>\n<li>27.-28.09.2018 &#8211; F\u00f3rum imunodeficienci\u00ed Ko\u0161ice<\/li>\n<li>10.-13.10.2018 &#8211; Zjazd CSAKI a SSAKI Brno<\/li>\n<li>24.-27.10.2018 &#8211; ESID Lisabon<\/li>\n<li>09.-10.11.2018- ASLSR\/Zdravita<\/li>\n<li>23. &#8211; 24.11.2018\u00a0 Medif\u00f3rum<\/li>\n<li>November 2018 &#8211; AIT f\u00f3rum<\/li>\n<li>07.-08.12.2018\u00a0 &#8211; V\u00fdbor SSAKI<\/li>\n<\/ul>\n<p>Zap\u00edsala\u00a0 MUDr. Kl\u00e1ra Koss\u00e1rov\u00e1<\/p>\n","protected":false},"excerpt":{"rendered":"<p>Z\u00e1pisnica zo zasadania v\u00fdboru SSAKI a\u00a0poradn\u00e9ho zboru hlavn\u00e9ho odborn\u00edka pre klinick\u00fa imunol\u00f3giu a alergol\u00f3giu MZ SR\u00a07. &#8211; 9. decembra 2017 v\u00a0 Jasenskej doline Pr\u00edtomn\u00ed : Pru\u017einec, Hrubi\u0161ko, \u010ci\u017en\u00e1r, Jese\u0148\u00e1k, Petriskov\u00e1, Hochmuth, Dzurillov\u00e1, Ko\u0161turiak, Petriskov\u00e1,&#46;&#46;&#46;<\/p>\n","protected":false},"author":1,"featured_media":0,"parent":19,"menu_order":0,"comment_status":"closed","ping_status":"closed","template":"","meta":{"footnotes":""},"class_list":["post-2497706","page","type-page","status-publish","hentry"],"yoast_head":"<!-- This site is optimized with the Yoast SEO plugin v27.3 - https:\/\/yoast.com\/product\/yoast-seo-wordpress\/ -->\n<title>Zo z\u00e1pisnice z 8.12.2017 - Slovensk\u00e1 spolo\u010dnos\u0165 alergol\u00f3gie a klinickej imunol\u00f3gie<\/title>\n<meta name=\"description\" content=\"Sme odborn\u00e1 splo\u010dnos\u0165, ktor\u00e1 zdru\u017euje klinick\u00fdch imunol\u00f3gov a alergol\u00f3gov, ako aj in\u00fdch odborn\u00edkov so z\u00e1ujmom o tento odbor. Na\u0161a spolo\u010dnos\u0165 je hlavn\u00fdm organiz\u00e1torom kontunu\u00e1lneho vzdel\u00e1vania v tomto odbore na Slovensku.\" \/>\n<meta name=\"robots\" content=\"index, follow, max-snippet:-1, max-image-preview:large, max-video-preview:-1\" \/>\n<link rel=\"canonical\" href=\"https:\/\/www.ssaki.eu\/?page_id=2497706\" \/>\n<meta property=\"og:locale\" content=\"sk_SK\" \/>\n<meta property=\"og:type\" content=\"article\" \/>\n<meta property=\"og:title\" content=\"Zo z\u00e1pisnice z 8.12.2017 - Slovensk\u00e1 spolo\u010dnos\u0165 alergol\u00f3gie a klinickej imunol\u00f3gie\" \/>\n<meta property=\"og:description\" content=\"Sme odborn\u00e1 splo\u010dnos\u0165, ktor\u00e1 zdru\u017euje klinick\u00fdch imunol\u00f3gov a alergol\u00f3gov, ako aj in\u00fdch odborn\u00edkov so z\u00e1ujmom o tento odbor. Na\u0161a spolo\u010dnos\u0165 je hlavn\u00fdm organiz\u00e1torom kontunu\u00e1lneho vzdel\u00e1vania v tomto odbore na Slovensku.\" \/>\n<meta property=\"og:url\" content=\"https:\/\/www.ssaki.eu\/?page_id=2497706\" \/>\n<meta property=\"og:site_name\" content=\"Slovensk\u00e1 spolo\u010dnos\u0165 alergol\u00f3gie a klinickej imunol\u00f3gie\" \/>\n<meta property=\"article:publisher\" content=\"https:\/\/www.facebook.com\/alergologoviaimunologoviaSK\" \/>\n<meta property=\"article:modified_time\" content=\"2019-08-15T15:53:28+00:00\" \/>\n<meta property=\"og:image\" content=\"https:\/\/www.ssaki.eu\/wp-content\/uploads\/2021\/01\/STOP_COVID_SSAKI-e1609772027682.png\" \/>\n\t<meta property=\"og:image:width\" content=\"640\" \/>\n\t<meta property=\"og:image:height\" content=\"360\" \/>\n\t<meta property=\"og:image:type\" content=\"image\/png\" \/>\n<meta name=\"twitter:card\" content=\"summary_large_image\" \/>\n<meta name=\"twitter:label1\" content=\"Predpokladan\u00fd \u010das \u010d\u00edtania\" \/>\n\t<meta name=\"twitter:data1\" content=\"3 min\u00faty\" \/>\n<script type=\"application\/ld+json\" class=\"yoast-schema-graph\">{\"@context\":\"https:\\\/\\\/schema.org\",\"@graph\":[{\"@type\":[\"WebPage\",\"MedicalWebPage\"],\"@id\":\"https:\\\/\\\/www.ssaki.eu\\\/?page_id=2497706\",\"url\":\"https:\\\/\\\/www.ssaki.eu\\\/?page_id=2497706\",\"name\":\"Zo z\u00e1pisnice z 8.12.2017 - Slovensk\u00e1 spolo\u010dnos\u0165 alergol\u00f3gie a klinickej imunol\u00f3gie\",\"isPartOf\":{\"@id\":\"https:\\\/\\\/www.ssaki.eu\\\/#website\"},\"datePublished\":\"2017-12-18T21:48:16+00:00\",\"dateModified\":\"2019-08-15T15:53:28+00:00\",\"description\":\"Sme odborn\u00e1 splo\u010dnos\u0165, ktor\u00e1 zdru\u017euje klinick\u00fdch imunol\u00f3gov a alergol\u00f3gov, ako aj in\u00fdch odborn\u00edkov so z\u00e1ujmom o tento odbor. Na\u0161a spolo\u010dnos\u0165 je hlavn\u00fdm organiz\u00e1torom kontunu\u00e1lneho vzdel\u00e1vania v tomto odbore na Slovensku.\",\"breadcrumb\":{\"@id\":\"https:\\\/\\\/www.ssaki.eu\\\/?page_id=2497706#breadcrumb\"},\"inLanguage\":\"sk-SK\",\"potentialAction\":[{\"@type\":\"ReadAction\",\"target\":[\"https:\\\/\\\/www.ssaki.eu\\\/?page_id=2497706\"]}]},{\"@type\":\"BreadcrumbList\",\"@id\":\"https:\\\/\\\/www.ssaki.eu\\\/?page_id=2497706#breadcrumb\",\"itemListElement\":[{\"@type\":\"ListItem\",\"position\":1,\"name\":\"Domovsk\u00e1 str\u00e1nka\",\"item\":\"https:\\\/\\\/www.ssaki.eu\\\/\"},{\"@type\":\"ListItem\",\"position\":2,\"name\":\"V\u00fdbor spolo\u010dnosti\",\"item\":\"https:\\\/\\\/www.ssaki.eu\\\/?page_id=11\"},{\"@type\":\"ListItem\",\"position\":3,\"name\":\"Zo z\u00e1pisn\u00edc\",\"item\":\"https:\\\/\\\/www.ssaki.eu\\\/?page_id=19\"},{\"@type\":\"ListItem\",\"position\":4,\"name\":\"Zo z\u00e1pisnice z 8.12.2017\"}]},{\"@type\":\"WebSite\",\"@id\":\"https:\\\/\\\/www.ssaki.eu\\\/#website\",\"url\":\"https:\\\/\\\/www.ssaki.eu\\\/\",\"name\":\"Slovensk\u00e1 spolo\u010dnos\u0165 alergol\u00f3gie a klinickej imunol\u00f3gie\",\"description\":\"\",\"publisher\":{\"@id\":\"https:\\\/\\\/www.ssaki.eu\\\/#organization\"},\"potentialAction\":[{\"@type\":\"SearchAction\",\"target\":{\"@type\":\"EntryPoint\",\"urlTemplate\":\"https:\\\/\\\/www.ssaki.eu\\\/?s={search_term_string}\"},\"query-input\":{\"@type\":\"PropertyValueSpecification\",\"valueRequired\":true,\"valueName\":\"search_term_string\"}}],\"inLanguage\":\"sk-SK\"},{\"@type\":\"Organization\",\"@id\":\"https:\\\/\\\/www.ssaki.eu\\\/#organization\",\"name\":\"Slovensk\u00e1 spolo\u010dnos\u0165 alergol\u00f3gie a klinickej imunol\u00f3gie\",\"url\":\"https:\\\/\\\/www.ssaki.eu\\\/\",\"logo\":{\"@type\":\"ImageObject\",\"inLanguage\":\"sk-SK\",\"@id\":\"https:\\\/\\\/www.ssaki.eu\\\/#\\\/schema\\\/logo\\\/image\\\/\",\"url\":\"https:\\\/\\\/www.ssaki.eu\\\/wp-content\\\/uploads\\\/2021\\\/01\\\/LOGO-1.png\",\"contentUrl\":\"https:\\\/\\\/www.ssaki.eu\\\/wp-content\\\/uploads\\\/2021\\\/01\\\/LOGO-1.png\",\"width\":1280,\"height\":720,\"caption\":\"Slovensk\u00e1 spolo\u010dnos\u0165 alergol\u00f3gie a klinickej imunol\u00f3gie\"},\"image\":{\"@id\":\"https:\\\/\\\/www.ssaki.eu\\\/#\\\/schema\\\/logo\\\/image\\\/\"},\"sameAs\":[\"https:\\\/\\\/www.facebook.com\\\/alergologoviaimunologoviaSK\"]}]}<\/script>\n<!-- \/ Yoast SEO plugin. -->","yoast_head_json":{"title":"Zo z\u00e1pisnice z 8.12.2017 - Slovensk\u00e1 spolo\u010dnos\u0165 alergol\u00f3gie a klinickej imunol\u00f3gie","description":"Sme odborn\u00e1 splo\u010dnos\u0165, ktor\u00e1 zdru\u017euje klinick\u00fdch imunol\u00f3gov a alergol\u00f3gov, ako aj in\u00fdch odborn\u00edkov so z\u00e1ujmom o tento odbor. Na\u0161a spolo\u010dnos\u0165 je hlavn\u00fdm organiz\u00e1torom kontunu\u00e1lneho vzdel\u00e1vania v tomto odbore na Slovensku.","robots":{"index":"index","follow":"follow","max-snippet":"max-snippet:-1","max-image-preview":"max-image-preview:large","max-video-preview":"max-video-preview:-1"},"canonical":"https:\/\/www.ssaki.eu\/?page_id=2497706","og_locale":"sk_SK","og_type":"article","og_title":"Zo z\u00e1pisnice z 8.12.2017 - Slovensk\u00e1 spolo\u010dnos\u0165 alergol\u00f3gie a klinickej imunol\u00f3gie","og_description":"Sme odborn\u00e1 splo\u010dnos\u0165, ktor\u00e1 zdru\u017euje klinick\u00fdch imunol\u00f3gov a alergol\u00f3gov, ako aj in\u00fdch odborn\u00edkov so z\u00e1ujmom o tento odbor. Na\u0161a spolo\u010dnos\u0165 je hlavn\u00fdm organiz\u00e1torom kontunu\u00e1lneho vzdel\u00e1vania v tomto odbore na Slovensku.","og_url":"https:\/\/www.ssaki.eu\/?page_id=2497706","og_site_name":"Slovensk\u00e1 spolo\u010dnos\u0165 alergol\u00f3gie a klinickej imunol\u00f3gie","article_publisher":"https:\/\/www.facebook.com\/alergologoviaimunologoviaSK","article_modified_time":"2019-08-15T15:53:28+00:00","og_image":[{"width":640,"height":360,"url":"https:\/\/www.ssaki.eu\/wp-content\/uploads\/2021\/01\/STOP_COVID_SSAKI-e1609772027682.png","type":"image\/png"}],"twitter_card":"summary_large_image","twitter_misc":{"Predpokladan\u00fd \u010das \u010d\u00edtania":"3 min\u00faty"},"schema":{"@context":"https:\/\/schema.org","@graph":[{"@type":["WebPage","MedicalWebPage"],"@id":"https:\/\/www.ssaki.eu\/?page_id=2497706","url":"https:\/\/www.ssaki.eu\/?page_id=2497706","name":"Zo z\u00e1pisnice z 8.12.2017 - Slovensk\u00e1 spolo\u010dnos\u0165 alergol\u00f3gie a klinickej imunol\u00f3gie","isPartOf":{"@id":"https:\/\/www.ssaki.eu\/#website"},"datePublished":"2017-12-18T21:48:16+00:00","dateModified":"2019-08-15T15:53:28+00:00","description":"Sme odborn\u00e1 splo\u010dnos\u0165, ktor\u00e1 zdru\u017euje klinick\u00fdch imunol\u00f3gov a alergol\u00f3gov, ako aj in\u00fdch odborn\u00edkov so z\u00e1ujmom o tento odbor. Na\u0161a spolo\u010dnos\u0165 je hlavn\u00fdm organiz\u00e1torom kontunu\u00e1lneho vzdel\u00e1vania v tomto odbore na Slovensku.","breadcrumb":{"@id":"https:\/\/www.ssaki.eu\/?page_id=2497706#breadcrumb"},"inLanguage":"sk-SK","potentialAction":[{"@type":"ReadAction","target":["https:\/\/www.ssaki.eu\/?page_id=2497706"]}]},{"@type":"BreadcrumbList","@id":"https:\/\/www.ssaki.eu\/?page_id=2497706#breadcrumb","itemListElement":[{"@type":"ListItem","position":1,"name":"Domovsk\u00e1 str\u00e1nka","item":"https:\/\/www.ssaki.eu\/"},{"@type":"ListItem","position":2,"name":"V\u00fdbor spolo\u010dnosti","item":"https:\/\/www.ssaki.eu\/?page_id=11"},{"@type":"ListItem","position":3,"name":"Zo z\u00e1pisn\u00edc","item":"https:\/\/www.ssaki.eu\/?page_id=19"},{"@type":"ListItem","position":4,"name":"Zo z\u00e1pisnice z 8.12.2017"}]},{"@type":"WebSite","@id":"https:\/\/www.ssaki.eu\/#website","url":"https:\/\/www.ssaki.eu\/","name":"Slovensk\u00e1 spolo\u010dnos\u0165 alergol\u00f3gie a klinickej imunol\u00f3gie","description":"","publisher":{"@id":"https:\/\/www.ssaki.eu\/#organization"},"potentialAction":[{"@type":"SearchAction","target":{"@type":"EntryPoint","urlTemplate":"https:\/\/www.ssaki.eu\/?s={search_term_string}"},"query-input":{"@type":"PropertyValueSpecification","valueRequired":true,"valueName":"search_term_string"}}],"inLanguage":"sk-SK"},{"@type":"Organization","@id":"https:\/\/www.ssaki.eu\/#organization","name":"Slovensk\u00e1 spolo\u010dnos\u0165 alergol\u00f3gie a klinickej imunol\u00f3gie","url":"https:\/\/www.ssaki.eu\/","logo":{"@type":"ImageObject","inLanguage":"sk-SK","@id":"https:\/\/www.ssaki.eu\/#\/schema\/logo\/image\/","url":"https:\/\/www.ssaki.eu\/wp-content\/uploads\/2021\/01\/LOGO-1.png","contentUrl":"https:\/\/www.ssaki.eu\/wp-content\/uploads\/2021\/01\/LOGO-1.png","width":1280,"height":720,"caption":"Slovensk\u00e1 spolo\u010dnos\u0165 alergol\u00f3gie a klinickej imunol\u00f3gie"},"image":{"@id":"https:\/\/www.ssaki.eu\/#\/schema\/logo\/image\/"},"sameAs":["https:\/\/www.facebook.com\/alergologoviaimunologoviaSK"]}]}},"_links":{"self":[{"href":"https:\/\/www.ssaki.eu\/index.php?rest_route=\/wp\/v2\/pages\/2497706","targetHints":{"allow":["GET"]}}],"collection":[{"href":"https:\/\/www.ssaki.eu\/index.php?rest_route=\/wp\/v2\/pages"}],"about":[{"href":"https:\/\/www.ssaki.eu\/index.php?rest_route=\/wp\/v2\/types\/page"}],"author":[{"embeddable":true,"href":"https:\/\/www.ssaki.eu\/index.php?rest_route=\/wp\/v2\/users\/1"}],"replies":[{"embeddable":true,"href":"https:\/\/www.ssaki.eu\/index.php?rest_route=%2Fwp%2Fv2%2Fcomments&post=2497706"}],"version-history":[{"count":5,"href":"https:\/\/www.ssaki.eu\/index.php?rest_route=\/wp\/v2\/pages\/2497706\/revisions"}],"predecessor-version":[{"id":3376183,"href":"https:\/\/www.ssaki.eu\/index.php?rest_route=\/wp\/v2\/pages\/2497706\/revisions\/3376183"}],"up":[{"embeddable":true,"href":"https:\/\/www.ssaki.eu\/index.php?rest_route=\/wp\/v2\/pages\/19"}],"wp:attachment":[{"href":"https:\/\/www.ssaki.eu\/index.php?rest_route=%2Fwp%2Fv2%2Fmedia&parent=2497706"}],"curies":[{"name":"wp","href":"https:\/\/api.w.org\/{rel}","templated":true}]}}