{"id":253640,"date":"2014-12-25T08:53:13","date_gmt":"2014-12-25T06:53:13","guid":{"rendered":"http:\/\/www.ssaki.eu\/?page_id=253640"},"modified":"2014-12-25T08:53:13","modified_gmt":"2014-12-25T06:53:13","slug":"zo-zapisnice-z-12-12-2014","status":"publish","type":"page","link":"https:\/\/www.ssaki.eu\/?page_id=253640","title":{"rendered":"Zo z\u00e1pisnice z 12.12.2014"},"content":{"rendered":"<p>Z\u00e1pisnica zo zasadania v\u00fdboru SSAKI 12.12.2014 Jasensk\u00e1 dolina<\/p>\n<p>Pr\u00edtomn\u00ed: Vrl\u00edk,Pru\u017einec,Petriskov\u00e1,\u010ci\u017en\u00e1r,Hochm\u00fath,Kov\u00e1\u010dov\u00e1,Barlov\u00e1,Ko\u0161turiak, Dzurillov\u00e1, Lap\u0161ansk\u00e1, Schwalbov\u00e1, Koss\u00e1rov\u00e1<\/p>\n<p>Ospravedlnen\u00ed: Hrubi\u0161ko, Mikler<\/p>\n<p>Program:<\/p>\n<p>1. Pocta kolegovi &#8211; \u00famrtie Prof.Ing.Feren\u010d\u00edka<br \/>\n2. Finan\u010dn\u00e1 situ\u00e1cia SSAKI \u2013 referoval Prof. Pru\u017einec<br \/>\n3. Jubilanti z odboru KIA v roku 2015<br \/>\n4. Prof. Pru\u017einec: referoval o liste od riadite\u013eky vzdel\u00e1vania SZU Doc. Slez\u00e1kovej, ktor\u00e1 sa t\u00fdka staronov\u00e9ho probl\u00e9mu: vytvorenie postgradu\u00e1lnej katedry pre \u010fal\u0161ie vzdel\u00e1vanie v klinickej imunol\u00f3gii a alergol\u00f3gii v odbore Pediatria na JLF UK v Martine. S po\u017eiadavkou znova prich\u00e1dza Doc. Pohanka .<\/p>\n<p>Z\u00e1ver poradn\u00e9ho zboru: Stanovisko je zamietav\u00e9, nes\u00fahlas\u00edme s atomiz\u00e1ciou odboru<br \/>\nStanovisko v\u00fdboru a poradn\u00e9ho zboru SSAKI:<br \/>\nV\u00fdbor SSAKI sa v plnej miere stoto\u017enil s negat\u00edvnym stanoviskom poradn\u00e9ho zboru vo veci op\u00e4tovn\u00fdch sn\u00e1h o vytvorenie samostatn\u00e9ho odboru detsk\u00e1 klinick\u00e1 imunol\u00f3gia a alergol\u00f3gia.<br \/>\nZd\u00f4vodnenie: KIA je z\u00e1kladn\u00fdm a nie nadstavbov\u00fdm odborom. \u010eal\u0161ia atomiz\u00e1cia odboru by zn\u00ed\u017eila odborn\u00fa \u00farove\u0148 pr\u00edpravy, z\u00edskan\u00e9 vedomosti a n\u00e1sledn\u00e9 poskytovania zdravotnej starostlivosti. Preto navrhuje harmoniz\u00e1ciu pripravy v odbore KIA pod\u013ea vzoru a modelu \u010ceskej republiky. N\u00e1pl\u0148 atesta\u010dnej pr\u00edpravy pre detsk\u00fd vek sa m\u00f4\u017ee pod\u013ea internej dohody upravi\u0165. (Vypracuje Pru\u017einec, \u010ci\u017en\u00e1r, Furkov\u00e1)<br \/>\nIn\u00e9:<br \/>\n5. Liekov\u00e1 alergia: Niektor\u00e9 EAACI odpor\u00fa\u010dacie dokumenty o liekovej alergii priprav\u00ed na zverejnenie na str\u00e1nku SSAKI Dr. Kov\u00e1\u010dov\u00e1<\/p>\n<p>6. Odborn\u00e9 akcie v roku 2015<\/p>\n<p>1. 23-24 . Janu\u00e1r Boehringer Ingelheim<br \/>\n2. 29-30. Janu\u00e1r zasadanie pr\u00edpravn\u00e9ho v\u00fdboru kongresu SSAKI v \u017diline<br \/>\n3. 6-7 . Febru\u00e1r Akademia astmy, Vysok\u00e9 Tatry<br \/>\n4. 13-14. Febru\u00e1r Akad\u00e9mia astmy \u2013z\u00e1pad Zochov\u00e1 chata<br \/>\n5. 13-14. Marec Mundifarma predn\u00e1\u0161ky<br \/>\n6. 20-21. Marec Ghurov\u00e9 dni<br \/>\n7. 25-28. Marec MDI<br \/>\n8. 16-18. Apr\u00edl zasadnutie v\u00fdboru SSAKI Liptovsk\u00fd Hr\u00e1dok<br \/>\n9. 7-9. M\u00e1j Bardejovsk\u00e9 dni<br \/>\n10. 29-30. M\u00e1j Alergia 2015 Bratislava<br \/>\n11. 6-1.0 J\u00fan Kongres EAACI Barcelona<br \/>\n12. 14-15. August Letn\u00e1 \u0161kola imunol\u00f3gie<br \/>\n13. 21-24. Okt\u00f3ber Kongres SSAKI a \u010cSAKI \u017dilina<br \/>\n14. September 26.-.30. 9. ERS Amsterdam<\/p>\n<p>7. Kongres: 2015<\/p>\n<p>\u25cf Dojednan\u00e1 objedn\u00e1vka<br \/>\n\u25cf Prv\u00fd uv\u00edtac\u00ed ve\u010dierok v hoteli<br \/>\n\u25cf \u00davodn\u00e9 predn\u00e1\u0161ky v jednej s\u00e1le<br \/>\n\u25cf Program v s\u00e1le A a o poschodie vy\u0161\u0161ie s\u00e1la B<\/p>\n<p>8. Rie\u0161enie probl\u00e9mu nezmluvnej lek\u00e1rky &#8211; neurologi\u010dky \u010eurkovskej, ktor\u00e1 odosiela prostredn\u00edctvom r\u00f4znych zmluvn\u00fdch lek\u00e1rov pacientov bez exaktn\u00e9ho d\u00f4vodu na komplexn\u00e9 imunologick\u00e9 vy\u0161etrenie. Odpor\u00fa\u010da mno\u017estvo neindikovan\u00fdch, finan\u010dne n\u00e1ro\u010dn\u00fdch laborat\u00f3rnych vy\u0161etren\u00ed. Ur\u010duje vysoko\u0161pecifick\u00fa lie\u010dbu \u2013 imunomodula\u010dn\u00fa terapiu. Cel\u00fa svoju diagnostiku opiera o s\u00e9rologick\u00e9 v\u00fdsledky (\u010dasto fyziologick\u00e9), zav\u00e1dza pacientov a lek\u00e1rov.<\/p>\n<p>Odpor\u00fa\u010danie poradn\u00e9ho zboru SSAKI :<br \/>\nNa podklade po\u010detn\u00fdch podnetov od imunol\u00f3gov z celej SR, poradn\u00fd zbor SSAKI d\u00e1va podnet na \u00daDZS o presk\u00famanie spr\u00e1vnosti poskytovania zdravotnej starostlivosti u menovanej lek\u00e1rky. \u017diados\u0165 d\u00e1va na vedomie zdravotn\u00fdm pois\u0165ovniam, MZSR, hlavn\u00e9mu odborn\u00edkovi v odbore neurol\u00f3gia, infektol\u00f3gia, v\u0161eobecn\u00e9 lek\u00e1rstvo.<br \/>\nVyjadrujeme nes\u00fahlas s neodborn\u00fdm postupom menovanej lek\u00e1rky. Pova\u017eujeme ho za postup zneu\u017e\u00edvaj\u00faci d\u00f4veru chronicky chor\u00e9ho pacienta, neefekt\u00edvne \u010derpanie verejn\u00fdch prostriedkov a zasahovanie do odborn\u00fdch kompetenci\u00ed in\u00fdch odbornost\u00ed. Predlo\u017e\u00edme relevantn\u00e9 d\u00f4kazy o postupoch menovanej lek\u00e1rky &#8211; v pr\u00edpade potreby.<\/p>\n<p>9. N\u00e1vrh na predl\u017een\u00fa MD zo zdravotn\u00fdch d\u00f4vodov m\u00e1 vypisova\u0165 pediater. Klinick\u00fd imunol\u00f3g d\u00e1va svoj odborn\u00fd n\u00e1lez s odpor\u00fa\u010dan\u00edm antiinfek\u010dn\u00e9ho a antialergick\u00e9ho re\u017eimu. Posudkov\u00fd lek\u00e1r \u00daradu soci\u00e1lnych veci a rodiny rozhodne za z\u00e1klade odborn\u00e9ho lek\u00e1rskeho n\u00e1lezu o n\u00e1roku na pr\u00edspevok. V pr\u00edpade, \u017ee \u00farad potrebuje \u010fal\u0161ie vy\u0161etrenia a laborat\u00f3rne v\u00fdsledky, mus\u00ed tieto p\u00edsomne objedna\u0165 a uhradi\u0165 lek\u00e1rovi a laborat\u00f3riu. V\u00fdkony na jeho po\u017eiadanie nem\u00f4\u017eu by\u0165 uhraden\u00e9 zdravotn\u00fdmi pois\u0165ov\u0148ami, nako\u013eko nie s\u00fa indikovan\u00e9 zo zdravotn\u00fdch d\u00f4vodov, ale z d\u00f4vodov z\u00edskania finan\u010dn\u00e9ho pr\u00edspevku.<\/p>\n<p>\u017diados\u0165 odborn\u00e9ho stanoviska v\u0161etk\u00fdh zdravotn\u00fdch pois\u0165ovni po\u017eiada v\u00fdbor SSAKI &#8211; list naformuluje Dr.Dzurillov\u00e1<\/p>\n<p>10. \u010clensk\u00e9 do EAACI &#8211; \u00fahrada ako minul\u00fd rok.<\/p>\n<p>Z\u00e1pisnicu zap\u00edsala Koss\u00e1rov\u00e1, Lap\u0161ansk\u00e1, Dzurillov\u00e1<\/p>\n","protected":false},"excerpt":{"rendered":"<p>Z\u00e1pisnica zo zasadania v\u00fdboru SSAKI 12.12.2014 Jasensk\u00e1 dolina Pr\u00edtomn\u00ed: Vrl\u00edk,Pru\u017einec,Petriskov\u00e1,\u010ci\u017en\u00e1r,Hochm\u00fath,Kov\u00e1\u010dov\u00e1,Barlov\u00e1,Ko\u0161turiak, Dzurillov\u00e1, Lap\u0161ansk\u00e1, Schwalbov\u00e1, Koss\u00e1rov\u00e1 Ospravedlnen\u00ed: Hrubi\u0161ko, Mikler Program: 1. Pocta kolegovi &#8211; \u00famrtie Prof.Ing.Feren\u010d\u00edka 2. Finan\u010dn\u00e1 situ\u00e1cia SSAKI \u2013 referoval Prof. Pru\u017einec 3. Jubilanti&#46;&#46;&#46;<\/p>\n","protected":false},"author":1,"featured_media":0,"parent":19,"menu_order":0,"comment_status":"closed","ping_status":"closed","template":"","meta":{"footnotes":""},"class_list":["post-253640","page","type-page","status-publish","hentry"],"yoast_head":"<!-- This site is optimized with the Yoast SEO plugin v27.3 - https:\/\/yoast.com\/product\/yoast-seo-wordpress\/ -->\n<title>Zo z\u00e1pisnice z 12.12.2014 - Slovensk\u00e1 spolo\u010dnos\u0165 alergol\u00f3gie a klinickej imunol\u00f3gie<\/title>\n<meta name=\"description\" content=\"Sme odborn\u00e1 splo\u010dnos\u0165, ktor\u00e1 zdru\u017euje klinick\u00fdch imunol\u00f3gov a alergol\u00f3gov, ako aj in\u00fdch odborn\u00edkov so z\u00e1ujmom o tento odbor. Na\u0161a spolo\u010dnos\u0165 je hlavn\u00fdm organiz\u00e1torom kontunu\u00e1lneho vzdel\u00e1vania v tomto odbore na Slovensku.\" \/>\n<meta name=\"robots\" content=\"index, follow, max-snippet:-1, max-image-preview:large, max-video-preview:-1\" \/>\n<link rel=\"canonical\" href=\"https:\/\/www.ssaki.eu\/?page_id=253640\" \/>\n<meta property=\"og:locale\" content=\"sk_SK\" \/>\n<meta property=\"og:type\" content=\"article\" \/>\n<meta property=\"og:title\" content=\"Zo z\u00e1pisnice z 12.12.2014 - Slovensk\u00e1 spolo\u010dnos\u0165 alergol\u00f3gie a klinickej imunol\u00f3gie\" \/>\n<meta property=\"og:description\" content=\"Sme odborn\u00e1 splo\u010dnos\u0165, ktor\u00e1 zdru\u017euje klinick\u00fdch imunol\u00f3gov a alergol\u00f3gov, ako aj in\u00fdch odborn\u00edkov so z\u00e1ujmom o tento odbor. Na\u0161a spolo\u010dnos\u0165 je hlavn\u00fdm organiz\u00e1torom kontunu\u00e1lneho vzdel\u00e1vania v tomto odbore na Slovensku.\" \/>\n<meta property=\"og:url\" content=\"https:\/\/www.ssaki.eu\/?page_id=253640\" \/>\n<meta property=\"og:site_name\" content=\"Slovensk\u00e1 spolo\u010dnos\u0165 alergol\u00f3gie a klinickej imunol\u00f3gie\" \/>\n<meta property=\"article:publisher\" content=\"https:\/\/www.facebook.com\/alergologoviaimunologoviaSK\" \/>\n<meta property=\"og:image\" content=\"https:\/\/www.ssaki.eu\/wp-content\/uploads\/2021\/01\/STOP_COVID_SSAKI-e1609772027682.png\" \/>\n\t<meta property=\"og:image:width\" content=\"640\" \/>\n\t<meta property=\"og:image:height\" content=\"360\" \/>\n\t<meta property=\"og:image:type\" content=\"image\/png\" \/>\n<meta name=\"twitter:card\" content=\"summary_large_image\" \/>\n<meta name=\"twitter:label1\" content=\"Predpokladan\u00fd \u010das \u010d\u00edtania\" \/>\n\t<meta name=\"twitter:data1\" content=\"4 min\u00faty\" \/>\n<script type=\"application\/ld+json\" class=\"yoast-schema-graph\">{\"@context\":\"https:\\\/\\\/schema.org\",\"@graph\":[{\"@type\":[\"WebPage\",\"MedicalWebPage\"],\"@id\":\"https:\\\/\\\/www.ssaki.eu\\\/?page_id=253640\",\"url\":\"https:\\\/\\\/www.ssaki.eu\\\/?page_id=253640\",\"name\":\"Zo z\u00e1pisnice z 12.12.2014 - Slovensk\u00e1 spolo\u010dnos\u0165 alergol\u00f3gie a klinickej imunol\u00f3gie\",\"isPartOf\":{\"@id\":\"https:\\\/\\\/www.ssaki.eu\\\/#website\"},\"datePublished\":\"2014-12-25T06:53:13+00:00\",\"description\":\"Sme odborn\u00e1 splo\u010dnos\u0165, ktor\u00e1 zdru\u017euje klinick\u00fdch imunol\u00f3gov a alergol\u00f3gov, ako aj in\u00fdch odborn\u00edkov so z\u00e1ujmom o tento odbor. Na\u0161a spolo\u010dnos\u0165 je hlavn\u00fdm organiz\u00e1torom kontunu\u00e1lneho vzdel\u00e1vania v tomto odbore na Slovensku.\",\"breadcrumb\":{\"@id\":\"https:\\\/\\\/www.ssaki.eu\\\/?page_id=253640#breadcrumb\"},\"inLanguage\":\"sk-SK\",\"potentialAction\":[{\"@type\":\"ReadAction\",\"target\":[\"https:\\\/\\\/www.ssaki.eu\\\/?page_id=253640\"]}]},{\"@type\":\"BreadcrumbList\",\"@id\":\"https:\\\/\\\/www.ssaki.eu\\\/?page_id=253640#breadcrumb\",\"itemListElement\":[{\"@type\":\"ListItem\",\"position\":1,\"name\":\"Domovsk\u00e1 str\u00e1nka\",\"item\":\"https:\\\/\\\/www.ssaki.eu\\\/\"},{\"@type\":\"ListItem\",\"position\":2,\"name\":\"V\u00fdbor spolo\u010dnosti\",\"item\":\"https:\\\/\\\/www.ssaki.eu\\\/?page_id=11\"},{\"@type\":\"ListItem\",\"position\":3,\"name\":\"Zo z\u00e1pisn\u00edc\",\"item\":\"https:\\\/\\\/www.ssaki.eu\\\/?page_id=19\"},{\"@type\":\"ListItem\",\"position\":4,\"name\":\"Zo z\u00e1pisnice z 12.12.2014\"}]},{\"@type\":\"WebSite\",\"@id\":\"https:\\\/\\\/www.ssaki.eu\\\/#website\",\"url\":\"https:\\\/\\\/www.ssaki.eu\\\/\",\"name\":\"Slovensk\u00e1 spolo\u010dnos\u0165 alergol\u00f3gie a klinickej imunol\u00f3gie\",\"description\":\"\",\"publisher\":{\"@id\":\"https:\\\/\\\/www.ssaki.eu\\\/#organization\"},\"potentialAction\":[{\"@type\":\"SearchAction\",\"target\":{\"@type\":\"EntryPoint\",\"urlTemplate\":\"https:\\\/\\\/www.ssaki.eu\\\/?s={search_term_string}\"},\"query-input\":{\"@type\":\"PropertyValueSpecification\",\"valueRequired\":true,\"valueName\":\"search_term_string\"}}],\"inLanguage\":\"sk-SK\"},{\"@type\":\"Organization\",\"@id\":\"https:\\\/\\\/www.ssaki.eu\\\/#organization\",\"name\":\"Slovensk\u00e1 spolo\u010dnos\u0165 alergol\u00f3gie a klinickej imunol\u00f3gie\",\"url\":\"https:\\\/\\\/www.ssaki.eu\\\/\",\"logo\":{\"@type\":\"ImageObject\",\"inLanguage\":\"sk-SK\",\"@id\":\"https:\\\/\\\/www.ssaki.eu\\\/#\\\/schema\\\/logo\\\/image\\\/\",\"url\":\"https:\\\/\\\/www.ssaki.eu\\\/wp-content\\\/uploads\\\/2021\\\/01\\\/LOGO-1.png\",\"contentUrl\":\"https:\\\/\\\/www.ssaki.eu\\\/wp-content\\\/uploads\\\/2021\\\/01\\\/LOGO-1.png\",\"width\":1280,\"height\":720,\"caption\":\"Slovensk\u00e1 spolo\u010dnos\u0165 alergol\u00f3gie a klinickej imunol\u00f3gie\"},\"image\":{\"@id\":\"https:\\\/\\\/www.ssaki.eu\\\/#\\\/schema\\\/logo\\\/image\\\/\"},\"sameAs\":[\"https:\\\/\\\/www.facebook.com\\\/alergologoviaimunologoviaSK\"]}]}<\/script>\n<!-- \/ Yoast SEO plugin. -->","yoast_head_json":{"title":"Zo z\u00e1pisnice z 12.12.2014 - Slovensk\u00e1 spolo\u010dnos\u0165 alergol\u00f3gie a klinickej imunol\u00f3gie","description":"Sme odborn\u00e1 splo\u010dnos\u0165, ktor\u00e1 zdru\u017euje klinick\u00fdch imunol\u00f3gov a alergol\u00f3gov, ako aj in\u00fdch odborn\u00edkov so z\u00e1ujmom o tento odbor. Na\u0161a spolo\u010dnos\u0165 je hlavn\u00fdm organiz\u00e1torom kontunu\u00e1lneho vzdel\u00e1vania v tomto odbore na Slovensku.","robots":{"index":"index","follow":"follow","max-snippet":"max-snippet:-1","max-image-preview":"max-image-preview:large","max-video-preview":"max-video-preview:-1"},"canonical":"https:\/\/www.ssaki.eu\/?page_id=253640","og_locale":"sk_SK","og_type":"article","og_title":"Zo z\u00e1pisnice z 12.12.2014 - Slovensk\u00e1 spolo\u010dnos\u0165 alergol\u00f3gie a klinickej imunol\u00f3gie","og_description":"Sme odborn\u00e1 splo\u010dnos\u0165, ktor\u00e1 zdru\u017euje klinick\u00fdch imunol\u00f3gov a alergol\u00f3gov, ako aj in\u00fdch odborn\u00edkov so z\u00e1ujmom o tento odbor. Na\u0161a spolo\u010dnos\u0165 je hlavn\u00fdm organiz\u00e1torom kontunu\u00e1lneho vzdel\u00e1vania v tomto odbore na Slovensku.","og_url":"https:\/\/www.ssaki.eu\/?page_id=253640","og_site_name":"Slovensk\u00e1 spolo\u010dnos\u0165 alergol\u00f3gie a klinickej imunol\u00f3gie","article_publisher":"https:\/\/www.facebook.com\/alergologoviaimunologoviaSK","og_image":[{"width":640,"height":360,"url":"https:\/\/www.ssaki.eu\/wp-content\/uploads\/2021\/01\/STOP_COVID_SSAKI-e1609772027682.png","type":"image\/png"}],"twitter_card":"summary_large_image","twitter_misc":{"Predpokladan\u00fd \u010das \u010d\u00edtania":"4 min\u00faty"},"schema":{"@context":"https:\/\/schema.org","@graph":[{"@type":["WebPage","MedicalWebPage"],"@id":"https:\/\/www.ssaki.eu\/?page_id=253640","url":"https:\/\/www.ssaki.eu\/?page_id=253640","name":"Zo z\u00e1pisnice z 12.12.2014 - Slovensk\u00e1 spolo\u010dnos\u0165 alergol\u00f3gie a klinickej imunol\u00f3gie","isPartOf":{"@id":"https:\/\/www.ssaki.eu\/#website"},"datePublished":"2014-12-25T06:53:13+00:00","description":"Sme odborn\u00e1 splo\u010dnos\u0165, ktor\u00e1 zdru\u017euje klinick\u00fdch imunol\u00f3gov a alergol\u00f3gov, ako aj in\u00fdch odborn\u00edkov so z\u00e1ujmom o tento odbor. Na\u0161a spolo\u010dnos\u0165 je hlavn\u00fdm organiz\u00e1torom kontunu\u00e1lneho vzdel\u00e1vania v tomto odbore na Slovensku.","breadcrumb":{"@id":"https:\/\/www.ssaki.eu\/?page_id=253640#breadcrumb"},"inLanguage":"sk-SK","potentialAction":[{"@type":"ReadAction","target":["https:\/\/www.ssaki.eu\/?page_id=253640"]}]},{"@type":"BreadcrumbList","@id":"https:\/\/www.ssaki.eu\/?page_id=253640#breadcrumb","itemListElement":[{"@type":"ListItem","position":1,"name":"Domovsk\u00e1 str\u00e1nka","item":"https:\/\/www.ssaki.eu\/"},{"@type":"ListItem","position":2,"name":"V\u00fdbor spolo\u010dnosti","item":"https:\/\/www.ssaki.eu\/?page_id=11"},{"@type":"ListItem","position":3,"name":"Zo z\u00e1pisn\u00edc","item":"https:\/\/www.ssaki.eu\/?page_id=19"},{"@type":"ListItem","position":4,"name":"Zo z\u00e1pisnice z 12.12.2014"}]},{"@type":"WebSite","@id":"https:\/\/www.ssaki.eu\/#website","url":"https:\/\/www.ssaki.eu\/","name":"Slovensk\u00e1 spolo\u010dnos\u0165 alergol\u00f3gie a klinickej imunol\u00f3gie","description":"","publisher":{"@id":"https:\/\/www.ssaki.eu\/#organization"},"potentialAction":[{"@type":"SearchAction","target":{"@type":"EntryPoint","urlTemplate":"https:\/\/www.ssaki.eu\/?s={search_term_string}"},"query-input":{"@type":"PropertyValueSpecification","valueRequired":true,"valueName":"search_term_string"}}],"inLanguage":"sk-SK"},{"@type":"Organization","@id":"https:\/\/www.ssaki.eu\/#organization","name":"Slovensk\u00e1 spolo\u010dnos\u0165 alergol\u00f3gie a klinickej imunol\u00f3gie","url":"https:\/\/www.ssaki.eu\/","logo":{"@type":"ImageObject","inLanguage":"sk-SK","@id":"https:\/\/www.ssaki.eu\/#\/schema\/logo\/image\/","url":"https:\/\/www.ssaki.eu\/wp-content\/uploads\/2021\/01\/LOGO-1.png","contentUrl":"https:\/\/www.ssaki.eu\/wp-content\/uploads\/2021\/01\/LOGO-1.png","width":1280,"height":720,"caption":"Slovensk\u00e1 spolo\u010dnos\u0165 alergol\u00f3gie a klinickej imunol\u00f3gie"},"image":{"@id":"https:\/\/www.ssaki.eu\/#\/schema\/logo\/image\/"},"sameAs":["https:\/\/www.facebook.com\/alergologoviaimunologoviaSK"]}]}},"_links":{"self":[{"href":"https:\/\/www.ssaki.eu\/index.php?rest_route=\/wp\/v2\/pages\/253640","targetHints":{"allow":["GET"]}}],"collection":[{"href":"https:\/\/www.ssaki.eu\/index.php?rest_route=\/wp\/v2\/pages"}],"about":[{"href":"https:\/\/www.ssaki.eu\/index.php?rest_route=\/wp\/v2\/types\/page"}],"author":[{"embeddable":true,"href":"https:\/\/www.ssaki.eu\/index.php?rest_route=\/wp\/v2\/users\/1"}],"replies":[{"embeddable":true,"href":"https:\/\/www.ssaki.eu\/index.php?rest_route=%2Fwp%2Fv2%2Fcomments&post=253640"}],"version-history":[{"count":1,"href":"https:\/\/www.ssaki.eu\/index.php?rest_route=\/wp\/v2\/pages\/253640\/revisions"}],"predecessor-version":[{"id":253641,"href":"https:\/\/www.ssaki.eu\/index.php?rest_route=\/wp\/v2\/pages\/253640\/revisions\/253641"}],"up":[{"embeddable":true,"href":"https:\/\/www.ssaki.eu\/index.php?rest_route=\/wp\/v2\/pages\/19"}],"wp:attachment":[{"href":"https:\/\/www.ssaki.eu\/index.php?rest_route=%2Fwp%2Fv2%2Fmedia&parent=253640"}],"curies":[{"name":"wp","href":"https:\/\/api.w.org\/{rel}","templated":true}]}}