{"id":2595039,"date":"2018-03-06T22:13:23","date_gmt":"2018-03-06T20:13:23","guid":{"rendered":"http:\/\/www.ssaki.eu\/?page_id=2595039"},"modified":"2018-03-06T22:13:23","modified_gmt":"2018-03-06T20:13:23","slug":"zo-zapisnice-z-2-3-2018","status":"publish","type":"page","link":"https:\/\/www.ssaki.eu\/?page_id=2595039","title":{"rendered":"Zo z\u00e1pisnice z 2.3.2018"},"content":{"rendered":"<p><span style=\"font-weight: 400;\">Z\u00e1pisnica zo zasadnutia v\u00fdboru SSAKI 2.3.2018, Selce<\/span><\/p>\n<p><span style=\"font-weight: 400;\">Ospravedlnen\u00ed: Milo\u0161 Jese\u0148\u00e1k<\/span><\/p>\n<ol>\n<li style=\"font-weight: 400;\"><span style=\"font-weight: 400;\">Otvorenie zasadnutia a\u00a0zhrnutie \u010dinnosti medzi zasadnutiami \u2013 Hrubi\u0161ko.<\/span><\/li>\n<li style=\"font-weight: 400;\"><span style=\"font-weight: 400;\">Inform\u00e1cia o\u00a0negat\u00edvnom stanovisku prezidenta SSAKI k\u00a0prehliadke m\u0155tvych: \u0161pecialistom KIA t\u00e1to kompetencia neprin\u00e1le\u017e\u00ed (Hrubi\u0161ko). V\u00fdbor s\u00fahlas\u00ed.<\/span><\/li>\n<li style=\"font-weight: 400;\"><span style=\"font-weight: 400;\">Inform\u00e1cia a zd\u00f4vodnenie negat\u00edvneho stanoviska prezidenta SSAKI k mo\u017enosti udelenia kreditov CME akci\u00e1m organizovan\u00fdch Spolo\u010dnos\u0165ou natur\u00e1lnej medic\u00edny (Hrubi\u0161ko). V\u00fdbor s\u00fahlas\u00ed.<\/span><\/li>\n<li style=\"font-weight: 400;\"><span style=\"font-weight: 400;\">Vyjadrenie v\u00fdboru SSAKI k\u00a0sieti PZS, zaslan\u00fd list na MZSR na z\u00e1klade po\u017eiadavky gener\u00e1lneho riadite\u013ea sekcie zdravia MZSR je u\u017e zverejnen\u00fd na webe (Hrubi\u0161ko). Opakovane kon\u0161tatujeme potrebu zriadenia l\u00f4\u017ekov\u00e9ho oddelenia v\u00a0odbore KIA. Predbe\u017ene existuje pr\u00eds\u013eub o\u00a0vzniku oddelenia s\u00a0celoslovenskou p\u00f4sobnos\u0165ou v\u00a0novovybudovanej \u0161t\u00e1tnej nemocnici (zatia\u013e na \u00farovni ideov\u00e9ho z\u00e1meru\u2026) v Bratislave. <\/span><\/li>\n<li style=\"font-weight: 400;\"><span style=\"font-weight: 400;\">Inform\u00e1cia o\u00a0pr\u00e1cach na katal\u00f3gu RLV &#8211; registra\u010dn\u00e9 listy v\u00fdkonov (Hrubi\u0161ko, Dzurillov\u00e1, Petriskov\u00e1). Za klinick\u00fa \u010das\u0165 s\u00fa n\u00e1vrhy RLV odoslan\u00e9 na MZSR. Aktu\u00e1lne sa sprac\u00favaj\u00fa n\u00e1kladov\u00e9 polo\u017eky RLV.<\/span><\/li>\n<li style=\"font-weight: 400;\"><span style=\"font-weight: 400;\">Formul\u00e1cia stanoviska k\u00a0redukcii po\u010dtu prepl\u00e1can\u00fdch CD znakov v\u00a0pois\u0165ovni D\u00f4vera (5 subpopul\u00e1ci\u00ed versus 5 CD znakov). Frekvencia u\u00a0be\u017en\u00fdch pacientov 1x ro\u010dne. Pri diagn\u00f3zach: onkologick\u00fdch, transplantologick\u00fdch, sepse, prim\u00e1rnych a\u00a0sekund\u00e1rnych imunodeficienci\u00e1ch \u2013 pod\u013ea potreby. Stanovisko vypracuj\u00fa Dzurillov\u00e1 + Petriskov\u00e1, po\u0161l\u00fa prezidentovi na schv\u00e1lenie, ten potom stanovisko v\u00fdboru po\u0161le do v\u0161etk\u00fdch 3 pois\u0165ovn\u00ed.<\/span><\/li>\n<li style=\"font-weight: 400;\"><span style=\"font-weight: 400;\">Inform\u00e1cia o\u00a0rokovaniach ASL SR o\u00a0nov\u00fdch zmluvn\u00fdch podmienkach s\u00a0mo\u017enos\u0165ou pau\u0161\u00e1lnej platby vo V\u0161ZP a\u00a0D\u00f4vere. V\u00fdbor SSAKI podporuje snahu ASL SR o\u00a0zazmluvnenie \u010dasti \u00fahrad formou pau\u0161\u00e1lu. V\u00fd\u0161ka pau\u0161\u00e1lnej platby z\u00e1vis\u00ed na dohode oboch str\u00e1n.<\/span><\/li>\n<li style=\"font-weight: 400;\"><span style=\"font-weight: 400;\">Jubilanti \u2013 inform\u00e1ciu podala Schvalbov\u00e1.<\/span><\/li>\n<li style=\"font-weight: 400;\"><span style=\"font-weight: 400;\">\u0160tandardn\u00e9 diagnostick\u00e9 a\u00a0terapeutick\u00e9 postupy (\u0160DTP). \u00a0Podrobn\u00e1 inform\u00e1cia o aktu\u00e1lnej situ\u00e1cii pri tvorbe, pripomienkovan\u00ed a schva\u013eovan\u00ed (Hrubi\u0161ko). V\u00fdbor si uvedomuje nutnos\u0165 prist\u00fapi\u0165 k vypracovaniu materi\u00e1lov, preto\u017ee ide o n\u00e1stroje, ktor\u00e9 definuj\u00fa n\u00e1\u0161 odbor a poukazuj\u00fa na opodstatnenie jeho existencie. Otvoren\u00e9 ost\u00e1vaj\u00fa viacer\u00e9 ot\u00e1zky (aktualiz\u00e1cia, licen\u010dn\u00e9 pr\u00e1va, poskytnutie diela tret\u00edm osob\u00e1m at\u010f \u2026). Ot\u00e1zky bude Hrubi\u0161ko tlmo\u010di\u0165 na MZ SR. V\u00fdbor identifikoval t\u00e9my a ur\u010dil koordin\u00e1torov kapitol. V\u00fdbor odpor\u00fa\u010da koordin\u00e1torom vytvori\u0165 dokument na online \u00falo\u017eisku (Google documents), aby sa mohli aj ostatn\u00ed \u010dlenovia poradn\u00e9ho zboru a v\u00fdboru akt\u00edvne zap\u00e1ja\u0165 do tvorby textu. Nateraz sa bud\u00fa postupne sprac\u00fava\u0165 nasledovn\u00e9 t\u00e9my:<\/span>\n<ol>\n<li style=\"font-weight: 400;\"><span style=\"font-weight: 400;\">Astma nad 12 rokov \u2013 v spolupr\u00e1ci s\u00a0pneumol\u00f3gmi (Hrubi\u0161ko), ktor\u00ed n\u00e1\u010drt \u0160DTP u\u017e vytvorili &#8211; term\u00edn hne\u010f.<\/span><\/li>\n<li style=\"font-weight: 400;\"><span style=\"font-weight: 400;\">Astma do 12 rokov \u2013 samostatne vypracova\u0165 (\u010ci\u017en\u00e1r, Lap\u0161ansk\u00e1, Koss\u00e1rov\u00e1, Mikler, Jese\u0148\u00e1k) &#8211; do m\u00e1ja 2018<\/span><\/li>\n<li style=\"font-weight: 400;\"><span style=\"font-weight: 400;\">Alergick\u00e1 n\u00e1dcha (koordin\u00e1tor Ko\u0161turiak) \u2013 vypracova\u0165, oponent\u00fara ORL &#8211; do leta 2018<\/span>\n<ol>\n<li style=\"font-weight: 400;\"><span style=\"font-weight: 400;\">Chronick\u00e1 rinosinusit\u00edda \u2013 robia ORL a\u00a0my budeme oponova\u0165 (<\/span>hlavn\u00fd odborn\u00edk sa oh\u013eadom problematiky tvorby \u0160DTP v tomto navrhnutom zmysle spoj\u00ed &#8211; dohodne s hlavn\u00fdm odborn\u00edkom pre ORL)<\/li>\n<\/ol>\n<\/li>\n<li style=\"font-weight: 400;\"><span style=\"font-weight: 400;\">Atopick\u00fd ekz\u00e9m a\u00a0urtik\u00e1ria \u2013 v spolupr\u00e1ci s dermatol\u00f3gmi (oslov\u00ed Petriskov\u00e1, Hochmuth, Koss\u00e1rov\u00e1).<\/span><\/li>\n<li style=\"font-weight: 400;\"><span style=\"font-weight: 400;\">Alerg\u00e9nov\u00e1 imunoterapia &#8211; (Hrubi\u0161ko, spolutvorba a oponent\u00fara v\u0161etci \u010dlenovia v\u00fdboru) \u2013 do leta 2018<\/span><\/li>\n<li style=\"font-weight: 400;\"><span style=\"font-weight: 400;\">Prim\u00e1rne imunodeficiencie (Jese\u0148\u00e1k, \u010ci\u017en\u00e1r)<\/span><\/li>\n<li style=\"font-weight: 400;\"><span style=\"font-weight: 400;\">Heredit\u00e1rny angioed\u00e9m (Jese\u0148\u00e1k, Hrubi\u0161ko)<\/span><\/li>\n<li style=\"font-weight: 400;\"><span style=\"font-weight: 400;\">Sekund\u00e1rne imunodeficiencie (Pru\u017einec, Schvalbov\u00e1)<\/span><\/li>\n<li style=\"font-weight: 400;\"><span style=\"font-weight: 400;\">Imunoglobul\u00edny<\/span>\n<ol>\n<li style=\"font-weight: 400;\"><span style=\"font-weight: 400;\">substitu\u010dn\u00e1 lie\u010dba (Jese\u0148\u00e1k, \u010ci\u017en\u00e1r)<\/span><\/li>\n<li style=\"font-weight: 400;\"><span style=\"font-weight: 400;\">imunomodula\u010dn\u00e1 lie\u010dba (Pru\u017einec, Schvalbov\u00e1)<\/span><\/li>\n<\/ol>\n<\/li>\n<li style=\"font-weight: 400;\"><span style=\"font-weight: 400;\">Anafylaxia (Mikler)<\/span><\/li>\n<li style=\"font-weight: 400;\"><span style=\"font-weight: 400;\">Alergia na blanokr\u00eddly hmyz (Hochmuth, Hlinka, Hrubi\u0161ko)<\/span><\/li>\n<li style=\"font-weight: 400;\"><span style=\"font-weight: 400;\">Alergologick\u00e1 diagnostika (Hrubi\u0161ko, Ko\u0161turiak)<\/span>\n<ol>\n<li style=\"font-weight: 400;\"><span style=\"font-weight: 400;\">Ko\u017en\u00e9 testy &#8211; samostatne alebo vr\u00e1mci kapitoly (?) (Hrubi\u0161ko)<\/span><\/li>\n<li style=\"font-weight: 400;\"><span style=\"font-weight: 400;\">Laboat\u00f3rna diagnostika (Hrubi\u0161ko, Ko\u0161turiak, Dzurillov\u00e1, Petriskov\u00e1)<\/span><\/li>\n<\/ol>\n<\/li>\n<li style=\"font-weight: 400;\"><span style=\"font-weight: 400;\">Potravinov\u00e1 alergia (Jese\u0148\u00e1k, oslov\u00ed aj kolekt\u00edv)<\/span>\n<ol>\n<li style=\"font-weight: 400;\"><span style=\"font-weight: 400;\">Alergia BKM &#8211; (Kossarov\u00e1 + kolekt\u00edv, ktor\u00fd sa u\u017e na tvorbe materi\u00e1lu podie\u013eal, materi\u00e1l nebol publikovan\u00fd, ale bude sa z neho vych\u00e1dza\u0165) &#8211; term\u00edn \u010do najsk\u00f4r<\/span><\/li>\n<\/ol>\n<\/li>\n<li style=\"font-weight: 400;\"><span style=\"font-weight: 400;\">Liekov\u00e1 alergia (Hlinka, Smie\u0161kov\u00e1)<\/span><\/li>\n<li style=\"font-weight: 400;\"><span style=\"font-weight: 400;\">Reproduk\u010dn\u00e1 imunol\u00f3gia (Dzurillov\u00e1 a\u00a0kolekt\u00edv)<\/span><\/li>\n<li style=\"font-weight: 400;\"><span style=\"font-weight: 400;\">Transplanta\u010dn\u00e1 imunol\u00f3gia (Hrubi\u0161ko oslov\u00ed Kubu). <\/span><\/li>\n<\/ol>\n<\/li>\n<\/ol>\n","protected":false},"excerpt":{"rendered":"<p>Z\u00e1pisnica zo zasadnutia v\u00fdboru SSAKI 2.3.2018, Selce Ospravedlnen\u00ed: Milo\u0161 Jese\u0148\u00e1k Otvorenie zasadnutia a\u00a0zhrnutie \u010dinnosti medzi zasadnutiami \u2013 Hrubi\u0161ko. Inform\u00e1cia o\u00a0negat\u00edvnom stanovisku prezidenta SSAKI k\u00a0prehliadke m\u0155tvych: \u0161pecialistom KIA t\u00e1to kompetencia neprin\u00e1le\u017e\u00ed (Hrubi\u0161ko). V\u00fdbor s\u00fahlas\u00ed. Inform\u00e1cia&#46;&#46;&#46;<\/p>\n","protected":false},"author":1,"featured_media":0,"parent":19,"menu_order":0,"comment_status":"closed","ping_status":"closed","template":"","meta":{"footnotes":""},"class_list":["post-2595039","page","type-page","status-publish","hentry"],"yoast_head":"<!-- This site is optimized with the Yoast SEO plugin v27.4 - https:\/\/yoast.com\/product\/yoast-seo-wordpress\/ -->\n<title>Zo z\u00e1pisnice z 2.3.2018 - Slovensk\u00e1 spolo\u010dnos\u0165 alergol\u00f3gie a klinickej imunol\u00f3gie<\/title>\n<meta name=\"description\" content=\"Sme odborn\u00e1 splo\u010dnos\u0165, ktor\u00e1 zdru\u017euje klinick\u00fdch imunol\u00f3gov a alergol\u00f3gov, ako aj in\u00fdch odborn\u00edkov so z\u00e1ujmom o tento odbor. Na\u0161a spolo\u010dnos\u0165 je hlavn\u00fdm organiz\u00e1torom kontunu\u00e1lneho vzdel\u00e1vania v tomto odbore na Slovensku.\" \/>\n<meta name=\"robots\" content=\"index, follow, max-snippet:-1, max-image-preview:large, max-video-preview:-1\" \/>\n<link rel=\"canonical\" href=\"https:\/\/www.ssaki.eu\/?page_id=2595039\" \/>\n<meta property=\"og:locale\" content=\"sk_SK\" \/>\n<meta property=\"og:type\" content=\"article\" \/>\n<meta property=\"og:title\" content=\"Zo z\u00e1pisnice z 2.3.2018 - Slovensk\u00e1 spolo\u010dnos\u0165 alergol\u00f3gie a klinickej imunol\u00f3gie\" \/>\n<meta property=\"og:description\" content=\"Sme odborn\u00e1 splo\u010dnos\u0165, ktor\u00e1 zdru\u017euje klinick\u00fdch imunol\u00f3gov a alergol\u00f3gov, ako aj in\u00fdch odborn\u00edkov so z\u00e1ujmom o tento odbor. Na\u0161a spolo\u010dnos\u0165 je hlavn\u00fdm organiz\u00e1torom kontunu\u00e1lneho vzdel\u00e1vania v tomto odbore na Slovensku.\" \/>\n<meta property=\"og:url\" content=\"https:\/\/www.ssaki.eu\/?page_id=2595039\" \/>\n<meta property=\"og:site_name\" content=\"Slovensk\u00e1 spolo\u010dnos\u0165 alergol\u00f3gie a klinickej imunol\u00f3gie\" \/>\n<meta property=\"article:publisher\" content=\"https:\/\/www.facebook.com\/alergologoviaimunologoviaSK\" \/>\n<meta property=\"og:image\" content=\"https:\/\/www.ssaki.eu\/wp-content\/uploads\/2021\/01\/STOP_COVID_SSAKI-e1609772027682.png\" \/>\n\t<meta property=\"og:image:width\" content=\"640\" \/>\n\t<meta property=\"og:image:height\" content=\"360\" \/>\n\t<meta property=\"og:image:type\" content=\"image\/png\" \/>\n<meta name=\"twitter:card\" content=\"summary_large_image\" \/>\n<meta name=\"twitter:label1\" content=\"Predpokladan\u00fd \u010das \u010d\u00edtania\" \/>\n\t<meta name=\"twitter:data1\" content=\"4 min\u00faty\" \/>\n<script type=\"application\/ld+json\" class=\"yoast-schema-graph\">{\"@context\":\"https:\\\/\\\/schema.org\",\"@graph\":[{\"@type\":[\"WebPage\",\"MedicalWebPage\"],\"@id\":\"https:\\\/\\\/www.ssaki.eu\\\/?page_id=2595039\",\"url\":\"https:\\\/\\\/www.ssaki.eu\\\/?page_id=2595039\",\"name\":\"Zo z\u00e1pisnice z 2.3.2018 - Slovensk\u00e1 spolo\u010dnos\u0165 alergol\u00f3gie a klinickej imunol\u00f3gie\",\"isPartOf\":{\"@id\":\"https:\\\/\\\/www.ssaki.eu\\\/#website\"},\"datePublished\":\"2018-03-06T20:13:23+00:00\",\"description\":\"Sme odborn\u00e1 splo\u010dnos\u0165, ktor\u00e1 zdru\u017euje klinick\u00fdch imunol\u00f3gov a alergol\u00f3gov, ako aj in\u00fdch odborn\u00edkov so z\u00e1ujmom o tento odbor. Na\u0161a spolo\u010dnos\u0165 je hlavn\u00fdm organiz\u00e1torom kontunu\u00e1lneho vzdel\u00e1vania v tomto odbore na Slovensku.\",\"breadcrumb\":{\"@id\":\"https:\\\/\\\/www.ssaki.eu\\\/?page_id=2595039#breadcrumb\"},\"inLanguage\":\"sk-SK\",\"potentialAction\":[{\"@type\":\"ReadAction\",\"target\":[\"https:\\\/\\\/www.ssaki.eu\\\/?page_id=2595039\"]}]},{\"@type\":\"BreadcrumbList\",\"@id\":\"https:\\\/\\\/www.ssaki.eu\\\/?page_id=2595039#breadcrumb\",\"itemListElement\":[{\"@type\":\"ListItem\",\"position\":1,\"name\":\"Domovsk\u00e1 str\u00e1nka\",\"item\":\"https:\\\/\\\/www.ssaki.eu\\\/\"},{\"@type\":\"ListItem\",\"position\":2,\"name\":\"V\u00fdbor spolo\u010dnosti\",\"item\":\"https:\\\/\\\/www.ssaki.eu\\\/?page_id=11\"},{\"@type\":\"ListItem\",\"position\":3,\"name\":\"Zo z\u00e1pisn\u00edc\",\"item\":\"https:\\\/\\\/www.ssaki.eu\\\/?page_id=19\"},{\"@type\":\"ListItem\",\"position\":4,\"name\":\"Zo z\u00e1pisnice z 2.3.2018\"}]},{\"@type\":\"WebSite\",\"@id\":\"https:\\\/\\\/www.ssaki.eu\\\/#website\",\"url\":\"https:\\\/\\\/www.ssaki.eu\\\/\",\"name\":\"Slovensk\u00e1 spolo\u010dnos\u0165 alergol\u00f3gie a klinickej imunol\u00f3gie\",\"description\":\"\",\"publisher\":{\"@id\":\"https:\\\/\\\/www.ssaki.eu\\\/#organization\"},\"potentialAction\":[{\"@type\":\"SearchAction\",\"target\":{\"@type\":\"EntryPoint\",\"urlTemplate\":\"https:\\\/\\\/www.ssaki.eu\\\/?s={search_term_string}\"},\"query-input\":{\"@type\":\"PropertyValueSpecification\",\"valueRequired\":true,\"valueName\":\"search_term_string\"}}],\"inLanguage\":\"sk-SK\"},{\"@type\":\"Organization\",\"@id\":\"https:\\\/\\\/www.ssaki.eu\\\/#organization\",\"name\":\"Slovensk\u00e1 spolo\u010dnos\u0165 alergol\u00f3gie a klinickej imunol\u00f3gie\",\"url\":\"https:\\\/\\\/www.ssaki.eu\\\/\",\"logo\":{\"@type\":\"ImageObject\",\"inLanguage\":\"sk-SK\",\"@id\":\"https:\\\/\\\/www.ssaki.eu\\\/#\\\/schema\\\/logo\\\/image\\\/\",\"url\":\"https:\\\/\\\/www.ssaki.eu\\\/wp-content\\\/uploads\\\/2021\\\/01\\\/LOGO-1.png\",\"contentUrl\":\"https:\\\/\\\/www.ssaki.eu\\\/wp-content\\\/uploads\\\/2021\\\/01\\\/LOGO-1.png\",\"width\":1280,\"height\":720,\"caption\":\"Slovensk\u00e1 spolo\u010dnos\u0165 alergol\u00f3gie a klinickej imunol\u00f3gie\"},\"image\":{\"@id\":\"https:\\\/\\\/www.ssaki.eu\\\/#\\\/schema\\\/logo\\\/image\\\/\"},\"sameAs\":[\"https:\\\/\\\/www.facebook.com\\\/alergologoviaimunologoviaSK\"]}]}<\/script>\n<!-- \/ Yoast SEO plugin. -->","yoast_head_json":{"title":"Zo z\u00e1pisnice z 2.3.2018 - Slovensk\u00e1 spolo\u010dnos\u0165 alergol\u00f3gie a klinickej imunol\u00f3gie","description":"Sme odborn\u00e1 splo\u010dnos\u0165, ktor\u00e1 zdru\u017euje klinick\u00fdch imunol\u00f3gov a alergol\u00f3gov, ako aj in\u00fdch odborn\u00edkov so z\u00e1ujmom o tento odbor. Na\u0161a spolo\u010dnos\u0165 je hlavn\u00fdm organiz\u00e1torom kontunu\u00e1lneho vzdel\u00e1vania v tomto odbore na Slovensku.","robots":{"index":"index","follow":"follow","max-snippet":"max-snippet:-1","max-image-preview":"max-image-preview:large","max-video-preview":"max-video-preview:-1"},"canonical":"https:\/\/www.ssaki.eu\/?page_id=2595039","og_locale":"sk_SK","og_type":"article","og_title":"Zo z\u00e1pisnice z 2.3.2018 - Slovensk\u00e1 spolo\u010dnos\u0165 alergol\u00f3gie a klinickej imunol\u00f3gie","og_description":"Sme odborn\u00e1 splo\u010dnos\u0165, ktor\u00e1 zdru\u017euje klinick\u00fdch imunol\u00f3gov a alergol\u00f3gov, ako aj in\u00fdch odborn\u00edkov so z\u00e1ujmom o tento odbor. Na\u0161a spolo\u010dnos\u0165 je hlavn\u00fdm organiz\u00e1torom kontunu\u00e1lneho vzdel\u00e1vania v tomto odbore na Slovensku.","og_url":"https:\/\/www.ssaki.eu\/?page_id=2595039","og_site_name":"Slovensk\u00e1 spolo\u010dnos\u0165 alergol\u00f3gie a klinickej imunol\u00f3gie","article_publisher":"https:\/\/www.facebook.com\/alergologoviaimunologoviaSK","og_image":[{"width":640,"height":360,"url":"https:\/\/www.ssaki.eu\/wp-content\/uploads\/2021\/01\/STOP_COVID_SSAKI-e1609772027682.png","type":"image\/png"}],"twitter_card":"summary_large_image","twitter_misc":{"Predpokladan\u00fd \u010das \u010d\u00edtania":"4 min\u00faty"},"schema":{"@context":"https:\/\/schema.org","@graph":[{"@type":["WebPage","MedicalWebPage"],"@id":"https:\/\/www.ssaki.eu\/?page_id=2595039","url":"https:\/\/www.ssaki.eu\/?page_id=2595039","name":"Zo z\u00e1pisnice z 2.3.2018 - Slovensk\u00e1 spolo\u010dnos\u0165 alergol\u00f3gie a klinickej imunol\u00f3gie","isPartOf":{"@id":"https:\/\/www.ssaki.eu\/#website"},"datePublished":"2018-03-06T20:13:23+00:00","description":"Sme odborn\u00e1 splo\u010dnos\u0165, ktor\u00e1 zdru\u017euje klinick\u00fdch imunol\u00f3gov a alergol\u00f3gov, ako aj in\u00fdch odborn\u00edkov so z\u00e1ujmom o tento odbor. Na\u0161a spolo\u010dnos\u0165 je hlavn\u00fdm organiz\u00e1torom kontunu\u00e1lneho vzdel\u00e1vania v tomto odbore na Slovensku.","breadcrumb":{"@id":"https:\/\/www.ssaki.eu\/?page_id=2595039#breadcrumb"},"inLanguage":"sk-SK","potentialAction":[{"@type":"ReadAction","target":["https:\/\/www.ssaki.eu\/?page_id=2595039"]}]},{"@type":"BreadcrumbList","@id":"https:\/\/www.ssaki.eu\/?page_id=2595039#breadcrumb","itemListElement":[{"@type":"ListItem","position":1,"name":"Domovsk\u00e1 str\u00e1nka","item":"https:\/\/www.ssaki.eu\/"},{"@type":"ListItem","position":2,"name":"V\u00fdbor spolo\u010dnosti","item":"https:\/\/www.ssaki.eu\/?page_id=11"},{"@type":"ListItem","position":3,"name":"Zo z\u00e1pisn\u00edc","item":"https:\/\/www.ssaki.eu\/?page_id=19"},{"@type":"ListItem","position":4,"name":"Zo z\u00e1pisnice z 2.3.2018"}]},{"@type":"WebSite","@id":"https:\/\/www.ssaki.eu\/#website","url":"https:\/\/www.ssaki.eu\/","name":"Slovensk\u00e1 spolo\u010dnos\u0165 alergol\u00f3gie a klinickej imunol\u00f3gie","description":"","publisher":{"@id":"https:\/\/www.ssaki.eu\/#organization"},"potentialAction":[{"@type":"SearchAction","target":{"@type":"EntryPoint","urlTemplate":"https:\/\/www.ssaki.eu\/?s={search_term_string}"},"query-input":{"@type":"PropertyValueSpecification","valueRequired":true,"valueName":"search_term_string"}}],"inLanguage":"sk-SK"},{"@type":"Organization","@id":"https:\/\/www.ssaki.eu\/#organization","name":"Slovensk\u00e1 spolo\u010dnos\u0165 alergol\u00f3gie a klinickej imunol\u00f3gie","url":"https:\/\/www.ssaki.eu\/","logo":{"@type":"ImageObject","inLanguage":"sk-SK","@id":"https:\/\/www.ssaki.eu\/#\/schema\/logo\/image\/","url":"https:\/\/www.ssaki.eu\/wp-content\/uploads\/2021\/01\/LOGO-1.png","contentUrl":"https:\/\/www.ssaki.eu\/wp-content\/uploads\/2021\/01\/LOGO-1.png","width":1280,"height":720,"caption":"Slovensk\u00e1 spolo\u010dnos\u0165 alergol\u00f3gie a klinickej imunol\u00f3gie"},"image":{"@id":"https:\/\/www.ssaki.eu\/#\/schema\/logo\/image\/"},"sameAs":["https:\/\/www.facebook.com\/alergologoviaimunologoviaSK"]}]}},"_links":{"self":[{"href":"https:\/\/www.ssaki.eu\/index.php?rest_route=\/wp\/v2\/pages\/2595039","targetHints":{"allow":["GET"]}}],"collection":[{"href":"https:\/\/www.ssaki.eu\/index.php?rest_route=\/wp\/v2\/pages"}],"about":[{"href":"https:\/\/www.ssaki.eu\/index.php?rest_route=\/wp\/v2\/types\/page"}],"author":[{"embeddable":true,"href":"https:\/\/www.ssaki.eu\/index.php?rest_route=\/wp\/v2\/users\/1"}],"replies":[{"embeddable":true,"href":"https:\/\/www.ssaki.eu\/index.php?rest_route=%2Fwp%2Fv2%2Fcomments&post=2595039"}],"version-history":[{"count":1,"href":"https:\/\/www.ssaki.eu\/index.php?rest_route=\/wp\/v2\/pages\/2595039\/revisions"}],"predecessor-version":[{"id":2595040,"href":"https:\/\/www.ssaki.eu\/index.php?rest_route=\/wp\/v2\/pages\/2595039\/revisions\/2595040"}],"up":[{"embeddable":true,"href":"https:\/\/www.ssaki.eu\/index.php?rest_route=\/wp\/v2\/pages\/19"}],"wp:attachment":[{"href":"https:\/\/www.ssaki.eu\/index.php?rest_route=%2Fwp%2Fv2%2Fmedia&parent=2595039"}],"curies":[{"name":"wp","href":"https:\/\/api.w.org\/{rel}","templated":true}]}}