{"id":26,"date":"2013-01-16T17:16:35","date_gmt":"2013-01-16T17:16:35","guid":{"rendered":"http:\/\/www.ssaki.eu\/?page_id=26"},"modified":"2013-01-20T12:24:52","modified_gmt":"2013-01-20T12:24:52","slug":"zo-zapisnice-z-14-9-2012","status":"publish","type":"page","link":"https:\/\/www.ssaki.eu\/?page_id=26","title":{"rendered":"Zo z\u00e1pisnice z 14.9.2012"},"content":{"rendered":"<p><strong>Pr\u00edtomn\u00ed : 11 \u010dlenov v\u00fdboru a\u00a03 \u010dlenovia dozornej rady<br \/>\n<\/strong><\/p>\n<p dir=\"ltr\">Petriskov\u00e1,Lap\u0161ansk\u00e1,Koss\u00e1rov\u00e1,Barlov\u00e1,Kov\u00e1\u010dov\u00e1,Pru\u017einec,Vrl\u00edk,Hrubi\u0161ko,\u010ci\u017en\u00e1r,Ko\u0161turiak,<\/p>\n<p dir=\"ltr\">Dzurillov\u00e1, Hochmuth, Mikler ,Schvalbov\u00e1<\/p>\n<p dir=\"ltr\">Program:<\/p>\n<p dir=\"ltr\">1.\/\u00a0Tajn\u00e1 vo\u013eba\u00a0predsedu, vedeck\u00e9ho sekret\u00e1ra a\u00a0predsedu rev\u00edznej komisie<\/p>\n<p dir=\"ltr\">Predseda volebnej komisie: Kov\u00e1\u010dov\u00e1 ,\u010dlenovia : Hochmuth, Barlov\u00e1<\/p>\n<p dir=\"ltr\">V\u00fdsledky volieb: predseda: Vrl\u00edk, vedeck\u00fd sekret\u00e1r : Pru\u017einec, predseda rev\u00edznej komisie : Schvalbov\u00e1<\/p>\n<p dir=\"ltr\">\u00davodn\u00e9 slovo novozvolen\u00e9ho prezidenta v\u00fdboru SSAKI: Vrl\u00edka<\/p>\n<p dir=\"ltr\">2.\/ Zjazd \u010cSAKI a\u00a0SSAKI v\u00a0Liberci \u00a0: vyzvan\u00ed predn\u00e1\u0161atelia mali u\u017e dosta\u0165 in\u0161trukcie , a\u00a0ozn\u00e1menia \u00a0\u010dlenovia v\u00fdboru \u00a0v\u00a0predsedn\u00edctvach odborn\u00fdch sekci\u00ed. \u0160tvrtok ve\u010der \u00a0po\u010das kongresu bude spolo\u010dn\u00e9 zasadnutie v\u00fdborov SSAKI a\u00a0\u010cSAKI.<\/p>\n<p dir=\"ltr\">3.\/ Ing. Petriskov\u00e1 informovala o\u00a0probl\u00e9moch laborat\u00f3rnej diagnostiky<\/p>\n<p dir=\"ltr\">A.\/V\u0160ZP \u2013zav\u00e1dza ur\u010dit\u00e9 inova\u010dn\u00e9 opatrenia, snahou \u00a0vznies\u0165 syst\u00e9m a\u00a0pravidl\u00e1 medzi jednotliv\u00e9 laborat\u00f3rne odbory. Komora nelek\u00e1rov zasadala \u00a0spolu s\u00a0hlavn\u00fdmi odborn\u00edkmi \u00a0a\u00a0z\u00e1stupcami SLK, a\u00a0nesk\u00f4r aj za pr\u00edtomnosti \u00a0predstavite\u013eov V\u0160ZP .<\/p>\n<p dir=\"ltr\">-Neuzn\u00e1van\u00e9 v\u00fdkony V\u0160ZP pre imunologick\u00e9 laborat\u00f3ria : \u00a0CRP,RF( vybav\u00ed hlavn\u00fd odborn\u00edk na \u00farovni MZSR)<\/p>\n<p>Pre rie\u0161enie probl\u00e9mov sa zalo\u017eila subkomisia laborat\u00f3rnej diagnostiky pri \u00a0v\u00fdbore SSAKI : predsedn\u00ed\u010dka: Petriskov\u00e1, \u010dlenovia : Tibensk\u00e1, Zuzulov\u00e1, Bla\u017e\u00ed\u010dkov\u00e1, B\u00fa\u010dkov\u00e1,<strong><br \/>\n<\/strong><\/p>\n<p dir=\"ltr\">B.\/ Nebol nikto informovan\u00fd a\u00a0vyzvan\u00fd z\u00a0odboru KIA \u00a0na \u00a0zasadanie katalogiza\u010dnej subkomisie pri MZSR, ktor\u00e1 sa kon\u00e1 \u00a0bud\u00faci t\u00fd\u017ede\u0148<\/p>\n<p>C.\/Predseda SSAKI nap\u00ed\u0161e list do pois\u0165ovne o podmienkach, ktor\u00e9 mus\u00ed splni\u0165 garant pre laborat\u00f3ria &#8211;\u00a0m\u00e1 by\u0165 pod odbornos\u0165ou \u00a040, a\u00a0odborn\u00fd garant \u00a0m\u00e1 ma\u0165 odbornos\u0165 40, 346, lek\u00e1r, nelek\u00e1r ,atestovan\u00fd v\u00a0odbore KIA.<\/p>\n<p dir=\"ltr\">4.\/Uzn\u00e1va sa \u017eiados\u0165 o\u00a0zalo\u017eenie l\u00f4\u017ekov\u00e9ho oddelenia pre HAE \u00a0na Internej klinike FN BA \u00a0\u00a0(Prof. Pajer, Dr.Hrubi\u0161kov\u00e1, garant Prof. Hrubi\u0161ko),s\u00fa\u010dasne s konfirma\u010dn\u00fdmi centrami \u00a0pre laborat\u00f3rnu diagn\u00f3zu HAE : \u00a0OUSA \u2013BA, Martin MCI. Preskripcia sa bude odpor\u00fa\u010da\u0165 a\u00a0uzn\u00e1va\u0165 pod\u013ea v\u00fdsledkov z \u00a0konfirma\u010dn\u00fdch centier\u00a0 ( pripravia materi\u00e1ly: Mikler, Hrubi\u0161ko, \u010ci\u017en\u00e1r )<\/p>\n<p dir=\"ltr\">List o\u00a0n\u00e1vrhu zalo\u017eenia nov\u00e9ho odborn\u00e9ho oddelenia \u00a0na MZSR nap\u00ed\u0161e vedeck\u00fd sekret\u00e1r Prof. Pru\u017einec.<\/p>\n<p>5.\/Pharm.Dr.Keleov\u00e1 odovzd\u00e1va funkciu komunik\u00e1cie s \u00a0EAACI Dr. Ko\u0161turiakovi \u00a0(zaplatenie \u010dlensk\u00e9ho, pr\u00edstup na str\u00e1nku )<\/p>\n<p dir=\"ltr\">Ko\u0161turiak obnov\u00ed alebo \u00a0zalo\u017e\u00ed nov\u00fa web str\u00e1nku SSAKI, kde bud\u00fa \u010derstv\u00e9 inform\u00e1cie z\u00a0odboru a\u00a0pracovn\u00e9 materi\u00e1ly zo zasadan\u00ed v\u00fdboru SSAKI<\/p>\n<p dir=\"ltr\">6.\/ O\u00a0priebehu volieb nap\u00ed\u0161e \u010dl\u00e1nok do \u010dasopisu SSAKI E.Lap\u0161ansk\u00e1<\/p>\n<p dir=\"ltr\">7.\/ Z\u00a0v\u00fdborov\u00fdch akcii v\u00a0bud\u00facnosti sa odpor\u00fa\u010da \u00a0v\u010dasne \u00a0odhl\u00e1si\u0165 v\u00a0pr\u00edpade absencie u Ing.Petriskovej<\/p>\n<p dir=\"ltr\">8.\/Kalend\u00e1r odborn\u00fdch akci\u00ed<\/p>\n<p dir=\"ltr\">9.\/ J. Petriskov\u00e1 pozvala na \u010fal\u0161ie MDI, ktor\u00e9 sa kon\u00e1 \u00a010. -12. Apr\u00edla, \u010dlenovia v\u00fdboru boli osloven\u00ed a\u00a0po\u017eiadan\u00ed o predn\u00e1\u0161ku<\/p>\n<p dir=\"ltr\">10.\/ Kongres SSAKI a \u010cSAKI \u00a0Bratislava 25-28.sept. 2013-definit\u00edvny term\u00edn.\u00a0Miesto konania : Dublle Tree Hilton hotel, S\u00fa k dispoz\u00edcii \u00a02 kongresov\u00e9 s\u00e1ly cca. pre 600-700 posluch\u00e1\u010dov ,4 pl\u00e1tna na premietanie, plus \u00a0pripravujeme aj centr\u00e1lne pl\u00e1tno<\/p>\n<p dir=\"ltr\">\u010cesk\u00fdch kolegov poz\u00fdva \u00a0prezident kongresu \u00a0Pru\u017einec na kongrese v Liberci<\/p>\n<p dir=\"ltr\">11.\/ Dr.Dzurillov\u00e1 ,refer\u00e1t o priebehu \u0161trajku u \u0160AS a postupy vedenia \u00a0predsedn\u00edctva ZDRAVITY:<\/p>\n<p dir=\"ltr\">12.\/ Doc. Martin Hrubi\u0161ko, Doc.P. \u010ci\u017en\u00e1r boli poveren\u00ed mand\u00e1tom zastupova\u0165 KIA na medzin\u00e1rodn\u00fdch akci\u00e1ch, a pracovn\u00fdch sch\u00f4dzach.<\/p>\n<p dir=\"ltr\">\u00a013.\/ Ofici\u00e1lny pr\u00edpis Hlavn\u00e9ho odborn\u00edka \u00a0pre MZSR, a ZP- oh\u013eadom predpisovania hypo-alergenn\u00fdch mlie\u010dnych form\u00fal na podklade z\u00e1verov pracovnej skupiny pri SSAKI, slovensk\u00fd sprievodca ABKM (Doc.\u010ci\u017en\u00e1r,Dr.Koss\u00e1rov\u00e1)<\/p>\n<p dir=\"ltr\">14.\/ Z\u00fa\u017ei\u0165 indika\u010dn\u00e9 obmedzenie na coeliak\u00e1lnu stravu a necha\u0165 preskribciu kompletne len v kompetencii gastroenterol\u00f3gom (gold standard diagn\u00f3zy \u00a0coelik\u00e1lnej choroby je bioptick\u00fd n\u00e1lez)<\/p>\n","protected":false},"excerpt":{"rendered":"<p>Pr\u00edtomn\u00ed : 11 \u010dlenov v\u00fdboru a\u00a03 \u010dlenovia dozornej rady Petriskov\u00e1,Lap\u0161ansk\u00e1,Koss\u00e1rov\u00e1,Barlov\u00e1,Kov\u00e1\u010dov\u00e1,Pru\u017einec,Vrl\u00edk,Hrubi\u0161ko,\u010ci\u017en\u00e1r,Ko\u0161turiak, Dzurillov\u00e1, Hochmuth, Mikler ,Schvalbov\u00e1 Program: 1.\/\u00a0Tajn\u00e1 vo\u013eba\u00a0predsedu, vedeck\u00e9ho sekret\u00e1ra a\u00a0predsedu rev\u00edznej komisie Predseda volebnej komisie: Kov\u00e1\u010dov\u00e1 ,\u010dlenovia : Hochmuth, Barlov\u00e1 V\u00fdsledky volieb: predseda: Vrl\u00edk,&#46;&#46;&#46;<\/p>\n","protected":false},"author":1,"featured_media":0,"parent":19,"menu_order":0,"comment_status":"closed","ping_status":"closed","template":"sidebar-page.php","meta":{"footnotes":""},"class_list":["post-26","page","type-page","status-publish","hentry"],"yoast_head":"<!-- This site is optimized with the Yoast SEO plugin v27.4 - https:\/\/yoast.com\/product\/yoast-seo-wordpress\/ -->\n<title>Zo z\u00e1pisnice z 14.9.2012 - Slovensk\u00e1 spolo\u010dnos\u0165 alergol\u00f3gie a klinickej imunol\u00f3gie<\/title>\n<meta name=\"description\" content=\"Sme odborn\u00e1 splo\u010dnos\u0165, ktor\u00e1 zdru\u017euje klinick\u00fdch imunol\u00f3gov a alergol\u00f3gov, ako aj in\u00fdch odborn\u00edkov so z\u00e1ujmom o tento odbor. Na\u0161a spolo\u010dnos\u0165 je hlavn\u00fdm organiz\u00e1torom kontunu\u00e1lneho vzdel\u00e1vania v tomto odbore na Slovensku.\" \/>\n<meta name=\"robots\" content=\"index, follow, max-snippet:-1, max-image-preview:large, max-video-preview:-1\" \/>\n<link rel=\"canonical\" href=\"https:\/\/www.ssaki.eu\/?page_id=26\" \/>\n<meta property=\"og:locale\" content=\"sk_SK\" \/>\n<meta property=\"og:type\" content=\"article\" \/>\n<meta property=\"og:title\" content=\"Zo z\u00e1pisnice z 14.9.2012 - Slovensk\u00e1 spolo\u010dnos\u0165 alergol\u00f3gie a klinickej imunol\u00f3gie\" \/>\n<meta property=\"og:description\" content=\"Sme odborn\u00e1 splo\u010dnos\u0165, ktor\u00e1 zdru\u017euje klinick\u00fdch imunol\u00f3gov a alergol\u00f3gov, ako aj in\u00fdch odborn\u00edkov so z\u00e1ujmom o tento odbor. Na\u0161a spolo\u010dnos\u0165 je hlavn\u00fdm organiz\u00e1torom kontunu\u00e1lneho vzdel\u00e1vania v tomto odbore na Slovensku.\" \/>\n<meta property=\"og:url\" content=\"https:\/\/www.ssaki.eu\/?page_id=26\" \/>\n<meta property=\"og:site_name\" content=\"Slovensk\u00e1 spolo\u010dnos\u0165 alergol\u00f3gie a klinickej imunol\u00f3gie\" \/>\n<meta property=\"article:publisher\" content=\"https:\/\/www.facebook.com\/alergologoviaimunologoviaSK\" \/>\n<meta property=\"article:modified_time\" content=\"2013-01-20T12:24:52+00:00\" \/>\n<meta property=\"og:image\" content=\"https:\/\/www.ssaki.eu\/wp-content\/uploads\/2021\/01\/STOP_COVID_SSAKI-e1609772027682.png\" \/>\n\t<meta property=\"og:image:width\" content=\"640\" \/>\n\t<meta property=\"og:image:height\" content=\"360\" \/>\n\t<meta property=\"og:image:type\" content=\"image\/png\" \/>\n<meta name=\"twitter:card\" content=\"summary_large_image\" \/>\n<meta name=\"twitter:label1\" content=\"Predpokladan\u00fd \u010das \u010d\u00edtania\" \/>\n\t<meta name=\"twitter:data1\" content=\"3 min\u00faty\" \/>\n<script type=\"application\/ld+json\" class=\"yoast-schema-graph\">{\"@context\":\"https:\\\/\\\/schema.org\",\"@graph\":[{\"@type\":[\"WebPage\",\"MedicalWebPage\"],\"@id\":\"https:\\\/\\\/www.ssaki.eu\\\/?page_id=26\",\"url\":\"https:\\\/\\\/www.ssaki.eu\\\/?page_id=26\",\"name\":\"Zo z\u00e1pisnice z 14.9.2012 - Slovensk\u00e1 spolo\u010dnos\u0165 alergol\u00f3gie a klinickej imunol\u00f3gie\",\"isPartOf\":{\"@id\":\"https:\\\/\\\/www.ssaki.eu\\\/#website\"},\"datePublished\":\"2013-01-16T17:16:35+00:00\",\"dateModified\":\"2013-01-20T12:24:52+00:00\",\"description\":\"Sme odborn\u00e1 splo\u010dnos\u0165, ktor\u00e1 zdru\u017euje klinick\u00fdch imunol\u00f3gov a alergol\u00f3gov, ako aj in\u00fdch odborn\u00edkov so z\u00e1ujmom o tento odbor. Na\u0161a spolo\u010dnos\u0165 je hlavn\u00fdm organiz\u00e1torom kontunu\u00e1lneho vzdel\u00e1vania v tomto odbore na Slovensku.\",\"breadcrumb\":{\"@id\":\"https:\\\/\\\/www.ssaki.eu\\\/?page_id=26#breadcrumb\"},\"inLanguage\":\"sk-SK\",\"potentialAction\":[{\"@type\":\"ReadAction\",\"target\":[\"https:\\\/\\\/www.ssaki.eu\\\/?page_id=26\"]}]},{\"@type\":\"BreadcrumbList\",\"@id\":\"https:\\\/\\\/www.ssaki.eu\\\/?page_id=26#breadcrumb\",\"itemListElement\":[{\"@type\":\"ListItem\",\"position\":1,\"name\":\"Domovsk\u00e1 str\u00e1nka\",\"item\":\"https:\\\/\\\/www.ssaki.eu\\\/\"},{\"@type\":\"ListItem\",\"position\":2,\"name\":\"V\u00fdbor spolo\u010dnosti\",\"item\":\"https:\\\/\\\/www.ssaki.eu\\\/?page_id=11\"},{\"@type\":\"ListItem\",\"position\":3,\"name\":\"Zo z\u00e1pisn\u00edc\",\"item\":\"https:\\\/\\\/www.ssaki.eu\\\/?page_id=19\"},{\"@type\":\"ListItem\",\"position\":4,\"name\":\"Zo z\u00e1pisnice z 14.9.2012\"}]},{\"@type\":\"WebSite\",\"@id\":\"https:\\\/\\\/www.ssaki.eu\\\/#website\",\"url\":\"https:\\\/\\\/www.ssaki.eu\\\/\",\"name\":\"Slovensk\u00e1 spolo\u010dnos\u0165 alergol\u00f3gie a klinickej imunol\u00f3gie\",\"description\":\"\",\"publisher\":{\"@id\":\"https:\\\/\\\/www.ssaki.eu\\\/#organization\"},\"potentialAction\":[{\"@type\":\"SearchAction\",\"target\":{\"@type\":\"EntryPoint\",\"urlTemplate\":\"https:\\\/\\\/www.ssaki.eu\\\/?s={search_term_string}\"},\"query-input\":{\"@type\":\"PropertyValueSpecification\",\"valueRequired\":true,\"valueName\":\"search_term_string\"}}],\"inLanguage\":\"sk-SK\"},{\"@type\":\"Organization\",\"@id\":\"https:\\\/\\\/www.ssaki.eu\\\/#organization\",\"name\":\"Slovensk\u00e1 spolo\u010dnos\u0165 alergol\u00f3gie a klinickej imunol\u00f3gie\",\"url\":\"https:\\\/\\\/www.ssaki.eu\\\/\",\"logo\":{\"@type\":\"ImageObject\",\"inLanguage\":\"sk-SK\",\"@id\":\"https:\\\/\\\/www.ssaki.eu\\\/#\\\/schema\\\/logo\\\/image\\\/\",\"url\":\"https:\\\/\\\/www.ssaki.eu\\\/wp-content\\\/uploads\\\/2021\\\/01\\\/LOGO-1.png\",\"contentUrl\":\"https:\\\/\\\/www.ssaki.eu\\\/wp-content\\\/uploads\\\/2021\\\/01\\\/LOGO-1.png\",\"width\":1280,\"height\":720,\"caption\":\"Slovensk\u00e1 spolo\u010dnos\u0165 alergol\u00f3gie a klinickej imunol\u00f3gie\"},\"image\":{\"@id\":\"https:\\\/\\\/www.ssaki.eu\\\/#\\\/schema\\\/logo\\\/image\\\/\"},\"sameAs\":[\"https:\\\/\\\/www.facebook.com\\\/alergologoviaimunologoviaSK\"]}]}<\/script>\n<!-- \/ Yoast SEO plugin. -->","yoast_head_json":{"title":"Zo z\u00e1pisnice z 14.9.2012 - Slovensk\u00e1 spolo\u010dnos\u0165 alergol\u00f3gie a klinickej imunol\u00f3gie","description":"Sme odborn\u00e1 splo\u010dnos\u0165, ktor\u00e1 zdru\u017euje klinick\u00fdch imunol\u00f3gov a alergol\u00f3gov, ako aj in\u00fdch odborn\u00edkov so z\u00e1ujmom o tento odbor. Na\u0161a spolo\u010dnos\u0165 je hlavn\u00fdm organiz\u00e1torom kontunu\u00e1lneho vzdel\u00e1vania v tomto odbore na Slovensku.","robots":{"index":"index","follow":"follow","max-snippet":"max-snippet:-1","max-image-preview":"max-image-preview:large","max-video-preview":"max-video-preview:-1"},"canonical":"https:\/\/www.ssaki.eu\/?page_id=26","og_locale":"sk_SK","og_type":"article","og_title":"Zo z\u00e1pisnice z 14.9.2012 - Slovensk\u00e1 spolo\u010dnos\u0165 alergol\u00f3gie a klinickej imunol\u00f3gie","og_description":"Sme odborn\u00e1 splo\u010dnos\u0165, ktor\u00e1 zdru\u017euje klinick\u00fdch imunol\u00f3gov a alergol\u00f3gov, ako aj in\u00fdch odborn\u00edkov so z\u00e1ujmom o tento odbor. Na\u0161a spolo\u010dnos\u0165 je hlavn\u00fdm organiz\u00e1torom kontunu\u00e1lneho vzdel\u00e1vania v tomto odbore na Slovensku.","og_url":"https:\/\/www.ssaki.eu\/?page_id=26","og_site_name":"Slovensk\u00e1 spolo\u010dnos\u0165 alergol\u00f3gie a klinickej imunol\u00f3gie","article_publisher":"https:\/\/www.facebook.com\/alergologoviaimunologoviaSK","article_modified_time":"2013-01-20T12:24:52+00:00","og_image":[{"width":640,"height":360,"url":"https:\/\/www.ssaki.eu\/wp-content\/uploads\/2021\/01\/STOP_COVID_SSAKI-e1609772027682.png","type":"image\/png"}],"twitter_card":"summary_large_image","twitter_misc":{"Predpokladan\u00fd \u010das \u010d\u00edtania":"3 min\u00faty"},"schema":{"@context":"https:\/\/schema.org","@graph":[{"@type":["WebPage","MedicalWebPage"],"@id":"https:\/\/www.ssaki.eu\/?page_id=26","url":"https:\/\/www.ssaki.eu\/?page_id=26","name":"Zo z\u00e1pisnice z 14.9.2012 - Slovensk\u00e1 spolo\u010dnos\u0165 alergol\u00f3gie a klinickej imunol\u00f3gie","isPartOf":{"@id":"https:\/\/www.ssaki.eu\/#website"},"datePublished":"2013-01-16T17:16:35+00:00","dateModified":"2013-01-20T12:24:52+00:00","description":"Sme odborn\u00e1 splo\u010dnos\u0165, ktor\u00e1 zdru\u017euje klinick\u00fdch imunol\u00f3gov a alergol\u00f3gov, ako aj in\u00fdch odborn\u00edkov so z\u00e1ujmom o tento odbor. Na\u0161a spolo\u010dnos\u0165 je hlavn\u00fdm organiz\u00e1torom kontunu\u00e1lneho vzdel\u00e1vania v tomto odbore na Slovensku.","breadcrumb":{"@id":"https:\/\/www.ssaki.eu\/?page_id=26#breadcrumb"},"inLanguage":"sk-SK","potentialAction":[{"@type":"ReadAction","target":["https:\/\/www.ssaki.eu\/?page_id=26"]}]},{"@type":"BreadcrumbList","@id":"https:\/\/www.ssaki.eu\/?page_id=26#breadcrumb","itemListElement":[{"@type":"ListItem","position":1,"name":"Domovsk\u00e1 str\u00e1nka","item":"https:\/\/www.ssaki.eu\/"},{"@type":"ListItem","position":2,"name":"V\u00fdbor spolo\u010dnosti","item":"https:\/\/www.ssaki.eu\/?page_id=11"},{"@type":"ListItem","position":3,"name":"Zo z\u00e1pisn\u00edc","item":"https:\/\/www.ssaki.eu\/?page_id=19"},{"@type":"ListItem","position":4,"name":"Zo z\u00e1pisnice z 14.9.2012"}]},{"@type":"WebSite","@id":"https:\/\/www.ssaki.eu\/#website","url":"https:\/\/www.ssaki.eu\/","name":"Slovensk\u00e1 spolo\u010dnos\u0165 alergol\u00f3gie a klinickej imunol\u00f3gie","description":"","publisher":{"@id":"https:\/\/www.ssaki.eu\/#organization"},"potentialAction":[{"@type":"SearchAction","target":{"@type":"EntryPoint","urlTemplate":"https:\/\/www.ssaki.eu\/?s={search_term_string}"},"query-input":{"@type":"PropertyValueSpecification","valueRequired":true,"valueName":"search_term_string"}}],"inLanguage":"sk-SK"},{"@type":"Organization","@id":"https:\/\/www.ssaki.eu\/#organization","name":"Slovensk\u00e1 spolo\u010dnos\u0165 alergol\u00f3gie a klinickej imunol\u00f3gie","url":"https:\/\/www.ssaki.eu\/","logo":{"@type":"ImageObject","inLanguage":"sk-SK","@id":"https:\/\/www.ssaki.eu\/#\/schema\/logo\/image\/","url":"https:\/\/www.ssaki.eu\/wp-content\/uploads\/2021\/01\/LOGO-1.png","contentUrl":"https:\/\/www.ssaki.eu\/wp-content\/uploads\/2021\/01\/LOGO-1.png","width":1280,"height":720,"caption":"Slovensk\u00e1 spolo\u010dnos\u0165 alergol\u00f3gie a klinickej imunol\u00f3gie"},"image":{"@id":"https:\/\/www.ssaki.eu\/#\/schema\/logo\/image\/"},"sameAs":["https:\/\/www.facebook.com\/alergologoviaimunologoviaSK"]}]}},"_links":{"self":[{"href":"https:\/\/www.ssaki.eu\/index.php?rest_route=\/wp\/v2\/pages\/26","targetHints":{"allow":["GET"]}}],"collection":[{"href":"https:\/\/www.ssaki.eu\/index.php?rest_route=\/wp\/v2\/pages"}],"about":[{"href":"https:\/\/www.ssaki.eu\/index.php?rest_route=\/wp\/v2\/types\/page"}],"author":[{"embeddable":true,"href":"https:\/\/www.ssaki.eu\/index.php?rest_route=\/wp\/v2\/users\/1"}],"replies":[{"embeddable":true,"href":"https:\/\/www.ssaki.eu\/index.php?rest_route=%2Fwp%2Fv2%2Fcomments&post=26"}],"version-history":[{"count":6,"href":"https:\/\/www.ssaki.eu\/index.php?rest_route=\/wp\/v2\/pages\/26\/revisions"}],"predecessor-version":[{"id":161,"href":"https:\/\/www.ssaki.eu\/index.php?rest_route=\/wp\/v2\/pages\/26\/revisions\/161"}],"up":[{"embeddable":true,"href":"https:\/\/www.ssaki.eu\/index.php?rest_route=\/wp\/v2\/pages\/19"}],"wp:attachment":[{"href":"https:\/\/www.ssaki.eu\/index.php?rest_route=%2Fwp%2Fv2%2Fmedia&parent=26"}],"curies":[{"name":"wp","href":"https:\/\/api.w.org\/{rel}","templated":true}]}}