{"id":3063412,"date":"2018-12-11T23:44:59","date_gmt":"2018-12-11T21:44:59","guid":{"rendered":"http:\/\/www.ssaki.eu\/?page_id=3063412"},"modified":"2018-12-12T00:18:35","modified_gmt":"2018-12-11T22:18:35","slug":"zo-zapisnice-z-7-12-2018","status":"publish","type":"page","link":"https:\/\/www.ssaki.eu\/?page_id=3063412","title":{"rendered":"Zo z\u00e1pisnice z 7.12.2018"},"content":{"rendered":"<p>Z\u00e1pisnica zo zasadnutia V\u00fdboru SSAKI a Poradn\u00e9ho zboru hlavn\u00e9ho odborn\u00edka MZ SR 7.12.2018 &#8211; Jasensk\u00e1 dolina<\/p>\n<p>Pr\u00edtomn\u00ed:<br \/>\n\u010ci\u017en\u00e1r, Dzurillov\u00e1, Hlinka, Hochmuth, Hrubi\u0161ko, Koss\u00e1rov\u00e1, Ko\u0161turiak, Lap\u0161ansk\u00e1, Mikler, Petriskov\u00e1, Pru\u017einec, Schvalbov\u00e1, Smie\u0161kov\u00e1, hostia:\u00a0Kov\u00e1\u010dov\u00e1, Barlov\u00e1, Dzurila<br \/>\nOspravedlnen\u00ed: Jese\u0148\u00e1k<\/p>\n<p>1. Otvorenie zasadnutia a zhrnutie \u010dinnosti medzi zasadnutiami (Hrubi\u0161ko)<\/p>\n<p>2. Hrubi\u0161ko informoval o \u00faspe\u0161nom jednan\u00ed s exekut\u00edvou EAACI oh\u013eadom mo\u017enosti dvojit\u00e9ho \u010dlenstva pre v\u0161etk\u00fdch \u010dlenov SSAKI, o.z. SLS &#8211; ka\u017ed\u00fd \u010dlen SSAKI m\u00f4\u017ee by\u0165 za zv\u00fdhodnen\u00fdch podmienok aj \u010dlenom EAACI (Eur\u00f3pska akad\u00e9mia alergol\u00f3gie a klinickej imunol\u00f3gie) \u2013 zn\u00ed\u017een\u00e9 \u010dlensk\u00e9 a navy\u0161e \u010dasopisy Allergy a Pediatric allergy and immunology v elektronickej podobe<\/p>\n<p>3. Hrubi\u0161ko informoval v\u00fdbor o Vyhl\u00e1\u0161ke MZ SR o krit\u00e9ri\u00e1ch a sp\u00f4sobe hodnotenia s\u00fastavn\u00e9ho vzdel\u00e1vania zdravotn\u00edckych pracovn\u00edkov, o po\u010dte kreditov za vzdel\u00e1vacie aktivity s\u00fastavn\u00e9ho vzdel\u00e1vania zdravotn\u00edckych pracovn\u00edkov &#8211; <a href=\"http:\/\/www.ssaki.eu\/wp-content\/uploads\/2018\/12\/Priloha_zapisnice.pdf\" target=\"_blank\" rel=\"noopener\">v pr\u00edlohe z\u00e1pisnice<\/a><\/p>\n<p>4. Akredita\u010dn\u00e1 rada Slovenska pre kontinu\u00e1lne medic\u00ednske vzdel\u00e1vanie (ARS CME) sa obr\u00e1tila s prosbou na na\u0161u odborn\u00fa spolo\u010dnos\u0165 o vybratie \u010dlenov, ktor\u00ed by boli primerane kvalifikovan\u00ed a prejavili z\u00e1ujem o vykonanie (honorovanej) funkcie posudzovate\u013ea odbornej \u00farovne jednotliv\u00fdch vzdel\u00e1vac\u00edch aktiv\u00edt CME. Ide o v\u0161etky formy odborn\u00fdch vzdel\u00e1vac\u00edch podujat\u00ed (vr\u00e1tane e-learningov\u00fdch materi\u00e1lov a AD testov), ktor\u00e9 organiz\u00e1tor po\u017eiadal zaradi\u0165 do elektronick\u00e9ho kreditn\u00e9ho syst\u00e9mu SLK &#8211; Kalend\u00e1ra vzdel\u00e1vac\u00edch podujat\u00ed CME, pr\u00edpadne v r\u00e1mci \u00danie eur\u00f3pskych medic\u00ednskych \u0161pecialistov (UEMS). V\u00fdbor SSAKI odpor\u00fa\u010da kolegov \u010ci\u017en\u00e1r a Hrubi\u0161ko, pri\u010dom Hrubi\u0161ko zist\u00ed presnej\u0161ie krit\u00e9ria po\u017eadovanej aktivity.<\/p>\n<p>5. Hrubi\u0161ko informoval oh\u013eadne aktu\u00e1lnej situ\u00e1cie \u0160DTP.<br \/>\n&#8211; Za na\u0161u spolo\u010dnos\u0165 s\u00fa nateraz odovzdan\u00e9 na MZ SR nasledovn\u00e9 \u0160DTP: Alergia na bielkovinu kravsk\u00e9ho mlieka (\u010ci\u017en\u00e1r, Jese\u0148\u00e1k, Koss\u00e1rov\u00e1); Sekund\u00e1rne imunodeficiencie (Schvalbov\u00e1, Hrubi\u0161ko, Pru\u017einec); Asthma bronchiale (v spoluautorstve so z\u00e1stupcami OPS Pneumoftizeol\u00f3gia za OPSKIA Hrubi\u0161ko)<br \/>\n&#8211; Aktu\u00e1lne ministerka zdravotn\u00edctva men\u00ed \u0161tat\u00fat komisie pre schva\u013eovanie \u0160DTP a jedn\u00e1 s pr\u00e1vnikmi o legislat\u00edvnom r\u00e1mci \u0160DTP;<br \/>\n&#8211; V\u00fdbor SSAKI schv\u00e1lil, \u017ee v priebehu 1-2 rokov bud\u00fa \u0160DTP vydan\u00e9 v p\u00edsomnej podobe bu\u010f ako samostatn\u00e1 bro\u017e\u00fara \u0160DTP v odbore KIA, alebo ako suplementum \u010dasopisu Klinick\u00e1 imunol\u00f3gia a alergol\u00f3gia;<br \/>\n&#8211; \u010clenmi odbornej pracovnej skupiny (OPS) pre tvorbu \u0160DTP s\u00fa v\u0161etci \u010dlenovia V\u00fdboru SSAKI<\/p>\n<p>6. Jese\u0148ak a Hrubi\u0161ko sa stali \u010dlenmi redak\u010dnej rady \u010dasopisu Alergie (\u010cR).<\/p>\n<p>7. Pl\u00e1n vzdel\u00e1vac\u00edch akci\u00ed a zasadnut\u00ed v\u00fdboru SSAKI na rok 2019:<br \/>\n25.-26.1. Respirologick\u00e9 dni \u2013 Martin (Novartis, odb. garancia SSAKI + SPFS)<br \/>\n14.-15.2. &#8211; v\u00fdbor SSAKI &#8211; Fuggerov dvor Selce<br \/>\n15.-16.3. &#8211; Burza imunodeficienci\u00ed &#8211; Rajeck\u00e9 Teplice<br \/>\n29.-30.3. &#8211; Ghurove dni &#8211; Tatransk\u00e1 Polianka<br \/>\n10.-12.4. &#8211; Martinsk\u00e9 dni imunol\u00f3gie<br \/>\n24.4. &#8211; Prim\u00e1rne imunodeficiencie &#8211; Bratislava<br \/>\n26.-27.4. &#8211; Alergosummit (Mylan)<br \/>\n2.-4.5. &#8211; Pneumologick\u00fd kongres &#8211; Bardejov<br \/>\n10.-11.5. &#8211; Stretnutie \u010desk\u00fdch a slovensk\u00fdch alergol\u00f3gov &#8211; Litomy\u0161l<br \/>\n16.-18.5. &#8211; v\u00fdbor SSAKI &#8211; Liptovsk\u00fd Hr\u00e1dok<br \/>\n24.-25.5. &#8211; Alergia &#8211; Bratislava<br \/>\n1.-5.6 &#8211; Kongres EAACI Lisabon<br \/>\n8.-10.8. &#8211; Letn\u00e1 \u0161kola imunol\u00f3gie-Malat\u00edny<br \/>\n28.9.-2.10. &#8211; ERS Madrid<br \/>\n2.-5.10. &#8211; kongres SSAKI a \u010cSAKI-Vysok\u00e9 Tatry<br \/>\n8.-9.11. &#8211; Asoci\u00e1cia s\u00fakromn\u00fdch alergol\u00f3gov (ASLSR) &#8211; Martin<br \/>\n29.-30.11. \u2013 Medif\u00f3rum &#8211; Dem\u00e4novsk\u00e1 dolina (O.Z. SAKI a Respiro, odb. garancia SSAKI, SPFS)<br \/>\n5.-7.12. &#8211; v\u00fdbor SSAKI<\/p>\n<p>8.V\u00fdber jubilantov na rok 2019 (Schvalbov\u00e1)<\/p>\n<p>9. Odmeny<br \/>\nV\u00fdbor SSAKI schv\u00e1lil vyplatenie n\u00e1hrad:<br \/>\n&#8211; MUDr. M\u00e1ria Schvalbov\u00e1 za administrat\u00edvnu \u010dinnos\u0165 v r. 2018<br \/>\n&#8211; Firma MEDIMPRO s.r.o. za administr\u00e1ciu webov\u00e9ho serveru a priebe\u017en\u00fa tvorbu, dop\u013a\u0148anie, inov\u00e1ciu webovej str\u00e1nky SSAKI, o.z. SLS<\/p>\n<p>10. R\u00f4zne<br \/>\nSmie\u0161kov\u00e1 informovala oh\u013eadne mo\u017enosti laborat\u00f3rnej diagnostiky Multiplex a v\u00fdbor prejednal ot\u00e1zku nov\u00fdch diagnostick\u00fdch met\u00f3d vy\u0161etrenia \u0161pecifick\u00e9ho IgE, najm\u00e4 panelov obsahuj\u00facich viac ako 20 alerg\u00e9nov (Multiplex, Alex, Isac)<br \/>\n&#8211; hlavn\u00fd odborn\u00edk pre KIA pod\u00e1 inform\u00e1ciu, vysvetlenie a s\u00fa\u010dasne \u017eiados\u0165 na pois\u0165ovne oh\u013eadom hradenia (po\u010det vy\u0161etren\u00ed, frekvencia)<\/p>\n<p>Zap\u00edsala: 7.12.2018 Schvalbov\u00e1<br \/>\nSchv\u00e1lil: 11.12.2018 Hrubi\u0161ko<\/p>\n","protected":false},"excerpt":{"rendered":"<p>Z\u00e1pisnica zo zasadnutia V\u00fdboru SSAKI a Poradn\u00e9ho zboru hlavn\u00e9ho odborn\u00edka MZ SR 7.12.2018 &#8211; Jasensk\u00e1 dolina Pr\u00edtomn\u00ed: \u010ci\u017en\u00e1r, Dzurillov\u00e1, Hlinka, Hochmuth, Hrubi\u0161ko, Koss\u00e1rov\u00e1, Ko\u0161turiak, Lap\u0161ansk\u00e1, Mikler, Petriskov\u00e1, Pru\u017einec, Schvalbov\u00e1, Smie\u0161kov\u00e1, hostia:\u00a0Kov\u00e1\u010dov\u00e1, Barlov\u00e1, Dzurila Ospravedlnen\u00ed:&#46;&#46;&#46;<\/p>\n","protected":false},"author":1,"featured_media":0,"parent":19,"menu_order":0,"comment_status":"closed","ping_status":"closed","template":"","meta":{"footnotes":""},"class_list":["post-3063412","page","type-page","status-publish","hentry"],"yoast_head":"<!-- This site is optimized with the Yoast SEO plugin v27.4 - https:\/\/yoast.com\/product\/yoast-seo-wordpress\/ -->\n<title>Zo z\u00e1pisnice z 7.12.2018 - Slovensk\u00e1 spolo\u010dnos\u0165 alergol\u00f3gie a klinickej imunol\u00f3gie<\/title>\n<meta name=\"description\" content=\"Sme odborn\u00e1 splo\u010dnos\u0165, ktor\u00e1 zdru\u017euje klinick\u00fdch imunol\u00f3gov a alergol\u00f3gov, ako aj in\u00fdch odborn\u00edkov so z\u00e1ujmom o tento odbor. Na\u0161a spolo\u010dnos\u0165 je hlavn\u00fdm organiz\u00e1torom kontunu\u00e1lneho vzdel\u00e1vania v tomto odbore na Slovensku.\" \/>\n<meta name=\"robots\" content=\"index, follow, max-snippet:-1, max-image-preview:large, max-video-preview:-1\" \/>\n<link rel=\"canonical\" href=\"https:\/\/www.ssaki.eu\/?page_id=3063412\" \/>\n<meta property=\"og:locale\" content=\"sk_SK\" \/>\n<meta property=\"og:type\" content=\"article\" \/>\n<meta property=\"og:title\" content=\"Zo z\u00e1pisnice z 7.12.2018 - Slovensk\u00e1 spolo\u010dnos\u0165 alergol\u00f3gie a klinickej imunol\u00f3gie\" \/>\n<meta property=\"og:description\" content=\"Sme odborn\u00e1 splo\u010dnos\u0165, ktor\u00e1 zdru\u017euje klinick\u00fdch imunol\u00f3gov a alergol\u00f3gov, ako aj in\u00fdch odborn\u00edkov so z\u00e1ujmom o tento odbor. Na\u0161a spolo\u010dnos\u0165 je hlavn\u00fdm organiz\u00e1torom kontunu\u00e1lneho vzdel\u00e1vania v tomto odbore na Slovensku.\" \/>\n<meta property=\"og:url\" content=\"https:\/\/www.ssaki.eu\/?page_id=3063412\" \/>\n<meta property=\"og:site_name\" content=\"Slovensk\u00e1 spolo\u010dnos\u0165 alergol\u00f3gie a klinickej imunol\u00f3gie\" \/>\n<meta property=\"article:publisher\" content=\"https:\/\/www.facebook.com\/alergologoviaimunologoviaSK\" \/>\n<meta property=\"article:modified_time\" content=\"2018-12-11T22:18:35+00:00\" \/>\n<meta property=\"og:image\" content=\"https:\/\/www.ssaki.eu\/wp-content\/uploads\/2021\/01\/STOP_COVID_SSAKI-e1609772027682.png\" \/>\n\t<meta property=\"og:image:width\" content=\"640\" \/>\n\t<meta property=\"og:image:height\" content=\"360\" \/>\n\t<meta property=\"og:image:type\" content=\"image\/png\" \/>\n<meta name=\"twitter:card\" content=\"summary_large_image\" \/>\n<meta name=\"twitter:label1\" content=\"Predpokladan\u00fd \u010das \u010d\u00edtania\" \/>\n\t<meta name=\"twitter:data1\" content=\"4 min\u00faty\" \/>\n<script type=\"application\/ld+json\" class=\"yoast-schema-graph\">{\"@context\":\"https:\\\/\\\/schema.org\",\"@graph\":[{\"@type\":[\"WebPage\",\"MedicalWebPage\"],\"@id\":\"https:\\\/\\\/www.ssaki.eu\\\/?page_id=3063412\",\"url\":\"https:\\\/\\\/www.ssaki.eu\\\/?page_id=3063412\",\"name\":\"Zo z\u00e1pisnice z 7.12.2018 - Slovensk\u00e1 spolo\u010dnos\u0165 alergol\u00f3gie a klinickej imunol\u00f3gie\",\"isPartOf\":{\"@id\":\"https:\\\/\\\/www.ssaki.eu\\\/#website\"},\"datePublished\":\"2018-12-11T21:44:59+00:00\",\"dateModified\":\"2018-12-11T22:18:35+00:00\",\"description\":\"Sme odborn\u00e1 splo\u010dnos\u0165, ktor\u00e1 zdru\u017euje klinick\u00fdch imunol\u00f3gov a alergol\u00f3gov, ako aj in\u00fdch odborn\u00edkov so z\u00e1ujmom o tento odbor. Na\u0161a spolo\u010dnos\u0165 je hlavn\u00fdm organiz\u00e1torom kontunu\u00e1lneho vzdel\u00e1vania v tomto odbore na Slovensku.\",\"breadcrumb\":{\"@id\":\"https:\\\/\\\/www.ssaki.eu\\\/?page_id=3063412#breadcrumb\"},\"inLanguage\":\"sk-SK\",\"potentialAction\":[{\"@type\":\"ReadAction\",\"target\":[\"https:\\\/\\\/www.ssaki.eu\\\/?page_id=3063412\"]}]},{\"@type\":\"BreadcrumbList\",\"@id\":\"https:\\\/\\\/www.ssaki.eu\\\/?page_id=3063412#breadcrumb\",\"itemListElement\":[{\"@type\":\"ListItem\",\"position\":1,\"name\":\"Domovsk\u00e1 str\u00e1nka\",\"item\":\"https:\\\/\\\/www.ssaki.eu\\\/\"},{\"@type\":\"ListItem\",\"position\":2,\"name\":\"V\u00fdbor spolo\u010dnosti\",\"item\":\"https:\\\/\\\/www.ssaki.eu\\\/?page_id=11\"},{\"@type\":\"ListItem\",\"position\":3,\"name\":\"Zo z\u00e1pisn\u00edc\",\"item\":\"https:\\\/\\\/www.ssaki.eu\\\/?page_id=19\"},{\"@type\":\"ListItem\",\"position\":4,\"name\":\"Zo z\u00e1pisnice z 7.12.2018\"}]},{\"@type\":\"WebSite\",\"@id\":\"https:\\\/\\\/www.ssaki.eu\\\/#website\",\"url\":\"https:\\\/\\\/www.ssaki.eu\\\/\",\"name\":\"Slovensk\u00e1 spolo\u010dnos\u0165 alergol\u00f3gie a klinickej imunol\u00f3gie\",\"description\":\"\",\"publisher\":{\"@id\":\"https:\\\/\\\/www.ssaki.eu\\\/#organization\"},\"potentialAction\":[{\"@type\":\"SearchAction\",\"target\":{\"@type\":\"EntryPoint\",\"urlTemplate\":\"https:\\\/\\\/www.ssaki.eu\\\/?s={search_term_string}\"},\"query-input\":{\"@type\":\"PropertyValueSpecification\",\"valueRequired\":true,\"valueName\":\"search_term_string\"}}],\"inLanguage\":\"sk-SK\"},{\"@type\":\"Organization\",\"@id\":\"https:\\\/\\\/www.ssaki.eu\\\/#organization\",\"name\":\"Slovensk\u00e1 spolo\u010dnos\u0165 alergol\u00f3gie a klinickej imunol\u00f3gie\",\"url\":\"https:\\\/\\\/www.ssaki.eu\\\/\",\"logo\":{\"@type\":\"ImageObject\",\"inLanguage\":\"sk-SK\",\"@id\":\"https:\\\/\\\/www.ssaki.eu\\\/#\\\/schema\\\/logo\\\/image\\\/\",\"url\":\"https:\\\/\\\/www.ssaki.eu\\\/wp-content\\\/uploads\\\/2021\\\/01\\\/LOGO-1.png\",\"contentUrl\":\"https:\\\/\\\/www.ssaki.eu\\\/wp-content\\\/uploads\\\/2021\\\/01\\\/LOGO-1.png\",\"width\":1280,\"height\":720,\"caption\":\"Slovensk\u00e1 spolo\u010dnos\u0165 alergol\u00f3gie a klinickej imunol\u00f3gie\"},\"image\":{\"@id\":\"https:\\\/\\\/www.ssaki.eu\\\/#\\\/schema\\\/logo\\\/image\\\/\"},\"sameAs\":[\"https:\\\/\\\/www.facebook.com\\\/alergologoviaimunologoviaSK\"]}]}<\/script>\n<!-- \/ Yoast SEO plugin. -->","yoast_head_json":{"title":"Zo z\u00e1pisnice z 7.12.2018 - Slovensk\u00e1 spolo\u010dnos\u0165 alergol\u00f3gie a klinickej imunol\u00f3gie","description":"Sme odborn\u00e1 splo\u010dnos\u0165, ktor\u00e1 zdru\u017euje klinick\u00fdch imunol\u00f3gov a alergol\u00f3gov, ako aj in\u00fdch odborn\u00edkov so z\u00e1ujmom o tento odbor. Na\u0161a spolo\u010dnos\u0165 je hlavn\u00fdm organiz\u00e1torom kontunu\u00e1lneho vzdel\u00e1vania v tomto odbore na Slovensku.","robots":{"index":"index","follow":"follow","max-snippet":"max-snippet:-1","max-image-preview":"max-image-preview:large","max-video-preview":"max-video-preview:-1"},"canonical":"https:\/\/www.ssaki.eu\/?page_id=3063412","og_locale":"sk_SK","og_type":"article","og_title":"Zo z\u00e1pisnice z 7.12.2018 - Slovensk\u00e1 spolo\u010dnos\u0165 alergol\u00f3gie a klinickej imunol\u00f3gie","og_description":"Sme odborn\u00e1 splo\u010dnos\u0165, ktor\u00e1 zdru\u017euje klinick\u00fdch imunol\u00f3gov a alergol\u00f3gov, ako aj in\u00fdch odborn\u00edkov so z\u00e1ujmom o tento odbor. Na\u0161a spolo\u010dnos\u0165 je hlavn\u00fdm organiz\u00e1torom kontunu\u00e1lneho vzdel\u00e1vania v tomto odbore na Slovensku.","og_url":"https:\/\/www.ssaki.eu\/?page_id=3063412","og_site_name":"Slovensk\u00e1 spolo\u010dnos\u0165 alergol\u00f3gie a klinickej imunol\u00f3gie","article_publisher":"https:\/\/www.facebook.com\/alergologoviaimunologoviaSK","article_modified_time":"2018-12-11T22:18:35+00:00","og_image":[{"width":640,"height":360,"url":"https:\/\/www.ssaki.eu\/wp-content\/uploads\/2021\/01\/STOP_COVID_SSAKI-e1609772027682.png","type":"image\/png"}],"twitter_card":"summary_large_image","twitter_misc":{"Predpokladan\u00fd \u010das \u010d\u00edtania":"4 min\u00faty"},"schema":{"@context":"https:\/\/schema.org","@graph":[{"@type":["WebPage","MedicalWebPage"],"@id":"https:\/\/www.ssaki.eu\/?page_id=3063412","url":"https:\/\/www.ssaki.eu\/?page_id=3063412","name":"Zo z\u00e1pisnice z 7.12.2018 - Slovensk\u00e1 spolo\u010dnos\u0165 alergol\u00f3gie a klinickej imunol\u00f3gie","isPartOf":{"@id":"https:\/\/www.ssaki.eu\/#website"},"datePublished":"2018-12-11T21:44:59+00:00","dateModified":"2018-12-11T22:18:35+00:00","description":"Sme odborn\u00e1 splo\u010dnos\u0165, ktor\u00e1 zdru\u017euje klinick\u00fdch imunol\u00f3gov a alergol\u00f3gov, ako aj in\u00fdch odborn\u00edkov so z\u00e1ujmom o tento odbor. Na\u0161a spolo\u010dnos\u0165 je hlavn\u00fdm organiz\u00e1torom kontunu\u00e1lneho vzdel\u00e1vania v tomto odbore na Slovensku.","breadcrumb":{"@id":"https:\/\/www.ssaki.eu\/?page_id=3063412#breadcrumb"},"inLanguage":"sk-SK","potentialAction":[{"@type":"ReadAction","target":["https:\/\/www.ssaki.eu\/?page_id=3063412"]}]},{"@type":"BreadcrumbList","@id":"https:\/\/www.ssaki.eu\/?page_id=3063412#breadcrumb","itemListElement":[{"@type":"ListItem","position":1,"name":"Domovsk\u00e1 str\u00e1nka","item":"https:\/\/www.ssaki.eu\/"},{"@type":"ListItem","position":2,"name":"V\u00fdbor spolo\u010dnosti","item":"https:\/\/www.ssaki.eu\/?page_id=11"},{"@type":"ListItem","position":3,"name":"Zo z\u00e1pisn\u00edc","item":"https:\/\/www.ssaki.eu\/?page_id=19"},{"@type":"ListItem","position":4,"name":"Zo z\u00e1pisnice z 7.12.2018"}]},{"@type":"WebSite","@id":"https:\/\/www.ssaki.eu\/#website","url":"https:\/\/www.ssaki.eu\/","name":"Slovensk\u00e1 spolo\u010dnos\u0165 alergol\u00f3gie a klinickej imunol\u00f3gie","description":"","publisher":{"@id":"https:\/\/www.ssaki.eu\/#organization"},"potentialAction":[{"@type":"SearchAction","target":{"@type":"EntryPoint","urlTemplate":"https:\/\/www.ssaki.eu\/?s={search_term_string}"},"query-input":{"@type":"PropertyValueSpecification","valueRequired":true,"valueName":"search_term_string"}}],"inLanguage":"sk-SK"},{"@type":"Organization","@id":"https:\/\/www.ssaki.eu\/#organization","name":"Slovensk\u00e1 spolo\u010dnos\u0165 alergol\u00f3gie a klinickej imunol\u00f3gie","url":"https:\/\/www.ssaki.eu\/","logo":{"@type":"ImageObject","inLanguage":"sk-SK","@id":"https:\/\/www.ssaki.eu\/#\/schema\/logo\/image\/","url":"https:\/\/www.ssaki.eu\/wp-content\/uploads\/2021\/01\/LOGO-1.png","contentUrl":"https:\/\/www.ssaki.eu\/wp-content\/uploads\/2021\/01\/LOGO-1.png","width":1280,"height":720,"caption":"Slovensk\u00e1 spolo\u010dnos\u0165 alergol\u00f3gie a klinickej imunol\u00f3gie"},"image":{"@id":"https:\/\/www.ssaki.eu\/#\/schema\/logo\/image\/"},"sameAs":["https:\/\/www.facebook.com\/alergologoviaimunologoviaSK"]}]}},"_links":{"self":[{"href":"https:\/\/www.ssaki.eu\/index.php?rest_route=\/wp\/v2\/pages\/3063412","targetHints":{"allow":["GET"]}}],"collection":[{"href":"https:\/\/www.ssaki.eu\/index.php?rest_route=\/wp\/v2\/pages"}],"about":[{"href":"https:\/\/www.ssaki.eu\/index.php?rest_route=\/wp\/v2\/types\/page"}],"author":[{"embeddable":true,"href":"https:\/\/www.ssaki.eu\/index.php?rest_route=\/wp\/v2\/users\/1"}],"replies":[{"embeddable":true,"href":"https:\/\/www.ssaki.eu\/index.php?rest_route=%2Fwp%2Fv2%2Fcomments&post=3063412"}],"version-history":[{"count":3,"href":"https:\/\/www.ssaki.eu\/index.php?rest_route=\/wp\/v2\/pages\/3063412\/revisions"}],"predecessor-version":[{"id":3063417,"href":"https:\/\/www.ssaki.eu\/index.php?rest_route=\/wp\/v2\/pages\/3063412\/revisions\/3063417"}],"up":[{"embeddable":true,"href":"https:\/\/www.ssaki.eu\/index.php?rest_route=\/wp\/v2\/pages\/19"}],"wp:attachment":[{"href":"https:\/\/www.ssaki.eu\/index.php?rest_route=%2Fwp%2Fv2%2Fmedia&parent=3063412"}],"curies":[{"name":"wp","href":"https:\/\/api.w.org\/{rel}","templated":true}]}}