{"id":3135681,"date":"2019-01-27T16:11:18","date_gmt":"2019-01-27T14:11:18","guid":{"rendered":"http:\/\/www.ssaki.eu\/?page_id=3135681"},"modified":"2021-10-11T23:13:43","modified_gmt":"2021-10-11T21:13:43","slug":"xxxvi-zjazd-slovenskych-a-ceskych-alergologov-a-klinickych-imunologov","status":"publish","type":"page","link":"https:\/\/www.ssaki.eu\/?page_id=3135681","title":{"rendered":"<h1 style=\"text-align: center;\"><span style=\"color: #b5425f;\"><strong>XXXVIII. ZJAZD SLOVENSK\u00ddCH A \u010cESK\u00ddCH ALERGOL\u00d3GOV A KLINICK\u00ddCH IMUNOL\u00d3GOV<\/strong><\/h1>"},"content":{"rendered":"\n<p class=\"has-text-align-center has-black-color has-text-color has-medium-font-size\"><strong>20. &#8211; 23. okt\u00f3ber 2021 <\/strong><\/p>\n\n\n\n<p class=\"has-text-align-center\"><strong><span style=\"font-family: 'Helvetica Neue', Helvetica, Arial, 'Nimbus Sans L', sans-serif;\">Miesto konania: GRAND HOTEL BELLEVUE, Horn\u00fd Smokovec, Vysok\u00e9 Tatry, Slovensko<\/span><\/strong><\/p>\n\n\n\n<p class=\"has-text-align-center has-white-color has-text-color has-background has-medium-font-size\" style=\"background-color:#b5425f\"><strong>T\u00e9ma zjazdu: Medzi pand\u00e9miami &#8211; imunita, k\u013e\u00fa\u010d na zvl\u00e1dnutie infekcie<\/strong><\/p>\n\n\n\n<hr class=\"wp-block-separator has-text-color has-background has-medium-gray-background-color has-medium-gray-color is-style-wide\"\/>\n\n\n\n<div class=\"wp-block-buttons is-content-justification-center is-layout-flex wp-block-buttons-is-layout-flex\">\n<div class=\"wp-block-button is-style-outline is-style-outline--1\"><a class=\"wp-block-button__link has-white-color has-text-color has-background\" href=\"https:\/\/www.ssaki.eu\/wp-content\/uploads\/2021\/10\/PROGRAM_2021.pdf\" style=\"border-radius:6px;background-color:#645076\">PROGRAM XXXVIII. Zjazdu<\/a><\/div>\n<\/div>\n\n\n\n<hr class=\"wp-block-separator has-text-color has-background has-medium-gray-background-color has-medium-gray-color is-style-wide\"\/>\n\n\n\n<p class=\"has-text-align-center\">Prihl\u00e1ste sa na zjazd v\u010das a vyu\u017eite z\u013eavy na kongresov\u00fdch poplatkoch. Storn\u00e1 prihl\u00e1\u0161ok na kongres adresujte na mail uveden\u00fd ni\u017e\u0161ie a storn\u00e1 ubytovan\u00ed na adresu agent\u00fary\/firmy, ktor\u00e1 V\u00e1s ubytovala.<\/p>\n\n\n\n<div class=\"wp-block-columns are-vertically-aligned-center is-layout-flex wp-container-core-columns-is-layout-9d6595d7 wp-block-columns-is-layout-flex\">\n<div class=\"wp-block-column is-vertically-aligned-center is-layout-flow wp-block-column-is-layout-flow\" style=\"flex-basis:100%\">\n<div class=\"wp-block-buttons is-content-justification-center is-layout-flex wp-block-buttons-is-layout-flex\">\n<div class=\"wp-block-button is-style-outline is-style-outline--2\"><a class=\"wp-block-button__link has-white-color has-text-color has-background\" href=\"https:\/\/www.ssaki.eu\/?page_id=485\" style=\"border-radius:7px;background-color:#645076\">pas\u00edvna \u00fa\u010das\u0165 do 6.10.2021<\/a><\/div>\n\n\n\n<div class=\"wp-block-button is-style-outline is-style-outline--3\"><a class=\"wp-block-button__link has-white-color has-text-color has-background\" href=\"https:\/\/www.ssaki.eu\/?page_id=493\" style=\"border-radius:7px;background-color:#b5425f\">akt\u00edvna \u00fa\u010das\u0165 do 15.8.2021<\/a><\/div>\n\n\n\n<div class=\"wp-block-button is-style-outline is-style-outline--4\"><a class=\"wp-block-button__link has-background\" href=\"mailto:petrovicova@sls.sk\" style=\"border-radius:7px;background-color:#d6c5e4\">hromadn\u00e9 prihl\u00e1\u0161ky\/storn\u00e1 prihl\u00e1\u0161ok: petrovicova@sls.sk<\/a><\/div>\n<\/div>\n<\/div>\n<\/div>\n\n\n\n<hr class=\"wp-block-separator has-text-color has-background has-medium-gray-background-color has-medium-gray-color is-style-wide\"\/>\n\n\n\n<p class=\"has-text-align-center\">L\u00edstky na kongresov\u00e9 ve\u010dere (streda a piatok) bude mo\u017enos\u0165 zak\u00fapi\u0165 pri registr\u00e1cii (cena 25 Eur).<br> Pri hromadnej objedn\u00e1vke u organiz\u00e1tora (BONUS CCS) na fakt\u00faru<\/p>\n\n\n\n<p>Stravn\u00e9 l\u00edstky na obedy s\u00fa v r\u00e9\u017eii hotelov\u00fdch re\u0161taur\u00e1ci\u00ed &#8211; zak\u00fapenie na recepcii hotela.<\/p>\n\n\n\n<hr class=\"wp-block-separator has-text-color has-background has-medium-gray-background-color has-medium-gray-color is-style-wide\"\/>\n\n\n\n<p class=\"has-text-align-center\">KONGRESOV\u00c9 POPLATKY<\/p>\n\n\n\n<figure class=\"wp-block-table is-style-regular\"><table><tbody><tr><td>\u010dlen SSAKI\/\u010cSAKI  do 20.9.2021<\/td><td>50 EUR<\/td><\/tr><tr><td>\u010dlen SSAKI\/\u010cSAKI  po 20.9.2021<\/td><td>60 EUR<\/td><\/tr><tr><td>\u010dlen SSAKI\/\u010cSAKI  na mieste<\/td><td>70 EUR<\/td><\/tr><tr><td>1. autor prezent\u00e1cie\/posteru<\/td><td>zadarmo<\/td><\/tr><tr><td>sestra a laborant<\/td><td>zadarmo<\/td><\/tr><tr><td>\u0161tudenti<\/td><td>zadarmo<\/td><\/tr><tr><td>ne\u010dlenovia SSAKI\/\u010cSAKI do 20.9.2021<\/td><td>60 EUR<\/td><\/tr><tr><td>ne\u010dlenovia SSAKI\/\u010cSAKI po 20.9.2021<\/td><td>70 EUR<\/td><\/tr><tr><td>ne\u010dlenovia SSAKI\/\u010cSAKI na mieste<\/td><td>80 EUR<\/td><\/tr><tr><td>firemn\u00ed z\u00e1stupcovia nevystavuj\u00facich firiem<\/td><td>100 EUR<\/td><\/tr><\/tbody><\/table><\/figure>\n\n\n\n<hr class=\"wp-block-separator is-style-wide\"\/>\n\n\n\n<p>Bankov\u00e9 spojenie:<\/p>\n\n\n\n<p class=\"has-text-align-center\">Slovensk\u00e1 lek\u00e1rska spolo\u010dnos\u0165, Cukrov\u00e1 3, 813 22 Bratislava<br> V\u00daB Bratislava-mesto, Mlynsk\u00e9 Nivy 1, 829 90 Bratislava 25<br> \u010c\u00edslo \u00fa\u010dtu: 4532012\/0200<br> IBAN: SK36 0200 0000 0000 0453 2012<br> SWIFTCODE: SUBASK BX<br> VS: 211122001<br> Spr\u00e1va pre prij\u00edmate\u013ea: VA\u0160E MENO<\/p>\n\n\n\n<hr class=\"wp-block-separator is-style-wide\"\/>\n\n\n\n<div class=\"wp-block-columns has-2-columns is-layout-flex wp-container-core-columns-is-layout-9d6595d7 wp-block-columns-is-layout-flex\">\n<div class=\"wp-block-column is-layout-flow wp-block-column-is-layout-flow\">\n<p class=\"has-text-align-center\">UBYTOVANIE<\/p>\n\n\n\n<p class=\"has-text-align-center\"><br><strong>Cestovn\u00e1 agent\u00fara CESTA<\/strong><br>Mudro\u0148ova 20<br>036 01 Martin<br>tel: 043\/ 423 82 04<br>mobil: 0915\/ 835 890<br>E-mail:vasacesta@vasacesta.sk <\/p>\n<\/div>\n\n\n\n<div class=\"wp-block-column is-layout-flow wp-block-column-is-layout-flow\">\n<p class=\"has-text-align-center\">VYSTAVOVATELIA<\/p>\n\n\n\n<p class=\"has-text-align-center\"><br><strong>Agent\u00fara Bonus&nbsp;CCS<\/strong><br> tel.:+421 905 658 777<br> E-mail:peterpruzinec1@gmail. com<\/p>\n<\/div>\n<\/div>\n\n\n\n<p><\/p>\n\n\n\n<hr class=\"wp-block-separator is-style-wide\"\/>\n\r\n","protected":false},"excerpt":{"rendered":"<p>20. &#8211; 23. okt\u00f3ber 2021 Miesto konania: GRAND HOTEL BELLEVUE, Horn\u00fd Smokovec, Vysok\u00e9 Tatry, Slovensko T\u00e9ma zjazdu: Medzi pand\u00e9miami &#8211; imunita, k\u013e\u00fa\u010d na zvl\u00e1dnutie infekcie Prihl\u00e1ste sa na zjazd v\u010das a vyu\u017eite z\u013eavy na&#46;&#46;&#46;<\/p>\n","protected":false},"author":1,"featured_media":3916060,"parent":0,"menu_order":0,"comment_status":"closed","ping_status":"closed","template":"","meta":{"footnotes":""},"class_list":["post-3135681","page","type-page","status-publish","has-post-thumbnail","hentry"],"yoast_head":"<!-- This site is optimized with the Yoast SEO plugin v27.5 - https:\/\/yoast.com\/product\/yoast-seo-wordpress\/ -->\n<title>XXXVIII. ZJAZD SLOVENSK\u00ddCH A \u010cESK\u00ddCH ALERGOL\u00d3GOV A KLINICK\u00ddCH IMUNOL\u00d3GOV - Slovensk\u00e1 spolo\u010dnos\u0165 alergol\u00f3gie a klinickej imunol\u00f3gie<\/title>\n<meta name=\"description\" content=\"Sme odborn\u00e1 splo\u010dnos\u0165, ktor\u00e1 zdru\u017euje klinick\u00fdch imunol\u00f3gov a alergol\u00f3gov, ako aj in\u00fdch odborn\u00edkov so z\u00e1ujmom o tento odbor. Na\u0161a spolo\u010dnos\u0165 je hlavn\u00fdm organiz\u00e1torom kontunu\u00e1lneho vzdel\u00e1vania v tomto odbore na Slovensku.\" \/>\n<meta name=\"robots\" content=\"index, follow, max-snippet:-1, max-image-preview:large, max-video-preview:-1\" \/>\n<link rel=\"canonical\" href=\"https:\/\/www.ssaki.eu\/?page_id=3135681\" \/>\n<meta property=\"og:locale\" content=\"sk_SK\" \/>\n<meta property=\"og:type\" content=\"article\" \/>\n<meta property=\"og:title\" content=\"XXXVIII. ZJAZD SLOVENSK\u00ddCH A \u010cESK\u00ddCH ALERGOL\u00d3GOV A KLINICK\u00ddCH IMUNOL\u00d3GOV - Slovensk\u00e1 spolo\u010dnos\u0165 alergol\u00f3gie a klinickej imunol\u00f3gie\" \/>\n<meta property=\"og:description\" content=\"Sme odborn\u00e1 splo\u010dnos\u0165, ktor\u00e1 zdru\u017euje klinick\u00fdch imunol\u00f3gov a alergol\u00f3gov, ako aj in\u00fdch odborn\u00edkov so z\u00e1ujmom o tento odbor. Na\u0161a spolo\u010dnos\u0165 je hlavn\u00fdm organiz\u00e1torom kontunu\u00e1lneho vzdel\u00e1vania v tomto odbore na Slovensku.\" \/>\n<meta property=\"og:url\" content=\"https:\/\/www.ssaki.eu\/?page_id=3135681\" \/>\n<meta property=\"og:site_name\" content=\"Slovensk\u00e1 spolo\u010dnos\u0165 alergol\u00f3gie a klinickej imunol\u00f3gie\" \/>\n<meta property=\"article:publisher\" content=\"https:\/\/www.facebook.com\/alergologoviaimunologoviaSK\" \/>\n<meta property=\"article:modified_time\" content=\"2021-10-11T21:13:43+00:00\" \/>\n<meta property=\"og:image\" content=\"https:\/\/www.ssaki.eu\/wp-content\/uploads\/2021\/04\/KONGES-e1617741832345.png\" \/>\n\t<meta property=\"og:image:width\" content=\"300\" \/>\n\t<meta property=\"og:image:height\" content=\"435\" \/>\n\t<meta property=\"og:image:type\" content=\"image\/png\" \/>\n<meta name=\"twitter:card\" content=\"summary_large_image\" \/>\n<meta name=\"twitter:label1\" content=\"Predpokladan\u00fd \u010das \u010d\u00edtania\" \/>\n\t<meta name=\"twitter:data1\" content=\"1 min\u00fata\" \/>\n<script type=\"application\/ld+json\" class=\"yoast-schema-graph\">{\"@context\":\"https:\\\/\\\/schema.org\",\"@graph\":[{\"@type\":[\"WebPage\",\"MedicalWebPage\"],\"@id\":\"https:\\\/\\\/www.ssaki.eu\\\/?page_id=3135681\",\"url\":\"https:\\\/\\\/www.ssaki.eu\\\/?page_id=3135681\",\"name\":\"XXXVIII. ZJAZD SLOVENSK\u00ddCH A \u010cESK\u00ddCH ALERGOL\u00d3GOV A KLINICK\u00ddCH IMUNOL\u00d3GOV - Slovensk\u00e1 spolo\u010dnos\u0165 alergol\u00f3gie a klinickej imunol\u00f3gie\",\"isPartOf\":{\"@id\":\"https:\\\/\\\/www.ssaki.eu\\\/#website\"},\"primaryImageOfPage\":{\"@id\":\"https:\\\/\\\/www.ssaki.eu\\\/?page_id=3135681#primaryimage\"},\"image\":{\"@id\":\"https:\\\/\\\/www.ssaki.eu\\\/?page_id=3135681#primaryimage\"},\"thumbnailUrl\":\"https:\\\/\\\/www.ssaki.eu\\\/wp-content\\\/uploads\\\/2021\\\/04\\\/KONGES-e1617741832345.png\",\"datePublished\":\"2019-01-27T14:11:18+00:00\",\"dateModified\":\"2021-10-11T21:13:43+00:00\",\"description\":\"Sme odborn\u00e1 splo\u010dnos\u0165, ktor\u00e1 zdru\u017euje klinick\u00fdch imunol\u00f3gov a alergol\u00f3gov, ako aj in\u00fdch odborn\u00edkov so z\u00e1ujmom o tento odbor. Na\u0161a spolo\u010dnos\u0165 je hlavn\u00fdm organiz\u00e1torom kontunu\u00e1lneho vzdel\u00e1vania v tomto odbore na Slovensku.\",\"breadcrumb\":{\"@id\":\"https:\\\/\\\/www.ssaki.eu\\\/?page_id=3135681#breadcrumb\"},\"inLanguage\":\"sk-SK\",\"potentialAction\":[{\"@type\":\"ReadAction\",\"target\":[\"https:\\\/\\\/www.ssaki.eu\\\/?page_id=3135681\"]}]},{\"@type\":\"ImageObject\",\"inLanguage\":\"sk-SK\",\"@id\":\"https:\\\/\\\/www.ssaki.eu\\\/?page_id=3135681#primaryimage\",\"url\":\"https:\\\/\\\/www.ssaki.eu\\\/wp-content\\\/uploads\\\/2021\\\/04\\\/KONGES-e1617741832345.png\",\"contentUrl\":\"https:\\\/\\\/www.ssaki.eu\\\/wp-content\\\/uploads\\\/2021\\\/04\\\/KONGES-e1617741832345.png\",\"width\":300,\"height\":435},{\"@type\":\"BreadcrumbList\",\"@id\":\"https:\\\/\\\/www.ssaki.eu\\\/?page_id=3135681#breadcrumb\",\"itemListElement\":[{\"@type\":\"ListItem\",\"position\":1,\"name\":\"Domovsk\u00e1 str\u00e1nka\",\"item\":\"https:\\\/\\\/www.ssaki.eu\\\/\"},{\"@type\":\"ListItem\",\"position\":2,\"name\":\"XXXVIII. ZJAZD SLOVENSK\u00ddCH A \u010cESK\u00ddCH ALERGOL\u00d3GOV A KLINICK\u00ddCH IMUNOL\u00d3GOV\"}]},{\"@type\":\"WebSite\",\"@id\":\"https:\\\/\\\/www.ssaki.eu\\\/#website\",\"url\":\"https:\\\/\\\/www.ssaki.eu\\\/\",\"name\":\"Slovensk\u00e1 spolo\u010dnos\u0165 alergol\u00f3gie a klinickej imunol\u00f3gie\",\"description\":\"\",\"publisher\":{\"@id\":\"https:\\\/\\\/www.ssaki.eu\\\/#organization\"},\"potentialAction\":[{\"@type\":\"SearchAction\",\"target\":{\"@type\":\"EntryPoint\",\"urlTemplate\":\"https:\\\/\\\/www.ssaki.eu\\\/?s={search_term_string}\"},\"query-input\":{\"@type\":\"PropertyValueSpecification\",\"valueRequired\":true,\"valueName\":\"search_term_string\"}}],\"inLanguage\":\"sk-SK\"},{\"@type\":\"Organization\",\"@id\":\"https:\\\/\\\/www.ssaki.eu\\\/#organization\",\"name\":\"Slovensk\u00e1 spolo\u010dnos\u0165 alergol\u00f3gie a klinickej imunol\u00f3gie\",\"url\":\"https:\\\/\\\/www.ssaki.eu\\\/\",\"logo\":{\"@type\":\"ImageObject\",\"inLanguage\":\"sk-SK\",\"@id\":\"https:\\\/\\\/www.ssaki.eu\\\/#\\\/schema\\\/logo\\\/image\\\/\",\"url\":\"https:\\\/\\\/www.ssaki.eu\\\/wp-content\\\/uploads\\\/2021\\\/01\\\/LOGO-1.png\",\"contentUrl\":\"https:\\\/\\\/www.ssaki.eu\\\/wp-content\\\/uploads\\\/2021\\\/01\\\/LOGO-1.png\",\"width\":1280,\"height\":720,\"caption\":\"Slovensk\u00e1 spolo\u010dnos\u0165 alergol\u00f3gie a klinickej imunol\u00f3gie\"},\"image\":{\"@id\":\"https:\\\/\\\/www.ssaki.eu\\\/#\\\/schema\\\/logo\\\/image\\\/\"},\"sameAs\":[\"https:\\\/\\\/www.facebook.com\\\/alergologoviaimunologoviaSK\"]}]}<\/script>\n<!-- \/ Yoast SEO plugin. -->","yoast_head_json":{"title":"XXXVIII. ZJAZD SLOVENSK\u00ddCH A \u010cESK\u00ddCH ALERGOL\u00d3GOV A KLINICK\u00ddCH IMUNOL\u00d3GOV - Slovensk\u00e1 spolo\u010dnos\u0165 alergol\u00f3gie a klinickej imunol\u00f3gie","description":"Sme odborn\u00e1 splo\u010dnos\u0165, ktor\u00e1 zdru\u017euje klinick\u00fdch imunol\u00f3gov a alergol\u00f3gov, ako aj in\u00fdch odborn\u00edkov so z\u00e1ujmom o tento odbor. Na\u0161a spolo\u010dnos\u0165 je hlavn\u00fdm organiz\u00e1torom kontunu\u00e1lneho vzdel\u00e1vania v tomto odbore na Slovensku.","robots":{"index":"index","follow":"follow","max-snippet":"max-snippet:-1","max-image-preview":"max-image-preview:large","max-video-preview":"max-video-preview:-1"},"canonical":"https:\/\/www.ssaki.eu\/?page_id=3135681","og_locale":"sk_SK","og_type":"article","og_title":"XXXVIII. ZJAZD SLOVENSK\u00ddCH A \u010cESK\u00ddCH ALERGOL\u00d3GOV A KLINICK\u00ddCH IMUNOL\u00d3GOV - Slovensk\u00e1 spolo\u010dnos\u0165 alergol\u00f3gie a klinickej imunol\u00f3gie","og_description":"Sme odborn\u00e1 splo\u010dnos\u0165, ktor\u00e1 zdru\u017euje klinick\u00fdch imunol\u00f3gov a alergol\u00f3gov, ako aj in\u00fdch odborn\u00edkov so z\u00e1ujmom o tento odbor. Na\u0161a spolo\u010dnos\u0165 je hlavn\u00fdm organiz\u00e1torom kontunu\u00e1lneho vzdel\u00e1vania v tomto odbore na Slovensku.","og_url":"https:\/\/www.ssaki.eu\/?page_id=3135681","og_site_name":"Slovensk\u00e1 spolo\u010dnos\u0165 alergol\u00f3gie a klinickej imunol\u00f3gie","article_publisher":"https:\/\/www.facebook.com\/alergologoviaimunologoviaSK","article_modified_time":"2021-10-11T21:13:43+00:00","og_image":[{"width":300,"height":435,"url":"https:\/\/www.ssaki.eu\/wp-content\/uploads\/2021\/04\/KONGES-e1617741832345.png","type":"image\/png"}],"twitter_card":"summary_large_image","twitter_misc":{"Predpokladan\u00fd \u010das \u010d\u00edtania":"1 min\u00fata"},"schema":{"@context":"https:\/\/schema.org","@graph":[{"@type":["WebPage","MedicalWebPage"],"@id":"https:\/\/www.ssaki.eu\/?page_id=3135681","url":"https:\/\/www.ssaki.eu\/?page_id=3135681","name":"XXXVIII. ZJAZD SLOVENSK\u00ddCH A \u010cESK\u00ddCH ALERGOL\u00d3GOV A KLINICK\u00ddCH IMUNOL\u00d3GOV - Slovensk\u00e1 spolo\u010dnos\u0165 alergol\u00f3gie a klinickej imunol\u00f3gie","isPartOf":{"@id":"https:\/\/www.ssaki.eu\/#website"},"primaryImageOfPage":{"@id":"https:\/\/www.ssaki.eu\/?page_id=3135681#primaryimage"},"image":{"@id":"https:\/\/www.ssaki.eu\/?page_id=3135681#primaryimage"},"thumbnailUrl":"https:\/\/www.ssaki.eu\/wp-content\/uploads\/2021\/04\/KONGES-e1617741832345.png","datePublished":"2019-01-27T14:11:18+00:00","dateModified":"2021-10-11T21:13:43+00:00","description":"Sme odborn\u00e1 splo\u010dnos\u0165, ktor\u00e1 zdru\u017euje klinick\u00fdch imunol\u00f3gov a alergol\u00f3gov, ako aj in\u00fdch odborn\u00edkov so z\u00e1ujmom o tento odbor. Na\u0161a spolo\u010dnos\u0165 je hlavn\u00fdm organiz\u00e1torom kontunu\u00e1lneho vzdel\u00e1vania v tomto odbore na Slovensku.","breadcrumb":{"@id":"https:\/\/www.ssaki.eu\/?page_id=3135681#breadcrumb"},"inLanguage":"sk-SK","potentialAction":[{"@type":"ReadAction","target":["https:\/\/www.ssaki.eu\/?page_id=3135681"]}]},{"@type":"ImageObject","inLanguage":"sk-SK","@id":"https:\/\/www.ssaki.eu\/?page_id=3135681#primaryimage","url":"https:\/\/www.ssaki.eu\/wp-content\/uploads\/2021\/04\/KONGES-e1617741832345.png","contentUrl":"https:\/\/www.ssaki.eu\/wp-content\/uploads\/2021\/04\/KONGES-e1617741832345.png","width":300,"height":435},{"@type":"BreadcrumbList","@id":"https:\/\/www.ssaki.eu\/?page_id=3135681#breadcrumb","itemListElement":[{"@type":"ListItem","position":1,"name":"Domovsk\u00e1 str\u00e1nka","item":"https:\/\/www.ssaki.eu\/"},{"@type":"ListItem","position":2,"name":"XXXVIII. ZJAZD SLOVENSK\u00ddCH A \u010cESK\u00ddCH ALERGOL\u00d3GOV A KLINICK\u00ddCH IMUNOL\u00d3GOV"}]},{"@type":"WebSite","@id":"https:\/\/www.ssaki.eu\/#website","url":"https:\/\/www.ssaki.eu\/","name":"Slovensk\u00e1 spolo\u010dnos\u0165 alergol\u00f3gie a klinickej imunol\u00f3gie","description":"","publisher":{"@id":"https:\/\/www.ssaki.eu\/#organization"},"potentialAction":[{"@type":"SearchAction","target":{"@type":"EntryPoint","urlTemplate":"https:\/\/www.ssaki.eu\/?s={search_term_string}"},"query-input":{"@type":"PropertyValueSpecification","valueRequired":true,"valueName":"search_term_string"}}],"inLanguage":"sk-SK"},{"@type":"Organization","@id":"https:\/\/www.ssaki.eu\/#organization","name":"Slovensk\u00e1 spolo\u010dnos\u0165 alergol\u00f3gie a klinickej imunol\u00f3gie","url":"https:\/\/www.ssaki.eu\/","logo":{"@type":"ImageObject","inLanguage":"sk-SK","@id":"https:\/\/www.ssaki.eu\/#\/schema\/logo\/image\/","url":"https:\/\/www.ssaki.eu\/wp-content\/uploads\/2021\/01\/LOGO-1.png","contentUrl":"https:\/\/www.ssaki.eu\/wp-content\/uploads\/2021\/01\/LOGO-1.png","width":1280,"height":720,"caption":"Slovensk\u00e1 spolo\u010dnos\u0165 alergol\u00f3gie a klinickej imunol\u00f3gie"},"image":{"@id":"https:\/\/www.ssaki.eu\/#\/schema\/logo\/image\/"},"sameAs":["https:\/\/www.facebook.com\/alergologoviaimunologoviaSK"]}]}},"_links":{"self":[{"href":"https:\/\/www.ssaki.eu\/index.php?rest_route=\/wp\/v2\/pages\/3135681","targetHints":{"allow":["GET"]}}],"collection":[{"href":"https:\/\/www.ssaki.eu\/index.php?rest_route=\/wp\/v2\/pages"}],"about":[{"href":"https:\/\/www.ssaki.eu\/index.php?rest_route=\/wp\/v2\/types\/page"}],"author":[{"embeddable":true,"href":"https:\/\/www.ssaki.eu\/index.php?rest_route=\/wp\/v2\/users\/1"}],"replies":[{"embeddable":true,"href":"https:\/\/www.ssaki.eu\/index.php?rest_route=%2Fwp%2Fv2%2Fcomments&post=3135681"}],"version-history":[{"count":67,"href":"https:\/\/www.ssaki.eu\/index.php?rest_route=\/wp\/v2\/pages\/3135681\/revisions"}],"predecessor-version":[{"id":3916239,"href":"https:\/\/www.ssaki.eu\/index.php?rest_route=\/wp\/v2\/pages\/3135681\/revisions\/3916239"}],"wp:featuredmedia":[{"embeddable":true,"href":"https:\/\/www.ssaki.eu\/index.php?rest_route=\/wp\/v2\/media\/3916060"}],"wp:attachment":[{"href":"https:\/\/www.ssaki.eu\/index.php?rest_route=%2Fwp%2Fv2%2Fmedia&parent=3135681"}],"curies":[{"name":"wp","href":"https:\/\/api.w.org\/{rel}","templated":true}]}}