{"id":3170647,"date":"2019-02-26T21:14:09","date_gmt":"2019-02-26T19:14:09","guid":{"rendered":"http:\/\/www.ssaki.eu\/?page_id=3170647"},"modified":"2019-02-26T21:22:20","modified_gmt":"2019-02-26T19:22:20","slug":"zo-zapisnice-z-15-2-2019","status":"publish","type":"page","link":"https:\/\/www.ssaki.eu\/?page_id=3170647","title":{"rendered":"Zo z\u00e1pisnice z 15.2.2019"},"content":{"rendered":"\n<h2 class=\"wp-block-heading\">Z\u00e1pisnica zo zasadnutia V\u00fdboru  SSAKI a Poradn\u00e9ho zboru hlavn\u00e9ho odborn\u00edka MZ SR 15.2.2019-Bansk\u00e1 Bystrica-Selce<\/h2>\n\n\n\n<p>Pr\u00edtomn\u00ed: \u010ci\u017en\u00e1r, Dzurillov\u00e1, Hlinka, Hochmuth, Hrubi\u0161ko, Jese\u0148\u00e1k, Ko\u0161turiak, Lap\u0161ansk\u00e1, Mikler, Petriskov\u00e1, Pru\u017einec, Schvalbov\u00e1, Smie\u0161kov\u00e1<br>\nOspravedlnen\u00ed: Koss\u00e1rov\u00e1,<\/p>\n\n\n\n<p>I. Otvorenie zasadnutia a zhrnutie \u010dinnosti medzi zasadnutiami (Hrubi\u0161ko). <\/p>\n\n\n\n<ol class=\"wp-block-list\"><li>Hrubi\u0161ko informuje o procese tvorby zoznamu zdravotn\u00fdch v\u00fdkonov (ZZV MZSR), po\u010fakoval E. Dzurillovej za jej pr\u00e1cu na zozname za odbor KIA a po\u017eiadal ju o pribl\u00ed\u017eenie aktu\u00e1lneho stavu. Dzurillov\u00e1 podrobne skontrolovala ZZV a  informovala o v\u00fdkonoch, ktor\u00e9 m\u00f4\u017eeme vykon\u00e1va\u0165 v na\u0161om odbore. V\u00fdbor schv\u00e1lil zoznam v\u00fdkonov a navrhuje doplni\u0165 ZZV o v\u00fdkon o\u010dkovanie v \u0161peci\u00e1lnych situ\u00e1ci\u00e1ch (Jese\u0148\u00e1k).<\/li><li>V\u00fdbor zaujal zamietav\u00e9 stanovisko k n\u00e1vrhu vydavate\u013estva Raabe oh\u013eadom particip\u00e1cie na vydan\u00ed publik\u00e1cie pre v\u0161eobecn\u00fdch lek\u00e1rov.<\/li><li>Povolenie na pou\u017e\u00edvanie neregistrovan\u00e9ho lieku: Hrubi\u0161ko informoval o stanovisk\u00e1ch jednotliv\u00fdch pois\u0165ovn\u00ed k povoleniu na pou\u017e\u00edvanie neregistrovan\u00e9ho lieku Pollinex-R-k\u00f3d CV0104 s doplatkom 71 EUR.<br> a.    V\u0161eobecn\u00e1 zdravotn\u00e1 pois\u0165ov\u0148a a Pois\u0165ov\u0148a Union udelila pre rok 2019 tzv. hromadn\u00fa v\u00fdnimku &#8211; liek teda mo\u017eno v indikovan\u00fdch pr\u00edpravkoch predp\u00edsa\u0165 na lek\u00e1rsky predpis.<br> b.    D\u00f4vera zdravotn\u00e1 pois\u0165ov\u0148a zamietla schv\u00e1lenie skupinovej v\u00fdnimky, musia sa p\u00edsa\u0165 individu\u00e1lne \u017eiadosti, pois\u0165ov\u0148a preferuje pod\u00e1vanie elektronick\u00fdch \u017eiadost\u00ed, pri ktor\u00fdch garantuje vybavenie do 5 pracovn\u00fdch dn\u00ed, v pr\u00edpade p\u00edsomn\u00e9ho podania je lehota 30 dn\u00ed.<br> c.    Doplatok pre poistencov V\u0160ZP a D\u00f4vera je cca 74 Eur, pre poistencov Union-u cca 50 Eur.<\/li><li>Hrubi\u0161ko informuje o schv\u00e1len\u00ed mimoriadneho dovozu prepar\u00e1tu  Ragwitek  (sublingu\u00e1lna tebleta s obsahom extraktu z pe\u013eu ambr\u00f3zie) na sez\u00f3nu 2019 s doplatkom cca 50 EUR na jednomesa\u010dn\u00e9 balenie.<\/li><li>Petriskov\u00e1 a Hrubi\u0161ko informuj\u00fa o konan\u00ed semin\u00e1rov  o alergii na jed blanokr\u00eddleho hmyzu  spojen\u00e9 s kurzami prvej pomoci (so zameran\u00edm na anafylaxiu) v n\u00e1vrhom nasledovn\u00fdch term\u00ednov: 17.4.Bratislava; 24.4.Nitra; 14.5.Bansk\u00e1 Bystrica;15.5 \u017dilina; 22.5 Pre\u0161ov; 29.5.Ko\u0161ice.<\/li><li>Pri pr\u00edle\u017eitosti 50 v\u00fdro\u010dia zalo\u017eenia Slovenskej lek\u00e1rskej spolo\u010dnosti bude vydan\u00e1 publik\u00e1cia, prezidenti jednotliv\u00fdch o.z. SLS boli vyzvan\u00ed vypracova\u0165 podklady t\u00fdkaj\u00face sa hist\u00f3rie jednotliv\u00fdch odborn\u00fdch spolo\u010dnost\u00ed. V\u00fdbor schv\u00e1lil particip\u00e1ciu na jej tvorbe &#8211; Hrubi\u0161ko v spolupr\u00e1ci s Michali\u010dkovou a Koss\u00e1rovou pripravili predbe\u017en\u00e9 podklady, ktor\u00e9 v\u0161ak treba doplni\u0165, spresni\u0165 &#8211; vyzvan\u00ed v\u0161etci \u010dlenovia v\u00fdboru (kontaktova\u0165 by bolo vhodn\u00e9 Dr. Z. Star\u0161iu, Dr. S. Timov\u00fa, Dr. M. Gumana\u2026).<\/li><li>Odborn\u00e1 spolo\u010dnos\u0165 zaujala  negat\u00edvne stanovisko oh\u013eadom nomin\u00e1cie svojho \u010dlena do v\u00fdberu z\u00e1stupcov SLS vo ve\u013ekej kategoriza\u010dnej komisii MZ SR.<\/li><li>V\u00fdbor zaujal odmietav\u00e9 stanovisko k odk\u00fapeniu monotematick\u00e9ho \u010d\u00edsla \u010dasopisu Vnit\u0159n\u00ed l\u00e9ka\u0159stv\u00ed  na t\u00e9mu Klinick\u00e1 imunol\u00f3gia a alergol\u00f3gia, navrhne vydavate\u013eovi distrib\u00faciu tohto \u010d\u00edsla \u010dasopisu venovan\u00e9ho klinickej imunol\u00f3gie na XXXVI. zjazde SSAKI \/ \u010cSAKI na jese\u0148 vo Vysok\u00fdch Tatr\u00e1ch na jeho n\u00e1klady.<\/li><li>Hrubi\u0161ko informoval o situ\u00e1cii v \u0160tandardn\u00fdch diagnostick\u00fdch a terapeutick\u00fdch  postupov (\u0160DTP), s\u00fa schv\u00e1len\u00e9 a podp\u00edsan\u00e9 ministerkou z oblasti o\u0161etrovate\u013estva, z klinickej medic\u00edny nateraz iba obmedzen\u00fd po\u010det, \u0160DTP z n\u00e1\u0161ho odboru boli vr\u00e1ten\u00e9 na dopracovanie.<\/li><li>V\u00fdbor sa venoval rie\u0161eniu  situ\u00e1cie s nedostatkom alergol\u00f3gov a klinick\u00fdch imunol\u00f3gov  v jednotliv\u00fdch regi\u00f3noch Slovenska, je to celospolo\u010densk\u00fd probl\u00e9m.<\/li><li>V\u00fdbor schv\u00e1lil finan\u010dn\u00fd pr\u00edspevok na knihu O\u010dkovanie v \u0161peci\u00e1lnych situ\u00e1ci\u00e1ch autorov Jese\u0148\u00e1k a kol., ktor\u00e1 by sa mala krsti\u0165 na jesennom kongrese vo V. Tatr\u00e1ch, a to vo v\u00fd\u0161ke 3000 Eur.<\/li><li><\/li><\/ol>\n\n\n\n<p>II. XXXVI. zjazd SSAKI a \u010cSAKI 2.-5.10.2019 &#8211; Vysok\u00e9 Tatry (hotel Bellevue, Horn\u00fd Smokovec)<br> V\u00fdbor kreoval nosn\u00fa t\u00e9mu a n\u00e1zvy &#8211; t\u00e9my jednotliv\u00fdch sekci\u00ed, ur\u010dil ich predsedov (za \u010desk\u00fa stranu sa priebe\u017ene po konzult\u00e1cii s predstavite\u013emi CSAKI e\u0161te doplnia)<br> T\u00e9ma: Kde s\u00fa hranice klinickej imunol\u00f3gie \u2013 alergol\u00f3gie?<\/p>\n\n\n\n<ol class=\"wp-block-list\"><li>Alergol\u00f3gia v postfaktickej dobe: Hochmuth, Ko\u0161turiak<\/li><li>Asthma bronchiale: Hrubi\u0161ko, Schvalbov\u00e1, Pohunek<\/li><li>Imunol\u00f3gia v neurol\u00f3gii: Smie\u0161kov\u00e1<\/li><li>Imunol\u00f3gia v gastroenterol\u00f3gii: Koss\u00e1rov\u00e1<\/li><li>Alergia na jed blanokr\u00eddleho hmyzu: Hlinka, Hrubi\u0161ko<\/li><li>Imunol\u00f3gia infek\u010dn\u00fdch ochoren\u00ed: Jese\u0148\u00e1k, Ostr\u00f3<\/li><li>Imunodeficiencie: \u010ci\u017en\u00e1r, Jese\u0148\u00e1k<\/li><li>Ak\u00fatne stavy: Mikler, Petru, Ku\u010dera<\/li><li>Imunol\u00f3gia v dermatol\u00f3gii: Pru\u017einec<\/li><li>Angioed\u00e9m: Jese\u0148\u00e1k<\/li><li>Potravinov\u00e1 alergia v pediatrii: \u010ci\u017en\u00e1r<\/li><li>Sekcia sestier a laborantov: Lap\u0161ansk\u00e1 <\/li><li>Liekov\u00e1 alergia: Smie\u0161kov\u00e1, Hlinka<\/li><li>Reproduk\u010dn\u00e1 imunol\u00f3gia: Dzurillov\u00e1<\/li><li>Postgradu\u00e1l: O\u010dkovanie<br> <\/li><li>Sympozi\u00e1lne predn\u00e1\u0161ky 2.10.2019: Martin Smie\u0161ko (Basel), za SSAKI Hrubi\u0161ko, Pru\u017einec, <br> za \u010cSAKI kolegov oslov\u00edme &#8211; n\u00e1vrh Panzner, St\u0159\u00ed\u017e &#8211; oslov\u00ed Hrubi\u0161ko;<br> Pru\u017einec d\u00e1 vytla\u010di\u0165 2200 kusov prv\u00fdch inform\u00e1ci\u00ed;<br> Prihlasovanie na kongres je mo\u017en\u00e9 iba elektronicky;<br> kone\u010dn\u00fd term\u00edn  na akt\u00edvnu \u00fa\u010das\u0165 30.6.2019;<br> Poplatky :<br> do 31.8.2019:                  50 EUR<br> do 30.9 .2019:                 60 EUR<br> na mieste a ne\u010dlenovia:  70Eur<br> sestry a laboranti:           20EUR<br> \u0161tudenti zdarma; vy\u017eiadan\u00e9 predn\u00e1\u0161ky bez poplatku<\/li><\/ol>\n\n\n\n<p> III. R\u00f4zne<br> Hrubi\u0161ko informoval o medzin\u00e1rodnom kongrese MESIA (4. ro\u010dn\u00edk kongresu stredoeur\u00f3pskych imunologick\u00fdch a alergologick\u00fdch spolo\u010dnost\u00ed), ktor\u00fd organizuje Slovensk\u00e1 imunologick\u00e1 spolo\u010dnos\u0165 (SIMS). Kongres sa bude kona\u0165 v d\u0148och 28.-30. 11. 2019. Hrubi\u0161ko je v organiza\u010dnom v\u00fdbore, m\u00e1 akt\u00edvnu \u00fa\u010das\u0165. Predbe\u017en\u00e9 inform\u00e1cie s\u00fa k dispoz\u00edcii na str\u00e1nke.<\/p>\n\n\n\n<p>zap\u00edsala Schvalbov\u00e1<br>\nskontroloval a schv\u00e1lil Hrubi\u0161ko<\/p>\n\r\n","protected":false},"excerpt":{"rendered":"<p>Z\u00e1pisnica zo zasadnutia V\u00fdboru SSAKI a Poradn\u00e9ho zboru hlavn\u00e9ho odborn\u00edka MZ SR 15.2.2019-Bansk\u00e1 Bystrica-Selce Pr\u00edtomn\u00ed: \u010ci\u017en\u00e1r, Dzurillov\u00e1, Hlinka, Hochmuth, Hrubi\u0161ko, Jese\u0148\u00e1k, Ko\u0161turiak, Lap\u0161ansk\u00e1, Mikler, Petriskov\u00e1, Pru\u017einec, Schvalbov\u00e1, Smie\u0161kov\u00e1 Ospravedlnen\u00ed: Koss\u00e1rov\u00e1, I. Otvorenie zasadnutia a&#46;&#46;&#46;<\/p>\n","protected":false},"author":1,"featured_media":0,"parent":0,"menu_order":0,"comment_status":"closed","ping_status":"closed","template":"","meta":{"footnotes":""},"class_list":["post-3170647","page","type-page","status-publish","hentry"],"yoast_head":"<!-- This site is optimized with the Yoast SEO plugin v27.3 - https:\/\/yoast.com\/product\/yoast-seo-wordpress\/ -->\n<title>Zo z\u00e1pisnice z 15.2.2019 - Slovensk\u00e1 spolo\u010dnos\u0165 alergol\u00f3gie a klinickej imunol\u00f3gie<\/title>\n<meta name=\"description\" content=\"Sme odborn\u00e1 splo\u010dnos\u0165, ktor\u00e1 zdru\u017euje klinick\u00fdch imunol\u00f3gov a alergol\u00f3gov, ako aj in\u00fdch odborn\u00edkov so z\u00e1ujmom o tento odbor. Na\u0161a spolo\u010dnos\u0165 je hlavn\u00fdm organiz\u00e1torom kontunu\u00e1lneho vzdel\u00e1vania v tomto odbore na Slovensku.\" \/>\n<meta name=\"robots\" content=\"index, follow, max-snippet:-1, max-image-preview:large, max-video-preview:-1\" \/>\n<link rel=\"canonical\" href=\"https:\/\/www.ssaki.eu\/?page_id=3170647\" \/>\n<meta property=\"og:locale\" content=\"sk_SK\" \/>\n<meta property=\"og:type\" content=\"article\" \/>\n<meta property=\"og:title\" content=\"Zo z\u00e1pisnice z 15.2.2019 - Slovensk\u00e1 spolo\u010dnos\u0165 alergol\u00f3gie a klinickej imunol\u00f3gie\" \/>\n<meta property=\"og:description\" content=\"Sme odborn\u00e1 splo\u010dnos\u0165, ktor\u00e1 zdru\u017euje klinick\u00fdch imunol\u00f3gov a alergol\u00f3gov, ako aj in\u00fdch odborn\u00edkov so z\u00e1ujmom o tento odbor. Na\u0161a spolo\u010dnos\u0165 je hlavn\u00fdm organiz\u00e1torom kontunu\u00e1lneho vzdel\u00e1vania v tomto odbore na Slovensku.\" \/>\n<meta property=\"og:url\" content=\"https:\/\/www.ssaki.eu\/?page_id=3170647\" \/>\n<meta property=\"og:site_name\" content=\"Slovensk\u00e1 spolo\u010dnos\u0165 alergol\u00f3gie a klinickej imunol\u00f3gie\" \/>\n<meta property=\"article:publisher\" content=\"https:\/\/www.facebook.com\/alergologoviaimunologoviaSK\" \/>\n<meta property=\"article:modified_time\" content=\"2019-02-26T19:22:20+00:00\" \/>\n<meta property=\"og:image\" content=\"https:\/\/www.ssaki.eu\/wp-content\/uploads\/2021\/01\/STOP_COVID_SSAKI-e1609772027682.png\" \/>\n\t<meta property=\"og:image:width\" content=\"640\" \/>\n\t<meta property=\"og:image:height\" content=\"360\" \/>\n\t<meta property=\"og:image:type\" content=\"image\/png\" \/>\n<meta name=\"twitter:card\" content=\"summary_large_image\" \/>\n<meta name=\"twitter:label1\" content=\"Predpokladan\u00fd \u010das \u010d\u00edtania\" \/>\n\t<meta name=\"twitter:data1\" content=\"5 min\u00fat\" \/>\n<script type=\"application\/ld+json\" class=\"yoast-schema-graph\">{\"@context\":\"https:\\\/\\\/schema.org\",\"@graph\":[{\"@type\":[\"WebPage\",\"MedicalWebPage\"],\"@id\":\"https:\\\/\\\/www.ssaki.eu\\\/?page_id=3170647\",\"url\":\"https:\\\/\\\/www.ssaki.eu\\\/?page_id=3170647\",\"name\":\"Zo z\u00e1pisnice z 15.2.2019 - Slovensk\u00e1 spolo\u010dnos\u0165 alergol\u00f3gie a klinickej imunol\u00f3gie\",\"isPartOf\":{\"@id\":\"https:\\\/\\\/www.ssaki.eu\\\/#website\"},\"datePublished\":\"2019-02-26T19:14:09+00:00\",\"dateModified\":\"2019-02-26T19:22:20+00:00\",\"description\":\"Sme odborn\u00e1 splo\u010dnos\u0165, ktor\u00e1 zdru\u017euje klinick\u00fdch imunol\u00f3gov a alergol\u00f3gov, ako aj in\u00fdch odborn\u00edkov so z\u00e1ujmom o tento odbor. Na\u0161a spolo\u010dnos\u0165 je hlavn\u00fdm organiz\u00e1torom kontunu\u00e1lneho vzdel\u00e1vania v tomto odbore na Slovensku.\",\"breadcrumb\":{\"@id\":\"https:\\\/\\\/www.ssaki.eu\\\/?page_id=3170647#breadcrumb\"},\"inLanguage\":\"sk-SK\",\"potentialAction\":[{\"@type\":\"ReadAction\",\"target\":[\"https:\\\/\\\/www.ssaki.eu\\\/?page_id=3170647\"]}]},{\"@type\":\"BreadcrumbList\",\"@id\":\"https:\\\/\\\/www.ssaki.eu\\\/?page_id=3170647#breadcrumb\",\"itemListElement\":[{\"@type\":\"ListItem\",\"position\":1,\"name\":\"Domovsk\u00e1 str\u00e1nka\",\"item\":\"https:\\\/\\\/www.ssaki.eu\\\/\"},{\"@type\":\"ListItem\",\"position\":2,\"name\":\"Zo z\u00e1pisnice z 15.2.2019\"}]},{\"@type\":\"WebSite\",\"@id\":\"https:\\\/\\\/www.ssaki.eu\\\/#website\",\"url\":\"https:\\\/\\\/www.ssaki.eu\\\/\",\"name\":\"Slovensk\u00e1 spolo\u010dnos\u0165 alergol\u00f3gie a klinickej imunol\u00f3gie\",\"description\":\"\",\"publisher\":{\"@id\":\"https:\\\/\\\/www.ssaki.eu\\\/#organization\"},\"potentialAction\":[{\"@type\":\"SearchAction\",\"target\":{\"@type\":\"EntryPoint\",\"urlTemplate\":\"https:\\\/\\\/www.ssaki.eu\\\/?s={search_term_string}\"},\"query-input\":{\"@type\":\"PropertyValueSpecification\",\"valueRequired\":true,\"valueName\":\"search_term_string\"}}],\"inLanguage\":\"sk-SK\"},{\"@type\":\"Organization\",\"@id\":\"https:\\\/\\\/www.ssaki.eu\\\/#organization\",\"name\":\"Slovensk\u00e1 spolo\u010dnos\u0165 alergol\u00f3gie a klinickej imunol\u00f3gie\",\"url\":\"https:\\\/\\\/www.ssaki.eu\\\/\",\"logo\":{\"@type\":\"ImageObject\",\"inLanguage\":\"sk-SK\",\"@id\":\"https:\\\/\\\/www.ssaki.eu\\\/#\\\/schema\\\/logo\\\/image\\\/\",\"url\":\"https:\\\/\\\/www.ssaki.eu\\\/wp-content\\\/uploads\\\/2021\\\/01\\\/LOGO-1.png\",\"contentUrl\":\"https:\\\/\\\/www.ssaki.eu\\\/wp-content\\\/uploads\\\/2021\\\/01\\\/LOGO-1.png\",\"width\":1280,\"height\":720,\"caption\":\"Slovensk\u00e1 spolo\u010dnos\u0165 alergol\u00f3gie a klinickej imunol\u00f3gie\"},\"image\":{\"@id\":\"https:\\\/\\\/www.ssaki.eu\\\/#\\\/schema\\\/logo\\\/image\\\/\"},\"sameAs\":[\"https:\\\/\\\/www.facebook.com\\\/alergologoviaimunologoviaSK\"]}]}<\/script>\n<!-- \/ Yoast SEO plugin. -->","yoast_head_json":{"title":"Zo z\u00e1pisnice z 15.2.2019 - Slovensk\u00e1 spolo\u010dnos\u0165 alergol\u00f3gie a klinickej imunol\u00f3gie","description":"Sme odborn\u00e1 splo\u010dnos\u0165, ktor\u00e1 zdru\u017euje klinick\u00fdch imunol\u00f3gov a alergol\u00f3gov, ako aj in\u00fdch odborn\u00edkov so z\u00e1ujmom o tento odbor. Na\u0161a spolo\u010dnos\u0165 je hlavn\u00fdm organiz\u00e1torom kontunu\u00e1lneho vzdel\u00e1vania v tomto odbore na Slovensku.","robots":{"index":"index","follow":"follow","max-snippet":"max-snippet:-1","max-image-preview":"max-image-preview:large","max-video-preview":"max-video-preview:-1"},"canonical":"https:\/\/www.ssaki.eu\/?page_id=3170647","og_locale":"sk_SK","og_type":"article","og_title":"Zo z\u00e1pisnice z 15.2.2019 - Slovensk\u00e1 spolo\u010dnos\u0165 alergol\u00f3gie a klinickej imunol\u00f3gie","og_description":"Sme odborn\u00e1 splo\u010dnos\u0165, ktor\u00e1 zdru\u017euje klinick\u00fdch imunol\u00f3gov a alergol\u00f3gov, ako aj in\u00fdch odborn\u00edkov so z\u00e1ujmom o tento odbor. Na\u0161a spolo\u010dnos\u0165 je hlavn\u00fdm organiz\u00e1torom kontunu\u00e1lneho vzdel\u00e1vania v tomto odbore na Slovensku.","og_url":"https:\/\/www.ssaki.eu\/?page_id=3170647","og_site_name":"Slovensk\u00e1 spolo\u010dnos\u0165 alergol\u00f3gie a klinickej imunol\u00f3gie","article_publisher":"https:\/\/www.facebook.com\/alergologoviaimunologoviaSK","article_modified_time":"2019-02-26T19:22:20+00:00","og_image":[{"width":640,"height":360,"url":"https:\/\/www.ssaki.eu\/wp-content\/uploads\/2021\/01\/STOP_COVID_SSAKI-e1609772027682.png","type":"image\/png"}],"twitter_card":"summary_large_image","twitter_misc":{"Predpokladan\u00fd \u010das \u010d\u00edtania":"5 min\u00fat"},"schema":{"@context":"https:\/\/schema.org","@graph":[{"@type":["WebPage","MedicalWebPage"],"@id":"https:\/\/www.ssaki.eu\/?page_id=3170647","url":"https:\/\/www.ssaki.eu\/?page_id=3170647","name":"Zo z\u00e1pisnice z 15.2.2019 - Slovensk\u00e1 spolo\u010dnos\u0165 alergol\u00f3gie a klinickej imunol\u00f3gie","isPartOf":{"@id":"https:\/\/www.ssaki.eu\/#website"},"datePublished":"2019-02-26T19:14:09+00:00","dateModified":"2019-02-26T19:22:20+00:00","description":"Sme odborn\u00e1 splo\u010dnos\u0165, ktor\u00e1 zdru\u017euje klinick\u00fdch imunol\u00f3gov a alergol\u00f3gov, ako aj in\u00fdch odborn\u00edkov so z\u00e1ujmom o tento odbor. Na\u0161a spolo\u010dnos\u0165 je hlavn\u00fdm organiz\u00e1torom kontunu\u00e1lneho vzdel\u00e1vania v tomto odbore na Slovensku.","breadcrumb":{"@id":"https:\/\/www.ssaki.eu\/?page_id=3170647#breadcrumb"},"inLanguage":"sk-SK","potentialAction":[{"@type":"ReadAction","target":["https:\/\/www.ssaki.eu\/?page_id=3170647"]}]},{"@type":"BreadcrumbList","@id":"https:\/\/www.ssaki.eu\/?page_id=3170647#breadcrumb","itemListElement":[{"@type":"ListItem","position":1,"name":"Domovsk\u00e1 str\u00e1nka","item":"https:\/\/www.ssaki.eu\/"},{"@type":"ListItem","position":2,"name":"Zo z\u00e1pisnice z 15.2.2019"}]},{"@type":"WebSite","@id":"https:\/\/www.ssaki.eu\/#website","url":"https:\/\/www.ssaki.eu\/","name":"Slovensk\u00e1 spolo\u010dnos\u0165 alergol\u00f3gie a klinickej imunol\u00f3gie","description":"","publisher":{"@id":"https:\/\/www.ssaki.eu\/#organization"},"potentialAction":[{"@type":"SearchAction","target":{"@type":"EntryPoint","urlTemplate":"https:\/\/www.ssaki.eu\/?s={search_term_string}"},"query-input":{"@type":"PropertyValueSpecification","valueRequired":true,"valueName":"search_term_string"}}],"inLanguage":"sk-SK"},{"@type":"Organization","@id":"https:\/\/www.ssaki.eu\/#organization","name":"Slovensk\u00e1 spolo\u010dnos\u0165 alergol\u00f3gie a klinickej imunol\u00f3gie","url":"https:\/\/www.ssaki.eu\/","logo":{"@type":"ImageObject","inLanguage":"sk-SK","@id":"https:\/\/www.ssaki.eu\/#\/schema\/logo\/image\/","url":"https:\/\/www.ssaki.eu\/wp-content\/uploads\/2021\/01\/LOGO-1.png","contentUrl":"https:\/\/www.ssaki.eu\/wp-content\/uploads\/2021\/01\/LOGO-1.png","width":1280,"height":720,"caption":"Slovensk\u00e1 spolo\u010dnos\u0165 alergol\u00f3gie a klinickej imunol\u00f3gie"},"image":{"@id":"https:\/\/www.ssaki.eu\/#\/schema\/logo\/image\/"},"sameAs":["https:\/\/www.facebook.com\/alergologoviaimunologoviaSK"]}]}},"_links":{"self":[{"href":"https:\/\/www.ssaki.eu\/index.php?rest_route=\/wp\/v2\/pages\/3170647","targetHints":{"allow":["GET"]}}],"collection":[{"href":"https:\/\/www.ssaki.eu\/index.php?rest_route=\/wp\/v2\/pages"}],"about":[{"href":"https:\/\/www.ssaki.eu\/index.php?rest_route=\/wp\/v2\/types\/page"}],"author":[{"embeddable":true,"href":"https:\/\/www.ssaki.eu\/index.php?rest_route=\/wp\/v2\/users\/1"}],"replies":[{"embeddable":true,"href":"https:\/\/www.ssaki.eu\/index.php?rest_route=%2Fwp%2Fv2%2Fcomments&post=3170647"}],"version-history":[{"count":4,"href":"https:\/\/www.ssaki.eu\/index.php?rest_route=\/wp\/v2\/pages\/3170647\/revisions"}],"predecessor-version":[{"id":3170654,"href":"https:\/\/www.ssaki.eu\/index.php?rest_route=\/wp\/v2\/pages\/3170647\/revisions\/3170654"}],"wp:attachment":[{"href":"https:\/\/www.ssaki.eu\/index.php?rest_route=%2Fwp%2Fv2%2Fmedia&parent=3170647"}],"curies":[{"name":"wp","href":"https:\/\/api.w.org\/{rel}","templated":true}]}}