{"id":3306487,"date":"2019-06-26T23:07:10","date_gmt":"2019-06-26T21:07:10","guid":{"rendered":"http:\/\/www.ssaki.eu\/?page_id=3306487"},"modified":"2019-06-26T23:08:47","modified_gmt":"2019-06-26T21:08:47","slug":"zo-zapisnice-z-21-6-2019","status":"publish","type":"page","link":"https:\/\/www.ssaki.eu\/?page_id=3306487","title":{"rendered":"Zo z\u00e1pisnice z 21.6.2019"},"content":{"rendered":"\n<p>Z\u00e1pisnica zo zasadnutia V\u00fdboru  SSAKI a Poradn\u00e9ho zboru hlavn\u00e9ho odborn\u00edka MZ SR 21.6.2019-Mojm\u00edrovce<br> Pr\u00edtomn\u00ed:\u010ci\u017en\u00e1r, Dzurillov\u00e1, Hochmuth, Hrubi\u0161ko, Jese\u0148\u00e1k, Koss\u00e1rov\u00e1, Ko\u0161turiak, Lap\u0161ansk\u00e1, Mikler, Petriskov\u00e1, Pru\u017einec, Schvalbov\u00e1, Smie\u0161kov\u00e1<br> Ospravedlnen\u00ed: Hlinka<br> Program:<\/p>\n\n\n\n<p>Lap\u0161ansk\u00e1,Mikler,Petriskov\u00e1,Pru\u017einec,Schvalbov\u00e1,Smie\u0161kov\u00e1<br> Ospravedlnen\u00ed: Hlinka<br> Program:<\/p>\n\n\n\n<p>I. Otvorenie zasadnutia a zhrnutie \u010dinnosti medzi zasadnutiami(Hrubi\u0161ko,Pru\u017einec).<\/p>\n\n\n\n<p>II. XXXVI.zjazd SSAKI a \u010cSAKI 2.-5.10.2019-Vysok\u00e9 Tatry<\/p>\n\n\n\n<p>Tvorba odborn\u00e9ho programu,postupn\u00e9 dop\u013a\u0148anie predsedaj\u00facich jednotliv\u00fdch sekci\u00ed a jednotliv\u00fdch prezent\u00e1ci\u00ed<\/p>\n\n\n\n<p>T\u00e9ma: Kde s\u00fa hranice klinickej imunol\u00f3gie \u2013 alergol\u00f3gie<\/p>\n\n\n\n<p>Sekcie:<br>\n1.Alergol\u00f3gia v postfaktickej dobe-Hochmuth,Ko\u0161turiak<br>\n2.Astma bronchiale- Hrubi\u0161ko,Schvalbov\u00e1,Pohunek<br>\n3.Imunol\u00f3gia v neurol\u00f3gii-Kl\u00edmov\u00e1,Kr\u00e1l,Smie\u0161kov\u00e1<br>\n4.Imunol\u00f3gia v gastroenterol\u00f3gii-Buc,Koss\u00e1rov\u00e1,Oltman<br>\n5.Alergia na jed blanokr\u00eddleho hmyzu-Hlinka,Hrubi\u0161ko<br>\n6.Imunol\u00f3gia infek\u010dn\u00fdch ochoren\u00ed-Jese\u0148\u00e1k,Ostr\u00f3<br>\n7.Imunodeficiencie-\u010ci\u017en\u00e1r,Jese\u0148\u00e1k<br>\n8.Ak\u00fatne stavy- Mikler,Ku\u010dera,Petr\u016f<br>\n9.Imunol\u00f3gia v dermatol\u00f3gii-Pru\u017einec,Buchvald<br>\n10.Angioed\u00e9m- Farkas,Jese\u0148\u00e1k<br>\n11.Potravinov\u00e1 alergia v pediatrii-\u010ci\u017en\u00e1r<br>\n12.Sekcia sestier-Chleb\u00e1kov\u00e1,Lap\u0161ansk\u00e1,\u0160imon\u00ed\u010dkov\u00e1<br>\n13.Liekov\u00e1 alergia- Smie\u0161kov\u00e1,Hlinka<br>\n14.Reproduk\u010dn\u00e1 imunol\u00f3gia-Dzurillov\u00e1,Ul\u010dov\u00e1-G\u00e1llov\u00e1<\/p>\n\n\n\n<p>Postgradu\u00e1l: O\u010dkovanie-Jese\u0148\u00e1k<\/p>\n\n\n\n<p>Sympozi\u00e1lne predn\u00e1\u0161ky 2.10.2019-Smie\u0161ko(Basel)<br>\nPanzner(\u010cesk\u00e1 republika ), Hrubi\u0161ko,Pru\u017einec,Stanekov\u00e1<\/p>\n\n\n\n<p>-registr\u00e1cia ubytovania online (Ko\u0161turiak)<br>\nV\u00fdbor SSAKI rozhodol, \u017ee:<br>\n-prv\u00fd autor predn\u00e1\u0161ky neplat\u00ed registra\u010dn\u00fd poplatok<br>\n-autorovi vyzvanej predn\u00e1\u0161ky bude uhraden\u00e9 ubytovanie na jednu noc<\/p>\n\n\n\n<p>1.spolo\u010densk\u00fd ve\u010der 2.10.-Grand hotel Bellevue- kult\u00farny program zabezpe\u010duje Lap\u0161ansk\u00e1<br> 2.spolo\u010densk\u00fd ve\u010der &#8211; 4.10.- Grand hotel  Star\u00fd Smokovec<\/p>\n\n\n\n<p>III.R\u00f4zne<br> 1.Hrubi\u0161ko informoval, \u017ee 27.6. sa bude kona\u0165 zasadnutie komisie pre \u0160DTP na MZSR, ktor\u00e9ho sa z\u00fa\u010dastn\u00ed.  Z na\u0161ej strany bud\u00fa komisii  predlo\u017een\u00e9 pod\u013ea pripomienok prepracovan\u00e9 a doplnen\u00e9 n\u00e1vrhy \u0160DTP-Sekund\u00e1rne imunodeficiencie, Alergia na bielkovinu kravsk\u00e9ho mlieka a Asthma bronchiale v spolupr\u00e1ci s pneumologickou spolo\u010dnos\u0165ou;<br> 2.Hrubi\u0161ko informoval,\u017ee ako prezident V\u00fdboru SSAKI vyjadril s\u00fahlasn\u00e9 stanovisko k n\u00e1vrhu vyhl\u00e1\u0161ky MZ SR o pred\u013a\u017een\u00ed platnosti receptu na vybran\u00e9 lie\u010div\u00e1 -Alutard,Staloral,Phostal,H-Al,Stafal -na 60 dn\u00ed,ktor\u00e1 vst\u00fapi do platnosti od 1.8.2019;<br> 3.Pru\u017einec ako hlavn\u00fd odborn\u00edk MZ SR pre KIA pripravili list  ministerke zdravotn\u00edctva SR k pl\u00e1novanej kategoriz\u00e1cii liekov &#8211;  v pr\u00edpade, \u017ee vst\u00fapi v pripravovanom znen\u00ed do platnosti 1.7.2019., odo\u0161le list, v ktorom s danou vyhl\u00e1\u0161kou vyjadruje nes\u00fahlas, upozor\u0148uje na mo\u017en\u00e9 d\u00f4sledky pre na\u0161ich pacientov a s\u00fa\u010dasne pon\u00faka na\u0161u spolupr\u00e1cu rie\u0161enie vzniknut\u00e9ho probl\u00e9mu;<br> 4.Koss\u00e1rov\u00e1 ako krajsk\u00e1 odborn\u00ed\u010dka KIA Bratislavsk\u00e9ho kraja reaguje listom na s\u0165a\u017enos\u0165 pacientky z Dunajskej Stredy, ktor\u00e1 sa s\u0165a\u017eovala na MZ SR na dlh\u00fa \u010dakaciu dobu na imunoalergologick\u00e9 vy\u0161etrenie svojho die\u0165a\u0165a;<br> 5.Smie\u0161kov\u00e1 informovala o neprepl\u00e1can\u00ed  v\u00fdkonu  10e V\u0161ZP. V\u00fdbor odpor\u00fa\u010da, aby dotknut\u00ed lek\u00e1ri \u017eiadali p\u00edsomn\u00e9  vysvetlenie chybov\u00fdch protokolov od pr\u00edslu\u0161n\u00fdch pois\u0165ovn\u00ed, odborn\u00e1 spolo\u010dnos\u0165 nateraz nedostala zmenen\u00e9 stanovisko k vykazovaniu \/ prepl\u00e1caniu dan\u00e9ho v\u00fdkonu &#8211; v\u00fdbor SSAKI bude reagova\u0165 potom, \u010do obdr\u017e\u00ed p\u00edsomn\u00e9 stanovisko pois\u0165ovn\u00ed v ktorom vysvetlia zmenu doteraj\u0161ieho sp\u00f4sobu hradenia dan\u00e9ho v\u00fdkonu<\/p>\n\n\n\n<p>\u010eal\u0161ie pl\u00e1novan\u00e9 zasadnutie V\u00fdboru SSAKI bude 9.8.2019 v Malat\u00ednach &#8211; hlavn\u00fdm bodom programu bude definit\u00edvne a detailn\u00e9 dopracovanie programu kongresu SSAKI &#8211; \u010cSAKI 2019.<\/p>\n\n\n\n<p>Zap\u00edsala Schvalbov\u00e1<br>\nSkontroloval a schv\u00e1lil Hrubi\u0161ko<\/p>\n\r\n","protected":false},"excerpt":{"rendered":"<p>Z\u00e1pisnica zo zasadnutia V\u00fdboru SSAKI a Poradn\u00e9ho zboru hlavn\u00e9ho odborn\u00edka MZ SR 21.6.2019-Mojm\u00edrovce Pr\u00edtomn\u00ed:\u010ci\u017en\u00e1r, Dzurillov\u00e1, Hochmuth, Hrubi\u0161ko, Jese\u0148\u00e1k, Koss\u00e1rov\u00e1, Ko\u0161turiak, Lap\u0161ansk\u00e1, Mikler, Petriskov\u00e1, Pru\u017einec, Schvalbov\u00e1, Smie\u0161kov\u00e1 Ospravedlnen\u00ed: Hlinka Program: Lap\u0161ansk\u00e1,Mikler,Petriskov\u00e1,Pru\u017einec,Schvalbov\u00e1,Smie\u0161kov\u00e1 Ospravedlnen\u00ed: Hlinka Program: I.&#46;&#46;&#46;<\/p>\n","protected":false},"author":1,"featured_media":0,"parent":0,"menu_order":0,"comment_status":"closed","ping_status":"closed","template":"","meta":{"footnotes":""},"class_list":["post-3306487","page","type-page","status-publish","hentry"],"yoast_head":"<!-- This site is optimized with the Yoast SEO plugin v27.4 - https:\/\/yoast.com\/product\/yoast-seo-wordpress\/ -->\n<title>Zo z\u00e1pisnice z 21.6.2019 - Slovensk\u00e1 spolo\u010dnos\u0165 alergol\u00f3gie a klinickej imunol\u00f3gie<\/title>\n<meta name=\"description\" content=\"Sme odborn\u00e1 splo\u010dnos\u0165, ktor\u00e1 zdru\u017euje klinick\u00fdch imunol\u00f3gov a alergol\u00f3gov, ako aj in\u00fdch odborn\u00edkov so z\u00e1ujmom o tento odbor. Na\u0161a spolo\u010dnos\u0165 je hlavn\u00fdm organiz\u00e1torom kontunu\u00e1lneho vzdel\u00e1vania v tomto odbore na Slovensku.\" \/>\n<meta name=\"robots\" content=\"index, follow, max-snippet:-1, max-image-preview:large, max-video-preview:-1\" \/>\n<link rel=\"canonical\" href=\"https:\/\/www.ssaki.eu\/?page_id=3306487\" \/>\n<meta property=\"og:locale\" content=\"sk_SK\" \/>\n<meta property=\"og:type\" content=\"article\" \/>\n<meta property=\"og:title\" content=\"Zo z\u00e1pisnice z 21.6.2019 - Slovensk\u00e1 spolo\u010dnos\u0165 alergol\u00f3gie a klinickej imunol\u00f3gie\" \/>\n<meta property=\"og:description\" content=\"Sme odborn\u00e1 splo\u010dnos\u0165, ktor\u00e1 zdru\u017euje klinick\u00fdch imunol\u00f3gov a alergol\u00f3gov, ako aj in\u00fdch odborn\u00edkov so z\u00e1ujmom o tento odbor. Na\u0161a spolo\u010dnos\u0165 je hlavn\u00fdm organiz\u00e1torom kontunu\u00e1lneho vzdel\u00e1vania v tomto odbore na Slovensku.\" \/>\n<meta property=\"og:url\" content=\"https:\/\/www.ssaki.eu\/?page_id=3306487\" \/>\n<meta property=\"og:site_name\" content=\"Slovensk\u00e1 spolo\u010dnos\u0165 alergol\u00f3gie a klinickej imunol\u00f3gie\" \/>\n<meta property=\"article:publisher\" content=\"https:\/\/www.facebook.com\/alergologoviaimunologoviaSK\" \/>\n<meta property=\"article:modified_time\" content=\"2019-06-26T21:08:47+00:00\" \/>\n<meta property=\"og:image\" content=\"https:\/\/www.ssaki.eu\/wp-content\/uploads\/2021\/01\/STOP_COVID_SSAKI-e1609772027682.png\" \/>\n\t<meta property=\"og:image:width\" content=\"640\" \/>\n\t<meta property=\"og:image:height\" content=\"360\" \/>\n\t<meta property=\"og:image:type\" content=\"image\/png\" \/>\n<meta name=\"twitter:card\" content=\"summary_large_image\" \/>\n<meta name=\"twitter:label1\" content=\"Predpokladan\u00fd \u010das \u010d\u00edtania\" \/>\n\t<meta name=\"twitter:data1\" content=\"3 min\u00faty\" \/>\n<script type=\"application\/ld+json\" class=\"yoast-schema-graph\">{\"@context\":\"https:\\\/\\\/schema.org\",\"@graph\":[{\"@type\":[\"WebPage\",\"MedicalWebPage\"],\"@id\":\"https:\\\/\\\/www.ssaki.eu\\\/?page_id=3306487\",\"url\":\"https:\\\/\\\/www.ssaki.eu\\\/?page_id=3306487\",\"name\":\"Zo z\u00e1pisnice z 21.6.2019 - Slovensk\u00e1 spolo\u010dnos\u0165 alergol\u00f3gie a klinickej imunol\u00f3gie\",\"isPartOf\":{\"@id\":\"https:\\\/\\\/www.ssaki.eu\\\/#website\"},\"datePublished\":\"2019-06-26T21:07:10+00:00\",\"dateModified\":\"2019-06-26T21:08:47+00:00\",\"description\":\"Sme odborn\u00e1 splo\u010dnos\u0165, ktor\u00e1 zdru\u017euje klinick\u00fdch imunol\u00f3gov a alergol\u00f3gov, ako aj in\u00fdch odborn\u00edkov so z\u00e1ujmom o tento odbor. Na\u0161a spolo\u010dnos\u0165 je hlavn\u00fdm organiz\u00e1torom kontunu\u00e1lneho vzdel\u00e1vania v tomto odbore na Slovensku.\",\"breadcrumb\":{\"@id\":\"https:\\\/\\\/www.ssaki.eu\\\/?page_id=3306487#breadcrumb\"},\"inLanguage\":\"sk-SK\",\"potentialAction\":[{\"@type\":\"ReadAction\",\"target\":[\"https:\\\/\\\/www.ssaki.eu\\\/?page_id=3306487\"]}]},{\"@type\":\"BreadcrumbList\",\"@id\":\"https:\\\/\\\/www.ssaki.eu\\\/?page_id=3306487#breadcrumb\",\"itemListElement\":[{\"@type\":\"ListItem\",\"position\":1,\"name\":\"Domovsk\u00e1 str\u00e1nka\",\"item\":\"https:\\\/\\\/www.ssaki.eu\\\/\"},{\"@type\":\"ListItem\",\"position\":2,\"name\":\"Zo z\u00e1pisnice z 21.6.2019\"}]},{\"@type\":\"WebSite\",\"@id\":\"https:\\\/\\\/www.ssaki.eu\\\/#website\",\"url\":\"https:\\\/\\\/www.ssaki.eu\\\/\",\"name\":\"Slovensk\u00e1 spolo\u010dnos\u0165 alergol\u00f3gie a klinickej imunol\u00f3gie\",\"description\":\"\",\"publisher\":{\"@id\":\"https:\\\/\\\/www.ssaki.eu\\\/#organization\"},\"potentialAction\":[{\"@type\":\"SearchAction\",\"target\":{\"@type\":\"EntryPoint\",\"urlTemplate\":\"https:\\\/\\\/www.ssaki.eu\\\/?s={search_term_string}\"},\"query-input\":{\"@type\":\"PropertyValueSpecification\",\"valueRequired\":true,\"valueName\":\"search_term_string\"}}],\"inLanguage\":\"sk-SK\"},{\"@type\":\"Organization\",\"@id\":\"https:\\\/\\\/www.ssaki.eu\\\/#organization\",\"name\":\"Slovensk\u00e1 spolo\u010dnos\u0165 alergol\u00f3gie a klinickej imunol\u00f3gie\",\"url\":\"https:\\\/\\\/www.ssaki.eu\\\/\",\"logo\":{\"@type\":\"ImageObject\",\"inLanguage\":\"sk-SK\",\"@id\":\"https:\\\/\\\/www.ssaki.eu\\\/#\\\/schema\\\/logo\\\/image\\\/\",\"url\":\"https:\\\/\\\/www.ssaki.eu\\\/wp-content\\\/uploads\\\/2021\\\/01\\\/LOGO-1.png\",\"contentUrl\":\"https:\\\/\\\/www.ssaki.eu\\\/wp-content\\\/uploads\\\/2021\\\/01\\\/LOGO-1.png\",\"width\":1280,\"height\":720,\"caption\":\"Slovensk\u00e1 spolo\u010dnos\u0165 alergol\u00f3gie a klinickej imunol\u00f3gie\"},\"image\":{\"@id\":\"https:\\\/\\\/www.ssaki.eu\\\/#\\\/schema\\\/logo\\\/image\\\/\"},\"sameAs\":[\"https:\\\/\\\/www.facebook.com\\\/alergologoviaimunologoviaSK\"]}]}<\/script>\n<!-- \/ Yoast SEO plugin. -->","yoast_head_json":{"title":"Zo z\u00e1pisnice z 21.6.2019 - Slovensk\u00e1 spolo\u010dnos\u0165 alergol\u00f3gie a klinickej imunol\u00f3gie","description":"Sme odborn\u00e1 splo\u010dnos\u0165, ktor\u00e1 zdru\u017euje klinick\u00fdch imunol\u00f3gov a alergol\u00f3gov, ako aj in\u00fdch odborn\u00edkov so z\u00e1ujmom o tento odbor. Na\u0161a spolo\u010dnos\u0165 je hlavn\u00fdm organiz\u00e1torom kontunu\u00e1lneho vzdel\u00e1vania v tomto odbore na Slovensku.","robots":{"index":"index","follow":"follow","max-snippet":"max-snippet:-1","max-image-preview":"max-image-preview:large","max-video-preview":"max-video-preview:-1"},"canonical":"https:\/\/www.ssaki.eu\/?page_id=3306487","og_locale":"sk_SK","og_type":"article","og_title":"Zo z\u00e1pisnice z 21.6.2019 - Slovensk\u00e1 spolo\u010dnos\u0165 alergol\u00f3gie a klinickej imunol\u00f3gie","og_description":"Sme odborn\u00e1 splo\u010dnos\u0165, ktor\u00e1 zdru\u017euje klinick\u00fdch imunol\u00f3gov a alergol\u00f3gov, ako aj in\u00fdch odborn\u00edkov so z\u00e1ujmom o tento odbor. Na\u0161a spolo\u010dnos\u0165 je hlavn\u00fdm organiz\u00e1torom kontunu\u00e1lneho vzdel\u00e1vania v tomto odbore na Slovensku.","og_url":"https:\/\/www.ssaki.eu\/?page_id=3306487","og_site_name":"Slovensk\u00e1 spolo\u010dnos\u0165 alergol\u00f3gie a klinickej imunol\u00f3gie","article_publisher":"https:\/\/www.facebook.com\/alergologoviaimunologoviaSK","article_modified_time":"2019-06-26T21:08:47+00:00","og_image":[{"width":640,"height":360,"url":"https:\/\/www.ssaki.eu\/wp-content\/uploads\/2021\/01\/STOP_COVID_SSAKI-e1609772027682.png","type":"image\/png"}],"twitter_card":"summary_large_image","twitter_misc":{"Predpokladan\u00fd \u010das \u010d\u00edtania":"3 min\u00faty"},"schema":{"@context":"https:\/\/schema.org","@graph":[{"@type":["WebPage","MedicalWebPage"],"@id":"https:\/\/www.ssaki.eu\/?page_id=3306487","url":"https:\/\/www.ssaki.eu\/?page_id=3306487","name":"Zo z\u00e1pisnice z 21.6.2019 - Slovensk\u00e1 spolo\u010dnos\u0165 alergol\u00f3gie a klinickej imunol\u00f3gie","isPartOf":{"@id":"https:\/\/www.ssaki.eu\/#website"},"datePublished":"2019-06-26T21:07:10+00:00","dateModified":"2019-06-26T21:08:47+00:00","description":"Sme odborn\u00e1 splo\u010dnos\u0165, ktor\u00e1 zdru\u017euje klinick\u00fdch imunol\u00f3gov a alergol\u00f3gov, ako aj in\u00fdch odborn\u00edkov so z\u00e1ujmom o tento odbor. Na\u0161a spolo\u010dnos\u0165 je hlavn\u00fdm organiz\u00e1torom kontunu\u00e1lneho vzdel\u00e1vania v tomto odbore na Slovensku.","breadcrumb":{"@id":"https:\/\/www.ssaki.eu\/?page_id=3306487#breadcrumb"},"inLanguage":"sk-SK","potentialAction":[{"@type":"ReadAction","target":["https:\/\/www.ssaki.eu\/?page_id=3306487"]}]},{"@type":"BreadcrumbList","@id":"https:\/\/www.ssaki.eu\/?page_id=3306487#breadcrumb","itemListElement":[{"@type":"ListItem","position":1,"name":"Domovsk\u00e1 str\u00e1nka","item":"https:\/\/www.ssaki.eu\/"},{"@type":"ListItem","position":2,"name":"Zo z\u00e1pisnice z 21.6.2019"}]},{"@type":"WebSite","@id":"https:\/\/www.ssaki.eu\/#website","url":"https:\/\/www.ssaki.eu\/","name":"Slovensk\u00e1 spolo\u010dnos\u0165 alergol\u00f3gie a klinickej imunol\u00f3gie","description":"","publisher":{"@id":"https:\/\/www.ssaki.eu\/#organization"},"potentialAction":[{"@type":"SearchAction","target":{"@type":"EntryPoint","urlTemplate":"https:\/\/www.ssaki.eu\/?s={search_term_string}"},"query-input":{"@type":"PropertyValueSpecification","valueRequired":true,"valueName":"search_term_string"}}],"inLanguage":"sk-SK"},{"@type":"Organization","@id":"https:\/\/www.ssaki.eu\/#organization","name":"Slovensk\u00e1 spolo\u010dnos\u0165 alergol\u00f3gie a klinickej imunol\u00f3gie","url":"https:\/\/www.ssaki.eu\/","logo":{"@type":"ImageObject","inLanguage":"sk-SK","@id":"https:\/\/www.ssaki.eu\/#\/schema\/logo\/image\/","url":"https:\/\/www.ssaki.eu\/wp-content\/uploads\/2021\/01\/LOGO-1.png","contentUrl":"https:\/\/www.ssaki.eu\/wp-content\/uploads\/2021\/01\/LOGO-1.png","width":1280,"height":720,"caption":"Slovensk\u00e1 spolo\u010dnos\u0165 alergol\u00f3gie a klinickej imunol\u00f3gie"},"image":{"@id":"https:\/\/www.ssaki.eu\/#\/schema\/logo\/image\/"},"sameAs":["https:\/\/www.facebook.com\/alergologoviaimunologoviaSK"]}]}},"_links":{"self":[{"href":"https:\/\/www.ssaki.eu\/index.php?rest_route=\/wp\/v2\/pages\/3306487","targetHints":{"allow":["GET"]}}],"collection":[{"href":"https:\/\/www.ssaki.eu\/index.php?rest_route=\/wp\/v2\/pages"}],"about":[{"href":"https:\/\/www.ssaki.eu\/index.php?rest_route=\/wp\/v2\/types\/page"}],"author":[{"embeddable":true,"href":"https:\/\/www.ssaki.eu\/index.php?rest_route=\/wp\/v2\/users\/1"}],"replies":[{"embeddable":true,"href":"https:\/\/www.ssaki.eu\/index.php?rest_route=%2Fwp%2Fv2%2Fcomments&post=3306487"}],"version-history":[{"count":3,"href":"https:\/\/www.ssaki.eu\/index.php?rest_route=\/wp\/v2\/pages\/3306487\/revisions"}],"predecessor-version":[{"id":3306524,"href":"https:\/\/www.ssaki.eu\/index.php?rest_route=\/wp\/v2\/pages\/3306487\/revisions\/3306524"}],"wp:attachment":[{"href":"https:\/\/www.ssaki.eu\/index.php?rest_route=%2Fwp%2Fv2%2Fmedia&parent=3306487"}],"curies":[{"name":"wp","href":"https:\/\/api.w.org\/{rel}","templated":true}]}}