{"id":3551170,"date":"2019-12-09T23:13:59","date_gmt":"2019-12-09T21:13:59","guid":{"rendered":"http:\/\/www.ssaki.eu\/?page_id=3551170"},"modified":"2019-12-09T23:13:59","modified_gmt":"2019-12-09T21:13:59","slug":"zo-zapisnice-z-6-12-2019","status":"publish","type":"page","link":"https:\/\/www.ssaki.eu\/?page_id=3551170","title":{"rendered":"Zo z\u00e1pisnice z 6.12.2019"},"content":{"rendered":"\n<p><strong>Z\u00e1pisnica zo zasadnutia V\u00fdboru&nbsp; SSAKI a&nbsp;Poradn\u00e9ho zboru hlavn\u00e9ho\nodborn\u00edka MZ SR 6.12.2019 &#8211; Martin<\/strong><\/p>\n\n\n\n<p><strong>Pr\u00edtomn\u00ed:<\/strong>\nDzurillov\u00e1, Hlinka, Hrubi\u0161ko, Jese\u0148\u00e1k, Koss\u00e1rov\u00e1, Ko\u0161turiak, Lap\u0161ansk\u00e1, Mikler,\nPetriskov\u00e1, Pru\u017einec, Schvalbov\u00e1, Smie\u0161kov\u00e1<\/p>\n\n\n\n<p><strong>Ospravedlnen\u00ed: <\/strong>\u010ci\u017en\u00e1r, Hochmuth<\/p>\n\n\n\n<p><strong>Hos\u0165<\/strong>:\nMichali\u010dkov\u00e1, \u010destn\u00fd \u010dlen<\/p>\n\n\n\n<p><strong>I. Otvorenie zasadnutia a zhrnutie \u010dinnosti\nmedzi zasadnutiami (Hrubi\u0161ko, Pru\u017einec)<\/strong><\/p>\n\n\n\n<p>1.\n<strong>Hrubi\u0161ko informoval o situ\u00e1cii v&nbsp;pr\u00edprave\na&nbsp;implement\u00e1cii \u0160tandardn\u00fdch diagnostick\u00fdch a terapeutick\u00fdch&nbsp; postupov<\/strong> (\u0160DTP).<\/p>\n\n\n\n<p>\u0160DTP\nSekund\u00e1rne imunodeficiencie je prijat\u00fd s&nbsp;pripomienkami, ktor\u00e9 je potrebn\u00e9\nzapracova\u0165 do 31. 12. 2019.<\/p>\n\n\n\n<p>Hrubi\u0161ko\ns\u00fa\u010dasne vyzval pr\u00edtomn\u00fdch na particip\u00e1ciu na pr\u00edprave \u0160DTP na bud\u00faci rok (AIT,\nVIT, AR), informoval o&nbsp;potrebe prerobi\u0165 \u0160DTP Astma &#8211; zrealizuje Hrubi\u0161ko\nv&nbsp;spolupr\u00e1ci s&nbsp;La\u0161\u0161\u00e1nom.<\/p>\n\n\n\n<p>2.\n<strong>Pru\u017einec vyhodnotil priebeh XXXVI. kongresu\nSSAKI a&nbsp;\u010cSAKI<\/strong>, ktor\u00fd sa konal 2.-5. 10. 2019 vo Vysok\u00fdch Tatr\u00e1ch.\nOdborn\u00e1, organiza\u010dn\u00e1 aj spolo\u010densk\u00e1 \u00farove\u0148 kongresu je hodnoten\u00e1 zo strany\ndom\u00e1cich aj zahrani\u010dn\u00fdch \u00fa\u010dastn\u00edkov vysoko kladne.<\/p>\n\n\n\n<p>3. Schv\u00e1lenie \u00fahrady za administr\u00e1ciu\nweb str\u00e1nky SSAKI.EU \u2013 firma Medimpro, s.r.o.<\/p>\n\n\n\n<p>4. \u00dahrada \u010dlensk\u00e9ho v EAACI pre \u010dlenov\nV\u00fdboru<\/p>\n\n\n\n<p><strong>5. Dokon\u010den\u00fd pl\u00e1n odborn\u00fdch akci\u00ed\na&nbsp;zasadnut\u00ed v\u00fdboru SSAKI na rok 2020:<\/strong><\/p>\n\n\n\n<p><strong>31. janu\u00e1r <\/strong>&#8211;\nRespirologick\u00e9 dni &#8211; Novartis (Martin)<\/p>\n\n\n\n<p><strong>7. febru\u00e1r <\/strong>&#8211;\nLaunch Ragwizaxu (ALK-Vig\u013ea\u0161? &#8211; bude e\u0161te spresnen\u00e9 za\u010d. r. 2020)<\/p>\n\n\n\n<p><strong>12.-13. marec <\/strong>&#8211; zasadnutie v\u00fdboru&nbsp; SSAKI &#8211; ju\u017en\u00e9 Slovensko (spoluorganiz\u00e1tor\nImunoglugan &#8211; Pleuran, v&nbsp;pl\u00e1ne prehliadka v\u00fdroby)<\/p>\n\n\n\n<p><strong>20.-21. marec <\/strong>&#8211; Burza imunodeficenci\u00ed &#8211; Doln\u00fd Kub\u00edn<\/p>\n\n\n\n<p><strong>1.-3. apr\u00edl <\/strong>&#8211;\nMartinsk\u00e9 dni imunol\u00f3gie<\/p>\n\n\n\n<p><strong>16.-17. apr\u00edl <\/strong>&#8211; zasadnutie v\u00fdboru SSAKI &#8211; Liptovsk\u00fd Hr\u00e1dok<\/p>\n\n\n\n<p><strong>24.-25. apr\u00edl <\/strong>&#8211; Allergo Summit &#8211; Tri Studni\u010dky &#8211; Dem\u00e4novsk\u00e1 Dolina<\/p>\n\n\n\n<p><strong>29. apr\u00edl<\/strong>\n&#8211; Prim\u00e1rne imunodeficiencie &#8211; Bratislava<\/p>\n\n\n\n<p><strong>15.-16. m\u00e1j <\/strong>&#8211;\nStretnutie lek\u00e1rov \u010cR-SR (Litomy\u0161l)<\/p>\n\n\n\n<p><strong>21.-22. m\u00e1j <\/strong>&#8211;\nBardejovsk\u00e9 pneumologick\u00e9 dni<\/p>\n\n\n\n<p><strong>29. m\u00e1j <\/strong>&#8211;\nAlergia 2020<\/p>\n\n\n\n<p><strong>6.-9. j\u00fan<\/strong>\n&#8211; kongres EAACI-Lond\u00fdn<\/p>\n\n\n\n<p><strong>13. august<\/strong>\n&#8211; zasadnutie v\u00fdboru SSAKI-Malat\u00edny<\/p>\n\n\n\n<p><strong>14. august<\/strong>\n&#8211; Letn\u00e1 \u0161kola imunol\u00f3gie-Malat\u00edny<\/p>\n\n\n\n<p><strong>7.-10. okt\u00f3ber <\/strong>&#8211; XXXV. kongres \u010cSAKI a&nbsp;SSAKI &#8211; Praha<\/p>\n\n\n\n<p><strong>6.-7. november <\/strong>&#8211; AIT?<\/p>\n\n\n\n<p><strong>13.-14. november <\/strong>&#8211; ASL workshop &#8211; Martin<\/p>\n\n\n\n<p><strong>27.-28. november <\/strong>&#8211; Medif\u00f3rum -hotel Chopok &#8211; Dem\u00e4novsk\u00e1 Dolina<\/p>\n\n\n\n<p><strong>3.-4. december <\/strong>&#8211; zasadnutie v\u00fdboru SSAKI &#8211; Martin<\/p>\n\n\n\n<p>6. V\u00fdbor odpor\u00fa\u010da na z\u00e1klade\npripomienok z ter\u00e9nu spojenie term\u00ednov AIT f\u00f3ra a&nbsp;Medif\u00f3ra, pr\u00edpadne aj\npl\u00e1novanej Akad\u00e9mie AIT (Hrubi\u0161ko), v\u00fdbor s\u00fa\u010dasne vajadril n\u00e1zor, \u017ee preferuje\nodborn\u00e9 akcie sponzorovan\u00e9 nez\u00e1visle viacer\u00fdmi firmami pred \u201ejednofiremn\u00fdmi\u201c\nakciami.<\/p>\n\n\n\n<p>7. V\u00fdbor s\u00fahlas\u00ed s&nbsp;n\u00e1vrhom\nKoss\u00e1rovej&nbsp; obnovi\u0165 trad\u00edciu Svetov\u00e9ho\nd\u0148a astmy a&nbsp;alergie -tla\u010dovka, meranie&nbsp;\nspirometri\u00ed.<\/p>\n\n\n\n<p>8.V\u00fdbor navrhol ocenenia pre\njubilantov na rok 2020. Na SLS vybav\u00ed Schvalbov\u00e1.<\/p>\n\n\n\n<p><strong>II. R\u00f4zne <\/strong><\/p>\n\n\n\n<ul class=\"wp-block-list\"><li>V\u00fdbor schv\u00e1lil\nmiesto konania XXXVIII. kongresu SSAKI a&nbsp;\u010cSAKI&nbsp; na rok 2021 op\u00e4\u0165 v&nbsp;hoteli Bellevue\nVysok\u00e9 Tatry. D\u00e1tum kongresu &nbsp;dohodne\ns&nbsp;hotelom Bellevue &nbsp;Pru\u017einec.\nOrganiz\u00e1cia&nbsp; &#8211; firma BONUS.<\/li><li>Hrubi\u0161ko\ninformoval o&nbsp;4. ro\u010dn\u00edku Kongresu stredoeur\u00f3pskych imunologick\u00fdch\nspolo\u010dnost\u00ed&nbsp; MESIA v&nbsp;\u0160amor\u00edne, konan\u00fd\npod z\u00e1\u0161titou imunologick\u00fdch a&nbsp;alergologick\u00fdch spolo\u010dnost\u00ed zo SR, \u010cR,\nMa\u010farska, Slovinska, Chorv\u00e1tska, Srbska, t.j. aj SSAKI, ktor\u00fd sa konal\nv&nbsp;\u0160amor\u00edne 28.-30. 11. 2019. Slovensko, resp. spolo\u010dnosti SIMS\na&nbsp;SSAKI sa prezentovali v&nbsp;pozit\u00edvnom svetle, \u00fa\u010dastn\u00edkmi bolkongres hodnoten\u00fd\nvysoko kladne po str\u00e1nke odbornej, organiza\u010dnej aj spolo\u010denskej\u00f4 Akt\u00edvnu \u00fa\u010das\u0165\nzo SSAKI (predn\u00e1\u0161ky) mali Buc, \u010ci\u017en\u00e1r, Hrubi\u0161ko, Jese\u0148\u00e1k.<\/li><li>Preveria sa\npodmienky zaradenia \u010dasopisu vo vz\u0165ahu k&nbsp;\u010dasopisu Klinick\u00e1 imunol\u00f3gia\na&nbsp;alergol\u00f3gia do datab\u00e1zy SCOPUS a&nbsp;n\u00e1sledne sa vypracuje strat\u00e9gia\na&nbsp;pl\u00e1n na \u010fal\u0161\u00ed ro\u010dn\u00edk (Jese\u0148\u00e1k, Ko\u0161turiak). <\/li><\/ul>\n\n\n\n<p>Zap\u00edsala Schvalbov\u00e1<\/p>\n\n\n\n<p>Schv\u00e1lil Hrubi\u0161ko<\/p>\n\r\n","protected":false},"excerpt":{"rendered":"<p>Z\u00e1pisnica zo zasadnutia V\u00fdboru&nbsp; SSAKI a&nbsp;Poradn\u00e9ho zboru hlavn\u00e9ho odborn\u00edka MZ SR 6.12.2019 &#8211; Martin Pr\u00edtomn\u00ed: Dzurillov\u00e1, Hlinka, Hrubi\u0161ko, Jese\u0148\u00e1k, Koss\u00e1rov\u00e1, Ko\u0161turiak, Lap\u0161ansk\u00e1, Mikler, Petriskov\u00e1, Pru\u017einec, Schvalbov\u00e1, Smie\u0161kov\u00e1 Ospravedlnen\u00ed: \u010ci\u017en\u00e1r, Hochmuth Hos\u0165: Michali\u010dkov\u00e1, \u010destn\u00fd \u010dlen&#46;&#46;&#46;<\/p>\n","protected":false},"author":1,"featured_media":0,"parent":0,"menu_order":0,"comment_status":"closed","ping_status":"closed","template":"","meta":{"footnotes":""},"class_list":["post-3551170","page","type-page","status-publish","hentry"],"yoast_head":"<!-- This site is optimized with the Yoast SEO plugin v27.4 - https:\/\/yoast.com\/product\/yoast-seo-wordpress\/ -->\n<title>Zo z\u00e1pisnice z 6.12.2019 - Slovensk\u00e1 spolo\u010dnos\u0165 alergol\u00f3gie a klinickej imunol\u00f3gie<\/title>\n<meta name=\"description\" content=\"Sme odborn\u00e1 splo\u010dnos\u0165, ktor\u00e1 zdru\u017euje klinick\u00fdch imunol\u00f3gov a alergol\u00f3gov, ako aj in\u00fdch odborn\u00edkov so z\u00e1ujmom o tento odbor. Na\u0161a spolo\u010dnos\u0165 je hlavn\u00fdm organiz\u00e1torom kontunu\u00e1lneho vzdel\u00e1vania v tomto odbore na Slovensku.\" \/>\n<meta name=\"robots\" content=\"index, follow, max-snippet:-1, max-image-preview:large, max-video-preview:-1\" \/>\n<link rel=\"canonical\" href=\"https:\/\/www.ssaki.eu\/?page_id=3551170\" \/>\n<meta property=\"og:locale\" content=\"sk_SK\" \/>\n<meta property=\"og:type\" content=\"article\" \/>\n<meta property=\"og:title\" content=\"Zo z\u00e1pisnice z 6.12.2019 - Slovensk\u00e1 spolo\u010dnos\u0165 alergol\u00f3gie a klinickej imunol\u00f3gie\" \/>\n<meta property=\"og:description\" content=\"Sme odborn\u00e1 splo\u010dnos\u0165, ktor\u00e1 zdru\u017euje klinick\u00fdch imunol\u00f3gov a alergol\u00f3gov, ako aj in\u00fdch odborn\u00edkov so z\u00e1ujmom o tento odbor. Na\u0161a spolo\u010dnos\u0165 je hlavn\u00fdm organiz\u00e1torom kontunu\u00e1lneho vzdel\u00e1vania v tomto odbore na Slovensku.\" \/>\n<meta property=\"og:url\" content=\"https:\/\/www.ssaki.eu\/?page_id=3551170\" \/>\n<meta property=\"og:site_name\" content=\"Slovensk\u00e1 spolo\u010dnos\u0165 alergol\u00f3gie a klinickej imunol\u00f3gie\" \/>\n<meta property=\"article:publisher\" content=\"https:\/\/www.facebook.com\/alergologoviaimunologoviaSK\" \/>\n<meta property=\"og:image\" content=\"https:\/\/www.ssaki.eu\/wp-content\/uploads\/2021\/01\/STOP_COVID_SSAKI-e1609772027682.png\" \/>\n\t<meta property=\"og:image:width\" content=\"640\" \/>\n\t<meta property=\"og:image:height\" content=\"360\" \/>\n\t<meta property=\"og:image:type\" content=\"image\/png\" \/>\n<meta name=\"twitter:card\" content=\"summary_large_image\" \/>\n<meta name=\"twitter:label1\" content=\"Predpokladan\u00fd \u010das \u010d\u00edtania\" \/>\n\t<meta name=\"twitter:data1\" content=\"3 min\u00faty\" \/>\n<script type=\"application\/ld+json\" class=\"yoast-schema-graph\">{\"@context\":\"https:\\\/\\\/schema.org\",\"@graph\":[{\"@type\":[\"WebPage\",\"MedicalWebPage\"],\"@id\":\"https:\\\/\\\/www.ssaki.eu\\\/?page_id=3551170\",\"url\":\"https:\\\/\\\/www.ssaki.eu\\\/?page_id=3551170\",\"name\":\"Zo z\u00e1pisnice z 6.12.2019 - Slovensk\u00e1 spolo\u010dnos\u0165 alergol\u00f3gie a klinickej imunol\u00f3gie\",\"isPartOf\":{\"@id\":\"https:\\\/\\\/www.ssaki.eu\\\/#website\"},\"datePublished\":\"2019-12-09T21:13:59+00:00\",\"description\":\"Sme odborn\u00e1 splo\u010dnos\u0165, ktor\u00e1 zdru\u017euje klinick\u00fdch imunol\u00f3gov a alergol\u00f3gov, ako aj in\u00fdch odborn\u00edkov so z\u00e1ujmom o tento odbor. Na\u0161a spolo\u010dnos\u0165 je hlavn\u00fdm organiz\u00e1torom kontunu\u00e1lneho vzdel\u00e1vania v tomto odbore na Slovensku.\",\"breadcrumb\":{\"@id\":\"https:\\\/\\\/www.ssaki.eu\\\/?page_id=3551170#breadcrumb\"},\"inLanguage\":\"sk-SK\",\"potentialAction\":[{\"@type\":\"ReadAction\",\"target\":[\"https:\\\/\\\/www.ssaki.eu\\\/?page_id=3551170\"]}]},{\"@type\":\"BreadcrumbList\",\"@id\":\"https:\\\/\\\/www.ssaki.eu\\\/?page_id=3551170#breadcrumb\",\"itemListElement\":[{\"@type\":\"ListItem\",\"position\":1,\"name\":\"Domovsk\u00e1 str\u00e1nka\",\"item\":\"https:\\\/\\\/www.ssaki.eu\\\/\"},{\"@type\":\"ListItem\",\"position\":2,\"name\":\"Zo z\u00e1pisnice z 6.12.2019\"}]},{\"@type\":\"WebSite\",\"@id\":\"https:\\\/\\\/www.ssaki.eu\\\/#website\",\"url\":\"https:\\\/\\\/www.ssaki.eu\\\/\",\"name\":\"Slovensk\u00e1 spolo\u010dnos\u0165 alergol\u00f3gie a klinickej imunol\u00f3gie\",\"description\":\"\",\"publisher\":{\"@id\":\"https:\\\/\\\/www.ssaki.eu\\\/#organization\"},\"potentialAction\":[{\"@type\":\"SearchAction\",\"target\":{\"@type\":\"EntryPoint\",\"urlTemplate\":\"https:\\\/\\\/www.ssaki.eu\\\/?s={search_term_string}\"},\"query-input\":{\"@type\":\"PropertyValueSpecification\",\"valueRequired\":true,\"valueName\":\"search_term_string\"}}],\"inLanguage\":\"sk-SK\"},{\"@type\":\"Organization\",\"@id\":\"https:\\\/\\\/www.ssaki.eu\\\/#organization\",\"name\":\"Slovensk\u00e1 spolo\u010dnos\u0165 alergol\u00f3gie a klinickej imunol\u00f3gie\",\"url\":\"https:\\\/\\\/www.ssaki.eu\\\/\",\"logo\":{\"@type\":\"ImageObject\",\"inLanguage\":\"sk-SK\",\"@id\":\"https:\\\/\\\/www.ssaki.eu\\\/#\\\/schema\\\/logo\\\/image\\\/\",\"url\":\"https:\\\/\\\/www.ssaki.eu\\\/wp-content\\\/uploads\\\/2021\\\/01\\\/LOGO-1.png\",\"contentUrl\":\"https:\\\/\\\/www.ssaki.eu\\\/wp-content\\\/uploads\\\/2021\\\/01\\\/LOGO-1.png\",\"width\":1280,\"height\":720,\"caption\":\"Slovensk\u00e1 spolo\u010dnos\u0165 alergol\u00f3gie a klinickej imunol\u00f3gie\"},\"image\":{\"@id\":\"https:\\\/\\\/www.ssaki.eu\\\/#\\\/schema\\\/logo\\\/image\\\/\"},\"sameAs\":[\"https:\\\/\\\/www.facebook.com\\\/alergologoviaimunologoviaSK\"]}]}<\/script>\n<!-- \/ Yoast SEO plugin. -->","yoast_head_json":{"title":"Zo z\u00e1pisnice z 6.12.2019 - Slovensk\u00e1 spolo\u010dnos\u0165 alergol\u00f3gie a klinickej imunol\u00f3gie","description":"Sme odborn\u00e1 splo\u010dnos\u0165, ktor\u00e1 zdru\u017euje klinick\u00fdch imunol\u00f3gov a alergol\u00f3gov, ako aj in\u00fdch odborn\u00edkov so z\u00e1ujmom o tento odbor. Na\u0161a spolo\u010dnos\u0165 je hlavn\u00fdm organiz\u00e1torom kontunu\u00e1lneho vzdel\u00e1vania v tomto odbore na Slovensku.","robots":{"index":"index","follow":"follow","max-snippet":"max-snippet:-1","max-image-preview":"max-image-preview:large","max-video-preview":"max-video-preview:-1"},"canonical":"https:\/\/www.ssaki.eu\/?page_id=3551170","og_locale":"sk_SK","og_type":"article","og_title":"Zo z\u00e1pisnice z 6.12.2019 - Slovensk\u00e1 spolo\u010dnos\u0165 alergol\u00f3gie a klinickej imunol\u00f3gie","og_description":"Sme odborn\u00e1 splo\u010dnos\u0165, ktor\u00e1 zdru\u017euje klinick\u00fdch imunol\u00f3gov a alergol\u00f3gov, ako aj in\u00fdch odborn\u00edkov so z\u00e1ujmom o tento odbor. Na\u0161a spolo\u010dnos\u0165 je hlavn\u00fdm organiz\u00e1torom kontunu\u00e1lneho vzdel\u00e1vania v tomto odbore na Slovensku.","og_url":"https:\/\/www.ssaki.eu\/?page_id=3551170","og_site_name":"Slovensk\u00e1 spolo\u010dnos\u0165 alergol\u00f3gie a klinickej imunol\u00f3gie","article_publisher":"https:\/\/www.facebook.com\/alergologoviaimunologoviaSK","og_image":[{"width":640,"height":360,"url":"https:\/\/www.ssaki.eu\/wp-content\/uploads\/2021\/01\/STOP_COVID_SSAKI-e1609772027682.png","type":"image\/png"}],"twitter_card":"summary_large_image","twitter_misc":{"Predpokladan\u00fd \u010das \u010d\u00edtania":"3 min\u00faty"},"schema":{"@context":"https:\/\/schema.org","@graph":[{"@type":["WebPage","MedicalWebPage"],"@id":"https:\/\/www.ssaki.eu\/?page_id=3551170","url":"https:\/\/www.ssaki.eu\/?page_id=3551170","name":"Zo z\u00e1pisnice z 6.12.2019 - Slovensk\u00e1 spolo\u010dnos\u0165 alergol\u00f3gie a klinickej imunol\u00f3gie","isPartOf":{"@id":"https:\/\/www.ssaki.eu\/#website"},"datePublished":"2019-12-09T21:13:59+00:00","description":"Sme odborn\u00e1 splo\u010dnos\u0165, ktor\u00e1 zdru\u017euje klinick\u00fdch imunol\u00f3gov a alergol\u00f3gov, ako aj in\u00fdch odborn\u00edkov so z\u00e1ujmom o tento odbor. Na\u0161a spolo\u010dnos\u0165 je hlavn\u00fdm organiz\u00e1torom kontunu\u00e1lneho vzdel\u00e1vania v tomto odbore na Slovensku.","breadcrumb":{"@id":"https:\/\/www.ssaki.eu\/?page_id=3551170#breadcrumb"},"inLanguage":"sk-SK","potentialAction":[{"@type":"ReadAction","target":["https:\/\/www.ssaki.eu\/?page_id=3551170"]}]},{"@type":"BreadcrumbList","@id":"https:\/\/www.ssaki.eu\/?page_id=3551170#breadcrumb","itemListElement":[{"@type":"ListItem","position":1,"name":"Domovsk\u00e1 str\u00e1nka","item":"https:\/\/www.ssaki.eu\/"},{"@type":"ListItem","position":2,"name":"Zo z\u00e1pisnice z 6.12.2019"}]},{"@type":"WebSite","@id":"https:\/\/www.ssaki.eu\/#website","url":"https:\/\/www.ssaki.eu\/","name":"Slovensk\u00e1 spolo\u010dnos\u0165 alergol\u00f3gie a klinickej imunol\u00f3gie","description":"","publisher":{"@id":"https:\/\/www.ssaki.eu\/#organization"},"potentialAction":[{"@type":"SearchAction","target":{"@type":"EntryPoint","urlTemplate":"https:\/\/www.ssaki.eu\/?s={search_term_string}"},"query-input":{"@type":"PropertyValueSpecification","valueRequired":true,"valueName":"search_term_string"}}],"inLanguage":"sk-SK"},{"@type":"Organization","@id":"https:\/\/www.ssaki.eu\/#organization","name":"Slovensk\u00e1 spolo\u010dnos\u0165 alergol\u00f3gie a klinickej imunol\u00f3gie","url":"https:\/\/www.ssaki.eu\/","logo":{"@type":"ImageObject","inLanguage":"sk-SK","@id":"https:\/\/www.ssaki.eu\/#\/schema\/logo\/image\/","url":"https:\/\/www.ssaki.eu\/wp-content\/uploads\/2021\/01\/LOGO-1.png","contentUrl":"https:\/\/www.ssaki.eu\/wp-content\/uploads\/2021\/01\/LOGO-1.png","width":1280,"height":720,"caption":"Slovensk\u00e1 spolo\u010dnos\u0165 alergol\u00f3gie a klinickej imunol\u00f3gie"},"image":{"@id":"https:\/\/www.ssaki.eu\/#\/schema\/logo\/image\/"},"sameAs":["https:\/\/www.facebook.com\/alergologoviaimunologoviaSK"]}]}},"_links":{"self":[{"href":"https:\/\/www.ssaki.eu\/index.php?rest_route=\/wp\/v2\/pages\/3551170","targetHints":{"allow":["GET"]}}],"collection":[{"href":"https:\/\/www.ssaki.eu\/index.php?rest_route=\/wp\/v2\/pages"}],"about":[{"href":"https:\/\/www.ssaki.eu\/index.php?rest_route=\/wp\/v2\/types\/page"}],"author":[{"embeddable":true,"href":"https:\/\/www.ssaki.eu\/index.php?rest_route=\/wp\/v2\/users\/1"}],"replies":[{"embeddable":true,"href":"https:\/\/www.ssaki.eu\/index.php?rest_route=%2Fwp%2Fv2%2Fcomments&post=3551170"}],"version-history":[{"count":1,"href":"https:\/\/www.ssaki.eu\/index.php?rest_route=\/wp\/v2\/pages\/3551170\/revisions"}],"predecessor-version":[{"id":3551171,"href":"https:\/\/www.ssaki.eu\/index.php?rest_route=\/wp\/v2\/pages\/3551170\/revisions\/3551171"}],"wp:attachment":[{"href":"https:\/\/www.ssaki.eu\/index.php?rest_route=%2Fwp%2Fv2%2Fmedia&parent=3551170"}],"curies":[{"name":"wp","href":"https:\/\/api.w.org\/{rel}","templated":true}]}}