{"id":3703861,"date":"2020-04-11T17:01:09","date_gmt":"2020-04-11T15:01:09","guid":{"rendered":"http:\/\/www.ssaki.eu\/?page_id=3703861"},"modified":"2020-04-12T07:26:22","modified_gmt":"2020-04-12T05:26:22","slug":"casopisy-na-internete","status":"publish","type":"page","link":"https:\/\/www.ssaki.eu\/?page_id=3703861","title":{"rendered":"\u010casopisy na internete"},"content":{"rendered":"\n<p style=\"text-align:center\">Uv\u00e1dzame zoznam vo\u013ene dostupn\u00fdch, pr\u00edpadne dostupn\u00fdch s ist\u00fdm obmedzen\u00edm (napr\u00edklad po 12 mesiacoch) \u010dasopisov s allergologickou a imunologickou problematikou.<\/p>\n\n\n\n<p><a rel=\"noreferrer noopener\" aria-label=\"AIMS Allergy and Immunology (otvor\u00ed sa v novej karte)\" href=\"https:\/\/www.aimspress.com\/journal\/Allergy\" target=\"_blank\">AIMS Allergy and Immunology<\/a><\/p>\n\n\n\n<p><a rel=\"noreferrer noopener\" aria-label=\"ALERGIE-\u010cSAKI (otvor\u00ed sa v novej karte)\" href=\"http:\/\/www.tigis.cz\/casopisy\/pro-lekare\/alergie22\" target=\"_blank\">ALERGIE-\u010cSAKI<\/a><\/p>\n\n\n\n<p><a href=\"http:\/\/www.tigis.cz\/casopisy\/pro-pacienty\/alergie-astma-bronchitida3\">Alergie, Astma, Bronchit\u00edda<\/a><\/p>\n\n\n\n<p><a rel=\"noreferrer noopener\" aria-label=\"Allergologie -Select (otvor\u00ed sa v novej karte)\" href=\"https:\/\/www.dustri.com\/nc\/journals-in-english\/mag\/allergologie-select.html\" target=\"_blank\">Allergologie -Select<\/a><\/p>\n\n\n\n<p><a rel=\"noreferrer noopener\" aria-label=\"Allergology International (otvor\u00ed sa v novej karte)\" href=\"https:\/\/www.sciencedirect.com\/journal\/allergology-international\" target=\"_blank\">Allergology International<\/a><\/p>\n\n\n\n<p><a href=\"https:\/\/journals.sagepub.com\/home\/aar\" target=\"_blank\" rel=\"noreferrer noopener\" aria-label=\"Allergy and Rhinology (otvor\u00ed sa v novej karte)\">Allergy and Rhinology<\/a><\/p>\n\n\n\n<p><a href=\"http:\/\/link.springer.com\/journal\/13223\" target=\"_blank\" rel=\"noreferrer noopener\" aria-label=\"Allergy, Asthma and Clinical Immunology (otvor\u00ed sa v novej karte)\">Allergy, Asthma and Clinical Immunology<\/a><br><\/p>\n\n\n\n<p><a rel=\"noreferrer noopener\" aria-label=\" (otvor\u00ed sa v novej karte)\" href=\"http:\/\/thescipub.com\/aji.toc\" target=\"_blank\">American Journal of Immunology<\/a><\/p>\n\n\n\n<p><a href=\"http:\/\/apallergy.org\" target=\"_blank\" rel=\"noreferrer noopener\" aria-label=\"Asia Pacific Allergy (otvor\u00ed sa v novej karte)\">Asia Pacific Allergy<\/a><\/p>\n\n\n\n<p><a href=\"http:\/\/apjai-journal.org\/\" target=\"_blank\" rel=\"noreferrer noopener\" aria-label=\"Asian Pacific Journal of Allergy and Immunology (otvor\u00ed sa v novej karte)\">Asian Pacific Journal of Allergy and Immunology<\/a><br><\/p>\n\n\n\n<p><a href=\"https:\/\/bmcimmunol.biomedcentral.com\/\" target=\"_blank\" rel=\"noreferrer noopener\" aria-label=\"BMC Immunology (otvor\u00ed sa v novej karte)\">BMC Immunology<\/a><br><\/p>\n\n\n\n<p><a rel=\"noreferrer noopener\" aria-label=\"Cancer Immunology Research (star\u0161ie ako 12 mesiacov) (otvor\u00ed sa v novej karte)\" href=\"https:\/\/cancerimmunolres.aacrjournals.org\/\" target=\"_blank\">Cancer Immunology Research (star\u0161ie ako 12 mesiacov)<\/a><\/p>\n\n\n\n<p><a rel=\"noreferrer noopener\" aria-label=\" (otvor\u00ed sa v novej karte)\" href=\"https:\/\/clinicalmolecularallergy.biomedcentral.com\/\" target=\"_blank\">Clinical and Molecular Allergy<\/a> <br><\/p>\n\n\n\n<p><a href=\"https:\/\/www.nature.com\/cmi\/\" target=\"_blank\" rel=\"noreferrer noopener\" aria-label=\"Cellular &amp; Molecular Immunology (star\u0161ie ako 12 mesiacov) (otvor\u00ed sa v novej karte)\">Cellular &amp; Molecular Immunology (star\u0161ie ako 12 mesiacov)<\/a><br><\/p>\n\n\n\n<p><a rel=\"noreferrer noopener\" aria-label=\"Clinical &amp; Experimental Immunology  (star\u0161ie ako 12 mesiacov) (otvor\u00ed sa v novej karte)\" href=\"https:\/\/onlinelibrary.wiley.com\/loi\/13652249\" target=\"_blank\">Clinical &amp; Experimental Immunology  (star\u0161ie ako 12 mesiacov)<\/a><br><\/p>\n\n\n\n<p><a rel=\"noreferrer noopener\" aria-label=\"Clinical &amp; Translational Immunology (otvor\u00ed sa v novej karte)\" href=\"https:\/\/onlinelibrary.wiley.com\/journal\/20500068\" target=\"_blank\">Clinical &amp; Translational Immunology<\/a><\/p>\n\n\n\n<p><a rel=\"noreferrer noopener\" aria-label=\" (otvor\u00ed sa v novej karte)\" href=\"http:\/\/www.ctajournal.com\/\" target=\"_blank\">Clinical &amp; Translational Allergy<\/a><\/p>\n\n\n\n<p><a href=\"https:\/\/journals.co.za\/content\/journal\/caci\" target=\"_blank\" rel=\"noreferrer noopener\" aria-label=\" (otvor\u00ed sa v novej karte)\">Current Allergy &amp; Clinical Immunology<\/a><\/p>\n\n\n\n<p> <a rel=\"noreferrer noopener\" aria-label=\"European Journal of Immunology (otvor\u00ed sa v novej karte)\" href=\"https:\/\/onlinelibrary.wiley.com\/journal\/15214141\" target=\"_blank\">European Journal of Immunology<\/a><\/p>\n\n\n\n<p><a rel=\"noreferrer noopener\" aria-label=\"Immunologic Medicine: (otvor\u00ed sa v novej karte)\" href=\"https:\/\/www.tandfonline.com\/toc\/timm20\/current\" target=\"_blank\">Immunologic Medicine<\/a><\/p>\n\n\n\n<p><a rel=\"noreferrer noopener\" aria-label=\"International Journal of Immunology (otvor\u00ed sa v novej karte)\" href=\"http:\/\/www.sciencepublishinggroup.com\/j\/iji\" target=\"_blank\">International Journal of Immunology<\/a><\/p>\n\n\n\n<p><a href=\"https:\/\/www.dovepress.com\/journal-of-asthma-and-allergy-archive27\" target=\"_blank\" rel=\"noreferrer noopener\" aria-label=\"Journal of Asthma and Allergy (otvor\u00ed sa v novej karte)\">Journal of Asthma and Allergy<\/a><\/p>\n\n\n\n<p><a href=\"https:\/\/onlinelibrary.wiley.com\/journal\/25744593\" target=\"_blank\" rel=\"noreferrer noopener\" aria-label=\"Journal of Cutaneous Immunology and Allergy (otvor\u00ed sa v novej karte)\">Journal of Cutaneous Immunology and Allergy<\/a><br><\/p>\n\n\n\n<p><a href=\"http:\/\/www.jimmunol.org\/\" target=\"_blank\" rel=\"noreferrer noopener\" aria-label=\"Journal of Immunology (1998 \u2013 star\u0161ie ako 12 mesiacov) (otvor\u00ed sa v novej karte)\">Journal of Immunology (1998 \u2013 star\u0161ie ako 12 mesiacov)<\/a><br><\/p>\n\n\n\n<p><a href=\"http:\/\/www.jiaci.org\" target=\"_blank\" rel=\"noreferrer noopener\" aria-label=\"Journal of Investigational Allergology and Clinical Immunology (otvor\u00ed sa v novej karte)\">Journal of Investigational Allergology and Clinical Immunology<\/a><br><\/p>\n\n\n\n<p><a href=\"http:\/\/www.e-jmii.com\/issues\" target=\"_blank\" rel=\"noreferrer noopener\" aria-label=\"Journal of Microbiology, Immunology and Infection (otvor\u00ed sa v novej karte)\">Journal of Microbiology, Immunology and Infection<\/a><br><\/p>\n\n\n\n<p><a href=\"https:\/\/onlinelibrary.wiley.com\/journal\/13480421\" target=\"_blank\" rel=\"noreferrer noopener\" aria-label=\"Microbiology and Immunology (star\u0161ie ako 18 mesiacov) (otvor\u00ed sa v novej karte)\">Microbiology and Immunology (star\u0161ie ako 18 mesiacov)<\/a><br><\/p>\n\n\n\n<p><a href=\"http:\/\/www.nature.com\/mi\/index.html\" target=\"_blank\" rel=\"noreferrer noopener\" aria-label=\"Mucosal Immunology (star\u0161ie ako 12 mesiacov) (otvor\u00ed sa v novej karte)\">Mucosal Immunology (star\u0161ie ako 12 mesiacov)<\/a><br><\/p>\n\n\n\n<p><a href=\"http:\/\/www.nnjournal.net\" target=\"_blank\" rel=\"noreferrer noopener\" aria-label=\"Neuroimmunology and Neuroinflammation (otvor\u00ed sa v novej karte)\">Neuroimmunology and Neuroinflammation<\/a><br><\/p>\n\n\n\n<p><a rel=\"noreferrer noopener\" aria-label=\"Pathogens and Diseases (star\u0161ie ako 12 mesiacov) (otvor\u00ed sa v novej karte)\" href=\"https:\/\/academic.oup.com\/femspd\" target=\"_blank\">Pathogens and Diseases (star\u0161ie ako 12 mesiacov)<\/a><br> <br><a rel=\"noreferrer noopener\" aria-label=\"Scandinavian Journal of Immunology (star\u0161ie ako 12 mesiacov + v\u0161etky Reviews) (otvor\u00ed sa v novej karte)\" href=\"https:\/\/onlinelibrary.wiley.com\/journal\/13653083\" target=\"_blank\">Scandinavian Journal of Immunology (star\u0161ie ako 12 mesiacov + v\u0161etky Reviews)<\/a><\/p>\n\n\n\n<p><a rel=\"noreferrer noopener\" aria-label=\" (otvor\u00ed sa v novej karte)\" href=\"https:\/\/www.sciencedirect.com\/journal\/World-Allergy-Organization-Journal\" target=\"_blank\">World Allergy Organization Journal<\/a><br>                    <a href=\"http:\/\/www.ssaki.eu\/?page_id=3704985\" target=\"_blank\" rel=\"noreferrer noopener\" aria-label=\"obsah (otvor\u00ed sa v novej karte)\">obsah<\/a><\/p>\n\r\n","protected":false},"excerpt":{"rendered":"<p>Uv\u00e1dzame zoznam vo\u013ene dostupn\u00fdch, pr\u00edpadne dostupn\u00fdch s ist\u00fdm obmedzen\u00edm (napr\u00edklad po 12 mesiacoch) \u010dasopisov s allergologickou a imunologickou problematikou. AIMS Allergy and Immunology ALERGIE-\u010cSAKI Alergie, Astma, Bronchit\u00edda Allergologie -Select Allergology International Allergy and Rhinology&#46;&#46;&#46;<\/p>\n","protected":false},"author":1,"featured_media":0,"parent":0,"menu_order":0,"comment_status":"closed","ping_status":"closed","template":"","meta":{"footnotes":""},"class_list":["post-3703861","page","type-page","status-publish","hentry"],"yoast_head":"<!-- This site is optimized with the Yoast SEO plugin v27.4 - https:\/\/yoast.com\/product\/yoast-seo-wordpress\/ -->\n<title>\u010casopisy na internete - Slovensk\u00e1 spolo\u010dnos\u0165 alergol\u00f3gie a klinickej imunol\u00f3gie<\/title>\n<meta name=\"description\" content=\"Sme odborn\u00e1 splo\u010dnos\u0165, ktor\u00e1 zdru\u017euje klinick\u00fdch imunol\u00f3gov a alergol\u00f3gov, ako aj in\u00fdch odborn\u00edkov so z\u00e1ujmom o tento odbor. Na\u0161a spolo\u010dnos\u0165 je hlavn\u00fdm organiz\u00e1torom kontunu\u00e1lneho vzdel\u00e1vania v tomto odbore na Slovensku.\" \/>\n<meta name=\"robots\" content=\"index, follow, max-snippet:-1, max-image-preview:large, max-video-preview:-1\" \/>\n<link rel=\"canonical\" href=\"https:\/\/www.ssaki.eu\/?page_id=3703861\" \/>\n<meta property=\"og:locale\" content=\"sk_SK\" \/>\n<meta property=\"og:type\" content=\"article\" \/>\n<meta property=\"og:title\" content=\"\u010casopisy na internete - Slovensk\u00e1 spolo\u010dnos\u0165 alergol\u00f3gie a klinickej imunol\u00f3gie\" \/>\n<meta property=\"og:description\" content=\"Sme odborn\u00e1 splo\u010dnos\u0165, ktor\u00e1 zdru\u017euje klinick\u00fdch imunol\u00f3gov a alergol\u00f3gov, ako aj in\u00fdch odborn\u00edkov so z\u00e1ujmom o tento odbor. Na\u0161a spolo\u010dnos\u0165 je hlavn\u00fdm organiz\u00e1torom kontunu\u00e1lneho vzdel\u00e1vania v tomto odbore na Slovensku.\" \/>\n<meta property=\"og:url\" content=\"https:\/\/www.ssaki.eu\/?page_id=3703861\" \/>\n<meta property=\"og:site_name\" content=\"Slovensk\u00e1 spolo\u010dnos\u0165 alergol\u00f3gie a klinickej imunol\u00f3gie\" \/>\n<meta property=\"article:publisher\" content=\"https:\/\/www.facebook.com\/alergologoviaimunologoviaSK\" \/>\n<meta property=\"article:modified_time\" content=\"2020-04-12T05:26:22+00:00\" \/>\n<meta property=\"og:image\" content=\"https:\/\/www.ssaki.eu\/wp-content\/uploads\/2021\/01\/STOP_COVID_SSAKI-e1609772027682.png\" \/>\n\t<meta property=\"og:image:width\" content=\"640\" \/>\n\t<meta property=\"og:image:height\" content=\"360\" \/>\n\t<meta property=\"og:image:type\" content=\"image\/png\" \/>\n<meta name=\"twitter:card\" content=\"summary_large_image\" \/>\n<meta name=\"twitter:label1\" content=\"Predpokladan\u00fd \u010das \u010d\u00edtania\" \/>\n\t<meta name=\"twitter:data1\" content=\"1 min\u00fata\" \/>\n<script type=\"application\/ld+json\" class=\"yoast-schema-graph\">{\"@context\":\"https:\\\/\\\/schema.org\",\"@graph\":[{\"@type\":[\"WebPage\",\"MedicalWebPage\"],\"@id\":\"https:\\\/\\\/www.ssaki.eu\\\/?page_id=3703861\",\"url\":\"https:\\\/\\\/www.ssaki.eu\\\/?page_id=3703861\",\"name\":\"\u010casopisy na internete - Slovensk\u00e1 spolo\u010dnos\u0165 alergol\u00f3gie a klinickej imunol\u00f3gie\",\"isPartOf\":{\"@id\":\"https:\\\/\\\/www.ssaki.eu\\\/#website\"},\"datePublished\":\"2020-04-11T15:01:09+00:00\",\"dateModified\":\"2020-04-12T05:26:22+00:00\",\"description\":\"Sme odborn\u00e1 splo\u010dnos\u0165, ktor\u00e1 zdru\u017euje klinick\u00fdch imunol\u00f3gov a alergol\u00f3gov, ako aj in\u00fdch odborn\u00edkov so z\u00e1ujmom o tento odbor. Na\u0161a spolo\u010dnos\u0165 je hlavn\u00fdm organiz\u00e1torom kontunu\u00e1lneho vzdel\u00e1vania v tomto odbore na Slovensku.\",\"breadcrumb\":{\"@id\":\"https:\\\/\\\/www.ssaki.eu\\\/?page_id=3703861#breadcrumb\"},\"inLanguage\":\"sk-SK\",\"potentialAction\":[{\"@type\":\"ReadAction\",\"target\":[\"https:\\\/\\\/www.ssaki.eu\\\/?page_id=3703861\"]}]},{\"@type\":\"BreadcrumbList\",\"@id\":\"https:\\\/\\\/www.ssaki.eu\\\/?page_id=3703861#breadcrumb\",\"itemListElement\":[{\"@type\":\"ListItem\",\"position\":1,\"name\":\"Domovsk\u00e1 str\u00e1nka\",\"item\":\"https:\\\/\\\/www.ssaki.eu\\\/\"},{\"@type\":\"ListItem\",\"position\":2,\"name\":\"\u010casopisy na internete\"}]},{\"@type\":\"WebSite\",\"@id\":\"https:\\\/\\\/www.ssaki.eu\\\/#website\",\"url\":\"https:\\\/\\\/www.ssaki.eu\\\/\",\"name\":\"Slovensk\u00e1 spolo\u010dnos\u0165 alergol\u00f3gie a klinickej imunol\u00f3gie\",\"description\":\"\",\"publisher\":{\"@id\":\"https:\\\/\\\/www.ssaki.eu\\\/#organization\"},\"potentialAction\":[{\"@type\":\"SearchAction\",\"target\":{\"@type\":\"EntryPoint\",\"urlTemplate\":\"https:\\\/\\\/www.ssaki.eu\\\/?s={search_term_string}\"},\"query-input\":{\"@type\":\"PropertyValueSpecification\",\"valueRequired\":true,\"valueName\":\"search_term_string\"}}],\"inLanguage\":\"sk-SK\"},{\"@type\":\"Organization\",\"@id\":\"https:\\\/\\\/www.ssaki.eu\\\/#organization\",\"name\":\"Slovensk\u00e1 spolo\u010dnos\u0165 alergol\u00f3gie a klinickej imunol\u00f3gie\",\"url\":\"https:\\\/\\\/www.ssaki.eu\\\/\",\"logo\":{\"@type\":\"ImageObject\",\"inLanguage\":\"sk-SK\",\"@id\":\"https:\\\/\\\/www.ssaki.eu\\\/#\\\/schema\\\/logo\\\/image\\\/\",\"url\":\"https:\\\/\\\/www.ssaki.eu\\\/wp-content\\\/uploads\\\/2021\\\/01\\\/LOGO-1.png\",\"contentUrl\":\"https:\\\/\\\/www.ssaki.eu\\\/wp-content\\\/uploads\\\/2021\\\/01\\\/LOGO-1.png\",\"width\":1280,\"height\":720,\"caption\":\"Slovensk\u00e1 spolo\u010dnos\u0165 alergol\u00f3gie a klinickej imunol\u00f3gie\"},\"image\":{\"@id\":\"https:\\\/\\\/www.ssaki.eu\\\/#\\\/schema\\\/logo\\\/image\\\/\"},\"sameAs\":[\"https:\\\/\\\/www.facebook.com\\\/alergologoviaimunologoviaSK\"]}]}<\/script>\n<!-- \/ Yoast SEO plugin. -->","yoast_head_json":{"title":"\u010casopisy na internete - Slovensk\u00e1 spolo\u010dnos\u0165 alergol\u00f3gie a klinickej imunol\u00f3gie","description":"Sme odborn\u00e1 splo\u010dnos\u0165, ktor\u00e1 zdru\u017euje klinick\u00fdch imunol\u00f3gov a alergol\u00f3gov, ako aj in\u00fdch odborn\u00edkov so z\u00e1ujmom o tento odbor. Na\u0161a spolo\u010dnos\u0165 je hlavn\u00fdm organiz\u00e1torom kontunu\u00e1lneho vzdel\u00e1vania v tomto odbore na Slovensku.","robots":{"index":"index","follow":"follow","max-snippet":"max-snippet:-1","max-image-preview":"max-image-preview:large","max-video-preview":"max-video-preview:-1"},"canonical":"https:\/\/www.ssaki.eu\/?page_id=3703861","og_locale":"sk_SK","og_type":"article","og_title":"\u010casopisy na internete - Slovensk\u00e1 spolo\u010dnos\u0165 alergol\u00f3gie a klinickej imunol\u00f3gie","og_description":"Sme odborn\u00e1 splo\u010dnos\u0165, ktor\u00e1 zdru\u017euje klinick\u00fdch imunol\u00f3gov a alergol\u00f3gov, ako aj in\u00fdch odborn\u00edkov so z\u00e1ujmom o tento odbor. Na\u0161a spolo\u010dnos\u0165 je hlavn\u00fdm organiz\u00e1torom kontunu\u00e1lneho vzdel\u00e1vania v tomto odbore na Slovensku.","og_url":"https:\/\/www.ssaki.eu\/?page_id=3703861","og_site_name":"Slovensk\u00e1 spolo\u010dnos\u0165 alergol\u00f3gie a klinickej imunol\u00f3gie","article_publisher":"https:\/\/www.facebook.com\/alergologoviaimunologoviaSK","article_modified_time":"2020-04-12T05:26:22+00:00","og_image":[{"width":640,"height":360,"url":"https:\/\/www.ssaki.eu\/wp-content\/uploads\/2021\/01\/STOP_COVID_SSAKI-e1609772027682.png","type":"image\/png"}],"twitter_card":"summary_large_image","twitter_misc":{"Predpokladan\u00fd \u010das \u010d\u00edtania":"1 min\u00fata"},"schema":{"@context":"https:\/\/schema.org","@graph":[{"@type":["WebPage","MedicalWebPage"],"@id":"https:\/\/www.ssaki.eu\/?page_id=3703861","url":"https:\/\/www.ssaki.eu\/?page_id=3703861","name":"\u010casopisy na internete - Slovensk\u00e1 spolo\u010dnos\u0165 alergol\u00f3gie a klinickej imunol\u00f3gie","isPartOf":{"@id":"https:\/\/www.ssaki.eu\/#website"},"datePublished":"2020-04-11T15:01:09+00:00","dateModified":"2020-04-12T05:26:22+00:00","description":"Sme odborn\u00e1 splo\u010dnos\u0165, ktor\u00e1 zdru\u017euje klinick\u00fdch imunol\u00f3gov a alergol\u00f3gov, ako aj in\u00fdch odborn\u00edkov so z\u00e1ujmom o tento odbor. Na\u0161a spolo\u010dnos\u0165 je hlavn\u00fdm organiz\u00e1torom kontunu\u00e1lneho vzdel\u00e1vania v tomto odbore na Slovensku.","breadcrumb":{"@id":"https:\/\/www.ssaki.eu\/?page_id=3703861#breadcrumb"},"inLanguage":"sk-SK","potentialAction":[{"@type":"ReadAction","target":["https:\/\/www.ssaki.eu\/?page_id=3703861"]}]},{"@type":"BreadcrumbList","@id":"https:\/\/www.ssaki.eu\/?page_id=3703861#breadcrumb","itemListElement":[{"@type":"ListItem","position":1,"name":"Domovsk\u00e1 str\u00e1nka","item":"https:\/\/www.ssaki.eu\/"},{"@type":"ListItem","position":2,"name":"\u010casopisy na internete"}]},{"@type":"WebSite","@id":"https:\/\/www.ssaki.eu\/#website","url":"https:\/\/www.ssaki.eu\/","name":"Slovensk\u00e1 spolo\u010dnos\u0165 alergol\u00f3gie a klinickej imunol\u00f3gie","description":"","publisher":{"@id":"https:\/\/www.ssaki.eu\/#organization"},"potentialAction":[{"@type":"SearchAction","target":{"@type":"EntryPoint","urlTemplate":"https:\/\/www.ssaki.eu\/?s={search_term_string}"},"query-input":{"@type":"PropertyValueSpecification","valueRequired":true,"valueName":"search_term_string"}}],"inLanguage":"sk-SK"},{"@type":"Organization","@id":"https:\/\/www.ssaki.eu\/#organization","name":"Slovensk\u00e1 spolo\u010dnos\u0165 alergol\u00f3gie a klinickej imunol\u00f3gie","url":"https:\/\/www.ssaki.eu\/","logo":{"@type":"ImageObject","inLanguage":"sk-SK","@id":"https:\/\/www.ssaki.eu\/#\/schema\/logo\/image\/","url":"https:\/\/www.ssaki.eu\/wp-content\/uploads\/2021\/01\/LOGO-1.png","contentUrl":"https:\/\/www.ssaki.eu\/wp-content\/uploads\/2021\/01\/LOGO-1.png","width":1280,"height":720,"caption":"Slovensk\u00e1 spolo\u010dnos\u0165 alergol\u00f3gie a klinickej imunol\u00f3gie"},"image":{"@id":"https:\/\/www.ssaki.eu\/#\/schema\/logo\/image\/"},"sameAs":["https:\/\/www.facebook.com\/alergologoviaimunologoviaSK"]}]}},"_links":{"self":[{"href":"https:\/\/www.ssaki.eu\/index.php?rest_route=\/wp\/v2\/pages\/3703861","targetHints":{"allow":["GET"]}}],"collection":[{"href":"https:\/\/www.ssaki.eu\/index.php?rest_route=\/wp\/v2\/pages"}],"about":[{"href":"https:\/\/www.ssaki.eu\/index.php?rest_route=\/wp\/v2\/types\/page"}],"author":[{"embeddable":true,"href":"https:\/\/www.ssaki.eu\/index.php?rest_route=\/wp\/v2\/users\/1"}],"replies":[{"embeddable":true,"href":"https:\/\/www.ssaki.eu\/index.php?rest_route=%2Fwp%2Fv2%2Fcomments&post=3703861"}],"version-history":[{"count":11,"href":"https:\/\/www.ssaki.eu\/index.php?rest_route=\/wp\/v2\/pages\/3703861\/revisions"}],"predecessor-version":[{"id":3704988,"href":"https:\/\/www.ssaki.eu\/index.php?rest_route=\/wp\/v2\/pages\/3703861\/revisions\/3704988"}],"wp:attachment":[{"href":"https:\/\/www.ssaki.eu\/index.php?rest_route=%2Fwp%2Fv2%2Fmedia&parent=3703861"}],"curies":[{"name":"wp","href":"https:\/\/api.w.org\/{rel}","templated":true}]}}