{"id":3754001,"date":"2020-06-01T23:30:36","date_gmt":"2020-06-01T21:30:36","guid":{"rendered":"http:\/\/www.ssaki.eu\/?page_id=3754001"},"modified":"2020-06-01T23:31:26","modified_gmt":"2020-06-01T21:31:26","slug":"zo-zapisnice-z-29-5-2020","status":"publish","type":"page","link":"https:\/\/www.ssaki.eu\/?page_id=3754001","title":{"rendered":"Zo z\u00e1pisnice z 29.5.2020"},"content":{"rendered":"\n<p>Z\u00e1pisnica zo zasadnutia V\u00fdboru SSAKI a Poradn\u00e9ho zboru hlavn\u00e9ho odborn\u00edka MZ SR 29.5.2020, Liptovsk\u00fd Hr\u00e1dok<br>Pr\u00edtomn\u00ed: Dzurillov\u00e1, Hlinka, Hochmuth, Hrubi\u0161ko, Koss\u00e1rov\u00e1, Ko\u0161turiak, Lap\u0161ansk\u00e1, Mikler, Petriskov\u00e1, Pru\u017einec, Schvalbov\u00e1, Smie\u0161kov\u00e1<br>Ospravedlnen\u00ed: \u010ci\u017en\u00e1r, Jese\u0148\u00e1k &#8211; sk\u00fa\u0161aj\u00faci na \u0161t\u00e1tnych z\u00e1vere\u010dn\u00fdch sk\u00fa\u0161kach LF<\/p>\n\n\n\n<p>I. Otvorenie zasadnutia a zhrnutie \u010dinnosti medzi zasadnutiami (Hrubi\u0161ko, Pru\u017einec)<br>II. Program zasadnutia<\/p>\n\n\n\n<ol class=\"wp-block-list\"><li>Vo\u013eby do V\u00fdboru SSAKI<\/li><\/ol>\n\n\n\n<p> V\u00fdbor SSAKI rozhodol v s\u00falade so stanovami SLS a nov\u00fdm volebn\u00fdm poriadkom, o ktorom informoval M. Hrubi\u0161ko, \u017ee vo\u013eby prebehn\u00fa kore\u0161ponden\u010dne a jednokolovo. <br><\/p>\n\n\n\n<p>V s\u00favislosti s pand\u00e9miou Covid-19 je predpokladan\u00fd term\u00edn volieb september 2020.  <br><\/p>\n\n\n\n<p>Zlo\u017eenie volebnej komisie bude ozn\u00e1men\u00e9 na str\u00e1nke SSAKI po ods\u00fahlasen\u00ed Slovenskou lek\u00e1rskou spolo\u010dnos\u0165ou.  <\/p>\n\n\n\n<p>2. Term\u00edny odborn\u00fdch akci\u00ed 2020 :<\/p>\n\n\n\n<ul class=\"wp-block-list\"><li>Kongres EAACI ktor\u00fd sa mal uskuto\u010dni\u0165 v Lond\u00fdne sa uskuto\u010dn\u00ed vzh\u013eadom k prebiehaj\u00facej pand\u00e9mii Covid-19 v digit\u00e1lnej podobe s programom viac-menej toto\u017en\u00fdm s pl\u00e1novan\u00fdm. EAACI vyz\u00fdva v\u0161etk\u00fdch svojich \u010dlenov aj ne\u010dlenov aby sa kongresu z\u00fa\u010dastnili &#8211; registr\u00e1cia online je jednoduch\u00e1 a registra\u010dn\u00fd poplatok je v\u00fdrazne ni\u017e\u0161\u00ed ako v pr\u00edpade prezen\u010dnej podoby. <\/li><li>Letn\u00e1 \u0161kola imunol\u00f3gie 13.-15.8. &#8211; Malat\u00edny <\/li><li>Burza  imunodeficienci\u00ed &#8211; 4.-5.9. &#8211; Doln\u00fd Kub\u00edn<\/li><li>ERS- 5.-8.9. &#8211; Viede\u0148<\/li><li>Martinsk\u00e9 dni imunol\u00f3gie -16.-18.9. &#8211; Martin<\/li><li>Imunodeficity &#8211; 24.-25.9. &#8211; Ko\u0161ice<\/li><li>Kongres \u010cSAKI a SSAKI 7.-10.10. &#8211; Praha <br>\nPod\u013ea \u010desk\u00fdch organiz\u00e1torov sa kongres na 99% uskuto\u010dn\u00ed, av\u0161ak ak by sa z epidemiologick\u00fdch  d\u00f4vodov nekonal, v\u00fdbor \u010cSAKI  navrhuje v\u00fdboru SSAKI uv\u00e1\u017ei\u0165 posunutie term\u00ednu konania kongresu SSAKI a \u010cSAKI o jeden rok (informoval Hrubi\u0161ko na \u017eiados\u0165 predsedu \u010cSAKI P. Panznera).<br>\nV\u00fdbor SSAKI t\u00fato mo\u017enos\u0165 nepova\u017euje za realizovate\u013en\u00fa vzh\u013eadom na zakontrahovan\u00fd term\u00edn konania kongresu v d\u0148och 20.-23.10.2021 v hoteli Bellevue vo Vysok\u00fdch Tatr\u00e1ch.<br>\nV\u00fdbory \u010cSAKI a SSAKI vyz\u00fdvaj\u00fa svojich \u010dlenov prihl\u00e1si\u0165 sa k \u00fa\u010dasti na pra\u017esk\u00fd kongres &#8211; v pr\u00edpade (vysoko nepravdepodobnom) sa organiz\u00e1tor (Solen) zav\u00e4zuje zaplaten\u00e9 poplatky vr\u00e1ti\u0165.<\/li><li>ASLSR -13.-14.10. &#8211; Martin<\/li><li>Medif\u00f3rum -27.-28.11. &#8211; Jasn\u00e1<br>\nV\u00fdbor SSAKI navrhuje, \u017ee vzh\u013eadom na kumul\u00e1ciu odborn\u00fdch podujat\u00ed by bolo vhodn\u00e9 spoji\u0165 AIT f\u00f3rum (Stallergenes) s Medif\u00f3rom.<br>\nTerm\u00edn bud\u00facoro\u010dn\u00fdch MDI  je 14.-16.4.2021(Petriskov\u00e1)<\/li><\/ul>\n\n\n\n<p>3. R\u00f4zne <br>MZSR \u017eiada v\u0161etk\u00fdch hlavn\u00fdch odborn\u00edkov o vypracovanie mana\u017ementu pacienta v \u010dase pand\u00e9mie Covid-19. <\/p>\n\n\n\n<p>V\u00fdbor SSAKI poveril predsedu v\u00fdboru (M.Hrubi\u0161ko) vypracova\u0165 metodick\u00e9 usmernenie pre odbor klinick\u00e1 imunol\u00f3gia a alergol\u00f3gia: \u201eAko lie\u010di\u0165 v \u010dase Covidu?\u201c<\/p>\n\n\n\n<p> V\u00fdbor SSAKI a poradn\u00fd zbor hlavn\u00e9ho odborn\u00edka pre KIA  \u017eiada,  aby v materi\u00e1li dopl\u0148uj\u00facom Katal\u00f3g zdravotn\u00fdch v\u00fdkonov o vy\u0161etrovanie protil\u00e1tok proti SARS-CoV-2 v triede IgA, IgM a IgG r\u00f4znymi sp\u00f4sobmi detekcie bola medzi odbornos\u0165ami  sp\u00f4sobil\u00fdmi na vykon\u00e1vanie zdravotn\u00e9ho v\u00fdkonu vyjadren\u00fdmi profesijn\u00fdm titulom zaraden\u00e1 odbornos\u0165 imunoalergol\u00f3g v kone\u010dnom znen\u00ed: V\u00fdkon vykon\u00e1va lek\u00e1r mikrobiol\u00f3g, imunoalergol\u00f3g, laborat\u00f3rny diagnostik v \u0161pecializa\u010dn\u00fdch odboroch alebo s certifikovanou pracovnou \u010dinnos\u0165ou v \u0161pecializa\u010dn\u00fdch odboroch: laborat\u00f3rne a diagnostick\u00e9 met\u00f3dy v klinickej mikrobiol\u00f3gii, vy\u0161etrovacie met\u00f3dy v klinickej mikrobiol\u00f3gii, laborat\u00f3rne a diagnostick\u00e9 met\u00f3dy v klinickej imunol\u00f3gii a alergol\u00f3gii, zdravotn\u00edcky laborant v \u0161pecializa\u010dn\u00fdch odboroch:  laborat\u00f3rne a diagnostick\u00e9 met\u00f3dy v klinickej mikrobiol\u00f3gii, laborat\u00f3rne a diagnostick\u00e9 met\u00f3dy v klinickej imunol\u00f3gii a alergol\u00f3gii a zdravotn\u00edcky laborant s certifikovanou pracovnou \u010dinnos\u0165ou v \u0161pecializa\u010dnom odbore klinick\u00e1 imunol\u00f3gia a alergol\u00f3gia. Interpret\u00e1ciu v\u00fdsledkov vykon\u00e1va lek\u00e1r klinick\u00fd imunol\u00f3g-alergol\u00f3g a mikrobiol\u00f3g.<br> Doplnenie \u017eiadame z d\u00f4vodu indik\u00e1cie vy\u0161etrenia a n\u00e1slednej interpret\u00e1cie a lie\u010dby ochorenia, ktor\u00e9 postihuje imunitn\u00fd syst\u00e9m. Kone\u010dn\u00e1 a klinicky spr\u00e1vna interpret\u00e1cia v\u00fdsledkov testov na COVID-19 je mo\u017en\u00e1 iba v spojitosti s anamn\u00e9zou a klinick\u00fdm stavom pacienta.<\/p>\n\n\n\n<p>zap\u00edsala: M. Schvalbov\u00e1<br>\nkontroloval, schv\u00e1lil: M. Hrubi\u0161ko<\/p>\n\r\n","protected":false},"excerpt":{"rendered":"<p>Z\u00e1pisnica zo zasadnutia V\u00fdboru SSAKI a Poradn\u00e9ho zboru hlavn\u00e9ho odborn\u00edka MZ SR 29.5.2020, Liptovsk\u00fd Hr\u00e1dokPr\u00edtomn\u00ed: Dzurillov\u00e1, Hlinka, Hochmuth, Hrubi\u0161ko, Koss\u00e1rov\u00e1, Ko\u0161turiak, Lap\u0161ansk\u00e1, Mikler, Petriskov\u00e1, Pru\u017einec, Schvalbov\u00e1, Smie\u0161kov\u00e1Ospravedlnen\u00ed: \u010ci\u017en\u00e1r, Jese\u0148\u00e1k &#8211; sk\u00fa\u0161aj\u00faci na \u0161t\u00e1tnych z\u00e1vere\u010dn\u00fdch&#46;&#46;&#46;<\/p>\n","protected":false},"author":1,"featured_media":0,"parent":0,"menu_order":0,"comment_status":"closed","ping_status":"closed","template":"","meta":{"footnotes":""},"class_list":["post-3754001","page","type-page","status-publish","hentry"],"yoast_head":"<!-- This site is optimized with the Yoast SEO plugin v27.3 - https:\/\/yoast.com\/product\/yoast-seo-wordpress\/ -->\n<title>Zo z\u00e1pisnice z 29.5.2020 - Slovensk\u00e1 spolo\u010dnos\u0165 alergol\u00f3gie a klinickej imunol\u00f3gie<\/title>\n<meta name=\"description\" content=\"Sme odborn\u00e1 splo\u010dnos\u0165, ktor\u00e1 zdru\u017euje klinick\u00fdch imunol\u00f3gov a alergol\u00f3gov, ako aj in\u00fdch odborn\u00edkov so z\u00e1ujmom o tento odbor. Na\u0161a spolo\u010dnos\u0165 je hlavn\u00fdm organiz\u00e1torom kontunu\u00e1lneho vzdel\u00e1vania v tomto odbore na Slovensku.\" \/>\n<meta name=\"robots\" content=\"index, follow, max-snippet:-1, max-image-preview:large, max-video-preview:-1\" \/>\n<link rel=\"canonical\" href=\"https:\/\/www.ssaki.eu\/?page_id=3754001\" \/>\n<meta property=\"og:locale\" content=\"sk_SK\" \/>\n<meta property=\"og:type\" content=\"article\" \/>\n<meta property=\"og:title\" content=\"Zo z\u00e1pisnice z 29.5.2020 - Slovensk\u00e1 spolo\u010dnos\u0165 alergol\u00f3gie a klinickej imunol\u00f3gie\" \/>\n<meta property=\"og:description\" content=\"Sme odborn\u00e1 splo\u010dnos\u0165, ktor\u00e1 zdru\u017euje klinick\u00fdch imunol\u00f3gov a alergol\u00f3gov, ako aj in\u00fdch odborn\u00edkov so z\u00e1ujmom o tento odbor. Na\u0161a spolo\u010dnos\u0165 je hlavn\u00fdm organiz\u00e1torom kontunu\u00e1lneho vzdel\u00e1vania v tomto odbore na Slovensku.\" \/>\n<meta property=\"og:url\" content=\"https:\/\/www.ssaki.eu\/?page_id=3754001\" \/>\n<meta property=\"og:site_name\" content=\"Slovensk\u00e1 spolo\u010dnos\u0165 alergol\u00f3gie a klinickej imunol\u00f3gie\" \/>\n<meta property=\"article:publisher\" content=\"https:\/\/www.facebook.com\/alergologoviaimunologoviaSK\" \/>\n<meta property=\"article:modified_time\" content=\"2020-06-01T21:31:26+00:00\" \/>\n<meta property=\"og:image\" content=\"https:\/\/www.ssaki.eu\/wp-content\/uploads\/2021\/01\/STOP_COVID_SSAKI-e1609772027682.png\" \/>\n\t<meta property=\"og:image:width\" content=\"640\" \/>\n\t<meta property=\"og:image:height\" content=\"360\" \/>\n\t<meta property=\"og:image:type\" content=\"image\/png\" \/>\n<meta name=\"twitter:card\" content=\"summary_large_image\" \/>\n<meta name=\"twitter:label1\" content=\"Predpokladan\u00fd \u010das \u010d\u00edtania\" \/>\n\t<meta name=\"twitter:data1\" content=\"4 min\u00faty\" \/>\n<script type=\"application\/ld+json\" class=\"yoast-schema-graph\">{\"@context\":\"https:\\\/\\\/schema.org\",\"@graph\":[{\"@type\":[\"WebPage\",\"MedicalWebPage\"],\"@id\":\"https:\\\/\\\/www.ssaki.eu\\\/?page_id=3754001\",\"url\":\"https:\\\/\\\/www.ssaki.eu\\\/?page_id=3754001\",\"name\":\"Zo z\u00e1pisnice z 29.5.2020 - Slovensk\u00e1 spolo\u010dnos\u0165 alergol\u00f3gie a klinickej imunol\u00f3gie\",\"isPartOf\":{\"@id\":\"https:\\\/\\\/www.ssaki.eu\\\/#website\"},\"datePublished\":\"2020-06-01T21:30:36+00:00\",\"dateModified\":\"2020-06-01T21:31:26+00:00\",\"description\":\"Sme odborn\u00e1 splo\u010dnos\u0165, ktor\u00e1 zdru\u017euje klinick\u00fdch imunol\u00f3gov a alergol\u00f3gov, ako aj in\u00fdch odborn\u00edkov so z\u00e1ujmom o tento odbor. Na\u0161a spolo\u010dnos\u0165 je hlavn\u00fdm organiz\u00e1torom kontunu\u00e1lneho vzdel\u00e1vania v tomto odbore na Slovensku.\",\"breadcrumb\":{\"@id\":\"https:\\\/\\\/www.ssaki.eu\\\/?page_id=3754001#breadcrumb\"},\"inLanguage\":\"sk-SK\",\"potentialAction\":[{\"@type\":\"ReadAction\",\"target\":[\"https:\\\/\\\/www.ssaki.eu\\\/?page_id=3754001\"]}]},{\"@type\":\"BreadcrumbList\",\"@id\":\"https:\\\/\\\/www.ssaki.eu\\\/?page_id=3754001#breadcrumb\",\"itemListElement\":[{\"@type\":\"ListItem\",\"position\":1,\"name\":\"Domovsk\u00e1 str\u00e1nka\",\"item\":\"https:\\\/\\\/www.ssaki.eu\\\/\"},{\"@type\":\"ListItem\",\"position\":2,\"name\":\"Zo z\u00e1pisnice z 29.5.2020\"}]},{\"@type\":\"WebSite\",\"@id\":\"https:\\\/\\\/www.ssaki.eu\\\/#website\",\"url\":\"https:\\\/\\\/www.ssaki.eu\\\/\",\"name\":\"Slovensk\u00e1 spolo\u010dnos\u0165 alergol\u00f3gie a klinickej imunol\u00f3gie\",\"description\":\"\",\"publisher\":{\"@id\":\"https:\\\/\\\/www.ssaki.eu\\\/#organization\"},\"potentialAction\":[{\"@type\":\"SearchAction\",\"target\":{\"@type\":\"EntryPoint\",\"urlTemplate\":\"https:\\\/\\\/www.ssaki.eu\\\/?s={search_term_string}\"},\"query-input\":{\"@type\":\"PropertyValueSpecification\",\"valueRequired\":true,\"valueName\":\"search_term_string\"}}],\"inLanguage\":\"sk-SK\"},{\"@type\":\"Organization\",\"@id\":\"https:\\\/\\\/www.ssaki.eu\\\/#organization\",\"name\":\"Slovensk\u00e1 spolo\u010dnos\u0165 alergol\u00f3gie a klinickej imunol\u00f3gie\",\"url\":\"https:\\\/\\\/www.ssaki.eu\\\/\",\"logo\":{\"@type\":\"ImageObject\",\"inLanguage\":\"sk-SK\",\"@id\":\"https:\\\/\\\/www.ssaki.eu\\\/#\\\/schema\\\/logo\\\/image\\\/\",\"url\":\"https:\\\/\\\/www.ssaki.eu\\\/wp-content\\\/uploads\\\/2021\\\/01\\\/LOGO-1.png\",\"contentUrl\":\"https:\\\/\\\/www.ssaki.eu\\\/wp-content\\\/uploads\\\/2021\\\/01\\\/LOGO-1.png\",\"width\":1280,\"height\":720,\"caption\":\"Slovensk\u00e1 spolo\u010dnos\u0165 alergol\u00f3gie a klinickej imunol\u00f3gie\"},\"image\":{\"@id\":\"https:\\\/\\\/www.ssaki.eu\\\/#\\\/schema\\\/logo\\\/image\\\/\"},\"sameAs\":[\"https:\\\/\\\/www.facebook.com\\\/alergologoviaimunologoviaSK\"]}]}<\/script>\n<!-- \/ Yoast SEO plugin. -->","yoast_head_json":{"title":"Zo z\u00e1pisnice z 29.5.2020 - Slovensk\u00e1 spolo\u010dnos\u0165 alergol\u00f3gie a klinickej imunol\u00f3gie","description":"Sme odborn\u00e1 splo\u010dnos\u0165, ktor\u00e1 zdru\u017euje klinick\u00fdch imunol\u00f3gov a alergol\u00f3gov, ako aj in\u00fdch odborn\u00edkov so z\u00e1ujmom o tento odbor. Na\u0161a spolo\u010dnos\u0165 je hlavn\u00fdm organiz\u00e1torom kontunu\u00e1lneho vzdel\u00e1vania v tomto odbore na Slovensku.","robots":{"index":"index","follow":"follow","max-snippet":"max-snippet:-1","max-image-preview":"max-image-preview:large","max-video-preview":"max-video-preview:-1"},"canonical":"https:\/\/www.ssaki.eu\/?page_id=3754001","og_locale":"sk_SK","og_type":"article","og_title":"Zo z\u00e1pisnice z 29.5.2020 - Slovensk\u00e1 spolo\u010dnos\u0165 alergol\u00f3gie a klinickej imunol\u00f3gie","og_description":"Sme odborn\u00e1 splo\u010dnos\u0165, ktor\u00e1 zdru\u017euje klinick\u00fdch imunol\u00f3gov a alergol\u00f3gov, ako aj in\u00fdch odborn\u00edkov so z\u00e1ujmom o tento odbor. Na\u0161a spolo\u010dnos\u0165 je hlavn\u00fdm organiz\u00e1torom kontunu\u00e1lneho vzdel\u00e1vania v tomto odbore na Slovensku.","og_url":"https:\/\/www.ssaki.eu\/?page_id=3754001","og_site_name":"Slovensk\u00e1 spolo\u010dnos\u0165 alergol\u00f3gie a klinickej imunol\u00f3gie","article_publisher":"https:\/\/www.facebook.com\/alergologoviaimunologoviaSK","article_modified_time":"2020-06-01T21:31:26+00:00","og_image":[{"width":640,"height":360,"url":"https:\/\/www.ssaki.eu\/wp-content\/uploads\/2021\/01\/STOP_COVID_SSAKI-e1609772027682.png","type":"image\/png"}],"twitter_card":"summary_large_image","twitter_misc":{"Predpokladan\u00fd \u010das \u010d\u00edtania":"4 min\u00faty"},"schema":{"@context":"https:\/\/schema.org","@graph":[{"@type":["WebPage","MedicalWebPage"],"@id":"https:\/\/www.ssaki.eu\/?page_id=3754001","url":"https:\/\/www.ssaki.eu\/?page_id=3754001","name":"Zo z\u00e1pisnice z 29.5.2020 - Slovensk\u00e1 spolo\u010dnos\u0165 alergol\u00f3gie a klinickej imunol\u00f3gie","isPartOf":{"@id":"https:\/\/www.ssaki.eu\/#website"},"datePublished":"2020-06-01T21:30:36+00:00","dateModified":"2020-06-01T21:31:26+00:00","description":"Sme odborn\u00e1 splo\u010dnos\u0165, ktor\u00e1 zdru\u017euje klinick\u00fdch imunol\u00f3gov a alergol\u00f3gov, ako aj in\u00fdch odborn\u00edkov so z\u00e1ujmom o tento odbor. Na\u0161a spolo\u010dnos\u0165 je hlavn\u00fdm organiz\u00e1torom kontunu\u00e1lneho vzdel\u00e1vania v tomto odbore na Slovensku.","breadcrumb":{"@id":"https:\/\/www.ssaki.eu\/?page_id=3754001#breadcrumb"},"inLanguage":"sk-SK","potentialAction":[{"@type":"ReadAction","target":["https:\/\/www.ssaki.eu\/?page_id=3754001"]}]},{"@type":"BreadcrumbList","@id":"https:\/\/www.ssaki.eu\/?page_id=3754001#breadcrumb","itemListElement":[{"@type":"ListItem","position":1,"name":"Domovsk\u00e1 str\u00e1nka","item":"https:\/\/www.ssaki.eu\/"},{"@type":"ListItem","position":2,"name":"Zo z\u00e1pisnice z 29.5.2020"}]},{"@type":"WebSite","@id":"https:\/\/www.ssaki.eu\/#website","url":"https:\/\/www.ssaki.eu\/","name":"Slovensk\u00e1 spolo\u010dnos\u0165 alergol\u00f3gie a klinickej imunol\u00f3gie","description":"","publisher":{"@id":"https:\/\/www.ssaki.eu\/#organization"},"potentialAction":[{"@type":"SearchAction","target":{"@type":"EntryPoint","urlTemplate":"https:\/\/www.ssaki.eu\/?s={search_term_string}"},"query-input":{"@type":"PropertyValueSpecification","valueRequired":true,"valueName":"search_term_string"}}],"inLanguage":"sk-SK"},{"@type":"Organization","@id":"https:\/\/www.ssaki.eu\/#organization","name":"Slovensk\u00e1 spolo\u010dnos\u0165 alergol\u00f3gie a klinickej imunol\u00f3gie","url":"https:\/\/www.ssaki.eu\/","logo":{"@type":"ImageObject","inLanguage":"sk-SK","@id":"https:\/\/www.ssaki.eu\/#\/schema\/logo\/image\/","url":"https:\/\/www.ssaki.eu\/wp-content\/uploads\/2021\/01\/LOGO-1.png","contentUrl":"https:\/\/www.ssaki.eu\/wp-content\/uploads\/2021\/01\/LOGO-1.png","width":1280,"height":720,"caption":"Slovensk\u00e1 spolo\u010dnos\u0165 alergol\u00f3gie a klinickej imunol\u00f3gie"},"image":{"@id":"https:\/\/www.ssaki.eu\/#\/schema\/logo\/image\/"},"sameAs":["https:\/\/www.facebook.com\/alergologoviaimunologoviaSK"]}]}},"_links":{"self":[{"href":"https:\/\/www.ssaki.eu\/index.php?rest_route=\/wp\/v2\/pages\/3754001","targetHints":{"allow":["GET"]}}],"collection":[{"href":"https:\/\/www.ssaki.eu\/index.php?rest_route=\/wp\/v2\/pages"}],"about":[{"href":"https:\/\/www.ssaki.eu\/index.php?rest_route=\/wp\/v2\/types\/page"}],"author":[{"embeddable":true,"href":"https:\/\/www.ssaki.eu\/index.php?rest_route=\/wp\/v2\/users\/1"}],"replies":[{"embeddable":true,"href":"https:\/\/www.ssaki.eu\/index.php?rest_route=%2Fwp%2Fv2%2Fcomments&post=3754001"}],"version-history":[{"count":2,"href":"https:\/\/www.ssaki.eu\/index.php?rest_route=\/wp\/v2\/pages\/3754001\/revisions"}],"predecessor-version":[{"id":3754053,"href":"https:\/\/www.ssaki.eu\/index.php?rest_route=\/wp\/v2\/pages\/3754001\/revisions\/3754053"}],"wp:attachment":[{"href":"https:\/\/www.ssaki.eu\/index.php?rest_route=%2Fwp%2Fv2%2Fmedia&parent=3754001"}],"curies":[{"name":"wp","href":"https:\/\/api.w.org\/{rel}","templated":true}]}}