{"id":3829382,"date":"2020-08-27T07:22:09","date_gmt":"2020-08-27T05:22:09","guid":{"rendered":"http:\/\/www.ssaki.eu\/?page_id=3829382"},"modified":"2020-08-27T16:23:56","modified_gmt":"2020-08-27T14:23:56","slug":"zo-zapisnice-z-14-8-2020","status":"publish","type":"page","link":"https:\/\/www.ssaki.eu\/?page_id=3829382","title":{"rendered":"Zo z\u00e1pisnice z 14.8.2020"},"content":{"rendered":"\n<p>Z\u00e1pisnica zo zasadnutia V\u00fdboru  SSAKI a Poradn\u00e9ho zboru hlavn\u00e9ho odborn\u00edka MZ SR 14.8.2020, Malat\u00edny<\/p>\n\n\n\n<p>Pr\u00edtomn\u00ed: Dzurillov\u00e1, Hochmuth, Koss\u00e1rov\u00e1, Ko\u0161turiak, Lap\u0161ansk\u00e1, Mikler, Petriskov\u00e1, Pru\u017einec, Schvalbov\u00e1, Smie\u0161kov\u00e1<br>Ospravedlnen\u00ed: \u010ci\u017en\u00e1r, Hlinka, Hrubi\u0161ko<br>Hos\u0165: Ko\u0161turiakov\u00e1 <\/p>\n\n\n\n<p>I.    Otvorenie zasadnutia a zhrnutie \u010dinnosti medzi zasadnutiami (Pru\u017einec)<\/p>\n\n\n\n<p>II. Program zasadnutia<\/p>\n\n\n\n<ol class=\"wp-block-list\"><li>Term\u00edny odborn\u00fdch akci\u00ed 2020 :<\/li><\/ol>\n\n\n\n<ul class=\"wp-block-list\"><li>16.-18.9 &#8211; Martinsk\u00e9 dni imunol\u00f3gie &#8211; prebehn\u00fa zatia\u013e v pl\u00e1novanom term\u00edne, odborn\u00fd program je k dispoz\u00edcii na webe SSAKI (Petriskov\u00e1)<\/li><li>7.-10.10 &#8211; Kongres \u010cSAKI a SSAKI, \u010cIS a SIS &#8211; Praha \u2013 pl\u00e1nuje sa v p\u00f4vodnom term\u00edne \u2013 aktu\u00e1lne prebieha online hlasovanie o tom, \u010di sa kongres uskuto\u010dn\u00ed ako \u201efyzicky prezen\u010dn\u00fd\u201c v klasickej podobe, alebo podobne ako kongres EAACI bude prebieha\u0165 online.<\/li><li>13.11. &#8211; Jesenn\u00fd workshop &#8211; Martin<\/li><li>27.11 \u2013 Medif\u00f3rum &#8211; Jasn\u00e1<\/li><li>4.12. &#8211; Zasadnutie V\u00fdboru SSAKI<\/li><li>Vo\u013eby do V\u00fdboru SSAKI<\/li><\/ul>\n\n\n\n<p>2. Vo\u013eby do V\u00fdboru SSAKI prebehn\u00fa  kore\u0161ponden\u010dne, term\u00edn odoslania volebn\u00fdch l\u00edstkov je stanoven\u00fd na 21.9.2020. N\u00e1le\u017eitosti v s\u00favislosti s vo\u013ebami dohodne Pru\u017einec na SLS na z\u00e1klade kandid\u00e1tnej listiny schv\u00e1lenej V\u00fdborom SSAKI.<\/p>\n\n\n\n<p>Kandid\u00e1tna listina :<\/p>\n\n\n\n<p>Peter \u010ci\u017en\u00e1r<br>\nIvan Hlinka<br>\nLud\u011bk Hochmuth<br>\nMartin Hrubi\u0161ko<br>\nMilo\u0161 Jese\u0148\u00e1k<br>\nKl\u00e1ra Koss\u00e1rov\u00e1<br>\nRadovan Ko\u0161turiak<br>\nEva Lap\u0161ansk\u00e1,<br>\nJ\u00e1n Mikler<br>\nJela Petriskov\u00e1<br>\nPeter Pru\u017einec<br>\nM\u00e1ria Schvalbov\u00e1,<br>\nAlena Smie\u0161kov\u00e1<\/p>\n\n\n\n<p>\u017daneta Dzurillov\u00e1<br>\nSvetlana Hadvabov\u00e1<br>\n\u0160tefan Raff\u00e1\u010d<br>\nZuzana Rennerov\u00e1<\/p>\n\n\n\n<p>V\u00fdbor SSAKI schv\u00e1lil n\u00e1vrh na zlo\u017eenie volebnej komisie, do ktorej boli navrhnut\u00ed :<br>\nVladim\u00edr Pohanka (oslov\u00ed Pru\u017einec )<br>\nJ\u00falia Michali\u010dkov\u00e1 &#8211; s\u00fahlas\u00ed <br>\nM\u00e1ria Mistr\u00edkov\u00e1 (za SLS, oslov\u00ed Pru\u017einec)<\/p>\n\n\n\n<ul class=\"wp-block-list\"><li>3. R\u00f4zne<\/li><li><\/li><li>Petriskov\u00e1 tlmo\u010dila po\u017eiadavku na vznik laborat\u00f3rnej sekcie pri v\u00fdbore SSAKI, uskuto\u010dn\u00ed sa v priebehu okt\u00f3bra a\u017e novembra pod kuratelou Prof. Jese\u0148\u00e1ka<\/li><li>V s\u00favislosti s indikovan\u00edm vy\u0161etrenia  \u0161pecifick\u00fdch  IgG na potravinov\u00e9 alerg\u00e9ny Jese\u0148\u00e1k nap\u00ed\u0161e odborn\u00e9 vyjadrenie, ktor\u00e9 bude zaslan\u00e9 v\u0161etk\u00fdm trom zdravotn\u00fdm  pois\u0165ovniam, uverejnen\u00e9 na  webovej str\u00e1nke SSAKI  a v \u010dasopise Klinick\u00e1 imunol\u00f3gia a alergol\u00f3gia<\/li><li>Hochmuth informoval o problematike tvorby \u0160DTP &#8211; Alergia na jed blanokr\u00eddleho hmyzu<\/li><li>Jese\u0148\u00e1k informoval o vzniku projektu kurzov VITALKA (venom IT ALK akad\u00e9mia) pre imunoalergol\u00f3gov cel\u00e9ho Slovenska<\/li><li>Jese\u0148\u00e1k sa obr\u00e1til na v\u00fdbor SSAKI so \u017eiados\u0165ou  o z\u00e1\u0161titu nad kni\u017enou publik\u00e1ciou &#8211; Broncho-alveol\u00e1rna lav\u00e1\u017e &#8211; manu\u00e1l pre prax, vybor \u017eiados\u0165 schv\u00e1lil.<\/li><li>V\u00fdbor SSAKI bude iniciova\u0165 cez MZ SR zmenu kategoriz\u00e1cie lieku Berinert aj pre detsk\u00fd vek (Jese\u0148\u00e1k)<\/li><li>V\u00fdbor SSAKI ods\u00fahlasil, aby vyhotovenie a doru\u010denie \u201e\u010eakovn\u00fdch listov\u201c pre jubilantov prebrala pod svoju kuratelu SLS (Schvalbov\u00e1).<\/li><\/ul>\n\n\n\n<p>Zap\u00edsala M. Schvalbov\u00e1<\/p>\n\r\n","protected":false},"excerpt":{"rendered":"<p>Z\u00e1pisnica zo zasadnutia V\u00fdboru SSAKI a Poradn\u00e9ho zboru hlavn\u00e9ho odborn\u00edka MZ SR 14.8.2020, Malat\u00edny Pr\u00edtomn\u00ed: Dzurillov\u00e1, Hochmuth, Koss\u00e1rov\u00e1, Ko\u0161turiak, Lap\u0161ansk\u00e1, Mikler, Petriskov\u00e1, Pru\u017einec, Schvalbov\u00e1, Smie\u0161kov\u00e1Ospravedlnen\u00ed: \u010ci\u017en\u00e1r, Hlinka, Hrubi\u0161koHos\u0165: Ko\u0161turiakov\u00e1 I. Otvorenie zasadnutia a zhrnutie&#46;&#46;&#46;<\/p>\n","protected":false},"author":1,"featured_media":0,"parent":19,"menu_order":0,"comment_status":"closed","ping_status":"closed","template":"","meta":{"footnotes":""},"class_list":["post-3829382","page","type-page","status-publish","hentry"],"yoast_head":"<!-- This site is optimized with the Yoast SEO plugin v27.4 - https:\/\/yoast.com\/product\/yoast-seo-wordpress\/ -->\n<title>Zo z\u00e1pisnice z 14.8.2020 - Slovensk\u00e1 spolo\u010dnos\u0165 alergol\u00f3gie a klinickej imunol\u00f3gie<\/title>\n<meta name=\"description\" content=\"Sme odborn\u00e1 splo\u010dnos\u0165, ktor\u00e1 zdru\u017euje klinick\u00fdch imunol\u00f3gov a alergol\u00f3gov, ako aj in\u00fdch odborn\u00edkov so z\u00e1ujmom o tento odbor. Na\u0161a spolo\u010dnos\u0165 je hlavn\u00fdm organiz\u00e1torom kontunu\u00e1lneho vzdel\u00e1vania v tomto odbore na Slovensku.\" \/>\n<meta name=\"robots\" content=\"index, follow, max-snippet:-1, max-image-preview:large, max-video-preview:-1\" \/>\n<link rel=\"canonical\" href=\"https:\/\/www.ssaki.eu\/?page_id=3829382\" \/>\n<meta property=\"og:locale\" content=\"sk_SK\" \/>\n<meta property=\"og:type\" content=\"article\" \/>\n<meta property=\"og:title\" content=\"Zo z\u00e1pisnice z 14.8.2020 - Slovensk\u00e1 spolo\u010dnos\u0165 alergol\u00f3gie a klinickej imunol\u00f3gie\" \/>\n<meta property=\"og:description\" content=\"Sme odborn\u00e1 splo\u010dnos\u0165, ktor\u00e1 zdru\u017euje klinick\u00fdch imunol\u00f3gov a alergol\u00f3gov, ako aj in\u00fdch odborn\u00edkov so z\u00e1ujmom o tento odbor. Na\u0161a spolo\u010dnos\u0165 je hlavn\u00fdm organiz\u00e1torom kontunu\u00e1lneho vzdel\u00e1vania v tomto odbore na Slovensku.\" \/>\n<meta property=\"og:url\" content=\"https:\/\/www.ssaki.eu\/?page_id=3829382\" \/>\n<meta property=\"og:site_name\" content=\"Slovensk\u00e1 spolo\u010dnos\u0165 alergol\u00f3gie a klinickej imunol\u00f3gie\" \/>\n<meta property=\"article:publisher\" content=\"https:\/\/www.facebook.com\/alergologoviaimunologoviaSK\" \/>\n<meta property=\"article:modified_time\" content=\"2020-08-27T14:23:56+00:00\" \/>\n<meta property=\"og:image\" content=\"https:\/\/www.ssaki.eu\/wp-content\/uploads\/2021\/01\/STOP_COVID_SSAKI-e1609772027682.png\" \/>\n\t<meta property=\"og:image:width\" content=\"640\" \/>\n\t<meta property=\"og:image:height\" content=\"360\" \/>\n\t<meta property=\"og:image:type\" content=\"image\/png\" \/>\n<meta name=\"twitter:card\" content=\"summary_large_image\" \/>\n<meta name=\"twitter:label1\" content=\"Predpokladan\u00fd \u010das \u010d\u00edtania\" \/>\n\t<meta name=\"twitter:data1\" content=\"2 min\u00faty\" \/>\n<script type=\"application\/ld+json\" class=\"yoast-schema-graph\">{\"@context\":\"https:\\\/\\\/schema.org\",\"@graph\":[{\"@type\":[\"WebPage\",\"MedicalWebPage\"],\"@id\":\"https:\\\/\\\/www.ssaki.eu\\\/?page_id=3829382\",\"url\":\"https:\\\/\\\/www.ssaki.eu\\\/?page_id=3829382\",\"name\":\"Zo z\u00e1pisnice z 14.8.2020 - Slovensk\u00e1 spolo\u010dnos\u0165 alergol\u00f3gie a klinickej imunol\u00f3gie\",\"isPartOf\":{\"@id\":\"https:\\\/\\\/www.ssaki.eu\\\/#website\"},\"datePublished\":\"2020-08-27T05:22:09+00:00\",\"dateModified\":\"2020-08-27T14:23:56+00:00\",\"description\":\"Sme odborn\u00e1 splo\u010dnos\u0165, ktor\u00e1 zdru\u017euje klinick\u00fdch imunol\u00f3gov a alergol\u00f3gov, ako aj in\u00fdch odborn\u00edkov so z\u00e1ujmom o tento odbor. Na\u0161a spolo\u010dnos\u0165 je hlavn\u00fdm organiz\u00e1torom kontunu\u00e1lneho vzdel\u00e1vania v tomto odbore na Slovensku.\",\"breadcrumb\":{\"@id\":\"https:\\\/\\\/www.ssaki.eu\\\/?page_id=3829382#breadcrumb\"},\"inLanguage\":\"sk-SK\",\"potentialAction\":[{\"@type\":\"ReadAction\",\"target\":[\"https:\\\/\\\/www.ssaki.eu\\\/?page_id=3829382\"]}]},{\"@type\":\"BreadcrumbList\",\"@id\":\"https:\\\/\\\/www.ssaki.eu\\\/?page_id=3829382#breadcrumb\",\"itemListElement\":[{\"@type\":\"ListItem\",\"position\":1,\"name\":\"Domovsk\u00e1 str\u00e1nka\",\"item\":\"https:\\\/\\\/www.ssaki.eu\\\/\"},{\"@type\":\"ListItem\",\"position\":2,\"name\":\"V\u00fdbor spolo\u010dnosti\",\"item\":\"https:\\\/\\\/www.ssaki.eu\\\/?page_id=11\"},{\"@type\":\"ListItem\",\"position\":3,\"name\":\"Zo z\u00e1pisn\u00edc\",\"item\":\"https:\\\/\\\/www.ssaki.eu\\\/?page_id=19\"},{\"@type\":\"ListItem\",\"position\":4,\"name\":\"Zo z\u00e1pisnice z 14.8.2020\"}]},{\"@type\":\"WebSite\",\"@id\":\"https:\\\/\\\/www.ssaki.eu\\\/#website\",\"url\":\"https:\\\/\\\/www.ssaki.eu\\\/\",\"name\":\"Slovensk\u00e1 spolo\u010dnos\u0165 alergol\u00f3gie a klinickej imunol\u00f3gie\",\"description\":\"\",\"publisher\":{\"@id\":\"https:\\\/\\\/www.ssaki.eu\\\/#organization\"},\"potentialAction\":[{\"@type\":\"SearchAction\",\"target\":{\"@type\":\"EntryPoint\",\"urlTemplate\":\"https:\\\/\\\/www.ssaki.eu\\\/?s={search_term_string}\"},\"query-input\":{\"@type\":\"PropertyValueSpecification\",\"valueRequired\":true,\"valueName\":\"search_term_string\"}}],\"inLanguage\":\"sk-SK\"},{\"@type\":\"Organization\",\"@id\":\"https:\\\/\\\/www.ssaki.eu\\\/#organization\",\"name\":\"Slovensk\u00e1 spolo\u010dnos\u0165 alergol\u00f3gie a klinickej imunol\u00f3gie\",\"url\":\"https:\\\/\\\/www.ssaki.eu\\\/\",\"logo\":{\"@type\":\"ImageObject\",\"inLanguage\":\"sk-SK\",\"@id\":\"https:\\\/\\\/www.ssaki.eu\\\/#\\\/schema\\\/logo\\\/image\\\/\",\"url\":\"https:\\\/\\\/www.ssaki.eu\\\/wp-content\\\/uploads\\\/2021\\\/01\\\/LOGO-1.png\",\"contentUrl\":\"https:\\\/\\\/www.ssaki.eu\\\/wp-content\\\/uploads\\\/2021\\\/01\\\/LOGO-1.png\",\"width\":1280,\"height\":720,\"caption\":\"Slovensk\u00e1 spolo\u010dnos\u0165 alergol\u00f3gie a klinickej imunol\u00f3gie\"},\"image\":{\"@id\":\"https:\\\/\\\/www.ssaki.eu\\\/#\\\/schema\\\/logo\\\/image\\\/\"},\"sameAs\":[\"https:\\\/\\\/www.facebook.com\\\/alergologoviaimunologoviaSK\"]}]}<\/script>\n<!-- \/ Yoast SEO plugin. -->","yoast_head_json":{"title":"Zo z\u00e1pisnice z 14.8.2020 - Slovensk\u00e1 spolo\u010dnos\u0165 alergol\u00f3gie a klinickej imunol\u00f3gie","description":"Sme odborn\u00e1 splo\u010dnos\u0165, ktor\u00e1 zdru\u017euje klinick\u00fdch imunol\u00f3gov a alergol\u00f3gov, ako aj in\u00fdch odborn\u00edkov so z\u00e1ujmom o tento odbor. Na\u0161a spolo\u010dnos\u0165 je hlavn\u00fdm organiz\u00e1torom kontunu\u00e1lneho vzdel\u00e1vania v tomto odbore na Slovensku.","robots":{"index":"index","follow":"follow","max-snippet":"max-snippet:-1","max-image-preview":"max-image-preview:large","max-video-preview":"max-video-preview:-1"},"canonical":"https:\/\/www.ssaki.eu\/?page_id=3829382","og_locale":"sk_SK","og_type":"article","og_title":"Zo z\u00e1pisnice z 14.8.2020 - Slovensk\u00e1 spolo\u010dnos\u0165 alergol\u00f3gie a klinickej imunol\u00f3gie","og_description":"Sme odborn\u00e1 splo\u010dnos\u0165, ktor\u00e1 zdru\u017euje klinick\u00fdch imunol\u00f3gov a alergol\u00f3gov, ako aj in\u00fdch odborn\u00edkov so z\u00e1ujmom o tento odbor. Na\u0161a spolo\u010dnos\u0165 je hlavn\u00fdm organiz\u00e1torom kontunu\u00e1lneho vzdel\u00e1vania v tomto odbore na Slovensku.","og_url":"https:\/\/www.ssaki.eu\/?page_id=3829382","og_site_name":"Slovensk\u00e1 spolo\u010dnos\u0165 alergol\u00f3gie a klinickej imunol\u00f3gie","article_publisher":"https:\/\/www.facebook.com\/alergologoviaimunologoviaSK","article_modified_time":"2020-08-27T14:23:56+00:00","og_image":[{"width":640,"height":360,"url":"https:\/\/www.ssaki.eu\/wp-content\/uploads\/2021\/01\/STOP_COVID_SSAKI-e1609772027682.png","type":"image\/png"}],"twitter_card":"summary_large_image","twitter_misc":{"Predpokladan\u00fd \u010das \u010d\u00edtania":"2 min\u00faty"},"schema":{"@context":"https:\/\/schema.org","@graph":[{"@type":["WebPage","MedicalWebPage"],"@id":"https:\/\/www.ssaki.eu\/?page_id=3829382","url":"https:\/\/www.ssaki.eu\/?page_id=3829382","name":"Zo z\u00e1pisnice z 14.8.2020 - Slovensk\u00e1 spolo\u010dnos\u0165 alergol\u00f3gie a klinickej imunol\u00f3gie","isPartOf":{"@id":"https:\/\/www.ssaki.eu\/#website"},"datePublished":"2020-08-27T05:22:09+00:00","dateModified":"2020-08-27T14:23:56+00:00","description":"Sme odborn\u00e1 splo\u010dnos\u0165, ktor\u00e1 zdru\u017euje klinick\u00fdch imunol\u00f3gov a alergol\u00f3gov, ako aj in\u00fdch odborn\u00edkov so z\u00e1ujmom o tento odbor. Na\u0161a spolo\u010dnos\u0165 je hlavn\u00fdm organiz\u00e1torom kontunu\u00e1lneho vzdel\u00e1vania v tomto odbore na Slovensku.","breadcrumb":{"@id":"https:\/\/www.ssaki.eu\/?page_id=3829382#breadcrumb"},"inLanguage":"sk-SK","potentialAction":[{"@type":"ReadAction","target":["https:\/\/www.ssaki.eu\/?page_id=3829382"]}]},{"@type":"BreadcrumbList","@id":"https:\/\/www.ssaki.eu\/?page_id=3829382#breadcrumb","itemListElement":[{"@type":"ListItem","position":1,"name":"Domovsk\u00e1 str\u00e1nka","item":"https:\/\/www.ssaki.eu\/"},{"@type":"ListItem","position":2,"name":"V\u00fdbor spolo\u010dnosti","item":"https:\/\/www.ssaki.eu\/?page_id=11"},{"@type":"ListItem","position":3,"name":"Zo z\u00e1pisn\u00edc","item":"https:\/\/www.ssaki.eu\/?page_id=19"},{"@type":"ListItem","position":4,"name":"Zo z\u00e1pisnice z 14.8.2020"}]},{"@type":"WebSite","@id":"https:\/\/www.ssaki.eu\/#website","url":"https:\/\/www.ssaki.eu\/","name":"Slovensk\u00e1 spolo\u010dnos\u0165 alergol\u00f3gie a klinickej imunol\u00f3gie","description":"","publisher":{"@id":"https:\/\/www.ssaki.eu\/#organization"},"potentialAction":[{"@type":"SearchAction","target":{"@type":"EntryPoint","urlTemplate":"https:\/\/www.ssaki.eu\/?s={search_term_string}"},"query-input":{"@type":"PropertyValueSpecification","valueRequired":true,"valueName":"search_term_string"}}],"inLanguage":"sk-SK"},{"@type":"Organization","@id":"https:\/\/www.ssaki.eu\/#organization","name":"Slovensk\u00e1 spolo\u010dnos\u0165 alergol\u00f3gie a klinickej imunol\u00f3gie","url":"https:\/\/www.ssaki.eu\/","logo":{"@type":"ImageObject","inLanguage":"sk-SK","@id":"https:\/\/www.ssaki.eu\/#\/schema\/logo\/image\/","url":"https:\/\/www.ssaki.eu\/wp-content\/uploads\/2021\/01\/LOGO-1.png","contentUrl":"https:\/\/www.ssaki.eu\/wp-content\/uploads\/2021\/01\/LOGO-1.png","width":1280,"height":720,"caption":"Slovensk\u00e1 spolo\u010dnos\u0165 alergol\u00f3gie a klinickej imunol\u00f3gie"},"image":{"@id":"https:\/\/www.ssaki.eu\/#\/schema\/logo\/image\/"},"sameAs":["https:\/\/www.facebook.com\/alergologoviaimunologoviaSK"]}]}},"_links":{"self":[{"href":"https:\/\/www.ssaki.eu\/index.php?rest_route=\/wp\/v2\/pages\/3829382","targetHints":{"allow":["GET"]}}],"collection":[{"href":"https:\/\/www.ssaki.eu\/index.php?rest_route=\/wp\/v2\/pages"}],"about":[{"href":"https:\/\/www.ssaki.eu\/index.php?rest_route=\/wp\/v2\/types\/page"}],"author":[{"embeddable":true,"href":"https:\/\/www.ssaki.eu\/index.php?rest_route=\/wp\/v2\/users\/1"}],"replies":[{"embeddable":true,"href":"https:\/\/www.ssaki.eu\/index.php?rest_route=%2Fwp%2Fv2%2Fcomments&post=3829382"}],"version-history":[{"count":4,"href":"https:\/\/www.ssaki.eu\/index.php?rest_route=\/wp\/v2\/pages\/3829382\/revisions"}],"predecessor-version":[{"id":3829751,"href":"https:\/\/www.ssaki.eu\/index.php?rest_route=\/wp\/v2\/pages\/3829382\/revisions\/3829751"}],"up":[{"embeddable":true,"href":"https:\/\/www.ssaki.eu\/index.php?rest_route=\/wp\/v2\/pages\/19"}],"wp:attachment":[{"href":"https:\/\/www.ssaki.eu\/index.php?rest_route=%2Fwp%2Fv2%2Fmedia&parent=3829382"}],"curies":[{"name":"wp","href":"https:\/\/api.w.org\/{rel}","templated":true}]}}