{"id":3916076,"date":"2021-04-28T23:09:18","date_gmt":"2021-04-28T21:09:18","guid":{"rendered":"https:\/\/www.ssaki.eu\/?page_id=3916076"},"modified":"2021-04-28T23:09:52","modified_gmt":"2021-04-28T21:09:52","slug":"zo-zapisnice-z-14-4-2021","status":"publish","type":"page","link":"https:\/\/www.ssaki.eu\/?page_id=3916076","title":{"rendered":"Zo z\u00e1pisnice z 14.4.2021"},"content":{"rendered":"\n<p><strong>Pr\u00edtomn\u00ed:<\/strong> Hadvabov\u00e1, Hlinka, Hochmuth, Jese\u0148\u00e1k, Koss\u00e1rov\u00e1, Ko\u0161turiak, Lap\u0161ansk\u00e1, Mikler, Petriskov\u00e1, Pru\u017einec, Schvalbov\u00e1, Smie\u0161kov\u00e1<\/p>\n\n\n\n<p><strong>Ospravedlnen\u00ed: <\/strong>\u010ci\u017en\u00e1r, Hrubi\u0161ko<\/p>\n\n\n\n<p><strong>1. R\u00f4zne<\/strong><\/p>\n\n\n\n<p>&#8211; bod za s\u0165a\u017een\u00fd v\u00fdkon u&nbsp;det\u00ed \u2013 korekcia neuzn\u00e1vania s\u0165a\u017een\u00e9ho v\u00fdkonu u&nbsp;det\u00ed medzi 5. &#8211; 6. rokom zdravotn\u00fdmi pois\u0165ov\u0148ami (Koss\u00e1rov\u00e1). Pru\u017einec oslov\u00ed s&nbsp;t\u00fdmto probl\u00e9mom v\u0161etky tri zdravotn\u00e9 pois\u0165ovne, Koss\u00e1rov\u00e1 po\u0161le podklady.<\/p>\n\n\n\n<p>&#8211; Informova\u0165 na&nbsp; webovej str\u00e1nke ssaki.eu o&nbsp;uzn\u00e1van\u00ed v\u00fdkonu \u0161pecifick\u00fdch IgE jednotliv\u00fdmi zdravotn\u00fdmi pois\u0165ov\u0148ami \u2013 predov\u0161etk\u00fdm udr\u017eanie <em>status quo<\/em> V\u0160ZP (Petriskov\u00e1 )<\/p>\n\n\n\n<p>&#8211; Jese\u0148\u00e1k a&nbsp;Ko\u0161turiak informuj\u00fa o&nbsp;n\u00e1v\u0161tevnosti informa\u010dn\u00fdch m\u00e9di\u00ed &#8211; webov\u00e1 str\u00e1nka -n\u00e1v\u0161tevnos\u0165 200-300 \u013eud\u00ed denne, facebookov\u00e1 str\u00e1nka \u2013 cca. 4000 folowerov, report o&nbsp;charaktere profilu, \u0161t\u00fdle pr\u00e1ce, spolupr\u00e1ce s&nbsp;profi-agent\u00farou<\/p>\n\n\n\n<p>&#8211; stanovisko SSAKI k&nbsp;stanoveniu \u0161pecifick\u00fdch IgG, IgA a&nbsp;IgM v&nbsp;diagnostike potravinovej alergie\/intolerancii \u2013 zverejnen\u00e9 na www.ssaki.eu + publik\u00e1cia v&nbsp;\u010dasopise Klinick\u00e1 imunol\u00f3gia a&nbsp;alergol\u00f3gia (Pru\u017einec)<\/p>\n\n\n\n<p>&#8211; od 1.6.2021 pln\u00e1 \u00fahrada 23-valentnej pneumokovej vakc\u00edny \u2013 v&nbsp;tej s\u00favislosti bude potrebn\u00e9 vypracova\u0165 metodick\u00fd list o&nbsp;pou\u017e\u00edvan\u00ed jednotliv\u00fdch druhov pneumokokov\u00fdch vakc\u00edn v&nbsp;klinickej praxi a&nbsp;\u0161peci\u00e1lnych situ\u00e1ci\u00e1ch (Jese\u0148\u00e1k a&nbsp;pracovn\u00e1 skupina pre o\u010dkovanie SSAKI)<\/p>\n\n\n\n<p>&#8211; t\u00e9ma v\u00fdkonu o\u010dkovania imunol\u00f3gom (list ministrovi o&nbsp;stretnutie \u2013 Pru\u017einec, Jese\u0148\u00e1k)<\/p>\n\n\n\n<p>&#8211; Dekan Farmaceutickej fakulty UK otvoril problematiku umo\u017enenia o\u010dkovania zdrav\u00fdch jedincov proti chr\u00edpke v lek\u00e1r\u0148ach a&nbsp;oslovil na spolupr\u00e1cu v&nbsp;tejto oblasti na\u0161u odborn\u00fa spolo\u010dnos\u0165<\/p>\n\n\n\n<p>&#8211; \u00faspe\u0161n\u00e1 kategoriz\u00e1cia nov\u00fdch liekov \u2013 dupilumab (indik\u00e1cia \u0165a\u017ek\u00e9 bronchi\u00e1lna astma \u2013 KIA, PNEU a&nbsp;atopick\u00fd ekz\u00e9m \u2013 DERM); lanadelumab (indik\u00e1cia HAE \u2013 centrov\u00e1 lie\u010dba \u2013 Martin a&nbsp;Bratislava); Atectura a&nbsp;Enerzair (indik\u00e1cia bronchi\u00e1lna astma)<\/p>\n\n\n\n<p>&#8211; preklad a&nbsp;modifik\u00e1cia dokumentu ARIA 2019 do sloven\u010diny (Smie\u0161kov\u00e1, Schvalbov\u00e1)<\/p>\n\n\n\n<p>&#8211; boli prijat\u00e9 \u0160DTP &#8211; Alergia na bielkovinu kravsk\u00e9ho mlieka \u2013 zverejnenie fin\u00e1lnej verzie na www.ssaki.eu (Ko\u0161turiak)<\/p>\n\n\n\n<p>&#8211; Vysok\u00e1 \u00fa\u010das\u0165 (cca 3000 &#8211; 4000 \u00fa\u010dastn\u00edkov) na dvoch webin\u00e1roch o&nbsp;problematike o\u010dkovania proti Covid-19 \u2013 m\u00fdty, fakty, realita (1. a&nbsp;2. diel), v&nbsp;pl\u00e1ne 3. diel v&nbsp;j\u00fani 2021<\/p>\n\n\n\n<p>&#8211; uskuto\u010dnili sa 4 kol\u00e1 projektu VIT.ALK.a (3x Martin, 1x Bansk\u00e1 Bystrica) \u2013 spr\u00e1va z&nbsp;podujatia bola zverejnen\u00e1 v&nbsp;\u010dasopise Klinick\u00e1 imunol\u00f3gia a alergol\u00f3gia<\/p>\n\n\n\n<p>&#8211; Pracovn\u00e9 skupiny SSAKI \u2013 bud\u00fa zverejnen\u00e9&nbsp; na&nbsp;webe, ka\u017ed\u00e1 z&nbsp;nich vypracuje pracovn\u00fd list, ktor\u00fd sa vyd\u00e1 ev. aj ako Metodick\u00fd list (Pr\u00edloha 1 z\u00e1pisnice)<\/p>\n\n\n\n<p>&#8211; vyda\u0165 Metodick\u00fd list \u2013 pr\u00edprava pred podanim kontrastn\u00fdch l\u00e1tok (pracovn\u00e1 skupina pre liekovu hypersenzitivitu),<\/p>\n\n\n\n<p>&#8211; IVIG &#8211; vysok\u00e9 doplatky, riziko nedostupnosti niektor\u00fdch pr\u00edpravkov a s\u00edl \u2013 list oh\u013eadom nezamenite\u013enosti IVIG medzi sebou (Jese\u0148\u00e1k, \u010ci\u017en\u00e1r)<\/p>\n\n\n\n<p>&#8211; inform\u00e1cia o&nbsp;pr\u00edprave projektu AlergoStop (spolo\u010dnos\u0165 Stallergenes-Greer) \u2013 mobiln\u00e1 aplik\u00e1cia a&nbsp;webov\u00e1 str\u00e1nka<\/p>\n\n\n\n<p>&#8211; z\u00e1\u0161tita SSAKI nad pripravovan\u00fdm projektom vzdel\u00e1vania v&nbsp;problematike o\u010dkovania proti Covid-19 (Jese\u0148\u00e1k)<\/p>\n\n\n\n<p>&#8211; na\u0161a spolo\u010dnos\u0165 bola osloven\u00e1 novou pacientskou organiz\u00e1ciou &#8211; Slovensk\u00e1 asoci\u00e1cia alergologick\u00fdch a&nbsp;astmatick\u00fdch pacientov &#8211; so \u017eiados\u0165ou&nbsp; o&nbsp;z\u00e1\u0161titu oh\u013eadom prieskumu alergick\u00fdch ochoren\u00ed v&nbsp;pracovnom prostred\u00ed \u2013 schv\u00e1len\u00e9 z\u00e1\u0161tity<\/p>\n\n\n\n<p>&#8211; v\u00fdbor diskutoval o \u0161tatistickom vykazovan\u00ed \u010dinnosti ambulanci\u00ed KIA pre NCZI &#8211; s\u00fa\u010dasn\u00e1 podoba dokumentu je vo viacer\u00fdch bodoch problematick\u00e1 &#8211; neobsahuje cel\u00e9 spektrum diagn\u00f3z a \u010dinnost\u00ed v ambulancii KIA a jej spracovanie pou\u017e\u00edvan\u00fdmi po\u010d\u00edta\u010dov\u00fdmi programami v ambulanci\u00e1ch je komplikovan\u00e9<\/p>\n\n\n\n<p><strong>2. Harmonogram odborn\u00fdch podujat\u00ed na rok 2021<\/strong><\/p>\n\n\n\n<p>&#8211; PID Day \u2013 Bratislava &#8211; 28.4.2021 \u2013 online podujatie (\u010ci\u017en\u00e1r)<\/p>\n\n\n\n<p>&#8211; Odborn\u00e9 symp\u00f3zium &#8211; Alergia na pe\u013e jarn\u00fdch stromov a&nbsp;nov\u00e9 mo\u017enosti jej lie\u010dby (ALK) \u2013 Hotel partiz\u00e1n &#8211; T\u00e1le &#8211; 21.-22.5.2021<\/p>\n\n\n\n<p>&#8211; Alergia \u2013 Bratislava &#8211; 28.-29.5.2021<\/p>\n\n\n\n<p>&#8211; Allergosummit &#8211; Grandhotel V\u00edg\u013ea\u0161 &#8211; 4.-5.6.2021<\/p>\n\n\n\n<p>&#8211; Zasadnutie V\u00fdboru SSAKI \u2013 Martin &#8211; 10.6.2021<\/p>\n\n\n\n<p>&#8211; ASL &#8211; Martin &#8211; 11.6.2021<\/p>\n\n\n\n<p>&#8211; Zasadnutie V\u00fdboru SSAKI \u2013 Malat\u00edny &#8211; 12.8.2021<\/p>\n\n\n\n<p>&#8211; Letn\u00e1 \u0161kola imunol\u00f3gie &#8211; 13.-14.8.2021 &#8211; Malat\u00edny<\/p>\n\n\n\n<p>&#8211; Bardejovsk\u00e9 pneumologick\u00e9 dni &#8211; 2.-4.9.2021<\/p>\n\n\n\n<p>&#8211; Martinsk\u00e9 dni imunol\u00f3gie &#8211; 15.-17.9.2021<\/p>\n\n\n\n<p>&#8211; F\u00f3rum imunodeficienci\u00ed \u2013 Ko\u0161ice \u2013 23.-24.09.2021 \u2013 online podujatie<\/p>\n\n\n\n<p>&#8211; Zjazd SSAKI a&nbsp;\u010cSAKI &#8211; Vysok\u00e9 Tatry &#8211; 20.-23.10.2021<\/p>\n\n\n\n<p>&#8211; Burza imunodeficienci\u00ed \u2013 Doln\u00fd Kub\u00edn \u2013 posunut\u00e9 podujatie na 5.-6.11.2021<\/p>\n\n\n\n<p>&#8211; Medif\u00f3rum &#8211; Jasn\u00e1 &#8211; 19.-20.11.2021<\/p>\n\n\n\n<p>&#8211; Zasadnutie v\u00fdboru SSAKI &#8211; 9.12.2021<\/p>\n\n\n\n<p><strong>3. Pr\u00edprava Zjazdu SSAKI a&nbsp;\u010cSAKI 20-23.10.2021 &#8211; Grand hotel Bellevue \u2013 Horn\u00fd Smokovec &#8211; Vysok\u00e9 Tatry<\/strong><\/p>\n\n\n\n<p><strong>T\u00e9ma kongresu: Medzi pand\u00e9miami (imunita &#8211; k\u013e\u00fa\u010d k&nbsp;zvl\u00e1dnutiu infekci\u00ed)<\/strong><\/p>\n\n\n\n<p><strong>Prezidentka kongresu<\/strong>:&nbsp; Ing. Jela Petriskov\u00e1, PhD.<\/p>\n\n\n\n<p><strong>Programov\u00e1 str\u00e1nky zjazdu:<\/strong><\/p>\n\n\n\n<ul class=\"wp-block-list\"><li>Plen\u00e1rne predn\u00e1\u0161ka \u2013 dohodnut\u00ed predn\u00e1\u0161aj\u00faci<\/li><li>12 blokov<\/li><li>Zostavenie predsedn\u00edctiev a&nbsp;n\u00e1sledn\u00e9 oslovenie pozvan\u00fdch predn\u00e1\u0161aj\u00facich<\/li><li>D\u013a\u017eka bloku \u2013 60 \u2013 90 min\u00fat<\/li><li>Doplnenie z&nbsp;akt\u00edvne prihl\u00e1sen\u00fdch<\/li><li>Posterov\u00e1 sekcia<\/li><li>Odborn\u00fd program \u2013 za\u010diatok 8,30 hod<\/li><li>Postgradu\u00e1lny kurz: Biologick\u00e1 lie\u010dba<\/li><\/ul>\n\n\n\n<p><strong>Technick\u00e1 str\u00e1nka kongresu:<\/strong><\/p>\n\n\n\n<ul class=\"wp-block-list\"><li>Ubytovanie \u00fa\u010dastn\u00edkov v\u00fdhradne prostredn\u00edctvom agent\u00fary Cesta<\/li><li>&#8211;&nbsp;&nbsp;&nbsp;&nbsp;&nbsp;&nbsp; Program \u00favodn\u00e9ho plen\u00e1rneho zasadnutia (spomienka na kolegov, video)<\/li><li>Spolo\u010densk\u00e1 str\u00e1nka zjazdu<\/li><li>Kongresov\u00e9 materi\u00e1ly a&nbsp;Supplementum Klinick\u00e1 imunol\u00f3gia a&nbsp;alergol\u00f3gia (abstrakty)<\/li><li>Materi\u00e1l z&nbsp;Postgradu\u00e1lneho kurzu<\/li><li>Videopozv\u00e1nka SSAKI \u2013 pri zasadnut\u00ed v\u00fdboru v&nbsp;j\u00fani 2021<\/li><li>Konferen\u010dn\u00e9 poplatky bud\u00fa zverejnen\u00e9 na webovej str\u00e1nke www.ssaki.eu<\/li><li>Kompletiz\u00e1cia roz\u0161\u00edrenej prvej inform\u00e1cie kongresu<\/li><\/ul>\n\r\n","protected":false},"excerpt":{"rendered":"<p>Pr\u00edtomn\u00ed: Hadvabov\u00e1, Hlinka, Hochmuth, Jese\u0148\u00e1k, Koss\u00e1rov\u00e1, Ko\u0161turiak, Lap\u0161ansk\u00e1, Mikler, Petriskov\u00e1, Pru\u017einec, Schvalbov\u00e1, Smie\u0161kov\u00e1 Ospravedlnen\u00ed: \u010ci\u017en\u00e1r, Hrubi\u0161ko 1. R\u00f4zne &#8211; bod za s\u0165a\u017een\u00fd v\u00fdkon u&nbsp;det\u00ed \u2013 korekcia neuzn\u00e1vania s\u0165a\u017een\u00e9ho v\u00fdkonu u&nbsp;det\u00ed medzi 5. &#8211; 6.&#46;&#46;&#46;<\/p>\n","protected":false},"author":1,"featured_media":0,"parent":0,"menu_order":0,"comment_status":"closed","ping_status":"closed","template":"","meta":{"footnotes":""},"class_list":["post-3916076","page","type-page","status-publish","hentry"],"yoast_head":"<!-- This site is optimized with the Yoast SEO plugin v27.4 - https:\/\/yoast.com\/product\/yoast-seo-wordpress\/ -->\n<title>Zo z\u00e1pisnice z 14.4.2021 - Slovensk\u00e1 spolo\u010dnos\u0165 alergol\u00f3gie a klinickej imunol\u00f3gie<\/title>\n<meta name=\"description\" content=\"Sme odborn\u00e1 splo\u010dnos\u0165, ktor\u00e1 zdru\u017euje klinick\u00fdch imunol\u00f3gov a alergol\u00f3gov, ako aj in\u00fdch odborn\u00edkov so z\u00e1ujmom o tento odbor. Na\u0161a spolo\u010dnos\u0165 je hlavn\u00fdm organiz\u00e1torom kontunu\u00e1lneho vzdel\u00e1vania v tomto odbore na Slovensku.\" \/>\n<meta name=\"robots\" content=\"index, follow, max-snippet:-1, max-image-preview:large, max-video-preview:-1\" \/>\n<link rel=\"canonical\" href=\"https:\/\/www.ssaki.eu\/?page_id=3916076\" \/>\n<meta property=\"og:locale\" content=\"sk_SK\" \/>\n<meta property=\"og:type\" content=\"article\" \/>\n<meta property=\"og:title\" content=\"Zo z\u00e1pisnice z 14.4.2021 - Slovensk\u00e1 spolo\u010dnos\u0165 alergol\u00f3gie a klinickej imunol\u00f3gie\" \/>\n<meta property=\"og:description\" content=\"Sme odborn\u00e1 splo\u010dnos\u0165, ktor\u00e1 zdru\u017euje klinick\u00fdch imunol\u00f3gov a alergol\u00f3gov, ako aj in\u00fdch odborn\u00edkov so z\u00e1ujmom o tento odbor. Na\u0161a spolo\u010dnos\u0165 je hlavn\u00fdm organiz\u00e1torom kontunu\u00e1lneho vzdel\u00e1vania v tomto odbore na Slovensku.\" \/>\n<meta property=\"og:url\" content=\"https:\/\/www.ssaki.eu\/?page_id=3916076\" \/>\n<meta property=\"og:site_name\" content=\"Slovensk\u00e1 spolo\u010dnos\u0165 alergol\u00f3gie a klinickej imunol\u00f3gie\" \/>\n<meta property=\"article:publisher\" content=\"https:\/\/www.facebook.com\/alergologoviaimunologoviaSK\" \/>\n<meta property=\"article:modified_time\" content=\"2021-04-28T21:09:52+00:00\" \/>\n<meta property=\"og:image\" content=\"https:\/\/www.ssaki.eu\/wp-content\/uploads\/2021\/01\/STOP_COVID_SSAKI-e1609772027682.png\" \/>\n\t<meta property=\"og:image:width\" content=\"640\" \/>\n\t<meta property=\"og:image:height\" content=\"360\" \/>\n\t<meta property=\"og:image:type\" content=\"image\/png\" \/>\n<meta name=\"twitter:card\" content=\"summary_large_image\" \/>\n<meta name=\"twitter:label1\" content=\"Predpokladan\u00fd \u010das \u010d\u00edtania\" \/>\n\t<meta name=\"twitter:data1\" content=\"3 min\u00faty\" \/>\n<script type=\"application\/ld+json\" class=\"yoast-schema-graph\">{\"@context\":\"https:\\\/\\\/schema.org\",\"@graph\":[{\"@type\":[\"WebPage\",\"MedicalWebPage\"],\"@id\":\"https:\\\/\\\/www.ssaki.eu\\\/?page_id=3916076\",\"url\":\"https:\\\/\\\/www.ssaki.eu\\\/?page_id=3916076\",\"name\":\"Zo z\u00e1pisnice z 14.4.2021 - Slovensk\u00e1 spolo\u010dnos\u0165 alergol\u00f3gie a klinickej imunol\u00f3gie\",\"isPartOf\":{\"@id\":\"https:\\\/\\\/www.ssaki.eu\\\/#website\"},\"datePublished\":\"2021-04-28T21:09:18+00:00\",\"dateModified\":\"2021-04-28T21:09:52+00:00\",\"description\":\"Sme odborn\u00e1 splo\u010dnos\u0165, ktor\u00e1 zdru\u017euje klinick\u00fdch imunol\u00f3gov a alergol\u00f3gov, ako aj in\u00fdch odborn\u00edkov so z\u00e1ujmom o tento odbor. Na\u0161a spolo\u010dnos\u0165 je hlavn\u00fdm organiz\u00e1torom kontunu\u00e1lneho vzdel\u00e1vania v tomto odbore na Slovensku.\",\"breadcrumb\":{\"@id\":\"https:\\\/\\\/www.ssaki.eu\\\/?page_id=3916076#breadcrumb\"},\"inLanguage\":\"sk-SK\",\"potentialAction\":[{\"@type\":\"ReadAction\",\"target\":[\"https:\\\/\\\/www.ssaki.eu\\\/?page_id=3916076\"]}]},{\"@type\":\"BreadcrumbList\",\"@id\":\"https:\\\/\\\/www.ssaki.eu\\\/?page_id=3916076#breadcrumb\",\"itemListElement\":[{\"@type\":\"ListItem\",\"position\":1,\"name\":\"Domovsk\u00e1 str\u00e1nka\",\"item\":\"https:\\\/\\\/www.ssaki.eu\\\/\"},{\"@type\":\"ListItem\",\"position\":2,\"name\":\"Zo z\u00e1pisnice z 14.4.2021\"}]},{\"@type\":\"WebSite\",\"@id\":\"https:\\\/\\\/www.ssaki.eu\\\/#website\",\"url\":\"https:\\\/\\\/www.ssaki.eu\\\/\",\"name\":\"Slovensk\u00e1 spolo\u010dnos\u0165 alergol\u00f3gie a klinickej imunol\u00f3gie\",\"description\":\"\",\"publisher\":{\"@id\":\"https:\\\/\\\/www.ssaki.eu\\\/#organization\"},\"potentialAction\":[{\"@type\":\"SearchAction\",\"target\":{\"@type\":\"EntryPoint\",\"urlTemplate\":\"https:\\\/\\\/www.ssaki.eu\\\/?s={search_term_string}\"},\"query-input\":{\"@type\":\"PropertyValueSpecification\",\"valueRequired\":true,\"valueName\":\"search_term_string\"}}],\"inLanguage\":\"sk-SK\"},{\"@type\":\"Organization\",\"@id\":\"https:\\\/\\\/www.ssaki.eu\\\/#organization\",\"name\":\"Slovensk\u00e1 spolo\u010dnos\u0165 alergol\u00f3gie a klinickej imunol\u00f3gie\",\"url\":\"https:\\\/\\\/www.ssaki.eu\\\/\",\"logo\":{\"@type\":\"ImageObject\",\"inLanguage\":\"sk-SK\",\"@id\":\"https:\\\/\\\/www.ssaki.eu\\\/#\\\/schema\\\/logo\\\/image\\\/\",\"url\":\"https:\\\/\\\/www.ssaki.eu\\\/wp-content\\\/uploads\\\/2021\\\/01\\\/LOGO-1.png\",\"contentUrl\":\"https:\\\/\\\/www.ssaki.eu\\\/wp-content\\\/uploads\\\/2021\\\/01\\\/LOGO-1.png\",\"width\":1280,\"height\":720,\"caption\":\"Slovensk\u00e1 spolo\u010dnos\u0165 alergol\u00f3gie a klinickej imunol\u00f3gie\"},\"image\":{\"@id\":\"https:\\\/\\\/www.ssaki.eu\\\/#\\\/schema\\\/logo\\\/image\\\/\"},\"sameAs\":[\"https:\\\/\\\/www.facebook.com\\\/alergologoviaimunologoviaSK\"]}]}<\/script>\n<!-- \/ Yoast SEO plugin. -->","yoast_head_json":{"title":"Zo z\u00e1pisnice z 14.4.2021 - Slovensk\u00e1 spolo\u010dnos\u0165 alergol\u00f3gie a klinickej imunol\u00f3gie","description":"Sme odborn\u00e1 splo\u010dnos\u0165, ktor\u00e1 zdru\u017euje klinick\u00fdch imunol\u00f3gov a alergol\u00f3gov, ako aj in\u00fdch odborn\u00edkov so z\u00e1ujmom o tento odbor. Na\u0161a spolo\u010dnos\u0165 je hlavn\u00fdm organiz\u00e1torom kontunu\u00e1lneho vzdel\u00e1vania v tomto odbore na Slovensku.","robots":{"index":"index","follow":"follow","max-snippet":"max-snippet:-1","max-image-preview":"max-image-preview:large","max-video-preview":"max-video-preview:-1"},"canonical":"https:\/\/www.ssaki.eu\/?page_id=3916076","og_locale":"sk_SK","og_type":"article","og_title":"Zo z\u00e1pisnice z 14.4.2021 - Slovensk\u00e1 spolo\u010dnos\u0165 alergol\u00f3gie a klinickej imunol\u00f3gie","og_description":"Sme odborn\u00e1 splo\u010dnos\u0165, ktor\u00e1 zdru\u017euje klinick\u00fdch imunol\u00f3gov a alergol\u00f3gov, ako aj in\u00fdch odborn\u00edkov so z\u00e1ujmom o tento odbor. Na\u0161a spolo\u010dnos\u0165 je hlavn\u00fdm organiz\u00e1torom kontunu\u00e1lneho vzdel\u00e1vania v tomto odbore na Slovensku.","og_url":"https:\/\/www.ssaki.eu\/?page_id=3916076","og_site_name":"Slovensk\u00e1 spolo\u010dnos\u0165 alergol\u00f3gie a klinickej imunol\u00f3gie","article_publisher":"https:\/\/www.facebook.com\/alergologoviaimunologoviaSK","article_modified_time":"2021-04-28T21:09:52+00:00","og_image":[{"width":640,"height":360,"url":"https:\/\/www.ssaki.eu\/wp-content\/uploads\/2021\/01\/STOP_COVID_SSAKI-e1609772027682.png","type":"image\/png"}],"twitter_card":"summary_large_image","twitter_misc":{"Predpokladan\u00fd \u010das \u010d\u00edtania":"3 min\u00faty"},"schema":{"@context":"https:\/\/schema.org","@graph":[{"@type":["WebPage","MedicalWebPage"],"@id":"https:\/\/www.ssaki.eu\/?page_id=3916076","url":"https:\/\/www.ssaki.eu\/?page_id=3916076","name":"Zo z\u00e1pisnice z 14.4.2021 - Slovensk\u00e1 spolo\u010dnos\u0165 alergol\u00f3gie a klinickej imunol\u00f3gie","isPartOf":{"@id":"https:\/\/www.ssaki.eu\/#website"},"datePublished":"2021-04-28T21:09:18+00:00","dateModified":"2021-04-28T21:09:52+00:00","description":"Sme odborn\u00e1 splo\u010dnos\u0165, ktor\u00e1 zdru\u017euje klinick\u00fdch imunol\u00f3gov a alergol\u00f3gov, ako aj in\u00fdch odborn\u00edkov so z\u00e1ujmom o tento odbor. Na\u0161a spolo\u010dnos\u0165 je hlavn\u00fdm organiz\u00e1torom kontunu\u00e1lneho vzdel\u00e1vania v tomto odbore na Slovensku.","breadcrumb":{"@id":"https:\/\/www.ssaki.eu\/?page_id=3916076#breadcrumb"},"inLanguage":"sk-SK","potentialAction":[{"@type":"ReadAction","target":["https:\/\/www.ssaki.eu\/?page_id=3916076"]}]},{"@type":"BreadcrumbList","@id":"https:\/\/www.ssaki.eu\/?page_id=3916076#breadcrumb","itemListElement":[{"@type":"ListItem","position":1,"name":"Domovsk\u00e1 str\u00e1nka","item":"https:\/\/www.ssaki.eu\/"},{"@type":"ListItem","position":2,"name":"Zo z\u00e1pisnice z 14.4.2021"}]},{"@type":"WebSite","@id":"https:\/\/www.ssaki.eu\/#website","url":"https:\/\/www.ssaki.eu\/","name":"Slovensk\u00e1 spolo\u010dnos\u0165 alergol\u00f3gie a klinickej imunol\u00f3gie","description":"","publisher":{"@id":"https:\/\/www.ssaki.eu\/#organization"},"potentialAction":[{"@type":"SearchAction","target":{"@type":"EntryPoint","urlTemplate":"https:\/\/www.ssaki.eu\/?s={search_term_string}"},"query-input":{"@type":"PropertyValueSpecification","valueRequired":true,"valueName":"search_term_string"}}],"inLanguage":"sk-SK"},{"@type":"Organization","@id":"https:\/\/www.ssaki.eu\/#organization","name":"Slovensk\u00e1 spolo\u010dnos\u0165 alergol\u00f3gie a klinickej imunol\u00f3gie","url":"https:\/\/www.ssaki.eu\/","logo":{"@type":"ImageObject","inLanguage":"sk-SK","@id":"https:\/\/www.ssaki.eu\/#\/schema\/logo\/image\/","url":"https:\/\/www.ssaki.eu\/wp-content\/uploads\/2021\/01\/LOGO-1.png","contentUrl":"https:\/\/www.ssaki.eu\/wp-content\/uploads\/2021\/01\/LOGO-1.png","width":1280,"height":720,"caption":"Slovensk\u00e1 spolo\u010dnos\u0165 alergol\u00f3gie a klinickej imunol\u00f3gie"},"image":{"@id":"https:\/\/www.ssaki.eu\/#\/schema\/logo\/image\/"},"sameAs":["https:\/\/www.facebook.com\/alergologoviaimunologoviaSK"]}]}},"_links":{"self":[{"href":"https:\/\/www.ssaki.eu\/index.php?rest_route=\/wp\/v2\/pages\/3916076","targetHints":{"allow":["GET"]}}],"collection":[{"href":"https:\/\/www.ssaki.eu\/index.php?rest_route=\/wp\/v2\/pages"}],"about":[{"href":"https:\/\/www.ssaki.eu\/index.php?rest_route=\/wp\/v2\/types\/page"}],"author":[{"embeddable":true,"href":"https:\/\/www.ssaki.eu\/index.php?rest_route=\/wp\/v2\/users\/1"}],"replies":[{"embeddable":true,"href":"https:\/\/www.ssaki.eu\/index.php?rest_route=%2Fwp%2Fv2%2Fcomments&post=3916076"}],"version-history":[{"count":1,"href":"https:\/\/www.ssaki.eu\/index.php?rest_route=\/wp\/v2\/pages\/3916076\/revisions"}],"predecessor-version":[{"id":3916077,"href":"https:\/\/www.ssaki.eu\/index.php?rest_route=\/wp\/v2\/pages\/3916076\/revisions\/3916077"}],"wp:attachment":[{"href":"https:\/\/www.ssaki.eu\/index.php?rest_route=%2Fwp%2Fv2%2Fmedia&parent=3916076"}],"curies":[{"name":"wp","href":"https:\/\/api.w.org\/{rel}","templated":true}]}}