{"id":3916322,"date":"2021-12-16T00:46:49","date_gmt":"2021-12-15T22:46:49","guid":{"rendered":"https:\/\/www.ssaki.eu\/?page_id=3916322"},"modified":"2021-12-16T00:46:50","modified_gmt":"2021-12-15T22:46:50","slug":"zo-zapisnice-z-10-12-2021","status":"publish","type":"page","link":"https:\/\/www.ssaki.eu\/?page_id=3916322","title":{"rendered":"Zo z\u00e1pisnice z 10.12.2021"},"content":{"rendered":"\n<p><strong>Z\u00e1pisnica zo zasadnutia V\u00fdboru SSAKI a&nbsp;<\/strong><\/p>\n\n\n\n<p><strong>Poradn\u00e9ho zboru hlavn\u00e9ho odborn\u00edka MZ SR<\/strong><\/p>\n\n\n\n<p><strong><em>10.12.2021, Jasensk\u00e1 dolina<\/em><\/strong><\/p>\n\n\n\n<p><strong>Pr\u00edtomn\u00ed: <\/strong>\u010ci\u017en\u00e1r, Hadvabov\u00e1, Hochmuth,Hrubi\u0161ko Jese\u0148\u00e1k, Ko\u0161turiak, Koss\u00e1rov\u00e1, Lap\u0161ansk\u00e1, Mikler, Petriskov\u00e1, Pru\u017einec, Schvalbov\u00e1<\/p>\n\n\n\n<p><strong>Ospravedlnen\u00ed: <\/strong>Hlinka, Smie\u0161kov\u00e1<\/p>\n\n\n\n<p>1. <strong>Hodnotenie Zjazdu SSAKI a&nbsp;\u010cSAKI-20-23.10.2021 &#8211; Grand hotel Bellevue \u2013 Horn\u00fd Smokovec &#8211; Vysok\u00e9 Tatry<\/strong><\/p>\n\n\n\n<p>Zjazd je &nbsp;hodnoten\u00fd po odbornej, organiza\u010dnej &nbsp;aj spolo\u010denskej str\u00e1nke vysoko kladne<\/p>\n\n\n\n<p>Pru\u017einec zhodnotil finan\u010dn\u00e9 zabezpe\u010denie kongresu.<\/p>\n\n\n\n<p>Handouty z predn\u00e1\u0161ok z&nbsp;postgradu\u00e1lneho kurzu v&nbsp;r\u00e1mci Zjazdu bud\u00fa uverejnen\u00e9 v&nbsp;\u010dasopise Klinick\u00e1 imunol\u00f3gia a alergol\u00f3gia<\/p>\n\n\n\n<p>2. V\u00fdbor SSAKI sa dohodol, \u017ee <strong>v\u0161etky odborn\u00e9 podujatia bude organizova\u0165 v&nbsp;roku 2022 SSAKI ob\u010dianske zdru\u017eenie<\/strong>.<\/p>\n\n\n\n<p><strong>3. \u0160tandardn\u00e9 diagnostick\u00e9 a&nbsp;terapeutick\u00e9 postupy (\u0160DTP) &#8211; aktu\u00e1lny stav:<\/strong><\/p>\n\n\n\n<p><strong>Pr\u00edstup k&nbsp;\u0160DTP je na str\u00e1nke www.standardnepostupy.sk<\/strong><\/p>\n\n\n\n<p>\u0160DTP &#8211; Venom imunoterapia je schv\u00e1len\u00fd \u2013 bude uverejnen\u00fd v&nbsp;\u010dasopise KIA<\/p>\n\n\n\n<p>\u0160DTP &#8211; Rtg kontrastn\u00e9 l\u00e1tky \u2013 pripravil Martin Hrubi\u0161ko \u2013 Mikler a&nbsp;Koss\u00e1rov\u00e1 doplnia pediatrick\u00fa \u010das\u0165, do konca janu\u00e1ra sfinalizuje Hrubi\u0161ko<\/p>\n\n\n\n<p>\u0160DTP &#8211; asthma bronchiale v&nbsp;detstve \u2013 Lap\u0161ansk\u00e1 finalizuje&nbsp; do konca janu\u00e1ra 2022<\/p>\n\n\n\n<p>\u0160DTP \u2013 Anafylaxia &#8211; Mikler finalizuje do konca janu\u00e1ra 2022<\/p>\n\n\n\n<p><strong>4. R\u00f4zne<\/strong><\/p>\n\n\n\n<ul class=\"wp-block-list\"><li>SLS poskytne\u00a0 grant na update Vademecum o\u010dkovania (informoval Jese\u0148\u00e1k)<\/li><li>O\u010dkovanie v\u00a0lek\u00e1r\u0148ach \u2013 o\u010dkovanie zdrav\u00fdch dospel\u00fdch proti chr\u00edpke, pripravuj\u00fa sa\u00a0 legislat\u00edvne zmeny<\/li><li>vysok\u00e1 sledovanos\u0165 na\u0161ej facebookovej str\u00e1nky<\/li><li>V\u00fdbor schv\u00e1lil \u00fahradu za spr\u00e1vu webovej str\u00e1nky fy Medimpro<\/li><li>Projekt vzdel\u00e1vania sestier realizuje S. Hadvabov\u00e1, prebehli 2 kol\u00e1, projekt sa stretol s\u00a0vysok\u00fdm z\u00e1ujmom a\u00a0bude pokra\u010dova\u0165 aj v\u00a0bud\u00facom roku<\/li><li>Jese\u0148\u00e1k vypracuje stanovisko k\u00a0vy\u0161etrovaniu protil\u00e1tok proti SARS-Cov-2-<\/li><li>SSAKI bola osloven\u00e1 vl\u00e1dou SR k\u00a0realiz\u00e1cii antihoaxov\u00fdch vide\u00ed \u2013 projekt sa realizuje<\/li><li>kategoriza\u010dn\u00e1 komisia predbe\u017ene schv\u00e1lila \u017eiados\u0165 o\u00a0zmenu preskrib\u010dn\u00e9ho \u00a0obmedzenia pre Dupilumab indikovan\u00e9ho pri atopickej dermatitide pre odbornos\u0165 040 (informoval Pru\u017einec). Kone\u010dn\u00e9 rozhodnutie bude po s\u00fahlase v\u00fdboru Dermatologickej odbornej spolo\u010dnosti.<\/li><li>V\u00fdbor SSAKI podpor\u00ed zmenu po\u010dtu ak\u00fatnych exacerb\u00e1ci\u00ed pri indik\u00e1ci\u00ed \u00a0mepolizumabu v\u00a0lie\u010dbe \u0165a\u017ekej eozinofilnej astmy zo \u0161tyroch na dve exacerb\u00e1cie (vypracuje Jese\u0148\u00e1k)<\/li><li>V\u00fdbor SSAKI sa di\u0161tancuje od medi\u00e1lnych vyjadren\u00ed neimunol\u00f3gov k\u00a0o\u010dkovaniu proti ochoreniu COVID-19<\/li><li>Farmaceutick\u00e1 firma ALK podala hromadn\u00fa \u00a0\u017eiados\u0165 <strong>na pln\u00fa \u00fahradu alerg\u00e9novej imunoterapie jedmi hmyzu<\/strong>, \u010do V\u00fdbor SSAKI odpor\u00fa\u010da schv\u00e1li\u0165, preto\u017ee ide o\u00a0jedin\u00fa\u00a0 prevent\u00edvnu\u00a0 lie\u010dbu \u017eivot ohrozuj\u00facich stavov po bodnut\u00ed blanokr\u00eddlym hmyzom<\/li><li>V\u00fdbor bude \u017eiada\u0165 na ministerstve zdravotn\u00edctva SR uzn\u00e1vanie k\u00f3du na inici\u00e1ciu imunoterapie 67a (600 bodov) &#8211; inici\u00e1cia AIT<\/li><\/ul>\n\n\n\n<p><strong>Odborn\u00e9 akcie pre rok 2022<\/strong><\/p>\n\n\n\n<ul class=\"wp-block-list\"><li>18.-19.3. . 10. Burza imunodeficienci\u00ed &#8211; Bel\u00e1, Resort Hanuliak<\/li><li>7.-9.4. &#8211; zasadnutie v\u00fdboru SSAKI \u2013 Liptovsk\u00fd&nbsp; Hr\u00e1dok<\/li><li>27.4. \u2013 PID day \u2013 v&nbsp;rie\u0161en\u00ed ev. zmena term\u00ednu<\/li><li>27.-29.4. &#8211; Martinsk\u00e9 dni imunol\u00f3gie (organiz\u00e1tor SSAKI o.z. )<\/li><li>13.-14.5. &#8211; Stretnutie lek\u00e1rov &#8211; Litomy\u0161l<\/li><li>20.-21.5 &#8211; odborn\u00fd semin\u00e1r &#8211; Ro\u017enov nad Radho\u0161tem<\/li><li>27.-28.5. \u2013 Alergia (Bratislava)<\/li><li>1.-3.7. &#8211; EAACI kongres Praha<\/li><li>12.8. &#8211; zasadnutie v\u00fdboru SSAKI &#8211; Malat\u00edny<\/li><li>12.-13.8. &#8211; Letn\u00e1 \u0161kola imunol\u00f3gie (Malat\u00edny)<\/li><li>4.-7.9. &#8211; ERS (Barcelona)<\/li><li>5.-8.10. &#8211; Kongres \u010cSAKI a SSAKI (Praha)<\/li><li>12.-14.10. &#8211; ESID (G\u00f6teborg, SWE)<\/li><li>23.-26.11. \u2013 MESSIA meeting (Praha)<\/li><li>4.-5.11. &#8211; Medif\u00f3rum &#8211; hotel Chopok<\/li><li>8.-9.12. &#8211; zasadnutie v\u00fdboru (Jasensk\u00e1 dolina)<\/li><\/ul>\n\n\n\n<p>&#8211; r. 2021 absolvovali atest\u00e1cie v&nbsp;odbore KIA &#8211; traja lek\u00e1ri<\/p>\n\n\n\n<p>&#8211; 27.4. a&nbsp;30.11.2022 -term\u00edny atest\u00e1ci\u00ed na JLF UK v&nbsp;Martine<\/p>\n\n\n\n<p>&#8211; celkovo je v&nbsp;odbore zaraden\u00fdch 38 lek\u00e1rov<\/p>\n\n\n\n<p>-v\u00fdbor SSAKI vybral ocenen\u00fdch jubilantov ,vybav\u00ed Schvalbov\u00e1 na SLS<\/p>\n\n\n\n<p>Zap\u00edsala M. Schvalbov\u00e1<\/p>\n\r\n","protected":false},"excerpt":{"rendered":"<p>Z\u00e1pisnica zo zasadnutia V\u00fdboru SSAKI a&nbsp; Poradn\u00e9ho zboru hlavn\u00e9ho odborn\u00edka MZ SR 10.12.2021, Jasensk\u00e1 dolina Pr\u00edtomn\u00ed: \u010ci\u017en\u00e1r, Hadvabov\u00e1, Hochmuth,Hrubi\u0161ko Jese\u0148\u00e1k, Ko\u0161turiak, Koss\u00e1rov\u00e1, Lap\u0161ansk\u00e1, Mikler, Petriskov\u00e1, Pru\u017einec, Schvalbov\u00e1 Ospravedlnen\u00ed: Hlinka, Smie\u0161kov\u00e1 1. Hodnotenie Zjazdu SSAKI&#46;&#46;&#46;<\/p>\n","protected":false},"author":1,"featured_media":0,"parent":0,"menu_order":0,"comment_status":"closed","ping_status":"closed","template":"","meta":{"footnotes":""},"class_list":["post-3916322","page","type-page","status-publish","hentry"],"yoast_head":"<!-- This site is optimized with the Yoast SEO plugin v27.5 - https:\/\/yoast.com\/product\/yoast-seo-wordpress\/ -->\n<title>Zo z\u00e1pisnice z 10.12.2021 - Slovensk\u00e1 spolo\u010dnos\u0165 alergol\u00f3gie a klinickej imunol\u00f3gie<\/title>\n<meta name=\"description\" content=\"Sme odborn\u00e1 splo\u010dnos\u0165, ktor\u00e1 zdru\u017euje klinick\u00fdch imunol\u00f3gov a alergol\u00f3gov, ako aj in\u00fdch odborn\u00edkov so z\u00e1ujmom o tento odbor. Na\u0161a spolo\u010dnos\u0165 je hlavn\u00fdm organiz\u00e1torom kontunu\u00e1lneho vzdel\u00e1vania v tomto odbore na Slovensku.\" \/>\n<meta name=\"robots\" content=\"index, follow, max-snippet:-1, max-image-preview:large, max-video-preview:-1\" \/>\n<link rel=\"canonical\" href=\"https:\/\/www.ssaki.eu\/?page_id=3916322\" \/>\n<meta property=\"og:locale\" content=\"sk_SK\" \/>\n<meta property=\"og:type\" content=\"article\" \/>\n<meta property=\"og:title\" content=\"Zo z\u00e1pisnice z 10.12.2021 - Slovensk\u00e1 spolo\u010dnos\u0165 alergol\u00f3gie a klinickej imunol\u00f3gie\" \/>\n<meta property=\"og:description\" content=\"Sme odborn\u00e1 splo\u010dnos\u0165, ktor\u00e1 zdru\u017euje klinick\u00fdch imunol\u00f3gov a alergol\u00f3gov, ako aj in\u00fdch odborn\u00edkov so z\u00e1ujmom o tento odbor. Na\u0161a spolo\u010dnos\u0165 je hlavn\u00fdm organiz\u00e1torom kontunu\u00e1lneho vzdel\u00e1vania v tomto odbore na Slovensku.\" \/>\n<meta property=\"og:url\" content=\"https:\/\/www.ssaki.eu\/?page_id=3916322\" \/>\n<meta property=\"og:site_name\" content=\"Slovensk\u00e1 spolo\u010dnos\u0165 alergol\u00f3gie a klinickej imunol\u00f3gie\" \/>\n<meta property=\"article:publisher\" content=\"https:\/\/www.facebook.com\/alergologoviaimunologoviaSK\" \/>\n<meta property=\"article:modified_time\" content=\"2021-12-15T22:46:50+00:00\" \/>\n<meta property=\"og:image\" content=\"https:\/\/www.ssaki.eu\/wp-content\/uploads\/2021\/01\/STOP_COVID_SSAKI-e1609772027682.png\" \/>\n\t<meta property=\"og:image:width\" content=\"640\" \/>\n\t<meta property=\"og:image:height\" content=\"360\" \/>\n\t<meta property=\"og:image:type\" content=\"image\/png\" \/>\n<meta name=\"twitter:card\" content=\"summary_large_image\" \/>\n<meta name=\"twitter:label1\" content=\"Predpokladan\u00fd \u010das \u010d\u00edtania\" \/>\n\t<meta name=\"twitter:data1\" content=\"2 min\u00faty\" \/>\n<script type=\"application\/ld+json\" class=\"yoast-schema-graph\">{\"@context\":\"https:\\\/\\\/schema.org\",\"@graph\":[{\"@type\":[\"WebPage\",\"MedicalWebPage\"],\"@id\":\"https:\\\/\\\/www.ssaki.eu\\\/?page_id=3916322\",\"url\":\"https:\\\/\\\/www.ssaki.eu\\\/?page_id=3916322\",\"name\":\"Zo z\u00e1pisnice z 10.12.2021 - Slovensk\u00e1 spolo\u010dnos\u0165 alergol\u00f3gie a klinickej imunol\u00f3gie\",\"isPartOf\":{\"@id\":\"https:\\\/\\\/www.ssaki.eu\\\/#website\"},\"datePublished\":\"2021-12-15T22:46:49+00:00\",\"dateModified\":\"2021-12-15T22:46:50+00:00\",\"description\":\"Sme odborn\u00e1 splo\u010dnos\u0165, ktor\u00e1 zdru\u017euje klinick\u00fdch imunol\u00f3gov a alergol\u00f3gov, ako aj in\u00fdch odborn\u00edkov so z\u00e1ujmom o tento odbor. Na\u0161a spolo\u010dnos\u0165 je hlavn\u00fdm organiz\u00e1torom kontunu\u00e1lneho vzdel\u00e1vania v tomto odbore na Slovensku.\",\"breadcrumb\":{\"@id\":\"https:\\\/\\\/www.ssaki.eu\\\/?page_id=3916322#breadcrumb\"},\"inLanguage\":\"sk-SK\",\"potentialAction\":[{\"@type\":\"ReadAction\",\"target\":[\"https:\\\/\\\/www.ssaki.eu\\\/?page_id=3916322\"]}]},{\"@type\":\"BreadcrumbList\",\"@id\":\"https:\\\/\\\/www.ssaki.eu\\\/?page_id=3916322#breadcrumb\",\"itemListElement\":[{\"@type\":\"ListItem\",\"position\":1,\"name\":\"Domovsk\u00e1 str\u00e1nka\",\"item\":\"https:\\\/\\\/www.ssaki.eu\\\/\"},{\"@type\":\"ListItem\",\"position\":2,\"name\":\"Zo z\u00e1pisnice z 10.12.2021\"}]},{\"@type\":\"WebSite\",\"@id\":\"https:\\\/\\\/www.ssaki.eu\\\/#website\",\"url\":\"https:\\\/\\\/www.ssaki.eu\\\/\",\"name\":\"Slovensk\u00e1 spolo\u010dnos\u0165 alergol\u00f3gie a klinickej imunol\u00f3gie\",\"description\":\"\",\"publisher\":{\"@id\":\"https:\\\/\\\/www.ssaki.eu\\\/#organization\"},\"potentialAction\":[{\"@type\":\"SearchAction\",\"target\":{\"@type\":\"EntryPoint\",\"urlTemplate\":\"https:\\\/\\\/www.ssaki.eu\\\/?s={search_term_string}\"},\"query-input\":{\"@type\":\"PropertyValueSpecification\",\"valueRequired\":true,\"valueName\":\"search_term_string\"}}],\"inLanguage\":\"sk-SK\"},{\"@type\":\"Organization\",\"@id\":\"https:\\\/\\\/www.ssaki.eu\\\/#organization\",\"name\":\"Slovensk\u00e1 spolo\u010dnos\u0165 alergol\u00f3gie a klinickej imunol\u00f3gie\",\"url\":\"https:\\\/\\\/www.ssaki.eu\\\/\",\"logo\":{\"@type\":\"ImageObject\",\"inLanguage\":\"sk-SK\",\"@id\":\"https:\\\/\\\/www.ssaki.eu\\\/#\\\/schema\\\/logo\\\/image\\\/\",\"url\":\"https:\\\/\\\/www.ssaki.eu\\\/wp-content\\\/uploads\\\/2021\\\/01\\\/LOGO-1.png\",\"contentUrl\":\"https:\\\/\\\/www.ssaki.eu\\\/wp-content\\\/uploads\\\/2021\\\/01\\\/LOGO-1.png\",\"width\":1280,\"height\":720,\"caption\":\"Slovensk\u00e1 spolo\u010dnos\u0165 alergol\u00f3gie a klinickej imunol\u00f3gie\"},\"image\":{\"@id\":\"https:\\\/\\\/www.ssaki.eu\\\/#\\\/schema\\\/logo\\\/image\\\/\"},\"sameAs\":[\"https:\\\/\\\/www.facebook.com\\\/alergologoviaimunologoviaSK\"]}]}<\/script>\n<!-- \/ Yoast SEO plugin. -->","yoast_head_json":{"title":"Zo z\u00e1pisnice z 10.12.2021 - Slovensk\u00e1 spolo\u010dnos\u0165 alergol\u00f3gie a klinickej imunol\u00f3gie","description":"Sme odborn\u00e1 splo\u010dnos\u0165, ktor\u00e1 zdru\u017euje klinick\u00fdch imunol\u00f3gov a alergol\u00f3gov, ako aj in\u00fdch odborn\u00edkov so z\u00e1ujmom o tento odbor. Na\u0161a spolo\u010dnos\u0165 je hlavn\u00fdm organiz\u00e1torom kontunu\u00e1lneho vzdel\u00e1vania v tomto odbore na Slovensku.","robots":{"index":"index","follow":"follow","max-snippet":"max-snippet:-1","max-image-preview":"max-image-preview:large","max-video-preview":"max-video-preview:-1"},"canonical":"https:\/\/www.ssaki.eu\/?page_id=3916322","og_locale":"sk_SK","og_type":"article","og_title":"Zo z\u00e1pisnice z 10.12.2021 - Slovensk\u00e1 spolo\u010dnos\u0165 alergol\u00f3gie a klinickej imunol\u00f3gie","og_description":"Sme odborn\u00e1 splo\u010dnos\u0165, ktor\u00e1 zdru\u017euje klinick\u00fdch imunol\u00f3gov a alergol\u00f3gov, ako aj in\u00fdch odborn\u00edkov so z\u00e1ujmom o tento odbor. Na\u0161a spolo\u010dnos\u0165 je hlavn\u00fdm organiz\u00e1torom kontunu\u00e1lneho vzdel\u00e1vania v tomto odbore na Slovensku.","og_url":"https:\/\/www.ssaki.eu\/?page_id=3916322","og_site_name":"Slovensk\u00e1 spolo\u010dnos\u0165 alergol\u00f3gie a klinickej imunol\u00f3gie","article_publisher":"https:\/\/www.facebook.com\/alergologoviaimunologoviaSK","article_modified_time":"2021-12-15T22:46:50+00:00","og_image":[{"width":640,"height":360,"url":"https:\/\/www.ssaki.eu\/wp-content\/uploads\/2021\/01\/STOP_COVID_SSAKI-e1609772027682.png","type":"image\/png"}],"twitter_card":"summary_large_image","twitter_misc":{"Predpokladan\u00fd \u010das \u010d\u00edtania":"2 min\u00faty"},"schema":{"@context":"https:\/\/schema.org","@graph":[{"@type":["WebPage","MedicalWebPage"],"@id":"https:\/\/www.ssaki.eu\/?page_id=3916322","url":"https:\/\/www.ssaki.eu\/?page_id=3916322","name":"Zo z\u00e1pisnice z 10.12.2021 - Slovensk\u00e1 spolo\u010dnos\u0165 alergol\u00f3gie a klinickej imunol\u00f3gie","isPartOf":{"@id":"https:\/\/www.ssaki.eu\/#website"},"datePublished":"2021-12-15T22:46:49+00:00","dateModified":"2021-12-15T22:46:50+00:00","description":"Sme odborn\u00e1 splo\u010dnos\u0165, ktor\u00e1 zdru\u017euje klinick\u00fdch imunol\u00f3gov a alergol\u00f3gov, ako aj in\u00fdch odborn\u00edkov so z\u00e1ujmom o tento odbor. Na\u0161a spolo\u010dnos\u0165 je hlavn\u00fdm organiz\u00e1torom kontunu\u00e1lneho vzdel\u00e1vania v tomto odbore na Slovensku.","breadcrumb":{"@id":"https:\/\/www.ssaki.eu\/?page_id=3916322#breadcrumb"},"inLanguage":"sk-SK","potentialAction":[{"@type":"ReadAction","target":["https:\/\/www.ssaki.eu\/?page_id=3916322"]}]},{"@type":"BreadcrumbList","@id":"https:\/\/www.ssaki.eu\/?page_id=3916322#breadcrumb","itemListElement":[{"@type":"ListItem","position":1,"name":"Domovsk\u00e1 str\u00e1nka","item":"https:\/\/www.ssaki.eu\/"},{"@type":"ListItem","position":2,"name":"Zo z\u00e1pisnice z 10.12.2021"}]},{"@type":"WebSite","@id":"https:\/\/www.ssaki.eu\/#website","url":"https:\/\/www.ssaki.eu\/","name":"Slovensk\u00e1 spolo\u010dnos\u0165 alergol\u00f3gie a klinickej imunol\u00f3gie","description":"","publisher":{"@id":"https:\/\/www.ssaki.eu\/#organization"},"potentialAction":[{"@type":"SearchAction","target":{"@type":"EntryPoint","urlTemplate":"https:\/\/www.ssaki.eu\/?s={search_term_string}"},"query-input":{"@type":"PropertyValueSpecification","valueRequired":true,"valueName":"search_term_string"}}],"inLanguage":"sk-SK"},{"@type":"Organization","@id":"https:\/\/www.ssaki.eu\/#organization","name":"Slovensk\u00e1 spolo\u010dnos\u0165 alergol\u00f3gie a klinickej imunol\u00f3gie","url":"https:\/\/www.ssaki.eu\/","logo":{"@type":"ImageObject","inLanguage":"sk-SK","@id":"https:\/\/www.ssaki.eu\/#\/schema\/logo\/image\/","url":"https:\/\/www.ssaki.eu\/wp-content\/uploads\/2021\/01\/LOGO-1.png","contentUrl":"https:\/\/www.ssaki.eu\/wp-content\/uploads\/2021\/01\/LOGO-1.png","width":1280,"height":720,"caption":"Slovensk\u00e1 spolo\u010dnos\u0165 alergol\u00f3gie a klinickej imunol\u00f3gie"},"image":{"@id":"https:\/\/www.ssaki.eu\/#\/schema\/logo\/image\/"},"sameAs":["https:\/\/www.facebook.com\/alergologoviaimunologoviaSK"]}]}},"_links":{"self":[{"href":"https:\/\/www.ssaki.eu\/index.php?rest_route=\/wp\/v2\/pages\/3916322","targetHints":{"allow":["GET"]}}],"collection":[{"href":"https:\/\/www.ssaki.eu\/index.php?rest_route=\/wp\/v2\/pages"}],"about":[{"href":"https:\/\/www.ssaki.eu\/index.php?rest_route=\/wp\/v2\/types\/page"}],"author":[{"embeddable":true,"href":"https:\/\/www.ssaki.eu\/index.php?rest_route=\/wp\/v2\/users\/1"}],"replies":[{"embeddable":true,"href":"https:\/\/www.ssaki.eu\/index.php?rest_route=%2Fwp%2Fv2%2Fcomments&post=3916322"}],"version-history":[{"count":1,"href":"https:\/\/www.ssaki.eu\/index.php?rest_route=\/wp\/v2\/pages\/3916322\/revisions"}],"predecessor-version":[{"id":3916323,"href":"https:\/\/www.ssaki.eu\/index.php?rest_route=\/wp\/v2\/pages\/3916322\/revisions\/3916323"}],"wp:attachment":[{"href":"https:\/\/www.ssaki.eu\/index.php?rest_route=%2Fwp%2Fv2%2Fmedia&parent=3916322"}],"curies":[{"name":"wp","href":"https:\/\/api.w.org\/{rel}","templated":true}]}}