{"id":3916391,"date":"2022-08-15T22:19:01","date_gmt":"2022-08-15T20:19:01","guid":{"rendered":"https:\/\/www.ssaki.eu\/?page_id=3916391"},"modified":"2022-08-15T22:19:02","modified_gmt":"2022-08-15T20:19:02","slug":"zo-zapinice-z-12-8-2022","status":"publish","type":"page","link":"https:\/\/www.ssaki.eu\/?page_id=3916391","title":{"rendered":"Zo z\u00e1pinice z 12.8.2022"},"content":{"rendered":"\n<p><strong>Z\u00e1pisnica zo zasadnutia V\u00fdboru SSAKI a Poradn\u00e9ho zboru hlavn\u00e9ho odborn\u00edka MZ SR 12.8.2022, Malat\u00edny<\/strong><\/p>\n\n\n\n<p>Pr\u00edtomn\u00ed: \u010ci\u017en\u00e1r,Hadvabov\u00e1, Hochmuth, Hrubi\u0161ko, Jese\u0148\u00e1k, Koss\u00e1rov\u00e1, Ko\u0161turiak, Lap\u0161ansk\u00e1, Mikler, Petriskov\u00e1, Pru\u017einec, Schvalbov\u00e1, Smie\u0161kov\u00e1<br>Ospravedlnen\u00ed: Hlinka, Hos\u0165: Dzurillov\u00e1<\/p>\n\n\n\n<p>I. Otvorenie zasadnutia a zhrnutie \u010dinnosti medzi zasadnutiami (Jese\u0148\u00e1k, Pru\u017einec)<\/p>\n\n\n\n<p>II. Odborn\u00e9 a vedeck\u00e9 podujatia:<\/p>\n\n\n\n<ol class=\"wp-block-list\"><li>XXXIX. zjazd \u010desk\u00fdch a slovensk\u00fdch alergol\u00f3gov a klinick\u00fdch imunol\u00f3gov -5.-8.10.2022 &#8211; Praha \u2013<br>Plen\u00e1rna predn\u00e1\u0161ka za SSAKI &#8211; Hrubi\u0161ko<br>Pr\u00edhovor za SSAKI v sl\u00e1vnostnom otvoren\u00ed \u2013 Jese\u0148\u00e1k<br>Odovzdanie cien jubilantom za SSAKI (xxx,yyy) \u2013 Pru\u017einec, Jese\u0148\u00e1k, Schvalbov\u00e1<br>Akt\u00edvna \u00fa\u010das\u0165 na symp\u00f3zi\u00e1ch &#8211; Hochmuth,Hrubi\u0161ko, Jese\u0148\u00e1k, Ko\u0161turiak, Mikler, Pru\u017einec ,Smie\u0161kov\u00e1<\/li><li>XL. kongres slovensk\u00fdch a \u010desk\u00fdch alergol\u00f3gov a klinick\u00fdch imunol\u00f3gov &#8211; 18.-21.10.2023 &#8211; hotel Bellevue, Vysok\u00e9 Tatry.<br>V\u00fdbor SSAKI s\u00fahlas\u00ed, aby firma BONUS bola poveren\u00e1 organiz\u00e1ciou kongresu<br>Prezidentka kongresu: M\u00e1ria Schvalbov\u00e1<br>T\u00e9ma kongresu:40 rokov spolu-kam sme sa posunuli<\/li><\/ol>\n\n\n\n<p>Okruhy t\u00e9m na kongres:<\/p>\n\n\n\n<p><br>40 rokov &#8211; <\/p>\n\n\n\n<p>Alerg\u00e9novej imunoterapie (Hrubi\u0161ko)<br>Imunomodul\u00e1cie (Ko\u0161turiak)<br>kortikoterapie (Schvalbov\u00e1)<br>Intenz\u00edvnej medic\u00edny v alergol\u00f3gii (Mikler)<br>O\u010dkovania (Jese\u0148\u00e1k)<br>Ch\u00fdb a omylov (Pru\u017einec),<br>Diagnostiky a lie\u010dby prim\u00e1rnych imunodeficitov (\u010ci\u017en\u00e1r,Jese\u0148\u00e1k)<br>V imunologickom laborat\u00f3riu (Petriskov\u00e1)<br>Pe\u013eov\u00e9ho monitoringu (Hochmuth)<br>Liekovej alergie (Smie\u0161kov\u00e1)<br>Sekcia sestier<br>Postgradu\u00e1l: 40 rokov medziodborovej (spolu)pr\u00e1ce<\/p>\n\n\n\n<ol class=\"wp-block-list\" start=\"3\"><li>Term\u00edny odborn\u00fdch akci\u00ed 2022 :<br>\u2022 23.-24.9. &#8211; AIT f\u00f3rum (\u017dilina)<br>\u2022 5.-8.10 &#8211; XXXIX. zjazd \u010desk\u00fdch a slovensk\u00fdch alergol\u00f3gov a klinick\u00fdch imunol\u00f3gov (Praha)<br>\u2022 21.-22.10. &#8211; Jesenn\u00fd workshop, ASL (Martin)<br>\u2022 4.-5.11. \u2013 Medif\u00f3rum (Jasn\u00e1)<br>\u2022 23.-26.11. \u2013 MESIA (Praha)<br>\u2022 8.-9.12. &#8211; Zasadnutie V\u00fdboru \u010cSAKI a SSAKI (\u010ci\u010dmany)<br>\u2022 15.12. SIMS &#8211; Biologick\u00e1 lie\u010dba (Bratislava)<\/li><li>Term\u00edny odborn\u00fdch akci\u00ed 2023:<br>\u2022 17.-19.3. \u2013 XI. Burza imunodeficienci\u00ed (Hotel Zelen\u00e1 Lag\u00fana, Doma\u0161a)<br>\u2022 19.-21.4.2023 &#8211; Martinsk\u00e9 dni imunol\u00f3gie (Martin)<br>\u2022 26.4. \u2013 PID Day (Bratislava)<br>\u2022 9.-11.6. \u2013 EAACI (Hamburg)<\/li><\/ol>\n\n\n\n<p>III. R\u00f4zne<\/p>\n\n\n\n<p>\u2022 k\u00f3d v\u00fdkonu &#8211; 252b &#8211; o\u010dkovanie \u2013 pod\u013ea odpovede MZ SR nebude tento k\u00f3d v novom katal\u00f3gu v\u00fdkonov viazan\u00fd na ur\u010dit\u00fa \u0161pecializ\u00e1ciu,<br>\u2022 na akcept\u00e1ciu k\u00f3du &#8211; inici\u00e1cia AIT- sa moment\u00e1lne \u010dak\u00e1 na vyjadrenie MZ SR, boli dodan\u00e9 detaily a upresnenia pod\u013ea po\u017eiadavky MZ SR,<br>\u2022 Minim\u00e1lny \u0161tandard v laborat\u00f3rnej imunol\u00f3gii \u2013 podnet SSAKI &#8211; zru\u0161i\u0165 v\u00fdkon rozetov\u00e9 testy<br>\u2022 Dupilumab od 1.8.2022 &#8211; indik\u00e1cia astma a atopick\u00fd ekz\u00e9m od 12 rokov \u017eivota (12. \u2013 18, rok &#8211; pri zlyhan\u00ed fototerapie, dospel\u00ed pacienti \u2013 pri zlyhan\u00ed alebo KI lie\u010dby cyklospor\u00ednom),<br>\u2022 kategoriza\u010dn\u00e1 komisia a MZ SR schv\u00e1lila \u00fapravu po\u010dtu exacerb\u00e1ci\u00ed pre v\u0161etky anti-eozinofilov\u00e9 biologik\u00e1 na 2, platnos\u0165 v.s. od 10\/2022,<br>\u2022 v pr\u00edprave je kategoriza\u010dn\u00fd proces benralizumabu, aktu\u00e1lne v rie\u0161en\u00ed reakcia na podnety v r\u00e1mci MPK,<br>\u2022 ALK prieskum v alergologick\u00fdch ambulanci\u00e1ch pod z\u00e1\u0161titou SSAKI \u2013 prv\u00e9 vyhodnotenie, projekt pokra\u010duje,<br>\u2022 Vzh\u013eadom na pripravovan\u00fa reformu v\u0161eobecnej starostlivosti pre deti, dorast a dospel\u00fdch, v r\u00e1mci ktorej je pl\u00e1novan\u00fd presun niektor\u00fdch kompetenci\u00ed aj z n\u00e1\u0161ho odboru na VL &#8211; SSAKI je otvoren\u00e1 k diskusii o problematike novej koncepcie v\u0161eobecn\u00e9ho lek\u00e1rstva vo vz\u0165ahu mo\u017en\u00e9ho uvo\u013enenia preskripcie inhala\u010dn\u00fdch kortikoidov na v\u0161eobecn\u00fdch lek\u00e1rov a z\u00e1rove\u0148 by\u0165 n\u00e1pomocn\u00ed v eduk\u00e1cii v\u0161eobecn\u00fdch lek\u00e1rov, nes\u00fahlas\u00edme v\u0161ak s uvo\u013enen\u00edm preskripcie kombinovan\u00fdch antiastmat\u00edk<br>\u2022 vysok\u00e1 sledovanos\u0165 na\u0161ej facebookovej str\u00e1nky a Instagramu (informoval Jese\u0148\u00e1k)<br>\u2022 prebehlo 5 dielov on-line Akad\u00e9mie vzdel\u00e1vania sestier, v pl\u00e1ne pokra\u010dovanie vzdel\u00e1vania od septembra (Hadvabov\u00e1)<\/p>\n\n\n\n<p>zap\u00edsala Schvalbov\u00e1<\/p>\n\r\n","protected":false},"excerpt":{"rendered":"<p>Z\u00e1pisnica zo zasadnutia V\u00fdboru SSAKI a Poradn\u00e9ho zboru hlavn\u00e9ho odborn\u00edka MZ SR 12.8.2022, Malat\u00edny Pr\u00edtomn\u00ed: \u010ci\u017en\u00e1r,Hadvabov\u00e1, Hochmuth, Hrubi\u0161ko, Jese\u0148\u00e1k, Koss\u00e1rov\u00e1, Ko\u0161turiak, Lap\u0161ansk\u00e1, Mikler, Petriskov\u00e1, Pru\u017einec, Schvalbov\u00e1, Smie\u0161kov\u00e1Ospravedlnen\u00ed: Hlinka, Hos\u0165: Dzurillov\u00e1 I. Otvorenie zasadnutia a&#46;&#46;&#46;<\/p>\n","protected":false},"author":1,"featured_media":0,"parent":19,"menu_order":0,"comment_status":"closed","ping_status":"closed","template":"","meta":{"footnotes":""},"class_list":["post-3916391","page","type-page","status-publish","hentry"],"yoast_head":"<!-- This site is optimized with the Yoast SEO plugin v27.4 - https:\/\/yoast.com\/product\/yoast-seo-wordpress\/ -->\n<title>Zo z\u00e1pinice z 12.8.2022 - Slovensk\u00e1 spolo\u010dnos\u0165 alergol\u00f3gie a klinickej imunol\u00f3gie<\/title>\n<meta name=\"description\" content=\"Sme odborn\u00e1 splo\u010dnos\u0165, ktor\u00e1 zdru\u017euje klinick\u00fdch imunol\u00f3gov a alergol\u00f3gov, ako aj in\u00fdch odborn\u00edkov so z\u00e1ujmom o tento odbor. Na\u0161a spolo\u010dnos\u0165 je hlavn\u00fdm organiz\u00e1torom kontunu\u00e1lneho vzdel\u00e1vania v tomto odbore na Slovensku.\" \/>\n<meta name=\"robots\" content=\"index, follow, max-snippet:-1, max-image-preview:large, max-video-preview:-1\" \/>\n<link rel=\"canonical\" href=\"https:\/\/www.ssaki.eu\/?page_id=3916391\" \/>\n<meta property=\"og:locale\" content=\"sk_SK\" \/>\n<meta property=\"og:type\" content=\"article\" \/>\n<meta property=\"og:title\" content=\"Zo z\u00e1pinice z 12.8.2022 - Slovensk\u00e1 spolo\u010dnos\u0165 alergol\u00f3gie a klinickej imunol\u00f3gie\" \/>\n<meta property=\"og:description\" content=\"Sme odborn\u00e1 splo\u010dnos\u0165, ktor\u00e1 zdru\u017euje klinick\u00fdch imunol\u00f3gov a alergol\u00f3gov, ako aj in\u00fdch odborn\u00edkov so z\u00e1ujmom o tento odbor. Na\u0161a spolo\u010dnos\u0165 je hlavn\u00fdm organiz\u00e1torom kontunu\u00e1lneho vzdel\u00e1vania v tomto odbore na Slovensku.\" \/>\n<meta property=\"og:url\" content=\"https:\/\/www.ssaki.eu\/?page_id=3916391\" \/>\n<meta property=\"og:site_name\" content=\"Slovensk\u00e1 spolo\u010dnos\u0165 alergol\u00f3gie a klinickej imunol\u00f3gie\" \/>\n<meta property=\"article:publisher\" content=\"https:\/\/www.facebook.com\/alergologoviaimunologoviaSK\" \/>\n<meta property=\"article:modified_time\" content=\"2022-08-15T20:19:02+00:00\" \/>\n<meta property=\"og:image\" content=\"https:\/\/www.ssaki.eu\/wp-content\/uploads\/2021\/01\/STOP_COVID_SSAKI-e1609772027682.png\" \/>\n\t<meta property=\"og:image:width\" content=\"640\" \/>\n\t<meta property=\"og:image:height\" content=\"360\" \/>\n\t<meta property=\"og:image:type\" content=\"image\/png\" \/>\n<meta name=\"twitter:card\" content=\"summary_large_image\" \/>\n<meta name=\"twitter:label1\" content=\"Predpokladan\u00fd \u010das \u010d\u00edtania\" \/>\n\t<meta name=\"twitter:data1\" content=\"3 min\u00faty\" \/>\n<script type=\"application\/ld+json\" class=\"yoast-schema-graph\">{\"@context\":\"https:\\\/\\\/schema.org\",\"@graph\":[{\"@type\":[\"WebPage\",\"MedicalWebPage\"],\"@id\":\"https:\\\/\\\/www.ssaki.eu\\\/?page_id=3916391\",\"url\":\"https:\\\/\\\/www.ssaki.eu\\\/?page_id=3916391\",\"name\":\"Zo z\u00e1pinice z 12.8.2022 - Slovensk\u00e1 spolo\u010dnos\u0165 alergol\u00f3gie a klinickej imunol\u00f3gie\",\"isPartOf\":{\"@id\":\"https:\\\/\\\/www.ssaki.eu\\\/#website\"},\"datePublished\":\"2022-08-15T20:19:01+00:00\",\"dateModified\":\"2022-08-15T20:19:02+00:00\",\"description\":\"Sme odborn\u00e1 splo\u010dnos\u0165, ktor\u00e1 zdru\u017euje klinick\u00fdch imunol\u00f3gov a alergol\u00f3gov, ako aj in\u00fdch odborn\u00edkov so z\u00e1ujmom o tento odbor. Na\u0161a spolo\u010dnos\u0165 je hlavn\u00fdm organiz\u00e1torom kontunu\u00e1lneho vzdel\u00e1vania v tomto odbore na Slovensku.\",\"breadcrumb\":{\"@id\":\"https:\\\/\\\/www.ssaki.eu\\\/?page_id=3916391#breadcrumb\"},\"inLanguage\":\"sk-SK\",\"potentialAction\":[{\"@type\":\"ReadAction\",\"target\":[\"https:\\\/\\\/www.ssaki.eu\\\/?page_id=3916391\"]}]},{\"@type\":\"BreadcrumbList\",\"@id\":\"https:\\\/\\\/www.ssaki.eu\\\/?page_id=3916391#breadcrumb\",\"itemListElement\":[{\"@type\":\"ListItem\",\"position\":1,\"name\":\"Domovsk\u00e1 str\u00e1nka\",\"item\":\"https:\\\/\\\/www.ssaki.eu\\\/\"},{\"@type\":\"ListItem\",\"position\":2,\"name\":\"V\u00fdbor spolo\u010dnosti\",\"item\":\"https:\\\/\\\/www.ssaki.eu\\\/?page_id=11\"},{\"@type\":\"ListItem\",\"position\":3,\"name\":\"Zo z\u00e1pisn\u00edc\",\"item\":\"https:\\\/\\\/www.ssaki.eu\\\/?page_id=19\"},{\"@type\":\"ListItem\",\"position\":4,\"name\":\"Zo z\u00e1pinice z 12.8.2022\"}]},{\"@type\":\"WebSite\",\"@id\":\"https:\\\/\\\/www.ssaki.eu\\\/#website\",\"url\":\"https:\\\/\\\/www.ssaki.eu\\\/\",\"name\":\"Slovensk\u00e1 spolo\u010dnos\u0165 alergol\u00f3gie a klinickej imunol\u00f3gie\",\"description\":\"\",\"publisher\":{\"@id\":\"https:\\\/\\\/www.ssaki.eu\\\/#organization\"},\"potentialAction\":[{\"@type\":\"SearchAction\",\"target\":{\"@type\":\"EntryPoint\",\"urlTemplate\":\"https:\\\/\\\/www.ssaki.eu\\\/?s={search_term_string}\"},\"query-input\":{\"@type\":\"PropertyValueSpecification\",\"valueRequired\":true,\"valueName\":\"search_term_string\"}}],\"inLanguage\":\"sk-SK\"},{\"@type\":\"Organization\",\"@id\":\"https:\\\/\\\/www.ssaki.eu\\\/#organization\",\"name\":\"Slovensk\u00e1 spolo\u010dnos\u0165 alergol\u00f3gie a klinickej imunol\u00f3gie\",\"url\":\"https:\\\/\\\/www.ssaki.eu\\\/\",\"logo\":{\"@type\":\"ImageObject\",\"inLanguage\":\"sk-SK\",\"@id\":\"https:\\\/\\\/www.ssaki.eu\\\/#\\\/schema\\\/logo\\\/image\\\/\",\"url\":\"https:\\\/\\\/www.ssaki.eu\\\/wp-content\\\/uploads\\\/2021\\\/01\\\/LOGO-1.png\",\"contentUrl\":\"https:\\\/\\\/www.ssaki.eu\\\/wp-content\\\/uploads\\\/2021\\\/01\\\/LOGO-1.png\",\"width\":1280,\"height\":720,\"caption\":\"Slovensk\u00e1 spolo\u010dnos\u0165 alergol\u00f3gie a klinickej imunol\u00f3gie\"},\"image\":{\"@id\":\"https:\\\/\\\/www.ssaki.eu\\\/#\\\/schema\\\/logo\\\/image\\\/\"},\"sameAs\":[\"https:\\\/\\\/www.facebook.com\\\/alergologoviaimunologoviaSK\"]}]}<\/script>\n<!-- \/ Yoast SEO plugin. -->","yoast_head_json":{"title":"Zo z\u00e1pinice z 12.8.2022 - Slovensk\u00e1 spolo\u010dnos\u0165 alergol\u00f3gie a klinickej imunol\u00f3gie","description":"Sme odborn\u00e1 splo\u010dnos\u0165, ktor\u00e1 zdru\u017euje klinick\u00fdch imunol\u00f3gov a alergol\u00f3gov, ako aj in\u00fdch odborn\u00edkov so z\u00e1ujmom o tento odbor. Na\u0161a spolo\u010dnos\u0165 je hlavn\u00fdm organiz\u00e1torom kontunu\u00e1lneho vzdel\u00e1vania v tomto odbore na Slovensku.","robots":{"index":"index","follow":"follow","max-snippet":"max-snippet:-1","max-image-preview":"max-image-preview:large","max-video-preview":"max-video-preview:-1"},"canonical":"https:\/\/www.ssaki.eu\/?page_id=3916391","og_locale":"sk_SK","og_type":"article","og_title":"Zo z\u00e1pinice z 12.8.2022 - Slovensk\u00e1 spolo\u010dnos\u0165 alergol\u00f3gie a klinickej imunol\u00f3gie","og_description":"Sme odborn\u00e1 splo\u010dnos\u0165, ktor\u00e1 zdru\u017euje klinick\u00fdch imunol\u00f3gov a alergol\u00f3gov, ako aj in\u00fdch odborn\u00edkov so z\u00e1ujmom o tento odbor. Na\u0161a spolo\u010dnos\u0165 je hlavn\u00fdm organiz\u00e1torom kontunu\u00e1lneho vzdel\u00e1vania v tomto odbore na Slovensku.","og_url":"https:\/\/www.ssaki.eu\/?page_id=3916391","og_site_name":"Slovensk\u00e1 spolo\u010dnos\u0165 alergol\u00f3gie a klinickej imunol\u00f3gie","article_publisher":"https:\/\/www.facebook.com\/alergologoviaimunologoviaSK","article_modified_time":"2022-08-15T20:19:02+00:00","og_image":[{"width":640,"height":360,"url":"https:\/\/www.ssaki.eu\/wp-content\/uploads\/2021\/01\/STOP_COVID_SSAKI-e1609772027682.png","type":"image\/png"}],"twitter_card":"summary_large_image","twitter_misc":{"Predpokladan\u00fd \u010das \u010d\u00edtania":"3 min\u00faty"},"schema":{"@context":"https:\/\/schema.org","@graph":[{"@type":["WebPage","MedicalWebPage"],"@id":"https:\/\/www.ssaki.eu\/?page_id=3916391","url":"https:\/\/www.ssaki.eu\/?page_id=3916391","name":"Zo z\u00e1pinice z 12.8.2022 - Slovensk\u00e1 spolo\u010dnos\u0165 alergol\u00f3gie a klinickej imunol\u00f3gie","isPartOf":{"@id":"https:\/\/www.ssaki.eu\/#website"},"datePublished":"2022-08-15T20:19:01+00:00","dateModified":"2022-08-15T20:19:02+00:00","description":"Sme odborn\u00e1 splo\u010dnos\u0165, ktor\u00e1 zdru\u017euje klinick\u00fdch imunol\u00f3gov a alergol\u00f3gov, ako aj in\u00fdch odborn\u00edkov so z\u00e1ujmom o tento odbor. Na\u0161a spolo\u010dnos\u0165 je hlavn\u00fdm organiz\u00e1torom kontunu\u00e1lneho vzdel\u00e1vania v tomto odbore na Slovensku.","breadcrumb":{"@id":"https:\/\/www.ssaki.eu\/?page_id=3916391#breadcrumb"},"inLanguage":"sk-SK","potentialAction":[{"@type":"ReadAction","target":["https:\/\/www.ssaki.eu\/?page_id=3916391"]}]},{"@type":"BreadcrumbList","@id":"https:\/\/www.ssaki.eu\/?page_id=3916391#breadcrumb","itemListElement":[{"@type":"ListItem","position":1,"name":"Domovsk\u00e1 str\u00e1nka","item":"https:\/\/www.ssaki.eu\/"},{"@type":"ListItem","position":2,"name":"V\u00fdbor spolo\u010dnosti","item":"https:\/\/www.ssaki.eu\/?page_id=11"},{"@type":"ListItem","position":3,"name":"Zo z\u00e1pisn\u00edc","item":"https:\/\/www.ssaki.eu\/?page_id=19"},{"@type":"ListItem","position":4,"name":"Zo z\u00e1pinice z 12.8.2022"}]},{"@type":"WebSite","@id":"https:\/\/www.ssaki.eu\/#website","url":"https:\/\/www.ssaki.eu\/","name":"Slovensk\u00e1 spolo\u010dnos\u0165 alergol\u00f3gie a klinickej imunol\u00f3gie","description":"","publisher":{"@id":"https:\/\/www.ssaki.eu\/#organization"},"potentialAction":[{"@type":"SearchAction","target":{"@type":"EntryPoint","urlTemplate":"https:\/\/www.ssaki.eu\/?s={search_term_string}"},"query-input":{"@type":"PropertyValueSpecification","valueRequired":true,"valueName":"search_term_string"}}],"inLanguage":"sk-SK"},{"@type":"Organization","@id":"https:\/\/www.ssaki.eu\/#organization","name":"Slovensk\u00e1 spolo\u010dnos\u0165 alergol\u00f3gie a klinickej imunol\u00f3gie","url":"https:\/\/www.ssaki.eu\/","logo":{"@type":"ImageObject","inLanguage":"sk-SK","@id":"https:\/\/www.ssaki.eu\/#\/schema\/logo\/image\/","url":"https:\/\/www.ssaki.eu\/wp-content\/uploads\/2021\/01\/LOGO-1.png","contentUrl":"https:\/\/www.ssaki.eu\/wp-content\/uploads\/2021\/01\/LOGO-1.png","width":1280,"height":720,"caption":"Slovensk\u00e1 spolo\u010dnos\u0165 alergol\u00f3gie a klinickej imunol\u00f3gie"},"image":{"@id":"https:\/\/www.ssaki.eu\/#\/schema\/logo\/image\/"},"sameAs":["https:\/\/www.facebook.com\/alergologoviaimunologoviaSK"]}]}},"_links":{"self":[{"href":"https:\/\/www.ssaki.eu\/index.php?rest_route=\/wp\/v2\/pages\/3916391","targetHints":{"allow":["GET"]}}],"collection":[{"href":"https:\/\/www.ssaki.eu\/index.php?rest_route=\/wp\/v2\/pages"}],"about":[{"href":"https:\/\/www.ssaki.eu\/index.php?rest_route=\/wp\/v2\/types\/page"}],"author":[{"embeddable":true,"href":"https:\/\/www.ssaki.eu\/index.php?rest_route=\/wp\/v2\/users\/1"}],"replies":[{"embeddable":true,"href":"https:\/\/www.ssaki.eu\/index.php?rest_route=%2Fwp%2Fv2%2Fcomments&post=3916391"}],"version-history":[{"count":1,"href":"https:\/\/www.ssaki.eu\/index.php?rest_route=\/wp\/v2\/pages\/3916391\/revisions"}],"predecessor-version":[{"id":3916392,"href":"https:\/\/www.ssaki.eu\/index.php?rest_route=\/wp\/v2\/pages\/3916391\/revisions\/3916392"}],"up":[{"embeddable":true,"href":"https:\/\/www.ssaki.eu\/index.php?rest_route=\/wp\/v2\/pages\/19"}],"wp:attachment":[{"href":"https:\/\/www.ssaki.eu\/index.php?rest_route=%2Fwp%2Fv2%2Fmedia&parent=3916391"}],"curies":[{"name":"wp","href":"https:\/\/api.w.org\/{rel}","templated":true}]}}