{"id":3916529,"date":"2023-05-21T06:54:29","date_gmt":"2023-05-21T04:54:29","guid":{"rendered":"https:\/\/www.ssaki.eu\/?page_id=3916529"},"modified":"2023-05-21T06:54:30","modified_gmt":"2023-05-21T04:54:30","slug":"zo-zapisnice-z-13-5-2023","status":"publish","type":"page","link":"https:\/\/www.ssaki.eu\/?page_id=3916529","title":{"rendered":"Zo z\u00e1pisnice z 13.5.2023"},"content":{"rendered":"\n<p>Z\u00e1pisnica zo zasadnutia V\u00fdboru SSAKI a&nbsp;Poradn\u00e9ho zboru hlavn\u00e9ho odborn\u00edka MZ SR<\/p>\n\n\n\n<p>13.5.2023, Selce<\/p>\n\n\n\n<p>Pr\u00edtomn\u00ed: \u010ci\u017en\u00e1r, Hadvabov\u00e1, Hlinka, Hochmuth, Hrubi\u0161ko, Jese\u0148\u00e1k, Ko\u0161turiak, Koss\u00e1rov\u00e1,<br>Lap\u0161ansk\u00e1, Mikler, Petriskov\u00e1, Pru\u017einec, Smie\u0161kov\u00e1, Schvalbov\u00e1<br>I. Otvorenie zasadnutia a zhrnutie \u010dinnosti medzi zasadnutiami<br>(Jese\u0148\u00e1k, Pru\u017einec)<br>II. Program zasadnutia<\/p>\n\n\n\n<ol class=\"wp-block-list\">\n<li>Pr\u00edprava XL. zjazdu SSAKI a&nbsp;\u010cSAKI 18.10.-21.10.2023 &#8211; Grand hotel<br>Bellevue \u2013 Horn\u00fd Smokovec &#8211; Vysok\u00e9 Tatry<br>V\u00fdbor SSAKI sa venoval pr\u00edprave odborn\u00e9ho programu kongresu a&nbsp;jeho technicko-<br>organiza\u010dn\u00e9mu zabezpe\u010deniu.<br>Aktualiz\u00e1cia a&nbsp;doplnenie odborn\u00fdch sekci\u00ed, informovali jednotliv\u00ed poveren\u00ed \u010dlenovia v\u00fdboru:<br>40 rokov :<br>\uf0b7 alerg\u00e9novej imunoterapie (Hrubi\u0161ko)<br>\uf0b7 imunomodul\u00e1cie (Ko\u0161turiak)<br>\uf0b7 kortikoterapie v&nbsp;klinickej imunol\u00f3gii a alergol\u00f3gii (Schvalbov\u00e1)<br>\uf0b7 intenz\u00edvnej medic\u00edny (Mikler)<br>\uf0b7 o\u010dkovania (Jese\u0148\u00e1k )<br>\uf0b7 ch\u00fdb a omylov (Pru\u017einec),<br>\uf0b7 diagnostiky a&nbsp;lie\u010dby vroden\u00fdch por\u00fach imunity (\u010ci\u017en\u00e1r, Jese\u0148\u00e1k)<br>\uf0b7 v imunologickom laborat\u00f3riu (Petriskov\u00e1)<br>\uf0b7 pe\u013eov\u00e9ho monitoringu (Hochmuth)<br>\uf0b7 liekovej alergie (Smie\u0161kov\u00e1)<br>\uf0b7 transplanta\u010dnej imunol\u00f3gie (prof. Mr\u00e1zek, prof. Dedinsk\u00e1, prof. Ilja St\u0159\u00ed\u017e)<br>\uf0b7 ven\u00f3movej imnoterapie (prof. Hrubi\u0161ko, MUDr. Hochmuth, doc. Ku\u010dera &#8211; oslov\u00ed<br>Hrubi\u0161ko<br>\uf0b7 heredit\u00e1rneho angioed\u00e9mu (Jese\u0148\u00e1k)<br>\uf0b7 reproduk\u010dnej imunol\u00f3gie (Ul\u010dov\u00e1-Galov\u00e1)<br>\uf0b7 potravinovej alergie (Rennerov\u00e1)<br>Sekcia sestier (Hadvabov\u00e1)<br>Sekcia mlad\u00fdch imunoalergol\u00f3gov (Kossarov\u00e1)<\/li>\n<\/ol>\n\n\n\n<p>T\u00e9ma postgradu\u00e1lu :<br>Imunol\u00f3gia-interdisciplin\u00e1rny odbor<\/p>\n\n\n\n<p>\u010co rob\u00ed imunol\u00f3g pre<\/p>\n\n\n\n<p>\uf0b7 dermatol\u00f3giu (Pru\u017einec)<br>\uf0b7 otorinolaryngol\u00f3giu (Hrubi\u0161ko)<br>\uf0b7 pneumol\u00f3giu (Ko\u0161turiak)<br>\uf0b7 infektol\u00f3giu (Hochmuth )<br>\uf0b7 ak\u00fatnu medic\u00ednu (Mikler)<br>\uf0b7 neurol\u00f3giu (Smie\u0161kov\u00e1)<br>\uf0b7 kriticky chor\u00e9ho pacienta (Bob\u010d\u00e1kov\u00e1)<br>\uf0b7 pre gastroenterol\u00f3giu (Balkov\u00e1)<br>\uf0b7 reumatol\u00f3giu (Jese\u0148\u00e1k)<br>\uf0b7 gynekol\u00f3giu (Hadvabov\u00e1)<br>\uf0b7 pediatriu (\u010ci\u017en\u00e1r)<br>\u010cas na prezent\u00e1ciu 10 min\u00fat, \u010das na diskusiu 5 min\u00fat<br>Term\u00edny na prihl\u00e1senie sa na :<\/p>\n\n\n\n<p>akt\u00edvnu \u00fa\u010das\u0165 do 15.7.2023<br>pas\u00edvnu \u00fa\u010das\u0165 do 15.9.2023<\/p>\n\n\n\n<p>Kongresov\u00e9 poplatky<br>\u010dlen SSAKI\/\u010cSAKI do 15.9.2023 80 EUR<br>\u010dlen SSAKI\/\u010cSAKI po 15.9.2023 a&nbsp;na mieste 120 EUR<br>ne\u010dlenovia SSAKI\/\u010cSAKI do 15.9.2023 100 EUR<br>ne\u010dlenovia SSAKI\/\u010cSAKI po 15.9.2023 a&nbsp;na mieste 130 EUR<\/p>\n\n\n\n<ol class=\"wp-block-list\">\n<li>autor prezent\u00e1cie\/posteru (okrem predn\u00e1\u0161ok podporovan\u00fdch<br>farmaceutick\u00fdmi firmami) zadarmo<br>sestra a&nbsp;laborant zadarmo<br>\u0161tudenti zadarmo<br>mlad\u00ed imunol\u00f3govia 30 EUR<br>z\u00e1stupcovia nevystavuj\u00facich farmaceutick\u00fdch firiem 200 EUR<\/li>\n<\/ol>\n\n\n\n<p>2.Term\u00edny odborn\u00fdch akci\u00ed 2023:<\/p>\n\n\n\n<p>9.-11.6. kongres EAACI-Hamburg<br>18.-19.8. Letn\u00e1 \u0161kola imunol\u00f3gie + letn\u00e9 zasadnutie v\u00fdboru<\/p>\n\n\n\n<p>18.-21.10. XL. kongres slovensk\u00fdch a&nbsp;\u010desk\u00fdch alergol\u00f3gov a&nbsp;klinick\u00fdch imunol\u00f3gov &#8211;<\/p>\n\n\n\n<p>Hotel Bellevue, Vysok\u00e9 Tatry<br>3.-4.11. ASL \u2013 workshop &#8211; Martin<br>24.-25.11. Medif\u00f3rum &#8211; Doln\u00fd Kub\u00edn<\/p>\n\n\n\n<ol class=\"wp-block-list\" start=\"3\">\n<li>R\u00f4zne<br>\uf0b7 MZ SR oslovilo v\u00fdbor SSAKI SLS so \u017eiados\u0165ou o&nbsp;nomin\u00e1ciu jedn\u00e9ho \u010dlena na\u0161ej<br>odbornej spolo\u010dnosti, ktor\u00e1 bude participova\u0165 pri tvorbe n\u00e1vrhu novej verejnej siete<br>poskytovate\u013eov \u0160AS. V\u00fdbor SSAKI jednohlasne odpor\u00fa\u010da R. Ko\u0161turiaka, ktor\u00fd bude<br>spolupracova\u0165 pri tvorbe fin\u00e1lneho protokolu.<br>\uf0b7 Smernica pre diagnostiku a lie\u010dbu heredit\u00e1rneho angioed\u00e9mu pre\u0161la prv\u00fdm kolom<br>schva\u013eovacieho procesu na MZ SR (informoval M. Jese\u0148\u00e1k)<br>\uf0b7 V\u00fdbor jednohlasne podporuje iniciat\u00edvu prim\u00e1rnych pediatrov s\u00favisiacu so<br>zabezpe\u010den\u00edm dostupnosti adrenalinov\u00e9ho pera v&nbsp;\u0161kolsk\u00fdch zariadeniach a&nbsp;bude<br>s\u00fa\u010dinn\u00fd v&nbsp;\u010fal\u0161\u00edch krokoch (informoval M. Jese\u0148\u00e1k).<br>\uf0b7 N\u00e1vrh z\u00e1kona o procese o\u010dkovania proti chr\u00edpke v&nbsp;lek\u00e1r\u0148ach pozastavila &nbsp;NR SR,<br>n\u00e1vrh nepre\u0161iel, pracuje sa na novom podan\u00ed (informoval M. Jese\u0148\u00e1k)<br>\uf0b7 V\u00fdbor SSAKI jasne deklaruje v\u00f4\u013eu akt\u00edvnej komunik\u00e1cie so z\u00e1stupcami v\u0161eobecn\u00fdch<br>lek\u00e1rov pri&nbsp;pl\u00e1novanej reforme VAS vo vz\u0165ahu k&nbsp;presunu vybran\u00fdch kompetenci\u00ed pri<br>za\u010dat\u00ed diagnostick\u00e9ho a&nbsp;lie\u010debn\u00e9ho procesu vybran\u00fdch \u013eah\u0161\u00edch foriem alergick\u00fdch<br>ochoren\u00ed vr\u00e1tane uvo\u013enenia viazanosti preskripcie vybran\u00fdch antialerg\u00edk (informoval<br>M. Jese\u0148\u00e1k).<br>\uf0b7 V\u00fdbor SSAKI podporuje schv\u00e1lenie \u00fahrady lieku Staloral Alternaria ako jedinej<br>dostupnej forme alerg\u00e9novej imunoterapie na lie\u010dbu alergie na Alternaria alternata.<br>Priprav\u00ed sa podporn\u00e9 stanovisko vr\u00e1tane doplnenia slovensk\u00fdch d\u00e1t oh\u013eadom<br>senzibiliz\u00e1cie na tento alerg\u00e9n (M. Jese\u0148\u00e1k, R. Ko\u0161turiak).<br>\uf0b7 V\u00fdbor SSAKI jednohlasne podporuje aktivity MZ SR pri pr\u00edpave infograf\u00edk pre<br>pacientov zalo\u017een\u00fdch na schv\u00e1len\u00fdch \u0160DTP v&nbsp;r\u00e1mci &nbsp;projektov MZ SR \u201eTvorba<br>nov\u00fdch a&nbsp;inovovan\u00fdch \u0161tandardn\u00fdch klinick\u00fdch postupov a&nbsp;ich zavedenia do<br>medic\u00ednskej praxe\u201c a \u201eTvorba nov\u00fdch a&nbsp;inovovan\u00fdch postupov pre v\u00fdkon prevencie<br>a&nbsp;ich zavedenie do medic\u00ednskej praxe\u201c. Revidovan\u00e1 verzia infografiky o&nbsp;Z\u00edskan\u00fdch<br>poruch\u00e1ch imunity na z\u00e1klade koment\u00e1rov v\u00fdboru SSAKI pre\u0161la komisiou a&nbsp;bola<br>schv\u00e1len\u00e1 pre \u010fal\u0161iu distrib\u00faciu (informoval M. Jese\u0148\u00e1k).<br>\uf0b7 Revidovan\u00e9 minim\u00e1lne \u0161tandardy pre odbor KIA pre\u0161li oponent\u00farou \u010dlenmi v\u00fdboru<br>SSAKI, a&nbsp;to jednak vo vz\u0165ahu ku skr\u00e1teniu d\u013a\u017eky \u0161pecializa\u010dn\u00e9ho \u0161t\u00fadia na 54<br>mesiacov (t.j. 4,5 roka) ako aj zmene n\u00e1plne povinnej praxe v&nbsp;r\u00e1mci \u0161pecializa\u010dnej<br>pr\u00edpravy (informoval M. Jese\u0148\u00e1k, P. \u010ci\u017en\u00e1r \u2013 garanti odboru na akreditovan\u00fdch<br>in\u0161t\u00fat\u00faci\u00e1ch).<br>\uf0b7 V&nbsp;pr\u00edprave s\u00fa minim\u00e1lne \u0161tandardy pre laborat\u00f3rnu diagnostiku odboru KIA (V\u0160<br>laborat\u00f3rny diagnostik a&nbsp;laborant v&nbsp;odbore KIA) \u2013 pripravuje J. Petriskov\u00e1 \u2013 n\u00e1sledne<br>bude realizovan\u00e9 pos\u00fadenie \u010dlenmi v\u00fdboru ako aj vybran\u00fdmi odborn\u00edkmi<br>v&nbsp;laborat\u00f3rnej imunol\u00f3gii a&nbsp;alergol\u00f3gii, ktor\u00ed bud\u00fa s\u00fa\u010das\u0165ou akredita\u010dn\u00e9ho spisu.<\/li>\n<\/ol>\n\n\n\n<p>\uf0b7 V&nbsp;pr\u00edprave je revidovanie a&nbsp;doplnenie \u0160DTP mana\u017ementu alergie na Rtg kontrastn\u00e9<br>l\u00e1tky (realizuje M. Hrubi\u0161ko, prizvan\u00e1 A. Smie\u0161kov\u00e1, ev. aj z\u00e1stupcovia in\u00fdch<br>odbornost\u00ed).<br>\uf0b7 od 15.10.22 prebiehal skr\u00edning \u0165a\u017ek\u00fdch kombinovan\u00fdch imunodeficienci\u00ed. Napriek<br>pr\u00ednosn\u00fdm v\u00fdsledkom, ktor\u00e9 zodpovedali predikcii z\u00e1chytu dan\u00fdch dg. bol projekt<br>pozastaven\u00fd k&nbsp;15.4.2023 pre nedostatok finan\u010dn\u00fdch prostriedkov. Aktu\u00e1lne je<br>v&nbsp;pr\u00edprave legislat\u00edvna zmena Novorodeneck\u00e9ho skr\u00edningu so za\u010dlenen\u00edm SCID<br>a&nbsp;SMA. V\u00fdbor SSAKI jednohlasne podporuje pokra\u010dovanie tejto iniciat\u00edvy<br>a&nbsp;zaradenie tohto ochorenia do povinn\u00e9ho skr\u00edningu v&nbsp;novorodeneckom veku v SR<br>(informoval P. \u010ci\u017en\u00e1r, M. Jese\u0148\u00e1k)<br>\uf0b7 V\u00fdbor bol osloven\u00fd MV SR oh\u013eadom stanoviska ku krit\u00e9ri\u00e1m pre zdravotn\u00fa<br>sp\u00f4sobilos\u0165 pre pr\u00e1cu v&nbsp;\u0161t\u00e1tnej slu\u017ebe. V\u00fdbor sa konsenzu\u00e1lne vyjadril k&nbsp;diagn\u00f3zam<br>D80-D84, J30, J45-J46 a&nbsp;z\u00e1very n\u00e1sledne post\u00fapi na MV SR (pripravuje M.<br>Jese\u0148\u00e1k).<\/p>\n\n\n\n<p>Zap\u00edsala M. Schvalbov\u00e1<br>Korigoval M. Jese\u0148\u00e1k<\/p>\n\r\n","protected":false},"excerpt":{"rendered":"<p>Z\u00e1pisnica zo zasadnutia V\u00fdboru SSAKI a&nbsp;Poradn\u00e9ho zboru hlavn\u00e9ho odborn\u00edka MZ SR 13.5.2023, Selce Pr\u00edtomn\u00ed: \u010ci\u017en\u00e1r, Hadvabov\u00e1, Hlinka, Hochmuth, Hrubi\u0161ko, Jese\u0148\u00e1k, Ko\u0161turiak, Koss\u00e1rov\u00e1,Lap\u0161ansk\u00e1, Mikler, Petriskov\u00e1, Pru\u017einec, Smie\u0161kov\u00e1, Schvalbov\u00e1I. Otvorenie zasadnutia a zhrnutie \u010dinnosti medzi zasadnutiami(Jese\u0148\u00e1k,&#46;&#46;&#46;<\/p>\n","protected":false},"author":1,"featured_media":0,"parent":19,"menu_order":0,"comment_status":"closed","ping_status":"closed","template":"","meta":{"footnotes":""},"class_list":["post-3916529","page","type-page","status-publish","hentry"],"yoast_head":"<!-- This site is optimized with the Yoast SEO plugin v27.4 - https:\/\/yoast.com\/product\/yoast-seo-wordpress\/ -->\n<title>Zo z\u00e1pisnice z 13.5.2023 - Slovensk\u00e1 spolo\u010dnos\u0165 alergol\u00f3gie a klinickej imunol\u00f3gie<\/title>\n<meta name=\"description\" content=\"Sme odborn\u00e1 splo\u010dnos\u0165, ktor\u00e1 zdru\u017euje klinick\u00fdch imunol\u00f3gov a alergol\u00f3gov, ako aj in\u00fdch odborn\u00edkov so z\u00e1ujmom o tento odbor. Na\u0161a spolo\u010dnos\u0165 je hlavn\u00fdm organiz\u00e1torom kontunu\u00e1lneho vzdel\u00e1vania v tomto odbore na Slovensku.\" \/>\n<meta name=\"robots\" content=\"index, follow, max-snippet:-1, max-image-preview:large, max-video-preview:-1\" \/>\n<link rel=\"canonical\" href=\"https:\/\/www.ssaki.eu\/?page_id=3916529\" \/>\n<meta property=\"og:locale\" content=\"sk_SK\" \/>\n<meta property=\"og:type\" content=\"article\" \/>\n<meta property=\"og:title\" content=\"Zo z\u00e1pisnice z 13.5.2023 - Slovensk\u00e1 spolo\u010dnos\u0165 alergol\u00f3gie a klinickej imunol\u00f3gie\" \/>\n<meta property=\"og:description\" content=\"Sme odborn\u00e1 splo\u010dnos\u0165, ktor\u00e1 zdru\u017euje klinick\u00fdch imunol\u00f3gov a alergol\u00f3gov, ako aj in\u00fdch odborn\u00edkov so z\u00e1ujmom o tento odbor. Na\u0161a spolo\u010dnos\u0165 je hlavn\u00fdm organiz\u00e1torom kontunu\u00e1lneho vzdel\u00e1vania v tomto odbore na Slovensku.\" \/>\n<meta property=\"og:url\" content=\"https:\/\/www.ssaki.eu\/?page_id=3916529\" \/>\n<meta property=\"og:site_name\" content=\"Slovensk\u00e1 spolo\u010dnos\u0165 alergol\u00f3gie a klinickej imunol\u00f3gie\" \/>\n<meta property=\"article:publisher\" content=\"https:\/\/www.facebook.com\/alergologoviaimunologoviaSK\" \/>\n<meta property=\"article:modified_time\" content=\"2023-05-21T04:54:30+00:00\" \/>\n<meta property=\"og:image\" content=\"https:\/\/www.ssaki.eu\/wp-content\/uploads\/2021\/01\/STOP_COVID_SSAKI-e1609772027682.png\" \/>\n\t<meta property=\"og:image:width\" content=\"640\" \/>\n\t<meta property=\"og:image:height\" content=\"360\" \/>\n\t<meta property=\"og:image:type\" content=\"image\/png\" \/>\n<meta name=\"twitter:card\" content=\"summary_large_image\" \/>\n<meta name=\"twitter:label1\" content=\"Predpokladan\u00fd \u010das \u010d\u00edtania\" \/>\n\t<meta name=\"twitter:data1\" content=\"5 min\u00fat\" \/>\n<script type=\"application\/ld+json\" class=\"yoast-schema-graph\">{\"@context\":\"https:\\\/\\\/schema.org\",\"@graph\":[{\"@type\":[\"WebPage\",\"MedicalWebPage\"],\"@id\":\"https:\\\/\\\/www.ssaki.eu\\\/?page_id=3916529\",\"url\":\"https:\\\/\\\/www.ssaki.eu\\\/?page_id=3916529\",\"name\":\"Zo z\u00e1pisnice z 13.5.2023 - Slovensk\u00e1 spolo\u010dnos\u0165 alergol\u00f3gie a klinickej imunol\u00f3gie\",\"isPartOf\":{\"@id\":\"https:\\\/\\\/www.ssaki.eu\\\/#website\"},\"datePublished\":\"2023-05-21T04:54:29+00:00\",\"dateModified\":\"2023-05-21T04:54:30+00:00\",\"description\":\"Sme odborn\u00e1 splo\u010dnos\u0165, ktor\u00e1 zdru\u017euje klinick\u00fdch imunol\u00f3gov a alergol\u00f3gov, ako aj in\u00fdch odborn\u00edkov so z\u00e1ujmom o tento odbor. Na\u0161a spolo\u010dnos\u0165 je hlavn\u00fdm organiz\u00e1torom kontunu\u00e1lneho vzdel\u00e1vania v tomto odbore na Slovensku.\",\"breadcrumb\":{\"@id\":\"https:\\\/\\\/www.ssaki.eu\\\/?page_id=3916529#breadcrumb\"},\"inLanguage\":\"sk-SK\",\"potentialAction\":[{\"@type\":\"ReadAction\",\"target\":[\"https:\\\/\\\/www.ssaki.eu\\\/?page_id=3916529\"]}]},{\"@type\":\"BreadcrumbList\",\"@id\":\"https:\\\/\\\/www.ssaki.eu\\\/?page_id=3916529#breadcrumb\",\"itemListElement\":[{\"@type\":\"ListItem\",\"position\":1,\"name\":\"Domovsk\u00e1 str\u00e1nka\",\"item\":\"https:\\\/\\\/www.ssaki.eu\\\/\"},{\"@type\":\"ListItem\",\"position\":2,\"name\":\"V\u00fdbor spolo\u010dnosti\",\"item\":\"https:\\\/\\\/www.ssaki.eu\\\/?page_id=11\"},{\"@type\":\"ListItem\",\"position\":3,\"name\":\"Zo z\u00e1pisn\u00edc\",\"item\":\"https:\\\/\\\/www.ssaki.eu\\\/?page_id=19\"},{\"@type\":\"ListItem\",\"position\":4,\"name\":\"Zo z\u00e1pisnice z 13.5.2023\"}]},{\"@type\":\"WebSite\",\"@id\":\"https:\\\/\\\/www.ssaki.eu\\\/#website\",\"url\":\"https:\\\/\\\/www.ssaki.eu\\\/\",\"name\":\"Slovensk\u00e1 spolo\u010dnos\u0165 alergol\u00f3gie a klinickej imunol\u00f3gie\",\"description\":\"\",\"publisher\":{\"@id\":\"https:\\\/\\\/www.ssaki.eu\\\/#organization\"},\"potentialAction\":[{\"@type\":\"SearchAction\",\"target\":{\"@type\":\"EntryPoint\",\"urlTemplate\":\"https:\\\/\\\/www.ssaki.eu\\\/?s={search_term_string}\"},\"query-input\":{\"@type\":\"PropertyValueSpecification\",\"valueRequired\":true,\"valueName\":\"search_term_string\"}}],\"inLanguage\":\"sk-SK\"},{\"@type\":\"Organization\",\"@id\":\"https:\\\/\\\/www.ssaki.eu\\\/#organization\",\"name\":\"Slovensk\u00e1 spolo\u010dnos\u0165 alergol\u00f3gie a klinickej imunol\u00f3gie\",\"url\":\"https:\\\/\\\/www.ssaki.eu\\\/\",\"logo\":{\"@type\":\"ImageObject\",\"inLanguage\":\"sk-SK\",\"@id\":\"https:\\\/\\\/www.ssaki.eu\\\/#\\\/schema\\\/logo\\\/image\\\/\",\"url\":\"https:\\\/\\\/www.ssaki.eu\\\/wp-content\\\/uploads\\\/2021\\\/01\\\/LOGO-1.png\",\"contentUrl\":\"https:\\\/\\\/www.ssaki.eu\\\/wp-content\\\/uploads\\\/2021\\\/01\\\/LOGO-1.png\",\"width\":1280,\"height\":720,\"caption\":\"Slovensk\u00e1 spolo\u010dnos\u0165 alergol\u00f3gie a klinickej imunol\u00f3gie\"},\"image\":{\"@id\":\"https:\\\/\\\/www.ssaki.eu\\\/#\\\/schema\\\/logo\\\/image\\\/\"},\"sameAs\":[\"https:\\\/\\\/www.facebook.com\\\/alergologoviaimunologoviaSK\"]}]}<\/script>\n<!-- \/ Yoast SEO plugin. -->","yoast_head_json":{"title":"Zo z\u00e1pisnice z 13.5.2023 - Slovensk\u00e1 spolo\u010dnos\u0165 alergol\u00f3gie a klinickej imunol\u00f3gie","description":"Sme odborn\u00e1 splo\u010dnos\u0165, ktor\u00e1 zdru\u017euje klinick\u00fdch imunol\u00f3gov a alergol\u00f3gov, ako aj in\u00fdch odborn\u00edkov so z\u00e1ujmom o tento odbor. Na\u0161a spolo\u010dnos\u0165 je hlavn\u00fdm organiz\u00e1torom kontunu\u00e1lneho vzdel\u00e1vania v tomto odbore na Slovensku.","robots":{"index":"index","follow":"follow","max-snippet":"max-snippet:-1","max-image-preview":"max-image-preview:large","max-video-preview":"max-video-preview:-1"},"canonical":"https:\/\/www.ssaki.eu\/?page_id=3916529","og_locale":"sk_SK","og_type":"article","og_title":"Zo z\u00e1pisnice z 13.5.2023 - Slovensk\u00e1 spolo\u010dnos\u0165 alergol\u00f3gie a klinickej imunol\u00f3gie","og_description":"Sme odborn\u00e1 splo\u010dnos\u0165, ktor\u00e1 zdru\u017euje klinick\u00fdch imunol\u00f3gov a alergol\u00f3gov, ako aj in\u00fdch odborn\u00edkov so z\u00e1ujmom o tento odbor. Na\u0161a spolo\u010dnos\u0165 je hlavn\u00fdm organiz\u00e1torom kontunu\u00e1lneho vzdel\u00e1vania v tomto odbore na Slovensku.","og_url":"https:\/\/www.ssaki.eu\/?page_id=3916529","og_site_name":"Slovensk\u00e1 spolo\u010dnos\u0165 alergol\u00f3gie a klinickej imunol\u00f3gie","article_publisher":"https:\/\/www.facebook.com\/alergologoviaimunologoviaSK","article_modified_time":"2023-05-21T04:54:30+00:00","og_image":[{"width":640,"height":360,"url":"https:\/\/www.ssaki.eu\/wp-content\/uploads\/2021\/01\/STOP_COVID_SSAKI-e1609772027682.png","type":"image\/png"}],"twitter_card":"summary_large_image","twitter_misc":{"Predpokladan\u00fd \u010das \u010d\u00edtania":"5 min\u00fat"},"schema":{"@context":"https:\/\/schema.org","@graph":[{"@type":["WebPage","MedicalWebPage"],"@id":"https:\/\/www.ssaki.eu\/?page_id=3916529","url":"https:\/\/www.ssaki.eu\/?page_id=3916529","name":"Zo z\u00e1pisnice z 13.5.2023 - Slovensk\u00e1 spolo\u010dnos\u0165 alergol\u00f3gie a klinickej imunol\u00f3gie","isPartOf":{"@id":"https:\/\/www.ssaki.eu\/#website"},"datePublished":"2023-05-21T04:54:29+00:00","dateModified":"2023-05-21T04:54:30+00:00","description":"Sme odborn\u00e1 splo\u010dnos\u0165, ktor\u00e1 zdru\u017euje klinick\u00fdch imunol\u00f3gov a alergol\u00f3gov, ako aj in\u00fdch odborn\u00edkov so z\u00e1ujmom o tento odbor. Na\u0161a spolo\u010dnos\u0165 je hlavn\u00fdm organiz\u00e1torom kontunu\u00e1lneho vzdel\u00e1vania v tomto odbore na Slovensku.","breadcrumb":{"@id":"https:\/\/www.ssaki.eu\/?page_id=3916529#breadcrumb"},"inLanguage":"sk-SK","potentialAction":[{"@type":"ReadAction","target":["https:\/\/www.ssaki.eu\/?page_id=3916529"]}]},{"@type":"BreadcrumbList","@id":"https:\/\/www.ssaki.eu\/?page_id=3916529#breadcrumb","itemListElement":[{"@type":"ListItem","position":1,"name":"Domovsk\u00e1 str\u00e1nka","item":"https:\/\/www.ssaki.eu\/"},{"@type":"ListItem","position":2,"name":"V\u00fdbor spolo\u010dnosti","item":"https:\/\/www.ssaki.eu\/?page_id=11"},{"@type":"ListItem","position":3,"name":"Zo z\u00e1pisn\u00edc","item":"https:\/\/www.ssaki.eu\/?page_id=19"},{"@type":"ListItem","position":4,"name":"Zo z\u00e1pisnice z 13.5.2023"}]},{"@type":"WebSite","@id":"https:\/\/www.ssaki.eu\/#website","url":"https:\/\/www.ssaki.eu\/","name":"Slovensk\u00e1 spolo\u010dnos\u0165 alergol\u00f3gie a klinickej imunol\u00f3gie","description":"","publisher":{"@id":"https:\/\/www.ssaki.eu\/#organization"},"potentialAction":[{"@type":"SearchAction","target":{"@type":"EntryPoint","urlTemplate":"https:\/\/www.ssaki.eu\/?s={search_term_string}"},"query-input":{"@type":"PropertyValueSpecification","valueRequired":true,"valueName":"search_term_string"}}],"inLanguage":"sk-SK"},{"@type":"Organization","@id":"https:\/\/www.ssaki.eu\/#organization","name":"Slovensk\u00e1 spolo\u010dnos\u0165 alergol\u00f3gie a klinickej imunol\u00f3gie","url":"https:\/\/www.ssaki.eu\/","logo":{"@type":"ImageObject","inLanguage":"sk-SK","@id":"https:\/\/www.ssaki.eu\/#\/schema\/logo\/image\/","url":"https:\/\/www.ssaki.eu\/wp-content\/uploads\/2021\/01\/LOGO-1.png","contentUrl":"https:\/\/www.ssaki.eu\/wp-content\/uploads\/2021\/01\/LOGO-1.png","width":1280,"height":720,"caption":"Slovensk\u00e1 spolo\u010dnos\u0165 alergol\u00f3gie a klinickej imunol\u00f3gie"},"image":{"@id":"https:\/\/www.ssaki.eu\/#\/schema\/logo\/image\/"},"sameAs":["https:\/\/www.facebook.com\/alergologoviaimunologoviaSK"]}]}},"_links":{"self":[{"href":"https:\/\/www.ssaki.eu\/index.php?rest_route=\/wp\/v2\/pages\/3916529","targetHints":{"allow":["GET"]}}],"collection":[{"href":"https:\/\/www.ssaki.eu\/index.php?rest_route=\/wp\/v2\/pages"}],"about":[{"href":"https:\/\/www.ssaki.eu\/index.php?rest_route=\/wp\/v2\/types\/page"}],"author":[{"embeddable":true,"href":"https:\/\/www.ssaki.eu\/index.php?rest_route=\/wp\/v2\/users\/1"}],"replies":[{"embeddable":true,"href":"https:\/\/www.ssaki.eu\/index.php?rest_route=%2Fwp%2Fv2%2Fcomments&post=3916529"}],"version-history":[{"count":1,"href":"https:\/\/www.ssaki.eu\/index.php?rest_route=\/wp\/v2\/pages\/3916529\/revisions"}],"predecessor-version":[{"id":3916530,"href":"https:\/\/www.ssaki.eu\/index.php?rest_route=\/wp\/v2\/pages\/3916529\/revisions\/3916530"}],"up":[{"embeddable":true,"href":"https:\/\/www.ssaki.eu\/index.php?rest_route=\/wp\/v2\/pages\/19"}],"wp:attachment":[{"href":"https:\/\/www.ssaki.eu\/index.php?rest_route=%2Fwp%2Fv2%2Fmedia&parent=3916529"}],"curies":[{"name":"wp","href":"https:\/\/api.w.org\/{rel}","templated":true}]}}