{"id":3916558,"date":"2023-08-30T07:10:21","date_gmt":"2023-08-30T05:10:21","guid":{"rendered":"https:\/\/www.ssaki.eu\/?page_id=3916558"},"modified":"2023-08-30T07:11:25","modified_gmt":"2023-08-30T05:11:25","slug":"zo-zapisnice-z-18-8-2023","status":"publish","type":"page","link":"https:\/\/www.ssaki.eu\/?page_id=3916558","title":{"rendered":"Zo z\u00e1pisnice z 18.8.2023"},"content":{"rendered":"\n<p><strong>Z\u00e1pisnica zo zasadnutia V\u00fdboru SSAKI a Poradn\u00e9ho zboru hlavn\u00e9ho odborn\u00edka MZ SR 18.8.2023, Malat\u00edny<\/strong><\/p>\n\n\n\n<p><strong>Pr\u00edtomn\u00ed: <\/strong>\u010ci\u017en\u00e1r, Hadvabov\u00e1, Hlinka, Hochmuth, Hrubi\u0161ko Jese\u0148\u00e1k, Koss\u00e1rov\u00e1, Ko\u0161turiak, Lap\u0161ansk\u00e1, Mikler, Petriskov\u00e1, Pru\u017einec, Schvalbov\u00e1, Smie\u0161kov\u00e1<\/p>\n\n\n\n<ol class=\"wp-block-list\" type=\"I\">\n<li><strong>Otvorenie zasadnutia a zhrnutie \u010dinnosti medzi zasadnutiami (Jese\u0148\u00e1k, Pru\u017einec)<\/strong><\/li>\n<\/ol>\n\n\n\n<ol class=\"wp-block-list\" type=\"I\">\n<li><strong>Program zasadnutia<\/strong><\/li>\n<\/ol>\n\n\n\n<p><strong>1. R\u00f4zne<\/strong><\/p>\n\n\n\n<ul class=\"wp-block-list\">\n<li>od 1.9.2023 vstupuje do platnosti vyhl\u00e1\u0161ka MZ SR, ktorou sa zav\u00e1dza povinn\u00fd skr\u00edning na SCID (pomocou stanovenia TREC\/KREC) v&nbsp;r\u00e1mci novorodeneck\u00e9ho skr\u00edningu, pri\u010dom doposia\u013e s&nbsp;kr\u00e1tkou prest\u00e1vkou prebiehal skr\u00edning formou pilotnej \u0161t\u00fadie s&nbsp;relevantn\u00fdmi v\u00fdsledkami a&nbsp;adekv\u00e1tnou z\u00e1chytnos\u0165ou. Pozit\u00edvne hl\u00e1senia s\u00fa n\u00e1sledne rie\u0161en\u00e9 v&nbsp;troch re-call centr\u00e1ch \u2013 Bratislava, Martin, Ko\u0161ice (Jese\u0148\u00e1k, \u010ci\u017en\u00e1r);<\/li>\n\n\n\n<li>na MZ SR bol po schv\u00e1len\u00ed v\u00fdborom SSAKI odoslan\u00fd Minim\u00e1lny \u0161tandard odboru KIA s&nbsp;\u00fapravou d\u013a\u017eky trvania ako aj n\u00e1plne, \u010dak\u00e1 sa na \u010fal\u0161\u00ed postup \u2013 aktu\u00e1lne prebieha zbieranie v\u0161etk\u00fdch M\u0160 a&nbsp;n\u00e1sledne bude prebieha\u0165 ich schva\u013eovanie (Jese\u0148\u00e1k);<\/li>\n\n\n\n<li>SSAKI na\u010falej podporuje projekt o\u010dkovania proti chr\u00edpke v&nbsp;lek\u00e1r\u0148ach, ktor\u00fd pre\u0161iel v&nbsp;NR SR a&nbsp;bude sa akt\u00edvne podie\u013ea\u0165 aj na \u010fal\u0161\u00edch procesn\u00fdch \u00fakonoch. Aktu\u00e1lne prebieha pr\u00edprava certifika\u010dn\u00e9ho \u0161tudijn\u00e9ho programu pre farmaceutov (Jese\u0148\u00e1k);<\/li>\n\n\n\n<li>v\u00fdbor SSAKI nominoval prof. Petra Pru\u017einca na funkciu hlavn\u00e9ho odborn\u00edka MZ SR pre odbor KIA pre \u010fal\u0161ie funk\u010dn\u00e9 obdobie a&nbsp;n\u00e1sledne bolo doru\u010den\u00e9 poverenie od ministra zdravotn\u00edctva (Jese\u0148\u00e1k);<\/li>\n\n\n\n<li>V\u00fdbor SSAKI priprav\u00ed jednotn\u00e9 a&nbsp;jednozna\u010dn\u00e9 &nbsp;stanovisko odbornej spolo\u010dnosti &nbsp;k&nbsp;o\u010dkovaniu proti ochoreniu COVID-19 a&nbsp;jeho jednotliv\u00fdm aspektom ur\u010den\u00e9 predov\u0161etk\u00fdm pre m\u00e9dia ako aj komunik\u00e1ciu s&nbsp;in\u00fdmi in\u0161tit\u00faciami \u010di odborn\u00fdmi spolo\u010dnos\u0165ami. Stanovisko bude zverejnen\u00e9 na webovej str\u00e1nke ssaki.eu (vypracuje Jese\u0148\u00e1k);<\/li>\n\n\n\n<li>Pprojekt adrenalinov\u00e9 pero v&nbsp;pred\u0161kolsk\u00fdch a&nbsp;\u0161kolsk\u00fdch zariadeniach je aktu\u00e1lny, aktu\u00e1lne o\u010dak\u00e1vame odpove\u010f MZ SR a&nbsp;n\u00e1sledn\u00fdm krokom bude pr\u00edprava guidelines (Jese\u0148\u00e1k);<\/li>\n\n\n\n<li>Liek Staloral s&nbsp;referencii Alternaria zatia\u013e nebude na Slovensku dostupn\u00fd a&nbsp;aktu\u00e1lne nepokra\u010duje kategoriza\u010dn\u00fd proces ani registr\u00e1cia (Jese\u0148\u00e1k, Pru\u017einec);<\/li>\n\n\n\n<li>Standardn\u00fd opera\u010dn\u00fd postup pre diagnostiku a&nbsp;lie\u010dbu heredit\u00e1rneho angioed\u00e9mu na Slovensku bol prijat\u00fd komisiou pre \u0160DTP avst\u00fapil do platnosti od 1.6.2023 (Jese\u0148\u00e1k);<\/li>\n\n\n\n<li>Pracovn\u00e1 skupina pre AIT pod veden\u00edm R. Ko\u0161turiaka vypracuje \u0161tandardn\u00fd opera\u010dn\u00fd postup (\u0160OP) pre alerg\u00e9nov\u00fa imunoterapiu (AIT) do konca septembra 2023 (Jese\u0148\u00e1k, Ko\u0161turiak);<\/li>\n\n\n\n<li>Proces schv\u00e1lenia nov\u00e9ho k\u00f3du pre AIT je st\u00e1le v&nbsp;rie\u0161en\u00ed, nem\u00e1me feedback od MZ SR (Jese\u0148\u00e1k);<\/li>\n\n\n\n<li>V\u00fdbor SSAKI prijal stanovisko k&nbsp;pracovn\u00e9mu n\u00e1vrhu nov\u00e9ho ocenenia Katal\u00f3gu v\u00fdkonov pre odbor KIA a&nbsp;stanovisko bolo odoslan\u00e9 relevantn\u00fdm in\u0161tit\u00faci\u00e1m (Jese\u0148\u00e1k);<\/li>\n\n\n\n<li>V\u00fdbor SSAKI prijal stanovisko &nbsp;k&nbsp;minim\u00e1lnej sieti poskytovate\u013eov ZS pre odbor KIA (Ko\u0161turiak);<\/li>\n\n\n\n<li>Prebehlo jednanie s&nbsp;hlavnou odborn\u00ed\u010dkou MZ SR pre v\u0161eobecn\u00e9 lek\u00e1rstvo A. \u0160imkovou oh\u013eadom pl\u00e1novanej reformy VAS, pri\u010dom sa bude postupova\u0165 vo vz\u00e1jomnej zhode (Jese\u0148\u00e1k, Pru\u017einec, Hrubi\u0161ko).<\/li>\n<\/ul>\n\n\n\n<p><strong>2. <\/strong><strong>Pr\u00edprava XL. zjazdu SSAKI a&nbsp;\u010cSAKI 18.10.-21.10.2023 &#8211; Grand hotel Bellevue \u2013 Horn\u00fd Smokovec &#8211; Vysok\u00e9 Tatry<\/strong><\/p>\n\n\n\n<p>&#8211; finaliz\u00e1cia odborn\u00e9ho programu, tvorba jednotliv\u00fdch blokov na ni\u017e\u0161ie uveden\u00e9 t\u00e9my :<\/p>\n\n\n\n<ul class=\"wp-block-list\">\n<li>40 rokov alerg\u00e9novej imunoterapie<\/li>\n\n\n\n<li>40 rokov Imunomodul\u00e1cie<\/li>\n\n\n\n<li>40 rokov kortikoterapie<\/li>\n\n\n\n<li>40 rokov intenz\u00edvnej medic\u00edny<\/li>\n\n\n\n<li>40 rokov o\u010dkovania<\/li>\n\n\n\n<li>40 rokov ch\u00fdb a omylov<\/li>\n\n\n\n<li>40 rokov diagnostiky a&nbsp;lie\u010dby prim\u00e1rnych imunodeficitov<\/li>\n\n\n\n<li>40 rokov v imunologickom laborat\u00f3riu<\/li>\n\n\n\n<li>40 rokov pe\u013eov\u00e9ho&nbsp; monitoringu<\/li>\n\n\n\n<li>40 rokov liekovej alergie<\/li>\n\n\n\n<li>40 rokov transplanta\u010dnej imunol\u00f3gie<\/li>\n\n\n\n<li>40 rokov ven\u00f3movej imunoterapie<\/li>\n\n\n\n<li>40 rokov heredit\u00e1rneho angioed\u00e9mu<\/li>\n\n\n\n<li>40 rokov potravinovej alergie<\/li>\n\n\n\n<li>Sekcia mlad\u00fdch imunol\u00f3gov<\/li>\n\n\n\n<li>Varia<\/li>\n\n\n\n<li>Sekcia sestier<\/li>\n<\/ul>\n\n\n\n<p>Odborn\u00fd program bol roz\u0161\u00edren\u00fd o&nbsp;sekciu <strong>Varia<\/strong><\/p>\n\n\n\n<p>Zjazd bude prebieha\u0165 v&nbsp;troch predn\u00e1\u0161kov\u00fdch a&nbsp;posterovej sekcii, v ktorej bude mo\u017enos\u0165 prezent\u00e1cie v&nbsp;d\u013a\u017eke trvania 3 min\u00fat + 2 min\u00fatovou diskusiou.<\/p>\n\n\n\n<p>V\u00fdbor sa venoval detailne odborno-technick\u00e9mu zabezpe\u010deniu zjazdu, \u010dasov\u00e9mu harmonogramu sl\u00e1vnostn\u00e9ho otvorenia a&nbsp;jednotliv\u00fdch predn\u00e1\u0161kov\u00fdch blokov.<\/p>\n\n\n\n<p><strong>Sl\u00e1vnostn\u00e9 otvorenie:<\/strong> 18.10.2023, 15:00 \u2013 18:00<\/p>\n\n\n\n<p>Predsedn\u00edctvo: Schvalbov\u00e1, Jese\u0148\u00e1k, Pru\u017einec, Panzner, Litzman<\/p>\n\n\n\n<ol class=\"wp-block-list\" type=\"1\">\n<li>Sl\u00e1vnostn\u00fd pr\u00edhovor prezidentky kongresu<\/li>\n\n\n\n<li>Ocenenie jubilantov<\/li>\n\n\n\n<li>Plen\u00e1rne predn\u00e1\u0161ky<\/li>\n\n\n\n<li>Prof. Zuzana Diamant<\/li>\n\n\n\n<li>Prof. Silvia Pastorekov\u00e1<\/li>\n\n\n\n<li>Prof. Petr Panzner<\/li>\n\n\n\n<li>Prof. Milo\u0161 Jese\u0148\u00e1k<\/li>\n<\/ol>\n\n\n\n<p>V\u0161etky inform\u00e1cie k&nbsp;zjazdu bud\u00fa postupne zverej\u0148ovan\u00e9 na <a href=\"http:\/\/www.amedi.sk\">www.amedi.sk<\/a> a&nbsp;www.ssaki.eu<\/p>\n\n\n\n<p><strong>3. Term\u00edny odborn\u00fdch akci\u00ed 2023:<\/strong><\/p>\n\n\n\n<div class=\"wp-block-group is-vertical is-layout-flex wp-container-core-group-is-layout-8cf370e7 wp-block-group-is-layout-flex\">\n<p>21.-22.9.&nbsp;&nbsp;&nbsp;&nbsp;&nbsp;&nbsp;&nbsp;&nbsp; F\u00f3rum imunodeficienci\u00ed &#8211; Ko\u0161ice<\/p>\n\n\n\n<p>5.10.-6.10.&nbsp;&nbsp;&nbsp;&nbsp;&nbsp; Zasadnutie v\u00fdboru &#8211; Liptovsk\u00fd Hr\u00e1dok<\/p>\n\n\n\n<p>18.-21.10.&nbsp;&nbsp;&nbsp;&nbsp;&nbsp;&nbsp; XL. kongres slovensk\u00fdch a&nbsp;\u010desk\u00fdch alergol\u00f3gov a&nbsp;klinick\u00fdch imunol\u00f3gov&nbsp; -Hotel Bellevue, Vysok\u00e9 Tatry<\/p>\n\n\n\n<p>3.-4.11.&nbsp;&nbsp;&nbsp;&nbsp;&nbsp;&nbsp;&nbsp;&nbsp;&nbsp;&nbsp; ASL \u2013 workshop &#8211; Martin<\/p>\n\n\n\n<p>24.-25.11.&nbsp;&nbsp;&nbsp;&nbsp;&nbsp;&nbsp; Medif\u00f3rum &#8211; Doln\u00fd Kub\u00edn<\/p>\n\n\n\n<p>7.12.-8.12.&nbsp;&nbsp;&nbsp;&nbsp;&nbsp; Zasadnutie v\u00fdboru &#8211; Terchov\u00e1<\/p>\n\n\n\n<p>15.-16.3.&nbsp;&nbsp;&nbsp;&nbsp;&nbsp;&nbsp;&nbsp;&nbsp; 12. Burza imunodeficienci\u00ed \u2013 Tren\u010dianske Teplice<\/p>\n\n\n\n<p>17.-19.4.&nbsp;&nbsp;&nbsp;&nbsp;&nbsp;&nbsp;&nbsp;&nbsp; Martinsk\u00e9 dni imunol\u00f3gie \u2013 Martin<\/p>\n\n\n\n<p>24.4.&nbsp;&nbsp;&nbsp;&nbsp;&nbsp;&nbsp;&nbsp;&nbsp;&nbsp;&nbsp;&nbsp;&nbsp;&nbsp;&nbsp;&nbsp; De\u0148 prim\u00e1rnych imunodeficienci\u00ed<\/p>\n\n\n\n<p>31.5.-3.6.&nbsp;&nbsp;&nbsp;&nbsp;&nbsp;&nbsp;&nbsp; EAACI \u2013 Valencia (\u0160panielsko)<\/p>\n<\/div>\n\n\n\n<p>Zap\u00edsala Schvalbov\u00e1<\/p>\n\n\n\n<p>Korigoval Jese\u0148\u00e1k<\/p>\n\r\n","protected":false},"excerpt":{"rendered":"<p>Z\u00e1pisnica zo zasadnutia V\u00fdboru SSAKI a Poradn\u00e9ho zboru hlavn\u00e9ho odborn\u00edka MZ SR 18.8.2023, Malat\u00edny Pr\u00edtomn\u00ed: \u010ci\u017en\u00e1r, Hadvabov\u00e1, Hlinka, Hochmuth, Hrubi\u0161ko Jese\u0148\u00e1k, Koss\u00e1rov\u00e1, Ko\u0161turiak, Lap\u0161ansk\u00e1, Mikler, Petriskov\u00e1, Pru\u017einec, Schvalbov\u00e1, Smie\u0161kov\u00e1 1. R\u00f4zne 2. Pr\u00edprava XL.&#46;&#46;&#46;<\/p>\n","protected":false},"author":1,"featured_media":0,"parent":0,"menu_order":0,"comment_status":"closed","ping_status":"closed","template":"","meta":{"footnotes":""},"class_list":["post-3916558","page","type-page","status-publish","hentry"],"yoast_head":"<!-- This site is optimized with the Yoast SEO plugin v27.5 - https:\/\/yoast.com\/product\/yoast-seo-wordpress\/ -->\n<title>Zo z\u00e1pisnice z 18.8.2023 - Slovensk\u00e1 spolo\u010dnos\u0165 alergol\u00f3gie a klinickej imunol\u00f3gie<\/title>\n<meta name=\"description\" content=\"Sme odborn\u00e1 splo\u010dnos\u0165, ktor\u00e1 zdru\u017euje klinick\u00fdch imunol\u00f3gov a alergol\u00f3gov, ako aj in\u00fdch odborn\u00edkov so z\u00e1ujmom o tento odbor. Na\u0161a spolo\u010dnos\u0165 je hlavn\u00fdm organiz\u00e1torom kontinu\u00e1lneho vzdel\u00e1vania v tomto odbore na Slovensku.\" \/>\n<meta name=\"robots\" content=\"index, follow, max-snippet:-1, max-image-preview:large, max-video-preview:-1\" \/>\n<link rel=\"canonical\" href=\"https:\/\/www.ssaki.eu\/?page_id=3916558\" \/>\n<meta property=\"og:locale\" content=\"sk_SK\" \/>\n<meta property=\"og:type\" content=\"article\" \/>\n<meta property=\"og:title\" content=\"Zo z\u00e1pisnice z 18.8.2023 - Slovensk\u00e1 spolo\u010dnos\u0165 alergol\u00f3gie a klinickej imunol\u00f3gie\" \/>\n<meta property=\"og:description\" content=\"Sme odborn\u00e1 splo\u010dnos\u0165, ktor\u00e1 zdru\u017euje klinick\u00fdch imunol\u00f3gov a alergol\u00f3gov, ako aj in\u00fdch odborn\u00edkov so z\u00e1ujmom o tento odbor. Na\u0161a spolo\u010dnos\u0165 je hlavn\u00fdm organiz\u00e1torom kontinu\u00e1lneho vzdel\u00e1vania v tomto odbore na Slovensku.\" \/>\n<meta property=\"og:url\" content=\"https:\/\/www.ssaki.eu\/?page_id=3916558\" \/>\n<meta property=\"og:site_name\" content=\"Slovensk\u00e1 spolo\u010dnos\u0165 alergol\u00f3gie a klinickej imunol\u00f3gie\" \/>\n<meta property=\"article:publisher\" content=\"https:\/\/www.facebook.com\/alergologoviaimunologoviaSK\" \/>\n<meta property=\"article:modified_time\" content=\"2023-08-30T05:11:25+00:00\" \/>\n<meta property=\"og:image\" content=\"https:\/\/www.ssaki.eu\/wp-content\/uploads\/2021\/01\/STOP_COVID_SSAKI-e1609772027682.png\" \/>\n\t<meta property=\"og:image:width\" content=\"640\" \/>\n\t<meta property=\"og:image:height\" content=\"360\" \/>\n\t<meta property=\"og:image:type\" content=\"image\/png\" \/>\n<meta name=\"twitter:card\" content=\"summary_large_image\" \/>\n<meta name=\"twitter:label1\" content=\"Predpokladan\u00fd \u010das \u010d\u00edtania\" \/>\n\t<meta name=\"twitter:data1\" content=\"4 min\u00faty\" \/>\n<script type=\"application\/ld+json\" class=\"yoast-schema-graph\">{\"@context\":\"https:\\\/\\\/schema.org\",\"@graph\":[{\"@type\":[\"WebPage\",\"MedicalWebPage\"],\"@id\":\"https:\\\/\\\/www.ssaki.eu\\\/?page_id=3916558\",\"url\":\"https:\\\/\\\/www.ssaki.eu\\\/?page_id=3916558\",\"name\":\"Zo z\u00e1pisnice z 18.8.2023 - Slovensk\u00e1 spolo\u010dnos\u0165 alergol\u00f3gie a klinickej imunol\u00f3gie\",\"isPartOf\":{\"@id\":\"https:\\\/\\\/www.ssaki.eu\\\/#website\"},\"datePublished\":\"2023-08-30T05:10:21+00:00\",\"dateModified\":\"2023-08-30T05:11:25+00:00\",\"description\":\"Sme odborn\u00e1 splo\u010dnos\u0165, ktor\u00e1 zdru\u017euje klinick\u00fdch imunol\u00f3gov a alergol\u00f3gov, ako aj in\u00fdch odborn\u00edkov so z\u00e1ujmom o tento odbor. Na\u0161a spolo\u010dnos\u0165 je hlavn\u00fdm organiz\u00e1torom kontinu\u00e1lneho vzdel\u00e1vania v tomto odbore na Slovensku.\",\"breadcrumb\":{\"@id\":\"https:\\\/\\\/www.ssaki.eu\\\/?page_id=3916558#breadcrumb\"},\"inLanguage\":\"sk-SK\",\"potentialAction\":[{\"@type\":\"ReadAction\",\"target\":[\"https:\\\/\\\/www.ssaki.eu\\\/?page_id=3916558\"]}]},{\"@type\":\"BreadcrumbList\",\"@id\":\"https:\\\/\\\/www.ssaki.eu\\\/?page_id=3916558#breadcrumb\",\"itemListElement\":[{\"@type\":\"ListItem\",\"position\":1,\"name\":\"Domovsk\u00e1 str\u00e1nka\",\"item\":\"https:\\\/\\\/www.ssaki.eu\\\/\"},{\"@type\":\"ListItem\",\"position\":2,\"name\":\"Zo z\u00e1pisnice z 18.8.2023\"}]},{\"@type\":\"WebSite\",\"@id\":\"https:\\\/\\\/www.ssaki.eu\\\/#website\",\"url\":\"https:\\\/\\\/www.ssaki.eu\\\/\",\"name\":\"Slovensk\u00e1 spolo\u010dnos\u0165 alergol\u00f3gie a klinickej imunol\u00f3gie\",\"description\":\"\",\"publisher\":{\"@id\":\"https:\\\/\\\/www.ssaki.eu\\\/#organization\"},\"potentialAction\":[{\"@type\":\"SearchAction\",\"target\":{\"@type\":\"EntryPoint\",\"urlTemplate\":\"https:\\\/\\\/www.ssaki.eu\\\/?s={search_term_string}\"},\"query-input\":{\"@type\":\"PropertyValueSpecification\",\"valueRequired\":true,\"valueName\":\"search_term_string\"}}],\"inLanguage\":\"sk-SK\"},{\"@type\":\"Organization\",\"@id\":\"https:\\\/\\\/www.ssaki.eu\\\/#organization\",\"name\":\"Slovensk\u00e1 spolo\u010dnos\u0165 alergol\u00f3gie a klinickej imunol\u00f3gie\",\"url\":\"https:\\\/\\\/www.ssaki.eu\\\/\",\"logo\":{\"@type\":\"ImageObject\",\"inLanguage\":\"sk-SK\",\"@id\":\"https:\\\/\\\/www.ssaki.eu\\\/#\\\/schema\\\/logo\\\/image\\\/\",\"url\":\"https:\\\/\\\/www.ssaki.eu\\\/wp-content\\\/uploads\\\/2021\\\/01\\\/LOGO-1.png\",\"contentUrl\":\"https:\\\/\\\/www.ssaki.eu\\\/wp-content\\\/uploads\\\/2021\\\/01\\\/LOGO-1.png\",\"width\":1280,\"height\":720,\"caption\":\"Slovensk\u00e1 spolo\u010dnos\u0165 alergol\u00f3gie a klinickej imunol\u00f3gie\"},\"image\":{\"@id\":\"https:\\\/\\\/www.ssaki.eu\\\/#\\\/schema\\\/logo\\\/image\\\/\"},\"sameAs\":[\"https:\\\/\\\/www.facebook.com\\\/alergologoviaimunologoviaSK\"]}]}<\/script>\n<!-- \/ Yoast SEO plugin. -->","yoast_head_json":{"title":"Zo z\u00e1pisnice z 18.8.2023 - Slovensk\u00e1 spolo\u010dnos\u0165 alergol\u00f3gie a klinickej imunol\u00f3gie","description":"Sme odborn\u00e1 splo\u010dnos\u0165, ktor\u00e1 zdru\u017euje klinick\u00fdch imunol\u00f3gov a alergol\u00f3gov, ako aj in\u00fdch odborn\u00edkov so z\u00e1ujmom o tento odbor. Na\u0161a spolo\u010dnos\u0165 je hlavn\u00fdm organiz\u00e1torom kontinu\u00e1lneho vzdel\u00e1vania v tomto odbore na Slovensku.","robots":{"index":"index","follow":"follow","max-snippet":"max-snippet:-1","max-image-preview":"max-image-preview:large","max-video-preview":"max-video-preview:-1"},"canonical":"https:\/\/www.ssaki.eu\/?page_id=3916558","og_locale":"sk_SK","og_type":"article","og_title":"Zo z\u00e1pisnice z 18.8.2023 - Slovensk\u00e1 spolo\u010dnos\u0165 alergol\u00f3gie a klinickej imunol\u00f3gie","og_description":"Sme odborn\u00e1 splo\u010dnos\u0165, ktor\u00e1 zdru\u017euje klinick\u00fdch imunol\u00f3gov a alergol\u00f3gov, ako aj in\u00fdch odborn\u00edkov so z\u00e1ujmom o tento odbor. Na\u0161a spolo\u010dnos\u0165 je hlavn\u00fdm organiz\u00e1torom kontinu\u00e1lneho vzdel\u00e1vania v tomto odbore na Slovensku.","og_url":"https:\/\/www.ssaki.eu\/?page_id=3916558","og_site_name":"Slovensk\u00e1 spolo\u010dnos\u0165 alergol\u00f3gie a klinickej imunol\u00f3gie","article_publisher":"https:\/\/www.facebook.com\/alergologoviaimunologoviaSK","article_modified_time":"2023-08-30T05:11:25+00:00","og_image":[{"width":640,"height":360,"url":"https:\/\/www.ssaki.eu\/wp-content\/uploads\/2021\/01\/STOP_COVID_SSAKI-e1609772027682.png","type":"image\/png"}],"twitter_card":"summary_large_image","twitter_misc":{"Predpokladan\u00fd \u010das \u010d\u00edtania":"4 min\u00faty"},"schema":{"@context":"https:\/\/schema.org","@graph":[{"@type":["WebPage","MedicalWebPage"],"@id":"https:\/\/www.ssaki.eu\/?page_id=3916558","url":"https:\/\/www.ssaki.eu\/?page_id=3916558","name":"Zo z\u00e1pisnice z 18.8.2023 - Slovensk\u00e1 spolo\u010dnos\u0165 alergol\u00f3gie a klinickej imunol\u00f3gie","isPartOf":{"@id":"https:\/\/www.ssaki.eu\/#website"},"datePublished":"2023-08-30T05:10:21+00:00","dateModified":"2023-08-30T05:11:25+00:00","description":"Sme odborn\u00e1 splo\u010dnos\u0165, ktor\u00e1 zdru\u017euje klinick\u00fdch imunol\u00f3gov a alergol\u00f3gov, ako aj in\u00fdch odborn\u00edkov so z\u00e1ujmom o tento odbor. Na\u0161a spolo\u010dnos\u0165 je hlavn\u00fdm organiz\u00e1torom kontinu\u00e1lneho vzdel\u00e1vania v tomto odbore na Slovensku.","breadcrumb":{"@id":"https:\/\/www.ssaki.eu\/?page_id=3916558#breadcrumb"},"inLanguage":"sk-SK","potentialAction":[{"@type":"ReadAction","target":["https:\/\/www.ssaki.eu\/?page_id=3916558"]}]},{"@type":"BreadcrumbList","@id":"https:\/\/www.ssaki.eu\/?page_id=3916558#breadcrumb","itemListElement":[{"@type":"ListItem","position":1,"name":"Domovsk\u00e1 str\u00e1nka","item":"https:\/\/www.ssaki.eu\/"},{"@type":"ListItem","position":2,"name":"Zo z\u00e1pisnice z 18.8.2023"}]},{"@type":"WebSite","@id":"https:\/\/www.ssaki.eu\/#website","url":"https:\/\/www.ssaki.eu\/","name":"Slovensk\u00e1 spolo\u010dnos\u0165 alergol\u00f3gie a klinickej imunol\u00f3gie","description":"","publisher":{"@id":"https:\/\/www.ssaki.eu\/#organization"},"potentialAction":[{"@type":"SearchAction","target":{"@type":"EntryPoint","urlTemplate":"https:\/\/www.ssaki.eu\/?s={search_term_string}"},"query-input":{"@type":"PropertyValueSpecification","valueRequired":true,"valueName":"search_term_string"}}],"inLanguage":"sk-SK"},{"@type":"Organization","@id":"https:\/\/www.ssaki.eu\/#organization","name":"Slovensk\u00e1 spolo\u010dnos\u0165 alergol\u00f3gie a klinickej imunol\u00f3gie","url":"https:\/\/www.ssaki.eu\/","logo":{"@type":"ImageObject","inLanguage":"sk-SK","@id":"https:\/\/www.ssaki.eu\/#\/schema\/logo\/image\/","url":"https:\/\/www.ssaki.eu\/wp-content\/uploads\/2021\/01\/LOGO-1.png","contentUrl":"https:\/\/www.ssaki.eu\/wp-content\/uploads\/2021\/01\/LOGO-1.png","width":1280,"height":720,"caption":"Slovensk\u00e1 spolo\u010dnos\u0165 alergol\u00f3gie a klinickej imunol\u00f3gie"},"image":{"@id":"https:\/\/www.ssaki.eu\/#\/schema\/logo\/image\/"},"sameAs":["https:\/\/www.facebook.com\/alergologoviaimunologoviaSK"]}]}},"_links":{"self":[{"href":"https:\/\/www.ssaki.eu\/index.php?rest_route=\/wp\/v2\/pages\/3916558","targetHints":{"allow":["GET"]}}],"collection":[{"href":"https:\/\/www.ssaki.eu\/index.php?rest_route=\/wp\/v2\/pages"}],"about":[{"href":"https:\/\/www.ssaki.eu\/index.php?rest_route=\/wp\/v2\/types\/page"}],"author":[{"embeddable":true,"href":"https:\/\/www.ssaki.eu\/index.php?rest_route=\/wp\/v2\/users\/1"}],"replies":[{"embeddable":true,"href":"https:\/\/www.ssaki.eu\/index.php?rest_route=%2Fwp%2Fv2%2Fcomments&post=3916558"}],"version-history":[{"count":2,"href":"https:\/\/www.ssaki.eu\/index.php?rest_route=\/wp\/v2\/pages\/3916558\/revisions"}],"predecessor-version":[{"id":3916560,"href":"https:\/\/www.ssaki.eu\/index.php?rest_route=\/wp\/v2\/pages\/3916558\/revisions\/3916560"}],"wp:attachment":[{"href":"https:\/\/www.ssaki.eu\/index.php?rest_route=%2Fwp%2Fv2%2Fmedia&parent=3916558"}],"curies":[{"name":"wp","href":"https:\/\/api.w.org\/{rel}","templated":true}]}}