{"id":3916592,"date":"2023-10-11T17:44:31","date_gmt":"2023-10-11T15:44:31","guid":{"rendered":"https:\/\/www.ssaki.eu\/?page_id=3916592"},"modified":"2023-10-11T17:46:53","modified_gmt":"2023-10-11T15:46:53","slug":"zo-zapisnice-z-6-10-2023","status":"publish","type":"page","link":"https:\/\/www.ssaki.eu\/?page_id=3916592","title":{"rendered":"Zo z\u00e1pisnice z 6.10.2023"},"content":{"rendered":"\n<p>Z\u00e1pisnica zo zasadnutia V\u00fdboru SSAKI a Poradn\u00e9ho zboru hlavn\u00e9ho odborn\u00edka MZ SR<\/p>\n\n\n\n<p>6.10.2023, Martin<\/p>\n\n\n\n<p>Pr\u00edtomn\u00ed: \u010ci\u017en\u00e1r, Hadvabov\u00e1, Hlinka, Hochmuth, Hrubi\u0161ko,Ko\u0161turiak, Koss\u00e1rov\u00e1, Lap\u0161ansk\u00e1, Mikler, Petriskov\u00e1, Pru\u017einec, Schvalbov\u00e1<\/p>\n\n\n\n<p>Ospravedlnen\u00ed: Jese\u0148\u00e1k,Smie\u0161kov\u00e1<\/p>\n\n\n\n<p>I. Otvorenie zasadnutia a zhrnutie \u010dinnosti medzi zasadnutiami (Pru\u017einec)<\/p>\n\n\n\n<p>II. Program zasadnutia<\/p>\n\n\n\n<ol class=\"wp-block-list\">\n<li>Pr\u00edprava XL. zjazdu SSAKI a \u010cSAKI 18.10.-21.10.2023 &#8211; Grand hotel Bellevue \u2013 Horn\u00fd Smokovec &#8211; Vysok\u00e9 Tatry. V\u00fdbor sa venoval detailne odborno-technick\u00e9mu a ekonomick\u00e9mu zabezpe\u010deniu zjazdu, \u010dasov\u00e9mu harmonogramu sl\u00e1vnostn\u00e9ho otvorenia a jednotliv\u00fdch predn\u00e1\u0161kov\u00fdch blokov.<\/li>\n<\/ol>\n\n\n\n<p>Odborn\u00e9 sekcie zjazdu:<br>\uf0a7 40 rokov alerg\u00e9novej imunoterapie<br>\uf0a7 40 rokov Imunomodul\u00e1cie<br>\uf0a7 40 rokov kortikoterapie<br>\uf0a7 40 rokov intenz\u00edvnej medic\u00edny<br>\uf0a7 40 rokov o\u010dkovania<br>\uf0a7 40 rokov ch\u00fdb a omylov<br>\uf0a7 40 rokov diagnostiky a lie\u010dby prim\u00e1rnych imunodeficitov<br>\uf0a7 40 rokov v imunologickom laborat\u00f3riu<br>\uf0a7 40 rokov pe\u013eov\u00e9ho monitoringu<br>\uf0a7 40 rokov liekovej alergie<br>\uf0a7 40 rokov transplanta\u010dnej imunol\u00f3gie<br>\uf0a7 40 rokov ven\u00f3movej imunoterapie<br>\uf0a7 40 rokov heredit\u00e1rneho angioed\u00e9mu<br>\uf0a7 40 rokov potravinovej alergie<br>\uf0a7 Sekcia mlad\u00fdch imunol\u00f3gov<br>\uf0a7 Varia<br>\uf0a7 Sekcia sestier<\/p>\n\n\n\n<p>Postgradu\u00e1l na t\u00e9mu Imunol\u00f3gia-interdisciplin\u00e1rny odbor<\/p>\n\n\n\n<p>V\u0161etky inform\u00e1cie k zjazdu s\u00fa zverejnen\u00e9 na www.amedi.sk a www.ssaki.eu<\/p>\n\n\n\n<p>2.R\u00f4zne<\/p>\n\n\n\n<p>V\u00fdbor vyslovil podporu snahe Jesseniovej lek\u00e1rskej fakulty UK po\u017eiada\u0165 o akredit\u00e1ciu \u0161tudijn\u00fdch programov \u010fal\u0161ieho vzdel\u00e1vania pre \u0161pecializa\u010dn\u00e9 odbory LABORAT\u00d3RNA DIAGNOSTIKA V KLINICKEJ IMUNOL\u00d3GII A ALERGOL\u00d3GII (v profesii laborat\u00f3rny diagnostik) a LABORAT\u00d3RNE VY\u0160ETROVACIE MET\u00d3DY V IMUNOL\u00d3GII A ALERGOL\u00d3GII (v profesii laborant so stredo\u0161kolsk\u00fdm vzdelan\u00edm a vysoko\u0161kolsk\u00fdm vzdelan\u00edm 1. stup\u0148a).<br>Pod\u013ea \u00a740 odst. 3 p\u00edsm. a) z\u00e1kon \u010d. 578\/2004 Z. z. o poskytovate\u013eoch zdravotnej starostlivosti, zdravotn\u00edckych pracovn\u00edkoch, stavovsk\u00fdch organiz\u00e1ci\u00e1ch v zdravotn\u00edctve a o zmene a doplnen\u00ed niektor\u00fdch z\u00e1konov m\u00f4\u017ee o akredit\u00e1ciu \u0161tudijn\u00fdch programov \u010fal\u0161ieho vzdel\u00e1vania po\u017eiada\u0165 vzdel\u00e1vacia ustanovize\u0148, ak m\u00e1 v predmete \u010dinnosti vzdel\u00e1vaciu \u010dinnos\u0165 a vzdel\u00e1va \u0161tudentov v pr\u00edslu\u0161nom zdravotn\u00edckom povolan\u00ed, v ktorom \u017eiada uskuto\u010d\u0148ova\u0165 \u0161pecializa\u010dn\u00fd \u0161tudijn\u00fd program.<br>V\u00fdbor zaujal s\u00fahlasn\u00e9 stanovisko s n\u00e1vrhom JLF UK predlo\u017ei\u0165 podnet na \u00fapravu z\u00e1kona, ktor\u00e1 by umo\u017e\u0148ovala lek\u00e1rskym fakult\u00e1m vzdel\u00e1va\u0165 zdravotn\u00edckych pracovn\u00edkov aj v \u0161pecializa\u010dn\u00fdch \u0161tudijn\u00fdch programoch pre nelek\u00e1rske odbory, pr\u00edpadne predlo\u017ei\u0165 po\u017eiadavku o udelenie v\u00fdnimky z tejto legislat\u00edvnej podmienky, tak ako je tomu v pr\u00edpade Slovenskej zdravotn\u00edckej univerzity.<\/p>\n\n\n\n<ol class=\"wp-block-list\" start=\"3\">\n<li>Term\u00edny odborn\u00fdch akci\u00ed na rok 2023:<\/li>\n<\/ol>\n\n\n\n<p>18.-21.10. XL. kongres slovensk\u00fdch a \u010desk\u00fdch alergol\u00f3gov a klinick\u00fdch imunol\u00f3gov -Hotel Bellevue, Vysok\u00e9 Tatry<\/p>\n\n\n\n<p>3.-4.11. ASL \u2013 workshop \u2013 Martin<\/p>\n\n\n\n<p>24.-25.11. Medif\u00f3rum \u2013 Doln\u00fd Kub\u00edn<\/p>\n\n\n\n<p>7.12.-8.12. Zasadnutie v\u00fdboru \u2013 Terchov\u00e1<\/p>\n\n\n\n<p>4.Term\u00edny odborn\u00fdch akci\u00ed na rok 2024<\/p>\n\n\n\n<p>15.-16.3. 12. Burza imunodeficienci\u00ed \u2013 Tren\u010dianske Teplice<\/p>\n\n\n\n<p>17.-19.4. Martinsk\u00e9 dni imunol\u00f3gie \u2013 Martin<\/p>\n\n\n\n<p>24.4. De\u0148 prim\u00e1rnych imunodeficienci\u00ed<\/p>\n\n\n\n<p>31.5.-3.6. EAACI \u2013 Valencia (\u0160panielsko)<\/p>\n\n\n\n<p>Zap\u00edsala Schvalbov\u00e1<\/p>\n\r\n","protected":false},"excerpt":{"rendered":"<p>Z\u00e1pisnica zo zasadnutia V\u00fdboru SSAKI a Poradn\u00e9ho zboru hlavn\u00e9ho odborn\u00edka MZ SR 6.10.2023, Martin Pr\u00edtomn\u00ed: \u010ci\u017en\u00e1r, Hadvabov\u00e1, Hlinka, Hochmuth, Hrubi\u0161ko,Ko\u0161turiak, Koss\u00e1rov\u00e1, Lap\u0161ansk\u00e1, Mikler, Petriskov\u00e1, Pru\u017einec, Schvalbov\u00e1 Ospravedlnen\u00ed: Jese\u0148\u00e1k,Smie\u0161kov\u00e1 I. Otvorenie zasadnutia a zhrnutie \u010dinnosti&#46;&#46;&#46;<\/p>\n","protected":false},"author":1,"featured_media":0,"parent":0,"menu_order":0,"comment_status":"closed","ping_status":"closed","template":"","meta":{"footnotes":""},"class_list":["post-3916592","page","type-page","status-publish","hentry"],"yoast_head":"<!-- This site is optimized with the Yoast SEO plugin v27.5 - https:\/\/yoast.com\/product\/yoast-seo-wordpress\/ -->\n<title>Zo z\u00e1pisnice z 6.10.2023 - Slovensk\u00e1 spolo\u010dnos\u0165 alergol\u00f3gie a klinickej imunol\u00f3gie<\/title>\n<meta name=\"description\" content=\"Sme odborn\u00e1 splo\u010dnos\u0165, ktor\u00e1 zdru\u017euje klinick\u00fdch imunol\u00f3gov a alergol\u00f3gov, ako aj in\u00fdch odborn\u00edkov so z\u00e1ujmom o tento odbor. Na\u0161a spolo\u010dnos\u0165 je hlavn\u00fdm organiz\u00e1torom kontunu\u00e1lneho vzdel\u00e1vania v tomto odbore na Slovensku.\" \/>\n<meta name=\"robots\" content=\"index, follow, max-snippet:-1, max-image-preview:large, max-video-preview:-1\" \/>\n<link rel=\"canonical\" href=\"https:\/\/www.ssaki.eu\/?page_id=3916592\" \/>\n<meta property=\"og:locale\" content=\"sk_SK\" \/>\n<meta property=\"og:type\" content=\"article\" \/>\n<meta property=\"og:title\" content=\"Zo z\u00e1pisnice z 6.10.2023 - Slovensk\u00e1 spolo\u010dnos\u0165 alergol\u00f3gie a klinickej imunol\u00f3gie\" \/>\n<meta property=\"og:description\" content=\"Sme odborn\u00e1 splo\u010dnos\u0165, ktor\u00e1 zdru\u017euje klinick\u00fdch imunol\u00f3gov a alergol\u00f3gov, ako aj in\u00fdch odborn\u00edkov so z\u00e1ujmom o tento odbor. Na\u0161a spolo\u010dnos\u0165 je hlavn\u00fdm organiz\u00e1torom kontunu\u00e1lneho vzdel\u00e1vania v tomto odbore na Slovensku.\" \/>\n<meta property=\"og:url\" content=\"https:\/\/www.ssaki.eu\/?page_id=3916592\" \/>\n<meta property=\"og:site_name\" content=\"Slovensk\u00e1 spolo\u010dnos\u0165 alergol\u00f3gie a klinickej imunol\u00f3gie\" \/>\n<meta property=\"article:publisher\" content=\"https:\/\/www.facebook.com\/alergologoviaimunologoviaSK\" \/>\n<meta property=\"article:modified_time\" content=\"2023-10-11T15:46:53+00:00\" \/>\n<meta property=\"og:image\" content=\"https:\/\/www.ssaki.eu\/wp-content\/uploads\/2021\/01\/STOP_COVID_SSAKI-e1609772027682.png\" \/>\n\t<meta property=\"og:image:width\" content=\"640\" \/>\n\t<meta property=\"og:image:height\" content=\"360\" \/>\n\t<meta property=\"og:image:type\" content=\"image\/png\" \/>\n<meta name=\"twitter:card\" content=\"summary_large_image\" \/>\n<meta name=\"twitter:label1\" content=\"Predpokladan\u00fd \u010das \u010d\u00edtania\" \/>\n\t<meta name=\"twitter:data1\" content=\"3 min\u00faty\" \/>\n<script type=\"application\/ld+json\" class=\"yoast-schema-graph\">{\"@context\":\"https:\\\/\\\/schema.org\",\"@graph\":[{\"@type\":[\"WebPage\",\"MedicalWebPage\"],\"@id\":\"https:\\\/\\\/www.ssaki.eu\\\/?page_id=3916592\",\"url\":\"https:\\\/\\\/www.ssaki.eu\\\/?page_id=3916592\",\"name\":\"Zo z\u00e1pisnice z 6.10.2023 - Slovensk\u00e1 spolo\u010dnos\u0165 alergol\u00f3gie a klinickej imunol\u00f3gie\",\"isPartOf\":{\"@id\":\"https:\\\/\\\/www.ssaki.eu\\\/#website\"},\"datePublished\":\"2023-10-11T15:44:31+00:00\",\"dateModified\":\"2023-10-11T15:46:53+00:00\",\"description\":\"Sme odborn\u00e1 splo\u010dnos\u0165, ktor\u00e1 zdru\u017euje klinick\u00fdch imunol\u00f3gov a alergol\u00f3gov, ako aj in\u00fdch odborn\u00edkov so z\u00e1ujmom o tento odbor. Na\u0161a spolo\u010dnos\u0165 je hlavn\u00fdm organiz\u00e1torom kontunu\u00e1lneho vzdel\u00e1vania v tomto odbore na Slovensku.\",\"breadcrumb\":{\"@id\":\"https:\\\/\\\/www.ssaki.eu\\\/?page_id=3916592#breadcrumb\"},\"inLanguage\":\"sk-SK\",\"potentialAction\":[{\"@type\":\"ReadAction\",\"target\":[\"https:\\\/\\\/www.ssaki.eu\\\/?page_id=3916592\"]}]},{\"@type\":\"BreadcrumbList\",\"@id\":\"https:\\\/\\\/www.ssaki.eu\\\/?page_id=3916592#breadcrumb\",\"itemListElement\":[{\"@type\":\"ListItem\",\"position\":1,\"name\":\"Domovsk\u00e1 str\u00e1nka\",\"item\":\"https:\\\/\\\/www.ssaki.eu\\\/\"},{\"@type\":\"ListItem\",\"position\":2,\"name\":\"Zo z\u00e1pisnice z 6.10.2023\"}]},{\"@type\":\"WebSite\",\"@id\":\"https:\\\/\\\/www.ssaki.eu\\\/#website\",\"url\":\"https:\\\/\\\/www.ssaki.eu\\\/\",\"name\":\"Slovensk\u00e1 spolo\u010dnos\u0165 alergol\u00f3gie a klinickej imunol\u00f3gie\",\"description\":\"\",\"publisher\":{\"@id\":\"https:\\\/\\\/www.ssaki.eu\\\/#organization\"},\"potentialAction\":[{\"@type\":\"SearchAction\",\"target\":{\"@type\":\"EntryPoint\",\"urlTemplate\":\"https:\\\/\\\/www.ssaki.eu\\\/?s={search_term_string}\"},\"query-input\":{\"@type\":\"PropertyValueSpecification\",\"valueRequired\":true,\"valueName\":\"search_term_string\"}}],\"inLanguage\":\"sk-SK\"},{\"@type\":\"Organization\",\"@id\":\"https:\\\/\\\/www.ssaki.eu\\\/#organization\",\"name\":\"Slovensk\u00e1 spolo\u010dnos\u0165 alergol\u00f3gie a klinickej imunol\u00f3gie\",\"url\":\"https:\\\/\\\/www.ssaki.eu\\\/\",\"logo\":{\"@type\":\"ImageObject\",\"inLanguage\":\"sk-SK\",\"@id\":\"https:\\\/\\\/www.ssaki.eu\\\/#\\\/schema\\\/logo\\\/image\\\/\",\"url\":\"https:\\\/\\\/www.ssaki.eu\\\/wp-content\\\/uploads\\\/2021\\\/01\\\/LOGO-1.png\",\"contentUrl\":\"https:\\\/\\\/www.ssaki.eu\\\/wp-content\\\/uploads\\\/2021\\\/01\\\/LOGO-1.png\",\"width\":1280,\"height\":720,\"caption\":\"Slovensk\u00e1 spolo\u010dnos\u0165 alergol\u00f3gie a klinickej imunol\u00f3gie\"},\"image\":{\"@id\":\"https:\\\/\\\/www.ssaki.eu\\\/#\\\/schema\\\/logo\\\/image\\\/\"},\"sameAs\":[\"https:\\\/\\\/www.facebook.com\\\/alergologoviaimunologoviaSK\"]}]}<\/script>\n<!-- \/ Yoast SEO plugin. -->","yoast_head_json":{"title":"Zo z\u00e1pisnice z 6.10.2023 - Slovensk\u00e1 spolo\u010dnos\u0165 alergol\u00f3gie a klinickej imunol\u00f3gie","description":"Sme odborn\u00e1 splo\u010dnos\u0165, ktor\u00e1 zdru\u017euje klinick\u00fdch imunol\u00f3gov a alergol\u00f3gov, ako aj in\u00fdch odborn\u00edkov so z\u00e1ujmom o tento odbor. Na\u0161a spolo\u010dnos\u0165 je hlavn\u00fdm organiz\u00e1torom kontunu\u00e1lneho vzdel\u00e1vania v tomto odbore na Slovensku.","robots":{"index":"index","follow":"follow","max-snippet":"max-snippet:-1","max-image-preview":"max-image-preview:large","max-video-preview":"max-video-preview:-1"},"canonical":"https:\/\/www.ssaki.eu\/?page_id=3916592","og_locale":"sk_SK","og_type":"article","og_title":"Zo z\u00e1pisnice z 6.10.2023 - Slovensk\u00e1 spolo\u010dnos\u0165 alergol\u00f3gie a klinickej imunol\u00f3gie","og_description":"Sme odborn\u00e1 splo\u010dnos\u0165, ktor\u00e1 zdru\u017euje klinick\u00fdch imunol\u00f3gov a alergol\u00f3gov, ako aj in\u00fdch odborn\u00edkov so z\u00e1ujmom o tento odbor. Na\u0161a spolo\u010dnos\u0165 je hlavn\u00fdm organiz\u00e1torom kontunu\u00e1lneho vzdel\u00e1vania v tomto odbore na Slovensku.","og_url":"https:\/\/www.ssaki.eu\/?page_id=3916592","og_site_name":"Slovensk\u00e1 spolo\u010dnos\u0165 alergol\u00f3gie a klinickej imunol\u00f3gie","article_publisher":"https:\/\/www.facebook.com\/alergologoviaimunologoviaSK","article_modified_time":"2023-10-11T15:46:53+00:00","og_image":[{"width":640,"height":360,"url":"https:\/\/www.ssaki.eu\/wp-content\/uploads\/2021\/01\/STOP_COVID_SSAKI-e1609772027682.png","type":"image\/png"}],"twitter_card":"summary_large_image","twitter_misc":{"Predpokladan\u00fd \u010das \u010d\u00edtania":"3 min\u00faty"},"schema":{"@context":"https:\/\/schema.org","@graph":[{"@type":["WebPage","MedicalWebPage"],"@id":"https:\/\/www.ssaki.eu\/?page_id=3916592","url":"https:\/\/www.ssaki.eu\/?page_id=3916592","name":"Zo z\u00e1pisnice z 6.10.2023 - Slovensk\u00e1 spolo\u010dnos\u0165 alergol\u00f3gie a klinickej imunol\u00f3gie","isPartOf":{"@id":"https:\/\/www.ssaki.eu\/#website"},"datePublished":"2023-10-11T15:44:31+00:00","dateModified":"2023-10-11T15:46:53+00:00","description":"Sme odborn\u00e1 splo\u010dnos\u0165, ktor\u00e1 zdru\u017euje klinick\u00fdch imunol\u00f3gov a alergol\u00f3gov, ako aj in\u00fdch odborn\u00edkov so z\u00e1ujmom o tento odbor. Na\u0161a spolo\u010dnos\u0165 je hlavn\u00fdm organiz\u00e1torom kontunu\u00e1lneho vzdel\u00e1vania v tomto odbore na Slovensku.","breadcrumb":{"@id":"https:\/\/www.ssaki.eu\/?page_id=3916592#breadcrumb"},"inLanguage":"sk-SK","potentialAction":[{"@type":"ReadAction","target":["https:\/\/www.ssaki.eu\/?page_id=3916592"]}]},{"@type":"BreadcrumbList","@id":"https:\/\/www.ssaki.eu\/?page_id=3916592#breadcrumb","itemListElement":[{"@type":"ListItem","position":1,"name":"Domovsk\u00e1 str\u00e1nka","item":"https:\/\/www.ssaki.eu\/"},{"@type":"ListItem","position":2,"name":"Zo z\u00e1pisnice z 6.10.2023"}]},{"@type":"WebSite","@id":"https:\/\/www.ssaki.eu\/#website","url":"https:\/\/www.ssaki.eu\/","name":"Slovensk\u00e1 spolo\u010dnos\u0165 alergol\u00f3gie a klinickej imunol\u00f3gie","description":"","publisher":{"@id":"https:\/\/www.ssaki.eu\/#organization"},"potentialAction":[{"@type":"SearchAction","target":{"@type":"EntryPoint","urlTemplate":"https:\/\/www.ssaki.eu\/?s={search_term_string}"},"query-input":{"@type":"PropertyValueSpecification","valueRequired":true,"valueName":"search_term_string"}}],"inLanguage":"sk-SK"},{"@type":"Organization","@id":"https:\/\/www.ssaki.eu\/#organization","name":"Slovensk\u00e1 spolo\u010dnos\u0165 alergol\u00f3gie a klinickej imunol\u00f3gie","url":"https:\/\/www.ssaki.eu\/","logo":{"@type":"ImageObject","inLanguage":"sk-SK","@id":"https:\/\/www.ssaki.eu\/#\/schema\/logo\/image\/","url":"https:\/\/www.ssaki.eu\/wp-content\/uploads\/2021\/01\/LOGO-1.png","contentUrl":"https:\/\/www.ssaki.eu\/wp-content\/uploads\/2021\/01\/LOGO-1.png","width":1280,"height":720,"caption":"Slovensk\u00e1 spolo\u010dnos\u0165 alergol\u00f3gie a klinickej imunol\u00f3gie"},"image":{"@id":"https:\/\/www.ssaki.eu\/#\/schema\/logo\/image\/"},"sameAs":["https:\/\/www.facebook.com\/alergologoviaimunologoviaSK"]}]}},"_links":{"self":[{"href":"https:\/\/www.ssaki.eu\/index.php?rest_route=\/wp\/v2\/pages\/3916592","targetHints":{"allow":["GET"]}}],"collection":[{"href":"https:\/\/www.ssaki.eu\/index.php?rest_route=\/wp\/v2\/pages"}],"about":[{"href":"https:\/\/www.ssaki.eu\/index.php?rest_route=\/wp\/v2\/types\/page"}],"author":[{"embeddable":true,"href":"https:\/\/www.ssaki.eu\/index.php?rest_route=\/wp\/v2\/users\/1"}],"replies":[{"embeddable":true,"href":"https:\/\/www.ssaki.eu\/index.php?rest_route=%2Fwp%2Fv2%2Fcomments&post=3916592"}],"version-history":[{"count":2,"href":"https:\/\/www.ssaki.eu\/index.php?rest_route=\/wp\/v2\/pages\/3916592\/revisions"}],"predecessor-version":[{"id":3916595,"href":"https:\/\/www.ssaki.eu\/index.php?rest_route=\/wp\/v2\/pages\/3916592\/revisions\/3916595"}],"wp:attachment":[{"href":"https:\/\/www.ssaki.eu\/index.php?rest_route=%2Fwp%2Fv2%2Fmedia&parent=3916592"}],"curies":[{"name":"wp","href":"https:\/\/api.w.org\/{rel}","templated":true}]}}