{"id":3916618,"date":"2023-12-13T21:22:56","date_gmt":"2023-12-13T19:22:56","guid":{"rendered":"https:\/\/www.ssaki.eu\/?page_id=3916618"},"modified":"2023-12-14T19:01:34","modified_gmt":"2023-12-14T17:01:34","slug":"zo-zapisnice-z-8-12-2023","status":"publish","type":"page","link":"https:\/\/www.ssaki.eu\/?page_id=3916618","title":{"rendered":"Zo z\u00e1pisnice z 8.12.2023"},"content":{"rendered":"\n<p><strong>Z\u00e1pisnica zo zasadnutia V\u00fdboru SSAKI a&nbsp;Poradn\u00e9ho zboru hlavn\u00e9ho odborn\u00edka MZ SR<\/strong> <strong>8.12.2023, Terchov\u00e1<\/strong><\/p>\n\n\n\n<p><strong>Pr\u00edtomn\u00ed:<\/strong> \u010ci\u017en\u00e1r, Hadvabov\u00e1, Hlinka, Hochmuth, Hrubi\u0161ko, Jese\u0148\u00e1k, Ko\u0161turiak, Koss\u00e1rov\u00e1, Lap\u0161ansk\u00e1, Mikler, Petriskov\u00e1, Pru\u017einec, Schvalbov\u00e1, Smie\u0161kov\u00e1<\/p>\n\n\n\n<p><strong>I. Otvorenie zasadnutia a zhrnutie \u010dinnosti medzi zasadnutiami<\/strong><\/p>\n\n\n\n<p>(Jese\u0148\u00e1k, Pru\u017einec)<\/p>\n\n\n\n<p><strong>II. Program zasadnutia<\/strong><\/p>\n\n\n\n<ol class=\"wp-block-list\" type=\"1\">\n<li>Zhodnotenie XL. kongresu slovensk\u00fdch a \u010desk\u00fdch alergol\u00f3gov a&nbsp;klinick\u00fdch imunol\u00f3gov &#8211; Hotel Bellevue, Vysok\u00e9 Tatry \n<ul class=\"wp-block-list\">\n<li>kongres bol vo v\u0161eobecnosti vyhodnoten\u00fd ako ve\u013emi vydaren\u00e9 podujatie s&nbsp;vysokou odbornou \u00farov\u0148ou , \u010do ocenili nielen dom\u00e1ci, ale aj zahrani\u010dn\u00ed \u00fa\u010dastn\u00edci<\/li>\n\n\n\n<li>na kongrese bolo 683 registrovan\u00fdch \u00fa\u010dastn\u00edkov, z&nbsp;toho 345 z&nbsp;\u010ceskej republikypre bud\u00faci kongres r.2025<\/li>\n\n\n\n<li>je potrebn\u00e9 zachova\u0165 projekt troch odborn\u00fdch sekci\u00ed a sekciu mlad\u00fdch imunol\u00f3gov, ktor\u00e1 bola vysoko hodnoten\u00e1<\/li>\n<\/ul>\n<\/li>\n\n\n\n<li>ako negat\u00edvum kongresu bolo vyhodnoten\u00e9 ch\u00fdbanie spolo\u010densk\u00e9ho programu \u00favodn\u00e9ho ve\u010dera, ktor\u00fd sa nekonal z&nbsp;objekt\u00edvnych pr\u00ed\u010din<\/li>\n\n\n\n<li>Zhodnotenie Workshopu sekcie KIA ASL v&nbsp;Martine a&nbsp;presun jeho tradi\u010dn\u00e9ho jesenn\u00e9ho term\u00ednu konania na 1.3.2024<\/li>\n\n\n\n<li>Zhodnotenie konania Medif\u00f3ra, ktor\u00e9 sa konalo v&nbsp;prezen\u010dnej aj on-line forme s&nbsp;hojnou \u00fa\u010das\u0165ou (cca 400 \u00fa\u010dastn\u00edkov)<\/li>\n\n\n\n<li>N\u00e1vrh na vytvorenie Sekcie laborat\u00f3rnej imunol\u00f3gie SSAKI, zodpovedn\u00e1: Petriskov\u00e1<\/li>\n\n\n\n<li>Zorganizovanie stretnutia z\u00e1stupcov imunologick\u00fdch laborat\u00f3ri\u00ed s cie\u013eom objasni\u0165 v\u00fdklad a realiz\u00e1ciu novej legislat\u00edvy t\u00fdkaj\u00facej sa IVDR v oblasti laborat\u00f3rnej diagnostiky v klinickej imunol\u00f3gii, zodpovedn\u00e1: Petriskov\u00e1.<\/li>\n\n\n\n<li>Schv\u00e1lenie poplatku 625 EUR\/kvart\u00e1lne za spr\u00e1vu web str\u00e1nky SSAKI pre firmu Medimpro s.r.o. (celkovo teda za rok 2023   4 x 625 = 2500 EUR)<\/li>\n<\/ol>\n\n\n\n<p><strong>III. Term\u00edny odborn\u00fdch akci\u00ed na rok 2024<\/strong><\/p>\n\n\n\n<p>1.3.-2.3.&nbsp;&nbsp;&nbsp;&nbsp;&nbsp;&nbsp; &nbsp;&nbsp;&nbsp;&nbsp;&nbsp;&nbsp; Workshop ASL Martin<\/p>\n\n\n\n<p>14.3.&nbsp;&nbsp;&nbsp;&nbsp;&nbsp;&nbsp;&nbsp;&nbsp;&nbsp;&nbsp;&nbsp;&nbsp; &nbsp;&nbsp;&nbsp;&nbsp;&nbsp;&nbsp; Zasadnutie v\u00fdboru SSAKI-Tren\u010dianske Teplice<\/p>\n\n\n\n<p>15.3-16.3.&nbsp;&nbsp;&nbsp; &nbsp;&nbsp;&nbsp;&nbsp;&nbsp;&nbsp; 12. Burza imunodeficienci\u00ed \u2013 Tren\u010dianske Teplice<\/p>\n\n\n\n<p>17.4.-19.4.&nbsp;&nbsp;&nbsp; &nbsp;&nbsp;&nbsp;&nbsp; Martinsk\u00e9 dni imunol\u00f3gie \u2013 Martin<\/p>\n\n\n\n<p>24.4.&nbsp;&nbsp;&nbsp;&nbsp;&nbsp;&nbsp;&nbsp;&nbsp;&nbsp;&nbsp;&nbsp;&nbsp; &nbsp;&nbsp;&nbsp;&nbsp;&nbsp;&nbsp; De\u0148 prim\u00e1rnych imunodeficienci\u00ed &#8211; Bratislava<\/p>\n\n\n\n<p>10.5-11.5.&nbsp;&nbsp;&nbsp;&nbsp; &nbsp;&nbsp;&nbsp;&nbsp;&nbsp; XXIII.setk\u00e1n\u00ed l\u00e9ka\u0159u \u010cR a&nbsp;SR v&nbsp;Litomy\u0161li<\/p>\n\n\n\n<p>24.5.-25.5&nbsp;&nbsp;&nbsp;&nbsp; &nbsp;&nbsp;&nbsp;&nbsp;&nbsp; Ro\u017enovsk\u00e9 dny alergologie a&nbsp;klinick\u00e9 imunol\u00f3gie &#8211; Ro\u017enov pod Radho\u0161t\u011bm<\/p>\n\n\n\n<p>31.5.-3.6.&nbsp;&nbsp;&nbsp;&nbsp; &nbsp;&nbsp;&nbsp;&nbsp;&nbsp;&nbsp; Kongres EAACI \u2013 Valencia (\u0160panielsko)<\/p>\n\n\n\n<p>16.8.&nbsp;&nbsp;&nbsp;&nbsp;&nbsp;&nbsp;&nbsp;&nbsp;&nbsp;&nbsp;&nbsp;&nbsp;&nbsp;&nbsp;&nbsp;&nbsp;&nbsp;&nbsp;&nbsp; Zasadnutie v\u00fdboru SSAKI<\/p>\n\n\n\n<p>16.8.-17.8.&nbsp;&nbsp;&nbsp;&nbsp;&nbsp;&nbsp;&nbsp;&nbsp; Letn\u00e1 \u0161kola imunol\u00f3gie-Malat\u00edny<\/p>\n\n\n\n<p>9.10.-12.10.&nbsp; &nbsp;&nbsp;&nbsp;&nbsp; 41.kongres \u010cSAKI a&nbsp;SSAKI-Hradec Kr\u00e1lov\u00e9, \u010cR<\/p>\n\n\n\n<p>22.11.-23.11.&nbsp; &nbsp;&nbsp; Medif\u00f3rum &#8211; Doln\u00fd Kub\u00edn<\/p>\n\n\n\n<p>5.12.-7.12.&nbsp;&nbsp;&nbsp;&nbsp;&nbsp;&nbsp; &nbsp; Zasadnutie v\u00fdboru SSAKI<\/p>\n\n\n\n<p>Zap\u00edsala M. Schvalbov\u00e1     Skontroloval M. Jese\u0148\u00e1k<\/p>\n\r\n","protected":false},"excerpt":{"rendered":"<p>Z\u00e1pisnica zo zasadnutia V\u00fdboru SSAKI a&nbsp;Poradn\u00e9ho zboru hlavn\u00e9ho odborn\u00edka MZ SR 8.12.2023, Terchov\u00e1 Pr\u00edtomn\u00ed: \u010ci\u017en\u00e1r, Hadvabov\u00e1, Hlinka, Hochmuth, Hrubi\u0161ko, Jese\u0148\u00e1k, Ko\u0161turiak, Koss\u00e1rov\u00e1, Lap\u0161ansk\u00e1, Mikler, Petriskov\u00e1, Pru\u017einec, Schvalbov\u00e1, Smie\u0161kov\u00e1 I. Otvorenie zasadnutia a zhrnutie \u010dinnosti&#46;&#46;&#46;<\/p>\n","protected":false},"author":1,"featured_media":0,"parent":0,"menu_order":0,"comment_status":"closed","ping_status":"closed","template":"","meta":{"footnotes":""},"class_list":["post-3916618","page","type-page","status-publish","hentry"],"yoast_head":"<!-- This site is optimized with the Yoast SEO plugin v26.8 - https:\/\/yoast.com\/product\/yoast-seo-wordpress\/ -->\n<title>Zo z\u00e1pisnice z 8.12.2023 - Slovensk\u00e1 spolo\u010dnos\u0165 alergol\u00f3gie a klinickej imunol\u00f3gie<\/title>\n<meta name=\"description\" content=\"Sme odborn\u00e1 splo\u010dnos\u0165, ktor\u00e1 zdru\u017euje klinick\u00fdch imunol\u00f3gov a alergol\u00f3gov, ako aj in\u00fdch odborn\u00edkov so z\u00e1ujmom o tento odbor. Na\u0161a spolo\u010dnos\u0165 je hlavn\u00fdm organiz\u00e1torom kontunu\u00e1lneho vzdel\u00e1vania v tomto odbore na Slovensku.\" \/>\n<meta name=\"robots\" content=\"index, follow, max-snippet:-1, max-image-preview:large, max-video-preview:-1\" \/>\n<link rel=\"canonical\" href=\"https:\/\/www.ssaki.eu\/?page_id=3916618\" \/>\n<meta property=\"og:locale\" content=\"sk_SK\" \/>\n<meta property=\"og:type\" content=\"article\" \/>\n<meta property=\"og:title\" content=\"Zo z\u00e1pisnice z 8.12.2023 - Slovensk\u00e1 spolo\u010dnos\u0165 alergol\u00f3gie a klinickej imunol\u00f3gie\" \/>\n<meta property=\"og:description\" content=\"Sme odborn\u00e1 splo\u010dnos\u0165, ktor\u00e1 zdru\u017euje klinick\u00fdch imunol\u00f3gov a alergol\u00f3gov, ako aj in\u00fdch odborn\u00edkov so z\u00e1ujmom o tento odbor. Na\u0161a spolo\u010dnos\u0165 je hlavn\u00fdm organiz\u00e1torom kontunu\u00e1lneho vzdel\u00e1vania v tomto odbore na Slovensku.\" \/>\n<meta property=\"og:url\" content=\"https:\/\/www.ssaki.eu\/?page_id=3916618\" \/>\n<meta property=\"og:site_name\" content=\"Slovensk\u00e1 spolo\u010dnos\u0165 alergol\u00f3gie a klinickej imunol\u00f3gie\" \/>\n<meta property=\"article:publisher\" content=\"https:\/\/www.facebook.com\/alergologoviaimunologoviaSK\" \/>\n<meta property=\"article:modified_time\" content=\"2023-12-14T17:01:34+00:00\" \/>\n<meta property=\"og:image\" content=\"https:\/\/www.ssaki.eu\/wp-content\/uploads\/2021\/01\/STOP_COVID_SSAKI-e1609772027682.png\" \/>\n\t<meta property=\"og:image:width\" content=\"640\" \/>\n\t<meta property=\"og:image:height\" content=\"360\" \/>\n\t<meta property=\"og:image:type\" content=\"image\/png\" \/>\n<meta name=\"twitter:card\" content=\"summary_large_image\" \/>\n<meta name=\"twitter:label1\" content=\"Predpokladan\u00fd \u010das \u010d\u00edtania\" \/>\n\t<meta name=\"twitter:data1\" content=\"2 min\u00faty\" \/>\n<script type=\"application\/ld+json\" class=\"yoast-schema-graph\">{\"@context\":\"https:\/\/schema.org\",\"@graph\":[{\"@type\":[\"WebPage\",\"MedicalWebPage\"],\"@id\":\"https:\/\/www.ssaki.eu\/?page_id=3916618\",\"url\":\"https:\/\/www.ssaki.eu\/?page_id=3916618\",\"name\":\"Zo z\u00e1pisnice z 8.12.2023 - Slovensk\u00e1 spolo\u010dnos\u0165 alergol\u00f3gie a klinickej imunol\u00f3gie\",\"isPartOf\":{\"@id\":\"https:\/\/www.ssaki.eu\/#website\"},\"datePublished\":\"2023-12-13T19:22:56+00:00\",\"dateModified\":\"2023-12-14T17:01:34+00:00\",\"description\":\"Sme odborn\u00e1 splo\u010dnos\u0165, ktor\u00e1 zdru\u017euje klinick\u00fdch imunol\u00f3gov a alergol\u00f3gov, ako aj in\u00fdch odborn\u00edkov so z\u00e1ujmom o tento odbor. Na\u0161a spolo\u010dnos\u0165 je hlavn\u00fdm organiz\u00e1torom kontunu\u00e1lneho vzdel\u00e1vania v tomto odbore na Slovensku.\",\"breadcrumb\":{\"@id\":\"https:\/\/www.ssaki.eu\/?page_id=3916618#breadcrumb\"},\"inLanguage\":\"sk-SK\",\"potentialAction\":[{\"@type\":\"ReadAction\",\"target\":[\"https:\/\/www.ssaki.eu\/?page_id=3916618\"]}]},{\"@type\":\"BreadcrumbList\",\"@id\":\"https:\/\/www.ssaki.eu\/?page_id=3916618#breadcrumb\",\"itemListElement\":[{\"@type\":\"ListItem\",\"position\":1,\"name\":\"Domovsk\u00e1 str\u00e1nka\",\"item\":\"https:\/\/www.ssaki.eu\/\"},{\"@type\":\"ListItem\",\"position\":2,\"name\":\"Zo z\u00e1pisnice z 8.12.2023\"}]},{\"@type\":\"WebSite\",\"@id\":\"https:\/\/www.ssaki.eu\/#website\",\"url\":\"https:\/\/www.ssaki.eu\/\",\"name\":\"Slovensk\u00e1 spolo\u010dnos\u0165 alergol\u00f3gie a klinickej imunol\u00f3gie\",\"description\":\"\",\"publisher\":{\"@id\":\"https:\/\/www.ssaki.eu\/#organization\"},\"potentialAction\":[{\"@type\":\"SearchAction\",\"target\":{\"@type\":\"EntryPoint\",\"urlTemplate\":\"https:\/\/www.ssaki.eu\/?s={search_term_string}\"},\"query-input\":{\"@type\":\"PropertyValueSpecification\",\"valueRequired\":true,\"valueName\":\"search_term_string\"}}],\"inLanguage\":\"sk-SK\"},{\"@type\":\"Organization\",\"@id\":\"https:\/\/www.ssaki.eu\/#organization\",\"name\":\"Slovensk\u00e1 spolo\u010dnos\u0165 alergol\u00f3gie a klinickej imunol\u00f3gie\",\"url\":\"https:\/\/www.ssaki.eu\/\",\"logo\":{\"@type\":\"ImageObject\",\"inLanguage\":\"sk-SK\",\"@id\":\"https:\/\/www.ssaki.eu\/#\/schema\/logo\/image\/\",\"url\":\"https:\/\/www.ssaki.eu\/wp-content\/uploads\/2021\/01\/LOGO-1.png\",\"contentUrl\":\"https:\/\/www.ssaki.eu\/wp-content\/uploads\/2021\/01\/LOGO-1.png\",\"width\":1280,\"height\":720,\"caption\":\"Slovensk\u00e1 spolo\u010dnos\u0165 alergol\u00f3gie a klinickej imunol\u00f3gie\"},\"image\":{\"@id\":\"https:\/\/www.ssaki.eu\/#\/schema\/logo\/image\/\"},\"sameAs\":[\"https:\/\/www.facebook.com\/alergologoviaimunologoviaSK\"]}]}<\/script>\n<!-- \/ Yoast SEO plugin. -->","yoast_head_json":{"title":"Zo z\u00e1pisnice z 8.12.2023 - Slovensk\u00e1 spolo\u010dnos\u0165 alergol\u00f3gie a klinickej imunol\u00f3gie","description":"Sme odborn\u00e1 splo\u010dnos\u0165, ktor\u00e1 zdru\u017euje klinick\u00fdch imunol\u00f3gov a alergol\u00f3gov, ako aj in\u00fdch odborn\u00edkov so z\u00e1ujmom o tento odbor. Na\u0161a spolo\u010dnos\u0165 je hlavn\u00fdm organiz\u00e1torom kontunu\u00e1lneho vzdel\u00e1vania v tomto odbore na Slovensku.","robots":{"index":"index","follow":"follow","max-snippet":"max-snippet:-1","max-image-preview":"max-image-preview:large","max-video-preview":"max-video-preview:-1"},"canonical":"https:\/\/www.ssaki.eu\/?page_id=3916618","og_locale":"sk_SK","og_type":"article","og_title":"Zo z\u00e1pisnice z 8.12.2023 - Slovensk\u00e1 spolo\u010dnos\u0165 alergol\u00f3gie a klinickej imunol\u00f3gie","og_description":"Sme odborn\u00e1 splo\u010dnos\u0165, ktor\u00e1 zdru\u017euje klinick\u00fdch imunol\u00f3gov a alergol\u00f3gov, ako aj in\u00fdch odborn\u00edkov so z\u00e1ujmom o tento odbor. Na\u0161a spolo\u010dnos\u0165 je hlavn\u00fdm organiz\u00e1torom kontunu\u00e1lneho vzdel\u00e1vania v tomto odbore na Slovensku.","og_url":"https:\/\/www.ssaki.eu\/?page_id=3916618","og_site_name":"Slovensk\u00e1 spolo\u010dnos\u0165 alergol\u00f3gie a klinickej imunol\u00f3gie","article_publisher":"https:\/\/www.facebook.com\/alergologoviaimunologoviaSK","article_modified_time":"2023-12-14T17:01:34+00:00","og_image":[{"width":640,"height":360,"url":"https:\/\/www.ssaki.eu\/wp-content\/uploads\/2021\/01\/STOP_COVID_SSAKI-e1609772027682.png","type":"image\/png"}],"twitter_card":"summary_large_image","twitter_misc":{"Predpokladan\u00fd \u010das \u010d\u00edtania":"2 min\u00faty"},"schema":{"@context":"https:\/\/schema.org","@graph":[{"@type":["WebPage","MedicalWebPage"],"@id":"https:\/\/www.ssaki.eu\/?page_id=3916618","url":"https:\/\/www.ssaki.eu\/?page_id=3916618","name":"Zo z\u00e1pisnice z 8.12.2023 - Slovensk\u00e1 spolo\u010dnos\u0165 alergol\u00f3gie a klinickej imunol\u00f3gie","isPartOf":{"@id":"https:\/\/www.ssaki.eu\/#website"},"datePublished":"2023-12-13T19:22:56+00:00","dateModified":"2023-12-14T17:01:34+00:00","description":"Sme odborn\u00e1 splo\u010dnos\u0165, ktor\u00e1 zdru\u017euje klinick\u00fdch imunol\u00f3gov a alergol\u00f3gov, ako aj in\u00fdch odborn\u00edkov so z\u00e1ujmom o tento odbor. Na\u0161a spolo\u010dnos\u0165 je hlavn\u00fdm organiz\u00e1torom kontunu\u00e1lneho vzdel\u00e1vania v tomto odbore na Slovensku.","breadcrumb":{"@id":"https:\/\/www.ssaki.eu\/?page_id=3916618#breadcrumb"},"inLanguage":"sk-SK","potentialAction":[{"@type":"ReadAction","target":["https:\/\/www.ssaki.eu\/?page_id=3916618"]}]},{"@type":"BreadcrumbList","@id":"https:\/\/www.ssaki.eu\/?page_id=3916618#breadcrumb","itemListElement":[{"@type":"ListItem","position":1,"name":"Domovsk\u00e1 str\u00e1nka","item":"https:\/\/www.ssaki.eu\/"},{"@type":"ListItem","position":2,"name":"Zo z\u00e1pisnice z 8.12.2023"}]},{"@type":"WebSite","@id":"https:\/\/www.ssaki.eu\/#website","url":"https:\/\/www.ssaki.eu\/","name":"Slovensk\u00e1 spolo\u010dnos\u0165 alergol\u00f3gie a klinickej imunol\u00f3gie","description":"","publisher":{"@id":"https:\/\/www.ssaki.eu\/#organization"},"potentialAction":[{"@type":"SearchAction","target":{"@type":"EntryPoint","urlTemplate":"https:\/\/www.ssaki.eu\/?s={search_term_string}"},"query-input":{"@type":"PropertyValueSpecification","valueRequired":true,"valueName":"search_term_string"}}],"inLanguage":"sk-SK"},{"@type":"Organization","@id":"https:\/\/www.ssaki.eu\/#organization","name":"Slovensk\u00e1 spolo\u010dnos\u0165 alergol\u00f3gie a klinickej imunol\u00f3gie","url":"https:\/\/www.ssaki.eu\/","logo":{"@type":"ImageObject","inLanguage":"sk-SK","@id":"https:\/\/www.ssaki.eu\/#\/schema\/logo\/image\/","url":"https:\/\/www.ssaki.eu\/wp-content\/uploads\/2021\/01\/LOGO-1.png","contentUrl":"https:\/\/www.ssaki.eu\/wp-content\/uploads\/2021\/01\/LOGO-1.png","width":1280,"height":720,"caption":"Slovensk\u00e1 spolo\u010dnos\u0165 alergol\u00f3gie a klinickej imunol\u00f3gie"},"image":{"@id":"https:\/\/www.ssaki.eu\/#\/schema\/logo\/image\/"},"sameAs":["https:\/\/www.facebook.com\/alergologoviaimunologoviaSK"]}]}},"_links":{"self":[{"href":"https:\/\/www.ssaki.eu\/index.php?rest_route=\/wp\/v2\/pages\/3916618","targetHints":{"allow":["GET"]}}],"collection":[{"href":"https:\/\/www.ssaki.eu\/index.php?rest_route=\/wp\/v2\/pages"}],"about":[{"href":"https:\/\/www.ssaki.eu\/index.php?rest_route=\/wp\/v2\/types\/page"}],"author":[{"embeddable":true,"href":"https:\/\/www.ssaki.eu\/index.php?rest_route=\/wp\/v2\/users\/1"}],"replies":[{"embeddable":true,"href":"https:\/\/www.ssaki.eu\/index.php?rest_route=%2Fwp%2Fv2%2Fcomments&post=3916618"}],"version-history":[{"count":2,"href":"https:\/\/www.ssaki.eu\/index.php?rest_route=\/wp\/v2\/pages\/3916618\/revisions"}],"predecessor-version":[{"id":3916628,"href":"https:\/\/www.ssaki.eu\/index.php?rest_route=\/wp\/v2\/pages\/3916618\/revisions\/3916628"}],"wp:attachment":[{"href":"https:\/\/www.ssaki.eu\/index.php?rest_route=%2Fwp%2Fv2%2Fmedia&parent=3916618"}],"curies":[{"name":"wp","href":"https:\/\/api.w.org\/{rel}","templated":true}]}}