{"id":3916672,"date":"2024-03-20T22:23:30","date_gmt":"2024-03-20T20:23:30","guid":{"rendered":"https:\/\/www.ssaki.eu\/?page_id=3916672"},"modified":"2024-03-20T22:23:31","modified_gmt":"2024-03-20T20:23:31","slug":"zo-zapisnice-z-15-3-2024","status":"publish","type":"page","link":"https:\/\/www.ssaki.eu\/?page_id=3916672","title":{"rendered":"Zo z\u00e1pisnice z 15.3.2024"},"content":{"rendered":"\n<p>Z\u00e1pisnica zo zasadnutia V\u00fdboru SSAKI a Poradn\u00e9ho zboru hlavn\u00e9ho odborn\u00edka MZ SR<\/p>\n\n\n\n<p>15.3.2024 &#8211; Tren\u010diansk\u00e9 Teplice<\/p>\n\n\n\n<p>Pr\u00edtomn\u00ed: \u010ci\u017en\u00e1r, Hadvabov\u00e1, Hlinka, Hochmuth, Hrubi\u0161ko, Jese\u0148\u00e1k, Ko\u0161turiak, Koss\u00e1rov\u00e1, Mikler, Petriskov\u00e1, Pru\u017einec, Smie\u0161kov\u00e1, Schvalbov\u00e1<\/p>\n\n\n\n<p>Ospravedlnen\u00ed: Lap\u0161ansk\u00e1<\/p>\n\n\n\n<p>I. Otvorenie zasadnutia a zhrnutie \u010dinnosti medzi zasadnutiami (Jese\u0148\u00e1k, Pru\u017einec)<\/p>\n\n\n\n<p>II. Program zasadnutia<\/p>\n\n\n\n<ul class=\"wp-block-list\">\n<li>V\u00fdbor sa venoval pr\u00edprave a \u010dasov\u00e9mu pl\u00e1nu tvorby \u0160OP pre AIT. V\u0161eobecn\u00e1 \u010das\u0165 dokumentu je vypracovan\u00e1. Vzh\u013eadom k tomu, \u017ee o\u010dak\u00e1vame zmeny v dostupnosti a vekov\u00fdch indik\u00e1ci\u00e1ch niektor\u00fdch pr\u00edpravkov, \u0161peci\u00e1lnu \u010das\u0165 je potrebn\u00e9 aktualizova\u0165. Term\u00edny: zasadnutie v\u00fdboru august 2024, zodpovedn\u00fd: R. Ko\u0161turiak<\/li>\n\n\n\n<li>V\u00fdbor sa venoval \u0160OP u pacientov po transplant\u00e1cii krvotvorn\u00fdch buniek a o\u010dkovanie pri lie\u010dbe inhib\u00edtormi komplementu. Aktu\u00e1lne vznikli dve o\u010dkovacie centr\u00e1 pre dospel\u00fdch pacientov v \u0161peci\u00e1lnych situ\u00e1ci\u00e1ch (Ko\u0161ice, Martin), bude potrebn\u00e9 dorie\u0161i\u0165 situ\u00e1ciu v Bratislave a na Z\u00e1padnom Slovensku. Pr\u00edprava \u0160OP \u2013 zodpovedn\u00fd: M. Jese\u0148\u00e1k a Pracovn\u00e1 skupina SSAKI pre o\u010dkovanie<\/li>\n\n\n\n<li>V\u00fdbor rie\u0161il kategoriz\u00e1ciu lieku Alutard &#8211; v\u010del\u00ed, os\u00ed jed, informoval P. Pru\u017einec, ktor\u00fd sa z\u00fa\u010dastnil zasadnutia Kategoriza\u010dnej komisie. Lie\u010divo sa podarilo skategorizova\u0165 bez doplatku pacienta.<\/li>\n\n\n\n<li>V\u00fdbor sa bude sna\u017ei\u0165 o zaradenie odboru KIA do reziden\u010dn\u00e9ho programu.<\/li>\n\n\n\n<li>V\u00fdbor jednohlasne podporuje iniciat\u00edvu prim\u00e1rnych pediatrov s\u00favisiacu so zabezpe\u010den\u00edm dostupnosti adrenalinov\u00e9ho pera v \u0161kolsk\u00fdch zariadeniach a bude reflektova\u0165 ot\u00e1zky zo strany MZ SR. Zopdovedn\u00fd: M. Jese\u0148\u00e1k<\/li>\n\n\n\n<li>Prebiehaj\u00fa \u010fal\u0161ie kol\u00e1 optimaliz\u00e1cie siete nemocn\u00edc (OSN) pre KIA a pediatrickej KIA, sna\u017e\u00edme sa optimalizova\u0165 podmienky pre n\u00e1\u0161 odbor.<\/li>\n\n\n\n<li>V\u00fdbor ods\u00fahlasil zmenu v pracovnej skupine pre KIA v r\u00e1mci OSN, kde o odst\u00fapenie z funkcie po\u017eiadal Lud\u011bk Hochmuth a nahrad\u00ed ho MUDr. K. Hrubi\u0161kov\u00e1 z UNB.<\/li>\n\n\n\n<li>V\u00fdbor ods\u00fahlasil zmenu na poste predsedn\u00ed\u010dky pracovnej skupiny pre tvorbu Katal\u00f3gu zdravotn\u00fdch v\u00fdkonov pre odbor KIA SVLZ. MZ SR akceptovalo n\u00e1vrh v\u00fdboru SSAKI na vymenovanie Eleny Tibenskej za predsedu pracovnej skupiny, za z\u00e1stupcu predsedu bola menovan\u00e1 Stanislava Bla\u017e\u00ed\u010dkov\u00e1 a piatym \u010dlenom komisie sa st\u00e1va Danica \u0160evcov\u00e1.<\/li>\n\n\n\n<li>D\u0148a 11. 3. 2024 sa uskuto\u010dnilo stretnutie pr\u00edpravn\u00e9ho v\u00fdboru laborat\u00f3rnej sekcie SSAKI s Ing. Czocherom. Na stretnut\u00ed bola diskutovan\u00e1 eur\u00f3pska smernica IVDR s oh\u013eadom na potreby laborat\u00f3ri\u00ed KIA. V\u00fdstupom zo stretnutia bude vypracovanie z\u00e1kladn\u00fdch dokumentov, ktor\u00e9 v pr\u00edpade z\u00e1ujmu bud\u00fa (nez\u00e1v\u00e4zn\u00fdm) usmernen\u00edm pre laborat\u00f3ri\u00e1 KIA pre splnenie po\u017eiadaviek smernice IVDR.<\/li>\n\n\n\n<li>V\u00fdbor bol osloven\u00fd pr\u00e1vnickou kancel\u00e1riou H&amp;H v ot\u00e1zkach spolupr\u00e1ce. V\u00fdbor odklad\u00e1 rozhodnutie do obozn\u00e1menia sa s ponukou ka\u017ed\u00fdm \u010dlenom v\u00fdboru a perspekt\u00edvou rie\u0161enia a\u017e v \u010fal\u0161om roku po zvolen\u00ed nov\u00e9ho v\u00fdboru SSAKI.<\/li>\n\n\n\n<li>Svetlana Hadvabov\u00e1 informovala o uskuto\u010dnen\u00ed 15 \u010dast\u00ed Akad\u00e9mie sestier, v\u00fdbor ocenil jej \u00fasilie, ktor\u00e9 vyvinula pri tejto pr\u00ednosnej eduka\u010dnej aktivite s vysokou sledovanos\u0165ou. Z\u00e1rove\u0148 sa v\u00fdbor SSAKI zhodol na potrebe pokra\u010dovania tejto formy aktivity vzdel\u00e1vania sestier v odbore KIA.<\/li>\n\n\n\n<li>Str\u00e1nka SSAKI \u2013 alergologovia_a_imunologovia na Instagrame presiahla 17 000 followerov.<\/li>\n<\/ul>\n\n\n\n<p>III. Term\u00edny odborn\u00fdch akci\u00ed na rok 2024<\/p>\n\n\n\n<p>17.4.-19.4. Martinsk\u00e9 dni imunol\u00f3gie \u2013 Martin<br>24.4. Symp\u00f3zium o prim\u00e1rnych imunodeficienci\u00e1ch &#8211; Bratislava<br>10.5-11.5. XXIII. setk\u00e1n\u00ed l\u00e9ka\u0159u \u010cR a SR v Litomy\u0161li<br>24.5.-25.5 Ro\u017enovsk\u00e9 dny alergologie a klinick\u00e9 imunol\u00f3gie &#8211; Ro\u017enov pod Radho\u0161t\u011bm<br>31.5.-3.6. Kongres EAACI \u2013 Valencia (\u0160panielsko)<br>12.6.-14.6. Bardejovsk\u00e9 pneumologick\u00e9 dni<br>21.6. Zasadnutie V\u00fdboru SSAKI &#8211; Liptovsk\u00fd Hr\u00e1dok<br>16.8. Zasadnutie v\u00fdboru SSAKI &#8211; Malat\u00edny<br>16.8.-17.8. Letn\u00e1 \u0161kola imunol\u00f3gie &#8211; Malat\u00edny<br>9.10.-12.10. 41.kongres \u010cSAKI a SSAKI &#8211; Hradec Kr\u00e1lov\u00e9<br>22.11.-23.11. Medif\u00f3rum &#8211; Martin<br>6.12. Zasadnutie nov\u00e9ho v\u00fdboru SSAKI &#8211; Terchov\u00e1<\/p>\n\n\n\n<p>Term\u00edny odborn\u00fdch akci\u00ed na rok 2025<\/p>\n\n\n\n<ol class=\"wp-block-list\" start=\"14\">\n<li>&#8211; 15. 2. Workshop.<br>14.-15.3. 13. burza imunodeficienci\u00ed &#8211; Vr\u0161atec<br>2.4.-4.4. Martinsk\u00e9 dni imunol\u00f3gie-Martin<br>23.4. Symp\u00f3zium o prim\u00e1rnych imunodeficienci\u00e1ch &#8211; Bratislava<\/li>\n<\/ol>\n\n\n\n<p>III. Pr\u00edprava volieb do V\u00fdboru a rev\u00edznej komisie SSAKI<\/p>\n\n\n\n<ul class=\"wp-block-list\">\n<li>rozoslanie hlasovac\u00edch l\u00edstkov \u010dlenom SSAKI SLS \u2013 okt\u00f3rber 2024<\/li>\n\n\n\n<li>zlo\u017eenie volebnej komisie &#8211; Ondri\u0161ov\u00e1, Cinge\u013eov\u00e1, Petrovi\u010dov\u00e1<\/li>\n<\/ul>\n\n\n\n<p>Zap\u00edsala M. Schvalbov\u00e1, korigoval a doplnil M. Jese\u0148\u00e1k.<\/p>\n\r\n","protected":false},"excerpt":{"rendered":"<p>Z\u00e1pisnica zo zasadnutia V\u00fdboru SSAKI a Poradn\u00e9ho zboru hlavn\u00e9ho odborn\u00edka MZ SR 15.3.2024 &#8211; Tren\u010diansk\u00e9 Teplice Pr\u00edtomn\u00ed: \u010ci\u017en\u00e1r, Hadvabov\u00e1, Hlinka, Hochmuth, Hrubi\u0161ko, Jese\u0148\u00e1k, Ko\u0161turiak, Koss\u00e1rov\u00e1, Mikler, Petriskov\u00e1, Pru\u017einec, Smie\u0161kov\u00e1, Schvalbov\u00e1 Ospravedlnen\u00ed: Lap\u0161ansk\u00e1 I. Otvorenie&#46;&#46;&#46;<\/p>\n","protected":false},"author":1,"featured_media":0,"parent":0,"menu_order":0,"comment_status":"closed","ping_status":"closed","template":"","meta":{"footnotes":""},"class_list":["post-3916672","page","type-page","status-publish","hentry"],"yoast_head":"<!-- This site is optimized with the Yoast SEO plugin v27.3 - https:\/\/yoast.com\/product\/yoast-seo-wordpress\/ -->\n<title>Zo z\u00e1pisnice z 15.3.2024 - Slovensk\u00e1 spolo\u010dnos\u0165 alergol\u00f3gie a klinickej imunol\u00f3gie<\/title>\n<meta name=\"description\" content=\"Sme odborn\u00e1 splo\u010dnos\u0165, ktor\u00e1 zdru\u017euje klinick\u00fdch imunol\u00f3gov a alergol\u00f3gov, ako aj in\u00fdch odborn\u00edkov so z\u00e1ujmom o tento odbor. Na\u0161a spolo\u010dnos\u0165 je hlavn\u00fdm organiz\u00e1torom kontunu\u00e1lneho vzdel\u00e1vania v tomto odbore na Slovensku.\" \/>\n<meta name=\"robots\" content=\"index, follow, max-snippet:-1, max-image-preview:large, max-video-preview:-1\" \/>\n<link rel=\"canonical\" href=\"https:\/\/www.ssaki.eu\/?page_id=3916672\" \/>\n<meta property=\"og:locale\" content=\"sk_SK\" \/>\n<meta property=\"og:type\" content=\"article\" \/>\n<meta property=\"og:title\" content=\"Zo z\u00e1pisnice z 15.3.2024 - Slovensk\u00e1 spolo\u010dnos\u0165 alergol\u00f3gie a klinickej imunol\u00f3gie\" \/>\n<meta property=\"og:description\" content=\"Sme odborn\u00e1 splo\u010dnos\u0165, ktor\u00e1 zdru\u017euje klinick\u00fdch imunol\u00f3gov a alergol\u00f3gov, ako aj in\u00fdch odborn\u00edkov so z\u00e1ujmom o tento odbor. Na\u0161a spolo\u010dnos\u0165 je hlavn\u00fdm organiz\u00e1torom kontunu\u00e1lneho vzdel\u00e1vania v tomto odbore na Slovensku.\" \/>\n<meta property=\"og:url\" content=\"https:\/\/www.ssaki.eu\/?page_id=3916672\" \/>\n<meta property=\"og:site_name\" content=\"Slovensk\u00e1 spolo\u010dnos\u0165 alergol\u00f3gie a klinickej imunol\u00f3gie\" \/>\n<meta property=\"article:publisher\" content=\"https:\/\/www.facebook.com\/alergologoviaimunologoviaSK\" \/>\n<meta property=\"article:modified_time\" content=\"2024-03-20T20:23:31+00:00\" \/>\n<meta property=\"og:image\" content=\"https:\/\/www.ssaki.eu\/wp-content\/uploads\/2021\/01\/STOP_COVID_SSAKI-e1609772027682.png\" \/>\n\t<meta property=\"og:image:width\" content=\"640\" \/>\n\t<meta property=\"og:image:height\" content=\"360\" \/>\n\t<meta property=\"og:image:type\" content=\"image\/png\" \/>\n<meta name=\"twitter:card\" content=\"summary_large_image\" \/>\n<meta name=\"twitter:label1\" content=\"Predpokladan\u00fd \u010das \u010d\u00edtania\" \/>\n\t<meta name=\"twitter:data1\" content=\"4 min\u00faty\" \/>\n<script type=\"application\/ld+json\" class=\"yoast-schema-graph\">{\"@context\":\"https:\\\/\\\/schema.org\",\"@graph\":[{\"@type\":[\"WebPage\",\"MedicalWebPage\"],\"@id\":\"https:\\\/\\\/www.ssaki.eu\\\/?page_id=3916672\",\"url\":\"https:\\\/\\\/www.ssaki.eu\\\/?page_id=3916672\",\"name\":\"Zo z\u00e1pisnice z 15.3.2024 - Slovensk\u00e1 spolo\u010dnos\u0165 alergol\u00f3gie a klinickej imunol\u00f3gie\",\"isPartOf\":{\"@id\":\"https:\\\/\\\/www.ssaki.eu\\\/#website\"},\"datePublished\":\"2024-03-20T20:23:30+00:00\",\"dateModified\":\"2024-03-20T20:23:31+00:00\",\"description\":\"Sme odborn\u00e1 splo\u010dnos\u0165, ktor\u00e1 zdru\u017euje klinick\u00fdch imunol\u00f3gov a alergol\u00f3gov, ako aj in\u00fdch odborn\u00edkov so z\u00e1ujmom o tento odbor. Na\u0161a spolo\u010dnos\u0165 je hlavn\u00fdm organiz\u00e1torom kontunu\u00e1lneho vzdel\u00e1vania v tomto odbore na Slovensku.\",\"breadcrumb\":{\"@id\":\"https:\\\/\\\/www.ssaki.eu\\\/?page_id=3916672#breadcrumb\"},\"inLanguage\":\"sk-SK\",\"potentialAction\":[{\"@type\":\"ReadAction\",\"target\":[\"https:\\\/\\\/www.ssaki.eu\\\/?page_id=3916672\"]}]},{\"@type\":\"BreadcrumbList\",\"@id\":\"https:\\\/\\\/www.ssaki.eu\\\/?page_id=3916672#breadcrumb\",\"itemListElement\":[{\"@type\":\"ListItem\",\"position\":1,\"name\":\"Domovsk\u00e1 str\u00e1nka\",\"item\":\"https:\\\/\\\/www.ssaki.eu\\\/\"},{\"@type\":\"ListItem\",\"position\":2,\"name\":\"Zo z\u00e1pisnice z 15.3.2024\"}]},{\"@type\":\"WebSite\",\"@id\":\"https:\\\/\\\/www.ssaki.eu\\\/#website\",\"url\":\"https:\\\/\\\/www.ssaki.eu\\\/\",\"name\":\"Slovensk\u00e1 spolo\u010dnos\u0165 alergol\u00f3gie a klinickej imunol\u00f3gie\",\"description\":\"\",\"publisher\":{\"@id\":\"https:\\\/\\\/www.ssaki.eu\\\/#organization\"},\"potentialAction\":[{\"@type\":\"SearchAction\",\"target\":{\"@type\":\"EntryPoint\",\"urlTemplate\":\"https:\\\/\\\/www.ssaki.eu\\\/?s={search_term_string}\"},\"query-input\":{\"@type\":\"PropertyValueSpecification\",\"valueRequired\":true,\"valueName\":\"search_term_string\"}}],\"inLanguage\":\"sk-SK\"},{\"@type\":\"Organization\",\"@id\":\"https:\\\/\\\/www.ssaki.eu\\\/#organization\",\"name\":\"Slovensk\u00e1 spolo\u010dnos\u0165 alergol\u00f3gie a klinickej imunol\u00f3gie\",\"url\":\"https:\\\/\\\/www.ssaki.eu\\\/\",\"logo\":{\"@type\":\"ImageObject\",\"inLanguage\":\"sk-SK\",\"@id\":\"https:\\\/\\\/www.ssaki.eu\\\/#\\\/schema\\\/logo\\\/image\\\/\",\"url\":\"https:\\\/\\\/www.ssaki.eu\\\/wp-content\\\/uploads\\\/2021\\\/01\\\/LOGO-1.png\",\"contentUrl\":\"https:\\\/\\\/www.ssaki.eu\\\/wp-content\\\/uploads\\\/2021\\\/01\\\/LOGO-1.png\",\"width\":1280,\"height\":720,\"caption\":\"Slovensk\u00e1 spolo\u010dnos\u0165 alergol\u00f3gie a klinickej imunol\u00f3gie\"},\"image\":{\"@id\":\"https:\\\/\\\/www.ssaki.eu\\\/#\\\/schema\\\/logo\\\/image\\\/\"},\"sameAs\":[\"https:\\\/\\\/www.facebook.com\\\/alergologoviaimunologoviaSK\"]}]}<\/script>\n<!-- \/ Yoast SEO plugin. -->","yoast_head_json":{"title":"Zo z\u00e1pisnice z 15.3.2024 - Slovensk\u00e1 spolo\u010dnos\u0165 alergol\u00f3gie a klinickej imunol\u00f3gie","description":"Sme odborn\u00e1 splo\u010dnos\u0165, ktor\u00e1 zdru\u017euje klinick\u00fdch imunol\u00f3gov a alergol\u00f3gov, ako aj in\u00fdch odborn\u00edkov so z\u00e1ujmom o tento odbor. Na\u0161a spolo\u010dnos\u0165 je hlavn\u00fdm organiz\u00e1torom kontunu\u00e1lneho vzdel\u00e1vania v tomto odbore na Slovensku.","robots":{"index":"index","follow":"follow","max-snippet":"max-snippet:-1","max-image-preview":"max-image-preview:large","max-video-preview":"max-video-preview:-1"},"canonical":"https:\/\/www.ssaki.eu\/?page_id=3916672","og_locale":"sk_SK","og_type":"article","og_title":"Zo z\u00e1pisnice z 15.3.2024 - Slovensk\u00e1 spolo\u010dnos\u0165 alergol\u00f3gie a klinickej imunol\u00f3gie","og_description":"Sme odborn\u00e1 splo\u010dnos\u0165, ktor\u00e1 zdru\u017euje klinick\u00fdch imunol\u00f3gov a alergol\u00f3gov, ako aj in\u00fdch odborn\u00edkov so z\u00e1ujmom o tento odbor. Na\u0161a spolo\u010dnos\u0165 je hlavn\u00fdm organiz\u00e1torom kontunu\u00e1lneho vzdel\u00e1vania v tomto odbore na Slovensku.","og_url":"https:\/\/www.ssaki.eu\/?page_id=3916672","og_site_name":"Slovensk\u00e1 spolo\u010dnos\u0165 alergol\u00f3gie a klinickej imunol\u00f3gie","article_publisher":"https:\/\/www.facebook.com\/alergologoviaimunologoviaSK","article_modified_time":"2024-03-20T20:23:31+00:00","og_image":[{"width":640,"height":360,"url":"https:\/\/www.ssaki.eu\/wp-content\/uploads\/2021\/01\/STOP_COVID_SSAKI-e1609772027682.png","type":"image\/png"}],"twitter_card":"summary_large_image","twitter_misc":{"Predpokladan\u00fd \u010das \u010d\u00edtania":"4 min\u00faty"},"schema":{"@context":"https:\/\/schema.org","@graph":[{"@type":["WebPage","MedicalWebPage"],"@id":"https:\/\/www.ssaki.eu\/?page_id=3916672","url":"https:\/\/www.ssaki.eu\/?page_id=3916672","name":"Zo z\u00e1pisnice z 15.3.2024 - Slovensk\u00e1 spolo\u010dnos\u0165 alergol\u00f3gie a klinickej imunol\u00f3gie","isPartOf":{"@id":"https:\/\/www.ssaki.eu\/#website"},"datePublished":"2024-03-20T20:23:30+00:00","dateModified":"2024-03-20T20:23:31+00:00","description":"Sme odborn\u00e1 splo\u010dnos\u0165, ktor\u00e1 zdru\u017euje klinick\u00fdch imunol\u00f3gov a alergol\u00f3gov, ako aj in\u00fdch odborn\u00edkov so z\u00e1ujmom o tento odbor. Na\u0161a spolo\u010dnos\u0165 je hlavn\u00fdm organiz\u00e1torom kontunu\u00e1lneho vzdel\u00e1vania v tomto odbore na Slovensku.","breadcrumb":{"@id":"https:\/\/www.ssaki.eu\/?page_id=3916672#breadcrumb"},"inLanguage":"sk-SK","potentialAction":[{"@type":"ReadAction","target":["https:\/\/www.ssaki.eu\/?page_id=3916672"]}]},{"@type":"BreadcrumbList","@id":"https:\/\/www.ssaki.eu\/?page_id=3916672#breadcrumb","itemListElement":[{"@type":"ListItem","position":1,"name":"Domovsk\u00e1 str\u00e1nka","item":"https:\/\/www.ssaki.eu\/"},{"@type":"ListItem","position":2,"name":"Zo z\u00e1pisnice z 15.3.2024"}]},{"@type":"WebSite","@id":"https:\/\/www.ssaki.eu\/#website","url":"https:\/\/www.ssaki.eu\/","name":"Slovensk\u00e1 spolo\u010dnos\u0165 alergol\u00f3gie a klinickej imunol\u00f3gie","description":"","publisher":{"@id":"https:\/\/www.ssaki.eu\/#organization"},"potentialAction":[{"@type":"SearchAction","target":{"@type":"EntryPoint","urlTemplate":"https:\/\/www.ssaki.eu\/?s={search_term_string}"},"query-input":{"@type":"PropertyValueSpecification","valueRequired":true,"valueName":"search_term_string"}}],"inLanguage":"sk-SK"},{"@type":"Organization","@id":"https:\/\/www.ssaki.eu\/#organization","name":"Slovensk\u00e1 spolo\u010dnos\u0165 alergol\u00f3gie a klinickej imunol\u00f3gie","url":"https:\/\/www.ssaki.eu\/","logo":{"@type":"ImageObject","inLanguage":"sk-SK","@id":"https:\/\/www.ssaki.eu\/#\/schema\/logo\/image\/","url":"https:\/\/www.ssaki.eu\/wp-content\/uploads\/2021\/01\/LOGO-1.png","contentUrl":"https:\/\/www.ssaki.eu\/wp-content\/uploads\/2021\/01\/LOGO-1.png","width":1280,"height":720,"caption":"Slovensk\u00e1 spolo\u010dnos\u0165 alergol\u00f3gie a klinickej imunol\u00f3gie"},"image":{"@id":"https:\/\/www.ssaki.eu\/#\/schema\/logo\/image\/"},"sameAs":["https:\/\/www.facebook.com\/alergologoviaimunologoviaSK"]}]}},"_links":{"self":[{"href":"https:\/\/www.ssaki.eu\/index.php?rest_route=\/wp\/v2\/pages\/3916672","targetHints":{"allow":["GET"]}}],"collection":[{"href":"https:\/\/www.ssaki.eu\/index.php?rest_route=\/wp\/v2\/pages"}],"about":[{"href":"https:\/\/www.ssaki.eu\/index.php?rest_route=\/wp\/v2\/types\/page"}],"author":[{"embeddable":true,"href":"https:\/\/www.ssaki.eu\/index.php?rest_route=\/wp\/v2\/users\/1"}],"replies":[{"embeddable":true,"href":"https:\/\/www.ssaki.eu\/index.php?rest_route=%2Fwp%2Fv2%2Fcomments&post=3916672"}],"version-history":[{"count":1,"href":"https:\/\/www.ssaki.eu\/index.php?rest_route=\/wp\/v2\/pages\/3916672\/revisions"}],"predecessor-version":[{"id":3916673,"href":"https:\/\/www.ssaki.eu\/index.php?rest_route=\/wp\/v2\/pages\/3916672\/revisions\/3916673"}],"wp:attachment":[{"href":"https:\/\/www.ssaki.eu\/index.php?rest_route=%2Fwp%2Fv2%2Fmedia&parent=3916672"}],"curies":[{"name":"wp","href":"https:\/\/api.w.org\/{rel}","templated":true}]}}