{"id":3916893,"date":"2024-12-18T00:21:23","date_gmt":"2024-12-17T22:21:23","guid":{"rendered":"https:\/\/www.ssaki.eu\/?page_id=3916893"},"modified":"2024-12-30T07:58:23","modified_gmt":"2024-12-30T05:58:23","slug":"zo-zapisnice-z-6-12-2024","status":"publish","type":"page","link":"https:\/\/www.ssaki.eu\/?page_id=3916893","title":{"rendered":"Zo z\u00e1pisnice z 6.12.2024"},"content":{"rendered":"\n<div class=\"wp-block-group is-vertical is-layout-flex wp-container-core-group-is-layout-8cf370e7 wp-block-group-is-layout-flex\">\n<p><strong>Z\u00e1pisnica zo zasadnutia v\u00fdboru SSAKI a&nbsp;poradn\u00e9ho zboru hlavn\u00e9ho odborn\u00edka MZ SR<\/strong> <strong>6.12.2024, Terchov\u00e1<\/strong><\/p>\n<\/div>\n\n\n\n<div class=\"wp-block-group is-vertical is-layout-flex wp-container-core-group-is-layout-8cf370e7 wp-block-group-is-layout-flex\">\n<p><strong>Pr\u00edtomn\u00ed:<\/strong> Balkov\u00e1, Bob\u010d\u00e1kov\u00e1, \u010ci\u017en\u00e1r, Hadvabov\u00e1, Hlinka, Hochmuth, Hrubi\u0161ko, Jese\u0148\u00e1k, Ko\u0161turiak, Koss\u00e1rov\u00e1, Lap\u0161ansk\u00e1, Mikler, Petriskov\u00e1, Pru\u017einec,&nbsp; Rennerov\u00e1, Smie\u0161kov\u00e1, Schvalbov\u00e1,<\/p>\n\n\n\n<p><strong>Ospravedlnen\u00e1: <\/strong>Hasi\u010dov\u00e1<\/p>\n<\/div>\n\n\n\n<div class=\"wp-block-group is-vertical is-layout-flex wp-container-core-group-is-layout-8cf370e7 wp-block-group-is-layout-flex\">\n<ol style=\"list-style-type:upper-roman\" class=\"wp-block-list\">\n<li><strong>Otvorenie zasadnutia a zhrnutie \u010dinnosti medzi zasadnutiami (Jese\u0148\u00e1k, Pru\u017einec)<\/strong><\/li>\n<\/ol>\n\n\n\n<ol start=\"2\" style=\"list-style-type:upper-roman\" class=\"wp-block-list\">\n<li><strong>Program zasadnutia<\/strong><\/li>\n<\/ol>\n<\/div>\n\n\n\n<p><strong>1. Vo\u013eby 2024-2028<\/strong><\/p>\n\n\n\n<div class=\"wp-block-group is-vertical is-layout-flex wp-container-core-group-is-layout-8cf370e7 wp-block-group-is-layout-flex\">\n<p>Po\u010fakovanie funk\u010dne akt\u00edvnym \u010dlenom b\u00fdval\u00e9ho v\u00fdboru, osobitn\u00e9 po\u010fakovanie odch\u00e1dzaj\u00facim \u010dlenom v\u00fdboru za ich v\u00fdznamn\u00fd pr\u00ednos vo fungovan\u00ed v\u00fdboru na\u0161ej odbornej spolo\u010dnosti.<\/p>\n\n\n\n<p>V\u00fdbor vyhodnotil priebeh volieb a&nbsp;dohodol sa, \u017ee v&nbsp;bud\u00facnosti v&nbsp;z\u00e1ujme zlep\u0161enia pru\u017enosti a&nbsp;\u00fa\u010dasti na vo\u013eb\u00e1ch bud\u00fa voli\u010dom zasielan\u00e9 ob\u00e1lky s&nbsp;ozna\u010den\u00edm \u201ePo\u0161tovn\u00e9 hrad\u00ed prij\u00edmate\u013e\u201c.<\/p>\n\n\n\n<p>Uvedenie v\u00fdsledkov volieb do V\u00fdboru SSAKI a&nbsp;dozornej rady na volebn\u00e9 obdobie od 20.11.2024 do 4.12.2028.<\/p>\n\n\n\n<p>Z\u00e1pisnica zo zasadnutia volebnej komisie bude zverejnen\u00e1 na <a href=\"http:\/\/www.ssaki.eu\">www.ssaki.eu<\/a><\/p>\n\n\n\n<p>Vo\u013eby predsedu &nbsp;dozornej rady v\u00fdboru SSAKI:<\/p>\n\n\n\n<p>Predsedn\u00ed\u010dkou dozornej rady sa stala Zuzana Rennerov\u00e1.<\/p>\n\n\n\n<p>Vo\u013eby vedenia v\u00fdboru SSAKI:<\/p>\n\n\n\n<p>Celkovo bolo odovzdan\u00fdch 11 hlasovac\u00edch l\u00edstkov prezen\u010dne .<\/p>\n\n\n\n<p>Dozorn\u00e1 rada obozn\u00e1mila v\u00fdbor s&nbsp;nasleduj\u00facim v\u00fdsledkom:<\/p>\n\n\n\n<p>Prezident v\u00fdboru SSAKI: &nbsp;&nbsp;&nbsp;&nbsp;&nbsp;&nbsp;&nbsp;&nbsp;&nbsp;&nbsp;&nbsp;&nbsp;&nbsp;&nbsp;&nbsp;&nbsp;&nbsp; Milo\u0161 Jese\u0148\u00e1k &#8211; 10 hlasov<\/p>\n\n\n\n<p>Viceprezident v\u00fdboru SSAKI :&nbsp;&nbsp;&nbsp;&nbsp;&nbsp; &nbsp;&nbsp;&nbsp; &nbsp;&nbsp;&nbsp;&nbsp;&nbsp;&nbsp;&nbsp;&nbsp;&nbsp;&nbsp;&nbsp;&nbsp;&nbsp;&nbsp;&nbsp; Jela Petriskov\u00e1 &#8211; 10 hlasov<\/p>\n\n\n\n<p>Vedeck\u00fd sekret\u00e1r v\u00fdboru SSAKI:&nbsp;&nbsp; Peter Pru\u017einec &#8211; 10 hlasov<\/p>\n<\/div>\n\n\n\n<p><strong>&nbsp;2. Pr\u00edprava XLII. zjazdu SSAKI a&nbsp;\u010cSAKI 22.10.-25.10.2025 &#8211; Grand hotel&nbsp;&nbsp;&nbsp;&nbsp;&nbsp;&nbsp;&nbsp;&nbsp;&nbsp;&nbsp;&nbsp;&nbsp;&nbsp;<\/strong><\/p>\n\n\n\n<p><strong>&nbsp;&nbsp;&nbsp;&nbsp;&nbsp;&nbsp;&nbsp;&nbsp;&nbsp;&nbsp;&nbsp;&nbsp; Bellevue \u2013 Horn\u00fd Smokovec &#8211; Vysok\u00e9 Tatry<\/strong><\/p>\n\n\n\n<div class=\"wp-block-group is-vertical is-layout-flex wp-container-core-group-is-layout-8cf370e7 wp-block-group-is-layout-flex\">\n<p>V\u00fdbor SSAKI sa venoval pr\u00edprave odborn\u00e9ho programu kongresu a&nbsp;jeho technicko- organiza\u010dn\u00e9mu zabezpe\u010deniu&nbsp;&nbsp;&nbsp;&nbsp;&nbsp;&nbsp;&nbsp;&nbsp; (informoval Jese\u0148\u00e1k).<\/p>\n<\/div>\n\n\n\n<p><strong>T\u00e9ma &nbsp;zjazdu: Medic\u00edna d\u00f4kazov v klinickej imunol\u00f3gii a alergol\u00f3gii<\/strong><\/p>\n\n\n\n<p>Plen\u00e1rne zasadnutie \u2013 streda 22.10. so za\u010diatkom o&nbsp;15:00 hod.<\/p>\n\n\n\n<p>Predbe\u017en\u00fd&nbsp; odborn\u00fd program (nezverejnen\u00e9) :<\/p>\n\n\n\n<p>Posterov\u00e1 sekcia formou kr\u00e1tkych 3 min\u00fatov\u00fdch prezent\u00e1ci\u00ed (or\u00e1lna forma ) + prezent\u00e1cia pri obrazovke (po\u010det sekci\u00ed pod\u013ea fin\u00e1lneho po\u010dtu prihl\u00e1sen\u00fdch a&nbsp;n\u00e1sledne akceptovan\u00fdch pr\u00edspevkov)<\/p>\n\n\n\n<p><strong>T\u00e9my kongresu :<\/strong><\/p>\n\n\n\n<div class=\"wp-block-group is-vertical is-layout-flex wp-container-core-group-is-layout-8cf370e7 wp-block-group-is-layout-flex\">\n<p>1. Imunoalergol\u00f3gia v&nbsp;dermatol\u00f3gii (Pru\u017einec)<\/p>\n\n\n\n<div class=\"wp-block-group is-vertical is-layout-flex wp-container-core-group-is-layout-8cf370e7 wp-block-group-is-layout-flex\">\n<p>2. Imunomodul\u00e1cia &#8211; imunointerven\u010dn\u00e1 lie\u010dba (Ko\u0161turiak,&nbsp; Schvalbov\u00e1)<\/p>\n\n\n\n<p>3. O\u010dkovanie a&nbsp;prevencia infekci\u00ed (Jese\u0148\u00e1k)<\/p>\n\n\n\n<p>4. Vroden\u00e9 poruchy imunity (\u010ci\u017en\u00e1r, Jese\u0148\u00e1k)<\/p>\n\n\n\n<p>5. Sekund\u00e1rne imunodeficiencie (Balkov\u00e1,&nbsp; Hlinka)<\/p>\n\n\n\n<p>6. Laborat\u00f3rna diagnostika (Petriskov\u00e1)<\/p>\n\n\n\n<p>7. Transplanta\u010dn\u00e1 imunol\u00f3gia (Petriskov\u00e1)<\/p>\n\n\n\n<p>8. Liekov\u00e1 hypersenzitivita (Smie\u0161kov\u00e1. Hlinka)<\/p>\n\n\n\n<p>9. Potravinov\u00e1 alergia (Rennerov\u00e1, Kossarov\u00e1)<\/p>\n\n\n\n<p>10. Sekcia mlad\u00fdch imunoalergol\u00f3gov (Bob\u010d\u00e1kov\u00e1)<\/p>\n\n\n\n<p>11.Posterov\u00e1 sekcia (or\u00e1lna prezent\u00e1cia) (\u010ci\u017en\u00e1r, Hadvabov\u00e1)<\/p>\n\n\n\n<p>Rennerov\u00e1, Hasi\u010dov\u00e1 + pod\u013ea potreby)<\/p>\n\n\n\n<p>12. Sekcia sestier a&nbsp;zdravotn\u00edckych laborantov (Hadvabov\u00e1, Lap\u0161ansk\u00e1)<\/p>\n\n\n\n<p>13. Respira\u010dn\u00e9 alergie (Hrubi\u0161ko, Rennerov\u00e1)<\/p>\n<\/div>\n<\/div>\n\n\n\n<p><strong>T\u00e9ma postgradu\u00e1lu: Aktu\u00e1lne&nbsp; odpor\u00fa\u010dania a&nbsp;smernice&nbsp; v&nbsp;klinickej imunol\u00f3gii a&nbsp;alergol\u00f3gii<\/strong><\/p>\n\n\n\n<p><strong>&nbsp;&nbsp;&nbsp;&nbsp;&nbsp;&nbsp;&nbsp;&nbsp;&nbsp;&nbsp;&nbsp;&nbsp;&nbsp;&nbsp;&nbsp;&nbsp;&nbsp;&nbsp;&nbsp;&nbsp;&nbsp;&nbsp;&nbsp;&nbsp; <\/strong>\u010cas na prezent\u00e1ciu 10 min\u00fat, \u010das na diskusiu 5 min\u00fat<\/p>\n\n\n\n<p><strong>Term\u00edny na prihl\u00e1senie sa na :<\/strong><\/p>\n\n\n\n<div class=\"wp-block-group is-vertical is-layout-flex wp-container-core-group-is-layout-8cf370e7 wp-block-group-is-layout-flex\">\n<p>akt\u00edvnu \u00fa\u010das\u0165 do 30.6.2025<\/p>\n\n\n\n<p>pas\u00edvnu \u00fa\u010das\u0165 do 15.9.2025<\/p>\n<\/div>\n\n\n\n<p><strong>Kongresov\u00e9 poplatky:<\/strong><\/p>\n\n\n\n<div class=\"wp-block-group is-vertical is-layout-flex wp-container-core-group-is-layout-8cf370e7 wp-block-group-is-layout-flex\">\n<p>\u010dlen SSAKI\/\u010cSAKI&nbsp; do 15.9.2025&nbsp;&nbsp;&nbsp;&nbsp;&nbsp;&nbsp;&nbsp;&nbsp;&nbsp;&nbsp;&nbsp;&nbsp;&nbsp;&nbsp;&nbsp;&nbsp;&nbsp;&nbsp;&nbsp;&nbsp;&nbsp;&nbsp;&nbsp;&nbsp;&nbsp;&nbsp;&nbsp;&nbsp;&nbsp;&nbsp;&nbsp;&nbsp;&nbsp;&nbsp;&nbsp;&nbsp;&nbsp;&nbsp;&nbsp;&nbsp;&nbsp;&nbsp;&nbsp;&nbsp; &nbsp;&nbsp; &nbsp;&nbsp;&nbsp;&nbsp;&nbsp;&nbsp;&nbsp;&nbsp;&nbsp;&nbsp;&nbsp;&nbsp;&nbsp;&nbsp;&nbsp; 90 EUR<\/p>\n\n\n\n<p>\u010dlen SSAKI\/\u010cSAKI po 15.9.2025 a&nbsp;na mieste&nbsp;&nbsp;&nbsp;&nbsp;&nbsp;&nbsp;&nbsp;&nbsp;&nbsp;&nbsp;&nbsp;&nbsp;&nbsp;&nbsp;&nbsp;&nbsp;&nbsp;&nbsp;&nbsp;&nbsp;&nbsp;&nbsp;&nbsp;&nbsp; &nbsp;&nbsp;&nbsp;&nbsp;&nbsp;&nbsp;&nbsp;&nbsp;&nbsp;&nbsp;&nbsp;&nbsp;&nbsp;&nbsp; 130 EUR<\/p>\n\n\n\n<p>ne\u010dlenovia SSAKI\/\u010cSAKI&nbsp; do 15.9.2025&nbsp;&nbsp;&nbsp;&nbsp;&nbsp;&nbsp;&nbsp;&nbsp;&nbsp;&nbsp;&nbsp;&nbsp;&nbsp;&nbsp;&nbsp;&nbsp;&nbsp;&nbsp;&nbsp;&nbsp;&nbsp;&nbsp;&nbsp;&nbsp;&nbsp;&nbsp;&nbsp;&nbsp;&nbsp;&nbsp;&nbsp; &nbsp; &nbsp;&nbsp;&nbsp;&nbsp;&nbsp;&nbsp;&nbsp;&nbsp;&nbsp;&nbsp;&nbsp;&nbsp;&nbsp;&nbsp;&nbsp;&nbsp;110 EUR<\/p>\n\n\n\n<p>ne\u010dlenovia SSAKI\/\u010cSAKI po 15.9.2025 a&nbsp;na mieste&nbsp;&nbsp;&nbsp;&nbsp;&nbsp;&nbsp;&nbsp;&nbsp;&nbsp;&nbsp; &nbsp;&nbsp;&nbsp;&nbsp;&nbsp;&nbsp;&nbsp;&nbsp;&nbsp;&nbsp;&nbsp;&nbsp;&nbsp;&nbsp;&nbsp; 140 EUR<\/p>\n\n\n\n<p>1. autor prezent\u00e1cie\/posteru (okrem predn\u00e1\u0161ok podporovan\u00fdch<\/p>\n\n\n\n<p>farmaceutick\u00fdmi firmami)&nbsp;&nbsp;&nbsp;&nbsp;&nbsp; &nbsp;&nbsp;&nbsp;&nbsp; &nbsp;&nbsp;&nbsp;&nbsp;&nbsp;&nbsp;&nbsp;&nbsp;&nbsp;&nbsp;&nbsp;&nbsp;&nbsp;&nbsp;&nbsp;&nbsp;&nbsp;&nbsp;&nbsp;&nbsp;&nbsp;&nbsp;&nbsp;&nbsp;&nbsp;&nbsp;&nbsp;&nbsp;&nbsp;&nbsp;&nbsp;&nbsp;&nbsp;&nbsp;&nbsp;&nbsp;&nbsp;&nbsp;&nbsp;&nbsp;&nbsp;&nbsp;&nbsp;&nbsp;&nbsp;&nbsp;&nbsp;&nbsp;&nbsp;&nbsp;&nbsp;&nbsp;&nbsp;&nbsp;&nbsp;&nbsp;&nbsp;&nbsp;&nbsp;&nbsp;&nbsp;&nbsp;&nbsp;&nbsp;zadarmo<\/p>\n\n\n\n<p>sestra a&nbsp;laborant&nbsp;&nbsp;&nbsp;&nbsp;&nbsp;&nbsp;&nbsp;&nbsp;&nbsp;&nbsp;&nbsp;&nbsp;&nbsp;&nbsp;&nbsp;&nbsp;&nbsp;&nbsp;&nbsp;&nbsp;&nbsp;&nbsp;&nbsp;&nbsp;&nbsp;&nbsp;&nbsp;&nbsp;&nbsp;&nbsp;&nbsp;&nbsp;&nbsp;&nbsp;&nbsp;&nbsp;&nbsp;&nbsp;&nbsp;&nbsp;&nbsp;&nbsp;&nbsp;&nbsp;&nbsp;&nbsp;&nbsp;&nbsp;&nbsp;&nbsp;&nbsp;&nbsp;&nbsp;&nbsp;&nbsp;&nbsp;&nbsp;&nbsp;&nbsp;&nbsp;&nbsp;&nbsp;&nbsp;&nbsp;&nbsp;&nbsp;&nbsp;&nbsp;&nbsp;&nbsp; &nbsp;&nbsp;&nbsp;&nbsp;&nbsp;&nbsp; &nbsp;&nbsp;&nbsp;&nbsp;&nbsp;&nbsp;&nbsp;&nbsp;&nbsp;&nbsp;&nbsp;&nbsp;&nbsp;&nbsp;&nbsp;&nbsp;zadarmo<\/p>\n\n\n\n<p>\u0161tudenti&nbsp;&nbsp;&nbsp;&nbsp;&nbsp;&nbsp;&nbsp;&nbsp;&nbsp;&nbsp;&nbsp;&nbsp;&nbsp;&nbsp;&nbsp;&nbsp;&nbsp;&nbsp;&nbsp;&nbsp;&nbsp;&nbsp;&nbsp;&nbsp;&nbsp;&nbsp;&nbsp;&nbsp;&nbsp;&nbsp;&nbsp;&nbsp;&nbsp;&nbsp;&nbsp;&nbsp;&nbsp;&nbsp;&nbsp;&nbsp;&nbsp;&nbsp;&nbsp;&nbsp;&nbsp;&nbsp;&nbsp;&nbsp;&nbsp;&nbsp;&nbsp;&nbsp;&nbsp;&nbsp;&nbsp;&nbsp;&nbsp;&nbsp;&nbsp;&nbsp;&nbsp;&nbsp;&nbsp;&nbsp;&nbsp;&nbsp;&nbsp;&nbsp;&nbsp;&nbsp;&nbsp;&nbsp;&nbsp;&nbsp;&nbsp;&nbsp;&nbsp;&nbsp;&nbsp;&nbsp;&nbsp;&nbsp;&nbsp;&nbsp;&nbsp; &nbsp;&nbsp;&nbsp;&nbsp;&nbsp;&nbsp;&nbsp;&nbsp; &nbsp;&nbsp;&nbsp;&nbsp;&nbsp;&nbsp;&nbsp;&nbsp;&nbsp;&nbsp;&nbsp;&nbsp;&nbsp;&nbsp;&nbsp;&nbsp;zadarmo<\/p>\n\n\n\n<p>mlad\u00ed imunol\u00f3govia do 35 rokov (\u010dlenovia SSAKI a&nbsp;\u010cSAKI)&nbsp;&nbsp;&nbsp;&nbsp;&nbsp;&nbsp;&nbsp;&nbsp;&nbsp; zadarmo&nbsp;&nbsp;&nbsp;&nbsp;&nbsp;&nbsp;&nbsp;&nbsp;&nbsp;&nbsp;&nbsp;&nbsp;&nbsp;&nbsp;&nbsp;&nbsp;&nbsp;&nbsp;&nbsp;&nbsp;&nbsp;&nbsp;&nbsp;&nbsp;&nbsp;&nbsp;&nbsp;&nbsp;&nbsp;&nbsp;&nbsp;&nbsp;&nbsp;&nbsp;&nbsp;&nbsp;&nbsp;&nbsp;&nbsp;&nbsp;&nbsp;&nbsp;&nbsp;&nbsp;&nbsp;&nbsp;&nbsp;&nbsp;&nbsp;&nbsp;&nbsp;&nbsp;<\/p>\n\n\n\n<p>z\u00e1stupcovia nevystavuj\u00facich farmaceutick\u00fdch firiem&nbsp;&nbsp;&nbsp;&nbsp;&nbsp;&nbsp;&nbsp;&nbsp;&nbsp;&nbsp;&nbsp;&nbsp;&nbsp;&nbsp;&nbsp;&nbsp;&nbsp;&nbsp;&nbsp;&nbsp;&nbsp;&nbsp; 250 EUR<\/p>\n<\/div>\n\n\n\n<p><strong>3.R\u00f4zne<\/strong><\/p>\n\n\n\n<ul class=\"wp-block-list\">\n<li>zhodnotenie Medif\u00f3ra 2024 ako odborn\u00e9ho podujatia s&nbsp;ve\u013ek\u00fdm odborn\u00fdm pr\u00ednosom, ktor\u00e9ho kontinuita bude zachovan\u00e1 aj v&nbsp;bud\u00facnosti.<\/li>\n\n\n\n<li>\u0161\u00e9fredaktorom \u010dasopisu KIA sa stal Milo\u0161 &nbsp;Jese\u0148\u00e1k<\/li>\n\n\n\n<li>akad\u00e9mia sestier pokra\u010duje &#8211; 1-2x za semester (Hadvabov\u00e1)<\/li>\n\n\n\n<li>n\u00e1vrh ocenen\u00ed jubiluj\u00facich \u010dlenov SSAKI na rok 2025 (Schvalbov\u00e1)<\/li>\n\n\n\n<li>Messia Ljublana &nbsp;-15.-17.4.2026-predbe\u017en\u00fd n\u00e1vrh akt\u00edvnych \u00fa\u010dastn\u00edkov<\/li>\n\n\n\n<li>V\u00fdbor schv\u00e1lil \u00fahradu za spr\u00e1vu a\u00a0aktualiz\u00e1ciu web str\u00e1nky SSAKI za rok 2024 firme Medimpro s.r.o.\u00a0<\/li>\n<\/ul>\n\n\n\n<p><strong>4.Term\u00edny odborn\u00fdch podujat\u00ed na rok 2025:<\/strong><\/p>\n\n\n\n<p><strong>&nbsp; <\/strong>7.2.- 8.2.&nbsp;&nbsp;&nbsp;&nbsp;&nbsp;&nbsp;&nbsp;&nbsp;&nbsp;&nbsp;&nbsp;&nbsp;&nbsp; Akad\u00e9mia funk\u010dnej diagnostiky v&nbsp;pneumol\u00f3gii, Tren\u010d\u00edn<\/p>\n\n\n\n<div class=\"wp-block-group is-vertical is-layout-flex wp-container-core-group-is-layout-8cf370e7 wp-block-group-is-layout-flex\">\n<p>14.2.-15.2. &nbsp;&nbsp;&nbsp;&nbsp;&nbsp;&nbsp;&nbsp;&nbsp; KIA workshop &#8211; Martin<\/p>\n\n\n\n<p>21.2.-22.2. &nbsp;&nbsp;&nbsp;&nbsp;&nbsp;&nbsp;&nbsp; 4.kongres Alergologie a&nbsp;klinick\u00e9 imunologie pro praxi &#8211; Ostrava<\/p>\n\n\n\n<p>14.3.-15.3. &nbsp;&nbsp;&nbsp;&nbsp;&nbsp;&nbsp;&nbsp;&nbsp; Burza imunodeficitov &#8211; Vr\u0161atec<\/p>\n\n\n\n<p>2.4.-4.4. &nbsp;&nbsp;&nbsp;&nbsp;&nbsp;&nbsp;&nbsp;&nbsp;&nbsp;&nbsp;&nbsp;&nbsp; Martinsk\u00e9 dni imunol\u00f3gie &#8211; Martin<\/p>\n\n\n\n<p>16.5.-17.5.&nbsp;&nbsp;&nbsp;&nbsp;&nbsp;&nbsp;&nbsp;&nbsp;&nbsp;&nbsp; Setk\u00e1ni l\u00e9ka\u0159u \u010cR a&nbsp;SR v Litomy\u0161li<\/p>\n\n\n\n<p>22.5.-24.5.&nbsp;&nbsp;&nbsp;&nbsp;&nbsp;&nbsp;&nbsp;&nbsp; zasadnutie v\u00fdboru SSAKI &#8211; Val\u010da<\/p>\n\n\n\n<p>30.5.-31.5.&nbsp;&nbsp;&nbsp;&nbsp;&nbsp;&nbsp;&nbsp;&nbsp;&nbsp; XXVIII. Ro\u017enovsk\u00e9 dny alergologie a&nbsp;klinick\u00e9 imunologie<\/p>\n\n\n\n<p>13.6.-16.6.&nbsp;&nbsp;&nbsp;&nbsp;&nbsp;&nbsp;&nbsp;&nbsp;&nbsp; EAACI Congress \u2013 Glasgow, \u0160k\u00f3tsko<\/p>\n\n\n\n<p>7.-9.8.&nbsp;&nbsp;&nbsp;&nbsp;&nbsp;&nbsp;&nbsp;&nbsp;&nbsp;&nbsp;&nbsp;&nbsp;&nbsp;&nbsp;&nbsp;&nbsp;&nbsp; Letn\u00e1 \u0161kola imunol\u00f3gie &#8211; Malat\u00edny+ zasadnutie V\u00fdboru SSAKI-doplni\u0165<\/p>\n\n\n\n<p>5.9.-6.9.&nbsp;&nbsp;&nbsp;&nbsp;&nbsp;&nbsp;&nbsp;&nbsp;&nbsp;&nbsp;&nbsp;&nbsp;&nbsp; Symp\u00f3zium ALK &#8211; T\u00e1le<\/p>\n\n\n\n<p>19.9.-20.9.&nbsp;&nbsp;&nbsp;&nbsp;&nbsp;&nbsp;&nbsp;&nbsp; AIT f\u00f3rum \u2013 Donovaly<\/p>\n\n\n\n<p>27.9.-30.9.&nbsp;&nbsp;&nbsp;&nbsp;&nbsp;&nbsp;&nbsp;&nbsp;&nbsp; ERS &#8211; Amsterdam<\/p>\n\n\n\n<p>22.10.-25.10.&nbsp;&nbsp;&nbsp;&nbsp; XLII. kongres SSAKI a&nbsp;\u010cSAKI &#8211; Vysok\u00e9 Tatry<\/p>\n\n\n\n<p>7.11.-8.11.&nbsp;&nbsp;&nbsp;&nbsp;&nbsp;&nbsp;&nbsp;&nbsp;&nbsp; Medif\u00f3rum &#8211; Doln\u00fd Kub\u00edn<\/p>\n\n\n\n<p>27.-28.11.&nbsp;&nbsp;&nbsp;&nbsp;&nbsp;&nbsp;&nbsp;&nbsp;&nbsp;&nbsp; F\u00f3rum imunodeficienci\u00ed &#8211; Ko\u0161ice<\/p>\n\n\n\n<p>4.12.-5.12.&nbsp;&nbsp;&nbsp;&nbsp;&nbsp;&nbsp;&nbsp;&nbsp; Zasadnutie V\u00fdboru SSAKI<\/p>\n<\/div>\n\n\n\n<p>Zap\u00edsala M. Schvalbov\u00e1<\/p>\n\n\n\n<p>Korigoval M. Jese\u0148\u00e1k<strong><\/strong><\/p>\n","protected":false},"excerpt":{"rendered":"<p>Z\u00e1pisnica zo zasadnutia v\u00fdboru SSAKI a&nbsp;poradn\u00e9ho zboru hlavn\u00e9ho odborn\u00edka MZ SR 6.12.2024, Terchov\u00e1 Pr\u00edtomn\u00ed: Balkov\u00e1, Bob\u010d\u00e1kov\u00e1, \u010ci\u017en\u00e1r, Hadvabov\u00e1, Hlinka, Hochmuth, Hrubi\u0161ko, Jese\u0148\u00e1k, Ko\u0161turiak, Koss\u00e1rov\u00e1, Lap\u0161ansk\u00e1, Mikler, Petriskov\u00e1, Pru\u017einec,&nbsp; Rennerov\u00e1, Smie\u0161kov\u00e1, Schvalbov\u00e1, Ospravedlnen\u00e1: Hasi\u010dov\u00e1 1.&#46;&#46;&#46;<\/p>\n","protected":false},"author":1,"featured_media":0,"parent":0,"menu_order":0,"comment_status":"closed","ping_status":"closed","template":"","meta":{"footnotes":""},"class_list":["post-3916893","page","type-page","status-publish","hentry"],"yoast_head":"<!-- This site is optimized with the Yoast SEO plugin v27.5 - https:\/\/yoast.com\/product\/yoast-seo-wordpress\/ -->\n<title>Zo z\u00e1pisnice z 6.12.2024 - Slovensk\u00e1 spolo\u010dnos\u0165 alergol\u00f3gie a klinickej imunol\u00f3gie<\/title>\n<meta name=\"description\" content=\"Sme odborn\u00e1 splo\u010dnos\u0165, ktor\u00e1 zdru\u017euje klinick\u00fdch imunol\u00f3gov a alergol\u00f3gov, ako aj in\u00fdch odborn\u00edkov so z\u00e1ujmom o tento odbor. Na\u0161a spolo\u010dnos\u0165 je hlavn\u00fdm organiz\u00e1torom kontunu\u00e1lneho vzdel\u00e1vania v tomto odbore na Slovensku.\" \/>\n<meta name=\"robots\" content=\"index, follow, max-snippet:-1, max-image-preview:large, max-video-preview:-1\" \/>\n<link rel=\"canonical\" href=\"https:\/\/www.ssaki.eu\/?page_id=3916893\" \/>\n<meta property=\"og:locale\" content=\"sk_SK\" \/>\n<meta property=\"og:type\" content=\"article\" \/>\n<meta property=\"og:title\" content=\"Zo z\u00e1pisnice z 6.12.2024 - Slovensk\u00e1 spolo\u010dnos\u0165 alergol\u00f3gie a klinickej imunol\u00f3gie\" \/>\n<meta property=\"og:description\" content=\"Sme odborn\u00e1 splo\u010dnos\u0165, ktor\u00e1 zdru\u017euje klinick\u00fdch imunol\u00f3gov a alergol\u00f3gov, ako aj in\u00fdch odborn\u00edkov so z\u00e1ujmom o tento odbor. Na\u0161a spolo\u010dnos\u0165 je hlavn\u00fdm organiz\u00e1torom kontunu\u00e1lneho vzdel\u00e1vania v tomto odbore na Slovensku.\" \/>\n<meta property=\"og:url\" content=\"https:\/\/www.ssaki.eu\/?page_id=3916893\" \/>\n<meta property=\"og:site_name\" content=\"Slovensk\u00e1 spolo\u010dnos\u0165 alergol\u00f3gie a klinickej imunol\u00f3gie\" \/>\n<meta property=\"article:publisher\" content=\"https:\/\/www.facebook.com\/alergologoviaimunologoviaSK\" \/>\n<meta property=\"article:modified_time\" content=\"2024-12-30T05:58:23+00:00\" \/>\n<meta property=\"og:image\" content=\"https:\/\/www.ssaki.eu\/wp-content\/uploads\/2021\/01\/STOP_COVID_SSAKI-e1609772027682.png\" \/>\n\t<meta property=\"og:image:width\" content=\"640\" \/>\n\t<meta property=\"og:image:height\" content=\"360\" \/>\n\t<meta property=\"og:image:type\" content=\"image\/png\" \/>\n<meta name=\"twitter:card\" content=\"summary_large_image\" \/>\n<meta name=\"twitter:label1\" content=\"Predpokladan\u00fd \u010das \u010d\u00edtania\" \/>\n\t<meta name=\"twitter:data1\" content=\"4 min\u00faty\" \/>\n<script type=\"application\/ld+json\" class=\"yoast-schema-graph\">{\"@context\":\"https:\\\/\\\/schema.org\",\"@graph\":[{\"@type\":[\"WebPage\",\"MedicalWebPage\"],\"@id\":\"https:\\\/\\\/www.ssaki.eu\\\/?page_id=3916893\",\"url\":\"https:\\\/\\\/www.ssaki.eu\\\/?page_id=3916893\",\"name\":\"Zo z\u00e1pisnice z 6.12.2024 - Slovensk\u00e1 spolo\u010dnos\u0165 alergol\u00f3gie a klinickej imunol\u00f3gie\",\"isPartOf\":{\"@id\":\"https:\\\/\\\/www.ssaki.eu\\\/#website\"},\"datePublished\":\"2024-12-17T22:21:23+00:00\",\"dateModified\":\"2024-12-30T05:58:23+00:00\",\"description\":\"Sme odborn\u00e1 splo\u010dnos\u0165, ktor\u00e1 zdru\u017euje klinick\u00fdch imunol\u00f3gov a alergol\u00f3gov, ako aj in\u00fdch odborn\u00edkov so z\u00e1ujmom o tento odbor. Na\u0161a spolo\u010dnos\u0165 je hlavn\u00fdm organiz\u00e1torom kontunu\u00e1lneho vzdel\u00e1vania v tomto odbore na Slovensku.\",\"breadcrumb\":{\"@id\":\"https:\\\/\\\/www.ssaki.eu\\\/?page_id=3916893#breadcrumb\"},\"inLanguage\":\"sk-SK\",\"potentialAction\":[{\"@type\":\"ReadAction\",\"target\":[\"https:\\\/\\\/www.ssaki.eu\\\/?page_id=3916893\"]}]},{\"@type\":\"BreadcrumbList\",\"@id\":\"https:\\\/\\\/www.ssaki.eu\\\/?page_id=3916893#breadcrumb\",\"itemListElement\":[{\"@type\":\"ListItem\",\"position\":1,\"name\":\"Domovsk\u00e1 str\u00e1nka\",\"item\":\"https:\\\/\\\/www.ssaki.eu\\\/\"},{\"@type\":\"ListItem\",\"position\":2,\"name\":\"Zo z\u00e1pisnice z 6.12.2024\"}]},{\"@type\":\"WebSite\",\"@id\":\"https:\\\/\\\/www.ssaki.eu\\\/#website\",\"url\":\"https:\\\/\\\/www.ssaki.eu\\\/\",\"name\":\"Slovensk\u00e1 spolo\u010dnos\u0165 alergol\u00f3gie a klinickej imunol\u00f3gie\",\"description\":\"\",\"publisher\":{\"@id\":\"https:\\\/\\\/www.ssaki.eu\\\/#organization\"},\"potentialAction\":[{\"@type\":\"SearchAction\",\"target\":{\"@type\":\"EntryPoint\",\"urlTemplate\":\"https:\\\/\\\/www.ssaki.eu\\\/?s={search_term_string}\"},\"query-input\":{\"@type\":\"PropertyValueSpecification\",\"valueRequired\":true,\"valueName\":\"search_term_string\"}}],\"inLanguage\":\"sk-SK\"},{\"@type\":\"Organization\",\"@id\":\"https:\\\/\\\/www.ssaki.eu\\\/#organization\",\"name\":\"Slovensk\u00e1 spolo\u010dnos\u0165 alergol\u00f3gie a klinickej imunol\u00f3gie\",\"url\":\"https:\\\/\\\/www.ssaki.eu\\\/\",\"logo\":{\"@type\":\"ImageObject\",\"inLanguage\":\"sk-SK\",\"@id\":\"https:\\\/\\\/www.ssaki.eu\\\/#\\\/schema\\\/logo\\\/image\\\/\",\"url\":\"https:\\\/\\\/www.ssaki.eu\\\/wp-content\\\/uploads\\\/2021\\\/01\\\/LOGO-1.png\",\"contentUrl\":\"https:\\\/\\\/www.ssaki.eu\\\/wp-content\\\/uploads\\\/2021\\\/01\\\/LOGO-1.png\",\"width\":1280,\"height\":720,\"caption\":\"Slovensk\u00e1 spolo\u010dnos\u0165 alergol\u00f3gie a klinickej imunol\u00f3gie\"},\"image\":{\"@id\":\"https:\\\/\\\/www.ssaki.eu\\\/#\\\/schema\\\/logo\\\/image\\\/\"},\"sameAs\":[\"https:\\\/\\\/www.facebook.com\\\/alergologoviaimunologoviaSK\"]}]}<\/script>\n<!-- \/ Yoast SEO plugin. -->","yoast_head_json":{"title":"Zo z\u00e1pisnice z 6.12.2024 - Slovensk\u00e1 spolo\u010dnos\u0165 alergol\u00f3gie a klinickej imunol\u00f3gie","description":"Sme odborn\u00e1 splo\u010dnos\u0165, ktor\u00e1 zdru\u017euje klinick\u00fdch imunol\u00f3gov a alergol\u00f3gov, ako aj in\u00fdch odborn\u00edkov so z\u00e1ujmom o tento odbor. Na\u0161a spolo\u010dnos\u0165 je hlavn\u00fdm organiz\u00e1torom kontunu\u00e1lneho vzdel\u00e1vania v tomto odbore na Slovensku.","robots":{"index":"index","follow":"follow","max-snippet":"max-snippet:-1","max-image-preview":"max-image-preview:large","max-video-preview":"max-video-preview:-1"},"canonical":"https:\/\/www.ssaki.eu\/?page_id=3916893","og_locale":"sk_SK","og_type":"article","og_title":"Zo z\u00e1pisnice z 6.12.2024 - Slovensk\u00e1 spolo\u010dnos\u0165 alergol\u00f3gie a klinickej imunol\u00f3gie","og_description":"Sme odborn\u00e1 splo\u010dnos\u0165, ktor\u00e1 zdru\u017euje klinick\u00fdch imunol\u00f3gov a alergol\u00f3gov, ako aj in\u00fdch odborn\u00edkov so z\u00e1ujmom o tento odbor. Na\u0161a spolo\u010dnos\u0165 je hlavn\u00fdm organiz\u00e1torom kontunu\u00e1lneho vzdel\u00e1vania v tomto odbore na Slovensku.","og_url":"https:\/\/www.ssaki.eu\/?page_id=3916893","og_site_name":"Slovensk\u00e1 spolo\u010dnos\u0165 alergol\u00f3gie a klinickej imunol\u00f3gie","article_publisher":"https:\/\/www.facebook.com\/alergologoviaimunologoviaSK","article_modified_time":"2024-12-30T05:58:23+00:00","og_image":[{"width":640,"height":360,"url":"https:\/\/www.ssaki.eu\/wp-content\/uploads\/2021\/01\/STOP_COVID_SSAKI-e1609772027682.png","type":"image\/png"}],"twitter_card":"summary_large_image","twitter_misc":{"Predpokladan\u00fd \u010das \u010d\u00edtania":"4 min\u00faty"},"schema":{"@context":"https:\/\/schema.org","@graph":[{"@type":["WebPage","MedicalWebPage"],"@id":"https:\/\/www.ssaki.eu\/?page_id=3916893","url":"https:\/\/www.ssaki.eu\/?page_id=3916893","name":"Zo z\u00e1pisnice z 6.12.2024 - Slovensk\u00e1 spolo\u010dnos\u0165 alergol\u00f3gie a klinickej imunol\u00f3gie","isPartOf":{"@id":"https:\/\/www.ssaki.eu\/#website"},"datePublished":"2024-12-17T22:21:23+00:00","dateModified":"2024-12-30T05:58:23+00:00","description":"Sme odborn\u00e1 splo\u010dnos\u0165, ktor\u00e1 zdru\u017euje klinick\u00fdch imunol\u00f3gov a alergol\u00f3gov, ako aj in\u00fdch odborn\u00edkov so z\u00e1ujmom o tento odbor. Na\u0161a spolo\u010dnos\u0165 je hlavn\u00fdm organiz\u00e1torom kontunu\u00e1lneho vzdel\u00e1vania v tomto odbore na Slovensku.","breadcrumb":{"@id":"https:\/\/www.ssaki.eu\/?page_id=3916893#breadcrumb"},"inLanguage":"sk-SK","potentialAction":[{"@type":"ReadAction","target":["https:\/\/www.ssaki.eu\/?page_id=3916893"]}]},{"@type":"BreadcrumbList","@id":"https:\/\/www.ssaki.eu\/?page_id=3916893#breadcrumb","itemListElement":[{"@type":"ListItem","position":1,"name":"Domovsk\u00e1 str\u00e1nka","item":"https:\/\/www.ssaki.eu\/"},{"@type":"ListItem","position":2,"name":"Zo z\u00e1pisnice z 6.12.2024"}]},{"@type":"WebSite","@id":"https:\/\/www.ssaki.eu\/#website","url":"https:\/\/www.ssaki.eu\/","name":"Slovensk\u00e1 spolo\u010dnos\u0165 alergol\u00f3gie a klinickej imunol\u00f3gie","description":"","publisher":{"@id":"https:\/\/www.ssaki.eu\/#organization"},"potentialAction":[{"@type":"SearchAction","target":{"@type":"EntryPoint","urlTemplate":"https:\/\/www.ssaki.eu\/?s={search_term_string}"},"query-input":{"@type":"PropertyValueSpecification","valueRequired":true,"valueName":"search_term_string"}}],"inLanguage":"sk-SK"},{"@type":"Organization","@id":"https:\/\/www.ssaki.eu\/#organization","name":"Slovensk\u00e1 spolo\u010dnos\u0165 alergol\u00f3gie a klinickej imunol\u00f3gie","url":"https:\/\/www.ssaki.eu\/","logo":{"@type":"ImageObject","inLanguage":"sk-SK","@id":"https:\/\/www.ssaki.eu\/#\/schema\/logo\/image\/","url":"https:\/\/www.ssaki.eu\/wp-content\/uploads\/2021\/01\/LOGO-1.png","contentUrl":"https:\/\/www.ssaki.eu\/wp-content\/uploads\/2021\/01\/LOGO-1.png","width":1280,"height":720,"caption":"Slovensk\u00e1 spolo\u010dnos\u0165 alergol\u00f3gie a klinickej imunol\u00f3gie"},"image":{"@id":"https:\/\/www.ssaki.eu\/#\/schema\/logo\/image\/"},"sameAs":["https:\/\/www.facebook.com\/alergologoviaimunologoviaSK"]}]}},"_links":{"self":[{"href":"https:\/\/www.ssaki.eu\/index.php?rest_route=\/wp\/v2\/pages\/3916893","targetHints":{"allow":["GET"]}}],"collection":[{"href":"https:\/\/www.ssaki.eu\/index.php?rest_route=\/wp\/v2\/pages"}],"about":[{"href":"https:\/\/www.ssaki.eu\/index.php?rest_route=\/wp\/v2\/types\/page"}],"author":[{"embeddable":true,"href":"https:\/\/www.ssaki.eu\/index.php?rest_route=\/wp\/v2\/users\/1"}],"replies":[{"embeddable":true,"href":"https:\/\/www.ssaki.eu\/index.php?rest_route=%2Fwp%2Fv2%2Fcomments&post=3916893"}],"version-history":[{"count":3,"href":"https:\/\/www.ssaki.eu\/index.php?rest_route=\/wp\/v2\/pages\/3916893\/revisions"}],"predecessor-version":[{"id":3916898,"href":"https:\/\/www.ssaki.eu\/index.php?rest_route=\/wp\/v2\/pages\/3916893\/revisions\/3916898"}],"wp:attachment":[{"href":"https:\/\/www.ssaki.eu\/index.php?rest_route=%2Fwp%2Fv2%2Fmedia&parent=3916893"}],"curies":[{"name":"wp","href":"https:\/\/api.w.org\/{rel}","templated":true}]}}