{"id":3917032,"date":"2025-08-14T23:46:06","date_gmt":"2025-08-14T21:46:06","guid":{"rendered":"https:\/\/www.ssaki.eu\/?page_id=3917032"},"modified":"2025-08-14T23:46:06","modified_gmt":"2025-08-14T21:46:06","slug":"zo-zapisnice-z-8-8-2025","status":"publish","type":"page","link":"https:\/\/www.ssaki.eu\/?page_id=3917032","title":{"rendered":"Zo z\u00e1pisnice z 8.8.2025"},"content":{"rendered":"\n<p>Z\u00e1pisnica zo zasadnutia v\u00fdboru SSAKI a poradn\u00e9ho zboru hlavn\u00e9ho odborn\u00edka MZ SR 8.8.2025, Malat\u00edny<\/p>\n\n\n\n<p>Pr\u00edtomn\u00ed: Balkov\u00e1, Bob\u010d\u00e1kov\u00e1, \u010ci\u017en\u00e1r, Hadvabov\u00e1, Hasi\u010dov\u00e1, Hrubi\u0161ko, Jese\u0148\u00e1k, Ko\u0161turiak, Petriskov\u00e1, Pru\u017einec, Rennerov\u00e1, Smie\u0161kov\u00e1, Schvalbov\u00e1<\/p>\n\n\n\n<p>Ospravedlnen\u00ed : Hlinka<br>Hos\u0165: Tibensk\u00e1<\/p>\n\n\n\n<p>I. Otvorenie zasadnutia a zhrnutie \u010dinnosti medzi zasadnutiami (Jese\u0148\u00e1k, Pru\u017einec)<\/p>\n\n\n\n<p>II. Program zasadnutia<\/p>\n\n\n\n<ol class=\"wp-block-list\">\n<li>Pr\u00edprava XLII. zjazdu SSAKI a \u010cSAKI 22.10.-25.10.2025 \u2013 Grand hotel Bellevue \u2013 Horn\u00fd Smokovec \u2013 Vysok\u00e9 Tatry<\/li>\n<\/ol>\n\n\n\n<p>V\u00fdbor SSAKI sa venoval pr\u00edprave definit\u00edvneho odborn\u00e9ho programu kongresu a jeho technicko-organiza\u010dn\u00e9mu zabezpe\u010deniu. Je uzatvoren\u00fd term\u00edn na prihlasovanie na akt\u00edvnu \u00fa\u010das\u0165.<\/p>\n\n\n\n<p>T\u00e9ma zjazdu: Medic\u00edna d\u00f4kazov v klinickej imunol\u00f3gii a alergol\u00f3gii<br>Plen\u00e1rne zasadnutie \u2013 streda 22.10. so za\u010diatkom o 15:00 hod.<br>Re\u010dn\u00edci: Szephalusi Zsolt, Panzner Petr, Klempa Boris, Jese\u0148\u00e1k Milo\u0161, Celec Peter.<\/p>\n\n\n\n<p>Posterov\u00e1\/\u00e9 sekcia\/e formou kr\u00e1tkych 3 min\u00fatov\u00fdch prezent\u00e1ci\u00ed (or\u00e1lna forma \u2013 5 min \u2013 vybran\u00e9 najlep\u0161ie pr\u00edspevky, ktor\u00e9 nebud\u00fa zahrnut\u00e9 do \u0161tandardn\u00fdch blokov) + prezent\u00e1cia pri obrazovke (po\u010det sekci\u00ed pod\u013ea fin\u00e1lneho po\u010dtu prihl\u00e1sen\u00fdch a n\u00e1sledne akceptovan\u00fdch pr\u00edspevkov)<\/p>\n\n\n\n<p>T\u00e9my kongresu :<\/p>\n\n\n\n<ol class=\"wp-block-list\">\n<li>Imunoalergol\u00f3gia v dermatol\u00f3gii (Pru\u017einec)<\/li>\n\n\n\n<li>Imunomodul\u00e1cia \u2013 imunointerven\u010dn\u00e1 lie\u010dba (Ko\u0161turiak, Schvalbov\u00e1)<\/li>\n\n\n\n<li>O\u010dkovanie a prevencia infekci\u00ed (Jese\u0148\u00e1k)<\/li>\n\n\n\n<li>Vroden\u00e9 poruchy imunity (\u010ci\u017en\u00e1r, Jese\u0148\u00e1k)<\/li>\n\n\n\n<li>Sekund\u00e1rne imunodeficiencie (Balkov\u00e1, Hlinka)<\/li>\n\n\n\n<li>Laborat\u00f3rna diagnostika (Petriskov\u00e1)<\/li>\n\n\n\n<li>Transplanta\u010dn\u00e1 imunol\u00f3gia (Petriskov\u00e1)<\/li>\n\n\n\n<li>Liekov\u00e1 hypersenzitivita (Smie\u0161kov\u00e1, Hlinka)<\/li>\n\n\n\n<li>Potravinov\u00e1 alergia (Rennerov\u00e1, Kossarov\u00e1)<\/li>\n\n\n\n<li>Sekcia mlad\u00fdch imunoalergol\u00f3gov (Bob\u010d\u00e1kov\u00e1)<br>11.Posterov\u00e1 sekcia (TBD)<\/li>\n\n\n\n<li>Sekcia sestier a zdravotn\u00edckych laborantov (Hadvabov\u00e1, Lap\u0161ansk\u00e1)<\/li>\n\n\n\n<li>Respira\u010dn\u00e9 alergie (Hrubi\u0161ko, Rennerov\u00e1)<\/li>\n\n\n\n<li>Vybran\u00e9 imunologick\u00e9 a alergologick\u00e9 aspekty gravidity (Jese\u0148\u00e1k)<br>15.Varia(Hrubi\u0161ko,Smie\u0161kov\u00e1,Nevrlka)<\/li>\n<\/ol>\n\n\n\n<p>Postgradu\u00e1lny kurz: Aktu\u00e1lne odpor\u00fa\u010dania a smernice v klinickej imunol\u00f3gii a alergol\u00f3gii<\/p>\n\n\n\n<p>Predsedn\u00edctvo: Peter \u010ci\u017en\u00e1r, Milo\u0161 Jese\u0148\u00e1k<\/p>\n\n\n\n<ol class=\"wp-block-list\">\n<li>\u010ci\u017en\u00e1r P. (Bratislava): \u00davod \u2013 v\u00fdznam EBM a guidelines v odbore KIA<\/li>\n\n\n\n<li>Pru\u017einec P.(Bratislava): Anafylaxia<\/li>\n\n\n\n<li>Hrubi\u0161ko M. (Bratislava): Bronchi\u00e1lna astma<\/li>\n\n\n\n<li>Schvalbov\u00e1 M. (Pre\u0161ov): Alergick\u00e1 rinit\u00edda<\/li>\n\n\n\n<li>Hasi\u010dov\u00e1 D. (Levice): Alergia na blanokr\u00eddly hmyz<\/li>\n\n\n\n<li>Hadvabov\u00e1 S. (Kom\u00e1rno): Atopick\u00e1 dermatit\u00edda<\/li>\n\n\n\n<li>Rennerov\u00e1 Z. (Bratislava): Potravinov\u00e1 alergia<\/li>\n\n\n\n<li>Smie\u0161kov\u00e1 A. (Pre\u0161ov): Chronick\u00e1 spont\u00e1nna urtik\u00e1ria<\/li>\n\n\n\n<li>Bob\u010d\u00e1kov\u00e1 A. (Martin): Heredit\u00e1rny a z\u00edskan\u00fd angioed\u00e9m<br>10.\u010ci\u017en\u00e1r P. (Bratislava): Prim\u00e1rne imunodeficiencie<\/li>\n\n\n\n<li>Balkov\u00e1 E. (Bansk\u00e1 Bystrica). Sekund\u00e1rne imunodeficiencie<\/li>\n\n\n\n<li>Jese\u0148\u00e1k M. (Martin): O\u010dkovanie a imunitne-podmienen\u00e9 ochorenia<\/li>\n\n\n\n<li>Ko\u0161turiak R. (Nitra, Martin): Umel\u00e1 inteligencia v klinickej imunol\u00f3gii a alergol\u00f3gii 2.R\u00f4zne<\/li>\n<\/ol>\n\n\n\n<p>\u2022 Akad\u00e9mia sestier bude pokra\u010dova\u0165 2x v roku (Hadvabov\u00e1)<br>\u2022 v\u00fdbor prerokoval n\u00e1vrh \u017eiadosti na MZ SR, predlo\u017een\u00fd P. \u010ci\u017en\u00e1rom, za \u00fa\u010delom \u00fahrady p\u00famp a setov pre subkut\u00e1nnu aplik\u00e1ciu imunoglobul\u00ednov(vybav\u00ed Pru\u017einec)<br>\u2022 o aktu\u00e1lnych probl\u00e9moch a novink\u00e1ch v laborat\u00f3rnej diagnostike informovala E. Tibensk\u00e1, ako hos\u0165 na zasadnut\u00ed v\u00fdboru<\/p>\n\n\n\n<ol start=\"3\" class=\"wp-block-list\">\n<li>Term\u00edny odborn\u00fdch podujat\u00ed na rok 2025:<br>5.9. &#8211; 6.9. Symp\u00f3zium ALK \u2013 T\u00e1le<br>19.9. &#8211; 20.9. AIT f\u00f3rum \u2013 Gbe\u013eany<br>27.9. &#8211; 30.9. ERS \u2013 Amsterdam<br>22.10. &#8211; 25.10. XLII. kongres SSAKI a \u010cSAKI \u2013 Vysok\u00e9 Tatry<br>7.11. &#8211; 8.11. Medif\u00f3rum &#8211; Doln\u00fd Kub\u00edn<br>12.-15.11. Bardejovsk\u00e9 pneumologick\u00e9 dni-Bardejovsk\u00e9 k\u00fapele<br>27.11. &#8211; 28.11. F\u00f3rum imunodeficienci\u00ed \u2013 Ko\u0161ice<br>4.12.-5.12. Zasadnutie V\u00fdboru SSAKI<\/li>\n\n\n\n<li>Term\u00edny odborn\u00fdch podujat\u00ed na rok 2026:<\/li>\n<\/ol>\n\n\n\n<p>13.3. &#8211; 14.3. Workshop v odbore KIA \u2013 Martin<br>20.3. &#8211; 21.3. Burza imunodeficienci\u00ed &#8211; Bansk\u00e1 Bystrica<br>15.4.- 17.4. MESIA \u2013 \u013dub\u013eana<br>22.4.-24.4. Martinsk\u00e9 dni imunol\u00f3gie-Martin<br>29.4. Symp\u00f3zium o PID-Bratislava<br>11.-14.6. Kongres EAACI-Istanbul<br>14.-15.8. Zasadnutie v\u00fdboru, Letn\u00e1 \u0161kola imunol\u00f3gie<\/p>\n\n\n\n<p>Zap\u00edsala: M. Schvalbov\u00e1<br>Korigoval: M. Jese\u0148\u00e1k<\/p>\n","protected":false},"excerpt":{"rendered":"<p>Z\u00e1pisnica zo zasadnutia v\u00fdboru SSAKI a poradn\u00e9ho zboru hlavn\u00e9ho odborn\u00edka MZ SR 8.8.2025, Malat\u00edny Pr\u00edtomn\u00ed: Balkov\u00e1, Bob\u010d\u00e1kov\u00e1, \u010ci\u017en\u00e1r, Hadvabov\u00e1, Hasi\u010dov\u00e1, Hrubi\u0161ko, Jese\u0148\u00e1k, Ko\u0161turiak, Petriskov\u00e1, Pru\u017einec, Rennerov\u00e1, Smie\u0161kov\u00e1, Schvalbov\u00e1 Ospravedlnen\u00ed : HlinkaHos\u0165: Tibensk\u00e1 I. Otvorenie&#46;&#46;&#46;<\/p>\n","protected":false},"author":1,"featured_media":0,"parent":0,"menu_order":0,"comment_status":"closed","ping_status":"closed","template":"","meta":{"footnotes":""},"class_list":["post-3917032","page","type-page","status-publish","hentry"],"yoast_head":"<!-- This site is optimized with the Yoast SEO plugin v27.3 - https:\/\/yoast.com\/product\/yoast-seo-wordpress\/ -->\n<title>Zo z\u00e1pisnice z 8.8.2025 - Slovensk\u00e1 spolo\u010dnos\u0165 alergol\u00f3gie a klinickej imunol\u00f3gie<\/title>\n<meta name=\"description\" content=\"Sme odborn\u00e1 splo\u010dnos\u0165, ktor\u00e1 zdru\u017euje klinick\u00fdch imunol\u00f3gov a alergol\u00f3gov, ako aj in\u00fdch odborn\u00edkov so z\u00e1ujmom o tento odbor. Na\u0161a spolo\u010dnos\u0165 je hlavn\u00fdm organiz\u00e1torom kontunu\u00e1lneho vzdel\u00e1vania v tomto odbore na Slovensku.\" \/>\n<meta name=\"robots\" content=\"index, follow, max-snippet:-1, max-image-preview:large, max-video-preview:-1\" \/>\n<link rel=\"canonical\" href=\"https:\/\/www.ssaki.eu\/?page_id=3917032\" \/>\n<meta property=\"og:locale\" content=\"sk_SK\" \/>\n<meta property=\"og:type\" content=\"article\" \/>\n<meta property=\"og:title\" content=\"Zo z\u00e1pisnice z 8.8.2025 - Slovensk\u00e1 spolo\u010dnos\u0165 alergol\u00f3gie a klinickej imunol\u00f3gie\" \/>\n<meta property=\"og:description\" content=\"Sme odborn\u00e1 splo\u010dnos\u0165, ktor\u00e1 zdru\u017euje klinick\u00fdch imunol\u00f3gov a alergol\u00f3gov, ako aj in\u00fdch odborn\u00edkov so z\u00e1ujmom o tento odbor. Na\u0161a spolo\u010dnos\u0165 je hlavn\u00fdm organiz\u00e1torom kontunu\u00e1lneho vzdel\u00e1vania v tomto odbore na Slovensku.\" \/>\n<meta property=\"og:url\" content=\"https:\/\/www.ssaki.eu\/?page_id=3917032\" \/>\n<meta property=\"og:site_name\" content=\"Slovensk\u00e1 spolo\u010dnos\u0165 alergol\u00f3gie a klinickej imunol\u00f3gie\" \/>\n<meta property=\"article:publisher\" content=\"https:\/\/www.facebook.com\/alergologoviaimunologoviaSK\" \/>\n<meta property=\"og:image\" content=\"https:\/\/www.ssaki.eu\/wp-content\/uploads\/2021\/01\/STOP_COVID_SSAKI-e1609772027682.png\" \/>\n\t<meta property=\"og:image:width\" content=\"640\" \/>\n\t<meta property=\"og:image:height\" content=\"360\" \/>\n\t<meta property=\"og:image:type\" content=\"image\/png\" \/>\n<meta name=\"twitter:card\" content=\"summary_large_image\" \/>\n<meta name=\"twitter:label1\" content=\"Predpokladan\u00fd \u010das \u010d\u00edtania\" \/>\n\t<meta name=\"twitter:data1\" content=\"3 min\u00faty\" \/>\n<script type=\"application\/ld+json\" class=\"yoast-schema-graph\">{\"@context\":\"https:\\\/\\\/schema.org\",\"@graph\":[{\"@type\":[\"WebPage\",\"MedicalWebPage\"],\"@id\":\"https:\\\/\\\/www.ssaki.eu\\\/?page_id=3917032\",\"url\":\"https:\\\/\\\/www.ssaki.eu\\\/?page_id=3917032\",\"name\":\"Zo z\u00e1pisnice z 8.8.2025 - Slovensk\u00e1 spolo\u010dnos\u0165 alergol\u00f3gie a klinickej imunol\u00f3gie\",\"isPartOf\":{\"@id\":\"https:\\\/\\\/www.ssaki.eu\\\/#website\"},\"datePublished\":\"2025-08-14T21:46:06+00:00\",\"description\":\"Sme odborn\u00e1 splo\u010dnos\u0165, ktor\u00e1 zdru\u017euje klinick\u00fdch imunol\u00f3gov a alergol\u00f3gov, ako aj in\u00fdch odborn\u00edkov so z\u00e1ujmom o tento odbor. Na\u0161a spolo\u010dnos\u0165 je hlavn\u00fdm organiz\u00e1torom kontunu\u00e1lneho vzdel\u00e1vania v tomto odbore na Slovensku.\",\"breadcrumb\":{\"@id\":\"https:\\\/\\\/www.ssaki.eu\\\/?page_id=3917032#breadcrumb\"},\"inLanguage\":\"sk-SK\",\"potentialAction\":[{\"@type\":\"ReadAction\",\"target\":[\"https:\\\/\\\/www.ssaki.eu\\\/?page_id=3917032\"]}]},{\"@type\":\"BreadcrumbList\",\"@id\":\"https:\\\/\\\/www.ssaki.eu\\\/?page_id=3917032#breadcrumb\",\"itemListElement\":[{\"@type\":\"ListItem\",\"position\":1,\"name\":\"Domovsk\u00e1 str\u00e1nka\",\"item\":\"https:\\\/\\\/www.ssaki.eu\\\/\"},{\"@type\":\"ListItem\",\"position\":2,\"name\":\"Zo z\u00e1pisnice z 8.8.2025\"}]},{\"@type\":\"WebSite\",\"@id\":\"https:\\\/\\\/www.ssaki.eu\\\/#website\",\"url\":\"https:\\\/\\\/www.ssaki.eu\\\/\",\"name\":\"Slovensk\u00e1 spolo\u010dnos\u0165 alergol\u00f3gie a klinickej imunol\u00f3gie\",\"description\":\"\",\"publisher\":{\"@id\":\"https:\\\/\\\/www.ssaki.eu\\\/#organization\"},\"potentialAction\":[{\"@type\":\"SearchAction\",\"target\":{\"@type\":\"EntryPoint\",\"urlTemplate\":\"https:\\\/\\\/www.ssaki.eu\\\/?s={search_term_string}\"},\"query-input\":{\"@type\":\"PropertyValueSpecification\",\"valueRequired\":true,\"valueName\":\"search_term_string\"}}],\"inLanguage\":\"sk-SK\"},{\"@type\":\"Organization\",\"@id\":\"https:\\\/\\\/www.ssaki.eu\\\/#organization\",\"name\":\"Slovensk\u00e1 spolo\u010dnos\u0165 alergol\u00f3gie a klinickej imunol\u00f3gie\",\"url\":\"https:\\\/\\\/www.ssaki.eu\\\/\",\"logo\":{\"@type\":\"ImageObject\",\"inLanguage\":\"sk-SK\",\"@id\":\"https:\\\/\\\/www.ssaki.eu\\\/#\\\/schema\\\/logo\\\/image\\\/\",\"url\":\"https:\\\/\\\/www.ssaki.eu\\\/wp-content\\\/uploads\\\/2021\\\/01\\\/LOGO-1.png\",\"contentUrl\":\"https:\\\/\\\/www.ssaki.eu\\\/wp-content\\\/uploads\\\/2021\\\/01\\\/LOGO-1.png\",\"width\":1280,\"height\":720,\"caption\":\"Slovensk\u00e1 spolo\u010dnos\u0165 alergol\u00f3gie a klinickej imunol\u00f3gie\"},\"image\":{\"@id\":\"https:\\\/\\\/www.ssaki.eu\\\/#\\\/schema\\\/logo\\\/image\\\/\"},\"sameAs\":[\"https:\\\/\\\/www.facebook.com\\\/alergologoviaimunologoviaSK\"]}]}<\/script>\n<!-- \/ Yoast SEO plugin. -->","yoast_head_json":{"title":"Zo z\u00e1pisnice z 8.8.2025 - Slovensk\u00e1 spolo\u010dnos\u0165 alergol\u00f3gie a klinickej imunol\u00f3gie","description":"Sme odborn\u00e1 splo\u010dnos\u0165, ktor\u00e1 zdru\u017euje klinick\u00fdch imunol\u00f3gov a alergol\u00f3gov, ako aj in\u00fdch odborn\u00edkov so z\u00e1ujmom o tento odbor. Na\u0161a spolo\u010dnos\u0165 je hlavn\u00fdm organiz\u00e1torom kontunu\u00e1lneho vzdel\u00e1vania v tomto odbore na Slovensku.","robots":{"index":"index","follow":"follow","max-snippet":"max-snippet:-1","max-image-preview":"max-image-preview:large","max-video-preview":"max-video-preview:-1"},"canonical":"https:\/\/www.ssaki.eu\/?page_id=3917032","og_locale":"sk_SK","og_type":"article","og_title":"Zo z\u00e1pisnice z 8.8.2025 - Slovensk\u00e1 spolo\u010dnos\u0165 alergol\u00f3gie a klinickej imunol\u00f3gie","og_description":"Sme odborn\u00e1 splo\u010dnos\u0165, ktor\u00e1 zdru\u017euje klinick\u00fdch imunol\u00f3gov a alergol\u00f3gov, ako aj in\u00fdch odborn\u00edkov so z\u00e1ujmom o tento odbor. Na\u0161a spolo\u010dnos\u0165 je hlavn\u00fdm organiz\u00e1torom kontunu\u00e1lneho vzdel\u00e1vania v tomto odbore na Slovensku.","og_url":"https:\/\/www.ssaki.eu\/?page_id=3917032","og_site_name":"Slovensk\u00e1 spolo\u010dnos\u0165 alergol\u00f3gie a klinickej imunol\u00f3gie","article_publisher":"https:\/\/www.facebook.com\/alergologoviaimunologoviaSK","og_image":[{"width":640,"height":360,"url":"https:\/\/www.ssaki.eu\/wp-content\/uploads\/2021\/01\/STOP_COVID_SSAKI-e1609772027682.png","type":"image\/png"}],"twitter_card":"summary_large_image","twitter_misc":{"Predpokladan\u00fd \u010das \u010d\u00edtania":"3 min\u00faty"},"schema":{"@context":"https:\/\/schema.org","@graph":[{"@type":["WebPage","MedicalWebPage"],"@id":"https:\/\/www.ssaki.eu\/?page_id=3917032","url":"https:\/\/www.ssaki.eu\/?page_id=3917032","name":"Zo z\u00e1pisnice z 8.8.2025 - Slovensk\u00e1 spolo\u010dnos\u0165 alergol\u00f3gie a klinickej imunol\u00f3gie","isPartOf":{"@id":"https:\/\/www.ssaki.eu\/#website"},"datePublished":"2025-08-14T21:46:06+00:00","description":"Sme odborn\u00e1 splo\u010dnos\u0165, ktor\u00e1 zdru\u017euje klinick\u00fdch imunol\u00f3gov a alergol\u00f3gov, ako aj in\u00fdch odborn\u00edkov so z\u00e1ujmom o tento odbor. Na\u0161a spolo\u010dnos\u0165 je hlavn\u00fdm organiz\u00e1torom kontunu\u00e1lneho vzdel\u00e1vania v tomto odbore na Slovensku.","breadcrumb":{"@id":"https:\/\/www.ssaki.eu\/?page_id=3917032#breadcrumb"},"inLanguage":"sk-SK","potentialAction":[{"@type":"ReadAction","target":["https:\/\/www.ssaki.eu\/?page_id=3917032"]}]},{"@type":"BreadcrumbList","@id":"https:\/\/www.ssaki.eu\/?page_id=3917032#breadcrumb","itemListElement":[{"@type":"ListItem","position":1,"name":"Domovsk\u00e1 str\u00e1nka","item":"https:\/\/www.ssaki.eu\/"},{"@type":"ListItem","position":2,"name":"Zo z\u00e1pisnice z 8.8.2025"}]},{"@type":"WebSite","@id":"https:\/\/www.ssaki.eu\/#website","url":"https:\/\/www.ssaki.eu\/","name":"Slovensk\u00e1 spolo\u010dnos\u0165 alergol\u00f3gie a klinickej imunol\u00f3gie","description":"","publisher":{"@id":"https:\/\/www.ssaki.eu\/#organization"},"potentialAction":[{"@type":"SearchAction","target":{"@type":"EntryPoint","urlTemplate":"https:\/\/www.ssaki.eu\/?s={search_term_string}"},"query-input":{"@type":"PropertyValueSpecification","valueRequired":true,"valueName":"search_term_string"}}],"inLanguage":"sk-SK"},{"@type":"Organization","@id":"https:\/\/www.ssaki.eu\/#organization","name":"Slovensk\u00e1 spolo\u010dnos\u0165 alergol\u00f3gie a klinickej imunol\u00f3gie","url":"https:\/\/www.ssaki.eu\/","logo":{"@type":"ImageObject","inLanguage":"sk-SK","@id":"https:\/\/www.ssaki.eu\/#\/schema\/logo\/image\/","url":"https:\/\/www.ssaki.eu\/wp-content\/uploads\/2021\/01\/LOGO-1.png","contentUrl":"https:\/\/www.ssaki.eu\/wp-content\/uploads\/2021\/01\/LOGO-1.png","width":1280,"height":720,"caption":"Slovensk\u00e1 spolo\u010dnos\u0165 alergol\u00f3gie a klinickej imunol\u00f3gie"},"image":{"@id":"https:\/\/www.ssaki.eu\/#\/schema\/logo\/image\/"},"sameAs":["https:\/\/www.facebook.com\/alergologoviaimunologoviaSK"]}]}},"_links":{"self":[{"href":"https:\/\/www.ssaki.eu\/index.php?rest_route=\/wp\/v2\/pages\/3917032","targetHints":{"allow":["GET"]}}],"collection":[{"href":"https:\/\/www.ssaki.eu\/index.php?rest_route=\/wp\/v2\/pages"}],"about":[{"href":"https:\/\/www.ssaki.eu\/index.php?rest_route=\/wp\/v2\/types\/page"}],"author":[{"embeddable":true,"href":"https:\/\/www.ssaki.eu\/index.php?rest_route=\/wp\/v2\/users\/1"}],"replies":[{"embeddable":true,"href":"https:\/\/www.ssaki.eu\/index.php?rest_route=%2Fwp%2Fv2%2Fcomments&post=3917032"}],"version-history":[{"count":1,"href":"https:\/\/www.ssaki.eu\/index.php?rest_route=\/wp\/v2\/pages\/3917032\/revisions"}],"predecessor-version":[{"id":3917033,"href":"https:\/\/www.ssaki.eu\/index.php?rest_route=\/wp\/v2\/pages\/3917032\/revisions\/3917033"}],"wp:attachment":[{"href":"https:\/\/www.ssaki.eu\/index.php?rest_route=%2Fwp%2Fv2%2Fmedia&parent=3917032"}],"curies":[{"name":"wp","href":"https:\/\/api.w.org\/{rel}","templated":true}]}}