{"id":3917081,"date":"2025-12-08T22:18:02","date_gmt":"2025-12-08T20:18:02","guid":{"rendered":"https:\/\/www.ssaki.eu\/?page_id=3917081"},"modified":"2025-12-08T22:21:47","modified_gmt":"2025-12-08T20:21:47","slug":"zapisnica-z-5-12-2025","status":"publish","type":"page","link":"https:\/\/www.ssaki.eu\/?page_id=3917081","title":{"rendered":"Zo z\u00e1pisnice z 5.12.2025"},"content":{"rendered":"\n<div class=\"wp-block-group\"><div class=\"wp-block-group__inner-container is-layout-constrained wp-block-group-is-layout-constrained\">\n<p><strong>Z\u00e1pisnica zo zasadnutia v\u00fdboru SSAKI a\u00a0poradn\u00e9ho zboru hlavn\u00e9ho odborn\u00edka MZ SR<\/strong> <strong>5.12.2025, Terchov\u00e1<\/strong><\/p>\n<\/div><\/div>\n\n\n\n<p><strong>Pr\u00edtomn\u00ed:<\/strong> \u00a0Balkov\u00e1, , \u010ci\u017en\u00e1r, Hadvabov\u00e1,\u00a0 Hasi\u010dov\u00e1, Hlinka, Hrubi\u0161ko, Jese\u0148\u00e1k, Ko\u0161turiak, Petriskov\u00e1, Pru\u017einec,\u00a0 Rennerov\u00e1, Ru\u017ein\u00e1k Bob\u010d\u00e1kov\u00e1 , Smie\u0161kov\u00e1<\/p>\n\n\n\n<p><strong>Ospravedlnen\u00e1<\/strong>: \u00a0Schvalbov\u00e1,<\/p>\n\n\n\n<p><strong>Otvorenie zasadnutia a zhrnutie \u010dinnosti medzi zasadnutiami (Jese\u0148\u00e1k, Pru\u017einec)<\/strong><\/p>\n\n\n\n<ol start=\"2\" style=\"list-style-type:upper-roman\" class=\"wp-block-list\">\n<li><strong>Program zasadnutia<\/strong><\/li>\n<\/ol>\n\n\n\n<div class=\"wp-block-group\"><div class=\"wp-block-group__inner-container is-layout-constrained wp-block-group-is-layout-constrained\">\n<p><strong>&nbsp;1. Zhodnotenie &nbsp;XLII. zjazdu SSAKI a&nbsp;\u010cSAKI 22.10.-25.10.2025 \u2013 Grand hotel&nbsp;&nbsp;&nbsp;&nbsp;&nbsp;&nbsp;&nbsp;&nbsp;&nbsp;&nbsp;&nbsp;&nbsp;&nbsp;<\/strong><\/p>\n\n\n\n<p><strong>&nbsp;&nbsp;&nbsp;&nbsp;&nbsp;&nbsp;&nbsp;&nbsp;&nbsp;&nbsp;&nbsp;&nbsp; Bellevue \u2013 Horn\u00fd Smokovec \u2013 Vysok\u00e9 Tatry<\/strong><\/p>\n\n\n\n<p>V\u00fdbor SSAKI &nbsp;zhodnotil zjazd&nbsp; ako ve\u013emi \u00faspe\u0161n\u00fd&nbsp; po odbornej aj spolo\u010denskej str\u00e1nke.<\/p>\n\n\n\n<ul class=\"wp-block-list\">\n<li>Prv\u00e9 inform\u00e1cie o\u00a0<strong>XLIV. zjazdu SSAKI a\u00a0\u010cSAKI<\/strong> \u2013 term\u00edn 20.10. \u2013 23.10.2027, predbe\u017ene rezervovan\u00fd\u00a0 Hotel Bellevue &#8211; Vysok\u00e9 Tatry<\/li>\n<\/ul>\n<\/div><\/div>\n\n\n\n<div class=\"wp-block-group\"><div class=\"wp-block-group__inner-container is-layout-constrained wp-block-group-is-layout-constrained\">\n<p><strong>2. R\u00f4zne<\/strong><\/p>\n\n\n\n<ul class=\"wp-block-list\">\n<li>akad\u00e9mia sestier pokra\u010duje \u2013 1-2x za semester \u00a0(Hadvabov\u00e1)<\/li>\n\n\n\n<li>n\u00e1vrh ocenen\u00ed jubiluj\u00facich \u010dlenov SSAKI na rok 2026 (Schvalbov\u00e1, Smie\u0161kov\u00e1)<\/li>\n\n\n\n<li>MESIA \u013dub\u013eana \u00a0-15.-17.4.2026- zabezpe\u010denie ubytovania pre \u00fa\u010dastn\u00edkov<\/li>\n\n\n\n<li>Prerokovanie postupu pri \u017eiadosti zo strany MZ SR o\u00a0od\u0161kodnenie pacientov po o\u010dkovan\u00ed \u2013 v\u00fdbor sa dr\u017e\u00ed pr\u00edsne \u0161tandardov EBM a\u00a0zhodol sa, \u017ee je potrebn\u00e9 upravi\u0165 legislat\u00edvne parametre napr. pod\u013ea parametrov v\u00a0\u010cR alebo in\u00fdch kraj\u00edn s\u00a0vytvoren\u00edm komisie na pos\u00fadenie N\u00da po o\u010dkovan\u00ed<\/li>\n\n\n\n<li>LF dostali v\u00fdnimku na ude\u013eovanie akredit\u00e1cie odborov \u2013 v\u00a0pl\u00e1ne akredit\u00e1cia v\u00a0odbore Laborat\u00f3rna dg. v\u00a0odbore KIA na LF v\u00a0Martine<\/li>\n\n\n\n<li>Od 1.12.2025 platn\u00fd nov\u00fd minim\u00e1lny \u0161tandard\u00a0 v\u00a0odbore Laborat\u00f3rna diagnostika v\u00a0lek\u00e1rskej imunol\u00f3gii a\u00a0alergol\u00f3gii (3-ro\u010dn\u00fd odbor)<\/li>\n\n\n\n<li>Akreditovan\u00fdm pracovisk\u00e1m (ambulanci\u00e1m KIA, ktor\u00e9 poskytuj\u00fa prax\u00a0 pre lek\u00e1rov v\u00a0pr\u00edprave v\u00a0odbore KIA) bud\u00fa odoslan\u00e9 certifik\u00e1ty akreditovan\u00e9ho pracoviska<\/li>\n\n\n\n<li>Rie\u0161enie \u010dasopisu Klinick\u00e1 imunol\u00f3gia a\u00a0alergol\u00f3gia &#8211; amb\u00edcia dosta\u0165 sa do SCOPUSU<\/li>\n\n\n\n<li>Metodick\u00e9 usmernenie pre diagnostiku a lie\u010dbu alergickej rinit\u00eddy pre VLDD \u2013 rie\u0161enie pripomienok\u00a0 zo strany pediatrov<\/li>\n\n\n\n<li>\u0160DTP autovakc\u00edna \u2013 pripomienkovanie 2. verzie prepracovan\u00e9ho \u0160DTP o\u00a0autovakc\u00ednach<\/li>\n\n\n\n<li>Na konci roka 2027\u00a0 sa ukon\u010d\u00ed v\u00fdroba vakc\u00edny Pneumo-23 \u2013 v\u00a0r\u00e1mci diagnostickej vakcin\u00e1cie bude v.s. rie\u0161en\u00fd prechod na vakc\u00ednu Typhim Vi<\/li>\n\n\n\n<li>Prekonzultovan\u00e9 mo\u017en\u00e9 n\u00e1sledky zmien\u00a0 v Z\u00e1kone o\u00a0lieku v\u00a0r\u00e1mci MPK<\/li>\n\n\n\n<li>Prekonzultovanie n\u00e1vrhu nov\u00e9ho katal\u00f3gu v\u00fdkonov v\u00a0odbore KIA, n\u00e1vrh pracov\u00edsk s\u00a0potrebou \u0161peci\u00e1lneho financovania vzh\u013eadom na n\u00e1ro\u010dnos\u0165 vy\u0161etrovan\u00fdch pacientov<\/li>\n\n\n\n<li>V\u00fdbor SSAKI s\u00fahlas\u00ed so spolupr\u00e1cou s\u00a0firmou H &amp;H partners vo forme eduka\u010dn\u00fdch materi\u00e1lov \u010di di\u00e1ra<\/li>\n\n\n\n<li>V\u00fdbor schv\u00e1lil \u00fahradu za spr\u00e1vu a aktualiz\u00e1ciu web str\u00e1nky SSAKI za rok 2025 firme Medimpro s.r.o, Poprad-Kvetnica<\/li>\n<\/ul>\n<\/div><\/div>\n\n\n\n<div class=\"wp-block-group\"><div class=\"wp-block-group__inner-container is-layout-constrained wp-block-group-is-layout-constrained\">\n<p><strong>3. Term\u00edny odborn\u00fdch podujat\u00ed na rok 2026:<\/strong><\/p>\n\n\n\n<ul class=\"wp-block-list\">\n<li>6.2. &#8211; 7.2.\u00a0\u00a0\u00a0 \u00a0\u00a0\u00a0\u00a0\u00a0\u00a0\u00a0 Funk\u010dn\u00e1 diagnostika Tren\u010d\u00edn<\/li>\n\n\n\n<li>26.2. \u2013 28.2.\u00a0\u00a0 \u00a0\u00a0 Kongres klinickej imunol\u00f3gie a\u00a0alergol\u00f3gie Olomouc<\/li>\n\n\n\n<li>13.3. \u2013 14.3.\u00a0\u00a0\u00a0 \u00a0 Workshop klinickej imunol\u00f3gie a\u00a0alergol\u00f3gie\u00a0 &#8211; Martin, Hotel Turiec<\/li>\n\n\n\n<li>20.3.\u00a0 (pred burzou IDS)\u00a0\u00a0\u00a0\u00a0 &#8211;\u00a0\u00a0 zasadnutie v\u00fdboru SSAKI<\/li>\n\n\n\n<li>20.3. \u2013 21.3. \u00a0\u00a0\u00a0\u00a0 Burza IDS \u2013 Bansk\u00e1 Bystrica, Hotel Ark\u00e1d<\/li>\n\n\n\n<li>22.4. &#8211; 24.4. \u00a0\u00a0\u00a0\u00a0 Martinsk\u00e9 dni imunol\u00f3gie \u2013 Martin<\/li>\n\n\n\n<li>29.4. \u00a0\u00a0\u00a0\u00a0\u00a0\u00a0\u00a0\u00a0\u00a0\u00a0\u00a0\u00a0\u00a0\u00a0\u00a0\u00a0\u00a0 PID symp\u00f3zium Bratislava<\/li>\n\n\n\n<li>15.5. &#8211; 16.5.\u00a0\u00a0\u00a0\u00a0\u00a0 Setk\u00e1n\u00ed l\u00e9ka\u0159u \u010cR a\u00a0SR v Litomy\u0161li<\/li>\n\n\n\n<li>29.5. &#8211; 30.5.\u00a0\u00a0\u00a0\u00a0\u00a0\u00a0 XXVIV. Ro\u017enovsk\u00e9 dny alergologie a\u00a0klinick\u00e9 imunologie<\/li>\n\n\n\n<li>13.6. &#8211; 16.6.\u00a0\u00a0\u00a0\u00a0\u00a0\u00a0\u00a0EAACI kongress \u2013 Istanbul, Turecko<\/li>\n\n\n\n<li>13.8. &#8211;\u00a0 15.8.\u00a0\u00a0\u00a0\u00a0\u00a0\u00a0Letn\u00e1 \u0161kola imunol\u00f3gie \u2013 Malat\u00edny + zasadnutie V\u00fdboru SSAKI<\/li>\n\n\n\n<li>5.9. &#8211;\u00a0 9.9.\u00a0\u00a0\u00a0\u00a0\u00a0\u00a0\u00a0\u00a0 \u00a0 ERS \u2013 Amsterdam<\/li>\n\n\n\n<li>14.10. \u2013 17.10.\u00a0 ESID Madrid<\/li>\n\n\n\n<li>21.10. &#8211; 24.10.\u00a0\u00a0\u00a0XLIII. kongres SSAKI a\u00a0\u010cSAKI \u2013 Brno<\/li>\n\n\n\n<li>6.11. &#8211; 7.11.\u00a0\u00a0\u00a0\u00a0\u00a0\u00a0\u00a0Medif\u00f3rum \u2013 Doln\u00fd Kub\u00edn<\/li>\n\n\n\n<li>3.12.-5.12.\u00a0\u00a0\u00a0\u00a0\u00a0\u00a0\u00a0\u00a0 Predviano\u010dn\u00e9 zasadnutie V\u00fdboru SSAKI<\/li>\n<\/ul>\n<\/div><\/div>\n\n\n\n<p>Zap\u00edsala: &nbsp;S.Hadvabov\u00e1<\/p>\n\n\n\n<p>Korigoval M. Jese\u0148\u00e1k<\/p>\n","protected":false},"excerpt":{"rendered":"<p>Z\u00e1pisnica zo zasadnutia v\u00fdboru SSAKI a\u00a0poradn\u00e9ho zboru hlavn\u00e9ho odborn\u00edka MZ SR 5.12.2025, Terchov\u00e1 Pr\u00edtomn\u00ed: \u00a0Balkov\u00e1, , \u010ci\u017en\u00e1r, Hadvabov\u00e1,\u00a0 Hasi\u010dov\u00e1, Hlinka, Hrubi\u0161ko, Jese\u0148\u00e1k, Ko\u0161turiak, Petriskov\u00e1, Pru\u017einec,\u00a0 Rennerov\u00e1, Ru\u017ein\u00e1k Bob\u010d\u00e1kov\u00e1 , Smie\u0161kov\u00e1 Ospravedlnen\u00e1: \u00a0Schvalbov\u00e1, Otvorenie zasadnutia&#46;&#46;&#46;<\/p>\n","protected":false},"author":1,"featured_media":0,"parent":0,"menu_order":0,"comment_status":"closed","ping_status":"closed","template":"","meta":{"footnotes":""},"class_list":["post-3917081","page","type-page","status-publish","hentry"],"yoast_head":"<!-- This site is optimized with the Yoast SEO plugin v27.4 - https:\/\/yoast.com\/product\/yoast-seo-wordpress\/ -->\n<title>Zo z\u00e1pisnice z 5.12.2025 - Slovensk\u00e1 spolo\u010dnos\u0165 alergol\u00f3gie a klinickej imunol\u00f3gie<\/title>\n<meta name=\"description\" content=\"Sme odborn\u00e1 splo\u010dnos\u0165, ktor\u00e1 zdru\u017euje klinick\u00fdch imunol\u00f3gov a alergol\u00f3gov, ako aj in\u00fdch odborn\u00edkov so z\u00e1ujmom o tento odbor. Na\u0161a spolo\u010dnos\u0165 je hlavn\u00fdm organiz\u00e1torom kontunu\u00e1lneho vzdel\u00e1vania v tomto odbore na Slovensku.\" \/>\n<meta name=\"robots\" content=\"index, follow, max-snippet:-1, max-image-preview:large, max-video-preview:-1\" \/>\n<link rel=\"canonical\" href=\"https:\/\/www.ssaki.eu\/?page_id=3917081\" \/>\n<meta property=\"og:locale\" content=\"sk_SK\" \/>\n<meta property=\"og:type\" content=\"article\" \/>\n<meta property=\"og:title\" content=\"Zo z\u00e1pisnice z 5.12.2025 - Slovensk\u00e1 spolo\u010dnos\u0165 alergol\u00f3gie a klinickej imunol\u00f3gie\" \/>\n<meta property=\"og:description\" content=\"Sme odborn\u00e1 splo\u010dnos\u0165, ktor\u00e1 zdru\u017euje klinick\u00fdch imunol\u00f3gov a alergol\u00f3gov, ako aj in\u00fdch odborn\u00edkov so z\u00e1ujmom o tento odbor. Na\u0161a spolo\u010dnos\u0165 je hlavn\u00fdm organiz\u00e1torom kontunu\u00e1lneho vzdel\u00e1vania v tomto odbore na Slovensku.\" \/>\n<meta property=\"og:url\" content=\"https:\/\/www.ssaki.eu\/?page_id=3917081\" \/>\n<meta property=\"og:site_name\" content=\"Slovensk\u00e1 spolo\u010dnos\u0165 alergol\u00f3gie a klinickej imunol\u00f3gie\" \/>\n<meta property=\"article:publisher\" content=\"https:\/\/www.facebook.com\/alergologoviaimunologoviaSK\" \/>\n<meta property=\"article:modified_time\" content=\"2025-12-08T20:21:47+00:00\" \/>\n<meta property=\"og:image\" content=\"https:\/\/www.ssaki.eu\/wp-content\/uploads\/2021\/01\/STOP_COVID_SSAKI-e1609772027682.png\" \/>\n\t<meta property=\"og:image:width\" content=\"640\" \/>\n\t<meta property=\"og:image:height\" content=\"360\" \/>\n\t<meta property=\"og:image:type\" content=\"image\/png\" \/>\n<meta name=\"twitter:card\" content=\"summary_large_image\" \/>\n<meta name=\"twitter:label1\" content=\"Predpokladan\u00fd \u010das \u010d\u00edtania\" \/>\n\t<meta name=\"twitter:data1\" content=\"3 min\u00faty\" \/>\n<script type=\"application\/ld+json\" class=\"yoast-schema-graph\">{\"@context\":\"https:\\\/\\\/schema.org\",\"@graph\":[{\"@type\":[\"WebPage\",\"MedicalWebPage\"],\"@id\":\"https:\\\/\\\/www.ssaki.eu\\\/?page_id=3917081\",\"url\":\"https:\\\/\\\/www.ssaki.eu\\\/?page_id=3917081\",\"name\":\"Zo z\u00e1pisnice z 5.12.2025 - Slovensk\u00e1 spolo\u010dnos\u0165 alergol\u00f3gie a klinickej imunol\u00f3gie\",\"isPartOf\":{\"@id\":\"https:\\\/\\\/www.ssaki.eu\\\/#website\"},\"datePublished\":\"2025-12-08T20:18:02+00:00\",\"dateModified\":\"2025-12-08T20:21:47+00:00\",\"description\":\"Sme odborn\u00e1 splo\u010dnos\u0165, ktor\u00e1 zdru\u017euje klinick\u00fdch imunol\u00f3gov a alergol\u00f3gov, ako aj in\u00fdch odborn\u00edkov so z\u00e1ujmom o tento odbor. Na\u0161a spolo\u010dnos\u0165 je hlavn\u00fdm organiz\u00e1torom kontunu\u00e1lneho vzdel\u00e1vania v tomto odbore na Slovensku.\",\"breadcrumb\":{\"@id\":\"https:\\\/\\\/www.ssaki.eu\\\/?page_id=3917081#breadcrumb\"},\"inLanguage\":\"sk-SK\",\"potentialAction\":[{\"@type\":\"ReadAction\",\"target\":[\"https:\\\/\\\/www.ssaki.eu\\\/?page_id=3917081\"]}]},{\"@type\":\"BreadcrumbList\",\"@id\":\"https:\\\/\\\/www.ssaki.eu\\\/?page_id=3917081#breadcrumb\",\"itemListElement\":[{\"@type\":\"ListItem\",\"position\":1,\"name\":\"Domovsk\u00e1 str\u00e1nka\",\"item\":\"https:\\\/\\\/www.ssaki.eu\\\/\"},{\"@type\":\"ListItem\",\"position\":2,\"name\":\"Zo z\u00e1pisnice z 5.12.2025\"}]},{\"@type\":\"WebSite\",\"@id\":\"https:\\\/\\\/www.ssaki.eu\\\/#website\",\"url\":\"https:\\\/\\\/www.ssaki.eu\\\/\",\"name\":\"Slovensk\u00e1 spolo\u010dnos\u0165 alergol\u00f3gie a klinickej imunol\u00f3gie\",\"description\":\"\",\"publisher\":{\"@id\":\"https:\\\/\\\/www.ssaki.eu\\\/#organization\"},\"potentialAction\":[{\"@type\":\"SearchAction\",\"target\":{\"@type\":\"EntryPoint\",\"urlTemplate\":\"https:\\\/\\\/www.ssaki.eu\\\/?s={search_term_string}\"},\"query-input\":{\"@type\":\"PropertyValueSpecification\",\"valueRequired\":true,\"valueName\":\"search_term_string\"}}],\"inLanguage\":\"sk-SK\"},{\"@type\":\"Organization\",\"@id\":\"https:\\\/\\\/www.ssaki.eu\\\/#organization\",\"name\":\"Slovensk\u00e1 spolo\u010dnos\u0165 alergol\u00f3gie a klinickej imunol\u00f3gie\",\"url\":\"https:\\\/\\\/www.ssaki.eu\\\/\",\"logo\":{\"@type\":\"ImageObject\",\"inLanguage\":\"sk-SK\",\"@id\":\"https:\\\/\\\/www.ssaki.eu\\\/#\\\/schema\\\/logo\\\/image\\\/\",\"url\":\"https:\\\/\\\/www.ssaki.eu\\\/wp-content\\\/uploads\\\/2021\\\/01\\\/LOGO-1.png\",\"contentUrl\":\"https:\\\/\\\/www.ssaki.eu\\\/wp-content\\\/uploads\\\/2021\\\/01\\\/LOGO-1.png\",\"width\":1280,\"height\":720,\"caption\":\"Slovensk\u00e1 spolo\u010dnos\u0165 alergol\u00f3gie a klinickej imunol\u00f3gie\"},\"image\":{\"@id\":\"https:\\\/\\\/www.ssaki.eu\\\/#\\\/schema\\\/logo\\\/image\\\/\"},\"sameAs\":[\"https:\\\/\\\/www.facebook.com\\\/alergologoviaimunologoviaSK\"]}]}<\/script>\n<!-- \/ Yoast SEO plugin. -->","yoast_head_json":{"title":"Zo z\u00e1pisnice z 5.12.2025 - Slovensk\u00e1 spolo\u010dnos\u0165 alergol\u00f3gie a klinickej imunol\u00f3gie","description":"Sme odborn\u00e1 splo\u010dnos\u0165, ktor\u00e1 zdru\u017euje klinick\u00fdch imunol\u00f3gov a alergol\u00f3gov, ako aj in\u00fdch odborn\u00edkov so z\u00e1ujmom o tento odbor. Na\u0161a spolo\u010dnos\u0165 je hlavn\u00fdm organiz\u00e1torom kontunu\u00e1lneho vzdel\u00e1vania v tomto odbore na Slovensku.","robots":{"index":"index","follow":"follow","max-snippet":"max-snippet:-1","max-image-preview":"max-image-preview:large","max-video-preview":"max-video-preview:-1"},"canonical":"https:\/\/www.ssaki.eu\/?page_id=3917081","og_locale":"sk_SK","og_type":"article","og_title":"Zo z\u00e1pisnice z 5.12.2025 - Slovensk\u00e1 spolo\u010dnos\u0165 alergol\u00f3gie a klinickej imunol\u00f3gie","og_description":"Sme odborn\u00e1 splo\u010dnos\u0165, ktor\u00e1 zdru\u017euje klinick\u00fdch imunol\u00f3gov a alergol\u00f3gov, ako aj in\u00fdch odborn\u00edkov so z\u00e1ujmom o tento odbor. Na\u0161a spolo\u010dnos\u0165 je hlavn\u00fdm organiz\u00e1torom kontunu\u00e1lneho vzdel\u00e1vania v tomto odbore na Slovensku.","og_url":"https:\/\/www.ssaki.eu\/?page_id=3917081","og_site_name":"Slovensk\u00e1 spolo\u010dnos\u0165 alergol\u00f3gie a klinickej imunol\u00f3gie","article_publisher":"https:\/\/www.facebook.com\/alergologoviaimunologoviaSK","article_modified_time":"2025-12-08T20:21:47+00:00","og_image":[{"width":640,"height":360,"url":"https:\/\/www.ssaki.eu\/wp-content\/uploads\/2021\/01\/STOP_COVID_SSAKI-e1609772027682.png","type":"image\/png"}],"twitter_card":"summary_large_image","twitter_misc":{"Predpokladan\u00fd \u010das \u010d\u00edtania":"3 min\u00faty"},"schema":{"@context":"https:\/\/schema.org","@graph":[{"@type":["WebPage","MedicalWebPage"],"@id":"https:\/\/www.ssaki.eu\/?page_id=3917081","url":"https:\/\/www.ssaki.eu\/?page_id=3917081","name":"Zo z\u00e1pisnice z 5.12.2025 - Slovensk\u00e1 spolo\u010dnos\u0165 alergol\u00f3gie a klinickej imunol\u00f3gie","isPartOf":{"@id":"https:\/\/www.ssaki.eu\/#website"},"datePublished":"2025-12-08T20:18:02+00:00","dateModified":"2025-12-08T20:21:47+00:00","description":"Sme odborn\u00e1 splo\u010dnos\u0165, ktor\u00e1 zdru\u017euje klinick\u00fdch imunol\u00f3gov a alergol\u00f3gov, ako aj in\u00fdch odborn\u00edkov so z\u00e1ujmom o tento odbor. Na\u0161a spolo\u010dnos\u0165 je hlavn\u00fdm organiz\u00e1torom kontunu\u00e1lneho vzdel\u00e1vania v tomto odbore na Slovensku.","breadcrumb":{"@id":"https:\/\/www.ssaki.eu\/?page_id=3917081#breadcrumb"},"inLanguage":"sk-SK","potentialAction":[{"@type":"ReadAction","target":["https:\/\/www.ssaki.eu\/?page_id=3917081"]}]},{"@type":"BreadcrumbList","@id":"https:\/\/www.ssaki.eu\/?page_id=3917081#breadcrumb","itemListElement":[{"@type":"ListItem","position":1,"name":"Domovsk\u00e1 str\u00e1nka","item":"https:\/\/www.ssaki.eu\/"},{"@type":"ListItem","position":2,"name":"Zo z\u00e1pisnice z 5.12.2025"}]},{"@type":"WebSite","@id":"https:\/\/www.ssaki.eu\/#website","url":"https:\/\/www.ssaki.eu\/","name":"Slovensk\u00e1 spolo\u010dnos\u0165 alergol\u00f3gie a klinickej imunol\u00f3gie","description":"","publisher":{"@id":"https:\/\/www.ssaki.eu\/#organization"},"potentialAction":[{"@type":"SearchAction","target":{"@type":"EntryPoint","urlTemplate":"https:\/\/www.ssaki.eu\/?s={search_term_string}"},"query-input":{"@type":"PropertyValueSpecification","valueRequired":true,"valueName":"search_term_string"}}],"inLanguage":"sk-SK"},{"@type":"Organization","@id":"https:\/\/www.ssaki.eu\/#organization","name":"Slovensk\u00e1 spolo\u010dnos\u0165 alergol\u00f3gie a klinickej imunol\u00f3gie","url":"https:\/\/www.ssaki.eu\/","logo":{"@type":"ImageObject","inLanguage":"sk-SK","@id":"https:\/\/www.ssaki.eu\/#\/schema\/logo\/image\/","url":"https:\/\/www.ssaki.eu\/wp-content\/uploads\/2021\/01\/LOGO-1.png","contentUrl":"https:\/\/www.ssaki.eu\/wp-content\/uploads\/2021\/01\/LOGO-1.png","width":1280,"height":720,"caption":"Slovensk\u00e1 spolo\u010dnos\u0165 alergol\u00f3gie a klinickej imunol\u00f3gie"},"image":{"@id":"https:\/\/www.ssaki.eu\/#\/schema\/logo\/image\/"},"sameAs":["https:\/\/www.facebook.com\/alergologoviaimunologoviaSK"]}]}},"_links":{"self":[{"href":"https:\/\/www.ssaki.eu\/index.php?rest_route=\/wp\/v2\/pages\/3917081","targetHints":{"allow":["GET"]}}],"collection":[{"href":"https:\/\/www.ssaki.eu\/index.php?rest_route=\/wp\/v2\/pages"}],"about":[{"href":"https:\/\/www.ssaki.eu\/index.php?rest_route=\/wp\/v2\/types\/page"}],"author":[{"embeddable":true,"href":"https:\/\/www.ssaki.eu\/index.php?rest_route=\/wp\/v2\/users\/1"}],"replies":[{"embeddable":true,"href":"https:\/\/www.ssaki.eu\/index.php?rest_route=%2Fwp%2Fv2%2Fcomments&post=3917081"}],"version-history":[{"count":3,"href":"https:\/\/www.ssaki.eu\/index.php?rest_route=\/wp\/v2\/pages\/3917081\/revisions"}],"predecessor-version":[{"id":3917085,"href":"https:\/\/www.ssaki.eu\/index.php?rest_route=\/wp\/v2\/pages\/3917081\/revisions\/3917085"}],"wp:attachment":[{"href":"https:\/\/www.ssaki.eu\/index.php?rest_route=%2Fwp%2Fv2%2Fmedia&parent=3917081"}],"curies":[{"name":"wp","href":"https:\/\/api.w.org\/{rel}","templated":true}]}}