{"id":3917188,"date":"2026-05-06T21:32:26","date_gmt":"2026-05-06T19:32:26","guid":{"rendered":"https:\/\/www.ssaki.eu\/?page_id=3917188"},"modified":"2026-05-06T21:32:27","modified_gmt":"2026-05-06T19:32:27","slug":"zo-zapisnice-z-20-3-2026","status":"publish","type":"page","link":"https:\/\/www.ssaki.eu\/?page_id=3917188","title":{"rendered":"Zo z\u00e1pisnice z 20.3.2026"},"content":{"rendered":"\n<p>Pr\u00edtomn\u00ed: Balkov\u00e1, Bob\u010d\u00e1kov\u00e1, \u010ci\u017en\u00e1r, Hadvabov\u00e1, Hasi\u010dov\u00e1, Hrubi\u0161ko, Jese\u0148\u00e1k, Ko\u0161turiak,<br>Petriskov\u00e1, Pru\u017einec,\u00a0 Rennerov\u00e1,<br>Ospravedlnen\u00e1: Smie\u0161kov\u00e1<br>Straten\u00fd v \u010dasopriestore: Hlinka<\/p>\n\n\n\n<p>Otvorenie zasadnutia a zhrnutie \u010dinnosti medzi zasadnutiami (Jese\u0148\u00e1k, Pru\u017einec)<br>II. Program zasadnutia<\/p>\n\n\n\n<ol class=\"wp-block-list\">\n<li>XLIII. Zjazd SSAKI a\u00a0\u010cSAKI v\u00a0Brne<\/li>\n<\/ol>\n\n\n\n<ul class=\"wp-block-list\">\n<li>Je potrebn\u00e9 sa prihl\u00e1si\u0165 ofici\u00e1lne cez link na zjazd \u2013 https:\/\/www.csaki-sjezd.cz\/<\/li>\n<\/ul>\n\n\n\n<ol class=\"wp-block-list\">\n<li>XLIV. Zjazd SSAKI a\u00a0\u010cSAKI na Slovensku<\/li>\n<\/ol>\n\n\n\n<ul class=\"wp-block-list\">\n<li>term\u00edn 20.10. \u2013 23.10.2027, Double Tree by Hilton Hotel Bratislana<\/li>\n\n\n\n<li>predbe\u017en\u00e1 t\u00e9ma: AR(teficial intelligence)S MEDICI v\u00a0Alergol\u00f3gii a klinickej Imunol\u00f3gii<\/li>\n\n\n\n<li>prezident: MUDr. Zuzana Rennerov\u00e1, PhD.<\/li>\n\n\n\n<li>pl\u00e1novan\u00e9 bloky (AI v\u00a0diagnostike a\u00a0terapi, Pr\u00e1vne str\u00e1nky v\u00a0starostlivosti v\u00a0odbore KIA,<br>Prevencia v\u00a0odbore KIA)<\/li>\n\n\n\n<li>Pl\u00e1novan\u00fd workshop ako vyu\u017ei\u0165 AI v\u00a0praxi KIA (registr\u00e1cia, platen\u00e1 aktivita)<\/li>\n\n\n\n<li>Postgradu\u00e1l: Inovat\u00edvne met\u00f3dy a\u00a0smery v\u00a0diagnostike a\u00a0lie\u010dbe imunitne podmienen\u00fdch ochoren\u00ed<\/li>\n\n\n\n<li>2. R\u00f4zne<br>\uf0b7 N\u00e1vrh na vytvorenie \u0161tat\u00fatu novej medaily v\u00a0odbore KIA \u2013 n\u00e1vrhy: Medaila profesora<br>Miroslava Feren\u010d\u00edka (ev. perspekt\u00edvne spolo\u010dne so SIMS)<br>\uf0b7 akad\u00e9mia sestier pokra\u010duje \u2013 1-2x za semester (Hadvabov\u00e1)<br>\uf0b7 n\u00e1vrh ocenen\u00ed jubiluj\u00facich \u010dlenov SSAKI na rok 2026 (Schvalbov\u00e1) &#8211; odovzdanie ocenen\u00ed na<br>zjazde v\u00a0Brne a\u00a0MDI<br>\uf0b7 v\u00fdbor SSAKI odpor\u00fa\u010da zmeni\u0165 krit\u00e9ria na KL s\u00a0dg. J45 z\u00a0d\u00f4vodu konsolid\u00e1cie a\u00a0nedostatku<br>financi\u00ed<br>\uf0b7 Dotazn\u00edk periopera\u010dnej alergickej reakcie navrhnut\u00fd MUDr. Nem\u0161ovskou, PhD. a\u00a0MUDr.<br>Fedorcovou \u2013 skoriguj\u00fa Smie\u0161kov\u00e1 a\u00a0Kov\u00e1cs, pripomienky po\u0161le ka\u017ed\u00fd \u010dlen v\u00fdboru<br>Schvalbovej do konca marca 2026.<br>\uf0b7 MUDr. Rennerov\u00e1 po\u017eiadala o\u00a0z\u00e1\u0161titu nad D\u0148om detskej alergol\u00f3gie, pneumol\u00f3gie<br>a\u00a0imunol\u00f3gie (DDAPI) 9.12.2026 v\u00a0Bratislave \u2013 v\u00fdbor s\u00fahlas\u00ed<br>\uf0b7 V\u00a0nasleduj\u00facom \u010d\u00edsle (2.) \u010dasopisu Imunol\u00f3gia a\u00a0KIA bude publikovan\u00fd \u010dl\u00e1nok \u2013 Stanovisko<br>a\u00a0odpor\u00fa\u010danie pre darovania krvi u\u00a0pac. Lie\u010den\u00fdch v\u00a0odbore KIA<br>\uf0b7 MESIA \u013dub\u013eana \u00a0-15.-17.4.2026 &#8211; posledn\u00e9 inform\u00e1cie pre \u00fa\u010dastn\u00edkov<\/li>\n<\/ul>\n\n\n\n<p>\uf0b7 LF dostali v\u00fdnimku na ude\u013eovanie akredit\u00e1cie odborov \u2013 v&nbsp;pl\u00e1ne akredit\u00e1cia v&nbsp;odbore<br>Laborat\u00f3rna dg. v&nbsp;odbore KIA \u2013 V\u0160 diagnostik &#8211; na LF v&nbsp;Martine \u2013 \u010dak\u00e1me na fin\u00e1lne<br>rozhodnutie<br>\uf0b7 Akreditovan\u00fdm pracovisk\u00e1m (ambulanci\u00e1m KIA, ktor\u00e9 poskytuj\u00fa prax pre lek\u00e1rov v&nbsp;pr\u00edprave<br>v&nbsp;odbore KIA) bud\u00fa odoslan\u00e9 certifik\u00e1ty akreditovan\u00e9ho pracoviska<br>\uf0b7 Metodick\u00e9 usmernenie pre diagnostiku a lie\u010dbu alergickej rinit\u00eddy pre VLDD \u2013 rie\u0161enie<br>pripomienok zo strany pediatrov \u2013 v&nbsp;pr\u00edprave fin\u00e1lna revidovan\u00e1 verzia<\/p>\n\n\n\n<ol start=\"3\" class=\"wp-block-list\">\n<li>Term\u00edny odborn\u00fdch podujat\u00ed na rok 2026:<br>\uf0b7 9.4. \u2013 11.4. 11th EACI DHM &#8211; Antverpy<br>\uf0b7 9.4-11.4. Slovensk\u00fd vakcinologick\u00fd kongres Tatransk\u00e1 Lomnica<br>\uf0b7 22.4. &#8211; 24.4. \u00a0\u00a0\u00a0\u00a0 Martinsk\u00e9 dni imunol\u00f3gie \u2013 Martin<br>\uf0b7 6.5. PID symp\u00f3zium Bratislava<br>\uf0b7 15.5. &#8211; 16.5.\u00a0\u00a0\u00a0\u00a0\u00a0 Setk\u00e1n\u00ed l\u00e9ka\u0159u \u010cR a\u00a0SR v Litomy\u0161li<br>\uf0b7 29.5. &#8211; 30.5.\u00a0\u00a0\u00a0\u00a0\u00a0\u00a0 XXVIV. Ro\u017enovsk\u00e9 dny alergologie a\u00a0klinick\u00e9 imunologie<br>\uf0b7 13.6. &#8211; 16.6.\u00a0\u00a0\u00a0\u00a0\u00a0\u00a0\u00a0EAACI kongres \u2013 Istanbul, Turecko<br>\uf0b7 13.8. &#8211; 15.8.\u00a0\u00a0\u00a0\u00a0\u00a0\u00a0Letn\u00e1 \u0161kola imunol\u00f3gie \u2013 Malat\u00edny + zasadnutie V\u00fdboru SSAKI<br>\uf0b7 5.9. &#8211; 9.9.\u00a0\u00a0\u00a0\u00a0\u00a0\u00a0\u00a0\u00a0 \u00a0 ERS \u2013 Barcelona<br>\uf0b7 18.9.-19.9. AIT f\u00f3ru Gbe\u013eany<br>\uf0b7 25.9.- 26.9. Standalone AIT ALK T\u00e1le<br>\uf0b7 14.10. \u2013 17.10. ESID Maastricht<br>\uf0b7 21.10. &#8211; 24.10.\u00a0\u00a0\u00a0XLIII. kongres SSAKI a\u00a0\u010cSAKI \u2013 Brno<br>\uf0b7 6.11. &#8211; 7.11.\u00a0\u00a0\u00a0\u00a0\u00a0\u00a0\u00a0Medif\u00f3rum \u2013 Doln\u00fd Kub\u00edn<br>\uf0b7 3.12.-5.12.\u00a0\u00a0\u00a0\u00a0\u00a0\u00a0\u00a0\u00a0 Predviano\u010dn\u00e9 zasadnutie V\u00fdboru SSAKI<br>\uf0b7 9.12.2026 De\u0148 detskej alergol\u00f3gie, pneumol\u00f3gie a\u00a0imunol\u00f3gie \u2013 Bratislava<\/li>\n<\/ol>\n\n\n\n<p>Zap\u00edsala: S. Hadvabov\u00e1<br>Kontroloval: M. Jese\u0148\u00e1k a&nbsp;v\u00fdbor SSAKI<\/p>\n","protected":false},"excerpt":{"rendered":"<p>Pr\u00edtomn\u00ed: Balkov\u00e1, Bob\u010d\u00e1kov\u00e1, \u010ci\u017en\u00e1r, Hadvabov\u00e1, Hasi\u010dov\u00e1, Hrubi\u0161ko, Jese\u0148\u00e1k, Ko\u0161turiak,Petriskov\u00e1, Pru\u017einec,\u00a0 Rennerov\u00e1,Ospravedlnen\u00e1: Smie\u0161kov\u00e1Straten\u00fd v \u010dasopriestore: Hlinka Otvorenie zasadnutia a zhrnutie \u010dinnosti medzi zasadnutiami (Jese\u0148\u00e1k, Pru\u017einec)II. Program zasadnutia \uf0b7 LF dostali v\u00fdnimku na ude\u013eovanie akredit\u00e1cie odborov&#46;&#46;&#46;<\/p>\n","protected":false},"author":1,"featured_media":0,"parent":0,"menu_order":0,"comment_status":"closed","ping_status":"closed","template":"","meta":{"footnotes":""},"class_list":["post-3917188","page","type-page","status-publish","hentry"],"yoast_head":"<!-- This site is optimized with the Yoast SEO plugin v27.5 - https:\/\/yoast.com\/product\/yoast-seo-wordpress\/ -->\n<title>Zo z\u00e1pisnice z 20.3.2026 - Slovensk\u00e1 spolo\u010dnos\u0165 alergol\u00f3gie a klinickej imunol\u00f3gie<\/title>\n<meta name=\"description\" content=\"Sme odborn\u00e1 splo\u010dnos\u0165, ktor\u00e1 zdru\u017euje klinick\u00fdch imunol\u00f3gov a alergol\u00f3gov, ako aj in\u00fdch odborn\u00edkov so z\u00e1ujmom o tento odbor. Na\u0161a spolo\u010dnos\u0165 je hlavn\u00fdm organiz\u00e1torom kontunu\u00e1lneho vzdel\u00e1vania v tomto odbore na Slovensku.\" \/>\n<meta name=\"robots\" content=\"index, follow, max-snippet:-1, max-image-preview:large, max-video-preview:-1\" \/>\n<link rel=\"canonical\" href=\"https:\/\/www.ssaki.eu\/?page_id=3917188\" \/>\n<meta property=\"og:locale\" content=\"sk_SK\" \/>\n<meta property=\"og:type\" content=\"article\" \/>\n<meta property=\"og:title\" content=\"Zo z\u00e1pisnice z 20.3.2026 - Slovensk\u00e1 spolo\u010dnos\u0165 alergol\u00f3gie a klinickej imunol\u00f3gie\" \/>\n<meta property=\"og:description\" content=\"Sme odborn\u00e1 splo\u010dnos\u0165, ktor\u00e1 zdru\u017euje klinick\u00fdch imunol\u00f3gov a alergol\u00f3gov, ako aj in\u00fdch odborn\u00edkov so z\u00e1ujmom o tento odbor. Na\u0161a spolo\u010dnos\u0165 je hlavn\u00fdm organiz\u00e1torom kontunu\u00e1lneho vzdel\u00e1vania v tomto odbore na Slovensku.\" \/>\n<meta property=\"og:url\" content=\"https:\/\/www.ssaki.eu\/?page_id=3917188\" \/>\n<meta property=\"og:site_name\" content=\"Slovensk\u00e1 spolo\u010dnos\u0165 alergol\u00f3gie a klinickej imunol\u00f3gie\" \/>\n<meta property=\"article:publisher\" content=\"https:\/\/www.facebook.com\/alergologoviaimunologoviaSK\" \/>\n<meta property=\"article:modified_time\" content=\"2026-05-06T19:32:27+00:00\" \/>\n<meta property=\"og:image\" content=\"https:\/\/www.ssaki.eu\/wp-content\/uploads\/2021\/01\/STOP_COVID_SSAKI-e1609772027682.png\" \/>\n\t<meta property=\"og:image:width\" content=\"640\" \/>\n\t<meta property=\"og:image:height\" content=\"360\" \/>\n\t<meta property=\"og:image:type\" content=\"image\/png\" \/>\n<meta name=\"twitter:card\" content=\"summary_large_image\" \/>\n<meta name=\"twitter:label1\" content=\"Predpokladan\u00fd \u010das \u010d\u00edtania\" \/>\n\t<meta name=\"twitter:data1\" content=\"3 min\u00faty\" \/>\n<script type=\"application\/ld+json\" class=\"yoast-schema-graph\">{\"@context\":\"https:\\\/\\\/schema.org\",\"@graph\":[{\"@type\":[\"WebPage\",\"MedicalWebPage\"],\"@id\":\"https:\\\/\\\/www.ssaki.eu\\\/?page_id=3917188\",\"url\":\"https:\\\/\\\/www.ssaki.eu\\\/?page_id=3917188\",\"name\":\"Zo z\u00e1pisnice z 20.3.2026 - Slovensk\u00e1 spolo\u010dnos\u0165 alergol\u00f3gie a klinickej imunol\u00f3gie\",\"isPartOf\":{\"@id\":\"https:\\\/\\\/www.ssaki.eu\\\/#website\"},\"datePublished\":\"2026-05-06T19:32:26+00:00\",\"dateModified\":\"2026-05-06T19:32:27+00:00\",\"description\":\"Sme odborn\u00e1 splo\u010dnos\u0165, ktor\u00e1 zdru\u017euje klinick\u00fdch imunol\u00f3gov a alergol\u00f3gov, ako aj in\u00fdch odborn\u00edkov so z\u00e1ujmom o tento odbor. Na\u0161a spolo\u010dnos\u0165 je hlavn\u00fdm organiz\u00e1torom kontunu\u00e1lneho vzdel\u00e1vania v tomto odbore na Slovensku.\",\"breadcrumb\":{\"@id\":\"https:\\\/\\\/www.ssaki.eu\\\/?page_id=3917188#breadcrumb\"},\"inLanguage\":\"sk-SK\",\"potentialAction\":[{\"@type\":\"ReadAction\",\"target\":[\"https:\\\/\\\/www.ssaki.eu\\\/?page_id=3917188\"]}]},{\"@type\":\"BreadcrumbList\",\"@id\":\"https:\\\/\\\/www.ssaki.eu\\\/?page_id=3917188#breadcrumb\",\"itemListElement\":[{\"@type\":\"ListItem\",\"position\":1,\"name\":\"Domovsk\u00e1 str\u00e1nka\",\"item\":\"https:\\\/\\\/www.ssaki.eu\\\/\"},{\"@type\":\"ListItem\",\"position\":2,\"name\":\"Zo z\u00e1pisnice z 20.3.2026\"}]},{\"@type\":\"WebSite\",\"@id\":\"https:\\\/\\\/www.ssaki.eu\\\/#website\",\"url\":\"https:\\\/\\\/www.ssaki.eu\\\/\",\"name\":\"Slovensk\u00e1 spolo\u010dnos\u0165 alergol\u00f3gie a klinickej imunol\u00f3gie\",\"description\":\"\",\"publisher\":{\"@id\":\"https:\\\/\\\/www.ssaki.eu\\\/#organization\"},\"potentialAction\":[{\"@type\":\"SearchAction\",\"target\":{\"@type\":\"EntryPoint\",\"urlTemplate\":\"https:\\\/\\\/www.ssaki.eu\\\/?s={search_term_string}\"},\"query-input\":{\"@type\":\"PropertyValueSpecification\",\"valueRequired\":true,\"valueName\":\"search_term_string\"}}],\"inLanguage\":\"sk-SK\"},{\"@type\":\"Organization\",\"@id\":\"https:\\\/\\\/www.ssaki.eu\\\/#organization\",\"name\":\"Slovensk\u00e1 spolo\u010dnos\u0165 alergol\u00f3gie a klinickej imunol\u00f3gie\",\"url\":\"https:\\\/\\\/www.ssaki.eu\\\/\",\"logo\":{\"@type\":\"ImageObject\",\"inLanguage\":\"sk-SK\",\"@id\":\"https:\\\/\\\/www.ssaki.eu\\\/#\\\/schema\\\/logo\\\/image\\\/\",\"url\":\"https:\\\/\\\/www.ssaki.eu\\\/wp-content\\\/uploads\\\/2021\\\/01\\\/LOGO-1.png\",\"contentUrl\":\"https:\\\/\\\/www.ssaki.eu\\\/wp-content\\\/uploads\\\/2021\\\/01\\\/LOGO-1.png\",\"width\":1280,\"height\":720,\"caption\":\"Slovensk\u00e1 spolo\u010dnos\u0165 alergol\u00f3gie a klinickej imunol\u00f3gie\"},\"image\":{\"@id\":\"https:\\\/\\\/www.ssaki.eu\\\/#\\\/schema\\\/logo\\\/image\\\/\"},\"sameAs\":[\"https:\\\/\\\/www.facebook.com\\\/alergologoviaimunologoviaSK\"]}]}<\/script>\n<!-- \/ Yoast SEO plugin. -->","yoast_head_json":{"title":"Zo z\u00e1pisnice z 20.3.2026 - Slovensk\u00e1 spolo\u010dnos\u0165 alergol\u00f3gie a klinickej imunol\u00f3gie","description":"Sme odborn\u00e1 splo\u010dnos\u0165, ktor\u00e1 zdru\u017euje klinick\u00fdch imunol\u00f3gov a alergol\u00f3gov, ako aj in\u00fdch odborn\u00edkov so z\u00e1ujmom o tento odbor. Na\u0161a spolo\u010dnos\u0165 je hlavn\u00fdm organiz\u00e1torom kontunu\u00e1lneho vzdel\u00e1vania v tomto odbore na Slovensku.","robots":{"index":"index","follow":"follow","max-snippet":"max-snippet:-1","max-image-preview":"max-image-preview:large","max-video-preview":"max-video-preview:-1"},"canonical":"https:\/\/www.ssaki.eu\/?page_id=3917188","og_locale":"sk_SK","og_type":"article","og_title":"Zo z\u00e1pisnice z 20.3.2026 - Slovensk\u00e1 spolo\u010dnos\u0165 alergol\u00f3gie a klinickej imunol\u00f3gie","og_description":"Sme odborn\u00e1 splo\u010dnos\u0165, ktor\u00e1 zdru\u017euje klinick\u00fdch imunol\u00f3gov a alergol\u00f3gov, ako aj in\u00fdch odborn\u00edkov so z\u00e1ujmom o tento odbor. Na\u0161a spolo\u010dnos\u0165 je hlavn\u00fdm organiz\u00e1torom kontunu\u00e1lneho vzdel\u00e1vania v tomto odbore na Slovensku.","og_url":"https:\/\/www.ssaki.eu\/?page_id=3917188","og_site_name":"Slovensk\u00e1 spolo\u010dnos\u0165 alergol\u00f3gie a klinickej imunol\u00f3gie","article_publisher":"https:\/\/www.facebook.com\/alergologoviaimunologoviaSK","article_modified_time":"2026-05-06T19:32:27+00:00","og_image":[{"width":640,"height":360,"url":"https:\/\/www.ssaki.eu\/wp-content\/uploads\/2021\/01\/STOP_COVID_SSAKI-e1609772027682.png","type":"image\/png"}],"twitter_card":"summary_large_image","twitter_misc":{"Predpokladan\u00fd \u010das \u010d\u00edtania":"3 min\u00faty"},"schema":{"@context":"https:\/\/schema.org","@graph":[{"@type":["WebPage","MedicalWebPage"],"@id":"https:\/\/www.ssaki.eu\/?page_id=3917188","url":"https:\/\/www.ssaki.eu\/?page_id=3917188","name":"Zo z\u00e1pisnice z 20.3.2026 - Slovensk\u00e1 spolo\u010dnos\u0165 alergol\u00f3gie a klinickej imunol\u00f3gie","isPartOf":{"@id":"https:\/\/www.ssaki.eu\/#website"},"datePublished":"2026-05-06T19:32:26+00:00","dateModified":"2026-05-06T19:32:27+00:00","description":"Sme odborn\u00e1 splo\u010dnos\u0165, ktor\u00e1 zdru\u017euje klinick\u00fdch imunol\u00f3gov a alergol\u00f3gov, ako aj in\u00fdch odborn\u00edkov so z\u00e1ujmom o tento odbor. Na\u0161a spolo\u010dnos\u0165 je hlavn\u00fdm organiz\u00e1torom kontunu\u00e1lneho vzdel\u00e1vania v tomto odbore na Slovensku.","breadcrumb":{"@id":"https:\/\/www.ssaki.eu\/?page_id=3917188#breadcrumb"},"inLanguage":"sk-SK","potentialAction":[{"@type":"ReadAction","target":["https:\/\/www.ssaki.eu\/?page_id=3917188"]}]},{"@type":"BreadcrumbList","@id":"https:\/\/www.ssaki.eu\/?page_id=3917188#breadcrumb","itemListElement":[{"@type":"ListItem","position":1,"name":"Domovsk\u00e1 str\u00e1nka","item":"https:\/\/www.ssaki.eu\/"},{"@type":"ListItem","position":2,"name":"Zo z\u00e1pisnice z 20.3.2026"}]},{"@type":"WebSite","@id":"https:\/\/www.ssaki.eu\/#website","url":"https:\/\/www.ssaki.eu\/","name":"Slovensk\u00e1 spolo\u010dnos\u0165 alergol\u00f3gie a klinickej imunol\u00f3gie","description":"","publisher":{"@id":"https:\/\/www.ssaki.eu\/#organization"},"potentialAction":[{"@type":"SearchAction","target":{"@type":"EntryPoint","urlTemplate":"https:\/\/www.ssaki.eu\/?s={search_term_string}"},"query-input":{"@type":"PropertyValueSpecification","valueRequired":true,"valueName":"search_term_string"}}],"inLanguage":"sk-SK"},{"@type":"Organization","@id":"https:\/\/www.ssaki.eu\/#organization","name":"Slovensk\u00e1 spolo\u010dnos\u0165 alergol\u00f3gie a klinickej imunol\u00f3gie","url":"https:\/\/www.ssaki.eu\/","logo":{"@type":"ImageObject","inLanguage":"sk-SK","@id":"https:\/\/www.ssaki.eu\/#\/schema\/logo\/image\/","url":"https:\/\/www.ssaki.eu\/wp-content\/uploads\/2021\/01\/LOGO-1.png","contentUrl":"https:\/\/www.ssaki.eu\/wp-content\/uploads\/2021\/01\/LOGO-1.png","width":1280,"height":720,"caption":"Slovensk\u00e1 spolo\u010dnos\u0165 alergol\u00f3gie a klinickej imunol\u00f3gie"},"image":{"@id":"https:\/\/www.ssaki.eu\/#\/schema\/logo\/image\/"},"sameAs":["https:\/\/www.facebook.com\/alergologoviaimunologoviaSK"]}]}},"_links":{"self":[{"href":"https:\/\/www.ssaki.eu\/index.php?rest_route=\/wp\/v2\/pages\/3917188","targetHints":{"allow":["GET"]}}],"collection":[{"href":"https:\/\/www.ssaki.eu\/index.php?rest_route=\/wp\/v2\/pages"}],"about":[{"href":"https:\/\/www.ssaki.eu\/index.php?rest_route=\/wp\/v2\/types\/page"}],"author":[{"embeddable":true,"href":"https:\/\/www.ssaki.eu\/index.php?rest_route=\/wp\/v2\/users\/1"}],"replies":[{"embeddable":true,"href":"https:\/\/www.ssaki.eu\/index.php?rest_route=%2Fwp%2Fv2%2Fcomments&post=3917188"}],"version-history":[{"count":1,"href":"https:\/\/www.ssaki.eu\/index.php?rest_route=\/wp\/v2\/pages\/3917188\/revisions"}],"predecessor-version":[{"id":3917189,"href":"https:\/\/www.ssaki.eu\/index.php?rest_route=\/wp\/v2\/pages\/3917188\/revisions\/3917189"}],"wp:attachment":[{"href":"https:\/\/www.ssaki.eu\/index.php?rest_route=%2Fwp%2Fv2%2Fmedia&parent=3917188"}],"curies":[{"name":"wp","href":"https:\/\/api.w.org\/{rel}","templated":true}]}}