{"id":418,"date":"2013-03-24T16:36:38","date_gmt":"2013-03-24T16:36:38","guid":{"rendered":"http:\/\/www.ssaki.eu\/?page_id=418"},"modified":"2013-03-24T16:39:57","modified_gmt":"2013-03-24T16:39:57","slug":"zo-zapisnice-z-18-1-2013","status":"publish","type":"page","link":"https:\/\/www.ssaki.eu\/?page_id=418","title":{"rendered":"Zo z\u00e1pisnice z 18.1.2013"},"content":{"rendered":"<p><b>Z\u00e1pisnica z zasadnutia V\u00fdboru SSAKI d\u0148a 18.1.2013, Selce<br \/>\n<\/b><\/p>\n<p><b>Pr\u00edtomn\u00ed :<\/b>\u010ci\u017en\u00e1r,Hrubi\u0161ko,Ko\u0161turiak,Kov\u00e1\u010dov\u00e1,Petriskov\u00e1,Pru\u017einec,Schvalbov\u00e1,Vrl\u00edk<\/p>\n<p><b>Ospravedlnen\u00ed: <\/b>Hochmuth,Koss\u00e1rov\u00e1 Lap\u0161ansk\u00e1<\/p>\n<p><strong>1. XXX. kongres\u00a0 SSAKI a \u00a0\u010cSAKI ,Bratislava 25.-28.9.2013 Doubletree Hilton<\/strong><\/p>\n<p>0.inform\u00e1cia odoslan\u00e1, rozdan\u00e9 na 29.kongrese \u010cSAKI a\u00a0SSAKI \u00a0v\u00a0Liberci<\/p>\n<p>Tvorba 1.inform\u00e1cie<\/p>\n<p>\u00da\u010dastn\u00edcky poplatok<\/p>\n<p>do \u00a0\u00a015.8. \u00a0\u00a0\u00a0\u00a0\u00a0\u00a0\u00a0\u00a0\u00a0\u00a0\u00a0\u00a0\u00a0\u00a0\u00a0\u00a0\u00a0\u00a0\u00a0\u00a0\u00a0\u00a0\u00a0\u00a0\u00a0\u00a0\u00a0\u00a0\u00a0\u00a0\u00a0\u00a0\u00a0\u00a0\u00a0\u00a0\u00a050 EUR<\/p>\n<p>po \u00a0\u00a0\u00a015.8. \u00a0\u00a0\u00a0\u00a0\u00a0\u00a0\u00a0\u00a0\u00a0\u00a0\u00a0\u00a0\u00a0\u00a0\u00a0\u00a0\u00a0\u00a0\u00a0\u00a0\u00a0\u00a0\u00a0\u00a0\u00a0\u00a0\u00a0\u00a0\u00a0\u00a0\u00a0\u00a0\u00a0\u00a0\u00a0\u00a0\u00a060 EUR<\/p>\n<p>na \u00a0mieste\u00a0\u00a0\u00a0\u00a0 \u00a0\u00a0\u00a0\u00a0\u00a0\u00a0\u00a0\u00a0\u00a0\u00a0\u00a0\u00a0\u00a0\u00a0\u00a0\u00a0\u00a0\u00a0\u00a0\u00a0\u00a0\u00a0\u00a0\u00a0\u00a0\u00a0\u00a0\u00a0\u00a0\u00a0\u00a0\u00a070 EUR<\/p>\n<p>mlad\u00ed \u00a0imunol\u00f3govia do 35 r\u00a0\u00a0\u00a0\u00a0 \u00a020 EUR<\/p>\n<p>SZP\u00a0\u00a0\u00a0\u00a0\u00a0\u00a0\u00a0\u00a0\u00a0\u00a0\u00a0\u00a0\u00a0\u00a0\u00a0\u00a0\u00a0\u00a0\u00a0\u00a0\u00a0\u00a0\u00a0\u00a0\u00a0\u00a0\u00a0\u00a0\u00a0\u00a0\u00a0\u00a0\u00a0\u00a0\u00a0\u00a0\u00a0\u00a0\u00a0\u00a0\u00a0\u00a0\u00a0\u00a0\u00a0\u00a0\u00a0\u00a0 \u00a010 EUR<\/p>\n<p>Prihl\u00e1\u0161ky:<\/p>\n<p>akt\u00edvna \u00fa\u010das\u0165 -do 15.6.2013<\/p>\n<p>pas\u00edvna \u00fa\u010das\u0165- do 15.9.2013<\/p>\n<p>On line formul\u00e1re zabezpe\u010d\u00ed na web str\u00e1nke \u00a0\u00a0R. Ko\u0161turiak<\/p>\n<p>P.Pru\u017einec informoval :<\/p>\n<p>Double Tree Hilton- zabezpe\u010den\u00e9 \u00a02 s\u00e1ly pre 2 sekcie ,priestory pre vystavovate\u013eov<\/p>\n<p>Rezervovan\u00e9 izby pre v\u00fdbory SSAKI a \u010cSAKI, zahrani\u010dn\u00fdch a pozvan\u00fdch host\u00ed<\/p>\n<p>M.Vrl\u00edk oslov\u00ed\u00a0 V.Petru\u00a0 oh\u013eadne z\u00e1v\u00e4znej \u00fa\u010dasti \u010dlenov V\u00fdboru \u010cSAKI na kongrese do 30.4.2013,ozn\u00e1mi J.Petriskovej<\/p>\n<p>Zahrani\u010dn\u00ed hostia: Dr.R..Valenta (Rak\u00fasko)- poz\u00fdva P.\u010ci\u017en\u00e1r- vy\u017eiadan\u00e1 predn\u00e1\u0161ka<\/p>\n<p>2 \u010dlenov ma\u010farsk\u00e9ho v\u00fdboru &#8211; pozve K.Koss\u00e1rov\u00e1<\/p>\n<p>M. Vrl\u00edk ,M. Hrubi\u0161ko vy\u017eiadaj\u00fa \u00a0predn\u00e1\u0161ku od EAACI \u00a0na t\u00e9mu\u00a0 potravinov\u00e1 \u00a0alergia ?<\/p>\n<p>Demon\u0161tr\u00e1cia kardiopulmon\u00e1lnej resuscit\u00e1cie v\u00a0priestoroch\u00a0 konania kongresu ( Dr.Mikler zabezpe\u010d\u00ed figur\u00edny a\u00a0bude dohliada\u0165 na priebeh )<\/p>\n<p>Predbe\u017en\u00fd program<b> :<\/b><b>Streda-25.9.-<\/b> vy\u017eiadan\u00e9 predn\u00e1\u0161ky- Valenta(30 min),EAACI(30 min),1 Ma\u010far(20 min) ,2\u010cesi(20 min),Pru\u017einec(20 min),Buc\u00a0 (20 min)<\/p>\n<p><b>\u0160tvrtok-26.9.2013:<\/b> Zasadania v\u00fdborov SSAKI a \u010cSAKI<\/p>\n<p><b>Piatok-27.9.2013: <\/b>Sklad \u010d.7 Eurovea \u2013pren\u00e1jom\u00a0 priestorov, cattering \u2013P.Pru\u017einec<\/p>\n<p>Vrl\u00edk, Hrubi\u0161ko dohodn\u00fa t\u00e9mu s Prof. Bucom na \u00favodn\u00fd blok kongresu<\/p>\n<p>Vrl\u00edk oslov\u00ed Petru oh\u013eadne \u00favod.predn\u00e1\u0161ok \u010desk\u00fdch predn\u00e1\u0161ate\u013eov<\/p>\n<p>\u00da\u010dastn\u00edci kongresu \u00a0dostan\u00fa pri registr\u00e1cii l\u00edstky na 2.ve\u010der<\/p>\n<p><b>Sobota-28.9.2013: <\/b>Postgradu\u00e1l- Imunopatologia ko\u017ee(oslovi\u0165 P\u00e9\u010da,\u010cervenkov\u00fa a i.)<\/p>\n<p><b>Hlavn\u00e9 t\u00e9my :<\/b><\/p>\n<p>1.Alergia ako interdisciplin\u00e1rny probl\u00e9m<\/p>\n<p>2.Respira\u010dn\u00e1 alergia<\/p>\n<p>3.Imunologia ko\u017ee<\/p>\n<p>4.Potravinov\u00e1 alergia<\/p>\n<p>5.Liekov\u00e1\u00a0 alergia<\/p>\n<p>6.Alerg\u00e9nov\u00e1 Imunoterapia<\/p>\n<p>7.Alergologick\u00e1 diagnostika<\/p>\n<p>8.Imunologick\u00e1 diagnostika<\/p>\n<p>9.Autoimunita<\/p>\n<p>10.Imunodeficiencie<\/p>\n<p>11.Vakcin\u00e1cia<\/p>\n<p>12.Alergick\u00e9 die\u0165a<\/p>\n<p>13.Sekcia sestier a\u00a0laborantov<\/p>\n<p><strong>2.R\u00f4zne\u00a0<\/strong><\/p>\n<p>-Nasleduj\u00face zasadanie organiza\u010dn\u00e9ho v\u00fdboru kongresu \u00a0bude 22.3. o 9 00 hod. v priestoroch Guhrovho \u00fastavu pred za\u010diatkom Guhrov\u00fdch dn\u00ed<\/p>\n<p>-P. Pru\u017einec referoval ako hlavn\u00fd odborn\u00edk :<\/p>\n<p>Doc. Jase\u0148\u00e1k\u00a0 sa obr\u00e1til na hlavn\u00e9ho odborn\u00edka s\u00a0dotazom \u00a0oh\u013eadne \u00a0vytvorenia\u00a0 Centra pre \u0165a\u017ek\u00e9 alergie a\u00a0Centra pre heredit\u00e1rny angioed\u00e9m, dostal\u00a0 s\u00fahlas pre p\u00f4sobnos\u0165 \u00a0tak\u00fdchto centier v\u00a0rozsahu\u00a0 Stredoslovensk\u00e9ho kraja.<\/p>\n<p>List Dr.Miklo\u0161iho- po\u017eiadavka pre \u00a0vytvorenie nadrezortnej skupiny pre zriedkav\u00e9 choroby .V\u00fdborom bol navrhnut\u00fd M. Hrubi\u0161ko<\/p>\n<p>Vysok\u00fd doplatok na AH bez generickej n\u00e1hrady(Bilastine, rupatadine ).Vrl\u00edk,Pru\u017einec za\u0161l\u00fa list na MZ SR, v ktorom bud\u00fa \u017eiada\u0165 korigova\u0165 neadekv\u00e1tne vysok\u00fd doplatok \u00a0(Vrl\u00edk,Pru\u017einec)<\/p>\n<p>&#8211;\u00a0Pripomienkovan\u00fd materi\u00e1l\u00a0 k\u00a0diagnosticko terapeutick\u00fdm \u00a0\u0161tandardom v \u00a0klinickej imunologii a\u00a0alergologii -materi\u00e1l\u00a0 finalizuje J.Petriskov\u00e1<\/p>\n<p>-Jubilanti :<\/p>\n<p>Z.Kov\u00e1\u010dov\u00e1 zabezpe\u010d\u00ed tla\u010d \u010fakovn\u00fdch listov v po\u010dte 50 ks.<\/p>\n<p>M.Vrl\u00edk zist\u00ed od \u00fadaje od \u010desk\u00fdch kolegov.<\/p>\n<p>Zap\u00edsala J.Petriskov\u00e1,M.Schvalbov\u00e1<\/p>\n","protected":false},"excerpt":{"rendered":"<p>Z\u00e1pisnica z zasadnutia V\u00fdboru SSAKI d\u0148a 18.1.2013, Selce Pr\u00edtomn\u00ed :\u010ci\u017en\u00e1r,Hrubi\u0161ko,Ko\u0161turiak,Kov\u00e1\u010dov\u00e1,Petriskov\u00e1,Pru\u017einec,Schvalbov\u00e1,Vrl\u00edk Ospravedlnen\u00ed: Hochmuth,Koss\u00e1rov\u00e1 Lap\u0161ansk\u00e1 1. XXX. kongres\u00a0 SSAKI a \u00a0\u010cSAKI ,Bratislava 25.-28.9.2013 Doubletree Hilton 0.inform\u00e1cia odoslan\u00e1, rozdan\u00e9 na 29.kongrese \u010cSAKI a\u00a0SSAKI \u00a0v\u00a0Liberci Tvorba 1.inform\u00e1cie \u00da\u010dastn\u00edcky&#46;&#46;&#46;<\/p>\n","protected":false},"author":1,"featured_media":0,"parent":19,"menu_order":0,"comment_status":"closed","ping_status":"closed","template":"","meta":{"footnotes":""},"class_list":["post-418","page","type-page","status-publish","hentry"],"yoast_head":"<!-- This site is optimized with the Yoast SEO plugin v27.4 - https:\/\/yoast.com\/product\/yoast-seo-wordpress\/ -->\n<title>Zo z\u00e1pisnice z 18.1.2013 - Slovensk\u00e1 spolo\u010dnos\u0165 alergol\u00f3gie a klinickej imunol\u00f3gie<\/title>\n<meta name=\"description\" content=\"Sme odborn\u00e1 splo\u010dnos\u0165, ktor\u00e1 zdru\u017euje klinick\u00fdch imunol\u00f3gov a alergol\u00f3gov, ako aj in\u00fdch odborn\u00edkov so z\u00e1ujmom o tento odbor. Na\u0161a spolo\u010dnos\u0165 je hlavn\u00fdm organiz\u00e1torom kontunu\u00e1lneho vzdel\u00e1vania v tomto odbore na Slovensku.\" \/>\n<meta name=\"robots\" content=\"index, follow, max-snippet:-1, max-image-preview:large, max-video-preview:-1\" \/>\n<link rel=\"canonical\" href=\"https:\/\/www.ssaki.eu\/?page_id=418\" \/>\n<meta property=\"og:locale\" content=\"sk_SK\" \/>\n<meta property=\"og:type\" content=\"article\" \/>\n<meta property=\"og:title\" content=\"Zo z\u00e1pisnice z 18.1.2013 - Slovensk\u00e1 spolo\u010dnos\u0165 alergol\u00f3gie a klinickej imunol\u00f3gie\" \/>\n<meta property=\"og:description\" content=\"Sme odborn\u00e1 splo\u010dnos\u0165, ktor\u00e1 zdru\u017euje klinick\u00fdch imunol\u00f3gov a alergol\u00f3gov, ako aj in\u00fdch odborn\u00edkov so z\u00e1ujmom o tento odbor. Na\u0161a spolo\u010dnos\u0165 je hlavn\u00fdm organiz\u00e1torom kontunu\u00e1lneho vzdel\u00e1vania v tomto odbore na Slovensku.\" \/>\n<meta property=\"og:url\" content=\"https:\/\/www.ssaki.eu\/?page_id=418\" \/>\n<meta property=\"og:site_name\" content=\"Slovensk\u00e1 spolo\u010dnos\u0165 alergol\u00f3gie a klinickej imunol\u00f3gie\" \/>\n<meta property=\"article:publisher\" content=\"https:\/\/www.facebook.com\/alergologoviaimunologoviaSK\" \/>\n<meta property=\"article:modified_time\" content=\"2013-03-24T16:39:57+00:00\" \/>\n<meta property=\"og:image\" content=\"https:\/\/www.ssaki.eu\/wp-content\/uploads\/2021\/01\/STOP_COVID_SSAKI-e1609772027682.png\" \/>\n\t<meta property=\"og:image:width\" content=\"640\" \/>\n\t<meta property=\"og:image:height\" content=\"360\" \/>\n\t<meta property=\"og:image:type\" content=\"image\/png\" \/>\n<meta name=\"twitter:card\" content=\"summary_large_image\" \/>\n<meta name=\"twitter:label1\" content=\"Predpokladan\u00fd \u010das \u010d\u00edtania\" \/>\n\t<meta name=\"twitter:data1\" content=\"3 min\u00faty\" \/>\n<script type=\"application\/ld+json\" class=\"yoast-schema-graph\">{\"@context\":\"https:\\\/\\\/schema.org\",\"@graph\":[{\"@type\":[\"WebPage\",\"MedicalWebPage\"],\"@id\":\"https:\\\/\\\/www.ssaki.eu\\\/?page_id=418\",\"url\":\"https:\\\/\\\/www.ssaki.eu\\\/?page_id=418\",\"name\":\"Zo z\u00e1pisnice z 18.1.2013 - Slovensk\u00e1 spolo\u010dnos\u0165 alergol\u00f3gie a klinickej imunol\u00f3gie\",\"isPartOf\":{\"@id\":\"https:\\\/\\\/www.ssaki.eu\\\/#website\"},\"datePublished\":\"2013-03-24T16:36:38+00:00\",\"dateModified\":\"2013-03-24T16:39:57+00:00\",\"description\":\"Sme odborn\u00e1 splo\u010dnos\u0165, ktor\u00e1 zdru\u017euje klinick\u00fdch imunol\u00f3gov a alergol\u00f3gov, ako aj in\u00fdch odborn\u00edkov so z\u00e1ujmom o tento odbor. Na\u0161a spolo\u010dnos\u0165 je hlavn\u00fdm organiz\u00e1torom kontunu\u00e1lneho vzdel\u00e1vania v tomto odbore na Slovensku.\",\"breadcrumb\":{\"@id\":\"https:\\\/\\\/www.ssaki.eu\\\/?page_id=418#breadcrumb\"},\"inLanguage\":\"sk-SK\",\"potentialAction\":[{\"@type\":\"ReadAction\",\"target\":[\"https:\\\/\\\/www.ssaki.eu\\\/?page_id=418\"]}]},{\"@type\":\"BreadcrumbList\",\"@id\":\"https:\\\/\\\/www.ssaki.eu\\\/?page_id=418#breadcrumb\",\"itemListElement\":[{\"@type\":\"ListItem\",\"position\":1,\"name\":\"Domovsk\u00e1 str\u00e1nka\",\"item\":\"https:\\\/\\\/www.ssaki.eu\\\/\"},{\"@type\":\"ListItem\",\"position\":2,\"name\":\"V\u00fdbor spolo\u010dnosti\",\"item\":\"https:\\\/\\\/www.ssaki.eu\\\/?page_id=11\"},{\"@type\":\"ListItem\",\"position\":3,\"name\":\"Zo z\u00e1pisn\u00edc\",\"item\":\"https:\\\/\\\/www.ssaki.eu\\\/?page_id=19\"},{\"@type\":\"ListItem\",\"position\":4,\"name\":\"Zo z\u00e1pisnice z 18.1.2013\"}]},{\"@type\":\"WebSite\",\"@id\":\"https:\\\/\\\/www.ssaki.eu\\\/#website\",\"url\":\"https:\\\/\\\/www.ssaki.eu\\\/\",\"name\":\"Slovensk\u00e1 spolo\u010dnos\u0165 alergol\u00f3gie a klinickej imunol\u00f3gie\",\"description\":\"\",\"publisher\":{\"@id\":\"https:\\\/\\\/www.ssaki.eu\\\/#organization\"},\"potentialAction\":[{\"@type\":\"SearchAction\",\"target\":{\"@type\":\"EntryPoint\",\"urlTemplate\":\"https:\\\/\\\/www.ssaki.eu\\\/?s={search_term_string}\"},\"query-input\":{\"@type\":\"PropertyValueSpecification\",\"valueRequired\":true,\"valueName\":\"search_term_string\"}}],\"inLanguage\":\"sk-SK\"},{\"@type\":\"Organization\",\"@id\":\"https:\\\/\\\/www.ssaki.eu\\\/#organization\",\"name\":\"Slovensk\u00e1 spolo\u010dnos\u0165 alergol\u00f3gie a klinickej imunol\u00f3gie\",\"url\":\"https:\\\/\\\/www.ssaki.eu\\\/\",\"logo\":{\"@type\":\"ImageObject\",\"inLanguage\":\"sk-SK\",\"@id\":\"https:\\\/\\\/www.ssaki.eu\\\/#\\\/schema\\\/logo\\\/image\\\/\",\"url\":\"https:\\\/\\\/www.ssaki.eu\\\/wp-content\\\/uploads\\\/2021\\\/01\\\/LOGO-1.png\",\"contentUrl\":\"https:\\\/\\\/www.ssaki.eu\\\/wp-content\\\/uploads\\\/2021\\\/01\\\/LOGO-1.png\",\"width\":1280,\"height\":720,\"caption\":\"Slovensk\u00e1 spolo\u010dnos\u0165 alergol\u00f3gie a klinickej imunol\u00f3gie\"},\"image\":{\"@id\":\"https:\\\/\\\/www.ssaki.eu\\\/#\\\/schema\\\/logo\\\/image\\\/\"},\"sameAs\":[\"https:\\\/\\\/www.facebook.com\\\/alergologoviaimunologoviaSK\"]}]}<\/script>\n<!-- \/ Yoast SEO plugin. -->","yoast_head_json":{"title":"Zo z\u00e1pisnice z 18.1.2013 - Slovensk\u00e1 spolo\u010dnos\u0165 alergol\u00f3gie a klinickej imunol\u00f3gie","description":"Sme odborn\u00e1 splo\u010dnos\u0165, ktor\u00e1 zdru\u017euje klinick\u00fdch imunol\u00f3gov a alergol\u00f3gov, ako aj in\u00fdch odborn\u00edkov so z\u00e1ujmom o tento odbor. Na\u0161a spolo\u010dnos\u0165 je hlavn\u00fdm organiz\u00e1torom kontunu\u00e1lneho vzdel\u00e1vania v tomto odbore na Slovensku.","robots":{"index":"index","follow":"follow","max-snippet":"max-snippet:-1","max-image-preview":"max-image-preview:large","max-video-preview":"max-video-preview:-1"},"canonical":"https:\/\/www.ssaki.eu\/?page_id=418","og_locale":"sk_SK","og_type":"article","og_title":"Zo z\u00e1pisnice z 18.1.2013 - Slovensk\u00e1 spolo\u010dnos\u0165 alergol\u00f3gie a klinickej imunol\u00f3gie","og_description":"Sme odborn\u00e1 splo\u010dnos\u0165, ktor\u00e1 zdru\u017euje klinick\u00fdch imunol\u00f3gov a alergol\u00f3gov, ako aj in\u00fdch odborn\u00edkov so z\u00e1ujmom o tento odbor. Na\u0161a spolo\u010dnos\u0165 je hlavn\u00fdm organiz\u00e1torom kontunu\u00e1lneho vzdel\u00e1vania v tomto odbore na Slovensku.","og_url":"https:\/\/www.ssaki.eu\/?page_id=418","og_site_name":"Slovensk\u00e1 spolo\u010dnos\u0165 alergol\u00f3gie a klinickej imunol\u00f3gie","article_publisher":"https:\/\/www.facebook.com\/alergologoviaimunologoviaSK","article_modified_time":"2013-03-24T16:39:57+00:00","og_image":[{"width":640,"height":360,"url":"https:\/\/www.ssaki.eu\/wp-content\/uploads\/2021\/01\/STOP_COVID_SSAKI-e1609772027682.png","type":"image\/png"}],"twitter_card":"summary_large_image","twitter_misc":{"Predpokladan\u00fd \u010das \u010d\u00edtania":"3 min\u00faty"},"schema":{"@context":"https:\/\/schema.org","@graph":[{"@type":["WebPage","MedicalWebPage"],"@id":"https:\/\/www.ssaki.eu\/?page_id=418","url":"https:\/\/www.ssaki.eu\/?page_id=418","name":"Zo z\u00e1pisnice z 18.1.2013 - Slovensk\u00e1 spolo\u010dnos\u0165 alergol\u00f3gie a klinickej imunol\u00f3gie","isPartOf":{"@id":"https:\/\/www.ssaki.eu\/#website"},"datePublished":"2013-03-24T16:36:38+00:00","dateModified":"2013-03-24T16:39:57+00:00","description":"Sme odborn\u00e1 splo\u010dnos\u0165, ktor\u00e1 zdru\u017euje klinick\u00fdch imunol\u00f3gov a alergol\u00f3gov, ako aj in\u00fdch odborn\u00edkov so z\u00e1ujmom o tento odbor. Na\u0161a spolo\u010dnos\u0165 je hlavn\u00fdm organiz\u00e1torom kontunu\u00e1lneho vzdel\u00e1vania v tomto odbore na Slovensku.","breadcrumb":{"@id":"https:\/\/www.ssaki.eu\/?page_id=418#breadcrumb"},"inLanguage":"sk-SK","potentialAction":[{"@type":"ReadAction","target":["https:\/\/www.ssaki.eu\/?page_id=418"]}]},{"@type":"BreadcrumbList","@id":"https:\/\/www.ssaki.eu\/?page_id=418#breadcrumb","itemListElement":[{"@type":"ListItem","position":1,"name":"Domovsk\u00e1 str\u00e1nka","item":"https:\/\/www.ssaki.eu\/"},{"@type":"ListItem","position":2,"name":"V\u00fdbor spolo\u010dnosti","item":"https:\/\/www.ssaki.eu\/?page_id=11"},{"@type":"ListItem","position":3,"name":"Zo z\u00e1pisn\u00edc","item":"https:\/\/www.ssaki.eu\/?page_id=19"},{"@type":"ListItem","position":4,"name":"Zo z\u00e1pisnice z 18.1.2013"}]},{"@type":"WebSite","@id":"https:\/\/www.ssaki.eu\/#website","url":"https:\/\/www.ssaki.eu\/","name":"Slovensk\u00e1 spolo\u010dnos\u0165 alergol\u00f3gie a klinickej imunol\u00f3gie","description":"","publisher":{"@id":"https:\/\/www.ssaki.eu\/#organization"},"potentialAction":[{"@type":"SearchAction","target":{"@type":"EntryPoint","urlTemplate":"https:\/\/www.ssaki.eu\/?s={search_term_string}"},"query-input":{"@type":"PropertyValueSpecification","valueRequired":true,"valueName":"search_term_string"}}],"inLanguage":"sk-SK"},{"@type":"Organization","@id":"https:\/\/www.ssaki.eu\/#organization","name":"Slovensk\u00e1 spolo\u010dnos\u0165 alergol\u00f3gie a klinickej imunol\u00f3gie","url":"https:\/\/www.ssaki.eu\/","logo":{"@type":"ImageObject","inLanguage":"sk-SK","@id":"https:\/\/www.ssaki.eu\/#\/schema\/logo\/image\/","url":"https:\/\/www.ssaki.eu\/wp-content\/uploads\/2021\/01\/LOGO-1.png","contentUrl":"https:\/\/www.ssaki.eu\/wp-content\/uploads\/2021\/01\/LOGO-1.png","width":1280,"height":720,"caption":"Slovensk\u00e1 spolo\u010dnos\u0165 alergol\u00f3gie a klinickej imunol\u00f3gie"},"image":{"@id":"https:\/\/www.ssaki.eu\/#\/schema\/logo\/image\/"},"sameAs":["https:\/\/www.facebook.com\/alergologoviaimunologoviaSK"]}]}},"_links":{"self":[{"href":"https:\/\/www.ssaki.eu\/index.php?rest_route=\/wp\/v2\/pages\/418","targetHints":{"allow":["GET"]}}],"collection":[{"href":"https:\/\/www.ssaki.eu\/index.php?rest_route=\/wp\/v2\/pages"}],"about":[{"href":"https:\/\/www.ssaki.eu\/index.php?rest_route=\/wp\/v2\/types\/page"}],"author":[{"embeddable":true,"href":"https:\/\/www.ssaki.eu\/index.php?rest_route=\/wp\/v2\/users\/1"}],"replies":[{"embeddable":true,"href":"https:\/\/www.ssaki.eu\/index.php?rest_route=%2Fwp%2Fv2%2Fcomments&post=418"}],"version-history":[{"count":3,"href":"https:\/\/www.ssaki.eu\/index.php?rest_route=\/wp\/v2\/pages\/418\/revisions"}],"predecessor-version":[{"id":422,"href":"https:\/\/www.ssaki.eu\/index.php?rest_route=\/wp\/v2\/pages\/418\/revisions\/422"}],"up":[{"embeddable":true,"href":"https:\/\/www.ssaki.eu\/index.php?rest_route=\/wp\/v2\/pages\/19"}],"wp:attachment":[{"href":"https:\/\/www.ssaki.eu\/index.php?rest_route=%2Fwp%2Fv2%2Fmedia&parent=418"}],"curies":[{"name":"wp","href":"https:\/\/api.w.org\/{rel}","templated":true}]}}