{"id":423,"date":"2013-03-24T16:54:38","date_gmt":"2013-03-24T16:54:38","guid":{"rendered":"http:\/\/www.ssaki.eu\/?page_id=423"},"modified":"2013-03-24T16:55:31","modified_gmt":"2013-03-24T16:55:31","slug":"zo-zapisnice-z-22-3-2013","status":"publish","type":"page","link":"https:\/\/www.ssaki.eu\/?page_id=423","title":{"rendered":"Zo z\u00e1pisnice z 22.3.2013"},"content":{"rendered":"<p><strong>Zasadnutie v\u00fdboru SSAKI d\u0148a 22.3.2013 v Tatranskej Polianke<\/strong><\/p>\n<p>Pr\u00edtomn\u00ed: Vrl\u00edk, Pru\u017einec, Hrubi\u0161ko, Petriskov\u00e1, Koss\u00e1rov\u00e1, Schvalbova, Mikler, Kov\u00e1\u010dov\u00e1, Ko\u0161turiak, Hochmuth<\/p>\n<p>Ospravedlnen\u00ed :Lap\u0161ansk\u00e1,<\/p>\n<p><strong>Program:<\/strong><\/p>\n<p>\u2022 Pr\u00edprava kongresu SSAKI<\/p>\n<p>\u2022 T\u00e9my kongresu \u2013 koordin\u00e1tori jednotliv\u00fdch sekci\u00ed<\/p>\n<p>\u2022 Doplni\u0165 laborat\u00f3rne t\u00e9my: Autoprotil\u00e1tky, Reproduk\u010dn\u00e1 imunol\u00f3gia,antiinfek\u010dn\u00e1 imunita<\/p>\n<p>\u00dalohy splnen\u00e9 : Vrl\u00edk : oslovi\u0165 Doc.Petru,dodanie koordin\u00e1torov z \u010cR<\/p>\n<p>HLAVN\u00c9 T\u00c9MY + KOORDIN\u00c1TORI:<\/p>\n<p>\u2022 Alergia ako interdisciplin\u00e1rny probl\u00e9m: MUDr.Tom\u00e1\u0161 Ko\u010d\u00ed + MUDr.M.Schvalbov\u00e1, MUDr.R.Ko\u0161turiak<\/p>\n<p>\u2022 Respira\u010dn\u00e1 alergia: prof.MUDr.Petr Pohunek,CSc. + Doc.MUDr.M.Hrubi\u0161ko, MUDr.L.Hochmuth<\/p>\n<p>\u2022 Imunologia ko\u017ee: doc.MUDr.Jarom\u00edr Bystro\u0148, CSc. MUDr.\u010cervenkov\u00e1,Doc.MUDr.D.Buchvald CSc,<\/p>\n<p>\u2022 Potravinov\u00e1 alergia: MUDr.Martin Fuchs + MUDr.Kl\u00e1ra Koss\u00e1rov\u00e1<\/p>\n<p>\u2022 Liekov\u00e1 alergia: MUDr.Bronislava Novotn\u00e1, PhD. + MUDr.Z. Kov\u00e1\u010dov\u00e1, MUDr.Z.Abaffyov\u00e1, MUDr.I.Hlinka<\/p>\n<p>\u2022 Alergenov\u00e1 imunoterapia: MUDr.Irena Kr\u010dmov\u00e1, CSc. Doc.MUDr.M.Hrubi\u0161ko CSc,MUDr.E.Lap\u0161ansk\u00e1 PhD,<\/p>\n<p>\u2022 Alerg\u00e9nov\u00e1 diagnostika: doc.MUDr.Petr Panzner, CSc. + MUDr.J. Michali\u010dkov\u00e1,Ing.J.Petriskov\u00e1,PhD<\/p>\n<p>\u2022 Imunologick\u00e1 diagnostika: RNDr.Vlastimil Kr\u00e1l, CSc. + Ing.J.Petriskov\u00e1,PhD, MUDr.A.Ku\u017emov\u00e1, Ing.E.Barlov\u00e1 CSc,MPh, Ing.Bla\u017e\u00ed\u010dkov\u00e1 CSc, MUDr.Tibensk\u00e1 PhD, Ing.Doc.Jahnov\u00e1,CSc.<\/p>\n<p>\u2022 Autoimunita: doc.MUDr.Jarom\u00edr Bystro\u0148, CSc., Prof.MUDr.M. Buc CSc, MUDr.E.Balkov\u00e1-Pek\u00e1rov\u00e1,PhD<\/p>\n<p>\u2022 Imunodeficiencie: prof.MUDr.Ji\u0159\u00ed Litzman, CSc. Doc.MUDr.P.\u010ci\u017en\u00e1r CSc,MUDr.H.Kayserov\u00e1<\/p>\n<p>\u2022 Vakcin\u00e1cia: MUDr.Dalibor J\u00edlek, CSc., MUDr.H. Kayserov\u00e1, MUDr.S.Timov\u00e1<\/p>\n<p>\u2022 Alergick\u00e9 die\u0165a: doc.MUDr.V\u00edt Petr\u016f, CSc., Doc.MUDr.P.\u010ci\u017en\u00e1r CSc, MUDr.J.Mikler<\/p>\n<p>\u2022 Imunomodul\u00e1cia : doc.MUDr.Jarom\u00edr Bystro\u0148,CSc, Doc.MUDr.Jese\u0148\u00e1k Phd, MUDr.K.Bergendiov\u00e1, PhD<\/p>\n<p>\u2022 Sekcia sestier a laborantov: Bc.Alena Vo\u0159\u00ed\u0161kov\u00e1, MUDr.E.Dzurillov\u00e1, MUDr.J. Michali\u010dkov\u00e1<\/p>\n<p>Oslovi\u0165 \u00fa\u010dastn\u00edkov v\u00fdboru o prijatie miesta v organiz\u00e1cii sekci\u00ed \u2013 MUDr.Kl\u00e1ra Koss\u00e1rov\u00e1<\/p>\n<p>Vy\u017eiadan\u00e9 predn\u00e1\u0161ky :<\/p>\n<p>Rudolf Valenta \/\u010ci\u017en\u00e1r potvrden\u00e1 predn\u00e1\u0161ka<\/p>\n<p>Bartu\u0148kov\u00e1:Protin\u00e1dorov\u00e1 imunologia<\/p>\n<p>Panzner: Diagnostika alergi\u00ed<\/p>\n<p>Prof. Magda Zeh\u00e9r : Autoimunn\u00e9 ochorenia ev. Doc.K. N\u00e9k\u00e1m<\/p>\n<p>\uf0a7 Agent\u00fara, ubytovanie: adresy, cenov\u00e9 rel\u00e1cie,<\/p>\n<p>\uf0a7 Inform\u00e1cie na web str\u00e1nke a prihl\u00e1\u0161ky :Ko\u0161turiak<\/p>\n<p>\uf0a7 Objedn\u00e1vka na Hotel Double tree vybaven\u00e1<\/p>\n<p>\uf0a7 V\u00fdboru \u010cSAKI ozn\u00e1mime , \u017ee maj\u00fa ubytovanie a pozvanie na spolo\u010dn\u00e9 zasadnutie v\u00fdboru pozve a vybav\u00ed Vrl\u00edk<\/p>\n<p>\uf0a7 Odovzdanie \u010destn\u00e9ho \u010dlenstva XXXXXXX na MDI<\/p>\n<p>\uf0a7 U\u010dastn\u00edcke poplatky Do 15.8. 50EUR<\/p>\n<p>Po 15.8. 60EUR<\/p>\n<p>Na mieste 70EUR<\/p>\n<p>Mlad\u00ed do 35r 20EUR<\/p>\n<p>SZP 10EUR<\/p>\n<p>\uf0a7 Uvies\u0165 na WEB str\u00e1nku term\u00edny prihl\u00e1\u0161ok : Akt\u00edvna \u00fa\u010das\u0165 : do 15.6.2013<\/p>\n<p>Pass\u00edvna: do 15.9.2013<\/p>\n<p>\uf0a7 Demon\u0161tr\u00e1cia resuscit\u00e1cie , vybav\u00ed s f. ALK Mikler \/na v\u00fdstavnom priestore , alebo v zvl\u00e1\u0161tnej miestnosti<\/p>\n<p>&nbsp;<\/p>\n<p>\uf0a7 Zoznam akci\u00ed na rok 2013<\/p>\n<p>10-12.4. MDI &#8211; Martin<\/p>\n<p>26-27.4. ASLSR<\/p>\n<p>2-4.5.Bardejov<\/p>\n<p>9-11.m\u00e1j Liptovsk\u00fd Hr\u00e1dok &#8211; V\u00fdbor SSAKI<\/p>\n<p>16-17.m\u00e1j Litomy\u0161l<\/p>\n<p>31-1.j\u00fan- Alergia 2013 BA S\u00daZ<\/p>\n<p>7-9. j\u00fan Tel\u010d- Pediatrick\u00e1 imunologia<\/p>\n<p>21-26.j\u00fan Milano kongres EAACI<\/p>\n<p>3-4. j\u00fala-Val\u010diansk\u00e1 dolina- organiza\u010dn\u00fd v\u00fdbor kongresu<\/p>\n<p>16-17.august- L\u0160I<\/p>\n<p>7-11.septembra- ERS- Barcelona<\/p>\n<p>13-14. septembra- Organiza\u010dn\u00fd v\u00fdbor kongresu-BA?<\/p>\n<p>25-26.septembra- Kongres SSAKI-\u010cSAKI Bratislava<\/p>\n<p>25-26.okobra -ASLSR, ( SD, Stallergens)<\/p>\n<p>22-23. Novembra &#8211; AIT forum<\/p>\n<p>13.decembra \u2013v\u00fdbor SSAKI<\/p>\n<p>Zap\u00edsala Dr.Koss\u00e1rov\u00e1<\/p>\n<p>&nbsp;<\/p>\n","protected":false},"excerpt":{"rendered":"<p>Zasadnutie v\u00fdboru SSAKI d\u0148a 22.3.2013 v Tatranskej Polianke Pr\u00edtomn\u00ed: Vrl\u00edk, Pru\u017einec, Hrubi\u0161ko, Petriskov\u00e1, Koss\u00e1rov\u00e1, Schvalbova, Mikler, Kov\u00e1\u010dov\u00e1, Ko\u0161turiak, Hochmuth Ospravedlnen\u00ed :Lap\u0161ansk\u00e1, Program: \u2022 Pr\u00edprava kongresu SSAKI \u2022 T\u00e9my kongresu \u2013 koordin\u00e1tori jednotliv\u00fdch sekci\u00ed \u2022&#46;&#46;&#46;<\/p>\n","protected":false},"author":1,"featured_media":0,"parent":19,"menu_order":0,"comment_status":"closed","ping_status":"closed","template":"","meta":{"footnotes":""},"class_list":["post-423","page","type-page","status-publish","hentry"],"yoast_head":"<!-- This site is optimized with the Yoast SEO plugin v27.4 - https:\/\/yoast.com\/product\/yoast-seo-wordpress\/ -->\n<title>Zo z\u00e1pisnice z 22.3.2013 - Slovensk\u00e1 spolo\u010dnos\u0165 alergol\u00f3gie a klinickej imunol\u00f3gie<\/title>\n<meta name=\"description\" content=\"Sme odborn\u00e1 splo\u010dnos\u0165, ktor\u00e1 zdru\u017euje klinick\u00fdch imunol\u00f3gov a alergol\u00f3gov, ako aj in\u00fdch odborn\u00edkov so z\u00e1ujmom o tento odbor. Na\u0161a spolo\u010dnos\u0165 je hlavn\u00fdm organiz\u00e1torom kontunu\u00e1lneho vzdel\u00e1vania v tomto odbore na Slovensku.\" \/>\n<meta name=\"robots\" content=\"index, follow, max-snippet:-1, max-image-preview:large, max-video-preview:-1\" \/>\n<link rel=\"canonical\" href=\"https:\/\/www.ssaki.eu\/?page_id=423\" \/>\n<meta property=\"og:locale\" content=\"sk_SK\" \/>\n<meta property=\"og:type\" content=\"article\" \/>\n<meta property=\"og:title\" content=\"Zo z\u00e1pisnice z 22.3.2013 - Slovensk\u00e1 spolo\u010dnos\u0165 alergol\u00f3gie a klinickej imunol\u00f3gie\" \/>\n<meta property=\"og:description\" content=\"Sme odborn\u00e1 splo\u010dnos\u0165, ktor\u00e1 zdru\u017euje klinick\u00fdch imunol\u00f3gov a alergol\u00f3gov, ako aj in\u00fdch odborn\u00edkov so z\u00e1ujmom o tento odbor. Na\u0161a spolo\u010dnos\u0165 je hlavn\u00fdm organiz\u00e1torom kontunu\u00e1lneho vzdel\u00e1vania v tomto odbore na Slovensku.\" \/>\n<meta property=\"og:url\" content=\"https:\/\/www.ssaki.eu\/?page_id=423\" \/>\n<meta property=\"og:site_name\" content=\"Slovensk\u00e1 spolo\u010dnos\u0165 alergol\u00f3gie a klinickej imunol\u00f3gie\" \/>\n<meta property=\"article:publisher\" content=\"https:\/\/www.facebook.com\/alergologoviaimunologoviaSK\" \/>\n<meta property=\"article:modified_time\" content=\"2013-03-24T16:55:31+00:00\" \/>\n<meta property=\"og:image\" content=\"https:\/\/www.ssaki.eu\/wp-content\/uploads\/2021\/01\/STOP_COVID_SSAKI-e1609772027682.png\" \/>\n\t<meta property=\"og:image:width\" content=\"640\" \/>\n\t<meta property=\"og:image:height\" content=\"360\" \/>\n\t<meta property=\"og:image:type\" content=\"image\/png\" \/>\n<meta name=\"twitter:card\" content=\"summary_large_image\" \/>\n<meta name=\"twitter:label1\" content=\"Predpokladan\u00fd \u010das \u010d\u00edtania\" \/>\n\t<meta name=\"twitter:data1\" content=\"3 min\u00faty\" \/>\n<script type=\"application\/ld+json\" class=\"yoast-schema-graph\">{\"@context\":\"https:\\\/\\\/schema.org\",\"@graph\":[{\"@type\":[\"WebPage\",\"MedicalWebPage\"],\"@id\":\"https:\\\/\\\/www.ssaki.eu\\\/?page_id=423\",\"url\":\"https:\\\/\\\/www.ssaki.eu\\\/?page_id=423\",\"name\":\"Zo z\u00e1pisnice z 22.3.2013 - Slovensk\u00e1 spolo\u010dnos\u0165 alergol\u00f3gie a klinickej imunol\u00f3gie\",\"isPartOf\":{\"@id\":\"https:\\\/\\\/www.ssaki.eu\\\/#website\"},\"datePublished\":\"2013-03-24T16:54:38+00:00\",\"dateModified\":\"2013-03-24T16:55:31+00:00\",\"description\":\"Sme odborn\u00e1 splo\u010dnos\u0165, ktor\u00e1 zdru\u017euje klinick\u00fdch imunol\u00f3gov a alergol\u00f3gov, ako aj in\u00fdch odborn\u00edkov so z\u00e1ujmom o tento odbor. Na\u0161a spolo\u010dnos\u0165 je hlavn\u00fdm organiz\u00e1torom kontunu\u00e1lneho vzdel\u00e1vania v tomto odbore na Slovensku.\",\"breadcrumb\":{\"@id\":\"https:\\\/\\\/www.ssaki.eu\\\/?page_id=423#breadcrumb\"},\"inLanguage\":\"sk-SK\",\"potentialAction\":[{\"@type\":\"ReadAction\",\"target\":[\"https:\\\/\\\/www.ssaki.eu\\\/?page_id=423\"]}]},{\"@type\":\"BreadcrumbList\",\"@id\":\"https:\\\/\\\/www.ssaki.eu\\\/?page_id=423#breadcrumb\",\"itemListElement\":[{\"@type\":\"ListItem\",\"position\":1,\"name\":\"Domovsk\u00e1 str\u00e1nka\",\"item\":\"https:\\\/\\\/www.ssaki.eu\\\/\"},{\"@type\":\"ListItem\",\"position\":2,\"name\":\"V\u00fdbor spolo\u010dnosti\",\"item\":\"https:\\\/\\\/www.ssaki.eu\\\/?page_id=11\"},{\"@type\":\"ListItem\",\"position\":3,\"name\":\"Zo z\u00e1pisn\u00edc\",\"item\":\"https:\\\/\\\/www.ssaki.eu\\\/?page_id=19\"},{\"@type\":\"ListItem\",\"position\":4,\"name\":\"Zo z\u00e1pisnice z 22.3.2013\"}]},{\"@type\":\"WebSite\",\"@id\":\"https:\\\/\\\/www.ssaki.eu\\\/#website\",\"url\":\"https:\\\/\\\/www.ssaki.eu\\\/\",\"name\":\"Slovensk\u00e1 spolo\u010dnos\u0165 alergol\u00f3gie a klinickej imunol\u00f3gie\",\"description\":\"\",\"publisher\":{\"@id\":\"https:\\\/\\\/www.ssaki.eu\\\/#organization\"},\"potentialAction\":[{\"@type\":\"SearchAction\",\"target\":{\"@type\":\"EntryPoint\",\"urlTemplate\":\"https:\\\/\\\/www.ssaki.eu\\\/?s={search_term_string}\"},\"query-input\":{\"@type\":\"PropertyValueSpecification\",\"valueRequired\":true,\"valueName\":\"search_term_string\"}}],\"inLanguage\":\"sk-SK\"},{\"@type\":\"Organization\",\"@id\":\"https:\\\/\\\/www.ssaki.eu\\\/#organization\",\"name\":\"Slovensk\u00e1 spolo\u010dnos\u0165 alergol\u00f3gie a klinickej imunol\u00f3gie\",\"url\":\"https:\\\/\\\/www.ssaki.eu\\\/\",\"logo\":{\"@type\":\"ImageObject\",\"inLanguage\":\"sk-SK\",\"@id\":\"https:\\\/\\\/www.ssaki.eu\\\/#\\\/schema\\\/logo\\\/image\\\/\",\"url\":\"https:\\\/\\\/www.ssaki.eu\\\/wp-content\\\/uploads\\\/2021\\\/01\\\/LOGO-1.png\",\"contentUrl\":\"https:\\\/\\\/www.ssaki.eu\\\/wp-content\\\/uploads\\\/2021\\\/01\\\/LOGO-1.png\",\"width\":1280,\"height\":720,\"caption\":\"Slovensk\u00e1 spolo\u010dnos\u0165 alergol\u00f3gie a klinickej imunol\u00f3gie\"},\"image\":{\"@id\":\"https:\\\/\\\/www.ssaki.eu\\\/#\\\/schema\\\/logo\\\/image\\\/\"},\"sameAs\":[\"https:\\\/\\\/www.facebook.com\\\/alergologoviaimunologoviaSK\"]}]}<\/script>\n<!-- \/ Yoast SEO plugin. -->","yoast_head_json":{"title":"Zo z\u00e1pisnice z 22.3.2013 - Slovensk\u00e1 spolo\u010dnos\u0165 alergol\u00f3gie a klinickej imunol\u00f3gie","description":"Sme odborn\u00e1 splo\u010dnos\u0165, ktor\u00e1 zdru\u017euje klinick\u00fdch imunol\u00f3gov a alergol\u00f3gov, ako aj in\u00fdch odborn\u00edkov so z\u00e1ujmom o tento odbor. Na\u0161a spolo\u010dnos\u0165 je hlavn\u00fdm organiz\u00e1torom kontunu\u00e1lneho vzdel\u00e1vania v tomto odbore na Slovensku.","robots":{"index":"index","follow":"follow","max-snippet":"max-snippet:-1","max-image-preview":"max-image-preview:large","max-video-preview":"max-video-preview:-1"},"canonical":"https:\/\/www.ssaki.eu\/?page_id=423","og_locale":"sk_SK","og_type":"article","og_title":"Zo z\u00e1pisnice z 22.3.2013 - Slovensk\u00e1 spolo\u010dnos\u0165 alergol\u00f3gie a klinickej imunol\u00f3gie","og_description":"Sme odborn\u00e1 splo\u010dnos\u0165, ktor\u00e1 zdru\u017euje klinick\u00fdch imunol\u00f3gov a alergol\u00f3gov, ako aj in\u00fdch odborn\u00edkov so z\u00e1ujmom o tento odbor. Na\u0161a spolo\u010dnos\u0165 je hlavn\u00fdm organiz\u00e1torom kontunu\u00e1lneho vzdel\u00e1vania v tomto odbore na Slovensku.","og_url":"https:\/\/www.ssaki.eu\/?page_id=423","og_site_name":"Slovensk\u00e1 spolo\u010dnos\u0165 alergol\u00f3gie a klinickej imunol\u00f3gie","article_publisher":"https:\/\/www.facebook.com\/alergologoviaimunologoviaSK","article_modified_time":"2013-03-24T16:55:31+00:00","og_image":[{"width":640,"height":360,"url":"https:\/\/www.ssaki.eu\/wp-content\/uploads\/2021\/01\/STOP_COVID_SSAKI-e1609772027682.png","type":"image\/png"}],"twitter_card":"summary_large_image","twitter_misc":{"Predpokladan\u00fd \u010das \u010d\u00edtania":"3 min\u00faty"},"schema":{"@context":"https:\/\/schema.org","@graph":[{"@type":["WebPage","MedicalWebPage"],"@id":"https:\/\/www.ssaki.eu\/?page_id=423","url":"https:\/\/www.ssaki.eu\/?page_id=423","name":"Zo z\u00e1pisnice z 22.3.2013 - Slovensk\u00e1 spolo\u010dnos\u0165 alergol\u00f3gie a klinickej imunol\u00f3gie","isPartOf":{"@id":"https:\/\/www.ssaki.eu\/#website"},"datePublished":"2013-03-24T16:54:38+00:00","dateModified":"2013-03-24T16:55:31+00:00","description":"Sme odborn\u00e1 splo\u010dnos\u0165, ktor\u00e1 zdru\u017euje klinick\u00fdch imunol\u00f3gov a alergol\u00f3gov, ako aj in\u00fdch odborn\u00edkov so z\u00e1ujmom o tento odbor. Na\u0161a spolo\u010dnos\u0165 je hlavn\u00fdm organiz\u00e1torom kontunu\u00e1lneho vzdel\u00e1vania v tomto odbore na Slovensku.","breadcrumb":{"@id":"https:\/\/www.ssaki.eu\/?page_id=423#breadcrumb"},"inLanguage":"sk-SK","potentialAction":[{"@type":"ReadAction","target":["https:\/\/www.ssaki.eu\/?page_id=423"]}]},{"@type":"BreadcrumbList","@id":"https:\/\/www.ssaki.eu\/?page_id=423#breadcrumb","itemListElement":[{"@type":"ListItem","position":1,"name":"Domovsk\u00e1 str\u00e1nka","item":"https:\/\/www.ssaki.eu\/"},{"@type":"ListItem","position":2,"name":"V\u00fdbor spolo\u010dnosti","item":"https:\/\/www.ssaki.eu\/?page_id=11"},{"@type":"ListItem","position":3,"name":"Zo z\u00e1pisn\u00edc","item":"https:\/\/www.ssaki.eu\/?page_id=19"},{"@type":"ListItem","position":4,"name":"Zo z\u00e1pisnice z 22.3.2013"}]},{"@type":"WebSite","@id":"https:\/\/www.ssaki.eu\/#website","url":"https:\/\/www.ssaki.eu\/","name":"Slovensk\u00e1 spolo\u010dnos\u0165 alergol\u00f3gie a klinickej imunol\u00f3gie","description":"","publisher":{"@id":"https:\/\/www.ssaki.eu\/#organization"},"potentialAction":[{"@type":"SearchAction","target":{"@type":"EntryPoint","urlTemplate":"https:\/\/www.ssaki.eu\/?s={search_term_string}"},"query-input":{"@type":"PropertyValueSpecification","valueRequired":true,"valueName":"search_term_string"}}],"inLanguage":"sk-SK"},{"@type":"Organization","@id":"https:\/\/www.ssaki.eu\/#organization","name":"Slovensk\u00e1 spolo\u010dnos\u0165 alergol\u00f3gie a klinickej imunol\u00f3gie","url":"https:\/\/www.ssaki.eu\/","logo":{"@type":"ImageObject","inLanguage":"sk-SK","@id":"https:\/\/www.ssaki.eu\/#\/schema\/logo\/image\/","url":"https:\/\/www.ssaki.eu\/wp-content\/uploads\/2021\/01\/LOGO-1.png","contentUrl":"https:\/\/www.ssaki.eu\/wp-content\/uploads\/2021\/01\/LOGO-1.png","width":1280,"height":720,"caption":"Slovensk\u00e1 spolo\u010dnos\u0165 alergol\u00f3gie a klinickej imunol\u00f3gie"},"image":{"@id":"https:\/\/www.ssaki.eu\/#\/schema\/logo\/image\/"},"sameAs":["https:\/\/www.facebook.com\/alergologoviaimunologoviaSK"]}]}},"_links":{"self":[{"href":"https:\/\/www.ssaki.eu\/index.php?rest_route=\/wp\/v2\/pages\/423","targetHints":{"allow":["GET"]}}],"collection":[{"href":"https:\/\/www.ssaki.eu\/index.php?rest_route=\/wp\/v2\/pages"}],"about":[{"href":"https:\/\/www.ssaki.eu\/index.php?rest_route=\/wp\/v2\/types\/page"}],"author":[{"embeddable":true,"href":"https:\/\/www.ssaki.eu\/index.php?rest_route=\/wp\/v2\/users\/1"}],"replies":[{"embeddable":true,"href":"https:\/\/www.ssaki.eu\/index.php?rest_route=%2Fwp%2Fv2%2Fcomments&post=423"}],"version-history":[{"count":3,"href":"https:\/\/www.ssaki.eu\/index.php?rest_route=\/wp\/v2\/pages\/423\/revisions"}],"predecessor-version":[{"id":426,"href":"https:\/\/www.ssaki.eu\/index.php?rest_route=\/wp\/v2\/pages\/423\/revisions\/426"}],"up":[{"embeddable":true,"href":"https:\/\/www.ssaki.eu\/index.php?rest_route=\/wp\/v2\/pages\/19"}],"wp:attachment":[{"href":"https:\/\/www.ssaki.eu\/index.php?rest_route=%2Fwp%2Fv2%2Fmedia&parent=423"}],"curies":[{"name":"wp","href":"https:\/\/api.w.org\/{rel}","templated":true}]}}