{"id":507040,"date":"2015-04-21T22:57:18","date_gmt":"2015-04-21T20:57:18","guid":{"rendered":"http:\/\/www.ssaki.eu\/?page_id=507040"},"modified":"2015-04-23T18:47:42","modified_gmt":"2015-04-23T16:47:42","slug":"zo-zapisnice-z-17-4-2015","status":"publish","type":"page","link":"https:\/\/www.ssaki.eu\/?page_id=507040","title":{"rendered":"Zo z\u00e1pisnice z 17.4.2015"},"content":{"rendered":"<p>Z\u00fa\u010dastnen\u00ed: Pru\u017einec, Vrl\u00edk, Petriskov\u00e1, Koss\u00e1rov\u00e1, \u010cizn\u00e1r, Hrubi\u0161ko, Lap\u0161ansk\u00e1, Hochmuth, Mikler, Kov\u00e1\u010dov\u00e1, Ko\u0161turiak, Dzurillov\u00e1<\/p>\n<p>Ospravedlnen\u00ed: Schvalbov\u00e1, Barlov\u00e1<\/p>\n<p>Program:<\/p>\n<p><b>A. R\u00f4zne:<\/b><\/p>\n<ol>\n<li>Rie\u0161enie neodborn\u00e9ho postupu neurologi\u010dky\u00a0 Dr. \u010eurovskej v\u00a0Ambulancii pre Lymsk\u00fa boreli\u00f3zu, za\u0165a\u017euje sekund\u00e1rne rozpo\u010det, postup non lege artis a\u00a0non EBM. Reakciu zodpovedn\u00fdch in\u0161tit\u00faci\u00ed zverejn\u00edme na webe.<\/li>\n<li>Existuje ponuka \u010dasopisu Alergie pre \u010dlenov SSAKI zdarma, av\u0161ak SLS odmietla\u00a0 uvo\u013eni\u0165 datab\u00e1zu \u010dlenov pre distribu\u010dn\u00fa spolo\u010dnos\u0165. Ko\u0161turiak zabezpe\u010d\u00ed zber kontaktn\u00fdch adries cez web SSAKI, ktor\u00fd bude n\u00e1sledne poskytnut\u00fd vydavate\u013eovi TIGIS.cz.<\/li>\n<li>Doc. \u010cizn\u00e1r navrhuje, vzh\u013eadom k po\u017eiadavk\u00e1m z praxe, tak\u00e9 zmeny v\u00a0\u0161koliacom syst\u00e9me pediatrov- adeptov na atesta\u010dn\u00fa sk\u00fa\u0161ku z\u00a0KIA, aby mohli by\u0165 sk\u00fa\u0161an\u00ed na \u00fazem\u00ed SR. V\u00fdbor zav\u00e4zuje Prof. Pru\u017einca na jednanie s MZSR a s \u010fal\u0161\u00edmi dotknut\u00fdmi in\u0161tit\u00faciami o zabezpe\u010den\u00ed legislat\u00edvnych zmien, ktor\u00fdch cie\u013eom je, aby <span style=\"text-decoration: underline;\">adeptom na atesta\u010dn\u00fa sk\u00fa\u0161ku KIA po pr\u00edslu\u0161nej pr\u00edprave mohol by\u0165 nielen absolvent internistick\u00e9ho kme\u0148a (resp. atest\u00e1cie), ale aj absolvent pediatrick\u00e9ho kme\u0148a (resp. atest\u00e1cie).<\/span><\/li>\n<li>Prof. Pru\u017einec bude informova\u0165 na bud\u00facom zasadnut\u00ed v\u00fdboru o aktu\u00e1lnej situ\u00e1cii v oblasti postgradu\u00e1lneho vzdel\u00e1vania v odbore a aktu\u00e1lnom postaven\u00ed SZ\u00da v syst\u00e9me vzdel\u00e1vania.<\/li>\n<li>\u00a0Krajsk\u00fd odborn\u00edk nie je menovan\u00fd pre Bansk\u00fa Bystricu a\u00a0Trnavu. N\u00e1vrh Dr. Hochmuth pre BB a\u00a0Dr. Bayer pre Trnavu. Zabezpe\u010d\u00ed prof. Pru\u017einec.<\/li>\n<li>\u010casopis KIA: redak\u010dn\u00fa radu bud\u00fa tvori\u0165\u00a0 \u010dlenovia\u00a0 v\u00fdboru. \u010cl\u00e1nky bud\u00fa recenzovan\u00e9. Zv\u00fd\u0161enie kvality a pr\u00edpadne aj impaktn\u00e9ho faktora. Zabezpe\u010di\u0165 nov\u00fdch intern\u00fdch a\u00a0extern\u00fdch recenzentov. Publikova\u0165 na webe SSAKI v pdf.<\/li>\n<li>Rie\u0161i\u0165\u00a0 postupne \u010dinnos\u0165\u00a0 Zdru\u017eenia astmatikov SR \u2013 zainteresova\u0165 pacientov a\u00a0odborn\u00e9 vedenie lek\u00e1rmi\u00a0 v\u00a0jednotliv\u00fdch stredisk\u00e1ch Slovenskej republiky.( Dr. Koss\u00e1rov\u00e1)<\/li>\n<li>V\u00fdkony na liekov\u00fa alergiu ch\u00fdbaj\u00fa a\u00a0je potrebn\u00e9 ich\u00a0 ustanovi\u0165. Priprav\u00ed Dr. Kov\u00e1\u010dov\u00e1\u00a0 spolu s Doc. Hrubi\u0161kom .<\/li>\n<\/ol>\n<p><b>B. MDI XIII.-XIV.\u00a0 ro\u010dn\u00edk <\/b><\/p>\n<ol>\n<li>Zmena priestorov na z\u00e1klade verejn\u00e9ho hlasovania<\/li>\n<li>Term\u00edn MDI\u00a0 na rok 2016 sme prelo\u017eili na \u017eiados\u0165 kolegov z\u00a0\u010cR na\u00a0\u00a0 2.apr\u00edlov\u00fd t\u00fd\u017ede\u0148\u00a0 a\u00a0uskuto\u010dn\u00ed sa\u00a0\u00a0 13.14.15-ho apr\u00edla 2016. V\u00a0\u010dase\u00a0 7.8.9.IV.\u00a0 s\u00fa\u00a0 pl\u00e1novan\u00e9\u00a0 pre \u010cSAKI 25. \u0160umpersk\u00e9 dni imunol\u00f3gie, preto vyjdeme v\u00a0\u00fastrety\u00a0 \u010cSAKI a\u00a0z\u00e1rove\u0148\u00a0 oznamujeme\u00a0 d\u00e1tum <b>5. &#8211; 7. 4. 2017.<\/b><\/li>\n<li>Uhradenie ceny ubytovania pre vyzvan\u00fdch predn\u00e1\u0161ate\u013eov a pren\u00e1jmu priestorov pre rokovanie z in\u00fdch prostriedkov.<\/li>\n<\/ol>\n<p><b>D. pr\u00edprava kongresu SSAKI a \u010cSAKII<\/b><\/p>\n<ol>\n<li>Miestnosti: hlavn\u00e1 a\u00a0mal\u00e1 s\u00e1la s\u00fa po\u010d\u00edtan\u00e9 na 500-600 \u013eud\u00ed. Druh\u00e1 s\u00e1la na poschod\u00ed pre 150. Vystavuj\u00face firmy kontaktuj\u00fa so svojimi po\u017eiadavkami a organiza\u010dn\u00fdmi z\u00e1le\u017eitos\u0165ami prof. Pru\u017einca. Kongresov\u00e9 poplatky id\u00fa na SLS.<\/li>\n<li>Firma Balneoterma sa obr\u00e1tila na n\u00e1s a pon\u00faka kni\u017eku prof. Feren\u010d\u00edka na predaj pre \u00fa\u010dastn\u00edkov kongresu. V\u00fdbor s\u00fahlas\u00ed, aby publik\u00e1cia prof. Feren\u010d\u00edka: Z\u00e1pal-fundament\u00e1lny princ\u00edp vzniku chor\u00f4b, bola distribuovan\u00e1 v\u0161etk\u00fdm \u00fa\u010dastn\u00edkom kongresu SSAKI v\u00a0\u017diline.<\/li>\n<li>V cene kongresov\u00e9ho poplatku je aj kniha prof. Feren\u010d\u00edka: Z\u00e1pal-fundament\u00e1lny princ\u00edp vzniku chor\u00f4b.<\/li>\n<li>Program: 1.ve\u010der\u00a0&#8211; nezverej\u0148ujeme (prekvapenie),\u00a0Piatok kult\u00farny dom : &#8211; nezverej\u0148ujeme (prekvapenie)<\/li>\n<li>0 inform\u00e1cia\u00a0 bola vydan\u00e1 v\u00a0Ostrave<\/li>\n<li>1. inform\u00e1cia\u00a0\u00a0 u\u017e odi\u0161la<\/li>\n<li>Laborat\u00f3rnu\u00a0 sekciu zru\u0161\u00edme a\u00a0pridel\u00edme ku klinick\u00fdm sekci\u00e1m. RNDr. Vlastimila Kr\u00e1la, ktor\u00fd prijal \u00fa\u010das\u0165 v predsedn\u00edctve laborat\u00f3rnej sekcie, oslovi Jela Petriskov\u00e1 s n\u00e1vrhom na \u00fa\u010das\u0165 v predsedn\u00edctve sekcie Autoimunita (v r\u00e1mci ktorej m\u00f4\u017ee by\u0165 zaraden\u00e1 reproduk\u010dn\u00e1 imunol\u00f3gia).<\/li>\n<li>Prihl\u00e1sen\u00e1 predn\u00e1\u0161ka Iva Lochmana o\u00a0serologick\u00fdch met\u00f3dach bude v\u00a0klinickej sekcii<\/li>\n<li>Organiz\u00e1torsk\u00e9 sedenie o\u00a0programe sa uskuto\u010dn\u00ed 19. alebo 26.j\u00fana , a\u00a0posledn\u00e9 pred kongresom \u00a0v\u00a0septembri.<\/li>\n<li>Motto kongresu : Imunol\u00f3gia v\u00a0\u00e9re neobmedzen\u00fdch mo\u017enosti<\/li>\n<li>Plen\u00e1rna predn\u00e1\u0161ka: \u0160ediv\u00e1 : PID, Fuchs: Potravinov\u00e1 alergia, Pru\u017einec:&#8230;. Hrubi\u0161ko:&#8230;..<\/li>\n<li>Vr\u00e1tili sme\u00a0 sekciu reproduk\u010dnej imunol\u00f3gie namiesto laborat\u00f3rnej diagnostiky<\/li>\n<li>N\u00e1vrh\u00a0 zahrani\u010dn\u00fdch re\u010dn\u00edkov do programu : Prof. Ul\u010dov\u00e1- Galov\u00e1 a prof. z\u00a0P\u00e9\u010du ,obe do reprodukt\u00edvnej imunol\u00f3gie<\/li>\n<\/ol>\n<p>Zap\u00edsala Dr. Koss\u00e1rov\u00e1<\/p>\n<p>&nbsp;<\/p>\n<p>&nbsp;<\/p>\n<p>&nbsp;<\/p>\n","protected":false},"excerpt":{"rendered":"<p>Z\u00fa\u010dastnen\u00ed: Pru\u017einec, Vrl\u00edk, Petriskov\u00e1, Koss\u00e1rov\u00e1, \u010cizn\u00e1r, Hrubi\u0161ko, Lap\u0161ansk\u00e1, Hochmuth, Mikler, Kov\u00e1\u010dov\u00e1, Ko\u0161turiak, Dzurillov\u00e1 Ospravedlnen\u00ed: Schvalbov\u00e1, Barlov\u00e1 Program: A. R\u00f4zne: Rie\u0161enie neodborn\u00e9ho postupu neurologi\u010dky\u00a0 Dr. \u010eurovskej v\u00a0Ambulancii pre Lymsk\u00fa boreli\u00f3zu, za\u0165a\u017euje sekund\u00e1rne rozpo\u010det, postup non&#46;&#46;&#46;<\/p>\n","protected":false},"author":1,"featured_media":0,"parent":19,"menu_order":0,"comment_status":"closed","ping_status":"closed","template":"","meta":{"footnotes":""},"class_list":["post-507040","page","type-page","status-publish","hentry"],"yoast_head":"<!-- This site is optimized with the Yoast SEO plugin v27.4 - https:\/\/yoast.com\/product\/yoast-seo-wordpress\/ -->\n<title>Zo z\u00e1pisnice z 17.4.2015 - Slovensk\u00e1 spolo\u010dnos\u0165 alergol\u00f3gie a klinickej imunol\u00f3gie<\/title>\n<meta name=\"description\" content=\"Sme odborn\u00e1 splo\u010dnos\u0165, ktor\u00e1 zdru\u017euje klinick\u00fdch imunol\u00f3gov a alergol\u00f3gov, ako aj in\u00fdch odborn\u00edkov so z\u00e1ujmom o tento odbor. Na\u0161a spolo\u010dnos\u0165 je hlavn\u00fdm organiz\u00e1torom kontunu\u00e1lneho vzdel\u00e1vania v tomto odbore na Slovensku.\" \/>\n<meta name=\"robots\" content=\"index, follow, max-snippet:-1, max-image-preview:large, max-video-preview:-1\" \/>\n<link rel=\"canonical\" href=\"https:\/\/www.ssaki.eu\/?page_id=507040\" \/>\n<meta property=\"og:locale\" content=\"sk_SK\" \/>\n<meta property=\"og:type\" content=\"article\" \/>\n<meta property=\"og:title\" content=\"Zo z\u00e1pisnice z 17.4.2015 - Slovensk\u00e1 spolo\u010dnos\u0165 alergol\u00f3gie a klinickej imunol\u00f3gie\" \/>\n<meta property=\"og:description\" content=\"Sme odborn\u00e1 splo\u010dnos\u0165, ktor\u00e1 zdru\u017euje klinick\u00fdch imunol\u00f3gov a alergol\u00f3gov, ako aj in\u00fdch odborn\u00edkov so z\u00e1ujmom o tento odbor. Na\u0161a spolo\u010dnos\u0165 je hlavn\u00fdm organiz\u00e1torom kontunu\u00e1lneho vzdel\u00e1vania v tomto odbore na Slovensku.\" \/>\n<meta property=\"og:url\" content=\"https:\/\/www.ssaki.eu\/?page_id=507040\" \/>\n<meta property=\"og:site_name\" content=\"Slovensk\u00e1 spolo\u010dnos\u0165 alergol\u00f3gie a klinickej imunol\u00f3gie\" \/>\n<meta property=\"article:publisher\" content=\"https:\/\/www.facebook.com\/alergologoviaimunologoviaSK\" \/>\n<meta property=\"article:modified_time\" content=\"2015-04-23T16:47:42+00:00\" \/>\n<meta property=\"og:image\" content=\"https:\/\/www.ssaki.eu\/wp-content\/uploads\/2021\/01\/STOP_COVID_SSAKI-e1609772027682.png\" \/>\n\t<meta property=\"og:image:width\" content=\"640\" \/>\n\t<meta property=\"og:image:height\" content=\"360\" \/>\n\t<meta property=\"og:image:type\" content=\"image\/png\" \/>\n<meta name=\"twitter:card\" content=\"summary_large_image\" \/>\n<meta name=\"twitter:label1\" content=\"Predpokladan\u00fd \u010das \u010d\u00edtania\" \/>\n\t<meta name=\"twitter:data1\" content=\"4 min\u00faty\" \/>\n<script type=\"application\/ld+json\" class=\"yoast-schema-graph\">{\"@context\":\"https:\\\/\\\/schema.org\",\"@graph\":[{\"@type\":[\"WebPage\",\"MedicalWebPage\"],\"@id\":\"https:\\\/\\\/www.ssaki.eu\\\/?page_id=507040\",\"url\":\"https:\\\/\\\/www.ssaki.eu\\\/?page_id=507040\",\"name\":\"Zo z\u00e1pisnice z 17.4.2015 - Slovensk\u00e1 spolo\u010dnos\u0165 alergol\u00f3gie a klinickej imunol\u00f3gie\",\"isPartOf\":{\"@id\":\"https:\\\/\\\/www.ssaki.eu\\\/#website\"},\"datePublished\":\"2015-04-21T20:57:18+00:00\",\"dateModified\":\"2015-04-23T16:47:42+00:00\",\"description\":\"Sme odborn\u00e1 splo\u010dnos\u0165, ktor\u00e1 zdru\u017euje klinick\u00fdch imunol\u00f3gov a alergol\u00f3gov, ako aj in\u00fdch odborn\u00edkov so z\u00e1ujmom o tento odbor. Na\u0161a spolo\u010dnos\u0165 je hlavn\u00fdm organiz\u00e1torom kontunu\u00e1lneho vzdel\u00e1vania v tomto odbore na Slovensku.\",\"breadcrumb\":{\"@id\":\"https:\\\/\\\/www.ssaki.eu\\\/?page_id=507040#breadcrumb\"},\"inLanguage\":\"sk-SK\",\"potentialAction\":[{\"@type\":\"ReadAction\",\"target\":[\"https:\\\/\\\/www.ssaki.eu\\\/?page_id=507040\"]}]},{\"@type\":\"BreadcrumbList\",\"@id\":\"https:\\\/\\\/www.ssaki.eu\\\/?page_id=507040#breadcrumb\",\"itemListElement\":[{\"@type\":\"ListItem\",\"position\":1,\"name\":\"Domovsk\u00e1 str\u00e1nka\",\"item\":\"https:\\\/\\\/www.ssaki.eu\\\/\"},{\"@type\":\"ListItem\",\"position\":2,\"name\":\"V\u00fdbor spolo\u010dnosti\",\"item\":\"https:\\\/\\\/www.ssaki.eu\\\/?page_id=11\"},{\"@type\":\"ListItem\",\"position\":3,\"name\":\"Zo z\u00e1pisn\u00edc\",\"item\":\"https:\\\/\\\/www.ssaki.eu\\\/?page_id=19\"},{\"@type\":\"ListItem\",\"position\":4,\"name\":\"Zo z\u00e1pisnice z 17.4.2015\"}]},{\"@type\":\"WebSite\",\"@id\":\"https:\\\/\\\/www.ssaki.eu\\\/#website\",\"url\":\"https:\\\/\\\/www.ssaki.eu\\\/\",\"name\":\"Slovensk\u00e1 spolo\u010dnos\u0165 alergol\u00f3gie a klinickej imunol\u00f3gie\",\"description\":\"\",\"publisher\":{\"@id\":\"https:\\\/\\\/www.ssaki.eu\\\/#organization\"},\"potentialAction\":[{\"@type\":\"SearchAction\",\"target\":{\"@type\":\"EntryPoint\",\"urlTemplate\":\"https:\\\/\\\/www.ssaki.eu\\\/?s={search_term_string}\"},\"query-input\":{\"@type\":\"PropertyValueSpecification\",\"valueRequired\":true,\"valueName\":\"search_term_string\"}}],\"inLanguage\":\"sk-SK\"},{\"@type\":\"Organization\",\"@id\":\"https:\\\/\\\/www.ssaki.eu\\\/#organization\",\"name\":\"Slovensk\u00e1 spolo\u010dnos\u0165 alergol\u00f3gie a klinickej imunol\u00f3gie\",\"url\":\"https:\\\/\\\/www.ssaki.eu\\\/\",\"logo\":{\"@type\":\"ImageObject\",\"inLanguage\":\"sk-SK\",\"@id\":\"https:\\\/\\\/www.ssaki.eu\\\/#\\\/schema\\\/logo\\\/image\\\/\",\"url\":\"https:\\\/\\\/www.ssaki.eu\\\/wp-content\\\/uploads\\\/2021\\\/01\\\/LOGO-1.png\",\"contentUrl\":\"https:\\\/\\\/www.ssaki.eu\\\/wp-content\\\/uploads\\\/2021\\\/01\\\/LOGO-1.png\",\"width\":1280,\"height\":720,\"caption\":\"Slovensk\u00e1 spolo\u010dnos\u0165 alergol\u00f3gie a klinickej imunol\u00f3gie\"},\"image\":{\"@id\":\"https:\\\/\\\/www.ssaki.eu\\\/#\\\/schema\\\/logo\\\/image\\\/\"},\"sameAs\":[\"https:\\\/\\\/www.facebook.com\\\/alergologoviaimunologoviaSK\"]}]}<\/script>\n<!-- \/ Yoast SEO plugin. -->","yoast_head_json":{"title":"Zo z\u00e1pisnice z 17.4.2015 - Slovensk\u00e1 spolo\u010dnos\u0165 alergol\u00f3gie a klinickej imunol\u00f3gie","description":"Sme odborn\u00e1 splo\u010dnos\u0165, ktor\u00e1 zdru\u017euje klinick\u00fdch imunol\u00f3gov a alergol\u00f3gov, ako aj in\u00fdch odborn\u00edkov so z\u00e1ujmom o tento odbor. Na\u0161a spolo\u010dnos\u0165 je hlavn\u00fdm organiz\u00e1torom kontunu\u00e1lneho vzdel\u00e1vania v tomto odbore na Slovensku.","robots":{"index":"index","follow":"follow","max-snippet":"max-snippet:-1","max-image-preview":"max-image-preview:large","max-video-preview":"max-video-preview:-1"},"canonical":"https:\/\/www.ssaki.eu\/?page_id=507040","og_locale":"sk_SK","og_type":"article","og_title":"Zo z\u00e1pisnice z 17.4.2015 - Slovensk\u00e1 spolo\u010dnos\u0165 alergol\u00f3gie a klinickej imunol\u00f3gie","og_description":"Sme odborn\u00e1 splo\u010dnos\u0165, ktor\u00e1 zdru\u017euje klinick\u00fdch imunol\u00f3gov a alergol\u00f3gov, ako aj in\u00fdch odborn\u00edkov so z\u00e1ujmom o tento odbor. Na\u0161a spolo\u010dnos\u0165 je hlavn\u00fdm organiz\u00e1torom kontunu\u00e1lneho vzdel\u00e1vania v tomto odbore na Slovensku.","og_url":"https:\/\/www.ssaki.eu\/?page_id=507040","og_site_name":"Slovensk\u00e1 spolo\u010dnos\u0165 alergol\u00f3gie a klinickej imunol\u00f3gie","article_publisher":"https:\/\/www.facebook.com\/alergologoviaimunologoviaSK","article_modified_time":"2015-04-23T16:47:42+00:00","og_image":[{"width":640,"height":360,"url":"https:\/\/www.ssaki.eu\/wp-content\/uploads\/2021\/01\/STOP_COVID_SSAKI-e1609772027682.png","type":"image\/png"}],"twitter_card":"summary_large_image","twitter_misc":{"Predpokladan\u00fd \u010das \u010d\u00edtania":"4 min\u00faty"},"schema":{"@context":"https:\/\/schema.org","@graph":[{"@type":["WebPage","MedicalWebPage"],"@id":"https:\/\/www.ssaki.eu\/?page_id=507040","url":"https:\/\/www.ssaki.eu\/?page_id=507040","name":"Zo z\u00e1pisnice z 17.4.2015 - Slovensk\u00e1 spolo\u010dnos\u0165 alergol\u00f3gie a klinickej imunol\u00f3gie","isPartOf":{"@id":"https:\/\/www.ssaki.eu\/#website"},"datePublished":"2015-04-21T20:57:18+00:00","dateModified":"2015-04-23T16:47:42+00:00","description":"Sme odborn\u00e1 splo\u010dnos\u0165, ktor\u00e1 zdru\u017euje klinick\u00fdch imunol\u00f3gov a alergol\u00f3gov, ako aj in\u00fdch odborn\u00edkov so z\u00e1ujmom o tento odbor. Na\u0161a spolo\u010dnos\u0165 je hlavn\u00fdm organiz\u00e1torom kontunu\u00e1lneho vzdel\u00e1vania v tomto odbore na Slovensku.","breadcrumb":{"@id":"https:\/\/www.ssaki.eu\/?page_id=507040#breadcrumb"},"inLanguage":"sk-SK","potentialAction":[{"@type":"ReadAction","target":["https:\/\/www.ssaki.eu\/?page_id=507040"]}]},{"@type":"BreadcrumbList","@id":"https:\/\/www.ssaki.eu\/?page_id=507040#breadcrumb","itemListElement":[{"@type":"ListItem","position":1,"name":"Domovsk\u00e1 str\u00e1nka","item":"https:\/\/www.ssaki.eu\/"},{"@type":"ListItem","position":2,"name":"V\u00fdbor spolo\u010dnosti","item":"https:\/\/www.ssaki.eu\/?page_id=11"},{"@type":"ListItem","position":3,"name":"Zo z\u00e1pisn\u00edc","item":"https:\/\/www.ssaki.eu\/?page_id=19"},{"@type":"ListItem","position":4,"name":"Zo z\u00e1pisnice z 17.4.2015"}]},{"@type":"WebSite","@id":"https:\/\/www.ssaki.eu\/#website","url":"https:\/\/www.ssaki.eu\/","name":"Slovensk\u00e1 spolo\u010dnos\u0165 alergol\u00f3gie a klinickej imunol\u00f3gie","description":"","publisher":{"@id":"https:\/\/www.ssaki.eu\/#organization"},"potentialAction":[{"@type":"SearchAction","target":{"@type":"EntryPoint","urlTemplate":"https:\/\/www.ssaki.eu\/?s={search_term_string}"},"query-input":{"@type":"PropertyValueSpecification","valueRequired":true,"valueName":"search_term_string"}}],"inLanguage":"sk-SK"},{"@type":"Organization","@id":"https:\/\/www.ssaki.eu\/#organization","name":"Slovensk\u00e1 spolo\u010dnos\u0165 alergol\u00f3gie a klinickej imunol\u00f3gie","url":"https:\/\/www.ssaki.eu\/","logo":{"@type":"ImageObject","inLanguage":"sk-SK","@id":"https:\/\/www.ssaki.eu\/#\/schema\/logo\/image\/","url":"https:\/\/www.ssaki.eu\/wp-content\/uploads\/2021\/01\/LOGO-1.png","contentUrl":"https:\/\/www.ssaki.eu\/wp-content\/uploads\/2021\/01\/LOGO-1.png","width":1280,"height":720,"caption":"Slovensk\u00e1 spolo\u010dnos\u0165 alergol\u00f3gie a klinickej imunol\u00f3gie"},"image":{"@id":"https:\/\/www.ssaki.eu\/#\/schema\/logo\/image\/"},"sameAs":["https:\/\/www.facebook.com\/alergologoviaimunologoviaSK"]}]}},"_links":{"self":[{"href":"https:\/\/www.ssaki.eu\/index.php?rest_route=\/wp\/v2\/pages\/507040","targetHints":{"allow":["GET"]}}],"collection":[{"href":"https:\/\/www.ssaki.eu\/index.php?rest_route=\/wp\/v2\/pages"}],"about":[{"href":"https:\/\/www.ssaki.eu\/index.php?rest_route=\/wp\/v2\/types\/page"}],"author":[{"embeddable":true,"href":"https:\/\/www.ssaki.eu\/index.php?rest_route=\/wp\/v2\/users\/1"}],"replies":[{"embeddable":true,"href":"https:\/\/www.ssaki.eu\/index.php?rest_route=%2Fwp%2Fv2%2Fcomments&post=507040"}],"version-history":[{"count":5,"href":"https:\/\/www.ssaki.eu\/index.php?rest_route=\/wp\/v2\/pages\/507040\/revisions"}],"predecessor-version":[{"id":507141,"href":"https:\/\/www.ssaki.eu\/index.php?rest_route=\/wp\/v2\/pages\/507040\/revisions\/507141"}],"up":[{"embeddable":true,"href":"https:\/\/www.ssaki.eu\/index.php?rest_route=\/wp\/v2\/pages\/19"}],"wp:attachment":[{"href":"https:\/\/www.ssaki.eu\/index.php?rest_route=%2Fwp%2Fv2%2Fmedia&parent=507040"}],"curies":[{"name":"wp","href":"https:\/\/api.w.org\/{rel}","templated":true}]}}